{"id":68931,"date":"2025-11-22T23:56:55","date_gmt":"2025-11-22T21:56:55","guid":{"rendered":"https:\/\/tilk.bio\/?post_type=product&#038;p=68931"},"modified":"2026-04-02T14:30:04","modified_gmt":"2026-04-02T11:30:04","slug":"kingiidee-merry-me-niisutav-kehakreem-koigile-nahatuupidele-reisitoode","status":"publish","type":"product","link":"https:\/\/tilk.bio\/et\/pood\/kingiidee-merry-me-niisutav-kehakreem-koigile-nahatuupidele-reisitoode\/","title":{"rendered":"KINGIIDEE: Merry Me niisutav kehakreem k\u00f5igile nahat\u00fc\u00fcpidele reisitoode"},"content":{"rendered":"<p><span style=\"font-weight: 400;\">Siidine ja m\u00f5nusa aroomiga <a href=\"https:\/\/tilk.bio\/et\/tootekategooria\/kehale\/kehakreemid-ja-voided\/\">niisutav kehakreem<\/a> hellitab kuiva nahka ja sobib kasutamiseks k\u00f5igile nahat\u00fc\u00fcpidele. Kreemi koostises on nahka toitvad ja pehmendavad koostisosad, see muudab naha pehmeks ja imendub kergesti naha s\u00fcgavatesse kihtidesse, j\u00e4ttes selle elastseks ja kauniks.<\/span><\/p>\n<p><span style=\"font-weight: 400;\">Kerge koostisega mandli\u00f5li v\u00e4hendab naha\u00e4rritusi ning rikkalik nisuidu\u00f5li pidurdab naha vananemisprotsessi. Nisuidu\u00f5li aitab t\u00e4nu heale imendumisele leevendada ka kuiva naha s\u00fcgelust. Vedelaks kullaks nimetatud looduslikus vahas ehk jojoba \u00f5lis sisalduv E-vitamiin m\u00f5jub noorendavalt, siludes, taastades ja pinguldades nahka. Kreemil on soojendav v\u00fcrtside l\u00f5hn, mis aitab ka m\u00f5nusat meeleolu luua.\u00a0<\/span><\/p>\n<p><b>Kasutamine: <\/b><span style=\"font-weight: 400;\">Kehakreem sobib igap\u00e4evaseks naha hoolitsuseks ja niisutamiseks.<\/span><\/p>\n<p><span style=\"font-weight: 400;\">K\u00f5ik kreemi koostisosad on looduslikku p\u00e4ritolu ning vegan.<\/span><\/p>\n<p><span style=\"font-weight: 400;\">Hoiustamine: Hoiusta kreemi toatemperatuuril.<\/span><\/p>\n<p><span style=\"font-weight: 400;\">Kogus: 30 ml\u00a0<\/span><\/p>\n","protected":false},"excerpt":{"rendered":"<p>Siidine ja m\u00f5nusa aroomiga niisutav kehakreem hellitab kuiva nahka ja sobib kasutamiseks k\u00f5igile nahat\u00fc\u00fcpidele. Kreemi koostises on nahka toitvad ja pehmendavad koostisosad, see muudab naha pehmeks ja imendub kergesti naha s\u00fcgavatesse kihtidesse, j\u00e4ttes selle elastseks ja kauniks. Kerge koostisega mandli\u00f5li v\u00e4hendab naha\u00e4rritusi ning rikkalik nisuidu\u00f5li pidurdab naha vananemisprotsessi. Nisuidu\u00f5li aitab t\u00e4nu heale imendumisele leevendada ka&#8230;<\/p>\n","protected":false},"featured_media":68895,"comment_status":"open","ping_status":"closed","template":"","meta":{"_acf_changed":false},"product_brand":[],"product_cat":[495,605,389,689,926,692,713],"product_tag":[],"class_list":{"0":"post-68931","1":"product","2":"type-product","3":"status-publish","4":"has-post-thumbnail","6":"product_cat-kehale","7":"product_cat-kehakreemid-ja-voided","8":"product_cat-koik-tooted","9":"product_cat-kuiv-nahk","10":"product_cat-lopumuuk","11":"product_cat-normaalne-ja-kombineeritud-nahk","12":"product_cat-tilk-herbal-et","14":"first","15":"instock","16":"sale","17":"taxable","18":"shipping-taxable","19":"purchasable","20":"product-type-simple"},"acf":[],"yoast_head":"<!-- This site is optimized with the Yoast SEO plugin v27.4 - https:\/\/yoast.com\/product\/yoast-seo-wordpress\/ -->\n<title>KINGIIDEE: Merry Me niisutav kehakreem k\u00f5igile nahat\u00fc\u00fcpidele reisitoode - Tilk!<\/title>\n<meta name=\"robots\" content=\"index, follow, max-snippet:-1, max-image-preview:large, max-video-preview:-1\" \/>\n<link rel=\"canonical\" href=\"https:\/\/tilk.bio\/et\/pood\/kingiidee-merry-me-niisutav-kehakreem-koigile-nahatuupidele-reisitoode\/\" \/>\n<meta property=\"og:locale\" content=\"et_EE\" \/>\n<meta property=\"og:type\" content=\"article\" \/>\n<meta property=\"og:title\" content=\"KINGIIDEE: Merry Me niisutav kehakreem k\u00f5igile nahat\u00fc\u00fcpidele reisitoode - Tilk!\" \/>\n<meta property=\"og:description\" content=\"Siidine ja m\u00f5nusa aroomiga niisutav kehakreem hellitab kuiva nahka ja sobib kasutamiseks k\u00f5igile nahat\u00fc\u00fcpidele. Kreemi koostises on nahka toitvad ja pehmendavad koostisosad, see muudab naha pehmeks ja imendub kergesti naha s\u00fcgavatesse kihtidesse, j\u00e4ttes selle elastseks ja kauniks. Kerge koostisega mandli\u00f5li v\u00e4hendab naha\u00e4rritusi ning rikkalik nisuidu\u00f5li pidurdab naha vananemisprotsessi. Nisuidu\u00f5li aitab t\u00e4nu heale imendumisele leevendada ka...\" \/>\n<meta property=\"og:url\" content=\"https:\/\/tilk.bio\/et\/pood\/kingiidee-merry-me-niisutav-kehakreem-koigile-nahatuupidele-reisitoode\/\" \/>\n<meta property=\"og:site_name\" content=\"Tilk!\" \/>\n<meta property=\"article:publisher\" content=\"https:\/\/www.facebook.com\/tilk.bio\/\" \/>\n<meta property=\"article:modified_time\" content=\"2026-04-02T11:30:04+00:00\" \/>\n<meta property=\"og:image\" content=\"https:\/\/tilk.bio\/wp-content\/uploads\/2023\/12\/2.jpg\" \/>\n\t<meta property=\"og:image:width\" content=\"1200\" \/>\n\t<meta property=\"og:image:height\" content=\"1200\" \/>\n\t<meta property=\"og:image:type\" content=\"image\/jpeg\" \/>\n<meta name=\"twitter:card\" content=\"summary_large_image\" \/>\n<meta name=\"twitter:label1\" content=\"Est. reading time\" \/>\n\t<meta name=\"twitter:data1\" content=\"1 minut\" \/>\n<script type=\"application\/ld+json\" class=\"yoast-schema-graph\">{\"@context\":\"https:\\\/\\\/schema.org\",\"@graph\":[{\"@type\":\"WebPage\",\"@id\":\"https:\\\/\\\/tilk.bio\\\/et\\\/pood\\\/kingiidee-merry-me-niisutav-kehakreem-koigile-nahatuupidele-reisitoode\\\/\",\"url\":\"https:\\\/\\\/tilk.bio\\\/et\\\/pood\\\/kingiidee-merry-me-niisutav-kehakreem-koigile-nahatuupidele-reisitoode\\\/\",\"name\":\"KINGIIDEE: Merry Me niisutav kehakreem k\u00f5igile nahat\u00fc\u00fcpidele reisitoode - Tilk!\",\"isPartOf\":{\"@id\":\"https:\\\/\\\/tilk.bio\\\/et\\\/#website\"},\"primaryImageOfPage\":{\"@id\":\"https:\\\/\\\/tilk.bio\\\/et\\\/pood\\\/kingiidee-merry-me-niisutav-kehakreem-koigile-nahatuupidele-reisitoode\\\/#primaryimage\"},\"image\":{\"@id\":\"https:\\\/\\\/tilk.bio\\\/et\\\/pood\\\/kingiidee-merry-me-niisutav-kehakreem-koigile-nahatuupidele-reisitoode\\\/#primaryimage\"},\"thumbnailUrl\":\"https:\\\/\\\/tilk.bio\\\/wp-content\\\/uploads\\\/2023\\\/12\\\/2.jpg\",\"datePublished\":\"2025-11-22T21:56:55+00:00\",\"dateModified\":\"2026-04-02T11:30:04+00:00\",\"breadcrumb\":{\"@id\":\"https:\\\/\\\/tilk.bio\\\/et\\\/pood\\\/kingiidee-merry-me-niisutav-kehakreem-koigile-nahatuupidele-reisitoode\\\/#breadcrumb\"},\"inLanguage\":\"et\",\"potentialAction\":[{\"@type\":\"ReadAction\",\"target\":[\"https:\\\/\\\/tilk.bio\\\/et\\\/pood\\\/kingiidee-merry-me-niisutav-kehakreem-koigile-nahatuupidele-reisitoode\\\/\"]}]},{\"@type\":\"ImageObject\",\"inLanguage\":\"et\",\"@id\":\"https:\\\/\\\/tilk.bio\\\/et\\\/pood\\\/kingiidee-merry-me-niisutav-kehakreem-koigile-nahatuupidele-reisitoode\\\/#primaryimage\",\"url\":\"https:\\\/\\\/tilk.bio\\\/wp-content\\\/uploads\\\/2023\\\/12\\\/2.jpg\",\"contentUrl\":\"https:\\\/\\\/tilk.bio\\\/wp-content\\\/uploads\\\/2023\\\/12\\\/2.jpg\",\"width\":1200,\"height\":1200},{\"@type\":\"BreadcrumbList\",\"@id\":\"https:\\\/\\\/tilk.bio\\\/et\\\/pood\\\/kingiidee-merry-me-niisutav-kehakreem-koigile-nahatuupidele-reisitoode\\\/#breadcrumb\",\"itemListElement\":[{\"@type\":\"ListItem\",\"position\":1,\"name\":\"Home\",\"item\":\"https:\\\/\\\/tilk.bio\\\/et\\\/\"},{\"@type\":\"ListItem\",\"position\":2,\"name\":\"Pood\",\"item\":\"https:\\\/\\\/tilk.bio\\\/et\\\/pood\\\/\"},{\"@type\":\"ListItem\",\"position\":3,\"name\":\"KINGIIDEE: Merry Me niisutav kehakreem k\u00f5igile nahat\u00fc\u00fcpidele reisitoode\"}]},{\"@type\":\"WebSite\",\"@id\":\"https:\\\/\\\/tilk.bio\\\/et\\\/#website\",\"url\":\"https:\\\/\\\/tilk.bio\\\/et\\\/\",\"name\":\"Tilk!\",\"description\":\"Keskkonnas\u00f5bralik ja j\u00e4tkusuutlik looduskosmeetika Saaremaalt.\",\"potentialAction\":[{\"@type\":\"SearchAction\",\"target\":{\"@type\":\"EntryPoint\",\"urlTemplate\":\"https:\\\/\\\/tilk.bio\\\/et\\\/?s={search_term_string}\"},\"query-input\":{\"@type\":\"PropertyValueSpecification\",\"valueRequired\":true,\"valueName\":\"search_term_string\"}}],\"inLanguage\":\"et\"}]}<\/script>\n<!-- \/ Yoast SEO plugin. -->","yoast_head_json":{"title":"KINGIIDEE: Merry Me niisutav kehakreem k\u00f5igile nahat\u00fc\u00fcpidele reisitoode - Tilk!","robots":{"index":"index","follow":"follow","max-snippet":"max-snippet:-1","max-image-preview":"max-image-preview:large","max-video-preview":"max-video-preview:-1"},"canonical":"https:\/\/tilk.bio\/et\/pood\/kingiidee-merry-me-niisutav-kehakreem-koigile-nahatuupidele-reisitoode\/","og_locale":"et_EE","og_type":"article","og_title":"KINGIIDEE: Merry Me niisutav kehakreem k\u00f5igile nahat\u00fc\u00fcpidele reisitoode - Tilk!","og_description":"Siidine ja m\u00f5nusa aroomiga niisutav kehakreem hellitab kuiva nahka ja sobib kasutamiseks k\u00f5igile nahat\u00fc\u00fcpidele. Kreemi koostises on nahka toitvad ja pehmendavad koostisosad, see muudab naha pehmeks ja imendub kergesti naha s\u00fcgavatesse kihtidesse, j\u00e4ttes selle elastseks ja kauniks. Kerge koostisega mandli\u00f5li v\u00e4hendab naha\u00e4rritusi ning rikkalik nisuidu\u00f5li pidurdab naha vananemisprotsessi. Nisuidu\u00f5li aitab t\u00e4nu heale imendumisele leevendada ka...","og_url":"https:\/\/tilk.bio\/et\/pood\/kingiidee-merry-me-niisutav-kehakreem-koigile-nahatuupidele-reisitoode\/","og_site_name":"Tilk!","article_publisher":"https:\/\/www.facebook.com\/tilk.bio\/","article_modified_time":"2026-04-02T11:30:04+00:00","og_image":[{"width":1200,"height":1200,"url":"https:\/\/tilk.bio\/wp-content\/uploads\/2023\/12\/2.jpg","type":"image\/jpeg"}],"twitter_card":"summary_large_image","twitter_misc":{"Est. reading time":"1 minut"},"schema":{"@context":"https:\/\/schema.org","@graph":[{"@type":"WebPage","@id":"https:\/\/tilk.bio\/et\/pood\/kingiidee-merry-me-niisutav-kehakreem-koigile-nahatuupidele-reisitoode\/","url":"https:\/\/tilk.bio\/et\/pood\/kingiidee-merry-me-niisutav-kehakreem-koigile-nahatuupidele-reisitoode\/","name":"KINGIIDEE: Merry Me niisutav kehakreem k\u00f5igile nahat\u00fc\u00fcpidele reisitoode - Tilk!","isPartOf":{"@id":"https:\/\/tilk.bio\/et\/#website"},"primaryImageOfPage":{"@id":"https:\/\/tilk.bio\/et\/pood\/kingiidee-merry-me-niisutav-kehakreem-koigile-nahatuupidele-reisitoode\/#primaryimage"},"image":{"@id":"https:\/\/tilk.bio\/et\/pood\/kingiidee-merry-me-niisutav-kehakreem-koigile-nahatuupidele-reisitoode\/#primaryimage"},"thumbnailUrl":"https:\/\/tilk.bio\/wp-content\/uploads\/2023\/12\/2.jpg","datePublished":"2025-11-22T21:56:55+00:00","dateModified":"2026-04-02T11:30:04+00:00","breadcrumb":{"@id":"https:\/\/tilk.bio\/et\/pood\/kingiidee-merry-me-niisutav-kehakreem-koigile-nahatuupidele-reisitoode\/#breadcrumb"},"inLanguage":"et","potentialAction":[{"@type":"ReadAction","target":["https:\/\/tilk.bio\/et\/pood\/kingiidee-merry-me-niisutav-kehakreem-koigile-nahatuupidele-reisitoode\/"]}]},{"@type":"ImageObject","inLanguage":"et","@id":"https:\/\/tilk.bio\/et\/pood\/kingiidee-merry-me-niisutav-kehakreem-koigile-nahatuupidele-reisitoode\/#primaryimage","url":"https:\/\/tilk.bio\/wp-content\/uploads\/2023\/12\/2.jpg","contentUrl":"https:\/\/tilk.bio\/wp-content\/uploads\/2023\/12\/2.jpg","width":1200,"height":1200},{"@type":"BreadcrumbList","@id":"https:\/\/tilk.bio\/et\/pood\/kingiidee-merry-me-niisutav-kehakreem-koigile-nahatuupidele-reisitoode\/#breadcrumb","itemListElement":[{"@type":"ListItem","position":1,"name":"Home","item":"https:\/\/tilk.bio\/et\/"},{"@type":"ListItem","position":2,"name":"Pood","item":"https:\/\/tilk.bio\/et\/pood\/"},{"@type":"ListItem","position":3,"name":"KINGIIDEE: Merry Me niisutav kehakreem k\u00f5igile nahat\u00fc\u00fcpidele reisitoode"}]},{"@type":"WebSite","@id":"https:\/\/tilk.bio\/et\/#website","url":"https:\/\/tilk.bio\/et\/","name":"Tilk!","description":"Keskkonnas\u00f5bralik ja j\u00e4tkusuutlik looduskosmeetika Saaremaalt.","potentialAction":[{"@type":"SearchAction","target":{"@type":"EntryPoint","urlTemplate":"https:\/\/tilk.bio\/et\/?s={search_term_string}"},"query-input":{"@type":"PropertyValueSpecification","valueRequired":true,"valueName":"search_term_string"}}],"inLanguage":"et"}]}},"_links":{"self":[{"href":"https:\/\/tilk.bio\/et\/wp-json\/wp\/v2\/product\/68931","targetHints":{"allow":["GET"]}}],"collection":[{"href":"https:\/\/tilk.bio\/et\/wp-json\/wp\/v2\/product"}],"about":[{"href":"https:\/\/tilk.bio\/et\/wp-json\/wp\/v2\/types\/product"}],"replies":[{"embeddable":true,"href":"https:\/\/tilk.bio\/et\/wp-json\/wp\/v2\/comments?post=68931"}],"wp:featuredmedia":[{"embeddable":true,"href":"https:\/\/tilk.bio\/et\/wp-json\/wp\/v2\/media\/68895"}],"wp:attachment":[{"href":"https:\/\/tilk.bio\/et\/wp-json\/wp\/v2\/media?parent=68931"}],"wp:term":[{"taxonomy":"product_brand","embeddable":true,"href":"https:\/\/tilk.bio\/et\/wp-json\/wp\/v2\/product_brand?post=68931"},{"taxonomy":"product_cat","embeddable":true,"href":"https:\/\/tilk.bio\/et\/wp-json\/wp\/v2\/product_cat?post=68931"},{"taxonomy":"product_tag","embeddable":true,"href":"https:\/\/tilk.bio\/et\/wp-json\/wp\/v2\/product_tag?post=68931"}],"curies":[{"name":"wp","href":"https:\/\/api.w.org\/{rel}","templated":true}]}}