{"id":69188,"date":"2022-12-19T18:21:49","date_gmt":"2022-12-19T16:21:49","guid":{"rendered":"https:\/\/tilk.bio\/shop\/pink-me-up-kinkekomplekt\/"},"modified":"2026-03-06T13:17:37","modified_gmt":"2026-03-06T11:17:37","slug":"pink-me-up-kinkekomplekt","status":"publish","type":"product","link":"https:\/\/tilk.bio\/et\/pood\/pink-me-up-kinkekomplekt\/","title":{"rendered":"Pink Me Up Kinkekomplekt"},"content":{"rendered":"<p>Roosas s\u00e4delevates p\u00fchadepakendis kinkekomplekt toob r\u00f5\u00f5mu igas vanuses naisele, see on suurep\u00e4rane kingitus s\u00fcnnip\u00e4evaks, aastavahetuseks v\u00f5i muuks t\u00e4htsaks p\u00e4evaks!<\/p>\n<p>Luksuslikku karpi on pakendatud hoolikalt valitud tooted.<\/p>\n<p>Vali kahe karbi vahel.<\/p>\n<p>Esimesest karbist leiad:<\/p>\n<ul>\n<li><a href=\"https:\/\/tilk.bio\/shop\/blush-me-moisturising-and-toning-lip-balm-and-blush\/\">Blush Me p\u00f5sepuna-huulepalsam<\/a>\u00a0 &#8211; anna oma p\u00f5skedele loomulik puna v\u00f5i huultele kerge roosakas l\u00e4ige. Pehme tekstuur ja \u00f5rn roosa toon muudavad selle sobivaks iga nahatooniga kasutajale.<\/li>\n<li><a href=\"https:\/\/tilk.bio\/shop\/love-me-hand-cream\/\">Love Me k\u00e4tekreem<\/a>&#8211; meie enimm\u00fc\u00fcdud k\u00e4tekreem niisutab ja j\u00e4tab naha siidiselt pehmeks.<\/li>\n<li><a href=\"https:\/\/tilk.bio\/shop\/anti-stress-cream-with-ladys-mantle-hyaluronic-acid\/\">Blossom Me n\u00e4okreem<\/a>&#8211; see kerge tekstuuriga, aga v\u00e4ga niisutav kreem j\u00e4tab naha s\u00e4ravaks, pehmeks ja nooruslikuks.<\/li>\n<li><a href=\"https:\/\/tilk.bio\/shop\/fragrance-roller-watermelon-bliss\/\">Watermelon Bliss l\u00f5hnarullik-<\/a> m\u00f5nusalt kerge ja looduslik l\u00f5hn, mis annab edasi arbuusi v\u00e4rskust ning kerget magusust. See rullik on suurep\u00e4raseks valikuks neile, kes otsivad elujaatavat ja \u00fcdini r\u00f5\u00f5msat l\u00f5hna.<\/li>\n<\/ul>\n<p>Teisest karbist leiad:<\/p>\n<ul>\n<li><a href=\"https:\/\/tilk.bio\/shop\/plump-me-moisturising-face-serum-with-hyaluronic-acid-and-red-algae\/\">Plump Me n\u00e4oseerum<\/a>&#8211; kerge koostisega niisutav h\u00fcaluroonhappe seerum, mis sisaldab lisaks ka probiootilisi koostisosi ja punavetikat.<\/li>\n<li><a href=\"https:\/\/tilk.bio\/shop\/bloom-me-moisturising-probiotic-rose-eye-serum-with-hyaluronic-acid-and-provitamin-b5\/\">Bloom Me silmaseerum-<\/a> kerge ja geelja koostisega silmaseerum niisutab ja toniseerib \u00f5rna silma\u00fcmbrusnahka.<\/li>\n<li><a href=\"https:\/\/tilk.bio\/shop\/moisturizing-and-nourishing-day-cream-nourish-me-with-hyaluronic-acid\/\">Nourish Me n\u00e4okreem<\/a>&#8211; rikkaliku koostisega niisutav ja toitev p\u00e4evakreem, milles sisalduv h\u00fcaluroonhape seob niiskust, toetab hapniku ja toitainete transporti naharakkudesse ning aitab siluda kortsukesi.<\/li>\n<li><a href=\"https:\/\/tilk.bio\/shop\/love-me-hand-cream\/\">Love Me k\u00e4tekreem<\/a>&#8211; meie enimm\u00fc\u00fcdud k\u00e4tekreem niisutab ja j\u00e4tab naha siidiselt pehmeks.<\/li>\n<\/ul>\n","protected":false},"excerpt":{"rendered":"<p>Roosas s\u00e4delevates p\u00fchadepakendis kinkekomplekt toob r\u00f5\u00f5mu igas vanuses naisele, see on suurep\u00e4rane kingitus s\u00fcnnip\u00e4evaks, aastavahetuseks v\u00f5i muuks t\u00e4htsaks p\u00e4evaks! Luksuslikku karpi on pakendatud hoolikalt valitud tooted. Vali kahe karbi vahel. Esimesest karbist leiad: Blush Me p\u00f5sepuna-huulepalsam\u00a0 &#8211; anna oma p\u00f5skedele loomulik puna v\u00f5i huultele kerge roosakas l\u00e4ige. Pehme tekstuur ja \u00f5rn roosa toon muudavad selle&#8230;<\/p>\n","protected":false},"featured_media":69181,"comment_status":"open","ping_status":"closed","template":"","meta":{"_acf_changed":false},"product_brand":[],"product_cat":[389,499],"product_tag":[],"class_list":{"0":"post-69188","1":"product","2":"type-product","3":"status-publish","4":"has-post-thumbnail","6":"product_cat-koik-tooted","7":"product_cat-komplektid","9":"first","10":"instock","11":"taxable","12":"shipping-taxable","13":"purchasable","14":"product-type-variable"},"acf":[],"yoast_head":"<!-- This site is optimized with the Yoast SEO plugin v27.4 - https:\/\/yoast.com\/product\/yoast-seo-wordpress\/ -->\n<title>Pink Me Up Kinkekomplekt - Tilk!<\/title>\n<meta name=\"robots\" content=\"index, follow, max-snippet:-1, max-image-preview:large, max-video-preview:-1\" \/>\n<link rel=\"canonical\" href=\"https:\/\/tilk.bio\/pood\/pink-me-up-gift-set\/\" \/>\n<meta property=\"og:locale\" content=\"et_EE\" \/>\n<meta property=\"og:type\" content=\"article\" \/>\n<meta property=\"og:title\" content=\"Pink Me Up Kinkekomplekt - Tilk!\" \/>\n<meta property=\"og:description\" content=\"Roosas s\u00e4delevates p\u00fchadepakendis kinkekomplekt toob r\u00f5\u00f5mu igas vanuses naisele, see on suurep\u00e4rane kingitus s\u00fcnnip\u00e4evaks, aastavahetuseks v\u00f5i muuks t\u00e4htsaks p\u00e4evaks! Luksuslikku karpi on pakendatud hoolikalt valitud tooted. Vali kahe karbi vahel. Esimesest karbist leiad: Blush Me p\u00f5sepuna-huulepalsam\u00a0 &#8211; anna oma p\u00f5skedele loomulik puna v\u00f5i huultele kerge roosakas l\u00e4ige. Pehme tekstuur ja \u00f5rn roosa toon muudavad selle...\" \/>\n<meta property=\"og:url\" content=\"https:\/\/tilk.bio\/pood\/pink-me-up-gift-set\/\" \/>\n<meta property=\"og:site_name\" content=\"Tilk!\" \/>\n<meta property=\"article:publisher\" content=\"https:\/\/www.facebook.com\/tilk.bio\/\" \/>\n<meta property=\"article:modified_time\" content=\"2026-03-06T11:17:37+00:00\" \/>\n<meta property=\"og:image\" content=\"https:\/\/tilk.bio\/wp-content\/uploads\/2023\/12\/3-2.jpg\" \/>\n\t<meta property=\"og:image:width\" content=\"1200\" \/>\n\t<meta property=\"og:image:height\" content=\"1200\" \/>\n\t<meta property=\"og:image:type\" content=\"image\/jpeg\" \/>\n<meta name=\"twitter:card\" content=\"summary_large_image\" \/>\n<meta name=\"twitter:label1\" content=\"Est. reading time\" \/>\n\t<meta name=\"twitter:data1\" content=\"2 minutit\" \/>\n<script type=\"application\/ld+json\" class=\"yoast-schema-graph\">{\"@context\":\"https:\\\/\\\/schema.org\",\"@graph\":[{\"@type\":\"WebPage\",\"@id\":\"https:\\\/\\\/tilk.bio\\\/pood\\\/pink-me-up-gift-set\\\/\",\"url\":\"https:\\\/\\\/tilk.bio\\\/pood\\\/pink-me-up-gift-set\\\/\",\"name\":\"Pink Me Up Kinkekomplekt - Tilk!\",\"isPartOf\":{\"@id\":\"https:\\\/\\\/tilk.bio\\\/et\\\/#website\"},\"primaryImageOfPage\":{\"@id\":\"https:\\\/\\\/tilk.bio\\\/pood\\\/pink-me-up-gift-set\\\/#primaryimage\"},\"image\":{\"@id\":\"https:\\\/\\\/tilk.bio\\\/pood\\\/pink-me-up-gift-set\\\/#primaryimage\"},\"thumbnailUrl\":\"https:\\\/\\\/tilk.bio\\\/wp-content\\\/uploads\\\/2023\\\/12\\\/3-2.jpg\",\"datePublished\":\"2022-12-19T16:21:49+00:00\",\"dateModified\":\"2026-03-06T11:17:37+00:00\",\"breadcrumb\":{\"@id\":\"https:\\\/\\\/tilk.bio\\\/pood\\\/pink-me-up-gift-set\\\/#breadcrumb\"},\"inLanguage\":\"et\",\"potentialAction\":[{\"@type\":\"ReadAction\",\"target\":[\"https:\\\/\\\/tilk.bio\\\/pood\\\/pink-me-up-gift-set\\\/\"]}]},{\"@type\":\"ImageObject\",\"inLanguage\":\"et\",\"@id\":\"https:\\\/\\\/tilk.bio\\\/pood\\\/pink-me-up-gift-set\\\/#primaryimage\",\"url\":\"https:\\\/\\\/tilk.bio\\\/wp-content\\\/uploads\\\/2023\\\/12\\\/3-2.jpg\",\"contentUrl\":\"https:\\\/\\\/tilk.bio\\\/wp-content\\\/uploads\\\/2023\\\/12\\\/3-2.jpg\",\"width\":1200,\"height\":1200},{\"@type\":\"BreadcrumbList\",\"@id\":\"https:\\\/\\\/tilk.bio\\\/pood\\\/pink-me-up-gift-set\\\/#breadcrumb\",\"itemListElement\":[{\"@type\":\"ListItem\",\"position\":1,\"name\":\"Home\",\"item\":\"https:\\\/\\\/tilk.bio\\\/et\\\/\"},{\"@type\":\"ListItem\",\"position\":2,\"name\":\"Pood\",\"item\":\"https:\\\/\\\/tilk.bio\\\/et\\\/pood\\\/\"},{\"@type\":\"ListItem\",\"position\":3,\"name\":\"Pink Me Up Kinkekomplekt\"}]},{\"@type\":\"WebSite\",\"@id\":\"https:\\\/\\\/tilk.bio\\\/et\\\/#website\",\"url\":\"https:\\\/\\\/tilk.bio\\\/et\\\/\",\"name\":\"Tilk!\",\"description\":\"Keskkonnas\u00f5bralik ja j\u00e4tkusuutlik looduskosmeetika Saaremaalt.\",\"potentialAction\":[{\"@type\":\"SearchAction\",\"target\":{\"@type\":\"EntryPoint\",\"urlTemplate\":\"https:\\\/\\\/tilk.bio\\\/et\\\/?s={search_term_string}\"},\"query-input\":{\"@type\":\"PropertyValueSpecification\",\"valueRequired\":true,\"valueName\":\"search_term_string\"}}],\"inLanguage\":\"et\"}]}<\/script>\n<!-- \/ Yoast SEO plugin. -->","yoast_head_json":{"title":"Pink Me Up Kinkekomplekt - Tilk!","robots":{"index":"index","follow":"follow","max-snippet":"max-snippet:-1","max-image-preview":"max-image-preview:large","max-video-preview":"max-video-preview:-1"},"canonical":"https:\/\/tilk.bio\/pood\/pink-me-up-gift-set\/","og_locale":"et_EE","og_type":"article","og_title":"Pink Me Up Kinkekomplekt - Tilk!","og_description":"Roosas s\u00e4delevates p\u00fchadepakendis kinkekomplekt toob r\u00f5\u00f5mu igas vanuses naisele, see on suurep\u00e4rane kingitus s\u00fcnnip\u00e4evaks, aastavahetuseks v\u00f5i muuks t\u00e4htsaks p\u00e4evaks! Luksuslikku karpi on pakendatud hoolikalt valitud tooted. Vali kahe karbi vahel. Esimesest karbist leiad: Blush Me p\u00f5sepuna-huulepalsam\u00a0 &#8211; anna oma p\u00f5skedele loomulik puna v\u00f5i huultele kerge roosakas l\u00e4ige. Pehme tekstuur ja \u00f5rn roosa toon muudavad selle...","og_url":"https:\/\/tilk.bio\/pood\/pink-me-up-gift-set\/","og_site_name":"Tilk!","article_publisher":"https:\/\/www.facebook.com\/tilk.bio\/","article_modified_time":"2026-03-06T11:17:37+00:00","og_image":[{"width":1200,"height":1200,"url":"https:\/\/tilk.bio\/wp-content\/uploads\/2023\/12\/3-2.jpg","type":"image\/jpeg"}],"twitter_card":"summary_large_image","twitter_misc":{"Est. reading time":"2 minutit"},"schema":{"@context":"https:\/\/schema.org","@graph":[{"@type":"WebPage","@id":"https:\/\/tilk.bio\/pood\/pink-me-up-gift-set\/","url":"https:\/\/tilk.bio\/pood\/pink-me-up-gift-set\/","name":"Pink Me Up Kinkekomplekt - Tilk!","isPartOf":{"@id":"https:\/\/tilk.bio\/et\/#website"},"primaryImageOfPage":{"@id":"https:\/\/tilk.bio\/pood\/pink-me-up-gift-set\/#primaryimage"},"image":{"@id":"https:\/\/tilk.bio\/pood\/pink-me-up-gift-set\/#primaryimage"},"thumbnailUrl":"https:\/\/tilk.bio\/wp-content\/uploads\/2023\/12\/3-2.jpg","datePublished":"2022-12-19T16:21:49+00:00","dateModified":"2026-03-06T11:17:37+00:00","breadcrumb":{"@id":"https:\/\/tilk.bio\/pood\/pink-me-up-gift-set\/#breadcrumb"},"inLanguage":"et","potentialAction":[{"@type":"ReadAction","target":["https:\/\/tilk.bio\/pood\/pink-me-up-gift-set\/"]}]},{"@type":"ImageObject","inLanguage":"et","@id":"https:\/\/tilk.bio\/pood\/pink-me-up-gift-set\/#primaryimage","url":"https:\/\/tilk.bio\/wp-content\/uploads\/2023\/12\/3-2.jpg","contentUrl":"https:\/\/tilk.bio\/wp-content\/uploads\/2023\/12\/3-2.jpg","width":1200,"height":1200},{"@type":"BreadcrumbList","@id":"https:\/\/tilk.bio\/pood\/pink-me-up-gift-set\/#breadcrumb","itemListElement":[{"@type":"ListItem","position":1,"name":"Home","item":"https:\/\/tilk.bio\/et\/"},{"@type":"ListItem","position":2,"name":"Pood","item":"https:\/\/tilk.bio\/et\/pood\/"},{"@type":"ListItem","position":3,"name":"Pink Me Up Kinkekomplekt"}]},{"@type":"WebSite","@id":"https:\/\/tilk.bio\/et\/#website","url":"https:\/\/tilk.bio\/et\/","name":"Tilk!","description":"Keskkonnas\u00f5bralik ja j\u00e4tkusuutlik looduskosmeetika Saaremaalt.","potentialAction":[{"@type":"SearchAction","target":{"@type":"EntryPoint","urlTemplate":"https:\/\/tilk.bio\/et\/?s={search_term_string}"},"query-input":{"@type":"PropertyValueSpecification","valueRequired":true,"valueName":"search_term_string"}}],"inLanguage":"et"}]}},"_links":{"self":[{"href":"https:\/\/tilk.bio\/et\/wp-json\/wp\/v2\/product\/69188","targetHints":{"allow":["GET"]}}],"collection":[{"href":"https:\/\/tilk.bio\/et\/wp-json\/wp\/v2\/product"}],"about":[{"href":"https:\/\/tilk.bio\/et\/wp-json\/wp\/v2\/types\/product"}],"replies":[{"embeddable":true,"href":"https:\/\/tilk.bio\/et\/wp-json\/wp\/v2\/comments?post=69188"}],"wp:featuredmedia":[{"embeddable":true,"href":"https:\/\/tilk.bio\/et\/wp-json\/wp\/v2\/media\/69181"}],"wp:attachment":[{"href":"https:\/\/tilk.bio\/et\/wp-json\/wp\/v2\/media?parent=69188"}],"wp:term":[{"taxonomy":"product_brand","embeddable":true,"href":"https:\/\/tilk.bio\/et\/wp-json\/wp\/v2\/product_brand?post=69188"},{"taxonomy":"product_cat","embeddable":true,"href":"https:\/\/tilk.bio\/et\/wp-json\/wp\/v2\/product_cat?post=69188"},{"taxonomy":"product_tag","embeddable":true,"href":"https:\/\/tilk.bio\/et\/wp-json\/wp\/v2\/product_tag?post=69188"}],"curies":[{"name":"wp","href":"https:\/\/api.w.org\/{rel}","templated":true}]}}