{"id":69747,"date":"2024-01-26T13:10:18","date_gmt":"2024-01-26T11:10:18","guid":{"rendered":"https:\/\/tilk.bio\/?post_type=product&#038;p=69747"},"modified":"2026-04-15T08:00:07","modified_gmt":"2026-04-15T05:00:07","slug":"lohnarullik-happy-day","status":"publish","type":"product","link":"https:\/\/tilk.bio\/et\/pood\/lohnarullik-happy-day\/","title":{"rendered":"L\u00f5hnarullik Happy Day"},"content":{"rendered":"<p><span style=\"font-weight: 400;\"><strong>Kasutamine:<\/strong> Kanna toodet randme sisek\u00fclgedele, k\u00f5rvatagustele v\u00f5i kaelale ning naudi v\u00e4rsket ja looduslikku l\u00f5hna. Korda toimingut p\u00e4eva jooksul vastavalt vajadusele. Niisutatud nahal p\u00fcsib l\u00f5hn k\u00f5ige paremini, vali juurde ka sobiv kehakreem.<\/span><\/p>\n<p><span style=\"font-weight: 400;\"><strong>L\u00f5hnabukett:<\/strong> magus apelsin, greip, sidrunhein, bergamot.<\/span><\/p>\n<p><span style=\"font-weight: 400;\">K\u00f5ik \u00f5li koostisosad on looduslikku p\u00e4ritolu ja vegan.<\/span><\/p>\n<p><span style=\"font-weight: 400;\">NB! Toode on ainult v\u00e4lispidiseks kasutamiseks. \u00c4ra kasuta kriimustatud v\u00f5i \u00e4rritunud nahal v\u00f5i haavadel. Hoia laste eest k\u00e4ttesaamatus kohas. V\u00e4ldi silma sattumist. Kui m\u00e4rkad p\u00e4rast kasutamist punetust v\u00f5i tunned s\u00fcgelust, siis l\u00f5peta toote kasutamine. V\u00e4ldi otsest p\u00e4ikest kohtades, kus oled toodet kasutanud.<\/span><\/p>\n<p><span style=\"font-weight: 400;\">Hoiustamine: Soovitame hoida toodet h\u00e4sti suletuna, toatemperatuuril ja kaitstuna otsese p\u00e4ikesevalguse eest.<\/span><\/p>\n<p>&nbsp;<\/p>\n","protected":false},"excerpt":{"rendered":"<p><span style=\"font-weight: 400;\">S\u00e4rtsakas l\u00f5hn, milles on s\u00e4ravad ning r\u00f5\u00f5mu toovad noodid, v\u00e4ljendamaks sinu \u00f5nnelikku ja energilist olemust. L\u00f5hna kombinatsioon on elav ja k\u00fctkestav, see on alati nagu p\u00e4ikeseline p\u00e4ev.\u00a0<\/span><\/p>\n<p><span style=\"font-weight: 400;\">L\u00f5hnarullikut on mugav endaga kaasas kanda ja vastavalt vajadusele ning soovile kasutada. See sobib p\u00e4eva jooksul stressirohketes olukordades aroomiteraapiaks, v\u00e4simust tundes meelte ergutamiseks ja hea l\u00f5hna nautimiseks. Eeterlike \u00f5lide segu sobib h\u00e4sti tavalise parf\u00fc\u00fcmi asemel, see ei sisalda s\u00fcnteetilisi komponente ega kemikaale.<\/span><\/p>\n<p><span style=\"font-weight: 400;\">Kogus: 10 ml<\/span><\/p>\n","protected":false},"featured_media":73126,"comment_status":"open","ping_status":"closed","template":"","meta":{"_acf_changed":false},"product_brand":[],"product_cat":[687,389,924,926],"product_tag":[],"class_list":{"0":"post-69747","1":"product","2":"type-product","3":"status-publish","4":"has-post-thumbnail","6":"product_cat-akne-ja-rasune-nahk","7":"product_cat-koik-tooted","8":"product_cat-lohnarullik","9":"product_cat-lopumuuk","11":"first","12":"instock","13":"sale","14":"taxable","15":"shipping-taxable","16":"purchasable","17":"product-type-simple"},"acf":[],"yoast_head":"<!-- This site is optimized with the Yoast SEO plugin v27.4 - https:\/\/yoast.com\/product\/yoast-seo-wordpress\/ -->\n<title>L\u00f5hnarullik Happy Day - Tilk!<\/title>\n<meta name=\"robots\" content=\"index, follow, max-snippet:-1, max-image-preview:large, max-video-preview:-1\" \/>\n<link rel=\"canonical\" href=\"https:\/\/tilk.bio\/et\/pood\/lohnarullik-happy-day\/\" \/>\n<meta property=\"og:locale\" content=\"et_EE\" \/>\n<meta property=\"og:type\" content=\"article\" \/>\n<meta property=\"og:title\" content=\"L\u00f5hnarullik Happy Day - Tilk!\" \/>\n<meta property=\"og:description\" content=\"S\u00e4rtsakas l\u00f5hn, milles on s\u00e4ravad ning r\u00f5\u00f5mu toovad noodid, v\u00e4ljendamaks sinu \u00f5nnelikku ja energilist olemust. L\u00f5hna kombinatsioon on elav ja k\u00fctkestav, see on alati nagu p\u00e4ikeseline p\u00e4ev.\u00a0  L\u00f5hnarullikut on mugav endaga kaasas kanda ja vastavalt vajadusele ning soovile kasutada. See sobib p\u00e4eva jooksul stressirohketes olukordades aroomiteraapiaks, v\u00e4simust tundes meelte ergutamiseks ja hea l\u00f5hna nautimiseks. Eeterlike \u00f5lide segu sobib h\u00e4sti tavalise parf\u00fc\u00fcmi asemel, see ei sisalda s\u00fcnteetilisi komponente ega kemikaale.  Kogus: 10 ml\" \/>\n<meta property=\"og:url\" content=\"https:\/\/tilk.bio\/et\/pood\/lohnarullik-happy-day\/\" \/>\n<meta property=\"og:site_name\" content=\"Tilk!\" \/>\n<meta property=\"article:publisher\" content=\"https:\/\/www.facebook.com\/tilk.bio\/\" \/>\n<meta property=\"article:modified_time\" content=\"2026-04-15T05:00:07+00:00\" \/>\n<meta property=\"og:image\" content=\"https:\/\/tilk.bio\/wp-content\/uploads\/2024\/02\/34.jpg\" \/>\n\t<meta property=\"og:image:width\" content=\"1200\" \/>\n\t<meta property=\"og:image:height\" content=\"1200\" \/>\n\t<meta property=\"og:image:type\" content=\"image\/jpeg\" \/>\n<meta name=\"twitter:card\" content=\"summary_large_image\" \/>\n<meta name=\"twitter:label1\" content=\"Est. reading time\" \/>\n\t<meta name=\"twitter:data1\" content=\"1 minut\" \/>\n<script type=\"application\/ld+json\" class=\"yoast-schema-graph\">{\"@context\":\"https:\\\/\\\/schema.org\",\"@graph\":[{\"@type\":\"WebPage\",\"@id\":\"https:\\\/\\\/tilk.bio\\\/et\\\/pood\\\/lohnarullik-happy-day\\\/\",\"url\":\"https:\\\/\\\/tilk.bio\\\/et\\\/pood\\\/lohnarullik-happy-day\\\/\",\"name\":\"L\u00f5hnarullik Happy Day - Tilk!\",\"isPartOf\":{\"@id\":\"https:\\\/\\\/tilk.bio\\\/et\\\/#website\"},\"primaryImageOfPage\":{\"@id\":\"https:\\\/\\\/tilk.bio\\\/et\\\/pood\\\/lohnarullik-happy-day\\\/#primaryimage\"},\"image\":{\"@id\":\"https:\\\/\\\/tilk.bio\\\/et\\\/pood\\\/lohnarullik-happy-day\\\/#primaryimage\"},\"thumbnailUrl\":\"https:\\\/\\\/tilk.bio\\\/wp-content\\\/uploads\\\/2024\\\/02\\\/34.jpg\",\"datePublished\":\"2024-01-26T11:10:18+00:00\",\"dateModified\":\"2026-04-15T05:00:07+00:00\",\"breadcrumb\":{\"@id\":\"https:\\\/\\\/tilk.bio\\\/et\\\/pood\\\/lohnarullik-happy-day\\\/#breadcrumb\"},\"inLanguage\":\"et\",\"potentialAction\":[{\"@type\":\"ReadAction\",\"target\":[\"https:\\\/\\\/tilk.bio\\\/et\\\/pood\\\/lohnarullik-happy-day\\\/\"]}]},{\"@type\":\"ImageObject\",\"inLanguage\":\"et\",\"@id\":\"https:\\\/\\\/tilk.bio\\\/et\\\/pood\\\/lohnarullik-happy-day\\\/#primaryimage\",\"url\":\"https:\\\/\\\/tilk.bio\\\/wp-content\\\/uploads\\\/2024\\\/02\\\/34.jpg\",\"contentUrl\":\"https:\\\/\\\/tilk.bio\\\/wp-content\\\/uploads\\\/2024\\\/02\\\/34.jpg\",\"width\":1200,\"height\":1200},{\"@type\":\"BreadcrumbList\",\"@id\":\"https:\\\/\\\/tilk.bio\\\/et\\\/pood\\\/lohnarullik-happy-day\\\/#breadcrumb\",\"itemListElement\":[{\"@type\":\"ListItem\",\"position\":1,\"name\":\"Home\",\"item\":\"https:\\\/\\\/tilk.bio\\\/et\\\/\"},{\"@type\":\"ListItem\",\"position\":2,\"name\":\"Pood\",\"item\":\"https:\\\/\\\/tilk.bio\\\/et\\\/pood\\\/\"},{\"@type\":\"ListItem\",\"position\":3,\"name\":\"L\u00f5hnarullik Happy Day\"}]},{\"@type\":\"WebSite\",\"@id\":\"https:\\\/\\\/tilk.bio\\\/et\\\/#website\",\"url\":\"https:\\\/\\\/tilk.bio\\\/et\\\/\",\"name\":\"Tilk!\",\"description\":\"Keskkonnas\u00f5bralik ja j\u00e4tkusuutlik looduskosmeetika Saaremaalt.\",\"potentialAction\":[{\"@type\":\"SearchAction\",\"target\":{\"@type\":\"EntryPoint\",\"urlTemplate\":\"https:\\\/\\\/tilk.bio\\\/et\\\/?s={search_term_string}\"},\"query-input\":{\"@type\":\"PropertyValueSpecification\",\"valueRequired\":true,\"valueName\":\"search_term_string\"}}],\"inLanguage\":\"et\"}]}<\/script>\n<!-- \/ Yoast SEO plugin. -->","yoast_head_json":{"title":"L\u00f5hnarullik Happy Day - Tilk!","robots":{"index":"index","follow":"follow","max-snippet":"max-snippet:-1","max-image-preview":"max-image-preview:large","max-video-preview":"max-video-preview:-1"},"canonical":"https:\/\/tilk.bio\/et\/pood\/lohnarullik-happy-day\/","og_locale":"et_EE","og_type":"article","og_title":"L\u00f5hnarullik Happy Day - Tilk!","og_description":"S\u00e4rtsakas l\u00f5hn, milles on s\u00e4ravad ning r\u00f5\u00f5mu toovad noodid, v\u00e4ljendamaks sinu \u00f5nnelikku ja energilist olemust. L\u00f5hna kombinatsioon on elav ja k\u00fctkestav, see on alati nagu p\u00e4ikeseline p\u00e4ev.\u00a0  L\u00f5hnarullikut on mugav endaga kaasas kanda ja vastavalt vajadusele ning soovile kasutada. See sobib p\u00e4eva jooksul stressirohketes olukordades aroomiteraapiaks, v\u00e4simust tundes meelte ergutamiseks ja hea l\u00f5hna nautimiseks. Eeterlike \u00f5lide segu sobib h\u00e4sti tavalise parf\u00fc\u00fcmi asemel, see ei sisalda s\u00fcnteetilisi komponente ega kemikaale.  Kogus: 10 ml","og_url":"https:\/\/tilk.bio\/et\/pood\/lohnarullik-happy-day\/","og_site_name":"Tilk!","article_publisher":"https:\/\/www.facebook.com\/tilk.bio\/","article_modified_time":"2026-04-15T05:00:07+00:00","og_image":[{"width":1200,"height":1200,"url":"https:\/\/tilk.bio\/wp-content\/uploads\/2024\/02\/34.jpg","type":"image\/jpeg"}],"twitter_card":"summary_large_image","twitter_misc":{"Est. reading time":"1 minut"},"schema":{"@context":"https:\/\/schema.org","@graph":[{"@type":"WebPage","@id":"https:\/\/tilk.bio\/et\/pood\/lohnarullik-happy-day\/","url":"https:\/\/tilk.bio\/et\/pood\/lohnarullik-happy-day\/","name":"L\u00f5hnarullik Happy Day - Tilk!","isPartOf":{"@id":"https:\/\/tilk.bio\/et\/#website"},"primaryImageOfPage":{"@id":"https:\/\/tilk.bio\/et\/pood\/lohnarullik-happy-day\/#primaryimage"},"image":{"@id":"https:\/\/tilk.bio\/et\/pood\/lohnarullik-happy-day\/#primaryimage"},"thumbnailUrl":"https:\/\/tilk.bio\/wp-content\/uploads\/2024\/02\/34.jpg","datePublished":"2024-01-26T11:10:18+00:00","dateModified":"2026-04-15T05:00:07+00:00","breadcrumb":{"@id":"https:\/\/tilk.bio\/et\/pood\/lohnarullik-happy-day\/#breadcrumb"},"inLanguage":"et","potentialAction":[{"@type":"ReadAction","target":["https:\/\/tilk.bio\/et\/pood\/lohnarullik-happy-day\/"]}]},{"@type":"ImageObject","inLanguage":"et","@id":"https:\/\/tilk.bio\/et\/pood\/lohnarullik-happy-day\/#primaryimage","url":"https:\/\/tilk.bio\/wp-content\/uploads\/2024\/02\/34.jpg","contentUrl":"https:\/\/tilk.bio\/wp-content\/uploads\/2024\/02\/34.jpg","width":1200,"height":1200},{"@type":"BreadcrumbList","@id":"https:\/\/tilk.bio\/et\/pood\/lohnarullik-happy-day\/#breadcrumb","itemListElement":[{"@type":"ListItem","position":1,"name":"Home","item":"https:\/\/tilk.bio\/et\/"},{"@type":"ListItem","position":2,"name":"Pood","item":"https:\/\/tilk.bio\/et\/pood\/"},{"@type":"ListItem","position":3,"name":"L\u00f5hnarullik Happy Day"}]},{"@type":"WebSite","@id":"https:\/\/tilk.bio\/et\/#website","url":"https:\/\/tilk.bio\/et\/","name":"Tilk!","description":"Keskkonnas\u00f5bralik ja j\u00e4tkusuutlik looduskosmeetika Saaremaalt.","potentialAction":[{"@type":"SearchAction","target":{"@type":"EntryPoint","urlTemplate":"https:\/\/tilk.bio\/et\/?s={search_term_string}"},"query-input":{"@type":"PropertyValueSpecification","valueRequired":true,"valueName":"search_term_string"}}],"inLanguage":"et"}]}},"_links":{"self":[{"href":"https:\/\/tilk.bio\/et\/wp-json\/wp\/v2\/product\/69747","targetHints":{"allow":["GET"]}}],"collection":[{"href":"https:\/\/tilk.bio\/et\/wp-json\/wp\/v2\/product"}],"about":[{"href":"https:\/\/tilk.bio\/et\/wp-json\/wp\/v2\/types\/product"}],"replies":[{"embeddable":true,"href":"https:\/\/tilk.bio\/et\/wp-json\/wp\/v2\/comments?post=69747"}],"wp:featuredmedia":[{"embeddable":true,"href":"https:\/\/tilk.bio\/et\/wp-json\/wp\/v2\/media\/73126"}],"wp:attachment":[{"href":"https:\/\/tilk.bio\/et\/wp-json\/wp\/v2\/media?parent=69747"}],"wp:term":[{"taxonomy":"product_brand","embeddable":true,"href":"https:\/\/tilk.bio\/et\/wp-json\/wp\/v2\/product_brand?post=69747"},{"taxonomy":"product_cat","embeddable":true,"href":"https:\/\/tilk.bio\/et\/wp-json\/wp\/v2\/product_cat?post=69747"},{"taxonomy":"product_tag","embeddable":true,"href":"https:\/\/tilk.bio\/et\/wp-json\/wp\/v2\/product_tag?post=69747"}],"curies":[{"name":"wp","href":"https:\/\/api.w.org\/{rel}","templated":true}]}}