{"id":70406,"date":"2024-03-21T10:43:26","date_gmt":"2024-03-21T08:43:26","guid":{"rendered":"https:\/\/tilk.bio\/?post_type=product&#038;p=70406"},"modified":"2026-04-13T12:45:09","modified_gmt":"2026-04-13T09:45:09","slug":"naha-vastupanuvoimet-suurendav-naokreem-sheavoiga","status":"publish","type":"product","link":"https:\/\/tilk.bio\/et\/pood\/naha-vastupanuvoimet-suurendav-naokreem-sheavoiga\/","title":{"rendered":"S\u00fcgavniisutav n\u00e4okreem lavendli ja mandli\u00f5liga"},"content":{"rendered":"<section class=\"l-section wpb_row height_medium\"><div class=\"l-section-h i-cf\"><div class=\"g-cols vc_row via_flex valign_top type_default stacking_default\"><div class=\"vc_col-sm-12 wpb_column vc_column_container\"><div class=\"vc_column-inner\"><div class=\"wpb_wrapper\"><div class=\"wpb_text_column\"><div class=\"wpb_wrapper\"><p><span style=\"font-weight: 400;\">Kanepi\u00f5li ja sheav\u00f5iga n\u00e4okreem uuendab, toidab, pehmendab ja kaitseb nahka. Kreem tungib s\u00fcgavaimale nahakihtidesse ning niisutab ja rahustab seda seespidiselt. Sheav\u00f5i ja kanepi\u00f5li koosm\u00f5ju toetab naha elastsuse paranemist, samal ajal ka selle vastupanuv\u00f5imet tugevdades. Kreem on v\u00e4ga kergesti imenduv ja omab tugevat p\u00f5letikuvastast toimet, samuti alandab see j\u00e4rjepideval kasutamisel turseid, reguleerib rasueritust ja on ka v\u00f5imas antioks\u00fcdant ehk kaitseb nahka enneaegse vananemise eest.<\/span><\/p>\n<p><span style=\"font-weight: 400;\">Kreemis sisalduvad porgandi- ja mandli\u00f5li pehmendavad nahka ning kaitsevad v\u00e4liste tegurite eest nagu kuum ja k\u00fclm, \u00f5husaaste ja UV-kiirgus. Kreemi l\u00f5hnas tunned v\u00e4rsket sidrunit ja rahustavat lavendlit.<\/span><\/p>\n<h3><span style=\"font-weight: 400;\">Kreemi &#8211; kasutamine:<\/span><\/h3>\n<p><span style=\"font-weight: 400;\">Kanna puhastatud nahale piisav kogus kreemi ja h\u00f5\u00f5ru masseerivate liigutustega sisse.\u00a0<\/span><\/p>\n<p><span style=\"font-weight: 400;\">K\u00f5ik kreemi koostisosad on looduslikku p\u00e4ritolu ning vegan. <\/span><span style=\"font-weight: 400;\">\u00a0<\/span><\/p>\n<p><span style=\"font-weight: 400;\">Hoiustamine: Hoiusta kreemi toatemperatuuril.<\/span><span style=\"font-weight: 400;\">\u00a0<\/span><\/p>\n<p><span style=\"font-weight: 400;\">Kogus: 50ml<\/span><\/p>\n<\/div><\/div><\/div><\/div><\/div><\/div><\/div><\/section>\n","protected":false},"excerpt":{"rendered":"Kanepi\u00f5li ja sheav\u00f5iga n\u00e4okreem uuendab, toidab, pehmendab ja kaitseb nahka. Kreem tungib s\u00fcgavaimale nahakihtidesse ning niisutab ja rahustab seda seespidiselt. Sheav\u00f5i ja kanepi\u00f5li koosm\u00f5ju toetab naha elastsuse paranemist, samal ajal ka selle vastupanuv\u00f5imet tugevdades. Kreem on v\u00e4ga kergesti imenduv ja omab tugevat p\u00f5letikuvastast toimet, samuti alandab see j\u00e4rjepideval kasutamisel turseid, reguleerib rasueritust ja on ka...","protected":false},"featured_media":72458,"comment_status":"open","ping_status":"closed","template":"","meta":{"_acf_changed":false},"product_brand":[],"product_cat":[585,389,926,511],"product_tag":[],"class_list":{"0":"post-70406","1":"product","2":"type-product","3":"status-publish","4":"has-post-thumbnail","6":"product_cat-naokreem","7":"product_cat-koik-tooted","8":"product_cat-lopumuuk","9":"product_cat-naohooldus","11":"first","12":"instock","13":"sale","14":"taxable","15":"shipping-taxable","16":"purchasable","17":"product-type-simple"},"acf":[],"yoast_head":"<!-- This site is optimized with the Yoast SEO plugin v27.4 - https:\/\/yoast.com\/product\/yoast-seo-wordpress\/ -->\n<title>CBD kreem<\/title>\n<meta name=\"description\" content=\"Kreem on v\u00e4ga kergesti imenduv ja omab tugevat p\u00f5letikuvastast toimet, samuti alandab see j\u00e4rjepideval kasutamisel...\" \/>\n<meta name=\"robots\" content=\"index, follow, max-snippet:-1, max-image-preview:large, max-video-preview:-1\" \/>\n<link rel=\"canonical\" href=\"https:\/\/tilk.bio\/pood\/deeply-hydrating-face-cream-with-lavender-and-almond-oil\/\" \/>\n<meta property=\"og:locale\" content=\"et_EE\" \/>\n<meta property=\"og:type\" content=\"article\" \/>\n<meta property=\"og:title\" content=\"CBD kreem\" \/>\n<meta property=\"og:description\" content=\"Kreem on v\u00e4ga kergesti imenduv ja omab tugevat p\u00f5letikuvastast toimet, samuti alandab see j\u00e4rjepideval kasutamisel...\" \/>\n<meta property=\"og:url\" content=\"https:\/\/tilk.bio\/pood\/deeply-hydrating-face-cream-with-lavender-and-almond-oil\/\" \/>\n<meta property=\"og:site_name\" content=\"Tilk!\" \/>\n<meta property=\"article:publisher\" content=\"https:\/\/www.facebook.com\/tilk.bio\/\" \/>\n<meta property=\"article:modified_time\" content=\"2026-04-13T09:45:09+00:00\" \/>\n<meta property=\"og:image\" content=\"https:\/\/tilk.bio\/wp-content\/uploads\/2024\/03\/Untitled-design-43.jpg\" \/>\n\t<meta property=\"og:image:width\" content=\"1200\" \/>\n\t<meta property=\"og:image:height\" content=\"1200\" \/>\n\t<meta property=\"og:image:type\" content=\"image\/jpeg\" \/>\n<meta name=\"twitter:card\" content=\"summary_large_image\" \/>\n<meta name=\"twitter:label1\" content=\"Est. reading time\" \/>\n\t<meta name=\"twitter:data1\" content=\"1 minut\" \/>\n<script type=\"application\/ld+json\" class=\"yoast-schema-graph\">{\"@context\":\"https:\\\/\\\/schema.org\",\"@graph\":[{\"@type\":\"WebPage\",\"@id\":\"https:\\\/\\\/tilk.bio\\\/pood\\\/deeply-hydrating-face-cream-with-lavender-and-almond-oil\\\/\",\"url\":\"https:\\\/\\\/tilk.bio\\\/pood\\\/deeply-hydrating-face-cream-with-lavender-and-almond-oil\\\/\",\"name\":\"CBD kreem\",\"isPartOf\":{\"@id\":\"https:\\\/\\\/tilk.bio\\\/et\\\/#website\"},\"primaryImageOfPage\":{\"@id\":\"https:\\\/\\\/tilk.bio\\\/pood\\\/deeply-hydrating-face-cream-with-lavender-and-almond-oil\\\/#primaryimage\"},\"image\":{\"@id\":\"https:\\\/\\\/tilk.bio\\\/pood\\\/deeply-hydrating-face-cream-with-lavender-and-almond-oil\\\/#primaryimage\"},\"thumbnailUrl\":\"https:\\\/\\\/tilk.bio\\\/wp-content\\\/uploads\\\/2024\\\/03\\\/Untitled-design-43.jpg\",\"datePublished\":\"2024-03-21T08:43:26+00:00\",\"dateModified\":\"2026-04-13T09:45:09+00:00\",\"description\":\"Kreem on v\u00e4ga kergesti imenduv ja omab tugevat p\u00f5letikuvastast toimet, samuti alandab see j\u00e4rjepideval kasutamisel...\",\"breadcrumb\":{\"@id\":\"https:\\\/\\\/tilk.bio\\\/pood\\\/deeply-hydrating-face-cream-with-lavender-and-almond-oil\\\/#breadcrumb\"},\"inLanguage\":\"et\",\"potentialAction\":[{\"@type\":\"ReadAction\",\"target\":[\"https:\\\/\\\/tilk.bio\\\/pood\\\/deeply-hydrating-face-cream-with-lavender-and-almond-oil\\\/\"]}]},{\"@type\":\"ImageObject\",\"inLanguage\":\"et\",\"@id\":\"https:\\\/\\\/tilk.bio\\\/pood\\\/deeply-hydrating-face-cream-with-lavender-and-almond-oil\\\/#primaryimage\",\"url\":\"https:\\\/\\\/tilk.bio\\\/wp-content\\\/uploads\\\/2024\\\/03\\\/Untitled-design-43.jpg\",\"contentUrl\":\"https:\\\/\\\/tilk.bio\\\/wp-content\\\/uploads\\\/2024\\\/03\\\/Untitled-design-43.jpg\",\"width\":1200,\"height\":1200,\"caption\":\"face cream\"},{\"@type\":\"BreadcrumbList\",\"@id\":\"https:\\\/\\\/tilk.bio\\\/pood\\\/deeply-hydrating-face-cream-with-lavender-and-almond-oil\\\/#breadcrumb\",\"itemListElement\":[{\"@type\":\"ListItem\",\"position\":1,\"name\":\"Home\",\"item\":\"https:\\\/\\\/tilk.bio\\\/et\\\/\"},{\"@type\":\"ListItem\",\"position\":2,\"name\":\"Pood\",\"item\":\"https:\\\/\\\/tilk.bio\\\/et\\\/pood\\\/\"},{\"@type\":\"ListItem\",\"position\":3,\"name\":\"S\u00fcgavniisutav n\u00e4okreem lavendli ja mandli\u00f5liga\"}]},{\"@type\":\"WebSite\",\"@id\":\"https:\\\/\\\/tilk.bio\\\/et\\\/#website\",\"url\":\"https:\\\/\\\/tilk.bio\\\/et\\\/\",\"name\":\"Tilk!\",\"description\":\"Keskkonnas\u00f5bralik ja j\u00e4tkusuutlik looduskosmeetika Saaremaalt.\",\"potentialAction\":[{\"@type\":\"SearchAction\",\"target\":{\"@type\":\"EntryPoint\",\"urlTemplate\":\"https:\\\/\\\/tilk.bio\\\/et\\\/?s={search_term_string}\"},\"query-input\":{\"@type\":\"PropertyValueSpecification\",\"valueRequired\":true,\"valueName\":\"search_term_string\"}}],\"inLanguage\":\"et\"}]}<\/script>\n<!-- \/ Yoast SEO plugin. -->","yoast_head_json":{"title":"CBD kreem","description":"Kreem on v\u00e4ga kergesti imenduv ja omab tugevat p\u00f5letikuvastast toimet, samuti alandab see j\u00e4rjepideval kasutamisel...","robots":{"index":"index","follow":"follow","max-snippet":"max-snippet:-1","max-image-preview":"max-image-preview:large","max-video-preview":"max-video-preview:-1"},"canonical":"https:\/\/tilk.bio\/pood\/deeply-hydrating-face-cream-with-lavender-and-almond-oil\/","og_locale":"et_EE","og_type":"article","og_title":"CBD kreem","og_description":"Kreem on v\u00e4ga kergesti imenduv ja omab tugevat p\u00f5letikuvastast toimet, samuti alandab see j\u00e4rjepideval kasutamisel...","og_url":"https:\/\/tilk.bio\/pood\/deeply-hydrating-face-cream-with-lavender-and-almond-oil\/","og_site_name":"Tilk!","article_publisher":"https:\/\/www.facebook.com\/tilk.bio\/","article_modified_time":"2026-04-13T09:45:09+00:00","og_image":[{"width":1200,"height":1200,"url":"https:\/\/tilk.bio\/wp-content\/uploads\/2024\/03\/Untitled-design-43.jpg","type":"image\/jpeg"}],"twitter_card":"summary_large_image","twitter_misc":{"Est. reading time":"1 minut"},"schema":{"@context":"https:\/\/schema.org","@graph":[{"@type":"WebPage","@id":"https:\/\/tilk.bio\/pood\/deeply-hydrating-face-cream-with-lavender-and-almond-oil\/","url":"https:\/\/tilk.bio\/pood\/deeply-hydrating-face-cream-with-lavender-and-almond-oil\/","name":"CBD kreem","isPartOf":{"@id":"https:\/\/tilk.bio\/et\/#website"},"primaryImageOfPage":{"@id":"https:\/\/tilk.bio\/pood\/deeply-hydrating-face-cream-with-lavender-and-almond-oil\/#primaryimage"},"image":{"@id":"https:\/\/tilk.bio\/pood\/deeply-hydrating-face-cream-with-lavender-and-almond-oil\/#primaryimage"},"thumbnailUrl":"https:\/\/tilk.bio\/wp-content\/uploads\/2024\/03\/Untitled-design-43.jpg","datePublished":"2024-03-21T08:43:26+00:00","dateModified":"2026-04-13T09:45:09+00:00","description":"Kreem on v\u00e4ga kergesti imenduv ja omab tugevat p\u00f5letikuvastast toimet, samuti alandab see j\u00e4rjepideval kasutamisel...","breadcrumb":{"@id":"https:\/\/tilk.bio\/pood\/deeply-hydrating-face-cream-with-lavender-and-almond-oil\/#breadcrumb"},"inLanguage":"et","potentialAction":[{"@type":"ReadAction","target":["https:\/\/tilk.bio\/pood\/deeply-hydrating-face-cream-with-lavender-and-almond-oil\/"]}]},{"@type":"ImageObject","inLanguage":"et","@id":"https:\/\/tilk.bio\/pood\/deeply-hydrating-face-cream-with-lavender-and-almond-oil\/#primaryimage","url":"https:\/\/tilk.bio\/wp-content\/uploads\/2024\/03\/Untitled-design-43.jpg","contentUrl":"https:\/\/tilk.bio\/wp-content\/uploads\/2024\/03\/Untitled-design-43.jpg","width":1200,"height":1200,"caption":"face cream"},{"@type":"BreadcrumbList","@id":"https:\/\/tilk.bio\/pood\/deeply-hydrating-face-cream-with-lavender-and-almond-oil\/#breadcrumb","itemListElement":[{"@type":"ListItem","position":1,"name":"Home","item":"https:\/\/tilk.bio\/et\/"},{"@type":"ListItem","position":2,"name":"Pood","item":"https:\/\/tilk.bio\/et\/pood\/"},{"@type":"ListItem","position":3,"name":"S\u00fcgavniisutav n\u00e4okreem lavendli ja mandli\u00f5liga"}]},{"@type":"WebSite","@id":"https:\/\/tilk.bio\/et\/#website","url":"https:\/\/tilk.bio\/et\/","name":"Tilk!","description":"Keskkonnas\u00f5bralik ja j\u00e4tkusuutlik looduskosmeetika Saaremaalt.","potentialAction":[{"@type":"SearchAction","target":{"@type":"EntryPoint","urlTemplate":"https:\/\/tilk.bio\/et\/?s={search_term_string}"},"query-input":{"@type":"PropertyValueSpecification","valueRequired":true,"valueName":"search_term_string"}}],"inLanguage":"et"}]}},"_links":{"self":[{"href":"https:\/\/tilk.bio\/et\/wp-json\/wp\/v2\/product\/70406","targetHints":{"allow":["GET"]}}],"collection":[{"href":"https:\/\/tilk.bio\/et\/wp-json\/wp\/v2\/product"}],"about":[{"href":"https:\/\/tilk.bio\/et\/wp-json\/wp\/v2\/types\/product"}],"replies":[{"embeddable":true,"href":"https:\/\/tilk.bio\/et\/wp-json\/wp\/v2\/comments?post=70406"}],"wp:featuredmedia":[{"embeddable":true,"href":"https:\/\/tilk.bio\/et\/wp-json\/wp\/v2\/media\/72458"}],"wp:attachment":[{"href":"https:\/\/tilk.bio\/et\/wp-json\/wp\/v2\/media?parent=70406"}],"wp:term":[{"taxonomy":"product_brand","embeddable":true,"href":"https:\/\/tilk.bio\/et\/wp-json\/wp\/v2\/product_brand?post=70406"},{"taxonomy":"product_cat","embeddable":true,"href":"https:\/\/tilk.bio\/et\/wp-json\/wp\/v2\/product_cat?post=70406"},{"taxonomy":"product_tag","embeddable":true,"href":"https:\/\/tilk.bio\/et\/wp-json\/wp\/v2\/product_tag?post=70406"}],"curies":[{"name":"wp","href":"https:\/\/api.w.org\/{rel}","templated":true}]}}