{"id":70898,"date":"2024-04-16T01:36:20","date_gmt":"2024-04-15T22:36:20","guid":{"rendered":"https:\/\/tilk.bio\/shop\/probiootiline-kehakoorija-aprikoosituumapulbriga\/"},"modified":"2026-04-14T16:45:22","modified_gmt":"2026-04-14T13:45:22","slug":"probiootiline-kehakoorija-aprikoosituumapulbriga","status":"publish","type":"product","link":"https:\/\/tilk.bio\/et\/pood\/probiootiline-kehakoorija-aprikoosituumapulbriga\/","title":{"rendered":"Probiootiline kehakoorija aprikoosituumapulbriga"},"content":{"rendered":"<p><span style=\"font-weight: 400;\">Probiootiline kehakoorija aprikoosituumapulbriga ergutab vereringet ja toniseerib nahka ning valmistab selle ette kehakreemi v\u00f5i pruunistavate toodete kasutamiseks. Koorija aitab naharakkudel uueneda ja niisutab, kuid ei j\u00e4ta keha rasvaseks, mist\u00f5ttu sobibki ta ideaalselt kasutamiseks enne muid kehahooldustooteid.<\/span><\/p>\n<p><span style=\"font-weight: 400;\">Koorija koostises olev aprikoosituumapulber aitab nahka kahjustamata ja \u00f5rnalt eemaldada vanad naharakud. Kookos\u00f5li niisutab, muudab naha elastseks ja v\u00e4hendab naha\u00e4rritusi. <\/span><span style=\"font-weight: 400;\">Taimne gl\u00fctseriin pehmendab nahka.<\/span><\/p>\n<p><span style=\"font-weight: 400;\">Lisaks sisaldab koorija Lactobacillus probiootikumidest saadud toimeained, mis aitavad s\u00e4ilitada terve naha bioomi. Kasulikud peptiidid taastavad naha loomulikku kaitsebarj\u00e4\u00e4ri, kaitstes ka kahjulike keskkonnam\u00f5jude, vabade radikaalide toime ja v\u00e4liste \u00e4rritajate eest. Sidrunhein ja laim annavad meeldiva aroomiteraapilise efekti.\u00a0<\/span><\/p>\n<p><span style=\"font-weight: 400;\">Kehakoorija \u2013 kasutamine: Kanna kehakoorija ringjate liigutustega niiskele nahale, p\u00f6\u00f6ra rohkem t\u00e4helepanu paksema nahaga kohtadele, loputa sooja veega.\u00a0<\/span><\/p>\n<p><span style=\"font-weight: 400;\">Koorija koostisosad on looduslikku p\u00e4ritolu ja vegan.\u00a0<\/span><\/p>\n<p><span style=\"font-weight: 400;\">Hoiustamine: Hoiusta kehakoorijat toatemperatuuril.<\/span><\/p>\n<p><span style=\"font-weight: 400;\">Kogus: 200ml<\/span><\/p>\n","protected":false},"excerpt":{"rendered":"<p>Probiootiline kehakoorija aprikoosituumapulbriga ergutab vereringet ja toniseerib nahka ning valmistab selle ette kehakreemi v\u00f5i pruunistavate toodete kasutamiseks. Koorija aitab naharakkudel uueneda ja niisutab, kuid ei j\u00e4ta keha rasvaseks, mist\u00f5ttu sobibki ta ideaalselt kasutamiseks enne muid kehahooldustooteid. Koorija koostises olev aprikoosituumapulber aitab nahka kahjustamata ja \u00f5rnalt eemaldada vanad naharakud. Kookos\u00f5li niisutab, muudab naha elastseks ja v\u00e4hendab&#8230;<\/p>\n","protected":false},"featured_media":70907,"comment_status":"open","ping_status":"closed","template":"","meta":{"_acf_changed":false},"product_brand":[],"product_cat":[495,615,389,689,903,691,891,725],"product_tag":[],"class_list":{"0":"post-70898","1":"product","2":"type-product","3":"status-publish","4":"has-post-thumbnail","6":"product_cat-kehale","7":"product_cat-kehakoorijad","8":"product_cat-koik-tooted","9":"product_cat-kuiv-nahk","10":"product_cat-probiootikumid","11":"product_cat-tekstuuri-ja-tooniprobleemidega-nahk","12":"product_cat-tilk-biotic-et","13":"product_cat-tooteseeriad-et","15":"first","16":"instock","17":"taxable","18":"shipping-taxable","19":"purchasable","20":"product-type-simple"},"acf":[],"yoast_head":"<!-- This site is optimized with the Yoast SEO plugin v27.3 - https:\/\/yoast.com\/product\/yoast-seo-wordpress\/ -->\n<title>Probiootiline kehakoorija aprikoosituumapulbriga - Tilk!<\/title>\n<meta name=\"robots\" content=\"index, follow, max-snippet:-1, max-image-preview:large, max-video-preview:-1\" \/>\n<link rel=\"canonical\" href=\"https:\/\/tilk.bio\/et\/pood\/probiootiline-kehakoorija-aprikoosituumapulbriga\/\" \/>\n<meta property=\"og:locale\" content=\"et_EE\" \/>\n<meta property=\"og:type\" content=\"article\" \/>\n<meta property=\"og:title\" content=\"Probiootiline kehakoorija aprikoosituumapulbriga - Tilk!\" \/>\n<meta property=\"og:description\" content=\"Probiootiline kehakoorija aprikoosituumapulbriga ergutab vereringet ja toniseerib nahka ning valmistab selle ette kehakreemi v\u00f5i pruunistavate toodete kasutamiseks. Koorija aitab naharakkudel uueneda ja niisutab, kuid ei j\u00e4ta keha rasvaseks, mist\u00f5ttu sobibki ta ideaalselt kasutamiseks enne muid kehahooldustooteid. Koorija koostises olev aprikoosituumapulber aitab nahka kahjustamata ja \u00f5rnalt eemaldada vanad naharakud. Kookos\u00f5li niisutab, muudab naha elastseks ja v\u00e4hendab...\" \/>\n<meta property=\"og:url\" content=\"https:\/\/tilk.bio\/et\/pood\/probiootiline-kehakoorija-aprikoosituumapulbriga\/\" \/>\n<meta property=\"og:site_name\" content=\"Tilk!\" \/>\n<meta property=\"article:publisher\" content=\"https:\/\/www.facebook.com\/tilk.bio\/\" \/>\n<meta property=\"article:modified_time\" content=\"2026-04-14T13:45:22+00:00\" \/>\n<meta property=\"og:image\" content=\"https:\/\/tilk.bio\/wp-content\/uploads\/2024\/04\/1-1.jpg\" \/>\n\t<meta property=\"og:image:width\" content=\"1200\" \/>\n\t<meta property=\"og:image:height\" content=\"1200\" \/>\n\t<meta property=\"og:image:type\" content=\"image\/jpeg\" \/>\n<meta name=\"twitter:card\" content=\"summary_large_image\" \/>\n<meta name=\"twitter:label1\" content=\"Est. reading time\" \/>\n\t<meta name=\"twitter:data1\" content=\"1 minut\" \/>\n<script type=\"application\/ld+json\" class=\"yoast-schema-graph\">{\"@context\":\"https:\\\/\\\/schema.org\",\"@graph\":[{\"@type\":\"WebPage\",\"@id\":\"https:\\\/\\\/tilk.bio\\\/et\\\/pood\\\/probiootiline-kehakoorija-aprikoosituumapulbriga\\\/\",\"url\":\"https:\\\/\\\/tilk.bio\\\/et\\\/pood\\\/probiootiline-kehakoorija-aprikoosituumapulbriga\\\/\",\"name\":\"Probiootiline kehakoorija aprikoosituumapulbriga - Tilk!\",\"isPartOf\":{\"@id\":\"https:\\\/\\\/tilk.bio\\\/et\\\/#website\"},\"primaryImageOfPage\":{\"@id\":\"https:\\\/\\\/tilk.bio\\\/et\\\/pood\\\/probiootiline-kehakoorija-aprikoosituumapulbriga\\\/#primaryimage\"},\"image\":{\"@id\":\"https:\\\/\\\/tilk.bio\\\/et\\\/pood\\\/probiootiline-kehakoorija-aprikoosituumapulbriga\\\/#primaryimage\"},\"thumbnailUrl\":\"https:\\\/\\\/tilk.bio\\\/wp-content\\\/uploads\\\/2024\\\/04\\\/1-1.jpg\",\"datePublished\":\"2024-04-15T22:36:20+00:00\",\"dateModified\":\"2026-04-14T13:45:22+00:00\",\"breadcrumb\":{\"@id\":\"https:\\\/\\\/tilk.bio\\\/et\\\/pood\\\/probiootiline-kehakoorija-aprikoosituumapulbriga\\\/#breadcrumb\"},\"inLanguage\":\"et\",\"potentialAction\":[{\"@type\":\"ReadAction\",\"target\":[\"https:\\\/\\\/tilk.bio\\\/et\\\/pood\\\/probiootiline-kehakoorija-aprikoosituumapulbriga\\\/\"]}]},{\"@type\":\"ImageObject\",\"inLanguage\":\"et\",\"@id\":\"https:\\\/\\\/tilk.bio\\\/et\\\/pood\\\/probiootiline-kehakoorija-aprikoosituumapulbriga\\\/#primaryimage\",\"url\":\"https:\\\/\\\/tilk.bio\\\/wp-content\\\/uploads\\\/2024\\\/04\\\/1-1.jpg\",\"contentUrl\":\"https:\\\/\\\/tilk.bio\\\/wp-content\\\/uploads\\\/2024\\\/04\\\/1-1.jpg\",\"width\":1200,\"height\":1200},{\"@type\":\"BreadcrumbList\",\"@id\":\"https:\\\/\\\/tilk.bio\\\/et\\\/pood\\\/probiootiline-kehakoorija-aprikoosituumapulbriga\\\/#breadcrumb\",\"itemListElement\":[{\"@type\":\"ListItem\",\"position\":1,\"name\":\"Home\",\"item\":\"https:\\\/\\\/tilk.bio\\\/et\\\/\"},{\"@type\":\"ListItem\",\"position\":2,\"name\":\"Pood\",\"item\":\"https:\\\/\\\/tilk.bio\\\/et\\\/pood\\\/\"},{\"@type\":\"ListItem\",\"position\":3,\"name\":\"Probiootiline kehakoorija aprikoosituumapulbriga\"}]},{\"@type\":\"WebSite\",\"@id\":\"https:\\\/\\\/tilk.bio\\\/et\\\/#website\",\"url\":\"https:\\\/\\\/tilk.bio\\\/et\\\/\",\"name\":\"Tilk!\",\"description\":\"Keskkonnas\u00f5bralik ja j\u00e4tkusuutlik looduskosmeetika Saaremaalt.\",\"potentialAction\":[{\"@type\":\"SearchAction\",\"target\":{\"@type\":\"EntryPoint\",\"urlTemplate\":\"https:\\\/\\\/tilk.bio\\\/et\\\/?s={search_term_string}\"},\"query-input\":{\"@type\":\"PropertyValueSpecification\",\"valueRequired\":true,\"valueName\":\"search_term_string\"}}],\"inLanguage\":\"et\"}]}<\/script>\n<!-- \/ Yoast SEO plugin. -->","yoast_head_json":{"title":"Probiootiline kehakoorija aprikoosituumapulbriga - Tilk!","robots":{"index":"index","follow":"follow","max-snippet":"max-snippet:-1","max-image-preview":"max-image-preview:large","max-video-preview":"max-video-preview:-1"},"canonical":"https:\/\/tilk.bio\/et\/pood\/probiootiline-kehakoorija-aprikoosituumapulbriga\/","og_locale":"et_EE","og_type":"article","og_title":"Probiootiline kehakoorija aprikoosituumapulbriga - Tilk!","og_description":"Probiootiline kehakoorija aprikoosituumapulbriga ergutab vereringet ja toniseerib nahka ning valmistab selle ette kehakreemi v\u00f5i pruunistavate toodete kasutamiseks. Koorija aitab naharakkudel uueneda ja niisutab, kuid ei j\u00e4ta keha rasvaseks, mist\u00f5ttu sobibki ta ideaalselt kasutamiseks enne muid kehahooldustooteid. Koorija koostises olev aprikoosituumapulber aitab nahka kahjustamata ja \u00f5rnalt eemaldada vanad naharakud. Kookos\u00f5li niisutab, muudab naha elastseks ja v\u00e4hendab...","og_url":"https:\/\/tilk.bio\/et\/pood\/probiootiline-kehakoorija-aprikoosituumapulbriga\/","og_site_name":"Tilk!","article_publisher":"https:\/\/www.facebook.com\/tilk.bio\/","article_modified_time":"2026-04-14T13:45:22+00:00","og_image":[{"width":1200,"height":1200,"url":"https:\/\/tilk.bio\/wp-content\/uploads\/2024\/04\/1-1.jpg","type":"image\/jpeg"}],"twitter_card":"summary_large_image","twitter_misc":{"Est. reading time":"1 minut"},"schema":{"@context":"https:\/\/schema.org","@graph":[{"@type":"WebPage","@id":"https:\/\/tilk.bio\/et\/pood\/probiootiline-kehakoorija-aprikoosituumapulbriga\/","url":"https:\/\/tilk.bio\/et\/pood\/probiootiline-kehakoorija-aprikoosituumapulbriga\/","name":"Probiootiline kehakoorija aprikoosituumapulbriga - Tilk!","isPartOf":{"@id":"https:\/\/tilk.bio\/et\/#website"},"primaryImageOfPage":{"@id":"https:\/\/tilk.bio\/et\/pood\/probiootiline-kehakoorija-aprikoosituumapulbriga\/#primaryimage"},"image":{"@id":"https:\/\/tilk.bio\/et\/pood\/probiootiline-kehakoorija-aprikoosituumapulbriga\/#primaryimage"},"thumbnailUrl":"https:\/\/tilk.bio\/wp-content\/uploads\/2024\/04\/1-1.jpg","datePublished":"2024-04-15T22:36:20+00:00","dateModified":"2026-04-14T13:45:22+00:00","breadcrumb":{"@id":"https:\/\/tilk.bio\/et\/pood\/probiootiline-kehakoorija-aprikoosituumapulbriga\/#breadcrumb"},"inLanguage":"et","potentialAction":[{"@type":"ReadAction","target":["https:\/\/tilk.bio\/et\/pood\/probiootiline-kehakoorija-aprikoosituumapulbriga\/"]}]},{"@type":"ImageObject","inLanguage":"et","@id":"https:\/\/tilk.bio\/et\/pood\/probiootiline-kehakoorija-aprikoosituumapulbriga\/#primaryimage","url":"https:\/\/tilk.bio\/wp-content\/uploads\/2024\/04\/1-1.jpg","contentUrl":"https:\/\/tilk.bio\/wp-content\/uploads\/2024\/04\/1-1.jpg","width":1200,"height":1200},{"@type":"BreadcrumbList","@id":"https:\/\/tilk.bio\/et\/pood\/probiootiline-kehakoorija-aprikoosituumapulbriga\/#breadcrumb","itemListElement":[{"@type":"ListItem","position":1,"name":"Home","item":"https:\/\/tilk.bio\/et\/"},{"@type":"ListItem","position":2,"name":"Pood","item":"https:\/\/tilk.bio\/et\/pood\/"},{"@type":"ListItem","position":3,"name":"Probiootiline kehakoorija aprikoosituumapulbriga"}]},{"@type":"WebSite","@id":"https:\/\/tilk.bio\/et\/#website","url":"https:\/\/tilk.bio\/et\/","name":"Tilk!","description":"Keskkonnas\u00f5bralik ja j\u00e4tkusuutlik looduskosmeetika Saaremaalt.","potentialAction":[{"@type":"SearchAction","target":{"@type":"EntryPoint","urlTemplate":"https:\/\/tilk.bio\/et\/?s={search_term_string}"},"query-input":{"@type":"PropertyValueSpecification","valueRequired":true,"valueName":"search_term_string"}}],"inLanguage":"et"}]}},"_links":{"self":[{"href":"https:\/\/tilk.bio\/et\/wp-json\/wp\/v2\/product\/70898","targetHints":{"allow":["GET"]}}],"collection":[{"href":"https:\/\/tilk.bio\/et\/wp-json\/wp\/v2\/product"}],"about":[{"href":"https:\/\/tilk.bio\/et\/wp-json\/wp\/v2\/types\/product"}],"replies":[{"embeddable":true,"href":"https:\/\/tilk.bio\/et\/wp-json\/wp\/v2\/comments?post=70898"}],"wp:featuredmedia":[{"embeddable":true,"href":"https:\/\/tilk.bio\/et\/wp-json\/wp\/v2\/media\/70907"}],"wp:attachment":[{"href":"https:\/\/tilk.bio\/et\/wp-json\/wp\/v2\/media?parent=70898"}],"wp:term":[{"taxonomy":"product_brand","embeddable":true,"href":"https:\/\/tilk.bio\/et\/wp-json\/wp\/v2\/product_brand?post=70898"},{"taxonomy":"product_cat","embeddable":true,"href":"https:\/\/tilk.bio\/et\/wp-json\/wp\/v2\/product_cat?post=70898"},{"taxonomy":"product_tag","embeddable":true,"href":"https:\/\/tilk.bio\/et\/wp-json\/wp\/v2\/product_tag?post=70898"}],"curies":[{"name":"wp","href":"https:\/\/api.w.org\/{rel}","templated":true}]}}