{"id":71709,"date":"2024-07-03T00:19:54","date_gmt":"2024-07-02T21:19:54","guid":{"rendered":"https:\/\/tilk.bio\/shop\/orgaaniline-roosi-hudrosool-sarava-naha-jaoks\/"},"modified":"2026-04-09T13:00:09","modified_gmt":"2026-04-09T10:00:09","slug":"orgaaniline-roosi-hudrosool-sarava-naha-jaoks","status":"publish","type":"product","link":"https:\/\/tilk.bio\/et\/pood\/orgaaniline-roosi-hudrosool-sarava-naha-jaoks\/","title":{"rendered":"Orgaaniline roosi h\u00fcdrosool s\u00e4rava naha jaoks"},"content":{"rendered":"<p><span style=\"font-weight: 400;\">Orgaaniline roosi h\u00fcdrosool rahustab meeli, kosutab ning annab v\u00e4sinud ja hallile nahale s\u00e4ra ning eluj\u00f5udu. T\u00e4nu oma toniseerivatele omadustele sobib roosi h\u00fcdrosool n\u00e4otoonikuks k\u00f5ikidele nahat\u00fc\u00fcpidele, ka v\u00e4ga kuivale ning vananemisilmingutega nahale.\u00a0<\/span><\/p>\n<p><span style=\"font-weight: 400;\">Spirituaalseks teekonnaks loob roosi h\u00fcdrosool rahulolu energiat. Roos \u00fctleb, et sa oled ilus, armastatud ja hoitud.<\/span><\/p>\n<p><span style=\"font-weight: 400;\">Lilleveed ehk h\u00fcdrosoolid valmistatakse taimeosadest destilleerimise teel. Destilleerimise k\u00e4igus l\u00e4bib veeaur taimemassi, eraldades taimeosadest taimede eeterlikud \u00f5lid ja kasulikud toimeained vesilahusesse.\u00a0<\/span><\/p>\n<p><span style=\"font-weight: 400;\">Kasutamine: N\u00e4otoonikuna kasutades pihusta h\u00fcdrosooli n\u00e4onahale, keha v\u00e4rskendamiseks nahale v\u00f5i juustele. Meeleolu t\u00f5stmiseks ja hea tuju tekitamiseks proovi ka apelsini h\u00fcdrosooli!<\/span><\/p>\n<p><span style=\"font-weight: 400;\">H\u00fcdrosooli koostisosad on looduslikku p\u00e4ritolu ja vegan.\u00a0<\/span><\/p>\n<p><span style=\"font-weight: 400;\">Hoiustamine: Hoiusta h\u00fcdrosooli toatemperatuuril ja kaitstuna otsese p\u00e4ikesevalguse eest.<\/span><\/p>\n<p><span style=\"font-weight: 400;\">Kogus: 60 ml<\/span><\/p>\n","protected":false},"excerpt":{"rendered":"<p>Orgaaniline roosi h\u00fcdrosool rahustab meeli, kosutab ning annab v\u00e4sinud ja hallile nahale s\u00e4ra ning eluj\u00f5udu. T\u00e4nu oma toniseerivatele omadustele sobib roosi h\u00fcdrosool n\u00e4otoonikuks k\u00f5ikidele nahat\u00fc\u00fcpidele, ka v\u00e4ga kuivale ning vananemisilmingutega nahale.\u00a0 Spirituaalseks teekonnaks loob roosi h\u00fcdrosool rahulolu energiat. Roos \u00fctleb, et sa oled ilus, armastatud ja hoitud. Lilleveed ehk h\u00fcdrosoolid valmistatakse taimeosadest destilleerimise teel. Destilleerimise&#8230;<\/p>\n","protected":false},"featured_media":71723,"comment_status":"open","ping_status":"closed","template":"","meta":{"_acf_changed":false},"product_brand":[],"product_cat":[611,687,389,689,898,926,511,692,691,688],"product_tag":[],"class_list":{"0":"post-71709","1":"product","2":"type-product","3":"status-publish","4":"has-post-thumbnail","6":"product_cat-naoveed","7":"product_cat-akne-ja-rasune-nahk","8":"product_cat-koik-tooted","9":"product_cat-kuiv-nahk","10":"product_cat-lillevesi","11":"product_cat-lopumuuk","12":"product_cat-naohooldus","13":"product_cat-normaalne-ja-kombineeritud-nahk","14":"product_cat-tekstuuri-ja-tooniprobleemidega-nahk","15":"product_cat-vananemisilmingutega-nahk","17":"first","18":"instock","19":"sale","20":"taxable","21":"shipping-taxable","22":"purchasable","23":"product-type-simple"},"acf":[],"yoast_head":"<!-- This site is optimized with the Yoast SEO plugin v27.3 - https:\/\/yoast.com\/product\/yoast-seo-wordpress\/ -->\n<title>Orgaaniline roosi h\u00fcdrosool s\u00e4rava naha jaoks - Tilk!<\/title>\n<meta name=\"robots\" content=\"index, follow, max-snippet:-1, max-image-preview:large, max-video-preview:-1\" \/>\n<link rel=\"canonical\" href=\"https:\/\/tilk.bio\/et\/pood\/orgaaniline-roosi-hudrosool-sarava-naha-jaoks\/\" \/>\n<meta property=\"og:locale\" content=\"et_EE\" \/>\n<meta property=\"og:type\" content=\"article\" \/>\n<meta property=\"og:title\" content=\"Orgaaniline roosi h\u00fcdrosool s\u00e4rava naha jaoks - Tilk!\" \/>\n<meta property=\"og:description\" content=\"Orgaaniline roosi h\u00fcdrosool rahustab meeli, kosutab ning annab v\u00e4sinud ja hallile nahale s\u00e4ra ning eluj\u00f5udu. T\u00e4nu oma toniseerivatele omadustele sobib roosi h\u00fcdrosool n\u00e4otoonikuks k\u00f5ikidele nahat\u00fc\u00fcpidele, ka v\u00e4ga kuivale ning vananemisilmingutega nahale.\u00a0 Spirituaalseks teekonnaks loob roosi h\u00fcdrosool rahulolu energiat. Roos \u00fctleb, et sa oled ilus, armastatud ja hoitud. Lilleveed ehk h\u00fcdrosoolid valmistatakse taimeosadest destilleerimise teel. Destilleerimise...\" \/>\n<meta property=\"og:url\" content=\"https:\/\/tilk.bio\/et\/pood\/orgaaniline-roosi-hudrosool-sarava-naha-jaoks\/\" \/>\n<meta property=\"og:site_name\" content=\"Tilk!\" \/>\n<meta property=\"article:publisher\" content=\"https:\/\/www.facebook.com\/tilk.bio\/\" \/>\n<meta property=\"article:modified_time\" content=\"2026-04-09T10:00:09+00:00\" \/>\n<meta property=\"og:image\" content=\"https:\/\/tilk.bio\/wp-content\/uploads\/2024\/07\/Untitled-design-3.jpg\" \/>\n\t<meta property=\"og:image:width\" content=\"1200\" \/>\n\t<meta property=\"og:image:height\" content=\"1200\" \/>\n\t<meta property=\"og:image:type\" content=\"image\/jpeg\" \/>\n<meta name=\"twitter:card\" content=\"summary_large_image\" \/>\n<meta name=\"twitter:label1\" content=\"Est. reading time\" \/>\n\t<meta name=\"twitter:data1\" content=\"1 minut\" \/>\n<script type=\"application\/ld+json\" class=\"yoast-schema-graph\">{\"@context\":\"https:\\\/\\\/schema.org\",\"@graph\":[{\"@type\":\"WebPage\",\"@id\":\"https:\\\/\\\/tilk.bio\\\/et\\\/pood\\\/orgaaniline-roosi-hudrosool-sarava-naha-jaoks\\\/\",\"url\":\"https:\\\/\\\/tilk.bio\\\/et\\\/pood\\\/orgaaniline-roosi-hudrosool-sarava-naha-jaoks\\\/\",\"name\":\"Orgaaniline roosi h\u00fcdrosool s\u00e4rava naha jaoks - Tilk!\",\"isPartOf\":{\"@id\":\"https:\\\/\\\/tilk.bio\\\/et\\\/#website\"},\"primaryImageOfPage\":{\"@id\":\"https:\\\/\\\/tilk.bio\\\/et\\\/pood\\\/orgaaniline-roosi-hudrosool-sarava-naha-jaoks\\\/#primaryimage\"},\"image\":{\"@id\":\"https:\\\/\\\/tilk.bio\\\/et\\\/pood\\\/orgaaniline-roosi-hudrosool-sarava-naha-jaoks\\\/#primaryimage\"},\"thumbnailUrl\":\"https:\\\/\\\/tilk.bio\\\/wp-content\\\/uploads\\\/2024\\\/07\\\/Untitled-design-3.jpg\",\"datePublished\":\"2024-07-02T21:19:54+00:00\",\"dateModified\":\"2026-04-09T10:00:09+00:00\",\"breadcrumb\":{\"@id\":\"https:\\\/\\\/tilk.bio\\\/et\\\/pood\\\/orgaaniline-roosi-hudrosool-sarava-naha-jaoks\\\/#breadcrumb\"},\"inLanguage\":\"et\",\"potentialAction\":[{\"@type\":\"ReadAction\",\"target\":[\"https:\\\/\\\/tilk.bio\\\/et\\\/pood\\\/orgaaniline-roosi-hudrosool-sarava-naha-jaoks\\\/\"]}]},{\"@type\":\"ImageObject\",\"inLanguage\":\"et\",\"@id\":\"https:\\\/\\\/tilk.bio\\\/et\\\/pood\\\/orgaaniline-roosi-hudrosool-sarava-naha-jaoks\\\/#primaryimage\",\"url\":\"https:\\\/\\\/tilk.bio\\\/wp-content\\\/uploads\\\/2024\\\/07\\\/Untitled-design-3.jpg\",\"contentUrl\":\"https:\\\/\\\/tilk.bio\\\/wp-content\\\/uploads\\\/2024\\\/07\\\/Untitled-design-3.jpg\",\"width\":1200,\"height\":1200},{\"@type\":\"BreadcrumbList\",\"@id\":\"https:\\\/\\\/tilk.bio\\\/et\\\/pood\\\/orgaaniline-roosi-hudrosool-sarava-naha-jaoks\\\/#breadcrumb\",\"itemListElement\":[{\"@type\":\"ListItem\",\"position\":1,\"name\":\"Home\",\"item\":\"https:\\\/\\\/tilk.bio\\\/et\\\/\"},{\"@type\":\"ListItem\",\"position\":2,\"name\":\"Pood\",\"item\":\"https:\\\/\\\/tilk.bio\\\/et\\\/pood\\\/\"},{\"@type\":\"ListItem\",\"position\":3,\"name\":\"Orgaaniline roosi h\u00fcdrosool s\u00e4rava naha jaoks\"}]},{\"@type\":\"WebSite\",\"@id\":\"https:\\\/\\\/tilk.bio\\\/et\\\/#website\",\"url\":\"https:\\\/\\\/tilk.bio\\\/et\\\/\",\"name\":\"Tilk!\",\"description\":\"Keskkonnas\u00f5bralik ja j\u00e4tkusuutlik looduskosmeetika Saaremaalt.\",\"potentialAction\":[{\"@type\":\"SearchAction\",\"target\":{\"@type\":\"EntryPoint\",\"urlTemplate\":\"https:\\\/\\\/tilk.bio\\\/et\\\/?s={search_term_string}\"},\"query-input\":{\"@type\":\"PropertyValueSpecification\",\"valueRequired\":true,\"valueName\":\"search_term_string\"}}],\"inLanguage\":\"et\"}]}<\/script>\n<!-- \/ Yoast SEO plugin. -->","yoast_head_json":{"title":"Orgaaniline roosi h\u00fcdrosool s\u00e4rava naha jaoks - Tilk!","robots":{"index":"index","follow":"follow","max-snippet":"max-snippet:-1","max-image-preview":"max-image-preview:large","max-video-preview":"max-video-preview:-1"},"canonical":"https:\/\/tilk.bio\/et\/pood\/orgaaniline-roosi-hudrosool-sarava-naha-jaoks\/","og_locale":"et_EE","og_type":"article","og_title":"Orgaaniline roosi h\u00fcdrosool s\u00e4rava naha jaoks - Tilk!","og_description":"Orgaaniline roosi h\u00fcdrosool rahustab meeli, kosutab ning annab v\u00e4sinud ja hallile nahale s\u00e4ra ning eluj\u00f5udu. T\u00e4nu oma toniseerivatele omadustele sobib roosi h\u00fcdrosool n\u00e4otoonikuks k\u00f5ikidele nahat\u00fc\u00fcpidele, ka v\u00e4ga kuivale ning vananemisilmingutega nahale.\u00a0 Spirituaalseks teekonnaks loob roosi h\u00fcdrosool rahulolu energiat. Roos \u00fctleb, et sa oled ilus, armastatud ja hoitud. Lilleveed ehk h\u00fcdrosoolid valmistatakse taimeosadest destilleerimise teel. Destilleerimise...","og_url":"https:\/\/tilk.bio\/et\/pood\/orgaaniline-roosi-hudrosool-sarava-naha-jaoks\/","og_site_name":"Tilk!","article_publisher":"https:\/\/www.facebook.com\/tilk.bio\/","article_modified_time":"2026-04-09T10:00:09+00:00","og_image":[{"width":1200,"height":1200,"url":"https:\/\/tilk.bio\/wp-content\/uploads\/2024\/07\/Untitled-design-3.jpg","type":"image\/jpeg"}],"twitter_card":"summary_large_image","twitter_misc":{"Est. reading time":"1 minut"},"schema":{"@context":"https:\/\/schema.org","@graph":[{"@type":"WebPage","@id":"https:\/\/tilk.bio\/et\/pood\/orgaaniline-roosi-hudrosool-sarava-naha-jaoks\/","url":"https:\/\/tilk.bio\/et\/pood\/orgaaniline-roosi-hudrosool-sarava-naha-jaoks\/","name":"Orgaaniline roosi h\u00fcdrosool s\u00e4rava naha jaoks - Tilk!","isPartOf":{"@id":"https:\/\/tilk.bio\/et\/#website"},"primaryImageOfPage":{"@id":"https:\/\/tilk.bio\/et\/pood\/orgaaniline-roosi-hudrosool-sarava-naha-jaoks\/#primaryimage"},"image":{"@id":"https:\/\/tilk.bio\/et\/pood\/orgaaniline-roosi-hudrosool-sarava-naha-jaoks\/#primaryimage"},"thumbnailUrl":"https:\/\/tilk.bio\/wp-content\/uploads\/2024\/07\/Untitled-design-3.jpg","datePublished":"2024-07-02T21:19:54+00:00","dateModified":"2026-04-09T10:00:09+00:00","breadcrumb":{"@id":"https:\/\/tilk.bio\/et\/pood\/orgaaniline-roosi-hudrosool-sarava-naha-jaoks\/#breadcrumb"},"inLanguage":"et","potentialAction":[{"@type":"ReadAction","target":["https:\/\/tilk.bio\/et\/pood\/orgaaniline-roosi-hudrosool-sarava-naha-jaoks\/"]}]},{"@type":"ImageObject","inLanguage":"et","@id":"https:\/\/tilk.bio\/et\/pood\/orgaaniline-roosi-hudrosool-sarava-naha-jaoks\/#primaryimage","url":"https:\/\/tilk.bio\/wp-content\/uploads\/2024\/07\/Untitled-design-3.jpg","contentUrl":"https:\/\/tilk.bio\/wp-content\/uploads\/2024\/07\/Untitled-design-3.jpg","width":1200,"height":1200},{"@type":"BreadcrumbList","@id":"https:\/\/tilk.bio\/et\/pood\/orgaaniline-roosi-hudrosool-sarava-naha-jaoks\/#breadcrumb","itemListElement":[{"@type":"ListItem","position":1,"name":"Home","item":"https:\/\/tilk.bio\/et\/"},{"@type":"ListItem","position":2,"name":"Pood","item":"https:\/\/tilk.bio\/et\/pood\/"},{"@type":"ListItem","position":3,"name":"Orgaaniline roosi h\u00fcdrosool s\u00e4rava naha jaoks"}]},{"@type":"WebSite","@id":"https:\/\/tilk.bio\/et\/#website","url":"https:\/\/tilk.bio\/et\/","name":"Tilk!","description":"Keskkonnas\u00f5bralik ja j\u00e4tkusuutlik looduskosmeetika Saaremaalt.","potentialAction":[{"@type":"SearchAction","target":{"@type":"EntryPoint","urlTemplate":"https:\/\/tilk.bio\/et\/?s={search_term_string}"},"query-input":{"@type":"PropertyValueSpecification","valueRequired":true,"valueName":"search_term_string"}}],"inLanguage":"et"}]}},"_links":{"self":[{"href":"https:\/\/tilk.bio\/et\/wp-json\/wp\/v2\/product\/71709","targetHints":{"allow":["GET"]}}],"collection":[{"href":"https:\/\/tilk.bio\/et\/wp-json\/wp\/v2\/product"}],"about":[{"href":"https:\/\/tilk.bio\/et\/wp-json\/wp\/v2\/types\/product"}],"replies":[{"embeddable":true,"href":"https:\/\/tilk.bio\/et\/wp-json\/wp\/v2\/comments?post=71709"}],"wp:featuredmedia":[{"embeddable":true,"href":"https:\/\/tilk.bio\/et\/wp-json\/wp\/v2\/media\/71723"}],"wp:attachment":[{"href":"https:\/\/tilk.bio\/et\/wp-json\/wp\/v2\/media?parent=71709"}],"wp:term":[{"taxonomy":"product_brand","embeddable":true,"href":"https:\/\/tilk.bio\/et\/wp-json\/wp\/v2\/product_brand?post=71709"},{"taxonomy":"product_cat","embeddable":true,"href":"https:\/\/tilk.bio\/et\/wp-json\/wp\/v2\/product_cat?post=71709"},{"taxonomy":"product_tag","embeddable":true,"href":"https:\/\/tilk.bio\/et\/wp-json\/wp\/v2\/product_tag?post=71709"}],"curies":[{"name":"wp","href":"https:\/\/api.w.org\/{rel}","templated":true}]}}