{"id":71711,"date":"2024-07-03T00:36:36","date_gmt":"2024-07-02T21:36:36","guid":{"rendered":"https:\/\/tilk.bio\/shop\/unisex-deodorant-musta-pipra-lavendliga\/"},"modified":"2026-03-25T08:00:05","modified_gmt":"2026-03-25T06:00:05","slug":"unisex-deodorant-musta-pipra-lavendliga","status":"publish","type":"product","link":"https:\/\/tilk.bio\/et\/pood\/unisex-deodorant-musta-pipra-lavendliga\/","title":{"rendered":"Unisex deodorant musta pipra &#038; lavendliga"},"content":{"rendered":"<p>100% naturaalne deodorant musta pipraga on m\u00f5eldud liigse higistamise tasakaalustamiseks ning ebameeldiva l\u00f5hna neutraliseerimiseks. T\u00e4iesti looduslikest komponentidest valmistatud deodorant annab v\u00e4rske tunde terveks p\u00e4evaks.<\/p>\n<p>Ebameeldivate l\u00f5hnade neutraliseerimise ning j\u00e4\u00e4kainete eemaldamise jaoks on deodoranti lisatud sooda. Sheav\u00f5i ja kookos\u00f5li niisutavad nahka, nooljuure jahu \u00f5rn koostis imab liigse niiskuse. Saialille, kortslehe ja p\u00f5ldosja bioaktiivsed toimeained omavad puhastavaid toimeaineid ning m\u00f5juvad p\u00f5letikuvastaselt. Deodorandi l\u00f5hnas on tunda lavendlit, bergamoti ja musta pipart.<\/p>\n<p>Kasutamine: Kanna v\u00e4ike kogus naturaalset deodorantkreemi n\u00e4puotsa v\u00f5i spaatliga kaenla alla ja masseeri \u00f5rnalt naha sisse.<\/p>\n<p>Deodorandi koostisosad on looduslikku p\u00e4ritolu ja vegan. Deodorandi loomisel on kasutatud Saaremaalt k\u00e4sitsi korjatud taimede \u00f5lisid<\/p>\n<p>Hoiustamine: Soovitame hoida deodoranti kaitstuna otsese p\u00e4ikesevalguse eest ja temperatuuril alla +25 kraadi.<\/p>\n<p>Kogus: 50ml<\/p>\n","protected":false},"excerpt":{"rendered":"<p>100% naturaalne deodorant musta pipraga on m\u00f5eldud liigse higistamise tasakaalustamiseks ning ebameeldiva l\u00f5hna neutraliseerimiseks. T\u00e4iesti looduslikest komponentidest valmistatud deodorant annab v\u00e4rske tunde terveks p\u00e4evaks. Ebameeldivate l\u00f5hnade neutraliseerimise ning j\u00e4\u00e4kainete eemaldamise jaoks on deodoranti lisatud sooda. Sheav\u00f5i ja kookos\u00f5li niisutavad nahka, nooljuure jahu \u00f5rn koostis imab liigse niiskuse. Saialille, kortslehe ja p\u00f5ldosja bioaktiivsed toimeained omavad puhastavaid&#8230;<\/p>\n","protected":false},"featured_media":71719,"comment_status":"open","ping_status":"closed","template":"","meta":{"_acf_changed":false},"product_brand":[],"product_cat":[607,495,389,912,713,725],"product_tag":[],"class_list":{"0":"post-71711","1":"product","2":"type-product","3":"status-publish","4":"has-post-thumbnail","6":"product_cat-deodorandid","7":"product_cat-kehale","8":"product_cat-koik-tooted","9":"product_cat-sheavoi","10":"product_cat-tilk-herbal-et","11":"product_cat-tooteseeriad-et","13":"first","14":"instock","15":"taxable","16":"shipping-taxable","17":"purchasable","18":"product-type-simple"},"acf":[],"yoast_head":"<!-- This site is optimized with the Yoast SEO plugin v27.3 - https:\/\/yoast.com\/product\/yoast-seo-wordpress\/ -->\n<title>Unisex deodorant musta pipra &amp; lavendliga - Tilk!<\/title>\n<meta name=\"robots\" content=\"index, follow, max-snippet:-1, max-image-preview:large, max-video-preview:-1\" \/>\n<link rel=\"canonical\" href=\"https:\/\/tilk.bio\/et\/pood\/unisex-deodorant-musta-pipra-lavendliga\/\" \/>\n<meta property=\"og:locale\" content=\"et_EE\" \/>\n<meta property=\"og:type\" content=\"article\" \/>\n<meta property=\"og:title\" content=\"Unisex deodorant musta pipra &amp; lavendliga - Tilk!\" \/>\n<meta property=\"og:description\" content=\"100% naturaalne deodorant musta pipraga on m\u00f5eldud liigse higistamise tasakaalustamiseks ning ebameeldiva l\u00f5hna neutraliseerimiseks. T\u00e4iesti looduslikest komponentidest valmistatud deodorant annab v\u00e4rske tunde terveks p\u00e4evaks. Ebameeldivate l\u00f5hnade neutraliseerimise ning j\u00e4\u00e4kainete eemaldamise jaoks on deodoranti lisatud sooda. Sheav\u00f5i ja kookos\u00f5li niisutavad nahka, nooljuure jahu \u00f5rn koostis imab liigse niiskuse. Saialille, kortslehe ja p\u00f5ldosja bioaktiivsed toimeained omavad puhastavaid...\" \/>\n<meta property=\"og:url\" content=\"https:\/\/tilk.bio\/et\/pood\/unisex-deodorant-musta-pipra-lavendliga\/\" \/>\n<meta property=\"og:site_name\" content=\"Tilk!\" \/>\n<meta property=\"article:publisher\" content=\"https:\/\/www.facebook.com\/tilk.bio\/\" \/>\n<meta property=\"article:modified_time\" content=\"2026-03-25T06:00:05+00:00\" \/>\n<meta property=\"og:image\" content=\"https:\/\/tilk.bio\/wp-content\/uploads\/2024\/07\/2.jpg\" \/>\n\t<meta property=\"og:image:width\" content=\"1200\" \/>\n\t<meta property=\"og:image:height\" content=\"1200\" \/>\n\t<meta property=\"og:image:type\" content=\"image\/jpeg\" \/>\n<meta name=\"twitter:card\" content=\"summary_large_image\" \/>\n<meta name=\"twitter:label1\" content=\"Est. reading time\" \/>\n\t<meta name=\"twitter:data1\" content=\"1 minut\" \/>\n<script type=\"application\/ld+json\" class=\"yoast-schema-graph\">{\"@context\":\"https:\\\/\\\/schema.org\",\"@graph\":[{\"@type\":\"WebPage\",\"@id\":\"https:\\\/\\\/tilk.bio\\\/et\\\/pood\\\/unisex-deodorant-musta-pipra-lavendliga\\\/\",\"url\":\"https:\\\/\\\/tilk.bio\\\/et\\\/pood\\\/unisex-deodorant-musta-pipra-lavendliga\\\/\",\"name\":\"Unisex deodorant musta pipra & lavendliga - Tilk!\",\"isPartOf\":{\"@id\":\"https:\\\/\\\/tilk.bio\\\/et\\\/#website\"},\"primaryImageOfPage\":{\"@id\":\"https:\\\/\\\/tilk.bio\\\/et\\\/pood\\\/unisex-deodorant-musta-pipra-lavendliga\\\/#primaryimage\"},\"image\":{\"@id\":\"https:\\\/\\\/tilk.bio\\\/et\\\/pood\\\/unisex-deodorant-musta-pipra-lavendliga\\\/#primaryimage\"},\"thumbnailUrl\":\"https:\\\/\\\/tilk.bio\\\/wp-content\\\/uploads\\\/2024\\\/07\\\/2.jpg\",\"datePublished\":\"2024-07-02T21:36:36+00:00\",\"dateModified\":\"2026-03-25T06:00:05+00:00\",\"breadcrumb\":{\"@id\":\"https:\\\/\\\/tilk.bio\\\/et\\\/pood\\\/unisex-deodorant-musta-pipra-lavendliga\\\/#breadcrumb\"},\"inLanguage\":\"et\",\"potentialAction\":[{\"@type\":\"ReadAction\",\"target\":[\"https:\\\/\\\/tilk.bio\\\/et\\\/pood\\\/unisex-deodorant-musta-pipra-lavendliga\\\/\"]}]},{\"@type\":\"ImageObject\",\"inLanguage\":\"et\",\"@id\":\"https:\\\/\\\/tilk.bio\\\/et\\\/pood\\\/unisex-deodorant-musta-pipra-lavendliga\\\/#primaryimage\",\"url\":\"https:\\\/\\\/tilk.bio\\\/wp-content\\\/uploads\\\/2024\\\/07\\\/2.jpg\",\"contentUrl\":\"https:\\\/\\\/tilk.bio\\\/wp-content\\\/uploads\\\/2024\\\/07\\\/2.jpg\",\"width\":1200,\"height\":1200,\"caption\":\"unisex-deodorant-with-black-better-lavender\"},{\"@type\":\"BreadcrumbList\",\"@id\":\"https:\\\/\\\/tilk.bio\\\/et\\\/pood\\\/unisex-deodorant-musta-pipra-lavendliga\\\/#breadcrumb\",\"itemListElement\":[{\"@type\":\"ListItem\",\"position\":1,\"name\":\"Home\",\"item\":\"https:\\\/\\\/tilk.bio\\\/et\\\/\"},{\"@type\":\"ListItem\",\"position\":2,\"name\":\"Pood\",\"item\":\"https:\\\/\\\/tilk.bio\\\/et\\\/pood\\\/\"},{\"@type\":\"ListItem\",\"position\":3,\"name\":\"Unisex deodorant musta pipra &#038; lavendliga\"}]},{\"@type\":\"WebSite\",\"@id\":\"https:\\\/\\\/tilk.bio\\\/et\\\/#website\",\"url\":\"https:\\\/\\\/tilk.bio\\\/et\\\/\",\"name\":\"Tilk!\",\"description\":\"Keskkonnas\u00f5bralik ja j\u00e4tkusuutlik looduskosmeetika Saaremaalt.\",\"potentialAction\":[{\"@type\":\"SearchAction\",\"target\":{\"@type\":\"EntryPoint\",\"urlTemplate\":\"https:\\\/\\\/tilk.bio\\\/et\\\/?s={search_term_string}\"},\"query-input\":{\"@type\":\"PropertyValueSpecification\",\"valueRequired\":true,\"valueName\":\"search_term_string\"}}],\"inLanguage\":\"et\"}]}<\/script>\n<!-- \/ Yoast SEO plugin. -->","yoast_head_json":{"title":"Unisex deodorant musta pipra & lavendliga - Tilk!","robots":{"index":"index","follow":"follow","max-snippet":"max-snippet:-1","max-image-preview":"max-image-preview:large","max-video-preview":"max-video-preview:-1"},"canonical":"https:\/\/tilk.bio\/et\/pood\/unisex-deodorant-musta-pipra-lavendliga\/","og_locale":"et_EE","og_type":"article","og_title":"Unisex deodorant musta pipra & lavendliga - Tilk!","og_description":"100% naturaalne deodorant musta pipraga on m\u00f5eldud liigse higistamise tasakaalustamiseks ning ebameeldiva l\u00f5hna neutraliseerimiseks. T\u00e4iesti looduslikest komponentidest valmistatud deodorant annab v\u00e4rske tunde terveks p\u00e4evaks. Ebameeldivate l\u00f5hnade neutraliseerimise ning j\u00e4\u00e4kainete eemaldamise jaoks on deodoranti lisatud sooda. Sheav\u00f5i ja kookos\u00f5li niisutavad nahka, nooljuure jahu \u00f5rn koostis imab liigse niiskuse. Saialille, kortslehe ja p\u00f5ldosja bioaktiivsed toimeained omavad puhastavaid...","og_url":"https:\/\/tilk.bio\/et\/pood\/unisex-deodorant-musta-pipra-lavendliga\/","og_site_name":"Tilk!","article_publisher":"https:\/\/www.facebook.com\/tilk.bio\/","article_modified_time":"2026-03-25T06:00:05+00:00","og_image":[{"width":1200,"height":1200,"url":"https:\/\/tilk.bio\/wp-content\/uploads\/2024\/07\/2.jpg","type":"image\/jpeg"}],"twitter_card":"summary_large_image","twitter_misc":{"Est. reading time":"1 minut"},"schema":{"@context":"https:\/\/schema.org","@graph":[{"@type":"WebPage","@id":"https:\/\/tilk.bio\/et\/pood\/unisex-deodorant-musta-pipra-lavendliga\/","url":"https:\/\/tilk.bio\/et\/pood\/unisex-deodorant-musta-pipra-lavendliga\/","name":"Unisex deodorant musta pipra & lavendliga - Tilk!","isPartOf":{"@id":"https:\/\/tilk.bio\/et\/#website"},"primaryImageOfPage":{"@id":"https:\/\/tilk.bio\/et\/pood\/unisex-deodorant-musta-pipra-lavendliga\/#primaryimage"},"image":{"@id":"https:\/\/tilk.bio\/et\/pood\/unisex-deodorant-musta-pipra-lavendliga\/#primaryimage"},"thumbnailUrl":"https:\/\/tilk.bio\/wp-content\/uploads\/2024\/07\/2.jpg","datePublished":"2024-07-02T21:36:36+00:00","dateModified":"2026-03-25T06:00:05+00:00","breadcrumb":{"@id":"https:\/\/tilk.bio\/et\/pood\/unisex-deodorant-musta-pipra-lavendliga\/#breadcrumb"},"inLanguage":"et","potentialAction":[{"@type":"ReadAction","target":["https:\/\/tilk.bio\/et\/pood\/unisex-deodorant-musta-pipra-lavendliga\/"]}]},{"@type":"ImageObject","inLanguage":"et","@id":"https:\/\/tilk.bio\/et\/pood\/unisex-deodorant-musta-pipra-lavendliga\/#primaryimage","url":"https:\/\/tilk.bio\/wp-content\/uploads\/2024\/07\/2.jpg","contentUrl":"https:\/\/tilk.bio\/wp-content\/uploads\/2024\/07\/2.jpg","width":1200,"height":1200,"caption":"unisex-deodorant-with-black-better-lavender"},{"@type":"BreadcrumbList","@id":"https:\/\/tilk.bio\/et\/pood\/unisex-deodorant-musta-pipra-lavendliga\/#breadcrumb","itemListElement":[{"@type":"ListItem","position":1,"name":"Home","item":"https:\/\/tilk.bio\/et\/"},{"@type":"ListItem","position":2,"name":"Pood","item":"https:\/\/tilk.bio\/et\/pood\/"},{"@type":"ListItem","position":3,"name":"Unisex deodorant musta pipra &#038; lavendliga"}]},{"@type":"WebSite","@id":"https:\/\/tilk.bio\/et\/#website","url":"https:\/\/tilk.bio\/et\/","name":"Tilk!","description":"Keskkonnas\u00f5bralik ja j\u00e4tkusuutlik looduskosmeetika Saaremaalt.","potentialAction":[{"@type":"SearchAction","target":{"@type":"EntryPoint","urlTemplate":"https:\/\/tilk.bio\/et\/?s={search_term_string}"},"query-input":{"@type":"PropertyValueSpecification","valueRequired":true,"valueName":"search_term_string"}}],"inLanguage":"et"}]}},"_links":{"self":[{"href":"https:\/\/tilk.bio\/et\/wp-json\/wp\/v2\/product\/71711","targetHints":{"allow":["GET"]}}],"collection":[{"href":"https:\/\/tilk.bio\/et\/wp-json\/wp\/v2\/product"}],"about":[{"href":"https:\/\/tilk.bio\/et\/wp-json\/wp\/v2\/types\/product"}],"replies":[{"embeddable":true,"href":"https:\/\/tilk.bio\/et\/wp-json\/wp\/v2\/comments?post=71711"}],"wp:featuredmedia":[{"embeddable":true,"href":"https:\/\/tilk.bio\/et\/wp-json\/wp\/v2\/media\/71719"}],"wp:attachment":[{"href":"https:\/\/tilk.bio\/et\/wp-json\/wp\/v2\/media?parent=71711"}],"wp:term":[{"taxonomy":"product_brand","embeddable":true,"href":"https:\/\/tilk.bio\/et\/wp-json\/wp\/v2\/product_brand?post=71711"},{"taxonomy":"product_cat","embeddable":true,"href":"https:\/\/tilk.bio\/et\/wp-json\/wp\/v2\/product_cat?post=71711"},{"taxonomy":"product_tag","embeddable":true,"href":"https:\/\/tilk.bio\/et\/wp-json\/wp\/v2\/product_tag?post=71711"}],"curies":[{"name":"wp","href":"https:\/\/api.w.org\/{rel}","templated":true}]}}