{"id":73045,"date":"2024-11-06T00:22:05","date_gmt":"2024-11-05T22:22:05","guid":{"rendered":"https:\/\/tilk.bio\/shop\/a-la-carte-ilutootevalik\/"},"modified":"2024-12-01T13:59:18","modified_gmt":"2024-12-01T11:59:18","slug":"a-la-carte-ilutootevalik","status":"publish","type":"product","link":"https:\/\/tilk.bio\/et\/pood\/a-la-carte-ilutootevalik\/","title":{"rendered":"\u00c0 LA CARTE ILUTOOTEVALIK"},"content":{"rendered":"","protected":false},"excerpt":{"rendered":"<p><span style=\"font-weight: 400;\">\u00dcllata oma l\u00e4hedast personaalse nahakonsultatsiooni &amp; \u00c0 LA CARTE ilutootevalikuga. Pakett koosneb kolmes osast:\u00a0<\/span><\/p>\n<p><b>E S I M E N E K \u00c4 I K (30 minutit, online)<\/b><\/p>\n<p><i><span style=\"font-weight: 400;\">Personaalne konsultatsioon naha hetkeolukorra ja tootevajaduste hindamiseks. Konsultatsiooni k\u00e4igus kaardistame naha seisundi ning m\u00e4\u00e4ratleme just Sinu nahale sobivad hooldustooted ja koostisosad.<\/span><\/i><\/p>\n<p><b>T E I N E K \u00c4 I K (2-3h, Tallinn)<\/b><\/p>\n<p><i><span style=\"font-weight: 400;\">\u00dche sobiva nahahooldustoote valmistamine vastavalt Sinu tooraine eelistustele. Valmistame Sinu nahale ideaalselt sobivad hooldustooted, arvestades valitud toimeaineid ja koostisosi, et saavutada parim tulemus.<\/span><\/i><\/p>\n<p><b>MAGUSTOIT<\/b><\/p>\n<p><i><span style=\"font-weight: 400;\">\u00dcllatuskingitus tilk! tootevalikust.<\/span><\/i><\/p>\n<p><b>M E N \u00dc \u00dc :<\/b><\/p>\n<ul>\n<li style=\"font-weight: 400;\" aria-level=\"1\"><span style=\"font-weight: 400;\">N\u00e4okreem<\/span><\/li>\n<li style=\"font-weight: 400;\" aria-level=\"1\"><span style=\"font-weight: 400;\">Kehakreem<\/span><\/li>\n<li style=\"font-weight: 400;\" aria-level=\"1\"><span style=\"font-weight: 400;\">Kehalosjoon<\/span><\/li>\n<li style=\"font-weight: 400;\" aria-level=\"1\"><span style=\"font-weight: 400;\">N\u00e4oseerum (\u00f5li- v\u00f5i veep\u00f5hine)<\/span><\/li>\n<li style=\"font-weight: 400;\" aria-level=\"1\"><span style=\"font-weight: 400;\">K\u00e4tekreem<\/span><\/li>\n<li style=\"font-weight: 400;\" aria-level=\"1\"><span style=\"font-weight: 400;\">N\u00e4otoonik<\/span><\/li>\n<li style=\"font-weight: 400;\" aria-level=\"1\"><span style=\"font-weight: 400;\">Sinu ettepanekud<\/span><\/li>\n<\/ul>\n<p>Konsultatsiooni ja t\u00f6\u00f6tuba viib l\u00e4bi Pille Lengi, kes on Tilk! br\u00e4ndi looja ja rahvusvaheliselt sertifitseeritud nahahooldusn\u00f5ustaja (skincare coach).<\/p>\n<p><b>Kinkekaart saadetakse e-posti teel p\u00e4rast tellimuse vormistamist.<\/b><\/p>\n","protected":false},"featured_media":73487,"comment_status":"open","ping_status":"closed","template":"","meta":{"_acf_changed":false},"product_brand":[],"product_cat":[371,389],"product_tag":[],"class_list":{"0":"post-73045","1":"product","2":"type-product","3":"status-publish","4":"has-post-thumbnail","6":"product_cat-kinkekaart","7":"product_cat-koik-tooted","9":"first","10":"instock","11":"virtual","12":"taxable","13":"purchasable","14":"product-type-simple"},"acf":[],"yoast_head":"<!-- This site is optimized with the Yoast SEO plugin v27.3 - https:\/\/yoast.com\/product\/yoast-seo-wordpress\/ -->\n<title>\u00c0 LA CARTE ILUTOOTEVALIK - Tilk!<\/title>\n<meta name=\"robots\" content=\"index, follow, max-snippet:-1, max-image-preview:large, max-video-preview:-1\" \/>\n<link rel=\"canonical\" href=\"https:\/\/tilk.bio\/et\/pood\/a-la-carte-ilutootevalik\/\" \/>\n<meta property=\"og:locale\" content=\"et_EE\" \/>\n<meta property=\"og:type\" content=\"article\" \/>\n<meta property=\"og:title\" content=\"\u00c0 LA CARTE ILUTOOTEVALIK - Tilk!\" \/>\n<meta property=\"og:description\" content=\"\u00dcllata oma l\u00e4hedast personaalse nahakonsultatsiooni &amp; \u00c0 LA CARTE ilutootevalikuga. Pakett koosneb kolmes osast:\u00a0  E S I M E N E K \u00c4 I K (30 minutit, online)  Personaalne konsultatsioon naha hetkeolukorra ja tootevajaduste hindamiseks. Konsultatsiooni k\u00e4igus kaardistame naha seisundi ning m\u00e4\u00e4ratleme just Sinu nahale sobivad hooldustooted ja koostisosad.  T E I N E K \u00c4 I K (2-3h, Tallinn)  \u00dche sobiva nahahooldustoote valmistamine vastavalt Sinu tooraine eelistustele. Valmistame Sinu nahale ideaalselt sobivad hooldustooted, arvestades valitud toimeaineid ja koostisosi, et saavutada parim tulemus.  MAGUSTOIT  \u00dcllatuskingitus tilk! tootevalikust.  M E N \u00dc \u00dc :   N\u00e4okreem  Kehakreem  Kehalosjoon  N\u00e4oseerum (\u00f5li- v\u00f5i veep\u00f5hine)  K\u00e4tekreem  N\u00e4otoonik  Sinu ettepanekud  Konsultatsiooni ja t\u00f6\u00f6tuba viib l\u00e4bi Pille Lengi, kes on Tilk! br\u00e4ndi looja ja rahvusvaheliselt sertifitseeritud nahahooldusn\u00f5ustaja (skincare coach).  Kinkekaart saadetakse e-posti teel p\u00e4rast tellimuse vormistamist.\" \/>\n<meta property=\"og:url\" content=\"https:\/\/tilk.bio\/et\/pood\/a-la-carte-ilutootevalik\/\" \/>\n<meta property=\"og:site_name\" content=\"Tilk!\" \/>\n<meta property=\"article:publisher\" content=\"https:\/\/www.facebook.com\/tilk.bio\/\" \/>\n<meta property=\"article:modified_time\" content=\"2024-12-01T11:59:18+00:00\" \/>\n<meta property=\"og:image\" content=\"https:\/\/tilk.bio\/wp-content\/uploads\/2024\/11\/a-la-carte-Ilutoodetevalik-.jpg\" \/>\n\t<meta property=\"og:image:width\" content=\"1080\" \/>\n\t<meta property=\"og:image:height\" content=\"1080\" \/>\n\t<meta property=\"og:image:type\" content=\"image\/jpeg\" \/>\n<meta name=\"twitter:card\" content=\"summary_large_image\" \/>\n<script type=\"application\/ld+json\" class=\"yoast-schema-graph\">{\"@context\":\"https:\\\/\\\/schema.org\",\"@graph\":[{\"@type\":\"WebPage\",\"@id\":\"https:\\\/\\\/tilk.bio\\\/et\\\/pood\\\/a-la-carte-ilutootevalik\\\/\",\"url\":\"https:\\\/\\\/tilk.bio\\\/et\\\/pood\\\/a-la-carte-ilutootevalik\\\/\",\"name\":\"\u00c0 LA CARTE ILUTOOTEVALIK - Tilk!\",\"isPartOf\":{\"@id\":\"https:\\\/\\\/tilk.bio\\\/et\\\/#website\"},\"primaryImageOfPage\":{\"@id\":\"https:\\\/\\\/tilk.bio\\\/et\\\/pood\\\/a-la-carte-ilutootevalik\\\/#primaryimage\"},\"image\":{\"@id\":\"https:\\\/\\\/tilk.bio\\\/et\\\/pood\\\/a-la-carte-ilutootevalik\\\/#primaryimage\"},\"thumbnailUrl\":\"https:\\\/\\\/tilk.bio\\\/wp-content\\\/uploads\\\/2024\\\/11\\\/a-la-carte-Ilutoodetevalik-.jpg\",\"datePublished\":\"2024-11-05T22:22:05+00:00\",\"dateModified\":\"2024-12-01T11:59:18+00:00\",\"breadcrumb\":{\"@id\":\"https:\\\/\\\/tilk.bio\\\/et\\\/pood\\\/a-la-carte-ilutootevalik\\\/#breadcrumb\"},\"inLanguage\":\"et\",\"potentialAction\":[{\"@type\":\"ReadAction\",\"target\":[\"https:\\\/\\\/tilk.bio\\\/et\\\/pood\\\/a-la-carte-ilutootevalik\\\/\"]}]},{\"@type\":\"ImageObject\",\"inLanguage\":\"et\",\"@id\":\"https:\\\/\\\/tilk.bio\\\/et\\\/pood\\\/a-la-carte-ilutootevalik\\\/#primaryimage\",\"url\":\"https:\\\/\\\/tilk.bio\\\/wp-content\\\/uploads\\\/2024\\\/11\\\/a-la-carte-Ilutoodetevalik-.jpg\",\"contentUrl\":\"https:\\\/\\\/tilk.bio\\\/wp-content\\\/uploads\\\/2024\\\/11\\\/a-la-carte-Ilutoodetevalik-.jpg\",\"width\":1080,\"height\":1080},{\"@type\":\"BreadcrumbList\",\"@id\":\"https:\\\/\\\/tilk.bio\\\/et\\\/pood\\\/a-la-carte-ilutootevalik\\\/#breadcrumb\",\"itemListElement\":[{\"@type\":\"ListItem\",\"position\":1,\"name\":\"Home\",\"item\":\"https:\\\/\\\/tilk.bio\\\/et\\\/\"},{\"@type\":\"ListItem\",\"position\":2,\"name\":\"Pood\",\"item\":\"https:\\\/\\\/tilk.bio\\\/et\\\/pood\\\/\"},{\"@type\":\"ListItem\",\"position\":3,\"name\":\"\u00c0 LA CARTE ILUTOOTEVALIK\"}]},{\"@type\":\"WebSite\",\"@id\":\"https:\\\/\\\/tilk.bio\\\/et\\\/#website\",\"url\":\"https:\\\/\\\/tilk.bio\\\/et\\\/\",\"name\":\"Tilk!\",\"description\":\"Keskkonnas\u00f5bralik ja j\u00e4tkusuutlik looduskosmeetika Saaremaalt.\",\"potentialAction\":[{\"@type\":\"SearchAction\",\"target\":{\"@type\":\"EntryPoint\",\"urlTemplate\":\"https:\\\/\\\/tilk.bio\\\/et\\\/?s={search_term_string}\"},\"query-input\":{\"@type\":\"PropertyValueSpecification\",\"valueRequired\":true,\"valueName\":\"search_term_string\"}}],\"inLanguage\":\"et\"}]}<\/script>\n<!-- \/ Yoast SEO plugin. -->","yoast_head_json":{"title":"\u00c0 LA CARTE ILUTOOTEVALIK - Tilk!","robots":{"index":"index","follow":"follow","max-snippet":"max-snippet:-1","max-image-preview":"max-image-preview:large","max-video-preview":"max-video-preview:-1"},"canonical":"https:\/\/tilk.bio\/et\/pood\/a-la-carte-ilutootevalik\/","og_locale":"et_EE","og_type":"article","og_title":"\u00c0 LA CARTE ILUTOOTEVALIK - Tilk!","og_description":"\u00dcllata oma l\u00e4hedast personaalse nahakonsultatsiooni &amp; \u00c0 LA CARTE ilutootevalikuga. Pakett koosneb kolmes osast:\u00a0  E S I M E N E K \u00c4 I K (30 minutit, online)  Personaalne konsultatsioon naha hetkeolukorra ja tootevajaduste hindamiseks. Konsultatsiooni k\u00e4igus kaardistame naha seisundi ning m\u00e4\u00e4ratleme just Sinu nahale sobivad hooldustooted ja koostisosad.  T E I N E K \u00c4 I K (2-3h, Tallinn)  \u00dche sobiva nahahooldustoote valmistamine vastavalt Sinu tooraine eelistustele. Valmistame Sinu nahale ideaalselt sobivad hooldustooted, arvestades valitud toimeaineid ja koostisosi, et saavutada parim tulemus.  MAGUSTOIT  \u00dcllatuskingitus tilk! tootevalikust.  M E N \u00dc \u00dc :   N\u00e4okreem  Kehakreem  Kehalosjoon  N\u00e4oseerum (\u00f5li- v\u00f5i veep\u00f5hine)  K\u00e4tekreem  N\u00e4otoonik  Sinu ettepanekud  Konsultatsiooni ja t\u00f6\u00f6tuba viib l\u00e4bi Pille Lengi, kes on Tilk! br\u00e4ndi looja ja rahvusvaheliselt sertifitseeritud nahahooldusn\u00f5ustaja (skincare coach).  Kinkekaart saadetakse e-posti teel p\u00e4rast tellimuse vormistamist.","og_url":"https:\/\/tilk.bio\/et\/pood\/a-la-carte-ilutootevalik\/","og_site_name":"Tilk!","article_publisher":"https:\/\/www.facebook.com\/tilk.bio\/","article_modified_time":"2024-12-01T11:59:18+00:00","og_image":[{"width":1080,"height":1080,"url":"https:\/\/tilk.bio\/wp-content\/uploads\/2024\/11\/a-la-carte-Ilutoodetevalik-.jpg","type":"image\/jpeg"}],"twitter_card":"summary_large_image","schema":{"@context":"https:\/\/schema.org","@graph":[{"@type":"WebPage","@id":"https:\/\/tilk.bio\/et\/pood\/a-la-carte-ilutootevalik\/","url":"https:\/\/tilk.bio\/et\/pood\/a-la-carte-ilutootevalik\/","name":"\u00c0 LA CARTE ILUTOOTEVALIK - Tilk!","isPartOf":{"@id":"https:\/\/tilk.bio\/et\/#website"},"primaryImageOfPage":{"@id":"https:\/\/tilk.bio\/et\/pood\/a-la-carte-ilutootevalik\/#primaryimage"},"image":{"@id":"https:\/\/tilk.bio\/et\/pood\/a-la-carte-ilutootevalik\/#primaryimage"},"thumbnailUrl":"https:\/\/tilk.bio\/wp-content\/uploads\/2024\/11\/a-la-carte-Ilutoodetevalik-.jpg","datePublished":"2024-11-05T22:22:05+00:00","dateModified":"2024-12-01T11:59:18+00:00","breadcrumb":{"@id":"https:\/\/tilk.bio\/et\/pood\/a-la-carte-ilutootevalik\/#breadcrumb"},"inLanguage":"et","potentialAction":[{"@type":"ReadAction","target":["https:\/\/tilk.bio\/et\/pood\/a-la-carte-ilutootevalik\/"]}]},{"@type":"ImageObject","inLanguage":"et","@id":"https:\/\/tilk.bio\/et\/pood\/a-la-carte-ilutootevalik\/#primaryimage","url":"https:\/\/tilk.bio\/wp-content\/uploads\/2024\/11\/a-la-carte-Ilutoodetevalik-.jpg","contentUrl":"https:\/\/tilk.bio\/wp-content\/uploads\/2024\/11\/a-la-carte-Ilutoodetevalik-.jpg","width":1080,"height":1080},{"@type":"BreadcrumbList","@id":"https:\/\/tilk.bio\/et\/pood\/a-la-carte-ilutootevalik\/#breadcrumb","itemListElement":[{"@type":"ListItem","position":1,"name":"Home","item":"https:\/\/tilk.bio\/et\/"},{"@type":"ListItem","position":2,"name":"Pood","item":"https:\/\/tilk.bio\/et\/pood\/"},{"@type":"ListItem","position":3,"name":"\u00c0 LA CARTE ILUTOOTEVALIK"}]},{"@type":"WebSite","@id":"https:\/\/tilk.bio\/et\/#website","url":"https:\/\/tilk.bio\/et\/","name":"Tilk!","description":"Keskkonnas\u00f5bralik ja j\u00e4tkusuutlik looduskosmeetika Saaremaalt.","potentialAction":[{"@type":"SearchAction","target":{"@type":"EntryPoint","urlTemplate":"https:\/\/tilk.bio\/et\/?s={search_term_string}"},"query-input":{"@type":"PropertyValueSpecification","valueRequired":true,"valueName":"search_term_string"}}],"inLanguage":"et"}]}},"_links":{"self":[{"href":"https:\/\/tilk.bio\/et\/wp-json\/wp\/v2\/product\/73045","targetHints":{"allow":["GET"]}}],"collection":[{"href":"https:\/\/tilk.bio\/et\/wp-json\/wp\/v2\/product"}],"about":[{"href":"https:\/\/tilk.bio\/et\/wp-json\/wp\/v2\/types\/product"}],"replies":[{"embeddable":true,"href":"https:\/\/tilk.bio\/et\/wp-json\/wp\/v2\/comments?post=73045"}],"wp:featuredmedia":[{"embeddable":true,"href":"https:\/\/tilk.bio\/et\/wp-json\/wp\/v2\/media\/73487"}],"wp:attachment":[{"href":"https:\/\/tilk.bio\/et\/wp-json\/wp\/v2\/media?parent=73045"}],"wp:term":[{"taxonomy":"product_brand","embeddable":true,"href":"https:\/\/tilk.bio\/et\/wp-json\/wp\/v2\/product_brand?post=73045"},{"taxonomy":"product_cat","embeddable":true,"href":"https:\/\/tilk.bio\/et\/wp-json\/wp\/v2\/product_cat?post=73045"},{"taxonomy":"product_tag","embeddable":true,"href":"https:\/\/tilk.bio\/et\/wp-json\/wp\/v2\/product_tag?post=73045"}],"curies":[{"name":"wp","href":"https:\/\/api.w.org\/{rel}","templated":true}]}}