{"id":73096,"date":"2024-12-07T18:04:20","date_gmt":"2024-12-07T16:04:20","guid":{"rendered":"https:\/\/tilk.bio\/shop\/immortelle-naoseerum-c-vitamiini-allantoiini-ja-niatsinamiidiga\/"},"modified":"2026-03-29T13:00:06","modified_gmt":"2026-03-29T10:00:06","slug":"immortelle-naoseerum-c-vitamiini-allantoiini-ja-niatsinamiidiga","status":"publish","type":"product","link":"https:\/\/tilk.bio\/et\/pood\/immortelle-naoseerum-c-vitamiini-allantoiini-ja-niatsinamiidiga\/","title":{"rendered":"Immortelle n\u00e4oseerum C-vitamiini, allantoiini ja niatsinamiidiga"},"content":{"rendered":"","protected":false},"excerpt":{"rendered":"<p><span style=\"font-weight: 400;\">Immortelle n\u00e4oseerum \u00fchendab looduslikud koostisosad ning t\u00f5husaimad toimeained, et pakkuda nahale intensiivset niisutust, kaitset ja nooruslikku s\u00e4ra. K\u00f5rge C-vitamiini sisaldus aitab v\u00e4hendada pigmentatsiooniprobleeme ja \u00fchtlustada nahatooni, samal ajal tugevdab niatsiinamiid naha kaitsebarj\u00e4\u00e4ri, parandab tekstuuri ja aitab v\u00e4hendada p\u00f5letikulisi koldeid. Immortelle h\u00fcdrosool lisab seerumile kerge suitsuse noodiga aroomi ja v\u00e4ga v\u00f5imsad antioks\u00fcdantsed omadused. Immortelle h\u00fcdros<\/span><span style=\"font-weight: 400;\">ool pakub kaitset, eluj\u00f5udu ning nooruslikku s\u00e4ra aidates s<\/span><span style=\"font-weight: 400;\">timuleerida kollageeni tootmist ja andes nahale elastsust.\u00a0<\/span><\/p>\n<p><span style=\"font-weight: 400;\">Immortelle on tuntud ka oma antibakteriaalsete, arme v\u00e4hendavate ja p\u00f5letikuvastaste omaduste poolest. Tegemist on k\u00f5rgsagedusliku taimega, mist\u00f5ttu seostatakse seda sageli ka tervendavate omadustega naha tervise tugevdamisel ning emotsionaalse tasakaalu toetamisel.<\/span><\/p>\n<p><span style=\"font-weight: 400;\">Seerumis sisalduvate toimeainete m\u00f5jul p\u00fcsib nahk s\u00fcgavalt niisutatuna, ning regulaarsel kasutamisel selle v\u00f5ime siduda niiskust suureneb tunduvalt. Taimne gl\u00fctseriin ja h\u00fcaluroonhape t\u00e4iendavad niisutavat toimet veelgi, tagades naha kauakestva k\u00f5rge niiskustaseme ning elastsuse. Rahustavate omadustega allantoiin ja vitamiin B5 rahustavad ning parandavad kahjustatud nahapinda, aidates kaasa ka selle uuenemisprotsessidele.\u00a0<\/span><\/p>\n<p><span style=\"font-weight: 400;\">Kasutamine: Kanna paar tilka seerumit puhastatud n\u00e4onahale hommikul ja \u00f5htul enne niisutaja kasutamist. Sobib igap\u00e4evaseks kasutamiseks k\u00f5igile nahat\u00fc\u00fcpidele. <\/span><\/p>\n<p>Kogus: 30ml<\/p>\n","protected":false},"featured_media":75397,"comment_status":"open","ping_status":"closed","template":"","meta":{"_acf_changed":false},"product_brand":[],"product_cat":[977,687,494,905,389,689,511,692,691,891,690,688],"product_tag":[],"class_list":{"0":"post-73096","1":"product","2":"type-product","3":"status-publish","4":"has-post-thumbnail","6":"product_cat-naoseerumid","7":"product_cat-akne-ja-rasune-nahk","8":"product_cat-klientide-lemmikud","9":"product_cat-c-vitamiin","10":"product_cat-koik-tooted","11":"product_cat-kuiv-nahk","12":"product_cat-naohooldus","13":"product_cat-normaalne-ja-kombineeritud-nahk","14":"product_cat-tekstuuri-ja-tooniprobleemidega-nahk","15":"product_cat-tilk-biotic-et","16":"product_cat-tundlik-nahk","17":"product_cat-vananemisilmingutega-nahk","19":"first","20":"instock","21":"taxable","22":"shipping-taxable","23":"purchasable","24":"product-type-simple"},"acf":[],"yoast_head":"<!-- This site is optimized with the Yoast SEO plugin v27.3 - https:\/\/yoast.com\/product\/yoast-seo-wordpress\/ -->\n<title>Immortelle n\u00e4oseerum C-vitamiini, allantoiini ja niatsinamiidiga - Tilk!<\/title>\n<meta name=\"description\" content=\"C-vitamiini n\u00e4oseerum \u00fchendab looduslikud koostisosad ning t\u00f5husaimad toimeained, et pakkuda nahale intensiivset niisutust.\" \/>\n<meta name=\"robots\" content=\"index, follow, max-snippet:-1, max-image-preview:large, max-video-preview:-1\" \/>\n<link rel=\"canonical\" href=\"https:\/\/tilk.bio\/et\/pood\/immortelle-naoseerum-c-vitamiini-allantoiini-ja-niatsinamiidiga\/\" \/>\n<meta property=\"og:locale\" content=\"et_EE\" \/>\n<meta property=\"og:type\" content=\"article\" \/>\n<meta property=\"og:title\" content=\"Immortelle n\u00e4oseerum C-vitamiini, allantoiini ja niatsinamiidiga - Tilk!\" \/>\n<meta property=\"og:description\" content=\"C-vitamiini n\u00e4oseerum \u00fchendab looduslikud koostisosad ning t\u00f5husaimad toimeained, et pakkuda nahale intensiivset niisutust.\" \/>\n<meta property=\"og:url\" content=\"https:\/\/tilk.bio\/et\/pood\/immortelle-naoseerum-c-vitamiini-allantoiini-ja-niatsinamiidiga\/\" \/>\n<meta property=\"og:site_name\" content=\"Tilk!\" \/>\n<meta property=\"article:publisher\" content=\"https:\/\/www.facebook.com\/tilk.bio\/\" \/>\n<meta property=\"article:modified_time\" content=\"2026-03-29T10:00:06+00:00\" \/>\n<meta property=\"og:image\" content=\"https:\/\/tilk.bio\/wp-content\/uploads\/2024\/12\/Untitled-1200-x-1200-px-1.jpg\" \/>\n\t<meta property=\"og:image:width\" content=\"1200\" \/>\n\t<meta property=\"og:image:height\" content=\"1200\" \/>\n\t<meta property=\"og:image:type\" content=\"image\/jpeg\" \/>\n<meta name=\"twitter:card\" content=\"summary_large_image\" \/>\n<script type=\"application\/ld+json\" class=\"yoast-schema-graph\">{\"@context\":\"https:\\\/\\\/schema.org\",\"@graph\":[{\"@type\":\"WebPage\",\"@id\":\"https:\\\/\\\/tilk.bio\\\/et\\\/pood\\\/immortelle-naoseerum-c-vitamiini-allantoiini-ja-niatsinamiidiga\\\/\",\"url\":\"https:\\\/\\\/tilk.bio\\\/et\\\/pood\\\/immortelle-naoseerum-c-vitamiini-allantoiini-ja-niatsinamiidiga\\\/\",\"name\":\"Immortelle n\u00e4oseerum C-vitamiini, allantoiini ja niatsinamiidiga - Tilk!\",\"isPartOf\":{\"@id\":\"https:\\\/\\\/tilk.bio\\\/et\\\/#website\"},\"primaryImageOfPage\":{\"@id\":\"https:\\\/\\\/tilk.bio\\\/et\\\/pood\\\/immortelle-naoseerum-c-vitamiini-allantoiini-ja-niatsinamiidiga\\\/#primaryimage\"},\"image\":{\"@id\":\"https:\\\/\\\/tilk.bio\\\/et\\\/pood\\\/immortelle-naoseerum-c-vitamiini-allantoiini-ja-niatsinamiidiga\\\/#primaryimage\"},\"thumbnailUrl\":\"https:\\\/\\\/tilk.bio\\\/wp-content\\\/uploads\\\/2024\\\/12\\\/Untitled-1200-x-1200-px-1.jpg\",\"datePublished\":\"2024-12-07T16:04:20+00:00\",\"dateModified\":\"2026-03-29T10:00:06+00:00\",\"description\":\"C-vitamiini n\u00e4oseerum \u00fchendab looduslikud koostisosad ning t\u00f5husaimad toimeained, et pakkuda nahale intensiivset niisutust.\",\"breadcrumb\":{\"@id\":\"https:\\\/\\\/tilk.bio\\\/et\\\/pood\\\/immortelle-naoseerum-c-vitamiini-allantoiini-ja-niatsinamiidiga\\\/#breadcrumb\"},\"inLanguage\":\"et\",\"potentialAction\":[{\"@type\":\"ReadAction\",\"target\":[\"https:\\\/\\\/tilk.bio\\\/et\\\/pood\\\/immortelle-naoseerum-c-vitamiini-allantoiini-ja-niatsinamiidiga\\\/\"]}]},{\"@type\":\"ImageObject\",\"inLanguage\":\"et\",\"@id\":\"https:\\\/\\\/tilk.bio\\\/et\\\/pood\\\/immortelle-naoseerum-c-vitamiini-allantoiini-ja-niatsinamiidiga\\\/#primaryimage\",\"url\":\"https:\\\/\\\/tilk.bio\\\/wp-content\\\/uploads\\\/2024\\\/12\\\/Untitled-1200-x-1200-px-1.jpg\",\"contentUrl\":\"https:\\\/\\\/tilk.bio\\\/wp-content\\\/uploads\\\/2024\\\/12\\\/Untitled-1200-x-1200-px-1.jpg\",\"width\":1200,\"height\":1200},{\"@type\":\"BreadcrumbList\",\"@id\":\"https:\\\/\\\/tilk.bio\\\/et\\\/pood\\\/immortelle-naoseerum-c-vitamiini-allantoiini-ja-niatsinamiidiga\\\/#breadcrumb\",\"itemListElement\":[{\"@type\":\"ListItem\",\"position\":1,\"name\":\"Home\",\"item\":\"https:\\\/\\\/tilk.bio\\\/et\\\/\"},{\"@type\":\"ListItem\",\"position\":2,\"name\":\"Pood\",\"item\":\"https:\\\/\\\/tilk.bio\\\/et\\\/pood\\\/\"},{\"@type\":\"ListItem\",\"position\":3,\"name\":\"Immortelle n\u00e4oseerum C-vitamiini, allantoiini ja niatsinamiidiga\"}]},{\"@type\":\"WebSite\",\"@id\":\"https:\\\/\\\/tilk.bio\\\/et\\\/#website\",\"url\":\"https:\\\/\\\/tilk.bio\\\/et\\\/\",\"name\":\"Tilk!\",\"description\":\"Keskkonnas\u00f5bralik ja j\u00e4tkusuutlik looduskosmeetika Saaremaalt.\",\"potentialAction\":[{\"@type\":\"SearchAction\",\"target\":{\"@type\":\"EntryPoint\",\"urlTemplate\":\"https:\\\/\\\/tilk.bio\\\/et\\\/?s={search_term_string}\"},\"query-input\":{\"@type\":\"PropertyValueSpecification\",\"valueRequired\":true,\"valueName\":\"search_term_string\"}}],\"inLanguage\":\"et\"}]}<\/script>\n<!-- \/ Yoast SEO plugin. -->","yoast_head_json":{"title":"Immortelle n\u00e4oseerum C-vitamiini, allantoiini ja niatsinamiidiga - Tilk!","description":"C-vitamiini n\u00e4oseerum \u00fchendab looduslikud koostisosad ning t\u00f5husaimad toimeained, et pakkuda nahale intensiivset niisutust.","robots":{"index":"index","follow":"follow","max-snippet":"max-snippet:-1","max-image-preview":"max-image-preview:large","max-video-preview":"max-video-preview:-1"},"canonical":"https:\/\/tilk.bio\/et\/pood\/immortelle-naoseerum-c-vitamiini-allantoiini-ja-niatsinamiidiga\/","og_locale":"et_EE","og_type":"article","og_title":"Immortelle n\u00e4oseerum C-vitamiini, allantoiini ja niatsinamiidiga - Tilk!","og_description":"C-vitamiini n\u00e4oseerum \u00fchendab looduslikud koostisosad ning t\u00f5husaimad toimeained, et pakkuda nahale intensiivset niisutust.","og_url":"https:\/\/tilk.bio\/et\/pood\/immortelle-naoseerum-c-vitamiini-allantoiini-ja-niatsinamiidiga\/","og_site_name":"Tilk!","article_publisher":"https:\/\/www.facebook.com\/tilk.bio\/","article_modified_time":"2026-03-29T10:00:06+00:00","og_image":[{"width":1200,"height":1200,"url":"https:\/\/tilk.bio\/wp-content\/uploads\/2024\/12\/Untitled-1200-x-1200-px-1.jpg","type":"image\/jpeg"}],"twitter_card":"summary_large_image","schema":{"@context":"https:\/\/schema.org","@graph":[{"@type":"WebPage","@id":"https:\/\/tilk.bio\/et\/pood\/immortelle-naoseerum-c-vitamiini-allantoiini-ja-niatsinamiidiga\/","url":"https:\/\/tilk.bio\/et\/pood\/immortelle-naoseerum-c-vitamiini-allantoiini-ja-niatsinamiidiga\/","name":"Immortelle n\u00e4oseerum C-vitamiini, allantoiini ja niatsinamiidiga - Tilk!","isPartOf":{"@id":"https:\/\/tilk.bio\/et\/#website"},"primaryImageOfPage":{"@id":"https:\/\/tilk.bio\/et\/pood\/immortelle-naoseerum-c-vitamiini-allantoiini-ja-niatsinamiidiga\/#primaryimage"},"image":{"@id":"https:\/\/tilk.bio\/et\/pood\/immortelle-naoseerum-c-vitamiini-allantoiini-ja-niatsinamiidiga\/#primaryimage"},"thumbnailUrl":"https:\/\/tilk.bio\/wp-content\/uploads\/2024\/12\/Untitled-1200-x-1200-px-1.jpg","datePublished":"2024-12-07T16:04:20+00:00","dateModified":"2026-03-29T10:00:06+00:00","description":"C-vitamiini n\u00e4oseerum \u00fchendab looduslikud koostisosad ning t\u00f5husaimad toimeained, et pakkuda nahale intensiivset niisutust.","breadcrumb":{"@id":"https:\/\/tilk.bio\/et\/pood\/immortelle-naoseerum-c-vitamiini-allantoiini-ja-niatsinamiidiga\/#breadcrumb"},"inLanguage":"et","potentialAction":[{"@type":"ReadAction","target":["https:\/\/tilk.bio\/et\/pood\/immortelle-naoseerum-c-vitamiini-allantoiini-ja-niatsinamiidiga\/"]}]},{"@type":"ImageObject","inLanguage":"et","@id":"https:\/\/tilk.bio\/et\/pood\/immortelle-naoseerum-c-vitamiini-allantoiini-ja-niatsinamiidiga\/#primaryimage","url":"https:\/\/tilk.bio\/wp-content\/uploads\/2024\/12\/Untitled-1200-x-1200-px-1.jpg","contentUrl":"https:\/\/tilk.bio\/wp-content\/uploads\/2024\/12\/Untitled-1200-x-1200-px-1.jpg","width":1200,"height":1200},{"@type":"BreadcrumbList","@id":"https:\/\/tilk.bio\/et\/pood\/immortelle-naoseerum-c-vitamiini-allantoiini-ja-niatsinamiidiga\/#breadcrumb","itemListElement":[{"@type":"ListItem","position":1,"name":"Home","item":"https:\/\/tilk.bio\/et\/"},{"@type":"ListItem","position":2,"name":"Pood","item":"https:\/\/tilk.bio\/et\/pood\/"},{"@type":"ListItem","position":3,"name":"Immortelle n\u00e4oseerum C-vitamiini, allantoiini ja niatsinamiidiga"}]},{"@type":"WebSite","@id":"https:\/\/tilk.bio\/et\/#website","url":"https:\/\/tilk.bio\/et\/","name":"Tilk!","description":"Keskkonnas\u00f5bralik ja j\u00e4tkusuutlik looduskosmeetika Saaremaalt.","potentialAction":[{"@type":"SearchAction","target":{"@type":"EntryPoint","urlTemplate":"https:\/\/tilk.bio\/et\/?s={search_term_string}"},"query-input":{"@type":"PropertyValueSpecification","valueRequired":true,"valueName":"search_term_string"}}],"inLanguage":"et"}]}},"_links":{"self":[{"href":"https:\/\/tilk.bio\/et\/wp-json\/wp\/v2\/product\/73096","targetHints":{"allow":["GET"]}}],"collection":[{"href":"https:\/\/tilk.bio\/et\/wp-json\/wp\/v2\/product"}],"about":[{"href":"https:\/\/tilk.bio\/et\/wp-json\/wp\/v2\/types\/product"}],"replies":[{"embeddable":true,"href":"https:\/\/tilk.bio\/et\/wp-json\/wp\/v2\/comments?post=73096"}],"wp:featuredmedia":[{"embeddable":true,"href":"https:\/\/tilk.bio\/et\/wp-json\/wp\/v2\/media\/75397"}],"wp:attachment":[{"href":"https:\/\/tilk.bio\/et\/wp-json\/wp\/v2\/media?parent=73096"}],"wp:term":[{"taxonomy":"product_brand","embeddable":true,"href":"https:\/\/tilk.bio\/et\/wp-json\/wp\/v2\/product_brand?post=73096"},{"taxonomy":"product_cat","embeddable":true,"href":"https:\/\/tilk.bio\/et\/wp-json\/wp\/v2\/product_cat?post=73096"},{"taxonomy":"product_tag","embeddable":true,"href":"https:\/\/tilk.bio\/et\/wp-json\/wp\/v2\/product_tag?post=73096"}],"curies":[{"name":"wp","href":"https:\/\/api.w.org\/{rel}","templated":true}]}}