{"id":73098,"date":"2024-12-07T18:13:37","date_gmt":"2024-12-07T16:13:37","guid":{"rendered":"https:\/\/tilk.bio\/shop\/isepruunistavad-tilgad-vetikaekstrakti-ja-hualuroonhappega\/"},"modified":"2026-04-12T16:15:04","modified_gmt":"2026-04-12T13:15:04","slug":"isepruunistavad-tilgad-vetikaekstrakti-ja-hualuroonhappega","status":"publish","type":"product","link":"https:\/\/tilk.bio\/et\/pood\/isepruunistavad-tilgad-vetikaekstrakti-ja-hualuroonhappega\/","title":{"rendered":"Isepruunistavad tilgad vetikaekstrakti ja h\u00fcaluroonhappega"},"content":{"rendered":"","protected":false},"excerpt":{"rendered":"<p><span style=\"font-weight: 400;\">Isepruunistavad tilgad pakuvad nahale \u00fchtlast, loomulikku ja kauakestvat p\u00e4evitust, ilma p\u00e4ikese k\u00e4es viibimata. Tilgad sisaldavad looduslikke pruunistavaid toimeaineid, mis annavad nahale kergesti \u00fchtlase tooni laiguliseks muutumata. Probiootiline kompleks suurendab ajapikku bioloogiliselt naha eumelaniini s\u00fcnteesi, samal ajal p\u00e4rssides feomelaniini teket, et saavutada s\u00fcgav, tume ja \u00fchtlane p\u00e4evitus.<\/span><\/p>\n<p><span style=\"font-weight: 400;\">Tilkade koostises on taimne gl\u00fctseriin ja h\u00fcaluroonhape, mis tagavad naha s\u00fcgava niisutuse, hoides selle pehme ja elastse. Vetikaekstrakt toidab nahka vajalike mineraalide ja antioks\u00fcdantidega, pakkudes ka kaitset keskkonnam\u00f5jude eest. Roosi h\u00fcdrosool v\u00e4rskendab ja lisab tilkadele \u00f5rna lillel\u00f5hna, samal ajal kui vitamiin B5 ja allantoiin rahustavad ning toidavad nahka, aidates kaasa selle tervise ja elastsuse pikaajalisele s\u00e4ilitamisele.<\/span><\/p>\n<p><span style=\"font-weight: 400;\"><strong>Kasutamine:<\/strong> Kanna seerum puhastatud nahale. Jume hoidmiseks sega paar tilka toodet oma <a href=\"https:\/\/tilk.bio\/et\/tootekategooria\/naohooldus\/naokreem\/\">lemmiku kreemi sisse<\/a> ja kanna nahale. Kasuta vastavat kogust tilkasid soovitud p\u00e4evitustulemuse saavutamiseks. Pea meeles, et mida rohkem tilkasid kreemi lisad, seda tumedam on tulemus. Soovitame korrata protseduuri igal teisel v\u00f5i kolmandal p\u00e4eval.<\/span><\/p>\n<p><span style=\"font-weight: 400;\">Kogus: 15 ml<\/span><\/p>\n","protected":false},"featured_media":75349,"comment_status":"open","ping_status":"closed","template":"","meta":{"_acf_changed":false},"product_brand":[],"product_cat":[977,687,871,942,389,689,511,692,891,690,688],"product_tag":[],"class_list":{"0":"post-73098","1":"product","2":"type-product","3":"status-publish","4":"has-post-thumbnail","6":"product_cat-naoseerumid","7":"product_cat-akne-ja-rasune-nahk","8":"product_cat-hualuroonhape","9":"product_cat-isepruunistavad-tooted","10":"product_cat-koik-tooted","11":"product_cat-kuiv-nahk","12":"product_cat-naohooldus","13":"product_cat-normaalne-ja-kombineeritud-nahk","14":"product_cat-tilk-biotic-et","15":"product_cat-tundlik-nahk","16":"product_cat-vananemisilmingutega-nahk","18":"first","19":"instock","20":"taxable","21":"shipping-taxable","22":"purchasable","23":"product-type-variable"},"acf":[],"yoast_head":"<!-- This site is optimized with the Yoast SEO plugin v27.3 - https:\/\/yoast.com\/product\/yoast-seo-wordpress\/ -->\n<title>Isepruunistavad tilgad vetikaekstrakti ja h\u00fcaluroonhappega - Tilk!<\/title>\n<meta name=\"description\" content=\"Isepruunistav seerum pakub nahale \u00fchtlast, loomulikku ja kauakestvat p\u00e4evitust, ilma p\u00e4ikese k\u00e4es viibimata.\" \/>\n<meta name=\"robots\" content=\"index, follow, max-snippet:-1, max-image-preview:large, max-video-preview:-1\" \/>\n<link rel=\"canonical\" href=\"https:\/\/tilk.bio\/et\/pood\/isepruunistavad-tilgad-vetikaekstrakti-ja-hualuroonhappega\/\" \/>\n<meta property=\"og:locale\" content=\"et_EE\" \/>\n<meta property=\"og:type\" content=\"article\" \/>\n<meta property=\"og:title\" content=\"Isepruunistavad tilgad vetikaekstrakti ja h\u00fcaluroonhappega - Tilk!\" \/>\n<meta property=\"og:description\" content=\"Isepruunistav seerum pakub nahale \u00fchtlast, loomulikku ja kauakestvat p\u00e4evitust, ilma p\u00e4ikese k\u00e4es viibimata.\" \/>\n<meta property=\"og:url\" content=\"https:\/\/tilk.bio\/et\/pood\/isepruunistavad-tilgad-vetikaekstrakti-ja-hualuroonhappega\/\" \/>\n<meta property=\"og:site_name\" content=\"Tilk!\" \/>\n<meta property=\"article:publisher\" content=\"https:\/\/www.facebook.com\/tilk.bio\/\" \/>\n<meta property=\"article:modified_time\" content=\"2026-04-12T13:15:04+00:00\" \/>\n<meta property=\"og:image\" content=\"https:\/\/tilk.bio\/wp-content\/uploads\/2024\/12\/20241114-8S7A6680-ruut.jpg\" \/>\n\t<meta property=\"og:image:width\" content=\"1632\" \/>\n\t<meta property=\"og:image:height\" content=\"1632\" \/>\n\t<meta property=\"og:image:type\" content=\"image\/jpeg\" \/>\n<meta name=\"twitter:card\" content=\"summary_large_image\" \/>\n<script type=\"application\/ld+json\" class=\"yoast-schema-graph\">{\"@context\":\"https:\\\/\\\/schema.org\",\"@graph\":[{\"@type\":\"WebPage\",\"@id\":\"https:\\\/\\\/tilk.bio\\\/et\\\/pood\\\/isepruunistavad-tilgad-vetikaekstrakti-ja-hualuroonhappega\\\/\",\"url\":\"https:\\\/\\\/tilk.bio\\\/et\\\/pood\\\/isepruunistavad-tilgad-vetikaekstrakti-ja-hualuroonhappega\\\/\",\"name\":\"Isepruunistavad tilgad vetikaekstrakti ja h\u00fcaluroonhappega - Tilk!\",\"isPartOf\":{\"@id\":\"https:\\\/\\\/tilk.bio\\\/et\\\/#website\"},\"primaryImageOfPage\":{\"@id\":\"https:\\\/\\\/tilk.bio\\\/et\\\/pood\\\/isepruunistavad-tilgad-vetikaekstrakti-ja-hualuroonhappega\\\/#primaryimage\"},\"image\":{\"@id\":\"https:\\\/\\\/tilk.bio\\\/et\\\/pood\\\/isepruunistavad-tilgad-vetikaekstrakti-ja-hualuroonhappega\\\/#primaryimage\"},\"thumbnailUrl\":\"https:\\\/\\\/tilk.bio\\\/wp-content\\\/uploads\\\/2024\\\/12\\\/20241114-8S7A6680-ruut.jpg\",\"datePublished\":\"2024-12-07T16:13:37+00:00\",\"dateModified\":\"2026-04-12T13:15:04+00:00\",\"description\":\"Isepruunistav seerum pakub nahale \u00fchtlast, loomulikku ja kauakestvat p\u00e4evitust, ilma p\u00e4ikese k\u00e4es viibimata.\",\"breadcrumb\":{\"@id\":\"https:\\\/\\\/tilk.bio\\\/et\\\/pood\\\/isepruunistavad-tilgad-vetikaekstrakti-ja-hualuroonhappega\\\/#breadcrumb\"},\"inLanguage\":\"et\",\"potentialAction\":[{\"@type\":\"ReadAction\",\"target\":[\"https:\\\/\\\/tilk.bio\\\/et\\\/pood\\\/isepruunistavad-tilgad-vetikaekstrakti-ja-hualuroonhappega\\\/\"]}]},{\"@type\":\"ImageObject\",\"inLanguage\":\"et\",\"@id\":\"https:\\\/\\\/tilk.bio\\\/et\\\/pood\\\/isepruunistavad-tilgad-vetikaekstrakti-ja-hualuroonhappega\\\/#primaryimage\",\"url\":\"https:\\\/\\\/tilk.bio\\\/wp-content\\\/uploads\\\/2024\\\/12\\\/20241114-8S7A6680-ruut.jpg\",\"contentUrl\":\"https:\\\/\\\/tilk.bio\\\/wp-content\\\/uploads\\\/2024\\\/12\\\/20241114-8S7A6680-ruut.jpg\",\"width\":1632,\"height\":1632},{\"@type\":\"BreadcrumbList\",\"@id\":\"https:\\\/\\\/tilk.bio\\\/et\\\/pood\\\/isepruunistavad-tilgad-vetikaekstrakti-ja-hualuroonhappega\\\/#breadcrumb\",\"itemListElement\":[{\"@type\":\"ListItem\",\"position\":1,\"name\":\"Home\",\"item\":\"https:\\\/\\\/tilk.bio\\\/et\\\/\"},{\"@type\":\"ListItem\",\"position\":2,\"name\":\"Pood\",\"item\":\"https:\\\/\\\/tilk.bio\\\/et\\\/pood\\\/\"},{\"@type\":\"ListItem\",\"position\":3,\"name\":\"Isepruunistavad tilgad vetikaekstrakti ja h\u00fcaluroonhappega\"}]},{\"@type\":\"WebSite\",\"@id\":\"https:\\\/\\\/tilk.bio\\\/et\\\/#website\",\"url\":\"https:\\\/\\\/tilk.bio\\\/et\\\/\",\"name\":\"Tilk!\",\"description\":\"Keskkonnas\u00f5bralik ja j\u00e4tkusuutlik looduskosmeetika Saaremaalt.\",\"potentialAction\":[{\"@type\":\"SearchAction\",\"target\":{\"@type\":\"EntryPoint\",\"urlTemplate\":\"https:\\\/\\\/tilk.bio\\\/et\\\/?s={search_term_string}\"},\"query-input\":{\"@type\":\"PropertyValueSpecification\",\"valueRequired\":true,\"valueName\":\"search_term_string\"}}],\"inLanguage\":\"et\"}]}<\/script>\n<!-- \/ Yoast SEO plugin. -->","yoast_head_json":{"title":"Isepruunistavad tilgad vetikaekstrakti ja h\u00fcaluroonhappega - Tilk!","description":"Isepruunistav seerum pakub nahale \u00fchtlast, loomulikku ja kauakestvat p\u00e4evitust, ilma p\u00e4ikese k\u00e4es viibimata.","robots":{"index":"index","follow":"follow","max-snippet":"max-snippet:-1","max-image-preview":"max-image-preview:large","max-video-preview":"max-video-preview:-1"},"canonical":"https:\/\/tilk.bio\/et\/pood\/isepruunistavad-tilgad-vetikaekstrakti-ja-hualuroonhappega\/","og_locale":"et_EE","og_type":"article","og_title":"Isepruunistavad tilgad vetikaekstrakti ja h\u00fcaluroonhappega - Tilk!","og_description":"Isepruunistav seerum pakub nahale \u00fchtlast, loomulikku ja kauakestvat p\u00e4evitust, ilma p\u00e4ikese k\u00e4es viibimata.","og_url":"https:\/\/tilk.bio\/et\/pood\/isepruunistavad-tilgad-vetikaekstrakti-ja-hualuroonhappega\/","og_site_name":"Tilk!","article_publisher":"https:\/\/www.facebook.com\/tilk.bio\/","article_modified_time":"2026-04-12T13:15:04+00:00","og_image":[{"width":1632,"height":1632,"url":"https:\/\/tilk.bio\/wp-content\/uploads\/2024\/12\/20241114-8S7A6680-ruut.jpg","type":"image\/jpeg"}],"twitter_card":"summary_large_image","schema":{"@context":"https:\/\/schema.org","@graph":[{"@type":"WebPage","@id":"https:\/\/tilk.bio\/et\/pood\/isepruunistavad-tilgad-vetikaekstrakti-ja-hualuroonhappega\/","url":"https:\/\/tilk.bio\/et\/pood\/isepruunistavad-tilgad-vetikaekstrakti-ja-hualuroonhappega\/","name":"Isepruunistavad tilgad vetikaekstrakti ja h\u00fcaluroonhappega - Tilk!","isPartOf":{"@id":"https:\/\/tilk.bio\/et\/#website"},"primaryImageOfPage":{"@id":"https:\/\/tilk.bio\/et\/pood\/isepruunistavad-tilgad-vetikaekstrakti-ja-hualuroonhappega\/#primaryimage"},"image":{"@id":"https:\/\/tilk.bio\/et\/pood\/isepruunistavad-tilgad-vetikaekstrakti-ja-hualuroonhappega\/#primaryimage"},"thumbnailUrl":"https:\/\/tilk.bio\/wp-content\/uploads\/2024\/12\/20241114-8S7A6680-ruut.jpg","datePublished":"2024-12-07T16:13:37+00:00","dateModified":"2026-04-12T13:15:04+00:00","description":"Isepruunistav seerum pakub nahale \u00fchtlast, loomulikku ja kauakestvat p\u00e4evitust, ilma p\u00e4ikese k\u00e4es viibimata.","breadcrumb":{"@id":"https:\/\/tilk.bio\/et\/pood\/isepruunistavad-tilgad-vetikaekstrakti-ja-hualuroonhappega\/#breadcrumb"},"inLanguage":"et","potentialAction":[{"@type":"ReadAction","target":["https:\/\/tilk.bio\/et\/pood\/isepruunistavad-tilgad-vetikaekstrakti-ja-hualuroonhappega\/"]}]},{"@type":"ImageObject","inLanguage":"et","@id":"https:\/\/tilk.bio\/et\/pood\/isepruunistavad-tilgad-vetikaekstrakti-ja-hualuroonhappega\/#primaryimage","url":"https:\/\/tilk.bio\/wp-content\/uploads\/2024\/12\/20241114-8S7A6680-ruut.jpg","contentUrl":"https:\/\/tilk.bio\/wp-content\/uploads\/2024\/12\/20241114-8S7A6680-ruut.jpg","width":1632,"height":1632},{"@type":"BreadcrumbList","@id":"https:\/\/tilk.bio\/et\/pood\/isepruunistavad-tilgad-vetikaekstrakti-ja-hualuroonhappega\/#breadcrumb","itemListElement":[{"@type":"ListItem","position":1,"name":"Home","item":"https:\/\/tilk.bio\/et\/"},{"@type":"ListItem","position":2,"name":"Pood","item":"https:\/\/tilk.bio\/et\/pood\/"},{"@type":"ListItem","position":3,"name":"Isepruunistavad tilgad vetikaekstrakti ja h\u00fcaluroonhappega"}]},{"@type":"WebSite","@id":"https:\/\/tilk.bio\/et\/#website","url":"https:\/\/tilk.bio\/et\/","name":"Tilk!","description":"Keskkonnas\u00f5bralik ja j\u00e4tkusuutlik looduskosmeetika Saaremaalt.","potentialAction":[{"@type":"SearchAction","target":{"@type":"EntryPoint","urlTemplate":"https:\/\/tilk.bio\/et\/?s={search_term_string}"},"query-input":{"@type":"PropertyValueSpecification","valueRequired":true,"valueName":"search_term_string"}}],"inLanguage":"et"}]}},"_links":{"self":[{"href":"https:\/\/tilk.bio\/et\/wp-json\/wp\/v2\/product\/73098","targetHints":{"allow":["GET"]}}],"collection":[{"href":"https:\/\/tilk.bio\/et\/wp-json\/wp\/v2\/product"}],"about":[{"href":"https:\/\/tilk.bio\/et\/wp-json\/wp\/v2\/types\/product"}],"replies":[{"embeddable":true,"href":"https:\/\/tilk.bio\/et\/wp-json\/wp\/v2\/comments?post=73098"}],"wp:featuredmedia":[{"embeddable":true,"href":"https:\/\/tilk.bio\/et\/wp-json\/wp\/v2\/media\/75349"}],"wp:attachment":[{"href":"https:\/\/tilk.bio\/et\/wp-json\/wp\/v2\/media?parent=73098"}],"wp:term":[{"taxonomy":"product_brand","embeddable":true,"href":"https:\/\/tilk.bio\/et\/wp-json\/wp\/v2\/product_brand?post=73098"},{"taxonomy":"product_cat","embeddable":true,"href":"https:\/\/tilk.bio\/et\/wp-json\/wp\/v2\/product_cat?post=73098"},{"taxonomy":"product_tag","embeddable":true,"href":"https:\/\/tilk.bio\/et\/wp-json\/wp\/v2\/product_tag?post=73098"}],"curies":[{"name":"wp","href":"https:\/\/api.w.org\/{rel}","templated":true}]}}