{"id":73101,"date":"2024-11-12T18:21:52","date_gmt":"2024-11-12T16:21:52","guid":{"rendered":"https:\/\/tilk.bio\/shop\/niisutav-ja-juukseid-tugevdav-sprei-rosmariini-riisivee-ja-keratiiniga\/"},"modified":"2026-04-13T09:15:03","modified_gmt":"2026-04-13T06:15:03","slug":"niisutav-ja-juukseid-tugevdav-sprei-rosmariini-riisivee-ja-keratiiniga","status":"publish","type":"product","link":"https:\/\/tilk.bio\/et\/pood\/niisutav-ja-juukseid-tugevdav-sprei-rosmariini-riisivee-ja-keratiiniga\/","title":{"rendered":"Niisutav ja juukseid tugevdav rosmariinivesi riisivee ja keratiiniga"},"content":{"rendered":"","protected":false},"excerpt":{"rendered":"<p><span style=\"font-weight: 400;\">Rosmariinivee juuksesprai tagab juustele intensiivse niisutuse ja kaitseb neid UV-kiirguse ja saaste eest. See hoiab juuksed siidised ja siledad ka niisketes tingimustes. Taimne gl\u00fctseriin lisab niisutust ja toidab. Orgaaniline rosmariini h\u00fcdrosool soodustab juuksekasvu ja ergutab peanaha vereringet, andes eluj\u00f5udu ning aidates s\u00e4ilitada juuste s\u00e4ra.<\/span><\/p>\n<p><span style=\"font-weight: 400;\">Fermenteeritud riisivesi sisaldab rikkalikult aminohappeid, vitamiine ja orgaanilisi \u00fchendeid, mis tugevdavad ja toidavad juukseid. Keratiin tungib s\u00fcgavale juuste struktuuri ning aitab parandada kahjustusi ja ennetada murdumist.<\/span><\/p>\n<p><span style=\"font-weight: 400;\">Kogus: 50ml \/100ml<\/span><\/p>\n<p>&nbsp;<\/p>\n","protected":false},"featured_media":75021,"comment_status":"open","ping_status":"closed","template":"","meta":{"_acf_changed":false},"product_brand":[],"product_cat":[642,972,389],"product_tag":[],"class_list":{"0":"post-73101","1":"product","2":"type-product","3":"status-publish","4":"has-post-thumbnail","6":"product_cat-juuksehooldus","7":"product_cat-juuksesprei","8":"product_cat-koik-tooted","10":"first","11":"instock","12":"taxable","13":"shipping-taxable","14":"purchasable","15":"product-type-variable"},"acf":[],"yoast_head":"<!-- This site is optimized with the Yoast SEO plugin v27.3 - https:\/\/yoast.com\/product\/yoast-seo-wordpress\/ -->\n<title>Rosmariinivesi riisivee ja keratiiniga<\/title>\n<meta name=\"description\" content=\"Rosmariinivesi tagab juustele intensiivse niisutuse ja kaitseb neid UV-kiirguse ja saaste eest. See hoiab juuksed siidised ja siledad ka niisketes tingimustes.\" \/>\n<meta name=\"robots\" content=\"index, follow, max-snippet:-1, max-image-preview:large, max-video-preview:-1\" \/>\n<link rel=\"canonical\" href=\"https:\/\/tilk.bio\/et\/pood\/niisutav-ja-juukseid-tugevdav-sprei-rosmariini-riisivee-ja-keratiiniga\/\" \/>\n<meta property=\"og:locale\" content=\"et_EE\" \/>\n<meta property=\"og:type\" content=\"article\" \/>\n<meta property=\"og:title\" content=\"Rosmariinivesi riisivee ja keratiiniga\" \/>\n<meta property=\"og:description\" content=\"Rosmariinivesi tagab juustele intensiivse niisutuse ja kaitseb neid UV-kiirguse ja saaste eest. See hoiab juuksed siidised ja siledad ka niisketes tingimustes.\" \/>\n<meta property=\"og:url\" content=\"https:\/\/tilk.bio\/et\/pood\/niisutav-ja-juukseid-tugevdav-sprei-rosmariini-riisivee-ja-keratiiniga\/\" \/>\n<meta property=\"og:site_name\" content=\"Tilk!\" \/>\n<meta property=\"article:publisher\" content=\"https:\/\/www.facebook.com\/tilk.bio\/\" \/>\n<meta property=\"article:modified_time\" content=\"2026-04-13T06:15:03+00:00\" \/>\n<meta property=\"og:image\" content=\"https:\/\/tilk.bio\/wp-content\/uploads\/2024\/11\/Untitled-1200-x-1200-px.jpg\" \/>\n\t<meta property=\"og:image:width\" content=\"1200\" \/>\n\t<meta property=\"og:image:height\" content=\"1200\" \/>\n\t<meta property=\"og:image:type\" content=\"image\/jpeg\" \/>\n<meta name=\"twitter:card\" content=\"summary_large_image\" \/>\n<meta name=\"twitter:label1\" content=\"Est. reading time\" \/>\n\t<meta name=\"twitter:data1\" content=\"1 minut\" \/>\n<script type=\"application\/ld+json\" class=\"yoast-schema-graph\">{\"@context\":\"https:\\\/\\\/schema.org\",\"@graph\":[{\"@type\":\"WebPage\",\"@id\":\"https:\\\/\\\/tilk.bio\\\/et\\\/pood\\\/niisutav-ja-juukseid-tugevdav-sprei-rosmariini-riisivee-ja-keratiiniga\\\/\",\"url\":\"https:\\\/\\\/tilk.bio\\\/et\\\/pood\\\/niisutav-ja-juukseid-tugevdav-sprei-rosmariini-riisivee-ja-keratiiniga\\\/\",\"name\":\"Rosmariinivesi riisivee ja keratiiniga\",\"isPartOf\":{\"@id\":\"https:\\\/\\\/tilk.bio\\\/et\\\/#website\"},\"primaryImageOfPage\":{\"@id\":\"https:\\\/\\\/tilk.bio\\\/et\\\/pood\\\/niisutav-ja-juukseid-tugevdav-sprei-rosmariini-riisivee-ja-keratiiniga\\\/#primaryimage\"},\"image\":{\"@id\":\"https:\\\/\\\/tilk.bio\\\/et\\\/pood\\\/niisutav-ja-juukseid-tugevdav-sprei-rosmariini-riisivee-ja-keratiiniga\\\/#primaryimage\"},\"thumbnailUrl\":\"https:\\\/\\\/tilk.bio\\\/wp-content\\\/uploads\\\/2024\\\/11\\\/Untitled-1200-x-1200-px.jpg\",\"datePublished\":\"2024-11-12T16:21:52+00:00\",\"dateModified\":\"2026-04-13T06:15:03+00:00\",\"description\":\"Rosmariinivesi tagab juustele intensiivse niisutuse ja kaitseb neid UV-kiirguse ja saaste eest. See hoiab juuksed siidised ja siledad ka niisketes tingimustes.\",\"breadcrumb\":{\"@id\":\"https:\\\/\\\/tilk.bio\\\/et\\\/pood\\\/niisutav-ja-juukseid-tugevdav-sprei-rosmariini-riisivee-ja-keratiiniga\\\/#breadcrumb\"},\"inLanguage\":\"et\",\"potentialAction\":[{\"@type\":\"ReadAction\",\"target\":[\"https:\\\/\\\/tilk.bio\\\/et\\\/pood\\\/niisutav-ja-juukseid-tugevdav-sprei-rosmariini-riisivee-ja-keratiiniga\\\/\"]}]},{\"@type\":\"ImageObject\",\"inLanguage\":\"et\",\"@id\":\"https:\\\/\\\/tilk.bio\\\/et\\\/pood\\\/niisutav-ja-juukseid-tugevdav-sprei-rosmariini-riisivee-ja-keratiiniga\\\/#primaryimage\",\"url\":\"https:\\\/\\\/tilk.bio\\\/wp-content\\\/uploads\\\/2024\\\/11\\\/Untitled-1200-x-1200-px.jpg\",\"contentUrl\":\"https:\\\/\\\/tilk.bio\\\/wp-content\\\/uploads\\\/2024\\\/11\\\/Untitled-1200-x-1200-px.jpg\",\"width\":1200,\"height\":1200},{\"@type\":\"BreadcrumbList\",\"@id\":\"https:\\\/\\\/tilk.bio\\\/et\\\/pood\\\/niisutav-ja-juukseid-tugevdav-sprei-rosmariini-riisivee-ja-keratiiniga\\\/#breadcrumb\",\"itemListElement\":[{\"@type\":\"ListItem\",\"position\":1,\"name\":\"Home\",\"item\":\"https:\\\/\\\/tilk.bio\\\/et\\\/\"},{\"@type\":\"ListItem\",\"position\":2,\"name\":\"Pood\",\"item\":\"https:\\\/\\\/tilk.bio\\\/et\\\/pood\\\/\"},{\"@type\":\"ListItem\",\"position\":3,\"name\":\"Niisutav ja juukseid tugevdav rosmariinivesi riisivee ja keratiiniga\"}]},{\"@type\":\"WebSite\",\"@id\":\"https:\\\/\\\/tilk.bio\\\/et\\\/#website\",\"url\":\"https:\\\/\\\/tilk.bio\\\/et\\\/\",\"name\":\"Tilk!\",\"description\":\"Keskkonnas\u00f5bralik ja j\u00e4tkusuutlik looduskosmeetika Saaremaalt.\",\"potentialAction\":[{\"@type\":\"SearchAction\",\"target\":{\"@type\":\"EntryPoint\",\"urlTemplate\":\"https:\\\/\\\/tilk.bio\\\/et\\\/?s={search_term_string}\"},\"query-input\":{\"@type\":\"PropertyValueSpecification\",\"valueRequired\":true,\"valueName\":\"search_term_string\"}}],\"inLanguage\":\"et\"}]}<\/script>\n<!-- \/ Yoast SEO plugin. -->","yoast_head_json":{"title":"Rosmariinivesi riisivee ja keratiiniga","description":"Rosmariinivesi tagab juustele intensiivse niisutuse ja kaitseb neid UV-kiirguse ja saaste eest. See hoiab juuksed siidised ja siledad ka niisketes tingimustes.","robots":{"index":"index","follow":"follow","max-snippet":"max-snippet:-1","max-image-preview":"max-image-preview:large","max-video-preview":"max-video-preview:-1"},"canonical":"https:\/\/tilk.bio\/et\/pood\/niisutav-ja-juukseid-tugevdav-sprei-rosmariini-riisivee-ja-keratiiniga\/","og_locale":"et_EE","og_type":"article","og_title":"Rosmariinivesi riisivee ja keratiiniga","og_description":"Rosmariinivesi tagab juustele intensiivse niisutuse ja kaitseb neid UV-kiirguse ja saaste eest. See hoiab juuksed siidised ja siledad ka niisketes tingimustes.","og_url":"https:\/\/tilk.bio\/et\/pood\/niisutav-ja-juukseid-tugevdav-sprei-rosmariini-riisivee-ja-keratiiniga\/","og_site_name":"Tilk!","article_publisher":"https:\/\/www.facebook.com\/tilk.bio\/","article_modified_time":"2026-04-13T06:15:03+00:00","og_image":[{"width":1200,"height":1200,"url":"https:\/\/tilk.bio\/wp-content\/uploads\/2024\/11\/Untitled-1200-x-1200-px.jpg","type":"image\/jpeg"}],"twitter_card":"summary_large_image","twitter_misc":{"Est. reading time":"1 minut"},"schema":{"@context":"https:\/\/schema.org","@graph":[{"@type":"WebPage","@id":"https:\/\/tilk.bio\/et\/pood\/niisutav-ja-juukseid-tugevdav-sprei-rosmariini-riisivee-ja-keratiiniga\/","url":"https:\/\/tilk.bio\/et\/pood\/niisutav-ja-juukseid-tugevdav-sprei-rosmariini-riisivee-ja-keratiiniga\/","name":"Rosmariinivesi riisivee ja keratiiniga","isPartOf":{"@id":"https:\/\/tilk.bio\/et\/#website"},"primaryImageOfPage":{"@id":"https:\/\/tilk.bio\/et\/pood\/niisutav-ja-juukseid-tugevdav-sprei-rosmariini-riisivee-ja-keratiiniga\/#primaryimage"},"image":{"@id":"https:\/\/tilk.bio\/et\/pood\/niisutav-ja-juukseid-tugevdav-sprei-rosmariini-riisivee-ja-keratiiniga\/#primaryimage"},"thumbnailUrl":"https:\/\/tilk.bio\/wp-content\/uploads\/2024\/11\/Untitled-1200-x-1200-px.jpg","datePublished":"2024-11-12T16:21:52+00:00","dateModified":"2026-04-13T06:15:03+00:00","description":"Rosmariinivesi tagab juustele intensiivse niisutuse ja kaitseb neid UV-kiirguse ja saaste eest. See hoiab juuksed siidised ja siledad ka niisketes tingimustes.","breadcrumb":{"@id":"https:\/\/tilk.bio\/et\/pood\/niisutav-ja-juukseid-tugevdav-sprei-rosmariini-riisivee-ja-keratiiniga\/#breadcrumb"},"inLanguage":"et","potentialAction":[{"@type":"ReadAction","target":["https:\/\/tilk.bio\/et\/pood\/niisutav-ja-juukseid-tugevdav-sprei-rosmariini-riisivee-ja-keratiiniga\/"]}]},{"@type":"ImageObject","inLanguage":"et","@id":"https:\/\/tilk.bio\/et\/pood\/niisutav-ja-juukseid-tugevdav-sprei-rosmariini-riisivee-ja-keratiiniga\/#primaryimage","url":"https:\/\/tilk.bio\/wp-content\/uploads\/2024\/11\/Untitled-1200-x-1200-px.jpg","contentUrl":"https:\/\/tilk.bio\/wp-content\/uploads\/2024\/11\/Untitled-1200-x-1200-px.jpg","width":1200,"height":1200},{"@type":"BreadcrumbList","@id":"https:\/\/tilk.bio\/et\/pood\/niisutav-ja-juukseid-tugevdav-sprei-rosmariini-riisivee-ja-keratiiniga\/#breadcrumb","itemListElement":[{"@type":"ListItem","position":1,"name":"Home","item":"https:\/\/tilk.bio\/et\/"},{"@type":"ListItem","position":2,"name":"Pood","item":"https:\/\/tilk.bio\/et\/pood\/"},{"@type":"ListItem","position":3,"name":"Niisutav ja juukseid tugevdav rosmariinivesi riisivee ja keratiiniga"}]},{"@type":"WebSite","@id":"https:\/\/tilk.bio\/et\/#website","url":"https:\/\/tilk.bio\/et\/","name":"Tilk!","description":"Keskkonnas\u00f5bralik ja j\u00e4tkusuutlik looduskosmeetika Saaremaalt.","potentialAction":[{"@type":"SearchAction","target":{"@type":"EntryPoint","urlTemplate":"https:\/\/tilk.bio\/et\/?s={search_term_string}"},"query-input":{"@type":"PropertyValueSpecification","valueRequired":true,"valueName":"search_term_string"}}],"inLanguage":"et"}]}},"_links":{"self":[{"href":"https:\/\/tilk.bio\/et\/wp-json\/wp\/v2\/product\/73101","targetHints":{"allow":["GET"]}}],"collection":[{"href":"https:\/\/tilk.bio\/et\/wp-json\/wp\/v2\/product"}],"about":[{"href":"https:\/\/tilk.bio\/et\/wp-json\/wp\/v2\/types\/product"}],"replies":[{"embeddable":true,"href":"https:\/\/tilk.bio\/et\/wp-json\/wp\/v2\/comments?post=73101"}],"wp:featuredmedia":[{"embeddable":true,"href":"https:\/\/tilk.bio\/et\/wp-json\/wp\/v2\/media\/75021"}],"wp:attachment":[{"href":"https:\/\/tilk.bio\/et\/wp-json\/wp\/v2\/media?parent=73101"}],"wp:term":[{"taxonomy":"product_brand","embeddable":true,"href":"https:\/\/tilk.bio\/et\/wp-json\/wp\/v2\/product_brand?post=73101"},{"taxonomy":"product_cat","embeddable":true,"href":"https:\/\/tilk.bio\/et\/wp-json\/wp\/v2\/product_cat?post=73101"},{"taxonomy":"product_tag","embeddable":true,"href":"https:\/\/tilk.bio\/et\/wp-json\/wp\/v2\/product_tag?post=73101"}],"curies":[{"name":"wp","href":"https:\/\/api.w.org\/{rel}","templated":true}]}}