{"id":73103,"date":"2024-11-12T18:32:09","date_gmt":"2024-11-12T16:32:09","guid":{"rendered":"https:\/\/tilk.bio\/shop\/juuksekasvu-turgutav-peanahaoli-rosmariini-amla-ja-mustakoomneoliga\/"},"modified":"2026-04-14T11:15:04","modified_gmt":"2026-04-14T08:15:04","slug":"juuksekasvu-turgutav-peanahaoli-rosmariini-amla-ja-mustakoomneoliga","status":"publish","type":"product","link":"https:\/\/tilk.bio\/et\/pood\/juuksekasvu-turgutav-peanahaoli-rosmariini-amla-ja-mustakoomneoliga\/","title":{"rendered":"Juuksekasvu turgutav peanaha\u00f5li rosmariini, amla ja mustak\u00f6\u00f6mne\u00f5liga"},"content":{"rendered":"","protected":false},"excerpt":{"rendered":"<h2>Toitev ja stimuleeriv peanaha\u00f5li tugevate ja tervete juuste jaoks<\/h2>\n<p><span style=\"font-weight: 400;\">Kergesti imenduva koostisega peanaha\u00f5li toidab ja stimuleerib juuksekasvu ning niisutab s\u00fcgavuti, pakkudes t\u00f5husat hooldust peanahale ja juuksejuurtele. Mustk\u00f6\u00f6mne\u00f5lil on antioks\u00fcdantsed ja p\u00f5letikuvastased omadused, mis toetavad peanaha tervist. Amla ekstrakt on v\u00e4ga C-vitamiini rikas, see tugevdab juuksejuuri ja annab eluj\u00f5udu. Rosmariini ekstrakt ergutab vereringet ja soodustab juuksekasvu. Kookos- ja seesami\u00f5li on kergesti imenduvad ning muudavad juuksed pehmeks.<\/span><\/p>\n<p><b>Kasutamine:<\/b><span style=\"font-weight: 400;\"> Masseeri \u00f5li peanahale ja juuksejuurtele, lase toimida 1 tund v\u00f5i j\u00e4ta \u00fcle \u00f6\u00f6, seej\u00e4rel pese hoolikalt \u0161ampooniga.<\/span><\/p>\n<p><strong>Kogus: 10 ml \/ 30ml\u00a0<\/strong><\/p>\n","protected":false},"featured_media":75679,"comment_status":"open","ping_status":"closed","template":"","meta":{"_acf_changed":false},"product_brand":[],"product_cat":[494,914,642,389],"product_tag":[],"class_list":{"0":"post-73103","1":"product","2":"type-product","3":"status-publish","4":"has-post-thumbnail","6":"product_cat-klientide-lemmikud","7":"product_cat-juukseoli","8":"product_cat-juuksehooldus","9":"product_cat-koik-tooted","11":"first","12":"instock","13":"taxable","14":"shipping-taxable","15":"purchasable","16":"product-type-variable"},"acf":[],"yoast_head":"<!-- This site is optimized with the Yoast SEO plugin v27.3 - https:\/\/yoast.com\/product\/yoast-seo-wordpress\/ -->\n<title>Peanaha\u00f5li rosmariini, amla ja mustak\u00f6\u00f6mnega<\/title>\n<meta name=\"description\" content=\"Tilk! peanaha\u00f5li niisutab, tugevdab juuksejuuri ja toetab juuksekasvu. Looduslik segu rosmariinist, amlast ja mustak\u00f6\u00f6mne\u00f5list.\" \/>\n<meta name=\"robots\" content=\"index, follow, max-snippet:-1, max-image-preview:large, max-video-preview:-1\" \/>\n<link rel=\"canonical\" href=\"https:\/\/tilk.bio\/et\/pood\/juuksekasvu-turgutav-peanahaoli-rosmariini-amla-ja-mustakoomneoliga\/\" \/>\n<meta property=\"og:locale\" content=\"et_EE\" \/>\n<meta property=\"og:type\" content=\"article\" \/>\n<meta property=\"og:title\" content=\"Peanaha\u00f5li rosmariini, amla ja mustak\u00f6\u00f6mnega\" \/>\n<meta property=\"og:description\" content=\"Tilk! peanaha\u00f5li niisutab, tugevdab juuksejuuri ja toetab juuksekasvu. Looduslik segu rosmariinist, amlast ja mustak\u00f6\u00f6mne\u00f5list.\" \/>\n<meta property=\"og:url\" content=\"https:\/\/tilk.bio\/et\/pood\/juuksekasvu-turgutav-peanahaoli-rosmariini-amla-ja-mustakoomneoliga\/\" \/>\n<meta property=\"og:site_name\" content=\"Tilk!\" \/>\n<meta property=\"article:publisher\" content=\"https:\/\/www.facebook.com\/tilk.bio\/\" \/>\n<meta property=\"article:modified_time\" content=\"2026-04-14T08:15:04+00:00\" \/>\n<meta property=\"og:image\" content=\"https:\/\/tilk.bio\/wp-content\/uploads\/2024\/11\/Untitled-1200-x-1200-px-2-1.jpg\" \/>\n\t<meta property=\"og:image:width\" content=\"1200\" \/>\n\t<meta property=\"og:image:height\" content=\"1200\" \/>\n\t<meta property=\"og:image:type\" content=\"image\/jpeg\" \/>\n<meta name=\"twitter:card\" content=\"summary_large_image\" \/>\n<meta name=\"twitter:label1\" content=\"Est. reading time\" \/>\n\t<meta name=\"twitter:data1\" content=\"1 minut\" \/>\n<script type=\"application\/ld+json\" class=\"yoast-schema-graph\">{\"@context\":\"https:\\\/\\\/schema.org\",\"@graph\":[{\"@type\":\"WebPage\",\"@id\":\"https:\\\/\\\/tilk.bio\\\/et\\\/pood\\\/juuksekasvu-turgutav-peanahaoli-rosmariini-amla-ja-mustakoomneoliga\\\/\",\"url\":\"https:\\\/\\\/tilk.bio\\\/et\\\/pood\\\/juuksekasvu-turgutav-peanahaoli-rosmariini-amla-ja-mustakoomneoliga\\\/\",\"name\":\"Peanaha\u00f5li rosmariini, amla ja mustak\u00f6\u00f6mnega\",\"isPartOf\":{\"@id\":\"https:\\\/\\\/tilk.bio\\\/et\\\/#website\"},\"primaryImageOfPage\":{\"@id\":\"https:\\\/\\\/tilk.bio\\\/et\\\/pood\\\/juuksekasvu-turgutav-peanahaoli-rosmariini-amla-ja-mustakoomneoliga\\\/#primaryimage\"},\"image\":{\"@id\":\"https:\\\/\\\/tilk.bio\\\/et\\\/pood\\\/juuksekasvu-turgutav-peanahaoli-rosmariini-amla-ja-mustakoomneoliga\\\/#primaryimage\"},\"thumbnailUrl\":\"https:\\\/\\\/tilk.bio\\\/wp-content\\\/uploads\\\/2024\\\/11\\\/Untitled-1200-x-1200-px-2-1.jpg\",\"datePublished\":\"2024-11-12T16:32:09+00:00\",\"dateModified\":\"2026-04-14T08:15:04+00:00\",\"description\":\"Tilk! peanaha\u00f5li niisutab, tugevdab juuksejuuri ja toetab juuksekasvu. Looduslik segu rosmariinist, amlast ja mustak\u00f6\u00f6mne\u00f5list.\",\"breadcrumb\":{\"@id\":\"https:\\\/\\\/tilk.bio\\\/et\\\/pood\\\/juuksekasvu-turgutav-peanahaoli-rosmariini-amla-ja-mustakoomneoliga\\\/#breadcrumb\"},\"inLanguage\":\"et\",\"potentialAction\":[{\"@type\":\"ReadAction\",\"target\":[\"https:\\\/\\\/tilk.bio\\\/et\\\/pood\\\/juuksekasvu-turgutav-peanahaoli-rosmariini-amla-ja-mustakoomneoliga\\\/\"]}]},{\"@type\":\"ImageObject\",\"inLanguage\":\"et\",\"@id\":\"https:\\\/\\\/tilk.bio\\\/et\\\/pood\\\/juuksekasvu-turgutav-peanahaoli-rosmariini-amla-ja-mustakoomneoliga\\\/#primaryimage\",\"url\":\"https:\\\/\\\/tilk.bio\\\/wp-content\\\/uploads\\\/2024\\\/11\\\/Untitled-1200-x-1200-px-2-1.jpg\",\"contentUrl\":\"https:\\\/\\\/tilk.bio\\\/wp-content\\\/uploads\\\/2024\\\/11\\\/Untitled-1200-x-1200-px-2-1.jpg\",\"width\":1200,\"height\":1200},{\"@type\":\"BreadcrumbList\",\"@id\":\"https:\\\/\\\/tilk.bio\\\/et\\\/pood\\\/juuksekasvu-turgutav-peanahaoli-rosmariini-amla-ja-mustakoomneoliga\\\/#breadcrumb\",\"itemListElement\":[{\"@type\":\"ListItem\",\"position\":1,\"name\":\"Home\",\"item\":\"https:\\\/\\\/tilk.bio\\\/et\\\/\"},{\"@type\":\"ListItem\",\"position\":2,\"name\":\"Pood\",\"item\":\"https:\\\/\\\/tilk.bio\\\/et\\\/pood\\\/\"},{\"@type\":\"ListItem\",\"position\":3,\"name\":\"Juuksekasvu turgutav peanaha\u00f5li rosmariini, amla ja mustak\u00f6\u00f6mne\u00f5liga\"}]},{\"@type\":\"WebSite\",\"@id\":\"https:\\\/\\\/tilk.bio\\\/et\\\/#website\",\"url\":\"https:\\\/\\\/tilk.bio\\\/et\\\/\",\"name\":\"Tilk!\",\"description\":\"Keskkonnas\u00f5bralik ja j\u00e4tkusuutlik looduskosmeetika Saaremaalt.\",\"potentialAction\":[{\"@type\":\"SearchAction\",\"target\":{\"@type\":\"EntryPoint\",\"urlTemplate\":\"https:\\\/\\\/tilk.bio\\\/et\\\/?s={search_term_string}\"},\"query-input\":{\"@type\":\"PropertyValueSpecification\",\"valueRequired\":true,\"valueName\":\"search_term_string\"}}],\"inLanguage\":\"et\"}]}<\/script>\n<!-- \/ Yoast SEO plugin. -->","yoast_head_json":{"title":"Peanaha\u00f5li rosmariini, amla ja mustak\u00f6\u00f6mnega","description":"Tilk! peanaha\u00f5li niisutab, tugevdab juuksejuuri ja toetab juuksekasvu. Looduslik segu rosmariinist, amlast ja mustak\u00f6\u00f6mne\u00f5list.","robots":{"index":"index","follow":"follow","max-snippet":"max-snippet:-1","max-image-preview":"max-image-preview:large","max-video-preview":"max-video-preview:-1"},"canonical":"https:\/\/tilk.bio\/et\/pood\/juuksekasvu-turgutav-peanahaoli-rosmariini-amla-ja-mustakoomneoliga\/","og_locale":"et_EE","og_type":"article","og_title":"Peanaha\u00f5li rosmariini, amla ja mustak\u00f6\u00f6mnega","og_description":"Tilk! peanaha\u00f5li niisutab, tugevdab juuksejuuri ja toetab juuksekasvu. Looduslik segu rosmariinist, amlast ja mustak\u00f6\u00f6mne\u00f5list.","og_url":"https:\/\/tilk.bio\/et\/pood\/juuksekasvu-turgutav-peanahaoli-rosmariini-amla-ja-mustakoomneoliga\/","og_site_name":"Tilk!","article_publisher":"https:\/\/www.facebook.com\/tilk.bio\/","article_modified_time":"2026-04-14T08:15:04+00:00","og_image":[{"width":1200,"height":1200,"url":"https:\/\/tilk.bio\/wp-content\/uploads\/2024\/11\/Untitled-1200-x-1200-px-2-1.jpg","type":"image\/jpeg"}],"twitter_card":"summary_large_image","twitter_misc":{"Est. reading time":"1 minut"},"schema":{"@context":"https:\/\/schema.org","@graph":[{"@type":"WebPage","@id":"https:\/\/tilk.bio\/et\/pood\/juuksekasvu-turgutav-peanahaoli-rosmariini-amla-ja-mustakoomneoliga\/","url":"https:\/\/tilk.bio\/et\/pood\/juuksekasvu-turgutav-peanahaoli-rosmariini-amla-ja-mustakoomneoliga\/","name":"Peanaha\u00f5li rosmariini, amla ja mustak\u00f6\u00f6mnega","isPartOf":{"@id":"https:\/\/tilk.bio\/et\/#website"},"primaryImageOfPage":{"@id":"https:\/\/tilk.bio\/et\/pood\/juuksekasvu-turgutav-peanahaoli-rosmariini-amla-ja-mustakoomneoliga\/#primaryimage"},"image":{"@id":"https:\/\/tilk.bio\/et\/pood\/juuksekasvu-turgutav-peanahaoli-rosmariini-amla-ja-mustakoomneoliga\/#primaryimage"},"thumbnailUrl":"https:\/\/tilk.bio\/wp-content\/uploads\/2024\/11\/Untitled-1200-x-1200-px-2-1.jpg","datePublished":"2024-11-12T16:32:09+00:00","dateModified":"2026-04-14T08:15:04+00:00","description":"Tilk! peanaha\u00f5li niisutab, tugevdab juuksejuuri ja toetab juuksekasvu. Looduslik segu rosmariinist, amlast ja mustak\u00f6\u00f6mne\u00f5list.","breadcrumb":{"@id":"https:\/\/tilk.bio\/et\/pood\/juuksekasvu-turgutav-peanahaoli-rosmariini-amla-ja-mustakoomneoliga\/#breadcrumb"},"inLanguage":"et","potentialAction":[{"@type":"ReadAction","target":["https:\/\/tilk.bio\/et\/pood\/juuksekasvu-turgutav-peanahaoli-rosmariini-amla-ja-mustakoomneoliga\/"]}]},{"@type":"ImageObject","inLanguage":"et","@id":"https:\/\/tilk.bio\/et\/pood\/juuksekasvu-turgutav-peanahaoli-rosmariini-amla-ja-mustakoomneoliga\/#primaryimage","url":"https:\/\/tilk.bio\/wp-content\/uploads\/2024\/11\/Untitled-1200-x-1200-px-2-1.jpg","contentUrl":"https:\/\/tilk.bio\/wp-content\/uploads\/2024\/11\/Untitled-1200-x-1200-px-2-1.jpg","width":1200,"height":1200},{"@type":"BreadcrumbList","@id":"https:\/\/tilk.bio\/et\/pood\/juuksekasvu-turgutav-peanahaoli-rosmariini-amla-ja-mustakoomneoliga\/#breadcrumb","itemListElement":[{"@type":"ListItem","position":1,"name":"Home","item":"https:\/\/tilk.bio\/et\/"},{"@type":"ListItem","position":2,"name":"Pood","item":"https:\/\/tilk.bio\/et\/pood\/"},{"@type":"ListItem","position":3,"name":"Juuksekasvu turgutav peanaha\u00f5li rosmariini, amla ja mustak\u00f6\u00f6mne\u00f5liga"}]},{"@type":"WebSite","@id":"https:\/\/tilk.bio\/et\/#website","url":"https:\/\/tilk.bio\/et\/","name":"Tilk!","description":"Keskkonnas\u00f5bralik ja j\u00e4tkusuutlik looduskosmeetika Saaremaalt.","potentialAction":[{"@type":"SearchAction","target":{"@type":"EntryPoint","urlTemplate":"https:\/\/tilk.bio\/et\/?s={search_term_string}"},"query-input":{"@type":"PropertyValueSpecification","valueRequired":true,"valueName":"search_term_string"}}],"inLanguage":"et"}]}},"_links":{"self":[{"href":"https:\/\/tilk.bio\/et\/wp-json\/wp\/v2\/product\/73103","targetHints":{"allow":["GET"]}}],"collection":[{"href":"https:\/\/tilk.bio\/et\/wp-json\/wp\/v2\/product"}],"about":[{"href":"https:\/\/tilk.bio\/et\/wp-json\/wp\/v2\/types\/product"}],"replies":[{"embeddable":true,"href":"https:\/\/tilk.bio\/et\/wp-json\/wp\/v2\/comments?post=73103"}],"wp:featuredmedia":[{"embeddable":true,"href":"https:\/\/tilk.bio\/et\/wp-json\/wp\/v2\/media\/75679"}],"wp:attachment":[{"href":"https:\/\/tilk.bio\/et\/wp-json\/wp\/v2\/media?parent=73103"}],"wp:term":[{"taxonomy":"product_brand","embeddable":true,"href":"https:\/\/tilk.bio\/et\/wp-json\/wp\/v2\/product_brand?post=73103"},{"taxonomy":"product_cat","embeddable":true,"href":"https:\/\/tilk.bio\/et\/wp-json\/wp\/v2\/product_cat?post=73103"},{"taxonomy":"product_tag","embeddable":true,"href":"https:\/\/tilk.bio\/et\/wp-json\/wp\/v2\/product_tag?post=73103"}],"curies":[{"name":"wp","href":"https:\/\/api.w.org\/{rel}","templated":true}]}}