{"id":73105,"date":"2024-11-10T18:39:08","date_gmt":"2024-11-10T16:39:08","guid":{"rendered":"https:\/\/tilk.bio\/shop\/clarity-lohnarullik-mentooliga\/"},"modified":"2026-02-04T13:28:48","modified_gmt":"2026-02-04T11:28:48","slug":"clarity-lohnarullik-mentooliga","status":"publish","type":"product","link":"https:\/\/tilk.bio\/et\/pood\/clarity-lohnarullik-mentooliga\/","title":{"rendered":"Clarity &#8211; l\u00f5hnarullik mentooliga"},"content":{"rendered":"<h2><span style=\"font-weight: 400;\"><strong>Mentoolirullik &#8211; kasutamine:<\/strong> <\/span><\/h2>\n<p><span style=\"font-weight: 400;\">Kanna toodet randme sisek\u00fclgedele, meelekohtadele, k\u00f5rvatagustele v\u00f5i kaelale ning naudi looduslikku ja kosutavat l\u00f5hna. Korda toimingut p\u00e4eva jooksul vastavalt vajadusele.<\/span><\/p>\n<p><span style=\"font-weight: 400;\">L\u00f5hnabukett: Piparm\u00fcnt, sidrun, lavendel, eukal\u00fcpt, seeder, pat\u0161uli, mentool.<\/span><\/p>\n<p><span style=\"font-weight: 400;\">K\u00f5ik \u00f5li koostisosad on looduslikku p\u00e4ritolu ja vegan.<\/span><\/p>\n<p><span style=\"font-weight: 400;\">NB! Toode on ainult v\u00e4lispidiseks kasutamiseks. \u00c4ra kasuta kriimustatud v\u00f5i \u00e4rritunud nahal v\u00f5i haavadel. Hoia laste eest k\u00e4ttesaamatus kohas. V\u00e4ldi silma sattumist. Kui m\u00e4rkad p\u00e4rast kasutamist punetust v\u00f5i tunned s\u00fcgelust, siis l\u00f5peta toote kasutamine. V\u00e4ldi otsest p\u00e4ikest kohtades, kus oled toodet kasutanud.<\/span><\/p>\n<p><span style=\"font-weight: 400;\">Hoiustamine: Hoiusta toode korralikult suletuna ja toatemperatuuril.<\/span><\/p>\n<p><span style=\"font-weight: 400;\">Kogus: 10 ml<\/span><\/p>\n","protected":false},"excerpt":{"rendered":"<p><span style=\"font-weight: 400;\">See ainulaadne koostis eeterlikest \u00f5lidest pakatab energiast ja tasakaalustab keha ning vaimu mitmel tasandil. Piparm\u00fcndi ja mentooli v\u00e4rskendav toime elavdab meeli, leevendab valuaistinguid andes nahale kohese jahutava ja v\u00e4rske tunde. Sidruni ja eukal\u00fcpti eeterlikud \u00f5lid loovad selgust ja kosutavad, lavendel ja pat\u0161uli rahustavad ning l\u00f5\u00f5gastavad. Seeder lisab sooja maal\u00e4hedast nooti, tuues esile s\u00fcgava maandustunde. See l\u00f5hnabukett koos tagab tasakaalustatud aroomiteraapilise elamuse.\u00a0<\/span><\/p>\n<p><span style=\"font-weight: 400;\">L\u00f5hnarullikut on mugav endaga kaasas kanda ja vastavalt vajadusele ning soovile kasutada. See sobib p\u00e4eva jooksul stressirohketes olukordades aroomiteraapiaks, v\u00e4simust tundes meelte ergutamiseks ja hea l\u00f5hna nautimiseks. Eeterlike \u00f5lide segu sobib h\u00e4sti tavalise parf\u00fc\u00fcmi asemel, see ei sisalda s\u00fcnteetilisi komponente ega kemikaale.<\/span><\/p>\n","protected":false},"featured_media":73122,"comment_status":"open","ping_status":"closed","template":"","meta":{"_acf_changed":false},"product_brand":[],"product_cat":[389,924,926],"product_tag":[],"class_list":{"0":"post-73105","1":"product","2":"type-product","3":"status-publish","4":"has-post-thumbnail","6":"product_cat-koik-tooted","7":"product_cat-lohnarullik","8":"product_cat-lopumuuk","10":"first","11":"instock","12":"sale","13":"taxable","14":"shipping-taxable","15":"purchasable","16":"product-type-simple"},"acf":[],"yoast_head":"<!-- This site is optimized with the Yoast SEO plugin v27.4 - https:\/\/yoast.com\/product\/yoast-seo-wordpress\/ -->\n<title>Mentoolirullik<\/title>\n<meta name=\"description\" content=\"Mentoolirullik v\u00e4rskendav toime elavdab meeli, leevendab valuaistinguid andes nahale kohese jahutava ja v\u00e4rske tunde.\" \/>\n<meta name=\"robots\" content=\"index, follow, max-snippet:-1, max-image-preview:large, max-video-preview:-1\" \/>\n<link rel=\"canonical\" href=\"https:\/\/tilk.bio\/et\/pood\/clarity-lohnarullik-mentooliga\/\" \/>\n<meta property=\"og:locale\" content=\"et_EE\" \/>\n<meta property=\"og:type\" content=\"article\" \/>\n<meta property=\"og:title\" content=\"Mentoolirullik\" \/>\n<meta property=\"og:description\" content=\"Mentoolirullik v\u00e4rskendav toime elavdab meeli, leevendab valuaistinguid andes nahale kohese jahutava ja v\u00e4rske tunde.\" \/>\n<meta property=\"og:url\" content=\"https:\/\/tilk.bio\/et\/pood\/clarity-lohnarullik-mentooliga\/\" \/>\n<meta property=\"og:site_name\" content=\"Tilk!\" \/>\n<meta property=\"article:publisher\" content=\"https:\/\/www.facebook.com\/tilk.bio\/\" \/>\n<meta property=\"article:modified_time\" content=\"2026-02-04T11:28:48+00:00\" \/>\n<meta property=\"og:image\" content=\"https:\/\/tilk.bio\/wp-content\/uploads\/2024\/02\/35.jpg\" \/>\n\t<meta property=\"og:image:width\" content=\"1200\" \/>\n\t<meta property=\"og:image:height\" content=\"1200\" \/>\n\t<meta property=\"og:image:type\" content=\"image\/jpeg\" \/>\n<meta name=\"twitter:card\" content=\"summary_large_image\" \/>\n<meta name=\"twitter:label1\" content=\"Est. reading time\" \/>\n\t<meta name=\"twitter:data1\" content=\"1 minut\" \/>\n<script type=\"application\/ld+json\" class=\"yoast-schema-graph\">{\"@context\":\"https:\\\/\\\/schema.org\",\"@graph\":[{\"@type\":\"WebPage\",\"@id\":\"https:\\\/\\\/tilk.bio\\\/et\\\/pood\\\/clarity-lohnarullik-mentooliga\\\/\",\"url\":\"https:\\\/\\\/tilk.bio\\\/et\\\/pood\\\/clarity-lohnarullik-mentooliga\\\/\",\"name\":\"Mentoolirullik\",\"isPartOf\":{\"@id\":\"https:\\\/\\\/tilk.bio\\\/et\\\/#website\"},\"primaryImageOfPage\":{\"@id\":\"https:\\\/\\\/tilk.bio\\\/et\\\/pood\\\/clarity-lohnarullik-mentooliga\\\/#primaryimage\"},\"image\":{\"@id\":\"https:\\\/\\\/tilk.bio\\\/et\\\/pood\\\/clarity-lohnarullik-mentooliga\\\/#primaryimage\"},\"thumbnailUrl\":\"https:\\\/\\\/tilk.bio\\\/wp-content\\\/uploads\\\/2024\\\/02\\\/35.jpg\",\"datePublished\":\"2024-11-10T16:39:08+00:00\",\"dateModified\":\"2026-02-04T11:28:48+00:00\",\"description\":\"Mentoolirullik v\u00e4rskendav toime elavdab meeli, leevendab valuaistinguid andes nahale kohese jahutava ja v\u00e4rske tunde.\",\"breadcrumb\":{\"@id\":\"https:\\\/\\\/tilk.bio\\\/et\\\/pood\\\/clarity-lohnarullik-mentooliga\\\/#breadcrumb\"},\"inLanguage\":\"et\",\"potentialAction\":[{\"@type\":\"ReadAction\",\"target\":[\"https:\\\/\\\/tilk.bio\\\/et\\\/pood\\\/clarity-lohnarullik-mentooliga\\\/\"]}]},{\"@type\":\"ImageObject\",\"inLanguage\":\"et\",\"@id\":\"https:\\\/\\\/tilk.bio\\\/et\\\/pood\\\/clarity-lohnarullik-mentooliga\\\/#primaryimage\",\"url\":\"https:\\\/\\\/tilk.bio\\\/wp-content\\\/uploads\\\/2024\\\/02\\\/35.jpg\",\"contentUrl\":\"https:\\\/\\\/tilk.bio\\\/wp-content\\\/uploads\\\/2024\\\/02\\\/35.jpg\",\"width\":1200,\"height\":1200,\"caption\":\"mentoolirullik\"},{\"@type\":\"BreadcrumbList\",\"@id\":\"https:\\\/\\\/tilk.bio\\\/et\\\/pood\\\/clarity-lohnarullik-mentooliga\\\/#breadcrumb\",\"itemListElement\":[{\"@type\":\"ListItem\",\"position\":1,\"name\":\"Home\",\"item\":\"https:\\\/\\\/tilk.bio\\\/et\\\/\"},{\"@type\":\"ListItem\",\"position\":2,\"name\":\"Pood\",\"item\":\"https:\\\/\\\/tilk.bio\\\/et\\\/pood\\\/\"},{\"@type\":\"ListItem\",\"position\":3,\"name\":\"Clarity &#8211; l\u00f5hnarullik mentooliga\"}]},{\"@type\":\"WebSite\",\"@id\":\"https:\\\/\\\/tilk.bio\\\/et\\\/#website\",\"url\":\"https:\\\/\\\/tilk.bio\\\/et\\\/\",\"name\":\"Tilk!\",\"description\":\"Keskkonnas\u00f5bralik ja j\u00e4tkusuutlik looduskosmeetika Saaremaalt.\",\"potentialAction\":[{\"@type\":\"SearchAction\",\"target\":{\"@type\":\"EntryPoint\",\"urlTemplate\":\"https:\\\/\\\/tilk.bio\\\/et\\\/?s={search_term_string}\"},\"query-input\":{\"@type\":\"PropertyValueSpecification\",\"valueRequired\":true,\"valueName\":\"search_term_string\"}}],\"inLanguage\":\"et\"}]}<\/script>\n<!-- \/ Yoast SEO plugin. -->","yoast_head_json":{"title":"Mentoolirullik","description":"Mentoolirullik v\u00e4rskendav toime elavdab meeli, leevendab valuaistinguid andes nahale kohese jahutava ja v\u00e4rske tunde.","robots":{"index":"index","follow":"follow","max-snippet":"max-snippet:-1","max-image-preview":"max-image-preview:large","max-video-preview":"max-video-preview:-1"},"canonical":"https:\/\/tilk.bio\/et\/pood\/clarity-lohnarullik-mentooliga\/","og_locale":"et_EE","og_type":"article","og_title":"Mentoolirullik","og_description":"Mentoolirullik v\u00e4rskendav toime elavdab meeli, leevendab valuaistinguid andes nahale kohese jahutava ja v\u00e4rske tunde.","og_url":"https:\/\/tilk.bio\/et\/pood\/clarity-lohnarullik-mentooliga\/","og_site_name":"Tilk!","article_publisher":"https:\/\/www.facebook.com\/tilk.bio\/","article_modified_time":"2026-02-04T11:28:48+00:00","og_image":[{"width":1200,"height":1200,"url":"https:\/\/tilk.bio\/wp-content\/uploads\/2024\/02\/35.jpg","type":"image\/jpeg"}],"twitter_card":"summary_large_image","twitter_misc":{"Est. reading time":"1 minut"},"schema":{"@context":"https:\/\/schema.org","@graph":[{"@type":"WebPage","@id":"https:\/\/tilk.bio\/et\/pood\/clarity-lohnarullik-mentooliga\/","url":"https:\/\/tilk.bio\/et\/pood\/clarity-lohnarullik-mentooliga\/","name":"Mentoolirullik","isPartOf":{"@id":"https:\/\/tilk.bio\/et\/#website"},"primaryImageOfPage":{"@id":"https:\/\/tilk.bio\/et\/pood\/clarity-lohnarullik-mentooliga\/#primaryimage"},"image":{"@id":"https:\/\/tilk.bio\/et\/pood\/clarity-lohnarullik-mentooliga\/#primaryimage"},"thumbnailUrl":"https:\/\/tilk.bio\/wp-content\/uploads\/2024\/02\/35.jpg","datePublished":"2024-11-10T16:39:08+00:00","dateModified":"2026-02-04T11:28:48+00:00","description":"Mentoolirullik v\u00e4rskendav toime elavdab meeli, leevendab valuaistinguid andes nahale kohese jahutava ja v\u00e4rske tunde.","breadcrumb":{"@id":"https:\/\/tilk.bio\/et\/pood\/clarity-lohnarullik-mentooliga\/#breadcrumb"},"inLanguage":"et","potentialAction":[{"@type":"ReadAction","target":["https:\/\/tilk.bio\/et\/pood\/clarity-lohnarullik-mentooliga\/"]}]},{"@type":"ImageObject","inLanguage":"et","@id":"https:\/\/tilk.bio\/et\/pood\/clarity-lohnarullik-mentooliga\/#primaryimage","url":"https:\/\/tilk.bio\/wp-content\/uploads\/2024\/02\/35.jpg","contentUrl":"https:\/\/tilk.bio\/wp-content\/uploads\/2024\/02\/35.jpg","width":1200,"height":1200,"caption":"mentoolirullik"},{"@type":"BreadcrumbList","@id":"https:\/\/tilk.bio\/et\/pood\/clarity-lohnarullik-mentooliga\/#breadcrumb","itemListElement":[{"@type":"ListItem","position":1,"name":"Home","item":"https:\/\/tilk.bio\/et\/"},{"@type":"ListItem","position":2,"name":"Pood","item":"https:\/\/tilk.bio\/et\/pood\/"},{"@type":"ListItem","position":3,"name":"Clarity &#8211; l\u00f5hnarullik mentooliga"}]},{"@type":"WebSite","@id":"https:\/\/tilk.bio\/et\/#website","url":"https:\/\/tilk.bio\/et\/","name":"Tilk!","description":"Keskkonnas\u00f5bralik ja j\u00e4tkusuutlik looduskosmeetika Saaremaalt.","potentialAction":[{"@type":"SearchAction","target":{"@type":"EntryPoint","urlTemplate":"https:\/\/tilk.bio\/et\/?s={search_term_string}"},"query-input":{"@type":"PropertyValueSpecification","valueRequired":true,"valueName":"search_term_string"}}],"inLanguage":"et"}]}},"_links":{"self":[{"href":"https:\/\/tilk.bio\/et\/wp-json\/wp\/v2\/product\/73105","targetHints":{"allow":["GET"]}}],"collection":[{"href":"https:\/\/tilk.bio\/et\/wp-json\/wp\/v2\/product"}],"about":[{"href":"https:\/\/tilk.bio\/et\/wp-json\/wp\/v2\/types\/product"}],"replies":[{"embeddable":true,"href":"https:\/\/tilk.bio\/et\/wp-json\/wp\/v2\/comments?post=73105"}],"wp:featuredmedia":[{"embeddable":true,"href":"https:\/\/tilk.bio\/et\/wp-json\/wp\/v2\/media\/73122"}],"wp:attachment":[{"href":"https:\/\/tilk.bio\/et\/wp-json\/wp\/v2\/media?parent=73105"}],"wp:term":[{"taxonomy":"product_brand","embeddable":true,"href":"https:\/\/tilk.bio\/et\/wp-json\/wp\/v2\/product_brand?post=73105"},{"taxonomy":"product_cat","embeddable":true,"href":"https:\/\/tilk.bio\/et\/wp-json\/wp\/v2\/product_cat?post=73105"},{"taxonomy":"product_tag","embeddable":true,"href":"https:\/\/tilk.bio\/et\/wp-json\/wp\/v2\/product_tag?post=73105"}],"curies":[{"name":"wp","href":"https:\/\/api.w.org\/{rel}","templated":true}]}}