{"id":73181,"date":"2024-11-16T21:14:50","date_gmt":"2024-11-16T19:14:50","guid":{"rendered":"https:\/\/tilk.bio\/shop\/sugavpuhastav-tahke-matcha-sampoon-mundi-ja-rosmariiniga\/"},"modified":"2026-04-12T15:00:07","modified_gmt":"2026-04-12T12:00:07","slug":"sugavpuhastav-tahke-matcha-sampoon-mundi-ja-rosmariiniga","status":"publish","type":"product","link":"https:\/\/tilk.bio\/et\/pood\/sugavpuhastav-tahke-matcha-sampoon-mundi-ja-rosmariiniga\/","title":{"rendered":"S\u00fcgavpuhastav tahke matcha \u0161ampoon m\u00fcndi ja rosmariiniga"},"content":{"rendered":"<p><span style=\"font-weight: 400;\"><strong>Kasutamine:<\/strong> Tee \u0161ampoon niiskeks ja h\u00f5\u00f5ru m\u00e4rgadele juustele, kuni tekib rikkalik vaht. Loputa hoolikalt.<\/span><\/p>\n<p><span style=\"font-weight: 400;\">Kogus: 70g<\/span><\/p>\n<p>&nbsp;<\/p>\n","protected":false},"excerpt":{"rendered":"<p><span style=\"font-weight: 400;\">Tahke \u0161ampoon puhastab juuksed s\u00fcgavuti, samal ajal hooldab neid \u00f5rnalt ja muudab pehmeks ning siledaks. \u0160ampoonis sisalduvad puhastavad koostisosad tagavad rikkaliku ja kreemja vahu, mis eemaldavad mustuse, s\u00e4ilitades samal ajal juuste loomuliku niiskustasakaalu.<\/span><\/p>\n<p><span style=\"font-weight: 400;\">Tahke \u0161ampooni koostises sisalduv matcha on rikkalik antioks\u00fcdant, mis kaitseb juukseid keskkonnam\u00f5jude eest ning aitab taastada nende eluj\u00f5udu. Kakaov\u00f5i ja seesami\u00f5li kooslus niisutab juukseid s\u00fcgavuti, andes neile pehmust. \u0160ampooni regulaarne kasutamine parandab tunduvalt sinu juuste elastsust ja aitab v\u00e4hendada kahusust.<\/span><\/p>\n<p>&nbsp;<\/p>\n<p><span style=\"font-weight: 400;\">Rosmariiniekstraktl soodustab juuksekasvu ja ergutab peanaha vereringet, andes eluj\u00f5udu ning aidates s\u00e4ilitada juuste s\u00e4ra. Tahkes \u0161ampoonis sisalduvad piparm\u00fcnt koos rosmariiniga annab sellele v\u00e4rske ja ergutava l\u00f5hna, aidates ka peanahka rahustada ning tasakaalustada. Kasuta koos rosmariini <a href=\"https:\/\/tilk.bio\/et\/pood\/juuksepalsam-mundi-rosmariini-ja-kookosega\/\">palsamiga.<\/a><\/span><\/p>\n","protected":false},"featured_media":75450,"comment_status":"open","ping_status":"closed","template":"","meta":{"_acf_changed":false},"product_brand":[],"product_cat":[642,389,901],"product_tag":[978],"class_list":{"0":"post-73181","1":"product","2":"type-product","3":"status-publish","4":"has-post-thumbnail","6":"product_cat-juuksehooldus","7":"product_cat-koik-tooted","8":"product_cat-sampoon","9":"product_tag-978","11":"first","12":"instock","13":"taxable","14":"shipping-taxable","15":"purchasable","16":"product-type-variable"},"acf":[],"yoast_head":"<!-- This site is optimized with the Yoast SEO plugin v27.3 - https:\/\/yoast.com\/product\/yoast-seo-wordpress\/ -->\n<title>S\u00fcgavpuhastav tahke matcha \u0161ampoon m\u00fcndi ja rosmariiniga - Tilk!<\/title>\n<meta name=\"robots\" content=\"index, follow, max-snippet:-1, max-image-preview:large, max-video-preview:-1\" \/>\n<link rel=\"canonical\" href=\"https:\/\/tilk.bio\/et\/pood\/sugavpuhastav-tahke-matcha-sampoon-mundi-ja-rosmariiniga\/\" \/>\n<meta property=\"og:locale\" content=\"et_EE\" \/>\n<meta property=\"og:type\" content=\"article\" \/>\n<meta property=\"og:title\" content=\"S\u00fcgavpuhastav tahke matcha \u0161ampoon m\u00fcndi ja rosmariiniga - Tilk!\" \/>\n<meta property=\"og:description\" content=\"Tahke \u0161ampoon puhastab juuksed s\u00fcgavuti, samal ajal hooldab neid \u00f5rnalt ja muudab pehmeks ning siledaks. \u0160ampoonis sisalduvad puhastavad koostisosad tagavad rikkaliku ja kreemja vahu, mis eemaldavad mustuse, s\u00e4ilitades samal ajal juuste loomuliku niiskustasakaalu.  Tahke \u0161ampooni koostises sisalduv matcha on rikkalik antioks\u00fcdant, mis kaitseb juukseid keskkonnam\u00f5jude eest ning aitab taastada nende eluj\u00f5udu. Kakaov\u00f5i ja seesami\u00f5li kooslus niisutab juukseid s\u00fcgavuti, andes neile pehmust. \u0160ampooni regulaarne kasutamine parandab tunduvalt sinu juuste elastsust ja aitab v\u00e4hendada kahusust.  &nbsp;  Rosmariiniekstraktl soodustab juuksekasvu ja ergutab peanaha vereringet, andes eluj\u00f5udu ning aidates s\u00e4ilitada juuste s\u00e4ra. Tahkes \u0161ampoonis sisalduvad piparm\u00fcnt koos rosmariiniga annab sellele v\u00e4rske ja ergutava l\u00f5hna, aidates ka peanahka rahustada ning tasakaalustada. Kasuta koos rosmariini palsamiga.\" \/>\n<meta property=\"og:url\" content=\"https:\/\/tilk.bio\/et\/pood\/sugavpuhastav-tahke-matcha-sampoon-mundi-ja-rosmariiniga\/\" \/>\n<meta property=\"og:site_name\" content=\"Tilk!\" \/>\n<meta property=\"article:publisher\" content=\"https:\/\/www.facebook.com\/tilk.bio\/\" \/>\n<meta property=\"article:modified_time\" content=\"2026-04-12T12:00:07+00:00\" \/>\n<meta property=\"og:image\" content=\"https:\/\/tilk.bio\/wp-content\/uploads\/2024\/11\/20241114-8S7A6624-ruut.jpg\" \/>\n\t<meta property=\"og:image:width\" content=\"1666\" \/>\n\t<meta property=\"og:image:height\" content=\"1666\" \/>\n\t<meta property=\"og:image:type\" content=\"image\/jpeg\" \/>\n<meta name=\"twitter:card\" content=\"summary_large_image\" \/>\n<meta name=\"twitter:label1\" content=\"Est. reading time\" \/>\n\t<meta name=\"twitter:data1\" content=\"1 minut\" \/>\n<script type=\"application\/ld+json\" class=\"yoast-schema-graph\">{\"@context\":\"https:\\\/\\\/schema.org\",\"@graph\":[{\"@type\":\"WebPage\",\"@id\":\"https:\\\/\\\/tilk.bio\\\/et\\\/pood\\\/sugavpuhastav-tahke-matcha-sampoon-mundi-ja-rosmariiniga\\\/\",\"url\":\"https:\\\/\\\/tilk.bio\\\/et\\\/pood\\\/sugavpuhastav-tahke-matcha-sampoon-mundi-ja-rosmariiniga\\\/\",\"name\":\"S\u00fcgavpuhastav tahke matcha \u0161ampoon m\u00fcndi ja rosmariiniga - Tilk!\",\"isPartOf\":{\"@id\":\"https:\\\/\\\/tilk.bio\\\/et\\\/#website\"},\"primaryImageOfPage\":{\"@id\":\"https:\\\/\\\/tilk.bio\\\/et\\\/pood\\\/sugavpuhastav-tahke-matcha-sampoon-mundi-ja-rosmariiniga\\\/#primaryimage\"},\"image\":{\"@id\":\"https:\\\/\\\/tilk.bio\\\/et\\\/pood\\\/sugavpuhastav-tahke-matcha-sampoon-mundi-ja-rosmariiniga\\\/#primaryimage\"},\"thumbnailUrl\":\"https:\\\/\\\/tilk.bio\\\/wp-content\\\/uploads\\\/2024\\\/11\\\/20241114-8S7A6624-ruut.jpg\",\"datePublished\":\"2024-11-16T19:14:50+00:00\",\"dateModified\":\"2026-04-12T12:00:07+00:00\",\"breadcrumb\":{\"@id\":\"https:\\\/\\\/tilk.bio\\\/et\\\/pood\\\/sugavpuhastav-tahke-matcha-sampoon-mundi-ja-rosmariiniga\\\/#breadcrumb\"},\"inLanguage\":\"et\",\"potentialAction\":[{\"@type\":\"ReadAction\",\"target\":[\"https:\\\/\\\/tilk.bio\\\/et\\\/pood\\\/sugavpuhastav-tahke-matcha-sampoon-mundi-ja-rosmariiniga\\\/\"]}]},{\"@type\":\"ImageObject\",\"inLanguage\":\"et\",\"@id\":\"https:\\\/\\\/tilk.bio\\\/et\\\/pood\\\/sugavpuhastav-tahke-matcha-sampoon-mundi-ja-rosmariiniga\\\/#primaryimage\",\"url\":\"https:\\\/\\\/tilk.bio\\\/wp-content\\\/uploads\\\/2024\\\/11\\\/20241114-8S7A6624-ruut.jpg\",\"contentUrl\":\"https:\\\/\\\/tilk.bio\\\/wp-content\\\/uploads\\\/2024\\\/11\\\/20241114-8S7A6624-ruut.jpg\",\"width\":1666,\"height\":1666},{\"@type\":\"BreadcrumbList\",\"@id\":\"https:\\\/\\\/tilk.bio\\\/et\\\/pood\\\/sugavpuhastav-tahke-matcha-sampoon-mundi-ja-rosmariiniga\\\/#breadcrumb\",\"itemListElement\":[{\"@type\":\"ListItem\",\"position\":1,\"name\":\"Home\",\"item\":\"https:\\\/\\\/tilk.bio\\\/et\\\/\"},{\"@type\":\"ListItem\",\"position\":2,\"name\":\"Pood\",\"item\":\"https:\\\/\\\/tilk.bio\\\/et\\\/pood\\\/\"},{\"@type\":\"ListItem\",\"position\":3,\"name\":\"S\u00fcgavpuhastav tahke matcha \u0161ampoon m\u00fcndi ja rosmariiniga\"}]},{\"@type\":\"WebSite\",\"@id\":\"https:\\\/\\\/tilk.bio\\\/et\\\/#website\",\"url\":\"https:\\\/\\\/tilk.bio\\\/et\\\/\",\"name\":\"Tilk!\",\"description\":\"Keskkonnas\u00f5bralik ja j\u00e4tkusuutlik looduskosmeetika Saaremaalt.\",\"potentialAction\":[{\"@type\":\"SearchAction\",\"target\":{\"@type\":\"EntryPoint\",\"urlTemplate\":\"https:\\\/\\\/tilk.bio\\\/et\\\/?s={search_term_string}\"},\"query-input\":{\"@type\":\"PropertyValueSpecification\",\"valueRequired\":true,\"valueName\":\"search_term_string\"}}],\"inLanguage\":\"et\"}]}<\/script>\n<!-- \/ Yoast SEO plugin. -->","yoast_head_json":{"title":"S\u00fcgavpuhastav tahke matcha \u0161ampoon m\u00fcndi ja rosmariiniga - Tilk!","robots":{"index":"index","follow":"follow","max-snippet":"max-snippet:-1","max-image-preview":"max-image-preview:large","max-video-preview":"max-video-preview:-1"},"canonical":"https:\/\/tilk.bio\/et\/pood\/sugavpuhastav-tahke-matcha-sampoon-mundi-ja-rosmariiniga\/","og_locale":"et_EE","og_type":"article","og_title":"S\u00fcgavpuhastav tahke matcha \u0161ampoon m\u00fcndi ja rosmariiniga - Tilk!","og_description":"Tahke \u0161ampoon puhastab juuksed s\u00fcgavuti, samal ajal hooldab neid \u00f5rnalt ja muudab pehmeks ning siledaks. \u0160ampoonis sisalduvad puhastavad koostisosad tagavad rikkaliku ja kreemja vahu, mis eemaldavad mustuse, s\u00e4ilitades samal ajal juuste loomuliku niiskustasakaalu.  Tahke \u0161ampooni koostises sisalduv matcha on rikkalik antioks\u00fcdant, mis kaitseb juukseid keskkonnam\u00f5jude eest ning aitab taastada nende eluj\u00f5udu. Kakaov\u00f5i ja seesami\u00f5li kooslus niisutab juukseid s\u00fcgavuti, andes neile pehmust. \u0160ampooni regulaarne kasutamine parandab tunduvalt sinu juuste elastsust ja aitab v\u00e4hendada kahusust.  &nbsp;  Rosmariiniekstraktl soodustab juuksekasvu ja ergutab peanaha vereringet, andes eluj\u00f5udu ning aidates s\u00e4ilitada juuste s\u00e4ra. Tahkes \u0161ampoonis sisalduvad piparm\u00fcnt koos rosmariiniga annab sellele v\u00e4rske ja ergutava l\u00f5hna, aidates ka peanahka rahustada ning tasakaalustada. Kasuta koos rosmariini palsamiga.","og_url":"https:\/\/tilk.bio\/et\/pood\/sugavpuhastav-tahke-matcha-sampoon-mundi-ja-rosmariiniga\/","og_site_name":"Tilk!","article_publisher":"https:\/\/www.facebook.com\/tilk.bio\/","article_modified_time":"2026-04-12T12:00:07+00:00","og_image":[{"width":1666,"height":1666,"url":"https:\/\/tilk.bio\/wp-content\/uploads\/2024\/11\/20241114-8S7A6624-ruut.jpg","type":"image\/jpeg"}],"twitter_card":"summary_large_image","twitter_misc":{"Est. reading time":"1 minut"},"schema":{"@context":"https:\/\/schema.org","@graph":[{"@type":"WebPage","@id":"https:\/\/tilk.bio\/et\/pood\/sugavpuhastav-tahke-matcha-sampoon-mundi-ja-rosmariiniga\/","url":"https:\/\/tilk.bio\/et\/pood\/sugavpuhastav-tahke-matcha-sampoon-mundi-ja-rosmariiniga\/","name":"S\u00fcgavpuhastav tahke matcha \u0161ampoon m\u00fcndi ja rosmariiniga - Tilk!","isPartOf":{"@id":"https:\/\/tilk.bio\/et\/#website"},"primaryImageOfPage":{"@id":"https:\/\/tilk.bio\/et\/pood\/sugavpuhastav-tahke-matcha-sampoon-mundi-ja-rosmariiniga\/#primaryimage"},"image":{"@id":"https:\/\/tilk.bio\/et\/pood\/sugavpuhastav-tahke-matcha-sampoon-mundi-ja-rosmariiniga\/#primaryimage"},"thumbnailUrl":"https:\/\/tilk.bio\/wp-content\/uploads\/2024\/11\/20241114-8S7A6624-ruut.jpg","datePublished":"2024-11-16T19:14:50+00:00","dateModified":"2026-04-12T12:00:07+00:00","breadcrumb":{"@id":"https:\/\/tilk.bio\/et\/pood\/sugavpuhastav-tahke-matcha-sampoon-mundi-ja-rosmariiniga\/#breadcrumb"},"inLanguage":"et","potentialAction":[{"@type":"ReadAction","target":["https:\/\/tilk.bio\/et\/pood\/sugavpuhastav-tahke-matcha-sampoon-mundi-ja-rosmariiniga\/"]}]},{"@type":"ImageObject","inLanguage":"et","@id":"https:\/\/tilk.bio\/et\/pood\/sugavpuhastav-tahke-matcha-sampoon-mundi-ja-rosmariiniga\/#primaryimage","url":"https:\/\/tilk.bio\/wp-content\/uploads\/2024\/11\/20241114-8S7A6624-ruut.jpg","contentUrl":"https:\/\/tilk.bio\/wp-content\/uploads\/2024\/11\/20241114-8S7A6624-ruut.jpg","width":1666,"height":1666},{"@type":"BreadcrumbList","@id":"https:\/\/tilk.bio\/et\/pood\/sugavpuhastav-tahke-matcha-sampoon-mundi-ja-rosmariiniga\/#breadcrumb","itemListElement":[{"@type":"ListItem","position":1,"name":"Home","item":"https:\/\/tilk.bio\/et\/"},{"@type":"ListItem","position":2,"name":"Pood","item":"https:\/\/tilk.bio\/et\/pood\/"},{"@type":"ListItem","position":3,"name":"S\u00fcgavpuhastav tahke matcha \u0161ampoon m\u00fcndi ja rosmariiniga"}]},{"@type":"WebSite","@id":"https:\/\/tilk.bio\/et\/#website","url":"https:\/\/tilk.bio\/et\/","name":"Tilk!","description":"Keskkonnas\u00f5bralik ja j\u00e4tkusuutlik looduskosmeetika Saaremaalt.","potentialAction":[{"@type":"SearchAction","target":{"@type":"EntryPoint","urlTemplate":"https:\/\/tilk.bio\/et\/?s={search_term_string}"},"query-input":{"@type":"PropertyValueSpecification","valueRequired":true,"valueName":"search_term_string"}}],"inLanguage":"et"}]}},"_links":{"self":[{"href":"https:\/\/tilk.bio\/et\/wp-json\/wp\/v2\/product\/73181","targetHints":{"allow":["GET"]}}],"collection":[{"href":"https:\/\/tilk.bio\/et\/wp-json\/wp\/v2\/product"}],"about":[{"href":"https:\/\/tilk.bio\/et\/wp-json\/wp\/v2\/types\/product"}],"replies":[{"embeddable":true,"href":"https:\/\/tilk.bio\/et\/wp-json\/wp\/v2\/comments?post=73181"}],"wp:featuredmedia":[{"embeddable":true,"href":"https:\/\/tilk.bio\/et\/wp-json\/wp\/v2\/media\/75450"}],"wp:attachment":[{"href":"https:\/\/tilk.bio\/et\/wp-json\/wp\/v2\/media?parent=73181"}],"wp:term":[{"taxonomy":"product_brand","embeddable":true,"href":"https:\/\/tilk.bio\/et\/wp-json\/wp\/v2\/product_brand?post=73181"},{"taxonomy":"product_cat","embeddable":true,"href":"https:\/\/tilk.bio\/et\/wp-json\/wp\/v2\/product_cat?post=73181"},{"taxonomy":"product_tag","embeddable":true,"href":"https:\/\/tilk.bio\/et\/wp-json\/wp\/v2\/product_tag?post=73181"}],"curies":[{"name":"wp","href":"https:\/\/api.w.org\/{rel}","templated":true}]}}