{"id":73244,"date":"2024-11-21T14:52:28","date_gmt":"2024-11-21T12:52:28","guid":{"rendered":"https:\/\/tilk.bio\/shop\/2in1-10-aha-hapete-ja-probiootilise-kompleksiga-puhastuskreem-mask\/"},"modified":"2026-04-21T20:45:03","modified_gmt":"2026-04-21T17:45:03","slug":"2in1-10-aha-hapete-ja-probiootilise-kompleksiga-puhastuskreem-mask","status":"publish","type":"product","link":"https:\/\/tilk.bio\/et\/pood\/2in1-10-aha-hapete-ja-probiootilise-kompleksiga-puhastuskreem-mask\/","title":{"rendered":"10% AHA-hapete ja probiootilise kompleksiga puhastuskreem-mask"},"content":{"rendered":"","protected":false},"excerpt":{"rendered":"<p><span style=\"font-weight: 400;\">AHA-hapetega puhastuskreem-mask on s\u00fcgavpuhastav ja hooldav, j\u00e4ttes naha siledaks, niisutatuks ja v\u00e4rskeks. See sisaldab probiootilisi komplekse, mis toetavad naha loomulikku mikrobioomi ja aitavad s\u00e4ilitada naha struktuuri. Maski toimeaine tuleb 10% AHA-hapetest ehk alfa-h\u00fcdroks\u00fchappest, mis eemaldavad \u00f5rnalt surnud naharakud ja \u00fchtlustavad nahatooni, samas kui maskis sisalduvad kookos\u00f5li ja kastoor\u00f5li niisutavad ja pehmendavad nahka.<\/span><\/p>\n<p>&nbsp;<\/p>\n<p><span style=\"font-weight: 400;\">Teepuu eeterlik \u00f5li lisab antibakteriaalset ja rahustavat toimet, aidates ennetada ja v\u00e4hendada nahap\u00f5letikke. Puhastuskreem-maski kasutamine muudab naha s\u00e4ravamaks ja klaarimaks, andes sellele terve ja \u00fchtlase jume.<\/span><\/p>\n<p><span style=\"font-weight: 400;\">Kasutamine: Kanna mask puhastatud nahale, hoia peal 3-7 minutit ja loputa sooja veega. J\u00e4tka nahahooldust seerumi ja niisutava n\u00e4okreemiga. Sobib kasutamiseks 1 kord n\u00e4dalas.<\/span><\/p>\n","protected":false},"featured_media":75365,"comment_status":"open","ping_status":"closed","template":"","meta":{"_acf_changed":false},"product_brand":[],"product_cat":[622,604,623,389,885,511,903,691,891],"product_tag":[],"class_list":{"0":"post-73244","1":"product","2":"type-product","3":"status-publish","4":"has-post-thumbnail","6":"product_cat-puhastustooted","7":"product_cat-naokoorijad","8":"product_cat-maskid","9":"product_cat-koik-tooted","10":"product_cat-koostisosad","11":"product_cat-naohooldus","12":"product_cat-probiootikumid","13":"product_cat-tekstuuri-ja-tooniprobleemidega-nahk","14":"product_cat-tilk-biotic-et","16":"first","17":"instock","18":"taxable","19":"shipping-taxable","20":"purchasable","21":"product-type-variable"},"acf":[],"yoast_head":"<!-- This site is optimized with the Yoast SEO plugin v27.4 - https:\/\/yoast.com\/product\/yoast-seo-wordpress\/ -->\n<title>aha<\/title>\n<meta name=\"description\" content=\"AHA-hapetega puhastuskreem-mask on s\u00fcgavpuhastav ja hooldav, j\u00e4ttes naha siledaks, niisutatuks ja v\u00e4rskeks. See sisaldab probiootilisi komplekse,\" \/>\n<meta name=\"robots\" content=\"index, follow, max-snippet:-1, max-image-preview:large, max-video-preview:-1\" \/>\n<link rel=\"canonical\" href=\"https:\/\/tilk.bio\/et\/pood\/2in1-10-aha-hapete-ja-probiootilise-kompleksiga-puhastuskreem-mask\/\" \/>\n<meta property=\"og:locale\" content=\"et_EE\" \/>\n<meta property=\"og:type\" content=\"article\" \/>\n<meta property=\"og:title\" content=\"aha\" \/>\n<meta property=\"og:description\" content=\"AHA-hapetega puhastuskreem-mask on s\u00fcgavpuhastav ja hooldav, j\u00e4ttes naha siledaks, niisutatuks ja v\u00e4rskeks. See sisaldab probiootilisi komplekse,\" \/>\n<meta property=\"og:url\" content=\"https:\/\/tilk.bio\/et\/pood\/2in1-10-aha-hapete-ja-probiootilise-kompleksiga-puhastuskreem-mask\/\" \/>\n<meta property=\"og:site_name\" content=\"Tilk!\" \/>\n<meta property=\"article:publisher\" content=\"https:\/\/www.facebook.com\/tilk.bio\/\" \/>\n<meta property=\"article:modified_time\" content=\"2026-04-21T17:45:03+00:00\" \/>\n<meta property=\"og:image\" content=\"https:\/\/tilk.bio\/wp-content\/uploads\/2024\/11\/20241114-8S7A6645-ruut.jpg\" \/>\n\t<meta property=\"og:image:width\" content=\"1637\" \/>\n\t<meta property=\"og:image:height\" content=\"1637\" \/>\n\t<meta property=\"og:image:type\" content=\"image\/jpeg\" \/>\n<meta name=\"twitter:card\" content=\"summary_large_image\" \/>\n<script type=\"application\/ld+json\" class=\"yoast-schema-graph\">{\"@context\":\"https:\\\/\\\/schema.org\",\"@graph\":[{\"@type\":\"WebPage\",\"@id\":\"https:\\\/\\\/tilk.bio\\\/et\\\/pood\\\/2in1-10-aha-hapete-ja-probiootilise-kompleksiga-puhastuskreem-mask\\\/\",\"url\":\"https:\\\/\\\/tilk.bio\\\/et\\\/pood\\\/2in1-10-aha-hapete-ja-probiootilise-kompleksiga-puhastuskreem-mask\\\/\",\"name\":\"aha\",\"isPartOf\":{\"@id\":\"https:\\\/\\\/tilk.bio\\\/et\\\/#website\"},\"primaryImageOfPage\":{\"@id\":\"https:\\\/\\\/tilk.bio\\\/et\\\/pood\\\/2in1-10-aha-hapete-ja-probiootilise-kompleksiga-puhastuskreem-mask\\\/#primaryimage\"},\"image\":{\"@id\":\"https:\\\/\\\/tilk.bio\\\/et\\\/pood\\\/2in1-10-aha-hapete-ja-probiootilise-kompleksiga-puhastuskreem-mask\\\/#primaryimage\"},\"thumbnailUrl\":\"https:\\\/\\\/tilk.bio\\\/wp-content\\\/uploads\\\/2024\\\/11\\\/20241114-8S7A6645-ruut.jpg\",\"datePublished\":\"2024-11-21T12:52:28+00:00\",\"dateModified\":\"2026-04-21T17:45:03+00:00\",\"description\":\"AHA-hapetega puhastuskreem-mask on s\u00fcgavpuhastav ja hooldav, j\u00e4ttes naha siledaks, niisutatuks ja v\u00e4rskeks. See sisaldab probiootilisi komplekse,\",\"breadcrumb\":{\"@id\":\"https:\\\/\\\/tilk.bio\\\/et\\\/pood\\\/2in1-10-aha-hapete-ja-probiootilise-kompleksiga-puhastuskreem-mask\\\/#breadcrumb\"},\"inLanguage\":\"et\",\"potentialAction\":[{\"@type\":\"ReadAction\",\"target\":[\"https:\\\/\\\/tilk.bio\\\/et\\\/pood\\\/2in1-10-aha-hapete-ja-probiootilise-kompleksiga-puhastuskreem-mask\\\/\"]}]},{\"@type\":\"ImageObject\",\"inLanguage\":\"et\",\"@id\":\"https:\\\/\\\/tilk.bio\\\/et\\\/pood\\\/2in1-10-aha-hapete-ja-probiootilise-kompleksiga-puhastuskreem-mask\\\/#primaryimage\",\"url\":\"https:\\\/\\\/tilk.bio\\\/wp-content\\\/uploads\\\/2024\\\/11\\\/20241114-8S7A6645-ruut.jpg\",\"contentUrl\":\"https:\\\/\\\/tilk.bio\\\/wp-content\\\/uploads\\\/2024\\\/11\\\/20241114-8S7A6645-ruut.jpg\",\"width\":1637,\"height\":1637},{\"@type\":\"BreadcrumbList\",\"@id\":\"https:\\\/\\\/tilk.bio\\\/et\\\/pood\\\/2in1-10-aha-hapete-ja-probiootilise-kompleksiga-puhastuskreem-mask\\\/#breadcrumb\",\"itemListElement\":[{\"@type\":\"ListItem\",\"position\":1,\"name\":\"Home\",\"item\":\"https:\\\/\\\/tilk.bio\\\/et\\\/\"},{\"@type\":\"ListItem\",\"position\":2,\"name\":\"Pood\",\"item\":\"https:\\\/\\\/tilk.bio\\\/et\\\/pood\\\/\"},{\"@type\":\"ListItem\",\"position\":3,\"name\":\"10% AHA-hapete ja probiootilise kompleksiga puhastuskreem-mask\"}]},{\"@type\":\"WebSite\",\"@id\":\"https:\\\/\\\/tilk.bio\\\/et\\\/#website\",\"url\":\"https:\\\/\\\/tilk.bio\\\/et\\\/\",\"name\":\"Tilk!\",\"description\":\"Keskkonnas\u00f5bralik ja j\u00e4tkusuutlik looduskosmeetika Saaremaalt.\",\"potentialAction\":[{\"@type\":\"SearchAction\",\"target\":{\"@type\":\"EntryPoint\",\"urlTemplate\":\"https:\\\/\\\/tilk.bio\\\/et\\\/?s={search_term_string}\"},\"query-input\":{\"@type\":\"PropertyValueSpecification\",\"valueRequired\":true,\"valueName\":\"search_term_string\"}}],\"inLanguage\":\"et\"}]}<\/script>\n<!-- \/ Yoast SEO plugin. -->","yoast_head_json":{"title":"aha","description":"AHA-hapetega puhastuskreem-mask on s\u00fcgavpuhastav ja hooldav, j\u00e4ttes naha siledaks, niisutatuks ja v\u00e4rskeks. See sisaldab probiootilisi komplekse,","robots":{"index":"index","follow":"follow","max-snippet":"max-snippet:-1","max-image-preview":"max-image-preview:large","max-video-preview":"max-video-preview:-1"},"canonical":"https:\/\/tilk.bio\/et\/pood\/2in1-10-aha-hapete-ja-probiootilise-kompleksiga-puhastuskreem-mask\/","og_locale":"et_EE","og_type":"article","og_title":"aha","og_description":"AHA-hapetega puhastuskreem-mask on s\u00fcgavpuhastav ja hooldav, j\u00e4ttes naha siledaks, niisutatuks ja v\u00e4rskeks. See sisaldab probiootilisi komplekse,","og_url":"https:\/\/tilk.bio\/et\/pood\/2in1-10-aha-hapete-ja-probiootilise-kompleksiga-puhastuskreem-mask\/","og_site_name":"Tilk!","article_publisher":"https:\/\/www.facebook.com\/tilk.bio\/","article_modified_time":"2026-04-21T17:45:03+00:00","og_image":[{"width":1637,"height":1637,"url":"https:\/\/tilk.bio\/wp-content\/uploads\/2024\/11\/20241114-8S7A6645-ruut.jpg","type":"image\/jpeg"}],"twitter_card":"summary_large_image","schema":{"@context":"https:\/\/schema.org","@graph":[{"@type":"WebPage","@id":"https:\/\/tilk.bio\/et\/pood\/2in1-10-aha-hapete-ja-probiootilise-kompleksiga-puhastuskreem-mask\/","url":"https:\/\/tilk.bio\/et\/pood\/2in1-10-aha-hapete-ja-probiootilise-kompleksiga-puhastuskreem-mask\/","name":"aha","isPartOf":{"@id":"https:\/\/tilk.bio\/et\/#website"},"primaryImageOfPage":{"@id":"https:\/\/tilk.bio\/et\/pood\/2in1-10-aha-hapete-ja-probiootilise-kompleksiga-puhastuskreem-mask\/#primaryimage"},"image":{"@id":"https:\/\/tilk.bio\/et\/pood\/2in1-10-aha-hapete-ja-probiootilise-kompleksiga-puhastuskreem-mask\/#primaryimage"},"thumbnailUrl":"https:\/\/tilk.bio\/wp-content\/uploads\/2024\/11\/20241114-8S7A6645-ruut.jpg","datePublished":"2024-11-21T12:52:28+00:00","dateModified":"2026-04-21T17:45:03+00:00","description":"AHA-hapetega puhastuskreem-mask on s\u00fcgavpuhastav ja hooldav, j\u00e4ttes naha siledaks, niisutatuks ja v\u00e4rskeks. See sisaldab probiootilisi komplekse,","breadcrumb":{"@id":"https:\/\/tilk.bio\/et\/pood\/2in1-10-aha-hapete-ja-probiootilise-kompleksiga-puhastuskreem-mask\/#breadcrumb"},"inLanguage":"et","potentialAction":[{"@type":"ReadAction","target":["https:\/\/tilk.bio\/et\/pood\/2in1-10-aha-hapete-ja-probiootilise-kompleksiga-puhastuskreem-mask\/"]}]},{"@type":"ImageObject","inLanguage":"et","@id":"https:\/\/tilk.bio\/et\/pood\/2in1-10-aha-hapete-ja-probiootilise-kompleksiga-puhastuskreem-mask\/#primaryimage","url":"https:\/\/tilk.bio\/wp-content\/uploads\/2024\/11\/20241114-8S7A6645-ruut.jpg","contentUrl":"https:\/\/tilk.bio\/wp-content\/uploads\/2024\/11\/20241114-8S7A6645-ruut.jpg","width":1637,"height":1637},{"@type":"BreadcrumbList","@id":"https:\/\/tilk.bio\/et\/pood\/2in1-10-aha-hapete-ja-probiootilise-kompleksiga-puhastuskreem-mask\/#breadcrumb","itemListElement":[{"@type":"ListItem","position":1,"name":"Home","item":"https:\/\/tilk.bio\/et\/"},{"@type":"ListItem","position":2,"name":"Pood","item":"https:\/\/tilk.bio\/et\/pood\/"},{"@type":"ListItem","position":3,"name":"10% AHA-hapete ja probiootilise kompleksiga puhastuskreem-mask"}]},{"@type":"WebSite","@id":"https:\/\/tilk.bio\/et\/#website","url":"https:\/\/tilk.bio\/et\/","name":"Tilk!","description":"Keskkonnas\u00f5bralik ja j\u00e4tkusuutlik looduskosmeetika Saaremaalt.","potentialAction":[{"@type":"SearchAction","target":{"@type":"EntryPoint","urlTemplate":"https:\/\/tilk.bio\/et\/?s={search_term_string}"},"query-input":{"@type":"PropertyValueSpecification","valueRequired":true,"valueName":"search_term_string"}}],"inLanguage":"et"}]}},"_links":{"self":[{"href":"https:\/\/tilk.bio\/et\/wp-json\/wp\/v2\/product\/73244","targetHints":{"allow":["GET"]}}],"collection":[{"href":"https:\/\/tilk.bio\/et\/wp-json\/wp\/v2\/product"}],"about":[{"href":"https:\/\/tilk.bio\/et\/wp-json\/wp\/v2\/types\/product"}],"replies":[{"embeddable":true,"href":"https:\/\/tilk.bio\/et\/wp-json\/wp\/v2\/comments?post=73244"}],"wp:featuredmedia":[{"embeddable":true,"href":"https:\/\/tilk.bio\/et\/wp-json\/wp\/v2\/media\/75365"}],"wp:attachment":[{"href":"https:\/\/tilk.bio\/et\/wp-json\/wp\/v2\/media?parent=73244"}],"wp:term":[{"taxonomy":"product_brand","embeddable":true,"href":"https:\/\/tilk.bio\/et\/wp-json\/wp\/v2\/product_brand?post=73244"},{"taxonomy":"product_cat","embeddable":true,"href":"https:\/\/tilk.bio\/et\/wp-json\/wp\/v2\/product_cat?post=73244"},{"taxonomy":"product_tag","embeddable":true,"href":"https:\/\/tilk.bio\/et\/wp-json\/wp\/v2\/product_tag?post=73244"}],"curies":[{"name":"wp","href":"https:\/\/api.w.org\/{rel}","templated":true}]}}