{"id":73268,"date":"2024-11-21T15:06:47","date_gmt":"2024-11-21T13:06:47","guid":{"rendered":"https:\/\/tilk.bio\/shop\/pimple-stop-teepuu-ja-musta-pajukoore-roll-on\/"},"modified":"2026-04-10T09:15:02","modified_gmt":"2026-04-10T06:15:02","slug":"pimple-stop-teepuu-ja-musta-pajukoore-roll-on","status":"publish","type":"product","link":"https:\/\/tilk.bio\/et\/pood\/pimple-stop-teepuu-ja-musta-pajukoore-roll-on\/","title":{"rendered":"Pimple Stop teepuu ja musta pajukoore roll-on"},"content":{"rendered":"","protected":false},"excerpt":{"rendered":"<p><span style=\"font-weight: 400;\">Pimple Stop on looduslik ja t\u00f5hus lahendus vistrikele ning probleemsele nahale, pakkudes kiiret leevendust ja tasakaalustatud hooldust. Roll-on sisaldab antibakteriaalse toimega teepuu h\u00fcdrosooli, mis rahustab ja puhastab nahka ning v\u00e4hendab \u00e4rritust.\u00a0<\/span><\/p>\n<p><span style=\"font-weight: 400;\">Musta pajukoore ekstrakt toimib loodusliku salits\u00fc\u00fclhappena, koorides \u00f5rnalt ja aidates eemaldada mustust ning liigset rasu. Probiootiline kompleks toetab naha mikrofloorat, kaitstes ja hoides nahka tasakaalus, samas kui pantenool niisutab ja rahustab ning aitab kaasa naha loomulikule taastumisele.\u00a0<\/span><\/p>\n<p><span style=\"font-weight: 400;\">Kasutamine: Puhasta nahk, kanna roll-on probleemsetele ja p\u00f5letikulistele kohtadele hommikul ja \u00f5htul v\u00f5i vastavalt vajadusele.\u00a0<\/span><\/p>\n<p><span style=\"font-weight: 400;\">Nb! V\u00e4ldi otsest p\u00e4ikest kohtades, kus oled toodet kasutanud!<\/span><\/p>\n<p><span style=\"font-weight: 400;\">Kogus: 10ml<\/span><\/p>\n","protected":false},"featured_media":75361,"comment_status":"open","ping_status":"closed","template":"","meta":{"_acf_changed":false},"product_brand":[],"product_cat":[977,687,389,511,903,891],"product_tag":[],"class_list":{"0":"post-73268","1":"product","2":"type-product","3":"status-publish","4":"has-post-thumbnail","6":"product_cat-naoseerumid","7":"product_cat-akne-ja-rasune-nahk","8":"product_cat-koik-tooted","9":"product_cat-naohooldus","10":"product_cat-probiootikumid","11":"product_cat-tilk-biotic-et","13":"first","14":"instock","15":"taxable","16":"shipping-taxable","17":"purchasable","18":"product-type-simple"},"acf":[],"yoast_head":"<!-- This site is optimized with the Yoast SEO plugin v27.3 - https:\/\/yoast.com\/product\/yoast-seo-wordpress\/ -->\n<title>Pimple Stop teepuu ja musta pajukoore roll-on - Tilk!<\/title>\n<meta name=\"robots\" content=\"index, follow, max-snippet:-1, max-image-preview:large, max-video-preview:-1\" \/>\n<link rel=\"canonical\" href=\"https:\/\/tilk.bio\/et\/pood\/pimple-stop-teepuu-ja-musta-pajukoore-roll-on\/\" \/>\n<meta property=\"og:locale\" content=\"et_EE\" \/>\n<meta property=\"og:type\" content=\"article\" \/>\n<meta property=\"og:title\" content=\"Pimple Stop teepuu ja musta pajukoore roll-on - Tilk!\" \/>\n<meta property=\"og:description\" content=\"Pimple Stop on looduslik ja t\u00f5hus lahendus vistrikele ning probleemsele nahale, pakkudes kiiret leevendust ja tasakaalustatud hooldust. Roll-on sisaldab antibakteriaalse toimega teepuu h\u00fcdrosooli, mis rahustab ja puhastab nahka ning v\u00e4hendab \u00e4rritust.\u00a0  Musta pajukoore ekstrakt toimib loodusliku salits\u00fc\u00fclhappena, koorides \u00f5rnalt ja aidates eemaldada mustust ning liigset rasu. Probiootiline kompleks toetab naha mikrofloorat, kaitstes ja hoides nahka tasakaalus, samas kui pantenool niisutab ja rahustab ning aitab kaasa naha loomulikule taastumisele.\u00a0  Kasutamine: Puhasta nahk, kanna roll-on probleemsetele ja p\u00f5letikulistele kohtadele hommikul ja \u00f5htul v\u00f5i vastavalt vajadusele.\u00a0  Nb! V\u00e4ldi otsest p\u00e4ikest kohtades, kus oled toodet kasutanud!  Kogus: 10ml\" \/>\n<meta property=\"og:url\" content=\"https:\/\/tilk.bio\/et\/pood\/pimple-stop-teepuu-ja-musta-pajukoore-roll-on\/\" \/>\n<meta property=\"og:site_name\" content=\"Tilk!\" \/>\n<meta property=\"article:publisher\" content=\"https:\/\/www.facebook.com\/tilk.bio\/\" \/>\n<meta property=\"article:modified_time\" content=\"2026-04-10T06:15:02+00:00\" \/>\n<meta property=\"og:image\" content=\"https:\/\/tilk.bio\/wp-content\/uploads\/2024\/11\/20241114-8S7A6684-ruut.jpg\" \/>\n\t<meta property=\"og:image:width\" content=\"1872\" \/>\n\t<meta property=\"og:image:height\" content=\"1872\" \/>\n\t<meta property=\"og:image:type\" content=\"image\/jpeg\" \/>\n<meta name=\"twitter:card\" content=\"summary_large_image\" \/>\n<script type=\"application\/ld+json\" class=\"yoast-schema-graph\">{\"@context\":\"https:\\\/\\\/schema.org\",\"@graph\":[{\"@type\":\"WebPage\",\"@id\":\"https:\\\/\\\/tilk.bio\\\/et\\\/pood\\\/pimple-stop-teepuu-ja-musta-pajukoore-roll-on\\\/\",\"url\":\"https:\\\/\\\/tilk.bio\\\/et\\\/pood\\\/pimple-stop-teepuu-ja-musta-pajukoore-roll-on\\\/\",\"name\":\"Pimple Stop teepuu ja musta pajukoore roll-on - Tilk!\",\"isPartOf\":{\"@id\":\"https:\\\/\\\/tilk.bio\\\/et\\\/#website\"},\"primaryImageOfPage\":{\"@id\":\"https:\\\/\\\/tilk.bio\\\/et\\\/pood\\\/pimple-stop-teepuu-ja-musta-pajukoore-roll-on\\\/#primaryimage\"},\"image\":{\"@id\":\"https:\\\/\\\/tilk.bio\\\/et\\\/pood\\\/pimple-stop-teepuu-ja-musta-pajukoore-roll-on\\\/#primaryimage\"},\"thumbnailUrl\":\"https:\\\/\\\/tilk.bio\\\/wp-content\\\/uploads\\\/2024\\\/11\\\/20241114-8S7A6684-ruut.jpg\",\"datePublished\":\"2024-11-21T13:06:47+00:00\",\"dateModified\":\"2026-04-10T06:15:02+00:00\",\"breadcrumb\":{\"@id\":\"https:\\\/\\\/tilk.bio\\\/et\\\/pood\\\/pimple-stop-teepuu-ja-musta-pajukoore-roll-on\\\/#breadcrumb\"},\"inLanguage\":\"et\",\"potentialAction\":[{\"@type\":\"ReadAction\",\"target\":[\"https:\\\/\\\/tilk.bio\\\/et\\\/pood\\\/pimple-stop-teepuu-ja-musta-pajukoore-roll-on\\\/\"]}]},{\"@type\":\"ImageObject\",\"inLanguage\":\"et\",\"@id\":\"https:\\\/\\\/tilk.bio\\\/et\\\/pood\\\/pimple-stop-teepuu-ja-musta-pajukoore-roll-on\\\/#primaryimage\",\"url\":\"https:\\\/\\\/tilk.bio\\\/wp-content\\\/uploads\\\/2024\\\/11\\\/20241114-8S7A6684-ruut.jpg\",\"contentUrl\":\"https:\\\/\\\/tilk.bio\\\/wp-content\\\/uploads\\\/2024\\\/11\\\/20241114-8S7A6684-ruut.jpg\",\"width\":1872,\"height\":1872},{\"@type\":\"BreadcrumbList\",\"@id\":\"https:\\\/\\\/tilk.bio\\\/et\\\/pood\\\/pimple-stop-teepuu-ja-musta-pajukoore-roll-on\\\/#breadcrumb\",\"itemListElement\":[{\"@type\":\"ListItem\",\"position\":1,\"name\":\"Home\",\"item\":\"https:\\\/\\\/tilk.bio\\\/et\\\/\"},{\"@type\":\"ListItem\",\"position\":2,\"name\":\"Pood\",\"item\":\"https:\\\/\\\/tilk.bio\\\/et\\\/pood\\\/\"},{\"@type\":\"ListItem\",\"position\":3,\"name\":\"Pimple Stop teepuu ja musta pajukoore roll-on\"}]},{\"@type\":\"WebSite\",\"@id\":\"https:\\\/\\\/tilk.bio\\\/et\\\/#website\",\"url\":\"https:\\\/\\\/tilk.bio\\\/et\\\/\",\"name\":\"Tilk!\",\"description\":\"Keskkonnas\u00f5bralik ja j\u00e4tkusuutlik looduskosmeetika Saaremaalt.\",\"potentialAction\":[{\"@type\":\"SearchAction\",\"target\":{\"@type\":\"EntryPoint\",\"urlTemplate\":\"https:\\\/\\\/tilk.bio\\\/et\\\/?s={search_term_string}\"},\"query-input\":{\"@type\":\"PropertyValueSpecification\",\"valueRequired\":true,\"valueName\":\"search_term_string\"}}],\"inLanguage\":\"et\"}]}<\/script>\n<!-- \/ Yoast SEO plugin. -->","yoast_head_json":{"title":"Pimple Stop teepuu ja musta pajukoore roll-on - Tilk!","robots":{"index":"index","follow":"follow","max-snippet":"max-snippet:-1","max-image-preview":"max-image-preview:large","max-video-preview":"max-video-preview:-1"},"canonical":"https:\/\/tilk.bio\/et\/pood\/pimple-stop-teepuu-ja-musta-pajukoore-roll-on\/","og_locale":"et_EE","og_type":"article","og_title":"Pimple Stop teepuu ja musta pajukoore roll-on - Tilk!","og_description":"Pimple Stop on looduslik ja t\u00f5hus lahendus vistrikele ning probleemsele nahale, pakkudes kiiret leevendust ja tasakaalustatud hooldust. Roll-on sisaldab antibakteriaalse toimega teepuu h\u00fcdrosooli, mis rahustab ja puhastab nahka ning v\u00e4hendab \u00e4rritust.\u00a0  Musta pajukoore ekstrakt toimib loodusliku salits\u00fc\u00fclhappena, koorides \u00f5rnalt ja aidates eemaldada mustust ning liigset rasu. Probiootiline kompleks toetab naha mikrofloorat, kaitstes ja hoides nahka tasakaalus, samas kui pantenool niisutab ja rahustab ning aitab kaasa naha loomulikule taastumisele.\u00a0  Kasutamine: Puhasta nahk, kanna roll-on probleemsetele ja p\u00f5letikulistele kohtadele hommikul ja \u00f5htul v\u00f5i vastavalt vajadusele.\u00a0  Nb! V\u00e4ldi otsest p\u00e4ikest kohtades, kus oled toodet kasutanud!  Kogus: 10ml","og_url":"https:\/\/tilk.bio\/et\/pood\/pimple-stop-teepuu-ja-musta-pajukoore-roll-on\/","og_site_name":"Tilk!","article_publisher":"https:\/\/www.facebook.com\/tilk.bio\/","article_modified_time":"2026-04-10T06:15:02+00:00","og_image":[{"width":1872,"height":1872,"url":"https:\/\/tilk.bio\/wp-content\/uploads\/2024\/11\/20241114-8S7A6684-ruut.jpg","type":"image\/jpeg"}],"twitter_card":"summary_large_image","schema":{"@context":"https:\/\/schema.org","@graph":[{"@type":"WebPage","@id":"https:\/\/tilk.bio\/et\/pood\/pimple-stop-teepuu-ja-musta-pajukoore-roll-on\/","url":"https:\/\/tilk.bio\/et\/pood\/pimple-stop-teepuu-ja-musta-pajukoore-roll-on\/","name":"Pimple Stop teepuu ja musta pajukoore roll-on - Tilk!","isPartOf":{"@id":"https:\/\/tilk.bio\/et\/#website"},"primaryImageOfPage":{"@id":"https:\/\/tilk.bio\/et\/pood\/pimple-stop-teepuu-ja-musta-pajukoore-roll-on\/#primaryimage"},"image":{"@id":"https:\/\/tilk.bio\/et\/pood\/pimple-stop-teepuu-ja-musta-pajukoore-roll-on\/#primaryimage"},"thumbnailUrl":"https:\/\/tilk.bio\/wp-content\/uploads\/2024\/11\/20241114-8S7A6684-ruut.jpg","datePublished":"2024-11-21T13:06:47+00:00","dateModified":"2026-04-10T06:15:02+00:00","breadcrumb":{"@id":"https:\/\/tilk.bio\/et\/pood\/pimple-stop-teepuu-ja-musta-pajukoore-roll-on\/#breadcrumb"},"inLanguage":"et","potentialAction":[{"@type":"ReadAction","target":["https:\/\/tilk.bio\/et\/pood\/pimple-stop-teepuu-ja-musta-pajukoore-roll-on\/"]}]},{"@type":"ImageObject","inLanguage":"et","@id":"https:\/\/tilk.bio\/et\/pood\/pimple-stop-teepuu-ja-musta-pajukoore-roll-on\/#primaryimage","url":"https:\/\/tilk.bio\/wp-content\/uploads\/2024\/11\/20241114-8S7A6684-ruut.jpg","contentUrl":"https:\/\/tilk.bio\/wp-content\/uploads\/2024\/11\/20241114-8S7A6684-ruut.jpg","width":1872,"height":1872},{"@type":"BreadcrumbList","@id":"https:\/\/tilk.bio\/et\/pood\/pimple-stop-teepuu-ja-musta-pajukoore-roll-on\/#breadcrumb","itemListElement":[{"@type":"ListItem","position":1,"name":"Home","item":"https:\/\/tilk.bio\/et\/"},{"@type":"ListItem","position":2,"name":"Pood","item":"https:\/\/tilk.bio\/et\/pood\/"},{"@type":"ListItem","position":3,"name":"Pimple Stop teepuu ja musta pajukoore roll-on"}]},{"@type":"WebSite","@id":"https:\/\/tilk.bio\/et\/#website","url":"https:\/\/tilk.bio\/et\/","name":"Tilk!","description":"Keskkonnas\u00f5bralik ja j\u00e4tkusuutlik looduskosmeetika Saaremaalt.","potentialAction":[{"@type":"SearchAction","target":{"@type":"EntryPoint","urlTemplate":"https:\/\/tilk.bio\/et\/?s={search_term_string}"},"query-input":{"@type":"PropertyValueSpecification","valueRequired":true,"valueName":"search_term_string"}}],"inLanguage":"et"}]}},"_links":{"self":[{"href":"https:\/\/tilk.bio\/et\/wp-json\/wp\/v2\/product\/73268","targetHints":{"allow":["GET"]}}],"collection":[{"href":"https:\/\/tilk.bio\/et\/wp-json\/wp\/v2\/product"}],"about":[{"href":"https:\/\/tilk.bio\/et\/wp-json\/wp\/v2\/types\/product"}],"replies":[{"embeddable":true,"href":"https:\/\/tilk.bio\/et\/wp-json\/wp\/v2\/comments?post=73268"}],"wp:featuredmedia":[{"embeddable":true,"href":"https:\/\/tilk.bio\/et\/wp-json\/wp\/v2\/media\/75361"}],"wp:attachment":[{"href":"https:\/\/tilk.bio\/et\/wp-json\/wp\/v2\/media?parent=73268"}],"wp:term":[{"taxonomy":"product_brand","embeddable":true,"href":"https:\/\/tilk.bio\/et\/wp-json\/wp\/v2\/product_brand?post=73268"},{"taxonomy":"product_cat","embeddable":true,"href":"https:\/\/tilk.bio\/et\/wp-json\/wp\/v2\/product_cat?post=73268"},{"taxonomy":"product_tag","embeddable":true,"href":"https:\/\/tilk.bio\/et\/wp-json\/wp\/v2\/product_tag?post=73268"}],"curies":[{"name":"wp","href":"https:\/\/api.w.org\/{rel}","templated":true}]}}