{"id":73312,"date":"2024-11-15T15:14:13","date_gmt":"2024-11-26T13:14:13","guid":{"rendered":"https:\/\/tilk.bio\/shop\/juuksepalsam-mundi-rosmariini-ja-kookosega\/"},"modified":"2026-04-11T07:45:05","modified_gmt":"2026-04-11T04:45:05","slug":"juuksepalsam-mundi-rosmariini-ja-kookosega","status":"publish","type":"product","link":"https:\/\/tilk.bio\/et\/pood\/juuksepalsam-mundi-rosmariini-ja-kookosega\/","title":{"rendered":"Juuksepalsam m\u00fcndi, rosmariini ja kookosega"},"content":{"rendered":"<p><span style=\"font-weight: 400;\"><strong>Kasutamine:<\/strong> Kanna palsamit pestud niisketele juustele, keskendudes juuste otstele. Lase m\u00f5ni minut m\u00f5juda ja loputa p\u00f5hjalikult. Sobib igap\u00e4evaseks kasutamiseks k\u00f5igile juukset\u00fc\u00fcpidele.<\/span><\/p>\n<p><strong>Kogus: 50ml\/200ml<\/strong><\/p>\n<p>&nbsp;<\/p>\n","protected":false},"excerpt":{"rendered":"<p><span style=\"font-weight: 400;\">V\u00e4rske ja m\u00f5nusa l\u00f5hnaga juuksepalsam pakub s\u00fcgavat niisutust ning vajalikku hooldust k\u00f5igile juukset\u00fc\u00fcpidele. See muudab juuksed pehmeks, elastseks ja n\u00e4htavalt eluj\u00f5ulisemaks. Palsami koostises olev kookos\u00f5li on \u00fcks v\u00e4heseid looduslikke \u00f5lisid, mis tungib juuksekarva sisse, pakkudes s\u00fcgavat niisutust ja tugevdades juuste struktuuri. Kookos\u00f5lis leiduv lauriinhape kaitseb juukseid kahjustuste eest, aidates v\u00e4hendada murdumist ja juukseotste hargnemist.<\/span><\/p>\n<p><span style=\"font-weight: 400;\">Palsami koostises on ka pantenool, sheav\u00f5i, kastoor\u00f5li ja seesami\u00f5li, mis annavad juustele vajalikud toitained, lisavad l\u00e4iget ja aitavad s\u00e4ilitada pehmust. Piparm\u00fcndi ja rosmariini ekstrakti v\u00e4rskendav toime ergutab meeli ja j\u00e4tab juuksed meeldivalt l\u00f5hnavaks. Kasuta koos <a href=\"https:\/\/tilk.bio\/et\/tootekategooria\/juuksehooldus\/sampoon\/\">tahke \u0161ampooniga.<\/a><\/span><\/p>\n","protected":false},"featured_media":74439,"comment_status":"open","ping_status":"closed","template":"","meta":{"_acf_changed":false},"product_brand":[],"product_cat":[494,642,389,970],"product_tag":[],"class_list":{"0":"post-73312","1":"product","2":"type-product","3":"status-publish","4":"has-post-thumbnail","6":"product_cat-klientide-lemmikud","7":"product_cat-juuksehooldus","8":"product_cat-koik-tooted","9":"product_cat-palsamid","11":"first","12":"instock","13":"taxable","14":"shipping-taxable","15":"purchasable","16":"product-type-variable"},"acf":[],"yoast_head":"<!-- This site is optimized with the Yoast SEO plugin v27.4 - https:\/\/yoast.com\/product\/yoast-seo-wordpress\/ -->\n<title>Juuksepalsam m\u00fcndi, rosmariini ja kookosega - Tilk!<\/title>\n<meta name=\"robots\" content=\"index, follow, max-snippet:-1, max-image-preview:large, max-video-preview:-1\" \/>\n<link rel=\"canonical\" href=\"https:\/\/tilk.bio\/et\/pood\/juuksepalsam-mundi-rosmariini-ja-kookosega\/\" \/>\n<meta property=\"og:locale\" content=\"et_EE\" \/>\n<meta property=\"og:type\" content=\"article\" \/>\n<meta property=\"og:title\" content=\"Juuksepalsam m\u00fcndi, rosmariini ja kookosega - Tilk!\" \/>\n<meta property=\"og:description\" content=\"V\u00e4rske ja m\u00f5nusa l\u00f5hnaga juuksepalsam pakub s\u00fcgavat niisutust ning vajalikku hooldust k\u00f5igile juukset\u00fc\u00fcpidele. See muudab juuksed pehmeks, elastseks ja n\u00e4htavalt eluj\u00f5ulisemaks. Palsami koostises olev kookos\u00f5li on \u00fcks v\u00e4heseid looduslikke \u00f5lisid, mis tungib juuksekarva sisse, pakkudes s\u00fcgavat niisutust ja tugevdades juuste struktuuri. Kookos\u00f5lis leiduv lauriinhape kaitseb juukseid kahjustuste eest, aidates v\u00e4hendada murdumist ja juukseotste hargnemist.  Palsami koostises on ka pantenool, sheav\u00f5i, kastoor\u00f5li ja seesami\u00f5li, mis annavad juustele vajalikud toitained, lisavad l\u00e4iget ja aitavad s\u00e4ilitada pehmust. Piparm\u00fcndi ja rosmariini ekstrakti v\u00e4rskendav toime ergutab meeli ja j\u00e4tab juuksed meeldivalt l\u00f5hnavaks. Kasuta koos tahke \u0161ampooniga.\" \/>\n<meta property=\"og:url\" content=\"https:\/\/tilk.bio\/et\/pood\/juuksepalsam-mundi-rosmariini-ja-kookosega\/\" \/>\n<meta property=\"og:site_name\" content=\"Tilk!\" \/>\n<meta property=\"article:publisher\" content=\"https:\/\/www.facebook.com\/tilk.bio\/\" \/>\n<meta property=\"article:modified_time\" content=\"2026-04-11T04:45:05+00:00\" \/>\n<meta property=\"og:image\" content=\"https:\/\/tilk.bio\/wp-content\/uploads\/2024\/11\/2-1.jpg\" \/>\n\t<meta property=\"og:image:width\" content=\"1080\" \/>\n\t<meta property=\"og:image:height\" content=\"1350\" \/>\n\t<meta property=\"og:image:type\" content=\"image\/jpeg\" \/>\n<meta name=\"twitter:card\" content=\"summary_large_image\" \/>\n<script type=\"application\/ld+json\" class=\"yoast-schema-graph\">{\"@context\":\"https:\\\/\\\/schema.org\",\"@graph\":[{\"@type\":\"WebPage\",\"@id\":\"https:\\\/\\\/tilk.bio\\\/et\\\/pood\\\/juuksepalsam-mundi-rosmariini-ja-kookosega\\\/\",\"url\":\"https:\\\/\\\/tilk.bio\\\/et\\\/pood\\\/juuksepalsam-mundi-rosmariini-ja-kookosega\\\/\",\"name\":\"Juuksepalsam m\u00fcndi, rosmariini ja kookosega - Tilk!\",\"isPartOf\":{\"@id\":\"https:\\\/\\\/tilk.bio\\\/et\\\/#website\"},\"primaryImageOfPage\":{\"@id\":\"https:\\\/\\\/tilk.bio\\\/et\\\/pood\\\/juuksepalsam-mundi-rosmariini-ja-kookosega\\\/#primaryimage\"},\"image\":{\"@id\":\"https:\\\/\\\/tilk.bio\\\/et\\\/pood\\\/juuksepalsam-mundi-rosmariini-ja-kookosega\\\/#primaryimage\"},\"thumbnailUrl\":\"https:\\\/\\\/tilk.bio\\\/wp-content\\\/uploads\\\/2024\\\/11\\\/2-3.jpg\",\"datePublished\":\"2024-11-26T13:14:13+00:00\",\"dateModified\":\"2026-04-11T04:45:05+00:00\",\"breadcrumb\":{\"@id\":\"https:\\\/\\\/tilk.bio\\\/et\\\/pood\\\/juuksepalsam-mundi-rosmariini-ja-kookosega\\\/#breadcrumb\"},\"inLanguage\":\"et\",\"potentialAction\":[{\"@type\":\"ReadAction\",\"target\":[\"https:\\\/\\\/tilk.bio\\\/et\\\/pood\\\/juuksepalsam-mundi-rosmariini-ja-kookosega\\\/\"]}]},{\"@type\":\"ImageObject\",\"inLanguage\":\"et\",\"@id\":\"https:\\\/\\\/tilk.bio\\\/et\\\/pood\\\/juuksepalsam-mundi-rosmariini-ja-kookosega\\\/#primaryimage\",\"url\":\"https:\\\/\\\/tilk.bio\\\/wp-content\\\/uploads\\\/2024\\\/11\\\/2-3.jpg\",\"contentUrl\":\"https:\\\/\\\/tilk.bio\\\/wp-content\\\/uploads\\\/2024\\\/11\\\/2-3.jpg\",\"width\":1200,\"height\":1200},{\"@type\":\"BreadcrumbList\",\"@id\":\"https:\\\/\\\/tilk.bio\\\/et\\\/pood\\\/juuksepalsam-mundi-rosmariini-ja-kookosega\\\/#breadcrumb\",\"itemListElement\":[{\"@type\":\"ListItem\",\"position\":1,\"name\":\"Home\",\"item\":\"https:\\\/\\\/tilk.bio\\\/et\\\/\"},{\"@type\":\"ListItem\",\"position\":2,\"name\":\"Pood\",\"item\":\"https:\\\/\\\/tilk.bio\\\/et\\\/pood\\\/\"},{\"@type\":\"ListItem\",\"position\":3,\"name\":\"Juuksepalsam m\u00fcndi, rosmariini ja kookosega\"}]},{\"@type\":\"WebSite\",\"@id\":\"https:\\\/\\\/tilk.bio\\\/et\\\/#website\",\"url\":\"https:\\\/\\\/tilk.bio\\\/et\\\/\",\"name\":\"Tilk!\",\"description\":\"Keskkonnas\u00f5bralik ja j\u00e4tkusuutlik looduskosmeetika Saaremaalt.\",\"potentialAction\":[{\"@type\":\"SearchAction\",\"target\":{\"@type\":\"EntryPoint\",\"urlTemplate\":\"https:\\\/\\\/tilk.bio\\\/et\\\/?s={search_term_string}\"},\"query-input\":{\"@type\":\"PropertyValueSpecification\",\"valueRequired\":true,\"valueName\":\"search_term_string\"}}],\"inLanguage\":\"et\"}]}<\/script>\n<!-- \/ Yoast SEO plugin. -->","yoast_head_json":{"title":"Juuksepalsam m\u00fcndi, rosmariini ja kookosega - Tilk!","robots":{"index":"index","follow":"follow","max-snippet":"max-snippet:-1","max-image-preview":"max-image-preview:large","max-video-preview":"max-video-preview:-1"},"canonical":"https:\/\/tilk.bio\/et\/pood\/juuksepalsam-mundi-rosmariini-ja-kookosega\/","og_locale":"et_EE","og_type":"article","og_title":"Juuksepalsam m\u00fcndi, rosmariini ja kookosega - Tilk!","og_description":"V\u00e4rske ja m\u00f5nusa l\u00f5hnaga juuksepalsam pakub s\u00fcgavat niisutust ning vajalikku hooldust k\u00f5igile juukset\u00fc\u00fcpidele. See muudab juuksed pehmeks, elastseks ja n\u00e4htavalt eluj\u00f5ulisemaks. Palsami koostises olev kookos\u00f5li on \u00fcks v\u00e4heseid looduslikke \u00f5lisid, mis tungib juuksekarva sisse, pakkudes s\u00fcgavat niisutust ja tugevdades juuste struktuuri. Kookos\u00f5lis leiduv lauriinhape kaitseb juukseid kahjustuste eest, aidates v\u00e4hendada murdumist ja juukseotste hargnemist.  Palsami koostises on ka pantenool, sheav\u00f5i, kastoor\u00f5li ja seesami\u00f5li, mis annavad juustele vajalikud toitained, lisavad l\u00e4iget ja aitavad s\u00e4ilitada pehmust. Piparm\u00fcndi ja rosmariini ekstrakti v\u00e4rskendav toime ergutab meeli ja j\u00e4tab juuksed meeldivalt l\u00f5hnavaks. Kasuta koos tahke \u0161ampooniga.","og_url":"https:\/\/tilk.bio\/et\/pood\/juuksepalsam-mundi-rosmariini-ja-kookosega\/","og_site_name":"Tilk!","article_publisher":"https:\/\/www.facebook.com\/tilk.bio\/","article_modified_time":"2026-04-11T04:45:05+00:00","og_image":[{"width":1080,"height":1350,"url":"https:\/\/tilk.bio\/wp-content\/uploads\/2024\/11\/2-1.jpg","type":"image\/jpeg"}],"twitter_card":"summary_large_image","schema":{"@context":"https:\/\/schema.org","@graph":[{"@type":"WebPage","@id":"https:\/\/tilk.bio\/et\/pood\/juuksepalsam-mundi-rosmariini-ja-kookosega\/","url":"https:\/\/tilk.bio\/et\/pood\/juuksepalsam-mundi-rosmariini-ja-kookosega\/","name":"Juuksepalsam m\u00fcndi, rosmariini ja kookosega - Tilk!","isPartOf":{"@id":"https:\/\/tilk.bio\/et\/#website"},"primaryImageOfPage":{"@id":"https:\/\/tilk.bio\/et\/pood\/juuksepalsam-mundi-rosmariini-ja-kookosega\/#primaryimage"},"image":{"@id":"https:\/\/tilk.bio\/et\/pood\/juuksepalsam-mundi-rosmariini-ja-kookosega\/#primaryimage"},"thumbnailUrl":"https:\/\/tilk.bio\/wp-content\/uploads\/2024\/11\/2-3.jpg","datePublished":"2024-11-26T13:14:13+00:00","dateModified":"2026-04-11T04:45:05+00:00","breadcrumb":{"@id":"https:\/\/tilk.bio\/et\/pood\/juuksepalsam-mundi-rosmariini-ja-kookosega\/#breadcrumb"},"inLanguage":"et","potentialAction":[{"@type":"ReadAction","target":["https:\/\/tilk.bio\/et\/pood\/juuksepalsam-mundi-rosmariini-ja-kookosega\/"]}]},{"@type":"ImageObject","inLanguage":"et","@id":"https:\/\/tilk.bio\/et\/pood\/juuksepalsam-mundi-rosmariini-ja-kookosega\/#primaryimage","url":"https:\/\/tilk.bio\/wp-content\/uploads\/2024\/11\/2-3.jpg","contentUrl":"https:\/\/tilk.bio\/wp-content\/uploads\/2024\/11\/2-3.jpg","width":1200,"height":1200},{"@type":"BreadcrumbList","@id":"https:\/\/tilk.bio\/et\/pood\/juuksepalsam-mundi-rosmariini-ja-kookosega\/#breadcrumb","itemListElement":[{"@type":"ListItem","position":1,"name":"Home","item":"https:\/\/tilk.bio\/et\/"},{"@type":"ListItem","position":2,"name":"Pood","item":"https:\/\/tilk.bio\/et\/pood\/"},{"@type":"ListItem","position":3,"name":"Juuksepalsam m\u00fcndi, rosmariini ja kookosega"}]},{"@type":"WebSite","@id":"https:\/\/tilk.bio\/et\/#website","url":"https:\/\/tilk.bio\/et\/","name":"Tilk!","description":"Keskkonnas\u00f5bralik ja j\u00e4tkusuutlik looduskosmeetika Saaremaalt.","potentialAction":[{"@type":"SearchAction","target":{"@type":"EntryPoint","urlTemplate":"https:\/\/tilk.bio\/et\/?s={search_term_string}"},"query-input":{"@type":"PropertyValueSpecification","valueRequired":true,"valueName":"search_term_string"}}],"inLanguage":"et"}]}},"_links":{"self":[{"href":"https:\/\/tilk.bio\/et\/wp-json\/wp\/v2\/product\/73312","targetHints":{"allow":["GET"]}}],"collection":[{"href":"https:\/\/tilk.bio\/et\/wp-json\/wp\/v2\/product"}],"about":[{"href":"https:\/\/tilk.bio\/et\/wp-json\/wp\/v2\/types\/product"}],"replies":[{"embeddable":true,"href":"https:\/\/tilk.bio\/et\/wp-json\/wp\/v2\/comments?post=73312"}],"wp:featuredmedia":[{"embeddable":true,"href":"https:\/\/tilk.bio\/et\/wp-json\/wp\/v2\/media\/74439"}],"wp:attachment":[{"href":"https:\/\/tilk.bio\/et\/wp-json\/wp\/v2\/media?parent=73312"}],"wp:term":[{"taxonomy":"product_brand","embeddable":true,"href":"https:\/\/tilk.bio\/et\/wp-json\/wp\/v2\/product_brand?post=73312"},{"taxonomy":"product_cat","embeddable":true,"href":"https:\/\/tilk.bio\/et\/wp-json\/wp\/v2\/product_cat?post=73312"},{"taxonomy":"product_tag","embeddable":true,"href":"https:\/\/tilk.bio\/et\/wp-json\/wp\/v2\/product_tag?post=73312"}],"curies":[{"name":"wp","href":"https:\/\/api.w.org\/{rel}","templated":true}]}}