{"id":73314,"date":"2024-11-15T15:23:54","date_gmt":"2024-11-15T13:23:54","guid":{"rendered":"https:\/\/tilk.bio\/shop\/pusakreem-e-vitamiini-ja-rosmariiniga\/"},"modified":"2026-04-14T16:15:04","modified_gmt":"2026-04-14T13:15:04","slug":"pusakreem-e-vitamiini-ja-rosmariiniga","status":"publish","type":"product","link":"https:\/\/tilk.bio\/et\/pood\/pusakreem-e-vitamiini-ja-rosmariiniga\/","title":{"rendered":"Pusakreem E-vitamiini ja rosmariiniga"},"content":{"rendered":"<p><span style=\"font-weight: 400;\"><strong>Kasutamine:<\/strong> Kanna v\u00e4ike kogus kreemi t\u00e4iesti kuivadele juustele, keskendudes pusadele ja kuivadele otstele. Sobib igap\u00e4evaseks kasutamiseks k\u00f5igile juukset\u00fc\u00fcpidele.<\/span><\/p>\n<p><span style=\"font-weight: 400;\">S\u00e4ilitamine: Hoida temperatuuril alla 25\u00b0C.<\/span><\/p>\n<p><span style=\"font-weight: 400;\">Kogus: 30 ml<\/span><\/p>\n","protected":false},"excerpt":{"rendered":"<p><span style=\"font-weight: 400;\">Kerge ja v\u00e4rske rosmariini ning piparm\u00fcndi l\u00f5hnaga pusakreem muudab juuksed kergesti kammitavaks, eemaldab kahususe ning annab juustele kauni s\u00e4ra ja l\u00e4ike. Kreemi looduslik koostis niisutab s\u00fcgavuti, hoides juuksed pehmed ja siledad.\u00a0<\/span><\/p>\n<p><span style=\"font-weight: 400;\">Kanepi\u00f5li toidab juukseid ja aitab taastada nende loomuliku elastsuse. Rosmariin annab juustele eluj\u00f5udu ning s\u00e4ra. Sheav\u00f5i kaitseb kahjustuste ja kuivuse eest, babussu\u00f5li aitab v\u00e4hendada juuste murdumist. Seesami\u00f5li kaitseb juukseid keskkonnam\u00f5jude eest muutes neid tugevamaks. E-vitamiin kaitseb juukseid vabade radikaalide eest ja taastab nende struktuuri. Kasuta koos <a href=\"https:\/\/tilk.bio\/et\/pood\/niisutav-ja-juukseid-tugevdav-sprei-rosmariini-riisivee-ja-keratiiniga\/\">rosmariini juukse spreiga.\u00a0<\/a><\/span><\/p>\n","protected":false},"featured_media":75454,"comment_status":"open","ping_status":"closed","template":"","meta":{"_acf_changed":false},"product_brand":[],"product_cat":[642,389,974],"product_tag":[],"class_list":{"0":"post-73314","1":"product","2":"type-product","3":"status-publish","4":"has-post-thumbnail","6":"product_cat-juuksehooldus","7":"product_cat-koik-tooted","8":"product_cat-pusakreem","10":"first","11":"instock","12":"taxable","13":"shipping-taxable","14":"purchasable","15":"product-type-simple"},"acf":[],"yoast_head":"<!-- This site is optimized with the Yoast SEO plugin v27.4 - https:\/\/yoast.com\/product\/yoast-seo-wordpress\/ -->\n<title>Pusakreem E-vitamiini ja rosmariiniga - Tilk!<\/title>\n<meta name=\"robots\" content=\"index, follow, max-snippet:-1, max-image-preview:large, max-video-preview:-1\" \/>\n<link rel=\"canonical\" href=\"https:\/\/tilk.bio\/et\/pood\/pusakreem-e-vitamiini-ja-rosmariiniga\/\" \/>\n<meta property=\"og:locale\" content=\"et_EE\" \/>\n<meta property=\"og:type\" content=\"article\" \/>\n<meta property=\"og:title\" content=\"Pusakreem E-vitamiini ja rosmariiniga - Tilk!\" \/>\n<meta property=\"og:description\" content=\"Kerge ja v\u00e4rske rosmariini ning piparm\u00fcndi l\u00f5hnaga pusakreem muudab juuksed kergesti kammitavaks, eemaldab kahususe ning annab juustele kauni s\u00e4ra ja l\u00e4ike. Kreemi looduslik koostis niisutab s\u00fcgavuti, hoides juuksed pehmed ja siledad.\u00a0  Kanepi\u00f5li toidab juukseid ja aitab taastada nende loomuliku elastsuse. Rosmariin annab juustele eluj\u00f5udu ning s\u00e4ra. Sheav\u00f5i kaitseb kahjustuste ja kuivuse eest, babussu\u00f5li aitab v\u00e4hendada juuste murdumist. Seesami\u00f5li kaitseb juukseid keskkonnam\u00f5jude eest muutes neid tugevamaks. E-vitamiin kaitseb juukseid vabade radikaalide eest ja taastab nende struktuuri. Kasuta koos rosmariini juukse spreiga.\u00a0\" \/>\n<meta property=\"og:url\" content=\"https:\/\/tilk.bio\/et\/pood\/pusakreem-e-vitamiini-ja-rosmariiniga\/\" \/>\n<meta property=\"og:site_name\" content=\"Tilk!\" \/>\n<meta property=\"article:publisher\" content=\"https:\/\/www.facebook.com\/tilk.bio\/\" \/>\n<meta property=\"article:modified_time\" content=\"2026-04-14T13:15:04+00:00\" \/>\n<meta property=\"og:image\" content=\"https:\/\/tilk.bio\/wp-content\/uploads\/2024\/11\/20241114-8S7A6627-ruut.jpg\" \/>\n\t<meta property=\"og:image:width\" content=\"1409\" \/>\n\t<meta property=\"og:image:height\" content=\"1409\" \/>\n\t<meta property=\"og:image:type\" content=\"image\/jpeg\" \/>\n<meta name=\"twitter:card\" content=\"summary_large_image\" \/>\n<script type=\"application\/ld+json\" class=\"yoast-schema-graph\">{\"@context\":\"https:\\\/\\\/schema.org\",\"@graph\":[{\"@type\":\"WebPage\",\"@id\":\"https:\\\/\\\/tilk.bio\\\/et\\\/pood\\\/pusakreem-e-vitamiini-ja-rosmariiniga\\\/\",\"url\":\"https:\\\/\\\/tilk.bio\\\/et\\\/pood\\\/pusakreem-e-vitamiini-ja-rosmariiniga\\\/\",\"name\":\"Pusakreem E-vitamiini ja rosmariiniga - Tilk!\",\"isPartOf\":{\"@id\":\"https:\\\/\\\/tilk.bio\\\/et\\\/#website\"},\"primaryImageOfPage\":{\"@id\":\"https:\\\/\\\/tilk.bio\\\/et\\\/pood\\\/pusakreem-e-vitamiini-ja-rosmariiniga\\\/#primaryimage\"},\"image\":{\"@id\":\"https:\\\/\\\/tilk.bio\\\/et\\\/pood\\\/pusakreem-e-vitamiini-ja-rosmariiniga\\\/#primaryimage\"},\"thumbnailUrl\":\"https:\\\/\\\/tilk.bio\\\/wp-content\\\/uploads\\\/2024\\\/11\\\/20241114-8S7A6627-ruut.jpg\",\"datePublished\":\"2024-11-15T13:23:54+00:00\",\"dateModified\":\"2026-04-14T13:15:04+00:00\",\"breadcrumb\":{\"@id\":\"https:\\\/\\\/tilk.bio\\\/et\\\/pood\\\/pusakreem-e-vitamiini-ja-rosmariiniga\\\/#breadcrumb\"},\"inLanguage\":\"et\",\"potentialAction\":[{\"@type\":\"ReadAction\",\"target\":[\"https:\\\/\\\/tilk.bio\\\/et\\\/pood\\\/pusakreem-e-vitamiini-ja-rosmariiniga\\\/\"]}]},{\"@type\":\"ImageObject\",\"inLanguage\":\"et\",\"@id\":\"https:\\\/\\\/tilk.bio\\\/et\\\/pood\\\/pusakreem-e-vitamiini-ja-rosmariiniga\\\/#primaryimage\",\"url\":\"https:\\\/\\\/tilk.bio\\\/wp-content\\\/uploads\\\/2024\\\/11\\\/20241114-8S7A6627-ruut.jpg\",\"contentUrl\":\"https:\\\/\\\/tilk.bio\\\/wp-content\\\/uploads\\\/2024\\\/11\\\/20241114-8S7A6627-ruut.jpg\",\"width\":1409,\"height\":1409},{\"@type\":\"BreadcrumbList\",\"@id\":\"https:\\\/\\\/tilk.bio\\\/et\\\/pood\\\/pusakreem-e-vitamiini-ja-rosmariiniga\\\/#breadcrumb\",\"itemListElement\":[{\"@type\":\"ListItem\",\"position\":1,\"name\":\"Home\",\"item\":\"https:\\\/\\\/tilk.bio\\\/et\\\/\"},{\"@type\":\"ListItem\",\"position\":2,\"name\":\"Pood\",\"item\":\"https:\\\/\\\/tilk.bio\\\/et\\\/pood\\\/\"},{\"@type\":\"ListItem\",\"position\":3,\"name\":\"Pusakreem E-vitamiini ja rosmariiniga\"}]},{\"@type\":\"WebSite\",\"@id\":\"https:\\\/\\\/tilk.bio\\\/et\\\/#website\",\"url\":\"https:\\\/\\\/tilk.bio\\\/et\\\/\",\"name\":\"Tilk!\",\"description\":\"Keskkonnas\u00f5bralik ja j\u00e4tkusuutlik looduskosmeetika Saaremaalt.\",\"potentialAction\":[{\"@type\":\"SearchAction\",\"target\":{\"@type\":\"EntryPoint\",\"urlTemplate\":\"https:\\\/\\\/tilk.bio\\\/et\\\/?s={search_term_string}\"},\"query-input\":{\"@type\":\"PropertyValueSpecification\",\"valueRequired\":true,\"valueName\":\"search_term_string\"}}],\"inLanguage\":\"et\"}]}<\/script>\n<!-- \/ Yoast SEO plugin. -->","yoast_head_json":{"title":"Pusakreem E-vitamiini ja rosmariiniga - Tilk!","robots":{"index":"index","follow":"follow","max-snippet":"max-snippet:-1","max-image-preview":"max-image-preview:large","max-video-preview":"max-video-preview:-1"},"canonical":"https:\/\/tilk.bio\/et\/pood\/pusakreem-e-vitamiini-ja-rosmariiniga\/","og_locale":"et_EE","og_type":"article","og_title":"Pusakreem E-vitamiini ja rosmariiniga - Tilk!","og_description":"Kerge ja v\u00e4rske rosmariini ning piparm\u00fcndi l\u00f5hnaga pusakreem muudab juuksed kergesti kammitavaks, eemaldab kahususe ning annab juustele kauni s\u00e4ra ja l\u00e4ike. Kreemi looduslik koostis niisutab s\u00fcgavuti, hoides juuksed pehmed ja siledad.\u00a0  Kanepi\u00f5li toidab juukseid ja aitab taastada nende loomuliku elastsuse. Rosmariin annab juustele eluj\u00f5udu ning s\u00e4ra. Sheav\u00f5i kaitseb kahjustuste ja kuivuse eest, babussu\u00f5li aitab v\u00e4hendada juuste murdumist. Seesami\u00f5li kaitseb juukseid keskkonnam\u00f5jude eest muutes neid tugevamaks. E-vitamiin kaitseb juukseid vabade radikaalide eest ja taastab nende struktuuri. Kasuta koos rosmariini juukse spreiga.\u00a0","og_url":"https:\/\/tilk.bio\/et\/pood\/pusakreem-e-vitamiini-ja-rosmariiniga\/","og_site_name":"Tilk!","article_publisher":"https:\/\/www.facebook.com\/tilk.bio\/","article_modified_time":"2026-04-14T13:15:04+00:00","og_image":[{"width":1409,"height":1409,"url":"https:\/\/tilk.bio\/wp-content\/uploads\/2024\/11\/20241114-8S7A6627-ruut.jpg","type":"image\/jpeg"}],"twitter_card":"summary_large_image","schema":{"@context":"https:\/\/schema.org","@graph":[{"@type":"WebPage","@id":"https:\/\/tilk.bio\/et\/pood\/pusakreem-e-vitamiini-ja-rosmariiniga\/","url":"https:\/\/tilk.bio\/et\/pood\/pusakreem-e-vitamiini-ja-rosmariiniga\/","name":"Pusakreem E-vitamiini ja rosmariiniga - Tilk!","isPartOf":{"@id":"https:\/\/tilk.bio\/et\/#website"},"primaryImageOfPage":{"@id":"https:\/\/tilk.bio\/et\/pood\/pusakreem-e-vitamiini-ja-rosmariiniga\/#primaryimage"},"image":{"@id":"https:\/\/tilk.bio\/et\/pood\/pusakreem-e-vitamiini-ja-rosmariiniga\/#primaryimage"},"thumbnailUrl":"https:\/\/tilk.bio\/wp-content\/uploads\/2024\/11\/20241114-8S7A6627-ruut.jpg","datePublished":"2024-11-15T13:23:54+00:00","dateModified":"2026-04-14T13:15:04+00:00","breadcrumb":{"@id":"https:\/\/tilk.bio\/et\/pood\/pusakreem-e-vitamiini-ja-rosmariiniga\/#breadcrumb"},"inLanguage":"et","potentialAction":[{"@type":"ReadAction","target":["https:\/\/tilk.bio\/et\/pood\/pusakreem-e-vitamiini-ja-rosmariiniga\/"]}]},{"@type":"ImageObject","inLanguage":"et","@id":"https:\/\/tilk.bio\/et\/pood\/pusakreem-e-vitamiini-ja-rosmariiniga\/#primaryimage","url":"https:\/\/tilk.bio\/wp-content\/uploads\/2024\/11\/20241114-8S7A6627-ruut.jpg","contentUrl":"https:\/\/tilk.bio\/wp-content\/uploads\/2024\/11\/20241114-8S7A6627-ruut.jpg","width":1409,"height":1409},{"@type":"BreadcrumbList","@id":"https:\/\/tilk.bio\/et\/pood\/pusakreem-e-vitamiini-ja-rosmariiniga\/#breadcrumb","itemListElement":[{"@type":"ListItem","position":1,"name":"Home","item":"https:\/\/tilk.bio\/et\/"},{"@type":"ListItem","position":2,"name":"Pood","item":"https:\/\/tilk.bio\/et\/pood\/"},{"@type":"ListItem","position":3,"name":"Pusakreem E-vitamiini ja rosmariiniga"}]},{"@type":"WebSite","@id":"https:\/\/tilk.bio\/et\/#website","url":"https:\/\/tilk.bio\/et\/","name":"Tilk!","description":"Keskkonnas\u00f5bralik ja j\u00e4tkusuutlik looduskosmeetika Saaremaalt.","potentialAction":[{"@type":"SearchAction","target":{"@type":"EntryPoint","urlTemplate":"https:\/\/tilk.bio\/et\/?s={search_term_string}"},"query-input":{"@type":"PropertyValueSpecification","valueRequired":true,"valueName":"search_term_string"}}],"inLanguage":"et"}]}},"_links":{"self":[{"href":"https:\/\/tilk.bio\/et\/wp-json\/wp\/v2\/product\/73314","targetHints":{"allow":["GET"]}}],"collection":[{"href":"https:\/\/tilk.bio\/et\/wp-json\/wp\/v2\/product"}],"about":[{"href":"https:\/\/tilk.bio\/et\/wp-json\/wp\/v2\/types\/product"}],"replies":[{"embeddable":true,"href":"https:\/\/tilk.bio\/et\/wp-json\/wp\/v2\/comments?post=73314"}],"wp:featuredmedia":[{"embeddable":true,"href":"https:\/\/tilk.bio\/et\/wp-json\/wp\/v2\/media\/75454"}],"wp:attachment":[{"href":"https:\/\/tilk.bio\/et\/wp-json\/wp\/v2\/media?parent=73314"}],"wp:term":[{"taxonomy":"product_brand","embeddable":true,"href":"https:\/\/tilk.bio\/et\/wp-json\/wp\/v2\/product_brand?post=73314"},{"taxonomy":"product_cat","embeddable":true,"href":"https:\/\/tilk.bio\/et\/wp-json\/wp\/v2\/product_cat?post=73314"},{"taxonomy":"product_tag","embeddable":true,"href":"https:\/\/tilk.bio\/et\/wp-json\/wp\/v2\/product_tag?post=73314"}],"curies":[{"name":"wp","href":"https:\/\/api.w.org\/{rel}","templated":true}]}}