{"id":73450,"date":"2024-11-13T01:33:49","date_gmt":"2024-11-30T23:33:49","guid":{"rendered":"https:\/\/tilk.bio\/shop\/juuksehooldustoodete-komplekt-tahke-sampoon-palsam-juuksesprei-tasuta-reisikott\/"},"modified":"2025-07-22T14:32:58","modified_gmt":"2025-07-22T11:32:58","slug":"juuksehooldustoodete-komplekt-tahke-sampoon-palsam-juuksesprei-tasuta-reisikott","status":"publish","type":"product","link":"https:\/\/tilk.bio\/et\/pood\/juuksehooldustoodete-komplekt-tahke-sampoon-palsam-juuksesprei-tasuta-reisikott\/","title":{"rendered":"Juuksehooldustoodete komplekt: Tahke \u0161ampoon + Palsam + Juuksesprei + TASUTA reisikott"},"content":{"rendered":"","protected":false},"excerpt":{"rendered":"<h1 class=\"w-post-elm post_title toote-nimi entry-title color_link_inherit\">S\u00fcgavpuhastav tahke matcha \u0161ampoon m\u00fcndi ja rosmariiniga 70g<\/h1>\n<p><span>Tahke \u0161ampoon puhastab juuksed s\u00fcgavuti, samal ajal hooldab neid \u00f5rnalt ja muudab pehmeks ning siledaks. \u0160ampoonis sisalduvad puhastavad koostisosad tagavad rikkaliku ja kreemja vahu, mis eemaldavad mustuse, s\u00e4ilitades samal ajal juuste loomuliku niiskustasakaalu.<\/span><\/p>\n<p><span>Tahke \u0161ampooni koostises sisalduv matcha on rikkalik antioks\u00fcdant, mis kaitseb juukseid keskkonnam\u00f5jude eest ning aitab taastada nende eluj\u00f5udu. Kakaov\u00f5i ja seesami\u00f5li kooslus niisutab juukseid s\u00fcgavuti, andes neile pehmust. \u0160ampooni regulaarne kasutamine parandab tunduvalt sinu juuste elastsust ja aitab v\u00e4hendada kahusust.<\/span><\/p>\n<p><span>Rosmariiniekstraktl soodustab juuksekasvu ja ergutab peanaha vereringet, andes eluj\u00f5udu ning aidates s\u00e4ilitada juuste s\u00e4ra. Tahkes \u0161ampoonis sisalduvad piparm\u00fcnt koos rosmariiniga annab sellele v\u00e4rske ja ergutava l\u00f5hna, aidates ka peanahka rahustada ning tasakaalustada. Kasuta koos rosmariini\u00a0<a href=\"https:\/\/tilk.bio\/et\/pood\/juuksepalsam-mundi-rosmariini-ja-kookosega\/\">palsamiga.<\/a><\/span><\/p>\n<h1 class=\"w-post-elm post_title toote-nimi entry-title color_link_inherit\">Juuksepalsam m\u00fcndi, rosmariini ja kookosega 50ml<\/h1>\n<p><span>V\u00e4rske ja m\u00f5nusa l\u00f5hnaga juuksepalsam pakub s\u00fcgavat niisutust ning vajalikku hooldust k\u00f5igile juukset\u00fc\u00fcpidele. See muudab juuksed pehmeks, elastseks ja n\u00e4htavalt eluj\u00f5ulisemaks. Palsami koostises olev kookos\u00f5li on \u00fcks v\u00e4heseid looduslikke \u00f5lisid, mis tungib juuksekarva sisse, pakkudes s\u00fcgavat niisutust ja tugevdades juuste struktuuri. Kookos\u00f5lis leiduv lauriinhape kaitseb juukseid kahjustuste eest, aidates v\u00e4hendada murdumist ja juukseotste hargnemist.<\/span><\/p>\n<p><span>Palsami koostises on ka pantenool, sheav\u00f5i, kastoor\u00f5li ja seesami\u00f5li, mis annavad juustele vajalikud toitained, lisavad l\u00e4iget ja aitavad s\u00e4ilitada pehmust. Piparm\u00fcndi ja rosmariini ekstrakti v\u00e4rskendav toime ergutab meeli ja j\u00e4tab juuksed meeldivalt l\u00f5hnavaks.\u00a0<\/span><\/p>\n<h1 class=\"w-post-elm post_title toote-nimi entry-title color_link_inherit\">Niisutav ja juukseid tugevdav sprei rosmariini, riisivee ja keratiiniga 50ml<\/h1>\n<p><span>Juuksesprei tagab juustele intensiivse niisutuse ja kaitseb neid UV-kiirguse ja saaste eest. See hoiab juuksed siidised ja siledad ka niisketes tingimustes. Taimne gl\u00fctseriin lisab niisutust ja toidab. Orgaaniline rosmariini h\u00fcdrosool soodustab juuksekasvu ja ergutab peanaha vereringet, andes eluj\u00f5udu ning aidates s\u00e4ilitada juuste s\u00e4ra.<\/span><\/p>\n<p><span>Fermenteeritud riisivesi sisaldab rikkalikult aminohappeid, vitamiine ja orgaanilisi \u00fchendeid, mis tugevdavad ja toidavad juukseid. Keratiin tungib s\u00fcgavale juuste struktuuri ning aitab parandada kahjustusi ja ennetada murdumist.<\/span><\/p>\n","protected":false},"featured_media":73464,"comment_status":"open","ping_status":"closed","template":"","meta":{"_acf_changed":false},"product_brand":[],"product_cat":[642,972,389,499,970,901],"product_tag":[],"class_list":{"0":"post-73450","1":"product","2":"type-product","3":"status-publish","4":"has-post-thumbnail","6":"product_cat-juuksehooldus","7":"product_cat-juuksesprei","8":"product_cat-koik-tooted","9":"product_cat-komplektid","10":"product_cat-palsamid","11":"product_cat-sampoon","13":"first","14":"instock","15":"sale","16":"taxable","17":"shipping-taxable","18":"purchasable","19":"product-type-simple"},"acf":[],"yoast_head":"<!-- This site is optimized with the Yoast SEO plugin v27.4 - https:\/\/yoast.com\/product\/yoast-seo-wordpress\/ -->\n<title>Juuksehooldustoodete komplekt: Tahke \u0161ampoon + Palsam + Juuksesprei + TASUTA reisikott - Tilk!<\/title>\n<meta name=\"robots\" content=\"index, follow, max-snippet:-1, max-image-preview:large, max-video-preview:-1\" \/>\n<link rel=\"canonical\" href=\"https:\/\/tilk.bio\/et\/pood\/juuksehooldustoodete-komplekt-tahke-sampoon-palsam-juuksesprei-tasuta-reisikott\/\" \/>\n<meta property=\"og:locale\" content=\"et_EE\" \/>\n<meta property=\"og:type\" content=\"article\" \/>\n<meta property=\"og:title\" content=\"Juuksehooldustoodete komplekt: Tahke \u0161ampoon + Palsam + Juuksesprei + TASUTA reisikott - Tilk!\" \/>\n<meta property=\"og:description\" content=\"S\u00fcgavpuhastav tahke matcha \u0161ampoon m\u00fcndi ja rosmariiniga 70g Tahke \u0161ampoon puhastab juuksed s\u00fcgavuti, samal ajal hooldab neid \u00f5rnalt ja muudab pehmeks ning siledaks. \u0160ampoonis sisalduvad puhastavad koostisosad tagavad rikkaliku ja kreemja vahu, mis eemaldavad mustuse, s\u00e4ilitades samal ajal juuste loomuliku niiskustasakaalu.  Tahke \u0161ampooni koostises sisalduv matcha on rikkalik antioks\u00fcdant, mis kaitseb juukseid keskkonnam\u00f5jude eest ning aitab taastada nende eluj\u00f5udu. Kakaov\u00f5i ja seesami\u00f5li kooslus niisutab juukseid s\u00fcgavuti, andes neile pehmust. \u0160ampooni regulaarne kasutamine parandab tunduvalt sinu juuste elastsust ja aitab v\u00e4hendada kahusust.  Rosmariiniekstraktl soodustab juuksekasvu ja ergutab peanaha vereringet, andes eluj\u00f5udu ning aidates s\u00e4ilitada juuste s\u00e4ra. Tahkes \u0161ampoonis sisalduvad piparm\u00fcnt koos rosmariiniga annab sellele v\u00e4rske ja ergutava l\u00f5hna, aidates ka peanahka rahustada ning tasakaalustada. Kasuta koos rosmariini\u00a0palsamiga. Juuksepalsam m\u00fcndi, rosmariini ja kookosega 50ml V\u00e4rske ja m\u00f5nusa l\u00f5hnaga juuksepalsam pakub s\u00fcgavat niisutust ning vajalikku hooldust k\u00f5igile juukset\u00fc\u00fcpidele. See muudab juuksed pehmeks, elastseks ja n\u00e4htavalt eluj\u00f5ulisemaks. Palsami koostises olev kookos\u00f5li on \u00fcks v\u00e4heseid looduslikke \u00f5lisid, mis tungib juuksekarva sisse, pakkudes s\u00fcgavat niisutust ja tugevdades juuste struktuuri. Kookos\u00f5lis leiduv lauriinhape kaitseb juukseid kahjustuste eest, aidates v\u00e4hendada murdumist ja juukseotste hargnemist.  Palsami koostises on ka pantenool, sheav\u00f5i, kastoor\u00f5li ja seesami\u00f5li, mis annavad juustele vajalikud toitained, lisavad l\u00e4iget ja aitavad s\u00e4ilitada pehmust. Piparm\u00fcndi ja rosmariini ekstrakti v\u00e4rskendav toime ergutab meeli ja j\u00e4tab juuksed meeldivalt l\u00f5hnavaks.\u00a0 Niisutav ja juukseid tugevdav sprei rosmariini, riisivee ja keratiiniga 50ml Juuksesprei tagab juustele intensiivse niisutuse ja kaitseb neid UV-kiirguse ja saaste eest. See hoiab juuksed siidised ja siledad ka niisketes tingimustes. Taimne gl\u00fctseriin lisab niisutust ja toidab. Orgaaniline rosmariini h\u00fcdrosool soodustab juuksekasvu ja ergutab peanaha vereringet, andes eluj\u00f5udu ning aidates s\u00e4ilitada juuste s\u00e4ra.  Fermenteeritud riisivesi sisaldab rikkalikult aminohappeid, vitamiine ja orgaanilisi \u00fchendeid, mis tugevdavad ja toidavad juukseid. Keratiin tungib s\u00fcgavale juuste struktuuri ning aitab parandada kahjustusi ja ennetada murdumist.\" \/>\n<meta property=\"og:url\" content=\"https:\/\/tilk.bio\/et\/pood\/juuksehooldustoodete-komplekt-tahke-sampoon-palsam-juuksesprei-tasuta-reisikott\/\" \/>\n<meta property=\"og:site_name\" content=\"Tilk!\" \/>\n<meta property=\"article:publisher\" content=\"https:\/\/www.facebook.com\/tilk.bio\/\" \/>\n<meta property=\"article:modified_time\" content=\"2025-07-22T11:32:58+00:00\" \/>\n<meta property=\"og:image\" content=\"https:\/\/tilk.bio\/wp-content\/uploads\/2024\/12\/8.jpg\" \/>\n\t<meta property=\"og:image:width\" content=\"1200\" \/>\n\t<meta property=\"og:image:height\" content=\"1200\" \/>\n\t<meta property=\"og:image:type\" content=\"image\/jpeg\" \/>\n<meta name=\"twitter:card\" content=\"summary_large_image\" \/>\n<script type=\"application\/ld+json\" class=\"yoast-schema-graph\">{\"@context\":\"https:\\\/\\\/schema.org\",\"@graph\":[{\"@type\":\"WebPage\",\"@id\":\"https:\\\/\\\/tilk.bio\\\/et\\\/pood\\\/juuksehooldustoodete-komplekt-tahke-sampoon-palsam-juuksesprei-tasuta-reisikott\\\/\",\"url\":\"https:\\\/\\\/tilk.bio\\\/et\\\/pood\\\/juuksehooldustoodete-komplekt-tahke-sampoon-palsam-juuksesprei-tasuta-reisikott\\\/\",\"name\":\"Juuksehooldustoodete komplekt: Tahke \u0161ampoon + Palsam + Juuksesprei + TASUTA reisikott - Tilk!\",\"isPartOf\":{\"@id\":\"https:\\\/\\\/tilk.bio\\\/et\\\/#website\"},\"primaryImageOfPage\":{\"@id\":\"https:\\\/\\\/tilk.bio\\\/et\\\/pood\\\/juuksehooldustoodete-komplekt-tahke-sampoon-palsam-juuksesprei-tasuta-reisikott\\\/#primaryimage\"},\"image\":{\"@id\":\"https:\\\/\\\/tilk.bio\\\/et\\\/pood\\\/juuksehooldustoodete-komplekt-tahke-sampoon-palsam-juuksesprei-tasuta-reisikott\\\/#primaryimage\"},\"thumbnailUrl\":\"https:\\\/\\\/tilk.bio\\\/wp-content\\\/uploads\\\/2024\\\/12\\\/8.jpg\",\"datePublished\":\"2024-11-30T23:33:49+00:00\",\"dateModified\":\"2025-07-22T11:32:58+00:00\",\"breadcrumb\":{\"@id\":\"https:\\\/\\\/tilk.bio\\\/et\\\/pood\\\/juuksehooldustoodete-komplekt-tahke-sampoon-palsam-juuksesprei-tasuta-reisikott\\\/#breadcrumb\"},\"inLanguage\":\"et\",\"potentialAction\":[{\"@type\":\"ReadAction\",\"target\":[\"https:\\\/\\\/tilk.bio\\\/et\\\/pood\\\/juuksehooldustoodete-komplekt-tahke-sampoon-palsam-juuksesprei-tasuta-reisikott\\\/\"]}]},{\"@type\":\"ImageObject\",\"inLanguage\":\"et\",\"@id\":\"https:\\\/\\\/tilk.bio\\\/et\\\/pood\\\/juuksehooldustoodete-komplekt-tahke-sampoon-palsam-juuksesprei-tasuta-reisikott\\\/#primaryimage\",\"url\":\"https:\\\/\\\/tilk.bio\\\/wp-content\\\/uploads\\\/2024\\\/12\\\/8.jpg\",\"contentUrl\":\"https:\\\/\\\/tilk.bio\\\/wp-content\\\/uploads\\\/2024\\\/12\\\/8.jpg\",\"width\":1200,\"height\":1200},{\"@type\":\"BreadcrumbList\",\"@id\":\"https:\\\/\\\/tilk.bio\\\/et\\\/pood\\\/juuksehooldustoodete-komplekt-tahke-sampoon-palsam-juuksesprei-tasuta-reisikott\\\/#breadcrumb\",\"itemListElement\":[{\"@type\":\"ListItem\",\"position\":1,\"name\":\"Home\",\"item\":\"https:\\\/\\\/tilk.bio\\\/et\\\/\"},{\"@type\":\"ListItem\",\"position\":2,\"name\":\"Pood\",\"item\":\"https:\\\/\\\/tilk.bio\\\/et\\\/pood\\\/\"},{\"@type\":\"ListItem\",\"position\":3,\"name\":\"Juuksehooldustoodete komplekt: Tahke \u0161ampoon + Palsam + Juuksesprei + TASUTA reisikott\"}]},{\"@type\":\"WebSite\",\"@id\":\"https:\\\/\\\/tilk.bio\\\/et\\\/#website\",\"url\":\"https:\\\/\\\/tilk.bio\\\/et\\\/\",\"name\":\"Tilk!\",\"description\":\"Keskkonnas\u00f5bralik ja j\u00e4tkusuutlik looduskosmeetika Saaremaalt.\",\"potentialAction\":[{\"@type\":\"SearchAction\",\"target\":{\"@type\":\"EntryPoint\",\"urlTemplate\":\"https:\\\/\\\/tilk.bio\\\/et\\\/?s={search_term_string}\"},\"query-input\":{\"@type\":\"PropertyValueSpecification\",\"valueRequired\":true,\"valueName\":\"search_term_string\"}}],\"inLanguage\":\"et\"}]}<\/script>\n<!-- \/ Yoast SEO plugin. -->","yoast_head_json":{"title":"Juuksehooldustoodete komplekt: Tahke \u0161ampoon + Palsam + Juuksesprei + TASUTA reisikott - Tilk!","robots":{"index":"index","follow":"follow","max-snippet":"max-snippet:-1","max-image-preview":"max-image-preview:large","max-video-preview":"max-video-preview:-1"},"canonical":"https:\/\/tilk.bio\/et\/pood\/juuksehooldustoodete-komplekt-tahke-sampoon-palsam-juuksesprei-tasuta-reisikott\/","og_locale":"et_EE","og_type":"article","og_title":"Juuksehooldustoodete komplekt: Tahke \u0161ampoon + Palsam + Juuksesprei + TASUTA reisikott - Tilk!","og_description":"S\u00fcgavpuhastav tahke matcha \u0161ampoon m\u00fcndi ja rosmariiniga 70g Tahke \u0161ampoon puhastab juuksed s\u00fcgavuti, samal ajal hooldab neid \u00f5rnalt ja muudab pehmeks ning siledaks. \u0160ampoonis sisalduvad puhastavad koostisosad tagavad rikkaliku ja kreemja vahu, mis eemaldavad mustuse, s\u00e4ilitades samal ajal juuste loomuliku niiskustasakaalu.  Tahke \u0161ampooni koostises sisalduv matcha on rikkalik antioks\u00fcdant, mis kaitseb juukseid keskkonnam\u00f5jude eest ning aitab taastada nende eluj\u00f5udu. Kakaov\u00f5i ja seesami\u00f5li kooslus niisutab juukseid s\u00fcgavuti, andes neile pehmust. \u0160ampooni regulaarne kasutamine parandab tunduvalt sinu juuste elastsust ja aitab v\u00e4hendada kahusust.  Rosmariiniekstraktl soodustab juuksekasvu ja ergutab peanaha vereringet, andes eluj\u00f5udu ning aidates s\u00e4ilitada juuste s\u00e4ra. Tahkes \u0161ampoonis sisalduvad piparm\u00fcnt koos rosmariiniga annab sellele v\u00e4rske ja ergutava l\u00f5hna, aidates ka peanahka rahustada ning tasakaalustada. Kasuta koos rosmariini\u00a0palsamiga. Juuksepalsam m\u00fcndi, rosmariini ja kookosega 50ml V\u00e4rske ja m\u00f5nusa l\u00f5hnaga juuksepalsam pakub s\u00fcgavat niisutust ning vajalikku hooldust k\u00f5igile juukset\u00fc\u00fcpidele. See muudab juuksed pehmeks, elastseks ja n\u00e4htavalt eluj\u00f5ulisemaks. Palsami koostises olev kookos\u00f5li on \u00fcks v\u00e4heseid looduslikke \u00f5lisid, mis tungib juuksekarva sisse, pakkudes s\u00fcgavat niisutust ja tugevdades juuste struktuuri. Kookos\u00f5lis leiduv lauriinhape kaitseb juukseid kahjustuste eest, aidates v\u00e4hendada murdumist ja juukseotste hargnemist.  Palsami koostises on ka pantenool, sheav\u00f5i, kastoor\u00f5li ja seesami\u00f5li, mis annavad juustele vajalikud toitained, lisavad l\u00e4iget ja aitavad s\u00e4ilitada pehmust. Piparm\u00fcndi ja rosmariini ekstrakti v\u00e4rskendav toime ergutab meeli ja j\u00e4tab juuksed meeldivalt l\u00f5hnavaks.\u00a0 Niisutav ja juukseid tugevdav sprei rosmariini, riisivee ja keratiiniga 50ml Juuksesprei tagab juustele intensiivse niisutuse ja kaitseb neid UV-kiirguse ja saaste eest. See hoiab juuksed siidised ja siledad ka niisketes tingimustes. Taimne gl\u00fctseriin lisab niisutust ja toidab. Orgaaniline rosmariini h\u00fcdrosool soodustab juuksekasvu ja ergutab peanaha vereringet, andes eluj\u00f5udu ning aidates s\u00e4ilitada juuste s\u00e4ra.  Fermenteeritud riisivesi sisaldab rikkalikult aminohappeid, vitamiine ja orgaanilisi \u00fchendeid, mis tugevdavad ja toidavad juukseid. Keratiin tungib s\u00fcgavale juuste struktuuri ning aitab parandada kahjustusi ja ennetada murdumist.","og_url":"https:\/\/tilk.bio\/et\/pood\/juuksehooldustoodete-komplekt-tahke-sampoon-palsam-juuksesprei-tasuta-reisikott\/","og_site_name":"Tilk!","article_publisher":"https:\/\/www.facebook.com\/tilk.bio\/","article_modified_time":"2025-07-22T11:32:58+00:00","og_image":[{"width":1200,"height":1200,"url":"https:\/\/tilk.bio\/wp-content\/uploads\/2024\/12\/8.jpg","type":"image\/jpeg"}],"twitter_card":"summary_large_image","schema":{"@context":"https:\/\/schema.org","@graph":[{"@type":"WebPage","@id":"https:\/\/tilk.bio\/et\/pood\/juuksehooldustoodete-komplekt-tahke-sampoon-palsam-juuksesprei-tasuta-reisikott\/","url":"https:\/\/tilk.bio\/et\/pood\/juuksehooldustoodete-komplekt-tahke-sampoon-palsam-juuksesprei-tasuta-reisikott\/","name":"Juuksehooldustoodete komplekt: Tahke \u0161ampoon + Palsam + Juuksesprei + TASUTA reisikott - Tilk!","isPartOf":{"@id":"https:\/\/tilk.bio\/et\/#website"},"primaryImageOfPage":{"@id":"https:\/\/tilk.bio\/et\/pood\/juuksehooldustoodete-komplekt-tahke-sampoon-palsam-juuksesprei-tasuta-reisikott\/#primaryimage"},"image":{"@id":"https:\/\/tilk.bio\/et\/pood\/juuksehooldustoodete-komplekt-tahke-sampoon-palsam-juuksesprei-tasuta-reisikott\/#primaryimage"},"thumbnailUrl":"https:\/\/tilk.bio\/wp-content\/uploads\/2024\/12\/8.jpg","datePublished":"2024-11-30T23:33:49+00:00","dateModified":"2025-07-22T11:32:58+00:00","breadcrumb":{"@id":"https:\/\/tilk.bio\/et\/pood\/juuksehooldustoodete-komplekt-tahke-sampoon-palsam-juuksesprei-tasuta-reisikott\/#breadcrumb"},"inLanguage":"et","potentialAction":[{"@type":"ReadAction","target":["https:\/\/tilk.bio\/et\/pood\/juuksehooldustoodete-komplekt-tahke-sampoon-palsam-juuksesprei-tasuta-reisikott\/"]}]},{"@type":"ImageObject","inLanguage":"et","@id":"https:\/\/tilk.bio\/et\/pood\/juuksehooldustoodete-komplekt-tahke-sampoon-palsam-juuksesprei-tasuta-reisikott\/#primaryimage","url":"https:\/\/tilk.bio\/wp-content\/uploads\/2024\/12\/8.jpg","contentUrl":"https:\/\/tilk.bio\/wp-content\/uploads\/2024\/12\/8.jpg","width":1200,"height":1200},{"@type":"BreadcrumbList","@id":"https:\/\/tilk.bio\/et\/pood\/juuksehooldustoodete-komplekt-tahke-sampoon-palsam-juuksesprei-tasuta-reisikott\/#breadcrumb","itemListElement":[{"@type":"ListItem","position":1,"name":"Home","item":"https:\/\/tilk.bio\/et\/"},{"@type":"ListItem","position":2,"name":"Pood","item":"https:\/\/tilk.bio\/et\/pood\/"},{"@type":"ListItem","position":3,"name":"Juuksehooldustoodete komplekt: Tahke \u0161ampoon + Palsam + Juuksesprei + TASUTA reisikott"}]},{"@type":"WebSite","@id":"https:\/\/tilk.bio\/et\/#website","url":"https:\/\/tilk.bio\/et\/","name":"Tilk!","description":"Keskkonnas\u00f5bralik ja j\u00e4tkusuutlik looduskosmeetika Saaremaalt.","potentialAction":[{"@type":"SearchAction","target":{"@type":"EntryPoint","urlTemplate":"https:\/\/tilk.bio\/et\/?s={search_term_string}"},"query-input":{"@type":"PropertyValueSpecification","valueRequired":true,"valueName":"search_term_string"}}],"inLanguage":"et"}]}},"_links":{"self":[{"href":"https:\/\/tilk.bio\/et\/wp-json\/wp\/v2\/product\/73450","targetHints":{"allow":["GET"]}}],"collection":[{"href":"https:\/\/tilk.bio\/et\/wp-json\/wp\/v2\/product"}],"about":[{"href":"https:\/\/tilk.bio\/et\/wp-json\/wp\/v2\/types\/product"}],"replies":[{"embeddable":true,"href":"https:\/\/tilk.bio\/et\/wp-json\/wp\/v2\/comments?post=73450"}],"wp:featuredmedia":[{"embeddable":true,"href":"https:\/\/tilk.bio\/et\/wp-json\/wp\/v2\/media\/73464"}],"wp:attachment":[{"href":"https:\/\/tilk.bio\/et\/wp-json\/wp\/v2\/media?parent=73450"}],"wp:term":[{"taxonomy":"product_brand","embeddable":true,"href":"https:\/\/tilk.bio\/et\/wp-json\/wp\/v2\/product_brand?post=73450"},{"taxonomy":"product_cat","embeddable":true,"href":"https:\/\/tilk.bio\/et\/wp-json\/wp\/v2\/product_cat?post=73450"},{"taxonomy":"product_tag","embeddable":true,"href":"https:\/\/tilk.bio\/et\/wp-json\/wp\/v2\/product_tag?post=73450"}],"curies":[{"name":"wp","href":"https:\/\/api.w.org\/{rel}","templated":true}]}}