{"id":73476,"date":"2024-12-01T01:50:29","date_gmt":"2024-11-30T23:50:29","guid":{"rendered":"https:\/\/tilk.bio\/shop\/rafineerimata-sheavoi\/"},"modified":"2026-04-13T14:45:04","modified_gmt":"2026-04-13T11:45:04","slug":"rafineerimata-sheavoi","status":"publish","type":"product","link":"https:\/\/tilk.bio\/et\/pood\/rafineerimata-sheavoi\/","title":{"rendered":"Rafineerimata sheav\u00f5i 0,5kg"},"content":{"rendered":"<p>Rafineerimata sheav\u00f5i on t\u00e4is olulisi rasvhappeid, vitamiine A ja E ning antioks\u00fcdante. See s\u00fcgavniisutab nahka, andes sellele siidise pehmuse ja siledama v\u00e4limuse, samal ajal v\u00e4hendades peenikeste joonte ja kortsude tekkimist, andes nahale v\u00e4rske ja noorusliku jume. Rafineerimata sheav\u00f5i sobib igat t\u00fc\u00fcpi nahale, eriti kuivale ja tundlikule nahale. Selle p\u00f5letikuvastased omadused aitavad rahustada naha \u00e4rritust, olles suurep\u00e4rane valik ekseemi, psoriaasi ja muude nahahaiguste korral.<\/p>\n","protected":false},"excerpt":{"rendered":"<p>Rafineerimata sheav\u00f5i on t\u00e4is olulisi rasvhappeid, vitamiine A ja E ning antioks\u00fcdante. See s\u00fcgavniisutab nahka, andes sellele siidise pehmuse ja siledama v\u00e4limuse, samal ajal v\u00e4hendades peenikeste joonte ja kortsude tekkimist, andes nahale v\u00e4rske ja noorusliku jume. Rafineerimata sheav\u00f5i sobib igat t\u00fc\u00fcpi nahale, eriti kuivale ja tundlikule nahale. Selle p\u00f5letikuvastased omadused aitavad rahustada naha \u00e4rritust, olles&#8230;<\/p>\n","protected":false},"featured_media":17424,"comment_status":"open","ping_status":"closed","template":"","meta":{"_acf_changed":false},"product_brand":[],"product_cat":[389,912],"product_tag":[],"class_list":{"0":"post-73476","1":"product","2":"type-product","3":"status-publish","4":"has-post-thumbnail","6":"product_cat-koik-tooted","7":"product_cat-sheavoi","9":"first","10":"instock","11":"taxable","12":"shipping-taxable","13":"purchasable","14":"product-type-simple"},"acf":[],"yoast_head":"<!-- This site is optimized with the Yoast SEO plugin v27.4 - https:\/\/yoast.com\/product\/yoast-seo-wordpress\/ -->\n<title>Rafineerimata sheav\u00f5i 0,5kg - Tilk!<\/title>\n<meta name=\"robots\" content=\"index, follow, max-snippet:-1, max-image-preview:large, max-video-preview:-1\" \/>\n<link rel=\"canonical\" href=\"https:\/\/tilk.bio\/et\/pood\/rafineerimata-sheavoi\/\" \/>\n<meta property=\"og:locale\" content=\"et_EE\" \/>\n<meta property=\"og:type\" content=\"article\" \/>\n<meta property=\"og:title\" content=\"Rafineerimata sheav\u00f5i 0,5kg - Tilk!\" \/>\n<meta property=\"og:description\" content=\"Rafineerimata sheav\u00f5i on t\u00e4is olulisi rasvhappeid, vitamiine A ja E ning antioks\u00fcdante. See s\u00fcgavniisutab nahka, andes sellele siidise pehmuse ja siledama v\u00e4limuse, samal ajal v\u00e4hendades peenikeste joonte ja kortsude tekkimist, andes nahale v\u00e4rske ja noorusliku jume. Rafineerimata sheav\u00f5i sobib igat t\u00fc\u00fcpi nahale, eriti kuivale ja tundlikule nahale. Selle p\u00f5letikuvastased omadused aitavad rahustada naha \u00e4rritust, olles...\" \/>\n<meta property=\"og:url\" content=\"https:\/\/tilk.bio\/et\/pood\/rafineerimata-sheavoi\/\" \/>\n<meta property=\"og:site_name\" content=\"Tilk!\" \/>\n<meta property=\"article:publisher\" content=\"https:\/\/www.facebook.com\/tilk.bio\/\" \/>\n<meta property=\"article:modified_time\" content=\"2026-04-13T11:45:04+00:00\" \/>\n<meta property=\"og:image\" content=\"https:\/\/tilk.bio\/wp-content\/uploads\/2015\/12\/shea-butter.jpg\" \/>\n\t<meta property=\"og:image:width\" content=\"445\" \/>\n\t<meta property=\"og:image:height\" content=\"445\" \/>\n\t<meta property=\"og:image:type\" content=\"image\/jpeg\" \/>\n<meta name=\"twitter:card\" content=\"summary_large_image\" \/>\n<script type=\"application\/ld+json\" class=\"yoast-schema-graph\">{\"@context\":\"https:\\\/\\\/schema.org\",\"@graph\":[{\"@type\":\"WebPage\",\"@id\":\"https:\\\/\\\/tilk.bio\\\/et\\\/pood\\\/rafineerimata-sheavoi\\\/\",\"url\":\"https:\\\/\\\/tilk.bio\\\/et\\\/pood\\\/rafineerimata-sheavoi\\\/\",\"name\":\"Rafineerimata sheav\u00f5i 0,5kg - Tilk!\",\"isPartOf\":{\"@id\":\"https:\\\/\\\/tilk.bio\\\/et\\\/#website\"},\"primaryImageOfPage\":{\"@id\":\"https:\\\/\\\/tilk.bio\\\/et\\\/pood\\\/rafineerimata-sheavoi\\\/#primaryimage\"},\"image\":{\"@id\":\"https:\\\/\\\/tilk.bio\\\/et\\\/pood\\\/rafineerimata-sheavoi\\\/#primaryimage\"},\"thumbnailUrl\":\"https:\\\/\\\/tilk.bio\\\/wp-content\\\/uploads\\\/2015\\\/12\\\/shea-butter.jpg\",\"datePublished\":\"2024-11-30T23:50:29+00:00\",\"dateModified\":\"2026-04-13T11:45:04+00:00\",\"breadcrumb\":{\"@id\":\"https:\\\/\\\/tilk.bio\\\/et\\\/pood\\\/rafineerimata-sheavoi\\\/#breadcrumb\"},\"inLanguage\":\"et\",\"potentialAction\":[{\"@type\":\"ReadAction\",\"target\":[\"https:\\\/\\\/tilk.bio\\\/et\\\/pood\\\/rafineerimata-sheavoi\\\/\"]}]},{\"@type\":\"ImageObject\",\"inLanguage\":\"et\",\"@id\":\"https:\\\/\\\/tilk.bio\\\/et\\\/pood\\\/rafineerimata-sheavoi\\\/#primaryimage\",\"url\":\"https:\\\/\\\/tilk.bio\\\/wp-content\\\/uploads\\\/2015\\\/12\\\/shea-butter.jpg\",\"contentUrl\":\"https:\\\/\\\/tilk.bio\\\/wp-content\\\/uploads\\\/2015\\\/12\\\/shea-butter.jpg\",\"width\":445,\"height\":445,\"caption\":\"sheav\u00f5i\"},{\"@type\":\"BreadcrumbList\",\"@id\":\"https:\\\/\\\/tilk.bio\\\/et\\\/pood\\\/rafineerimata-sheavoi\\\/#breadcrumb\",\"itemListElement\":[{\"@type\":\"ListItem\",\"position\":1,\"name\":\"Home\",\"item\":\"https:\\\/\\\/tilk.bio\\\/et\\\/\"},{\"@type\":\"ListItem\",\"position\":2,\"name\":\"Pood\",\"item\":\"https:\\\/\\\/tilk.bio\\\/et\\\/pood\\\/\"},{\"@type\":\"ListItem\",\"position\":3,\"name\":\"Rafineerimata sheav\u00f5i 0,5kg\"}]},{\"@type\":\"WebSite\",\"@id\":\"https:\\\/\\\/tilk.bio\\\/et\\\/#website\",\"url\":\"https:\\\/\\\/tilk.bio\\\/et\\\/\",\"name\":\"Tilk!\",\"description\":\"Keskkonnas\u00f5bralik ja j\u00e4tkusuutlik looduskosmeetika Saaremaalt.\",\"potentialAction\":[{\"@type\":\"SearchAction\",\"target\":{\"@type\":\"EntryPoint\",\"urlTemplate\":\"https:\\\/\\\/tilk.bio\\\/et\\\/?s={search_term_string}\"},\"query-input\":{\"@type\":\"PropertyValueSpecification\",\"valueRequired\":true,\"valueName\":\"search_term_string\"}}],\"inLanguage\":\"et\"}]}<\/script>\n<!-- \/ Yoast SEO plugin. -->","yoast_head_json":{"title":"Rafineerimata sheav\u00f5i 0,5kg - Tilk!","robots":{"index":"index","follow":"follow","max-snippet":"max-snippet:-1","max-image-preview":"max-image-preview:large","max-video-preview":"max-video-preview:-1"},"canonical":"https:\/\/tilk.bio\/et\/pood\/rafineerimata-sheavoi\/","og_locale":"et_EE","og_type":"article","og_title":"Rafineerimata sheav\u00f5i 0,5kg - Tilk!","og_description":"Rafineerimata sheav\u00f5i on t\u00e4is olulisi rasvhappeid, vitamiine A ja E ning antioks\u00fcdante. See s\u00fcgavniisutab nahka, andes sellele siidise pehmuse ja siledama v\u00e4limuse, samal ajal v\u00e4hendades peenikeste joonte ja kortsude tekkimist, andes nahale v\u00e4rske ja noorusliku jume. Rafineerimata sheav\u00f5i sobib igat t\u00fc\u00fcpi nahale, eriti kuivale ja tundlikule nahale. Selle p\u00f5letikuvastased omadused aitavad rahustada naha \u00e4rritust, olles...","og_url":"https:\/\/tilk.bio\/et\/pood\/rafineerimata-sheavoi\/","og_site_name":"Tilk!","article_publisher":"https:\/\/www.facebook.com\/tilk.bio\/","article_modified_time":"2026-04-13T11:45:04+00:00","og_image":[{"width":445,"height":445,"url":"https:\/\/tilk.bio\/wp-content\/uploads\/2015\/12\/shea-butter.jpg","type":"image\/jpeg"}],"twitter_card":"summary_large_image","schema":{"@context":"https:\/\/schema.org","@graph":[{"@type":"WebPage","@id":"https:\/\/tilk.bio\/et\/pood\/rafineerimata-sheavoi\/","url":"https:\/\/tilk.bio\/et\/pood\/rafineerimata-sheavoi\/","name":"Rafineerimata sheav\u00f5i 0,5kg - Tilk!","isPartOf":{"@id":"https:\/\/tilk.bio\/et\/#website"},"primaryImageOfPage":{"@id":"https:\/\/tilk.bio\/et\/pood\/rafineerimata-sheavoi\/#primaryimage"},"image":{"@id":"https:\/\/tilk.bio\/et\/pood\/rafineerimata-sheavoi\/#primaryimage"},"thumbnailUrl":"https:\/\/tilk.bio\/wp-content\/uploads\/2015\/12\/shea-butter.jpg","datePublished":"2024-11-30T23:50:29+00:00","dateModified":"2026-04-13T11:45:04+00:00","breadcrumb":{"@id":"https:\/\/tilk.bio\/et\/pood\/rafineerimata-sheavoi\/#breadcrumb"},"inLanguage":"et","potentialAction":[{"@type":"ReadAction","target":["https:\/\/tilk.bio\/et\/pood\/rafineerimata-sheavoi\/"]}]},{"@type":"ImageObject","inLanguage":"et","@id":"https:\/\/tilk.bio\/et\/pood\/rafineerimata-sheavoi\/#primaryimage","url":"https:\/\/tilk.bio\/wp-content\/uploads\/2015\/12\/shea-butter.jpg","contentUrl":"https:\/\/tilk.bio\/wp-content\/uploads\/2015\/12\/shea-butter.jpg","width":445,"height":445,"caption":"sheav\u00f5i"},{"@type":"BreadcrumbList","@id":"https:\/\/tilk.bio\/et\/pood\/rafineerimata-sheavoi\/#breadcrumb","itemListElement":[{"@type":"ListItem","position":1,"name":"Home","item":"https:\/\/tilk.bio\/et\/"},{"@type":"ListItem","position":2,"name":"Pood","item":"https:\/\/tilk.bio\/et\/pood\/"},{"@type":"ListItem","position":3,"name":"Rafineerimata sheav\u00f5i 0,5kg"}]},{"@type":"WebSite","@id":"https:\/\/tilk.bio\/et\/#website","url":"https:\/\/tilk.bio\/et\/","name":"Tilk!","description":"Keskkonnas\u00f5bralik ja j\u00e4tkusuutlik looduskosmeetika Saaremaalt.","potentialAction":[{"@type":"SearchAction","target":{"@type":"EntryPoint","urlTemplate":"https:\/\/tilk.bio\/et\/?s={search_term_string}"},"query-input":{"@type":"PropertyValueSpecification","valueRequired":true,"valueName":"search_term_string"}}],"inLanguage":"et"}]}},"_links":{"self":[{"href":"https:\/\/tilk.bio\/et\/wp-json\/wp\/v2\/product\/73476","targetHints":{"allow":["GET"]}}],"collection":[{"href":"https:\/\/tilk.bio\/et\/wp-json\/wp\/v2\/product"}],"about":[{"href":"https:\/\/tilk.bio\/et\/wp-json\/wp\/v2\/types\/product"}],"replies":[{"embeddable":true,"href":"https:\/\/tilk.bio\/et\/wp-json\/wp\/v2\/comments?post=73476"}],"wp:featuredmedia":[{"embeddable":true,"href":"https:\/\/tilk.bio\/et\/wp-json\/wp\/v2\/media\/17424"}],"wp:attachment":[{"href":"https:\/\/tilk.bio\/et\/wp-json\/wp\/v2\/media?parent=73476"}],"wp:term":[{"taxonomy":"product_brand","embeddable":true,"href":"https:\/\/tilk.bio\/et\/wp-json\/wp\/v2\/product_brand?post=73476"},{"taxonomy":"product_cat","embeddable":true,"href":"https:\/\/tilk.bio\/et\/wp-json\/wp\/v2\/product_cat?post=73476"},{"taxonomy":"product_tag","embeddable":true,"href":"https:\/\/tilk.bio\/et\/wp-json\/wp\/v2\/product_tag?post=73476"}],"curies":[{"name":"wp","href":"https:\/\/api.w.org\/{rel}","templated":true}]}}