{"id":73625,"date":"2024-12-17T09:57:15","date_gmt":"2024-12-17T07:57:15","guid":{"rendered":"https:\/\/tilk.bio\/shop\/orgaaniline-kulmpressitud-kastooroli\/"},"modified":"2026-04-14T16:15:07","modified_gmt":"2026-04-14T13:15:07","slug":"riitsinusoli","status":"publish","type":"product","link":"https:\/\/tilk.bio\/et\/pood\/riitsinusoli\/","title":{"rendered":"Riitsinus\u00f5li, orgaaniline k\u00fclmpressitud"},"content":{"rendered":"<p><a href=\"https:\/\/tilk.bio\/et\/riitsinusoli-miks-valida-alati-orgaaniline-ja-hexane-free-variant\/\">Riitsinus\u00f5li<\/a> on hinnatud oma v\u00f5ime poolest s\u00fcgavniisutada nahka ja taastada selle loomulikku pehmust. See on rikkalik oomega-rasvhapete ja E-vitamiini allikas, mis toetab naha kaitsebarj\u00e4\u00e4ri ja hoiab niiskustaset. T\u00e4nu oma rahustavatele ja kergelt p\u00f5letikuvastastele omadustele sobib Riitsinus\u00f5li k\u00f5ikidele nahat\u00fc\u00fcpidele, sealhulgas tundlikule ja kuivale nahale. Regulaarne kasutamine aitab v\u00e4hendada naha karedust, leevendada \u00e4rritust ja parandada naha elastsust. Riitsinus\u00f5li on suurep\u00e4rane lisand igap\u00e4evasesse nahahooldusesse, olgu see siis kasutamiseks puhtal kujul v\u00f5i niisutava koostisosana erinevates toodetes.<\/p>\n<p>Kogus: 7ml\/100ml<\/p>\n","protected":false},"excerpt":{"rendered":"<p>Riitsinus\u00f5li on hinnatud oma v\u00f5ime poolest s\u00fcgavniisutada nahka ja taastada selle loomulikku pehmust. See on rikkalik oomega-rasvhapete ja E-vitamiini allikas, mis toetab naha kaitsebarj\u00e4\u00e4ri ja hoiab niiskustaset. T\u00e4nu oma rahustavatele ja kergelt p\u00f5letikuvastastele omadustele sobib Riitsinus\u00f5li k\u00f5ikidele nahat\u00fc\u00fcpidele, sealhulgas tundlikule ja kuivale nahale. Regulaarne kasutamine aitab v\u00e4hendada naha karedust, leevendada \u00e4rritust ja parandada naha elastsust&#8230;.<\/p>\n","protected":false},"featured_media":73635,"comment_status":"open","ping_status":"closed","template":"","meta":{"_acf_changed":false},"product_brand":[],"product_cat":[495,606,389],"product_tag":[],"class_list":{"0":"post-73625","1":"product","2":"type-product","3":"status-publish","4":"has-post-thumbnail","6":"product_cat-kehale","7":"product_cat-kehaolid","8":"product_cat-koik-tooted","10":"first","11":"instock","12":"sale","13":"taxable","14":"shipping-taxable","15":"purchasable","16":"product-type-variable"},"acf":[],"yoast_head":"<!-- This site is optimized with the Yoast SEO plugin v27.4 - https:\/\/yoast.com\/product\/yoast-seo-wordpress\/ -->\n<title>Riitsinus\u00f5li, orgaaniline k\u00fclmpressitud - Tilk!<\/title>\n<meta name=\"description\" content=\"Riitsinus\u00f5li on hinnatud oma v\u00f5ime poolest s\u00fcgavniisutada nahka ja taastada selle loomulikku pehmust. Looduslik tugi juustele, ripsmetele ja nahale.\" \/>\n<meta name=\"robots\" content=\"index, follow, max-snippet:-1, max-image-preview:large, max-video-preview:-1\" \/>\n<link rel=\"canonical\" href=\"https:\/\/tilk.bio\/et\/pood\/riitsinusoli\/\" \/>\n<meta property=\"og:locale\" content=\"et_EE\" \/>\n<meta property=\"og:type\" content=\"article\" \/>\n<meta property=\"og:title\" content=\"Riitsinus\u00f5li, orgaaniline k\u00fclmpressitud - Tilk!\" \/>\n<meta property=\"og:description\" content=\"Riitsinus\u00f5li on hinnatud oma v\u00f5ime poolest s\u00fcgavniisutada nahka ja taastada selle loomulikku pehmust. Looduslik tugi juustele, ripsmetele ja nahale.\" \/>\n<meta property=\"og:url\" content=\"https:\/\/tilk.bio\/et\/pood\/riitsinusoli\/\" \/>\n<meta property=\"og:site_name\" content=\"Tilk!\" \/>\n<meta property=\"article:publisher\" content=\"https:\/\/www.facebook.com\/tilk.bio\/\" \/>\n<meta property=\"article:modified_time\" content=\"2026-04-14T13:15:07+00:00\" \/>\n<meta property=\"og:image\" content=\"https:\/\/tilk.bio\/wp-content\/uploads\/2024\/12\/7.jpg\" \/>\n\t<meta property=\"og:image:width\" content=\"1200\" \/>\n\t<meta property=\"og:image:height\" content=\"1200\" \/>\n\t<meta property=\"og:image:type\" content=\"image\/jpeg\" \/>\n<meta name=\"twitter:card\" content=\"summary_large_image\" \/>\n<meta name=\"twitter:label1\" content=\"Est. reading time\" \/>\n\t<meta name=\"twitter:data1\" content=\"1 minut\" \/>\n<script type=\"application\/ld+json\" class=\"yoast-schema-graph\">{\"@context\":\"https:\\\/\\\/schema.org\",\"@graph\":[{\"@type\":\"WebPage\",\"@id\":\"https:\\\/\\\/tilk.bio\\\/et\\\/pood\\\/riitsinusoli\\\/\",\"url\":\"https:\\\/\\\/tilk.bio\\\/et\\\/pood\\\/riitsinusoli\\\/\",\"name\":\"Riitsinus\u00f5li, orgaaniline k\u00fclmpressitud - Tilk!\",\"isPartOf\":{\"@id\":\"https:\\\/\\\/tilk.bio\\\/et\\\/#website\"},\"primaryImageOfPage\":{\"@id\":\"https:\\\/\\\/tilk.bio\\\/et\\\/pood\\\/riitsinusoli\\\/#primaryimage\"},\"image\":{\"@id\":\"https:\\\/\\\/tilk.bio\\\/et\\\/pood\\\/riitsinusoli\\\/#primaryimage\"},\"thumbnailUrl\":\"https:\\\/\\\/tilk.bio\\\/wp-content\\\/uploads\\\/2024\\\/12\\\/7.jpg\",\"datePublished\":\"2024-12-17T07:57:15+00:00\",\"dateModified\":\"2026-04-14T13:15:07+00:00\",\"description\":\"Riitsinus\u00f5li on hinnatud oma v\u00f5ime poolest s\u00fcgavniisutada nahka ja taastada selle loomulikku pehmust. Looduslik tugi juustele, ripsmetele ja nahale.\",\"breadcrumb\":{\"@id\":\"https:\\\/\\\/tilk.bio\\\/et\\\/pood\\\/riitsinusoli\\\/#breadcrumb\"},\"inLanguage\":\"et\",\"potentialAction\":[{\"@type\":\"ReadAction\",\"target\":[\"https:\\\/\\\/tilk.bio\\\/et\\\/pood\\\/riitsinusoli\\\/\"]}]},{\"@type\":\"ImageObject\",\"inLanguage\":\"et\",\"@id\":\"https:\\\/\\\/tilk.bio\\\/et\\\/pood\\\/riitsinusoli\\\/#primaryimage\",\"url\":\"https:\\\/\\\/tilk.bio\\\/wp-content\\\/uploads\\\/2024\\\/12\\\/7.jpg\",\"contentUrl\":\"https:\\\/\\\/tilk.bio\\\/wp-content\\\/uploads\\\/2024\\\/12\\\/7.jpg\",\"width\":1200,\"height\":1200},{\"@type\":\"BreadcrumbList\",\"@id\":\"https:\\\/\\\/tilk.bio\\\/et\\\/pood\\\/riitsinusoli\\\/#breadcrumb\",\"itemListElement\":[{\"@type\":\"ListItem\",\"position\":1,\"name\":\"Home\",\"item\":\"https:\\\/\\\/tilk.bio\\\/et\\\/\"},{\"@type\":\"ListItem\",\"position\":2,\"name\":\"Pood\",\"item\":\"https:\\\/\\\/tilk.bio\\\/et\\\/pood\\\/\"},{\"@type\":\"ListItem\",\"position\":3,\"name\":\"Riitsinus\u00f5li, orgaaniline k\u00fclmpressitud\"}]},{\"@type\":\"WebSite\",\"@id\":\"https:\\\/\\\/tilk.bio\\\/et\\\/#website\",\"url\":\"https:\\\/\\\/tilk.bio\\\/et\\\/\",\"name\":\"Tilk!\",\"description\":\"Keskkonnas\u00f5bralik ja j\u00e4tkusuutlik looduskosmeetika Saaremaalt.\",\"potentialAction\":[{\"@type\":\"SearchAction\",\"target\":{\"@type\":\"EntryPoint\",\"urlTemplate\":\"https:\\\/\\\/tilk.bio\\\/et\\\/?s={search_term_string}\"},\"query-input\":{\"@type\":\"PropertyValueSpecification\",\"valueRequired\":true,\"valueName\":\"search_term_string\"}}],\"inLanguage\":\"et\"}]}<\/script>\n<!-- \/ Yoast SEO plugin. -->","yoast_head_json":{"title":"Riitsinus\u00f5li, orgaaniline k\u00fclmpressitud - Tilk!","description":"Riitsinus\u00f5li on hinnatud oma v\u00f5ime poolest s\u00fcgavniisutada nahka ja taastada selle loomulikku pehmust. Looduslik tugi juustele, ripsmetele ja nahale.","robots":{"index":"index","follow":"follow","max-snippet":"max-snippet:-1","max-image-preview":"max-image-preview:large","max-video-preview":"max-video-preview:-1"},"canonical":"https:\/\/tilk.bio\/et\/pood\/riitsinusoli\/","og_locale":"et_EE","og_type":"article","og_title":"Riitsinus\u00f5li, orgaaniline k\u00fclmpressitud - Tilk!","og_description":"Riitsinus\u00f5li on hinnatud oma v\u00f5ime poolest s\u00fcgavniisutada nahka ja taastada selle loomulikku pehmust. Looduslik tugi juustele, ripsmetele ja nahale.","og_url":"https:\/\/tilk.bio\/et\/pood\/riitsinusoli\/","og_site_name":"Tilk!","article_publisher":"https:\/\/www.facebook.com\/tilk.bio\/","article_modified_time":"2026-04-14T13:15:07+00:00","og_image":[{"width":1200,"height":1200,"url":"https:\/\/tilk.bio\/wp-content\/uploads\/2024\/12\/7.jpg","type":"image\/jpeg"}],"twitter_card":"summary_large_image","twitter_misc":{"Est. reading time":"1 minut"},"schema":{"@context":"https:\/\/schema.org","@graph":[{"@type":"WebPage","@id":"https:\/\/tilk.bio\/et\/pood\/riitsinusoli\/","url":"https:\/\/tilk.bio\/et\/pood\/riitsinusoli\/","name":"Riitsinus\u00f5li, orgaaniline k\u00fclmpressitud - Tilk!","isPartOf":{"@id":"https:\/\/tilk.bio\/et\/#website"},"primaryImageOfPage":{"@id":"https:\/\/tilk.bio\/et\/pood\/riitsinusoli\/#primaryimage"},"image":{"@id":"https:\/\/tilk.bio\/et\/pood\/riitsinusoli\/#primaryimage"},"thumbnailUrl":"https:\/\/tilk.bio\/wp-content\/uploads\/2024\/12\/7.jpg","datePublished":"2024-12-17T07:57:15+00:00","dateModified":"2026-04-14T13:15:07+00:00","description":"Riitsinus\u00f5li on hinnatud oma v\u00f5ime poolest s\u00fcgavniisutada nahka ja taastada selle loomulikku pehmust. Looduslik tugi juustele, ripsmetele ja nahale.","breadcrumb":{"@id":"https:\/\/tilk.bio\/et\/pood\/riitsinusoli\/#breadcrumb"},"inLanguage":"et","potentialAction":[{"@type":"ReadAction","target":["https:\/\/tilk.bio\/et\/pood\/riitsinusoli\/"]}]},{"@type":"ImageObject","inLanguage":"et","@id":"https:\/\/tilk.bio\/et\/pood\/riitsinusoli\/#primaryimage","url":"https:\/\/tilk.bio\/wp-content\/uploads\/2024\/12\/7.jpg","contentUrl":"https:\/\/tilk.bio\/wp-content\/uploads\/2024\/12\/7.jpg","width":1200,"height":1200},{"@type":"BreadcrumbList","@id":"https:\/\/tilk.bio\/et\/pood\/riitsinusoli\/#breadcrumb","itemListElement":[{"@type":"ListItem","position":1,"name":"Home","item":"https:\/\/tilk.bio\/et\/"},{"@type":"ListItem","position":2,"name":"Pood","item":"https:\/\/tilk.bio\/et\/pood\/"},{"@type":"ListItem","position":3,"name":"Riitsinus\u00f5li, orgaaniline k\u00fclmpressitud"}]},{"@type":"WebSite","@id":"https:\/\/tilk.bio\/et\/#website","url":"https:\/\/tilk.bio\/et\/","name":"Tilk!","description":"Keskkonnas\u00f5bralik ja j\u00e4tkusuutlik looduskosmeetika Saaremaalt.","potentialAction":[{"@type":"SearchAction","target":{"@type":"EntryPoint","urlTemplate":"https:\/\/tilk.bio\/et\/?s={search_term_string}"},"query-input":{"@type":"PropertyValueSpecification","valueRequired":true,"valueName":"search_term_string"}}],"inLanguage":"et"}]}},"_links":{"self":[{"href":"https:\/\/tilk.bio\/et\/wp-json\/wp\/v2\/product\/73625","targetHints":{"allow":["GET"]}}],"collection":[{"href":"https:\/\/tilk.bio\/et\/wp-json\/wp\/v2\/product"}],"about":[{"href":"https:\/\/tilk.bio\/et\/wp-json\/wp\/v2\/types\/product"}],"replies":[{"embeddable":true,"href":"https:\/\/tilk.bio\/et\/wp-json\/wp\/v2\/comments?post=73625"}],"wp:featuredmedia":[{"embeddable":true,"href":"https:\/\/tilk.bio\/et\/wp-json\/wp\/v2\/media\/73635"}],"wp:attachment":[{"href":"https:\/\/tilk.bio\/et\/wp-json\/wp\/v2\/media?parent=73625"}],"wp:term":[{"taxonomy":"product_brand","embeddable":true,"href":"https:\/\/tilk.bio\/et\/wp-json\/wp\/v2\/product_brand?post=73625"},{"taxonomy":"product_cat","embeddable":true,"href":"https:\/\/tilk.bio\/et\/wp-json\/wp\/v2\/product_cat?post=73625"},{"taxonomy":"product_tag","embeddable":true,"href":"https:\/\/tilk.bio\/et\/wp-json\/wp\/v2\/product_tag?post=73625"}],"curies":[{"name":"wp","href":"https:\/\/api.w.org\/{rel}","templated":true}]}}