{"id":75413,"date":"2025-08-12T16:36:45","date_gmt":"2025-08-12T13:36:45","guid":{"rendered":"https:\/\/tilk.bio\/shop\/sadelev-kehaseerum-looduslik-niisutus-ja-sadelev-kehasprei-efekt\/"},"modified":"2026-03-31T13:45:08","modified_gmt":"2026-03-31T10:45:08","slug":"sadelev-kehaseerum-looduslik-niisutus-ja-sadelev-kehasprei-efekt","status":"publish","type":"product","link":"https:\/\/tilk.bio\/et\/pood\/sadelev-kehaseerum-looduslik-niisutus-ja-sadelev-kehasprei-efekt\/","title":{"rendered":"S\u00e4rav Kehaseerum &#8211; Looduslik Niisutus &#038; S\u00e4rava efektiga"},"content":{"rendered":"<p data-start=\"172\" data-end=\"502\"><strong>S\u00e4delev kehaseerum &#8211; looduslik niisutus ja s\u00e4delev efekt<\/strong> toob sinu nahale s\u00fcgava niisutuse ja \u00f5rna loomuliku l\u00e4ike. See pole lihtsalt kehahooldus, vaid luksuslik rituaal, mis \u00fchendab toitvad taime\u00f5lid, probiootilise kompleksi ja mineraalsed pigmendid, et nahk oleks tervem, pehmem ja s\u00e4ravam.<\/p>\n<p data-start=\"504\" data-end=\"1001\">Kerge tekstuuriga kehaseerum imendub kiiresti, j\u00e4tmata nahka kleepuvaks v\u00f5i rasvaseks. Koos <strong data-start=\"596\" data-end=\"623\">aprikoosi- ja mandli\u00f5li<\/strong>, <strong data-start=\"625\" data-end=\"639\">jojobaa\u00f5li<\/strong>, <strong data-start=\"641\" data-end=\"664\">p\u00e4evalilleseemne\u00f5li<\/strong> ja <strong data-start=\"668\" data-end=\"682\">kakaov\u00f5iga<\/strong> taastab see naha elastsuse ja pehmuse. <strong data-start=\"722\" data-end=\"745\">Meretaimeekstraktid<\/strong>, nagu <strong data-start=\"752\" data-end=\"765\">Sargassum<\/strong> ja <strong data-start=\"769\" data-end=\"790\">Dunaliella salina<\/strong>, pakuvad antioks\u00fcdantset kaitset, samal ajal kui <strong data-start=\"840\" data-end=\"865\">probiootiline kompleks<\/strong> toetab naha loomulikku tasakaalu ja pehmust. \u00d5rna s\u00e4ra loovad looduslikud <strong data-start=\"926\" data-end=\"948\">mineraalid<\/strong>, mis peegeldab valgust elegantselt ja loomulikult.<\/p>\n<p data-start=\"1003\" data-end=\"1136\">Aroomi muudavad eriliseks <strong data-start=\"1029\" data-end=\"1072\">sidrunheina ja lavendli eeterlikud \u00f5lid<\/strong>, mis annavad v\u00e4rske ja rahustava meeleolu igal kasutuskorral.<\/p>\n<hr data-start=\"1138\" data-end=\"1141\" \/>\n<h2 data-start=\"1143\" data-end=\"1203\">S\u00fcgav niisutus t\u00e4nu taimsetele \u00f5lidele ja ekstraktidele<\/h2>\n<p data-start=\"1205\" data-end=\"1591\">Erinevalt rasketest kehakreemidest pakub see kehaseerum kerget, kuid pikaajalist niisutust. <strong data-start=\"1297\" data-end=\"1317\">Aprikoosikivi\u00f5li<\/strong> ja <strong data-start=\"1321\" data-end=\"1334\">mandli\u00f5li<\/strong> on rikkad vitamiinide ja rasvhapete poolest, mis toidavad nahka ja taastavad selle pehmuse. <strong data-start=\"1427\" data-end=\"1441\">Jojobaa\u00f5li<\/strong> niisutab ilma poore ummistamata, samas kui <strong data-start=\"1485\" data-end=\"1508\">p\u00e4evalilleseemne\u00f5li<\/strong> ja <strong data-start=\"1512\" data-end=\"1524\">kakaov\u00f5i<\/strong> tugevdavad naha kaitsebarj\u00e4\u00e4ri ja aitavad kuival nahal taastuda.<\/p>\n<p data-start=\"1593\" data-end=\"1840\">Koostises olev <strong data-start=\"1608\" data-end=\"1633\">probiootiline ferment<\/strong> toetab naha loomulikku mikrobioomi ning aitab hoida naha struktuuri \u00fchtlasena ja pehmena. <strong data-start=\"1724\" data-end=\"1747\">Meretaimeekstraktid<\/strong> lisavad antioks\u00fcdante, mis kaitsevad igap\u00e4evaste v\u00e4lism\u00f5jude, nagu saaste ja stress, eest.<\/p>\n<hr data-start=\"1842\" data-end=\"1845\" \/>\n<h2 data-start=\"1847\" data-end=\"1877\">\u00d5rn s\u00e4ra ja rahustav l\u00f5hn<\/h2>\n<p data-start=\"1879\" data-end=\"2176\">Toote erip\u00e4ra on selle kahekordne toime \u2013 see niisutab ning lisab loomuliku s\u00e4ra. <strong data-start=\"1961\" data-end=\"1986\">Mineraalsed pigmendid<\/strong> peegeldavad valgust kauni ja peene l\u00e4ikega, mis n\u00e4eb loomulik v\u00e4lja nii p\u00e4evasel ajal kui ka \u00f5htusel s\u00fcndmusel. S\u00e4ra t\u00e4iustab naha loomulikku ilu, ilma liigse glitri v\u00f5i plastiku muljeta.<\/p>\n<p data-start=\"2178\" data-end=\"2379\">L\u00f5hnamaailmas on esikohal <strong data-start=\"2204\" data-end=\"2230\">sidrunhein ja lavendel<\/strong>, mis loovad v\u00e4rske ja samas rahustava kombinatsiooni. See aroom t\u00e4iendab hooldusrituaali ja muudab iga kasutuskorra nauditavaks ning luksuslikuks.<\/p>\n<hr data-start=\"2381\" data-end=\"2384\" \/>\n<h2 data-start=\"2386\" data-end=\"2432\">Kuidas kasutada parima tulemuse saamiseks<\/h2>\n<ol data-start=\"2434\" data-end=\"2754\">\n<li data-start=\"2434\" data-end=\"2504\">\n<p data-start=\"2437\" data-end=\"2504\">Pese keha ja kuivata nahk \u00f5rnalt r\u00e4tikuga, j\u00e4ttes veidi niiskust.<\/p>\n<\/li>\n<li data-start=\"2505\" data-end=\"2597\">\n<p data-start=\"2508\" data-end=\"2597\">Kanna v\u00e4ike kogus kehaseerumit \u00f5lgadele, k\u00e4sivartele, jalgadele ja dekolteepiirkonnale.<\/p>\n<\/li>\n<li data-start=\"2598\" data-end=\"2645\">\n<p data-start=\"2601\" data-end=\"2645\">Masseeri \u00f5rnalt, kuni seerum on imendunud.<\/p>\n<\/li>\n<li data-start=\"2646\" data-end=\"2754\">\n<p data-start=\"2649\" data-end=\"2754\">Vajadusel kanna peale uuesti \u2013 eriti enne pidulikke s\u00fcndmusi, et r\u00f5hutada s\u00e4ra.<\/p>\n<\/li>\n<\/ol>\n<hr data-start=\"2756\" data-end=\"2759\" \/>\n<h3 data-start=\"2761\" data-end=\"2804\">Miks valida s\u00e4delev kehaseerum?<\/h3>\n<ul data-start=\"2806\" data-end=\"3193\">\n<li data-start=\"2806\" data-end=\"2904\">\n<p data-start=\"2808\" data-end=\"2904\"><strong data-start=\"2808\" data-end=\"2835\">Looduslikud koostisosad<\/strong> \u2014 taime\u00f5lide, meretaimeekstraktide ja probiootiliste fermentidega.<\/p>\n<\/li>\n<li data-start=\"2905\" data-end=\"2999\">\n<p data-start=\"2907\" data-end=\"2999\"><strong data-start=\"2907\" data-end=\"2933\">Vegan ja loomas\u00f5bralik<\/strong> \u2014 ei sisalda parabeene, silikoone ega s\u00fcnteetilisi l\u00f5hnaaineid.<\/p>\n<\/li>\n<li data-start=\"3000\" data-end=\"3087\">\n<p data-start=\"3002\" data-end=\"3087\"><strong data-start=\"3002\" data-end=\"3040\">\u00d5rn s\u00e4ra mineraalsete pigmentidega<\/strong> \u2014 t\u00e4iustab nahka loomulikult ja elegantselt.<\/p>\n<\/li>\n<li data-start=\"3088\" data-end=\"3193\">\n<p data-start=\"3090\" data-end=\"3193\"><strong data-start=\"3090\" data-end=\"3121\">V\u00e4rskendav ja rahustav l\u00f5hn<\/strong> \u2014 sidrunheina ja lavendli eeterlikud \u00f5lid loovad luksusliku meeleolu.<\/p>\n<\/li>\n<\/ul>\n<p>Kogus: 50ml\/100ml<\/p>\n","protected":false},"excerpt":{"rendered":"<p>S\u00e4delev kehaseerum &#8211; looduslik niisutus ja s\u00e4delev efekt toob sinu nahale s\u00fcgava niisutuse ja \u00f5rna loomuliku l\u00e4ike. See pole lihtsalt kehahooldus, vaid luksuslik rituaal, mis \u00fchendab toitvad taime\u00f5lid, probiootilise kompleksi ja mineraalsed pigmendid, et nahk oleks tervem, pehmem ja s\u00e4ravam. Kerge tekstuuriga kehaseerum imendub kiiresti, j\u00e4tmata nahka kleepuvaks v\u00f5i rasvaseks. Koos aprikoosi- ja mandli\u00f5li, jojobaa\u00f5li,&#8230;<\/p>\n","protected":false},"featured_media":76380,"comment_status":"open","ping_status":"closed","template":"","meta":{"_acf_changed":false},"product_brand":[],"product_cat":[494,495,605,389],"product_tag":[],"class_list":{"0":"post-75413","1":"product","2":"type-product","3":"status-publish","4":"has-post-thumbnail","6":"product_cat-klientide-lemmikud","7":"product_cat-kehale","8":"product_cat-kehakreemid-ja-voided","9":"product_cat-koik-tooted","11":"first","12":"instock","13":"taxable","14":"shipping-taxable","15":"purchasable","16":"product-type-variable"},"acf":[],"yoast_head":"<!-- This site is optimized with the Yoast SEO plugin v27.3 - https:\/\/yoast.com\/product\/yoast-seo-wordpress\/ -->\n<title>s\u00e4delev kehasprei efekt rikkaliku niisutusega<\/title>\n<meta name=\"description\" content=\"Looduslik s\u00e4delev kehaseerum vetikaekstraktiga. Niisutab, toidab ja annab kauni kuldse kuma \u2013 nagu s\u00e4delev kehasprei, aga veelgi rikkalikum.\" \/>\n<meta name=\"robots\" content=\"index, follow, max-snippet:-1, max-image-preview:large, max-video-preview:-1\" \/>\n<link rel=\"canonical\" href=\"https:\/\/tilk.bio\/et\/pood\/sadelev-kehaseerum-looduslik-niisutus-ja-sadelev-kehasprei-efekt\/\" \/>\n<meta property=\"og:locale\" content=\"et_EE\" \/>\n<meta property=\"og:type\" content=\"article\" \/>\n<meta property=\"og:title\" content=\"s\u00e4delev kehasprei efekt rikkaliku niisutusega\" \/>\n<meta property=\"og:description\" content=\"Looduslik s\u00e4delev kehaseerum vetikaekstraktiga. Niisutab, toidab ja annab kauni kuldse kuma \u2013 nagu s\u00e4delev kehasprei, aga veelgi rikkalikum.\" \/>\n<meta property=\"og:url\" content=\"https:\/\/tilk.bio\/et\/pood\/sadelev-kehaseerum-looduslik-niisutus-ja-sadelev-kehasprei-efekt\/\" \/>\n<meta property=\"og:site_name\" content=\"Tilk!\" \/>\n<meta property=\"article:publisher\" content=\"https:\/\/www.facebook.com\/tilk.bio\/\" \/>\n<meta property=\"article:modified_time\" content=\"2026-03-31T10:45:08+00:00\" \/>\n<meta property=\"og:image\" content=\"https:\/\/tilk.bio\/wp-content\/uploads\/2025\/08\/Sadelev-kehaoli.jpg\" \/>\n\t<meta property=\"og:image:width\" content=\"1200\" \/>\n\t<meta property=\"og:image:height\" content=\"1200\" \/>\n\t<meta property=\"og:image:type\" content=\"image\/jpeg\" \/>\n<meta name=\"twitter:card\" content=\"summary_large_image\" \/>\n<meta name=\"twitter:label1\" content=\"Est. reading time\" \/>\n\t<meta name=\"twitter:data1\" content=\"2 minutit\" \/>\n<script type=\"application\/ld+json\" class=\"yoast-schema-graph\">{\"@context\":\"https:\\\/\\\/schema.org\",\"@graph\":[{\"@type\":\"WebPage\",\"@id\":\"https:\\\/\\\/tilk.bio\\\/et\\\/pood\\\/sadelev-kehaseerum-looduslik-niisutus-ja-sadelev-kehasprei-efekt\\\/\",\"url\":\"https:\\\/\\\/tilk.bio\\\/et\\\/pood\\\/sadelev-kehaseerum-looduslik-niisutus-ja-sadelev-kehasprei-efekt\\\/\",\"name\":\"s\u00e4delev kehasprei efekt rikkaliku niisutusega\",\"isPartOf\":{\"@id\":\"https:\\\/\\\/tilk.bio\\\/et\\\/#website\"},\"primaryImageOfPage\":{\"@id\":\"https:\\\/\\\/tilk.bio\\\/et\\\/pood\\\/sadelev-kehaseerum-looduslik-niisutus-ja-sadelev-kehasprei-efekt\\\/#primaryimage\"},\"image\":{\"@id\":\"https:\\\/\\\/tilk.bio\\\/et\\\/pood\\\/sadelev-kehaseerum-looduslik-niisutus-ja-sadelev-kehasprei-efekt\\\/#primaryimage\"},\"thumbnailUrl\":\"https:\\\/\\\/tilk.bio\\\/wp-content\\\/uploads\\\/2025\\\/08\\\/Sadelev-kehaoli.jpg\",\"datePublished\":\"2025-08-12T13:36:45+00:00\",\"dateModified\":\"2026-03-31T10:45:08+00:00\",\"description\":\"Looduslik s\u00e4delev kehaseerum vetikaekstraktiga. Niisutab, toidab ja annab kauni kuldse kuma \u2013 nagu s\u00e4delev kehasprei, aga veelgi rikkalikum.\",\"breadcrumb\":{\"@id\":\"https:\\\/\\\/tilk.bio\\\/et\\\/pood\\\/sadelev-kehaseerum-looduslik-niisutus-ja-sadelev-kehasprei-efekt\\\/#breadcrumb\"},\"inLanguage\":\"et\",\"potentialAction\":[{\"@type\":\"ReadAction\",\"target\":[\"https:\\\/\\\/tilk.bio\\\/et\\\/pood\\\/sadelev-kehaseerum-looduslik-niisutus-ja-sadelev-kehasprei-efekt\\\/\"]}]},{\"@type\":\"ImageObject\",\"inLanguage\":\"et\",\"@id\":\"https:\\\/\\\/tilk.bio\\\/et\\\/pood\\\/sadelev-kehaseerum-looduslik-niisutus-ja-sadelev-kehasprei-efekt\\\/#primaryimage\",\"url\":\"https:\\\/\\\/tilk.bio\\\/wp-content\\\/uploads\\\/2025\\\/08\\\/Sadelev-kehaoli.jpg\",\"contentUrl\":\"https:\\\/\\\/tilk.bio\\\/wp-content\\\/uploads\\\/2025\\\/08\\\/Sadelev-kehaoli.jpg\",\"width\":1200,\"height\":1200},{\"@type\":\"BreadcrumbList\",\"@id\":\"https:\\\/\\\/tilk.bio\\\/et\\\/pood\\\/sadelev-kehaseerum-looduslik-niisutus-ja-sadelev-kehasprei-efekt\\\/#breadcrumb\",\"itemListElement\":[{\"@type\":\"ListItem\",\"position\":1,\"name\":\"Home\",\"item\":\"https:\\\/\\\/tilk.bio\\\/et\\\/\"},{\"@type\":\"ListItem\",\"position\":2,\"name\":\"Pood\",\"item\":\"https:\\\/\\\/tilk.bio\\\/et\\\/pood\\\/\"},{\"@type\":\"ListItem\",\"position\":3,\"name\":\"S\u00e4rav Kehaseerum &#8211; Looduslik Niisutus &#038; S\u00e4rava efektiga\"}]},{\"@type\":\"WebSite\",\"@id\":\"https:\\\/\\\/tilk.bio\\\/et\\\/#website\",\"url\":\"https:\\\/\\\/tilk.bio\\\/et\\\/\",\"name\":\"Tilk!\",\"description\":\"Keskkonnas\u00f5bralik ja j\u00e4tkusuutlik looduskosmeetika Saaremaalt.\",\"potentialAction\":[{\"@type\":\"SearchAction\",\"target\":{\"@type\":\"EntryPoint\",\"urlTemplate\":\"https:\\\/\\\/tilk.bio\\\/et\\\/?s={search_term_string}\"},\"query-input\":{\"@type\":\"PropertyValueSpecification\",\"valueRequired\":true,\"valueName\":\"search_term_string\"}}],\"inLanguage\":\"et\"}]}<\/script>\n<!-- \/ Yoast SEO plugin. -->","yoast_head_json":{"title":"s\u00e4delev kehasprei efekt rikkaliku niisutusega","description":"Looduslik s\u00e4delev kehaseerum vetikaekstraktiga. Niisutab, toidab ja annab kauni kuldse kuma \u2013 nagu s\u00e4delev kehasprei, aga veelgi rikkalikum.","robots":{"index":"index","follow":"follow","max-snippet":"max-snippet:-1","max-image-preview":"max-image-preview:large","max-video-preview":"max-video-preview:-1"},"canonical":"https:\/\/tilk.bio\/et\/pood\/sadelev-kehaseerum-looduslik-niisutus-ja-sadelev-kehasprei-efekt\/","og_locale":"et_EE","og_type":"article","og_title":"s\u00e4delev kehasprei efekt rikkaliku niisutusega","og_description":"Looduslik s\u00e4delev kehaseerum vetikaekstraktiga. Niisutab, toidab ja annab kauni kuldse kuma \u2013 nagu s\u00e4delev kehasprei, aga veelgi rikkalikum.","og_url":"https:\/\/tilk.bio\/et\/pood\/sadelev-kehaseerum-looduslik-niisutus-ja-sadelev-kehasprei-efekt\/","og_site_name":"Tilk!","article_publisher":"https:\/\/www.facebook.com\/tilk.bio\/","article_modified_time":"2026-03-31T10:45:08+00:00","og_image":[{"width":1200,"height":1200,"url":"https:\/\/tilk.bio\/wp-content\/uploads\/2025\/08\/Sadelev-kehaoli.jpg","type":"image\/jpeg"}],"twitter_card":"summary_large_image","twitter_misc":{"Est. reading time":"2 minutit"},"schema":{"@context":"https:\/\/schema.org","@graph":[{"@type":"WebPage","@id":"https:\/\/tilk.bio\/et\/pood\/sadelev-kehaseerum-looduslik-niisutus-ja-sadelev-kehasprei-efekt\/","url":"https:\/\/tilk.bio\/et\/pood\/sadelev-kehaseerum-looduslik-niisutus-ja-sadelev-kehasprei-efekt\/","name":"s\u00e4delev kehasprei efekt rikkaliku niisutusega","isPartOf":{"@id":"https:\/\/tilk.bio\/et\/#website"},"primaryImageOfPage":{"@id":"https:\/\/tilk.bio\/et\/pood\/sadelev-kehaseerum-looduslik-niisutus-ja-sadelev-kehasprei-efekt\/#primaryimage"},"image":{"@id":"https:\/\/tilk.bio\/et\/pood\/sadelev-kehaseerum-looduslik-niisutus-ja-sadelev-kehasprei-efekt\/#primaryimage"},"thumbnailUrl":"https:\/\/tilk.bio\/wp-content\/uploads\/2025\/08\/Sadelev-kehaoli.jpg","datePublished":"2025-08-12T13:36:45+00:00","dateModified":"2026-03-31T10:45:08+00:00","description":"Looduslik s\u00e4delev kehaseerum vetikaekstraktiga. Niisutab, toidab ja annab kauni kuldse kuma \u2013 nagu s\u00e4delev kehasprei, aga veelgi rikkalikum.","breadcrumb":{"@id":"https:\/\/tilk.bio\/et\/pood\/sadelev-kehaseerum-looduslik-niisutus-ja-sadelev-kehasprei-efekt\/#breadcrumb"},"inLanguage":"et","potentialAction":[{"@type":"ReadAction","target":["https:\/\/tilk.bio\/et\/pood\/sadelev-kehaseerum-looduslik-niisutus-ja-sadelev-kehasprei-efekt\/"]}]},{"@type":"ImageObject","inLanguage":"et","@id":"https:\/\/tilk.bio\/et\/pood\/sadelev-kehaseerum-looduslik-niisutus-ja-sadelev-kehasprei-efekt\/#primaryimage","url":"https:\/\/tilk.bio\/wp-content\/uploads\/2025\/08\/Sadelev-kehaoli.jpg","contentUrl":"https:\/\/tilk.bio\/wp-content\/uploads\/2025\/08\/Sadelev-kehaoli.jpg","width":1200,"height":1200},{"@type":"BreadcrumbList","@id":"https:\/\/tilk.bio\/et\/pood\/sadelev-kehaseerum-looduslik-niisutus-ja-sadelev-kehasprei-efekt\/#breadcrumb","itemListElement":[{"@type":"ListItem","position":1,"name":"Home","item":"https:\/\/tilk.bio\/et\/"},{"@type":"ListItem","position":2,"name":"Pood","item":"https:\/\/tilk.bio\/et\/pood\/"},{"@type":"ListItem","position":3,"name":"S\u00e4rav Kehaseerum &#8211; Looduslik Niisutus &#038; S\u00e4rava efektiga"}]},{"@type":"WebSite","@id":"https:\/\/tilk.bio\/et\/#website","url":"https:\/\/tilk.bio\/et\/","name":"Tilk!","description":"Keskkonnas\u00f5bralik ja j\u00e4tkusuutlik looduskosmeetika Saaremaalt.","potentialAction":[{"@type":"SearchAction","target":{"@type":"EntryPoint","urlTemplate":"https:\/\/tilk.bio\/et\/?s={search_term_string}"},"query-input":{"@type":"PropertyValueSpecification","valueRequired":true,"valueName":"search_term_string"}}],"inLanguage":"et"}]}},"_links":{"self":[{"href":"https:\/\/tilk.bio\/et\/wp-json\/wp\/v2\/product\/75413","targetHints":{"allow":["GET"]}}],"collection":[{"href":"https:\/\/tilk.bio\/et\/wp-json\/wp\/v2\/product"}],"about":[{"href":"https:\/\/tilk.bio\/et\/wp-json\/wp\/v2\/types\/product"}],"replies":[{"embeddable":true,"href":"https:\/\/tilk.bio\/et\/wp-json\/wp\/v2\/comments?post=75413"}],"wp:featuredmedia":[{"embeddable":true,"href":"https:\/\/tilk.bio\/et\/wp-json\/wp\/v2\/media\/76380"}],"wp:attachment":[{"href":"https:\/\/tilk.bio\/et\/wp-json\/wp\/v2\/media?parent=75413"}],"wp:term":[{"taxonomy":"product_brand","embeddable":true,"href":"https:\/\/tilk.bio\/et\/wp-json\/wp\/v2\/product_brand?post=75413"},{"taxonomy":"product_cat","embeddable":true,"href":"https:\/\/tilk.bio\/et\/wp-json\/wp\/v2\/product_cat?post=75413"},{"taxonomy":"product_tag","embeddable":true,"href":"https:\/\/tilk.bio\/et\/wp-json\/wp\/v2\/product_tag?post=75413"}],"curies":[{"name":"wp","href":"https:\/\/api.w.org\/{rel}","templated":true}]}}