{"id":76360,"date":"2025-11-20T12:52:30","date_gmt":"2025-11-20T10:52:30","guid":{"rendered":"https:\/\/tilk.bio\/?post_type=product&#038;p=76360"},"modified":"2026-03-31T18:15:06","modified_gmt":"2026-03-31T15:15:06","slug":"sheavoi","status":"publish","type":"product","link":"https:\/\/tilk.bio\/et\/pood\/sheavoi\/","title":{"rendered":"Vahustatud sheav\u00f5i"},"content":{"rendered":"<h2 data-start=\"101\" data-end=\"152\">Sheav\u00f5i \u2013 s\u00fcgavniisutav ja looduslik nahahooldus<\/h2>\n<p data-start=\"154\" data-end=\"513\">Sheav\u00f5i on rikkalik looduslik niisutaja, mis sisaldab olulisi rasvhappeid, vitamiine A ja E ning tugevaid antioks\u00fcdante. See toidab nahka s\u00fcgavuti, andes sellele siidise pehmuse ja siledama v\u00e4ljan\u00e4gemise. Regulaarne sheav\u00f5i kasutamine aitab v\u00e4hendada peenikeste joonte ja kortsude n\u00e4htavust, muutes naha v\u00e4rskemaks, s\u00e4ravamaks ja nooruslikumaks.<\/p>\n<p data-start=\"515\" data-end=\"749\">Sheav\u00f5i sobib ideaalselt igale nahat\u00fc\u00fcbile, sh kuivale ja tundlikule nahale. Selle p\u00f5letikuvastased omadused aitavad rahustada naha \u00e4rritust ning toetavad ekseemi, psoriaasi ja teiste kuivusest tingitud nahaprobleemide leevendamist.<\/p>\n<p data-start=\"751\" data-end=\"900\">Tegu on mitmek\u00fclgse ja \u00f5rnalt hooldava koostisosaga, mis aitab taastada naha loomulikku kaitsebarj\u00e4\u00e4ri ning hoiab naha niisutatuna kogu p\u00e4eva v\u00e4ltel.<\/p>\n<p data-start=\"902\" data-end=\"919\"><strong data-start=\"902\" data-end=\"919\">Kogus: 200 ml<\/strong><\/p>\n","protected":false},"excerpt":{"rendered":"<p>Sheav\u00f5i \u2013 s\u00fcgavniisutav ja looduslik nahahooldus Sheav\u00f5i on rikkalik looduslik niisutaja, mis sisaldab olulisi rasvhappeid, vitamiine A ja E ning tugevaid antioks\u00fcdante. See toidab nahka s\u00fcgavuti, andes sellele siidise pehmuse ja siledama v\u00e4ljan\u00e4gemise. Regulaarne sheav\u00f5i kasutamine aitab v\u00e4hendada peenikeste joonte ja kortsude n\u00e4htavust, muutes naha v\u00e4rskemaks, s\u00e4ravamaks ja nooruslikumaks. Sheav\u00f5i sobib ideaalselt igale nahat\u00fc\u00fcbile, sh&#8230;<\/p>\n","protected":false},"featured_media":76911,"comment_status":"open","ping_status":"closed","template":"","meta":{"_acf_changed":false},"product_brand":[],"product_cat":[389,912],"product_tag":[],"class_list":{"0":"post-76360","1":"product","2":"type-product","3":"status-publish","4":"has-post-thumbnail","6":"product_cat-koik-tooted","7":"product_cat-sheavoi","9":"first","10":"instock","11":"taxable","12":"shipping-taxable","13":"purchasable","14":"product-type-simple"},"acf":[],"yoast_head":"<!-- This site is optimized with the Yoast SEO plugin v27.3 - https:\/\/yoast.com\/product\/yoast-seo-wordpress\/ -->\n<title>Vahustatud sheav\u00f5i - Tilk!<\/title>\n<meta name=\"description\" content=\"sheav\u00f5i niisutab s\u00fcgavuti, pehmendab ja rahustab nahka. Sobib kuivale ja tundlikule nahale, aidates v\u00e4hendada \u00e4rritust, peenikesi jooni ja kortse\" \/>\n<meta name=\"robots\" content=\"index, follow, max-snippet:-1, max-image-preview:large, max-video-preview:-1\" \/>\n<link rel=\"canonical\" href=\"https:\/\/tilk.bio\/et\/pood\/sheavoi\/\" \/>\n<meta property=\"og:locale\" content=\"et_EE\" \/>\n<meta property=\"og:type\" content=\"article\" \/>\n<meta property=\"og:title\" content=\"Vahustatud sheav\u00f5i - Tilk!\" \/>\n<meta property=\"og:description\" content=\"sheav\u00f5i niisutab s\u00fcgavuti, pehmendab ja rahustab nahka. Sobib kuivale ja tundlikule nahale, aidates v\u00e4hendada \u00e4rritust, peenikesi jooni ja kortse\" \/>\n<meta property=\"og:url\" content=\"https:\/\/tilk.bio\/et\/pood\/sheavoi\/\" \/>\n<meta property=\"og:site_name\" content=\"Tilk!\" \/>\n<meta property=\"article:publisher\" content=\"https:\/\/www.facebook.com\/tilk.bio\/\" \/>\n<meta property=\"article:modified_time\" content=\"2026-03-31T15:15:06+00:00\" \/>\n<meta property=\"og:image\" content=\"https:\/\/tilk.bio\/wp-content\/uploads\/2025\/11\/E4R0965-ruut.jpg\" \/>\n\t<meta property=\"og:image:width\" content=\"2048\" \/>\n\t<meta property=\"og:image:height\" content=\"2048\" \/>\n\t<meta property=\"og:image:type\" content=\"image\/jpeg\" \/>\n<meta name=\"twitter:card\" content=\"summary_large_image\" \/>\n<meta name=\"twitter:label1\" content=\"Est. reading time\" \/>\n\t<meta name=\"twitter:data1\" content=\"1 minut\" \/>\n<script type=\"application\/ld+json\" class=\"yoast-schema-graph\">{\"@context\":\"https:\\\/\\\/schema.org\",\"@graph\":[{\"@type\":\"WebPage\",\"@id\":\"https:\\\/\\\/tilk.bio\\\/et\\\/pood\\\/sheavoi\\\/\",\"url\":\"https:\\\/\\\/tilk.bio\\\/et\\\/pood\\\/sheavoi\\\/\",\"name\":\"Vahustatud sheav\u00f5i - Tilk!\",\"isPartOf\":{\"@id\":\"https:\\\/\\\/tilk.bio\\\/et\\\/#website\"},\"primaryImageOfPage\":{\"@id\":\"https:\\\/\\\/tilk.bio\\\/et\\\/pood\\\/sheavoi\\\/#primaryimage\"},\"image\":{\"@id\":\"https:\\\/\\\/tilk.bio\\\/et\\\/pood\\\/sheavoi\\\/#primaryimage\"},\"thumbnailUrl\":\"https:\\\/\\\/tilk.bio\\\/wp-content\\\/uploads\\\/2025\\\/11\\\/E4R0965-ruut.jpg\",\"datePublished\":\"2025-11-20T10:52:30+00:00\",\"dateModified\":\"2026-03-31T15:15:06+00:00\",\"description\":\"sheav\u00f5i niisutab s\u00fcgavuti, pehmendab ja rahustab nahka. Sobib kuivale ja tundlikule nahale, aidates v\u00e4hendada \u00e4rritust, peenikesi jooni ja kortse\",\"breadcrumb\":{\"@id\":\"https:\\\/\\\/tilk.bio\\\/et\\\/pood\\\/sheavoi\\\/#breadcrumb\"},\"inLanguage\":\"et\",\"potentialAction\":[{\"@type\":\"ReadAction\",\"target\":[\"https:\\\/\\\/tilk.bio\\\/et\\\/pood\\\/sheavoi\\\/\"]}]},{\"@type\":\"ImageObject\",\"inLanguage\":\"et\",\"@id\":\"https:\\\/\\\/tilk.bio\\\/et\\\/pood\\\/sheavoi\\\/#primaryimage\",\"url\":\"https:\\\/\\\/tilk.bio\\\/wp-content\\\/uploads\\\/2025\\\/11\\\/E4R0965-ruut.jpg\",\"contentUrl\":\"https:\\\/\\\/tilk.bio\\\/wp-content\\\/uploads\\\/2025\\\/11\\\/E4R0965-ruut.jpg\",\"width\":2048,\"height\":2048},{\"@type\":\"BreadcrumbList\",\"@id\":\"https:\\\/\\\/tilk.bio\\\/et\\\/pood\\\/sheavoi\\\/#breadcrumb\",\"itemListElement\":[{\"@type\":\"ListItem\",\"position\":1,\"name\":\"Home\",\"item\":\"https:\\\/\\\/tilk.bio\\\/et\\\/\"},{\"@type\":\"ListItem\",\"position\":2,\"name\":\"Pood\",\"item\":\"https:\\\/\\\/tilk.bio\\\/et\\\/pood\\\/\"},{\"@type\":\"ListItem\",\"position\":3,\"name\":\"Vahustatud sheav\u00f5i\"}]},{\"@type\":\"WebSite\",\"@id\":\"https:\\\/\\\/tilk.bio\\\/et\\\/#website\",\"url\":\"https:\\\/\\\/tilk.bio\\\/et\\\/\",\"name\":\"Tilk!\",\"description\":\"Keskkonnas\u00f5bralik ja j\u00e4tkusuutlik looduskosmeetika Saaremaalt.\",\"potentialAction\":[{\"@type\":\"SearchAction\",\"target\":{\"@type\":\"EntryPoint\",\"urlTemplate\":\"https:\\\/\\\/tilk.bio\\\/et\\\/?s={search_term_string}\"},\"query-input\":{\"@type\":\"PropertyValueSpecification\",\"valueRequired\":true,\"valueName\":\"search_term_string\"}}],\"inLanguage\":\"et\"}]}<\/script>\n<!-- \/ Yoast SEO plugin. -->","yoast_head_json":{"title":"Vahustatud sheav\u00f5i - Tilk!","description":"sheav\u00f5i niisutab s\u00fcgavuti, pehmendab ja rahustab nahka. Sobib kuivale ja tundlikule nahale, aidates v\u00e4hendada \u00e4rritust, peenikesi jooni ja kortse","robots":{"index":"index","follow":"follow","max-snippet":"max-snippet:-1","max-image-preview":"max-image-preview:large","max-video-preview":"max-video-preview:-1"},"canonical":"https:\/\/tilk.bio\/et\/pood\/sheavoi\/","og_locale":"et_EE","og_type":"article","og_title":"Vahustatud sheav\u00f5i - Tilk!","og_description":"sheav\u00f5i niisutab s\u00fcgavuti, pehmendab ja rahustab nahka. Sobib kuivale ja tundlikule nahale, aidates v\u00e4hendada \u00e4rritust, peenikesi jooni ja kortse","og_url":"https:\/\/tilk.bio\/et\/pood\/sheavoi\/","og_site_name":"Tilk!","article_publisher":"https:\/\/www.facebook.com\/tilk.bio\/","article_modified_time":"2026-03-31T15:15:06+00:00","og_image":[{"width":2048,"height":2048,"url":"https:\/\/tilk.bio\/wp-content\/uploads\/2025\/11\/E4R0965-ruut.jpg","type":"image\/jpeg"}],"twitter_card":"summary_large_image","twitter_misc":{"Est. reading time":"1 minut"},"schema":{"@context":"https:\/\/schema.org","@graph":[{"@type":"WebPage","@id":"https:\/\/tilk.bio\/et\/pood\/sheavoi\/","url":"https:\/\/tilk.bio\/et\/pood\/sheavoi\/","name":"Vahustatud sheav\u00f5i - Tilk!","isPartOf":{"@id":"https:\/\/tilk.bio\/et\/#website"},"primaryImageOfPage":{"@id":"https:\/\/tilk.bio\/et\/pood\/sheavoi\/#primaryimage"},"image":{"@id":"https:\/\/tilk.bio\/et\/pood\/sheavoi\/#primaryimage"},"thumbnailUrl":"https:\/\/tilk.bio\/wp-content\/uploads\/2025\/11\/E4R0965-ruut.jpg","datePublished":"2025-11-20T10:52:30+00:00","dateModified":"2026-03-31T15:15:06+00:00","description":"sheav\u00f5i niisutab s\u00fcgavuti, pehmendab ja rahustab nahka. Sobib kuivale ja tundlikule nahale, aidates v\u00e4hendada \u00e4rritust, peenikesi jooni ja kortse","breadcrumb":{"@id":"https:\/\/tilk.bio\/et\/pood\/sheavoi\/#breadcrumb"},"inLanguage":"et","potentialAction":[{"@type":"ReadAction","target":["https:\/\/tilk.bio\/et\/pood\/sheavoi\/"]}]},{"@type":"ImageObject","inLanguage":"et","@id":"https:\/\/tilk.bio\/et\/pood\/sheavoi\/#primaryimage","url":"https:\/\/tilk.bio\/wp-content\/uploads\/2025\/11\/E4R0965-ruut.jpg","contentUrl":"https:\/\/tilk.bio\/wp-content\/uploads\/2025\/11\/E4R0965-ruut.jpg","width":2048,"height":2048},{"@type":"BreadcrumbList","@id":"https:\/\/tilk.bio\/et\/pood\/sheavoi\/#breadcrumb","itemListElement":[{"@type":"ListItem","position":1,"name":"Home","item":"https:\/\/tilk.bio\/et\/"},{"@type":"ListItem","position":2,"name":"Pood","item":"https:\/\/tilk.bio\/et\/pood\/"},{"@type":"ListItem","position":3,"name":"Vahustatud sheav\u00f5i"}]},{"@type":"WebSite","@id":"https:\/\/tilk.bio\/et\/#website","url":"https:\/\/tilk.bio\/et\/","name":"Tilk!","description":"Keskkonnas\u00f5bralik ja j\u00e4tkusuutlik looduskosmeetika Saaremaalt.","potentialAction":[{"@type":"SearchAction","target":{"@type":"EntryPoint","urlTemplate":"https:\/\/tilk.bio\/et\/?s={search_term_string}"},"query-input":{"@type":"PropertyValueSpecification","valueRequired":true,"valueName":"search_term_string"}}],"inLanguage":"et"}]}},"_links":{"self":[{"href":"https:\/\/tilk.bio\/et\/wp-json\/wp\/v2\/product\/76360","targetHints":{"allow":["GET"]}}],"collection":[{"href":"https:\/\/tilk.bio\/et\/wp-json\/wp\/v2\/product"}],"about":[{"href":"https:\/\/tilk.bio\/et\/wp-json\/wp\/v2\/types\/product"}],"replies":[{"embeddable":true,"href":"https:\/\/tilk.bio\/et\/wp-json\/wp\/v2\/comments?post=76360"}],"wp:featuredmedia":[{"embeddable":true,"href":"https:\/\/tilk.bio\/et\/wp-json\/wp\/v2\/media\/76911"}],"wp:attachment":[{"href":"https:\/\/tilk.bio\/et\/wp-json\/wp\/v2\/media?parent=76360"}],"wp:term":[{"taxonomy":"product_brand","embeddable":true,"href":"https:\/\/tilk.bio\/et\/wp-json\/wp\/v2\/product_brand?post=76360"},{"taxonomy":"product_cat","embeddable":true,"href":"https:\/\/tilk.bio\/et\/wp-json\/wp\/v2\/product_cat?post=76360"},{"taxonomy":"product_tag","embeddable":true,"href":"https:\/\/tilk.bio\/et\/wp-json\/wp\/v2\/product_tag?post=76360"}],"curies":[{"name":"wp","href":"https:\/\/api.w.org\/{rel}","templated":true}]}}