{"id":76366,"date":"2025-12-11T20:51:33","date_gmt":"2025-12-11T18:51:33","guid":{"rendered":"https:\/\/tilk.bio\/?post_type=product&#038;p=76366"},"modified":"2026-04-14T16:45:25","modified_gmt":"2026-04-14T13:45:25","slug":"tahke-sampoon","status":"publish","type":"product","link":"https:\/\/tilk.bio\/et\/pood\/tahke-sampoon\/","title":{"rendered":"Tahke \u0161ampoon Sugar Punch siledamate ja pehmemate juuste jaoks"},"content":{"rendered":"<p><span style=\"font-weight: 400;\"><strong>Kasutamine:<\/strong> Tee \u0161ampoon niiskeks ja h\u00f5\u00f5ru m\u00e4rgadele juustele, kuni tekib rikkalik vaht. Loputa hoolikalt.<\/span><\/p>\n<p><span style=\"font-weight: 400;\">Kogus: 70g<\/span><\/p>\n<p>&nbsp;<\/p>\n","protected":false},"excerpt":{"rendered":"<p data-start=\"142\" data-end=\"354\">See tahke \u0161ampoon puhastab juuksed \u00f5rnalt ning hooldab neid samaaegselt. Mangov\u00f5i, kakaov\u00f5i ja jojoba\u00f5li aitavad toita juuksekarva ning siluda selle pinda, v\u00e4hendades kahusust ja tuues esile loomuliku sileduse.<\/p>\n<p data-start=\"356\" data-end=\"628\"><strong data-start=\"356\" data-end=\"385\">Pehmendav lipiidikompleks<\/strong> ja kookos\u00f5list saadud niisutavad koostisosad taastavad juuste pehmuse, annavad libedust ning muudavad juuksed p\u00e4rast pesu kergemini kammitavaks. Pantenool tugevdab ja niisutab juuksekarva, parandades selle elastsust ja \u00fcldist v\u00e4ljan\u00e4gemist.<\/p>\n<p data-start=\"630\" data-end=\"796\">\u0160ampooni v\u00e4rskendav l\u00f5hnakombinatsioon sidruni, mandariini, musta pipra ja geraaniumi eeterlikest \u00f5lidest annab pesukogemusele kergelt s\u00e4rtsaka ja samas pehme aroomi.<\/p>\n<p data-start=\"798\" data-end=\"887\">Regulaarne kasutamine aitab hoida juuksed siledad ja pehmed.<\/p>\n","protected":false},"featured_media":77468,"comment_status":"open","ping_status":"closed","template":"","meta":{"_acf_changed":false},"product_brand":[],"product_cat":[494,642,389,901],"product_tag":[],"class_list":{"0":"post-76366","1":"product","2":"type-product","3":"status-publish","4":"has-post-thumbnail","6":"product_cat-klientide-lemmikud","7":"product_cat-juuksehooldus","8":"product_cat-koik-tooted","9":"product_cat-sampoon","11":"first","12":"instock","13":"taxable","14":"shipping-taxable","15":"purchasable","16":"product-type-variable"},"acf":[],"yoast_head":"<!-- This site is optimized with the Yoast SEO plugin v27.4 - https:\/\/yoast.com\/product\/yoast-seo-wordpress\/ -->\n<title>Tahke \u0161ampoon Sugar Punch siledamate ja pehmemate juuste jaoks - Tilk!<\/title>\n<meta name=\"description\" content=\"See tahke \u0161ampoon puhastab juuksed \u00f5rnalt ning hooldab neid samaaegselt. Mangov\u00f5i, kakaov\u00f5i ja jojoba\u00f5li aitavad toita juuksekarva.\" \/>\n<meta name=\"robots\" content=\"index, follow, max-snippet:-1, max-image-preview:large, max-video-preview:-1\" \/>\n<link rel=\"canonical\" href=\"https:\/\/tilk.bio\/et\/pood\/tahke-sampoon\/\" \/>\n<meta property=\"og:locale\" content=\"et_EE\" \/>\n<meta property=\"og:type\" content=\"article\" \/>\n<meta property=\"og:title\" content=\"Tahke \u0161ampoon Sugar Punch siledamate ja pehmemate juuste jaoks - Tilk!\" \/>\n<meta property=\"og:description\" content=\"See tahke \u0161ampoon puhastab juuksed \u00f5rnalt ning hooldab neid samaaegselt. Mangov\u00f5i, kakaov\u00f5i ja jojoba\u00f5li aitavad toita juuksekarva.\" \/>\n<meta property=\"og:url\" content=\"https:\/\/tilk.bio\/et\/pood\/tahke-sampoon\/\" \/>\n<meta property=\"og:site_name\" content=\"Tilk!\" \/>\n<meta property=\"article:publisher\" content=\"https:\/\/www.facebook.com\/tilk.bio\/\" \/>\n<meta property=\"article:modified_time\" content=\"2026-04-14T13:45:25+00:00\" \/>\n<meta name=\"twitter:card\" content=\"summary_large_image\" \/>\n<meta name=\"twitter:label1\" content=\"Est. reading time\" \/>\n\t<meta name=\"twitter:data1\" content=\"1 minut\" \/>\n<script type=\"application\/ld+json\" class=\"yoast-schema-graph\">{\"@context\":\"https:\\\/\\\/schema.org\",\"@graph\":[{\"@type\":\"WebPage\",\"@id\":\"https:\\\/\\\/tilk.bio\\\/et\\\/pood\\\/tahke-sampoon\\\/\",\"url\":\"https:\\\/\\\/tilk.bio\\\/et\\\/pood\\\/tahke-sampoon\\\/\",\"name\":\"Tahke \u0161ampoon Sugar Punch siledamate ja pehmemate juuste jaoks - Tilk!\",\"isPartOf\":{\"@id\":\"https:\\\/\\\/tilk.bio\\\/et\\\/#website\"},\"primaryImageOfPage\":{\"@id\":\"https:\\\/\\\/tilk.bio\\\/et\\\/pood\\\/tahke-sampoon\\\/#primaryimage\"},\"image\":{\"@id\":\"https:\\\/\\\/tilk.bio\\\/et\\\/pood\\\/tahke-sampoon\\\/#primaryimage\"},\"thumbnailUrl\":\"https:\\\/\\\/tilk.bio\\\/wp-content\\\/uploads\\\/2025\\\/12\\\/Untitled-design-6.jpg\",\"datePublished\":\"2025-12-11T18:51:33+00:00\",\"dateModified\":\"2026-04-14T13:45:25+00:00\",\"description\":\"See tahke \u0161ampoon puhastab juuksed \u00f5rnalt ning hooldab neid samaaegselt. Mangov\u00f5i, kakaov\u00f5i ja jojoba\u00f5li aitavad toita juuksekarva.\",\"breadcrumb\":{\"@id\":\"https:\\\/\\\/tilk.bio\\\/et\\\/pood\\\/tahke-sampoon\\\/#breadcrumb\"},\"inLanguage\":\"et\",\"potentialAction\":[{\"@type\":\"ReadAction\",\"target\":[\"https:\\\/\\\/tilk.bio\\\/et\\\/pood\\\/tahke-sampoon\\\/\"]}]},{\"@type\":\"ImageObject\",\"inLanguage\":\"et\",\"@id\":\"https:\\\/\\\/tilk.bio\\\/et\\\/pood\\\/tahke-sampoon\\\/#primaryimage\",\"url\":\"https:\\\/\\\/tilk.bio\\\/wp-content\\\/uploads\\\/2025\\\/12\\\/Untitled-design-6.jpg\",\"contentUrl\":\"https:\\\/\\\/tilk.bio\\\/wp-content\\\/uploads\\\/2025\\\/12\\\/Untitled-design-6.jpg\",\"width\":1200,\"height\":1200},{\"@type\":\"BreadcrumbList\",\"@id\":\"https:\\\/\\\/tilk.bio\\\/et\\\/pood\\\/tahke-sampoon\\\/#breadcrumb\",\"itemListElement\":[{\"@type\":\"ListItem\",\"position\":1,\"name\":\"Home\",\"item\":\"https:\\\/\\\/tilk.bio\\\/et\\\/\"},{\"@type\":\"ListItem\",\"position\":2,\"name\":\"Pood\",\"item\":\"https:\\\/\\\/tilk.bio\\\/et\\\/pood\\\/\"},{\"@type\":\"ListItem\",\"position\":3,\"name\":\"Tahke \u0161ampoon Sugar Punch siledamate ja pehmemate juuste jaoks\"}]},{\"@type\":\"WebSite\",\"@id\":\"https:\\\/\\\/tilk.bio\\\/et\\\/#website\",\"url\":\"https:\\\/\\\/tilk.bio\\\/et\\\/\",\"name\":\"Tilk!\",\"description\":\"Keskkonnas\u00f5bralik ja j\u00e4tkusuutlik looduskosmeetika Saaremaalt.\",\"potentialAction\":[{\"@type\":\"SearchAction\",\"target\":{\"@type\":\"EntryPoint\",\"urlTemplate\":\"https:\\\/\\\/tilk.bio\\\/et\\\/?s={search_term_string}\"},\"query-input\":{\"@type\":\"PropertyValueSpecification\",\"valueRequired\":true,\"valueName\":\"search_term_string\"}}],\"inLanguage\":\"et\"}]}<\/script>\n<!-- \/ Yoast SEO plugin. -->","yoast_head_json":{"title":"Tahke \u0161ampoon Sugar Punch siledamate ja pehmemate juuste jaoks - Tilk!","description":"See tahke \u0161ampoon puhastab juuksed \u00f5rnalt ning hooldab neid samaaegselt. Mangov\u00f5i, kakaov\u00f5i ja jojoba\u00f5li aitavad toita juuksekarva.","robots":{"index":"index","follow":"follow","max-snippet":"max-snippet:-1","max-image-preview":"max-image-preview:large","max-video-preview":"max-video-preview:-1"},"canonical":"https:\/\/tilk.bio\/et\/pood\/tahke-sampoon\/","og_locale":"et_EE","og_type":"article","og_title":"Tahke \u0161ampoon Sugar Punch siledamate ja pehmemate juuste jaoks - Tilk!","og_description":"See tahke \u0161ampoon puhastab juuksed \u00f5rnalt ning hooldab neid samaaegselt. Mangov\u00f5i, kakaov\u00f5i ja jojoba\u00f5li aitavad toita juuksekarva.","og_url":"https:\/\/tilk.bio\/et\/pood\/tahke-sampoon\/","og_site_name":"Tilk!","article_publisher":"https:\/\/www.facebook.com\/tilk.bio\/","article_modified_time":"2026-04-14T13:45:25+00:00","twitter_card":"summary_large_image","twitter_misc":{"Est. reading time":"1 minut"},"schema":{"@context":"https:\/\/schema.org","@graph":[{"@type":"WebPage","@id":"https:\/\/tilk.bio\/et\/pood\/tahke-sampoon\/","url":"https:\/\/tilk.bio\/et\/pood\/tahke-sampoon\/","name":"Tahke \u0161ampoon Sugar Punch siledamate ja pehmemate juuste jaoks - Tilk!","isPartOf":{"@id":"https:\/\/tilk.bio\/et\/#website"},"primaryImageOfPage":{"@id":"https:\/\/tilk.bio\/et\/pood\/tahke-sampoon\/#primaryimage"},"image":{"@id":"https:\/\/tilk.bio\/et\/pood\/tahke-sampoon\/#primaryimage"},"thumbnailUrl":"https:\/\/tilk.bio\/wp-content\/uploads\/2025\/12\/Untitled-design-6.jpg","datePublished":"2025-12-11T18:51:33+00:00","dateModified":"2026-04-14T13:45:25+00:00","description":"See tahke \u0161ampoon puhastab juuksed \u00f5rnalt ning hooldab neid samaaegselt. Mangov\u00f5i, kakaov\u00f5i ja jojoba\u00f5li aitavad toita juuksekarva.","breadcrumb":{"@id":"https:\/\/tilk.bio\/et\/pood\/tahke-sampoon\/#breadcrumb"},"inLanguage":"et","potentialAction":[{"@type":"ReadAction","target":["https:\/\/tilk.bio\/et\/pood\/tahke-sampoon\/"]}]},{"@type":"ImageObject","inLanguage":"et","@id":"https:\/\/tilk.bio\/et\/pood\/tahke-sampoon\/#primaryimage","url":"https:\/\/tilk.bio\/wp-content\/uploads\/2025\/12\/Untitled-design-6.jpg","contentUrl":"https:\/\/tilk.bio\/wp-content\/uploads\/2025\/12\/Untitled-design-6.jpg","width":1200,"height":1200},{"@type":"BreadcrumbList","@id":"https:\/\/tilk.bio\/et\/pood\/tahke-sampoon\/#breadcrumb","itemListElement":[{"@type":"ListItem","position":1,"name":"Home","item":"https:\/\/tilk.bio\/et\/"},{"@type":"ListItem","position":2,"name":"Pood","item":"https:\/\/tilk.bio\/et\/pood\/"},{"@type":"ListItem","position":3,"name":"Tahke \u0161ampoon Sugar Punch siledamate ja pehmemate juuste jaoks"}]},{"@type":"WebSite","@id":"https:\/\/tilk.bio\/et\/#website","url":"https:\/\/tilk.bio\/et\/","name":"Tilk!","description":"Keskkonnas\u00f5bralik ja j\u00e4tkusuutlik looduskosmeetika Saaremaalt.","potentialAction":[{"@type":"SearchAction","target":{"@type":"EntryPoint","urlTemplate":"https:\/\/tilk.bio\/et\/?s={search_term_string}"},"query-input":{"@type":"PropertyValueSpecification","valueRequired":true,"valueName":"search_term_string"}}],"inLanguage":"et"}]}},"_links":{"self":[{"href":"https:\/\/tilk.bio\/et\/wp-json\/wp\/v2\/product\/76366","targetHints":{"allow":["GET"]}}],"collection":[{"href":"https:\/\/tilk.bio\/et\/wp-json\/wp\/v2\/product"}],"about":[{"href":"https:\/\/tilk.bio\/et\/wp-json\/wp\/v2\/types\/product"}],"replies":[{"embeddable":true,"href":"https:\/\/tilk.bio\/et\/wp-json\/wp\/v2\/comments?post=76366"}],"wp:featuredmedia":[{"embeddable":true,"href":"https:\/\/tilk.bio\/et\/wp-json\/wp\/v2\/media\/77468"}],"wp:attachment":[{"href":"https:\/\/tilk.bio\/et\/wp-json\/wp\/v2\/media?parent=76366"}],"wp:term":[{"taxonomy":"product_brand","embeddable":true,"href":"https:\/\/tilk.bio\/et\/wp-json\/wp\/v2\/product_brand?post=76366"},{"taxonomy":"product_cat","embeddable":true,"href":"https:\/\/tilk.bio\/et\/wp-json\/wp\/v2\/product_cat?post=76366"},{"taxonomy":"product_tag","embeddable":true,"href":"https:\/\/tilk.bio\/et\/wp-json\/wp\/v2\/product_tag?post=76366"}],"curies":[{"name":"wp","href":"https:\/\/api.w.org\/{rel}","templated":true}]}}