{"id":76372,"date":"2025-10-21T21:12:29","date_gmt":"2025-10-21T18:12:29","guid":{"rendered":"https:\/\/tilk.bio\/shop\/porgandioli\/"},"modified":"2026-03-12T11:00:06","modified_gmt":"2026-03-12T09:00:06","slug":"porgandioli","status":"publish","type":"product","link":"https:\/\/tilk.bio\/et\/pood\/porgandioli\/","title":{"rendered":"Porgandi\u00f5li"},"content":{"rendered":"","protected":false},"excerpt":{"rendered":"<p>Porgandi\u00f5li toidab ja elustab nahka, andes sellele terve ja loomuliku jume. Rikkalik beetakaroteeni, A-, C- ja E-vitamiini sisaldus aitab kaitsta nahka keskkonnam\u00f5jude eest ning toetab rakkude taastumist. \u00d5li parandab naha elastsust, niisutab s\u00fcgavuti ja aitab ennetada kuivust ning tuhmust. Kerge koostis imendub kiiresti, j\u00e4ttes naha pehmeks, siledaks ja s\u00e4ravaks. Sobib igap\u00e4evaseks hoolduseks k\u00f5igile nahat\u00fc\u00fcpidele, eriti tuhmile ja kuivale nahale.<\/p>\n<p>Kogus: 100ml<\/p>\n","protected":false},"featured_media":76913,"comment_status":"open","ping_status":"closed","template":"","meta":{"_acf_changed":false},"product_brand":[],"product_cat":[495,606,389],"product_tag":[],"class_list":{"0":"post-76372","1":"product","2":"type-product","3":"status-publish","4":"has-post-thumbnail","6":"product_cat-kehale","7":"product_cat-kehaolid","8":"product_cat-koik-tooted","10":"first","11":"instock","12":"taxable","13":"shipping-taxable","14":"purchasable","15":"product-type-simple"},"acf":[],"yoast_head":"<!-- This site is optimized with the Yoast SEO plugin v27.4 - https:\/\/yoast.com\/product\/yoast-seo-wordpress\/ -->\n<title>Porgandi\u00f5li - Tilk!<\/title>\n<meta name=\"description\" content=\"Porgandi\u00f5li toidab ja elustab nahka, andes sellele terve ja loomuliku jume. Rikkalik beetakaroteeni, A-, C- ja E-vitamiini sisaldus\" \/>\n<meta name=\"robots\" content=\"index, follow, max-snippet:-1, max-image-preview:large, max-video-preview:-1\" \/>\n<link rel=\"canonical\" href=\"https:\/\/tilk.bio\/et\/pood\/porgandioli\/\" \/>\n<meta property=\"og:locale\" content=\"et_EE\" \/>\n<meta property=\"og:type\" content=\"article\" \/>\n<meta property=\"og:title\" content=\"Porgandi\u00f5li - Tilk!\" \/>\n<meta property=\"og:description\" content=\"Porgandi\u00f5li toidab ja elustab nahka, andes sellele terve ja loomuliku jume. Rikkalik beetakaroteeni, A-, C- ja E-vitamiini sisaldus\" \/>\n<meta property=\"og:url\" content=\"https:\/\/tilk.bio\/et\/pood\/porgandioli\/\" \/>\n<meta property=\"og:site_name\" content=\"Tilk!\" \/>\n<meta property=\"article:publisher\" content=\"https:\/\/www.facebook.com\/tilk.bio\/\" \/>\n<meta property=\"article:modified_time\" content=\"2026-03-12T09:00:06+00:00\" \/>\n<meta property=\"og:image\" content=\"https:\/\/tilk.bio\/wp-content\/uploads\/2025\/10\/E4R0982-ruut.jpg\" \/>\n\t<meta property=\"og:image:width\" content=\"2048\" \/>\n\t<meta property=\"og:image:height\" content=\"2048\" \/>\n\t<meta property=\"og:image:type\" content=\"image\/jpeg\" \/>\n<meta name=\"twitter:card\" content=\"summary_large_image\" \/>\n<script type=\"application\/ld+json\" class=\"yoast-schema-graph\">{\"@context\":\"https:\\\/\\\/schema.org\",\"@graph\":[{\"@type\":\"WebPage\",\"@id\":\"https:\\\/\\\/tilk.bio\\\/et\\\/pood\\\/porgandioli\\\/\",\"url\":\"https:\\\/\\\/tilk.bio\\\/et\\\/pood\\\/porgandioli\\\/\",\"name\":\"Porgandi\u00f5li - Tilk!\",\"isPartOf\":{\"@id\":\"https:\\\/\\\/tilk.bio\\\/et\\\/#website\"},\"primaryImageOfPage\":{\"@id\":\"https:\\\/\\\/tilk.bio\\\/et\\\/pood\\\/porgandioli\\\/#primaryimage\"},\"image\":{\"@id\":\"https:\\\/\\\/tilk.bio\\\/et\\\/pood\\\/porgandioli\\\/#primaryimage\"},\"thumbnailUrl\":\"https:\\\/\\\/tilk.bio\\\/wp-content\\\/uploads\\\/2025\\\/10\\\/E4R0982-ruut.jpg\",\"datePublished\":\"2025-10-21T18:12:29+00:00\",\"dateModified\":\"2026-03-12T09:00:06+00:00\",\"description\":\"Porgandi\u00f5li toidab ja elustab nahka, andes sellele terve ja loomuliku jume. Rikkalik beetakaroteeni, A-, C- ja E-vitamiini sisaldus\",\"breadcrumb\":{\"@id\":\"https:\\\/\\\/tilk.bio\\\/et\\\/pood\\\/porgandioli\\\/#breadcrumb\"},\"inLanguage\":\"et\",\"potentialAction\":[{\"@type\":\"ReadAction\",\"target\":[\"https:\\\/\\\/tilk.bio\\\/et\\\/pood\\\/porgandioli\\\/\"]}]},{\"@type\":\"ImageObject\",\"inLanguage\":\"et\",\"@id\":\"https:\\\/\\\/tilk.bio\\\/et\\\/pood\\\/porgandioli\\\/#primaryimage\",\"url\":\"https:\\\/\\\/tilk.bio\\\/wp-content\\\/uploads\\\/2025\\\/10\\\/E4R0982-ruut.jpg\",\"contentUrl\":\"https:\\\/\\\/tilk.bio\\\/wp-content\\\/uploads\\\/2025\\\/10\\\/E4R0982-ruut.jpg\",\"width\":2048,\"height\":2048,\"caption\":\"porgandio\u0303li\"},{\"@type\":\"BreadcrumbList\",\"@id\":\"https:\\\/\\\/tilk.bio\\\/et\\\/pood\\\/porgandioli\\\/#breadcrumb\",\"itemListElement\":[{\"@type\":\"ListItem\",\"position\":1,\"name\":\"Home\",\"item\":\"https:\\\/\\\/tilk.bio\\\/et\\\/\"},{\"@type\":\"ListItem\",\"position\":2,\"name\":\"Pood\",\"item\":\"https:\\\/\\\/tilk.bio\\\/et\\\/pood\\\/\"},{\"@type\":\"ListItem\",\"position\":3,\"name\":\"Porgandi\u00f5li\"}]},{\"@type\":\"WebSite\",\"@id\":\"https:\\\/\\\/tilk.bio\\\/et\\\/#website\",\"url\":\"https:\\\/\\\/tilk.bio\\\/et\\\/\",\"name\":\"Tilk!\",\"description\":\"Keskkonnas\u00f5bralik ja j\u00e4tkusuutlik looduskosmeetika Saaremaalt.\",\"potentialAction\":[{\"@type\":\"SearchAction\",\"target\":{\"@type\":\"EntryPoint\",\"urlTemplate\":\"https:\\\/\\\/tilk.bio\\\/et\\\/?s={search_term_string}\"},\"query-input\":{\"@type\":\"PropertyValueSpecification\",\"valueRequired\":true,\"valueName\":\"search_term_string\"}}],\"inLanguage\":\"et\"}]}<\/script>\n<!-- \/ Yoast SEO plugin. -->","yoast_head_json":{"title":"Porgandi\u00f5li - Tilk!","description":"Porgandi\u00f5li toidab ja elustab nahka, andes sellele terve ja loomuliku jume. Rikkalik beetakaroteeni, A-, C- ja E-vitamiini sisaldus","robots":{"index":"index","follow":"follow","max-snippet":"max-snippet:-1","max-image-preview":"max-image-preview:large","max-video-preview":"max-video-preview:-1"},"canonical":"https:\/\/tilk.bio\/et\/pood\/porgandioli\/","og_locale":"et_EE","og_type":"article","og_title":"Porgandi\u00f5li - Tilk!","og_description":"Porgandi\u00f5li toidab ja elustab nahka, andes sellele terve ja loomuliku jume. Rikkalik beetakaroteeni, A-, C- ja E-vitamiini sisaldus","og_url":"https:\/\/tilk.bio\/et\/pood\/porgandioli\/","og_site_name":"Tilk!","article_publisher":"https:\/\/www.facebook.com\/tilk.bio\/","article_modified_time":"2026-03-12T09:00:06+00:00","og_image":[{"width":2048,"height":2048,"url":"https:\/\/tilk.bio\/wp-content\/uploads\/2025\/10\/E4R0982-ruut.jpg","type":"image\/jpeg"}],"twitter_card":"summary_large_image","schema":{"@context":"https:\/\/schema.org","@graph":[{"@type":"WebPage","@id":"https:\/\/tilk.bio\/et\/pood\/porgandioli\/","url":"https:\/\/tilk.bio\/et\/pood\/porgandioli\/","name":"Porgandi\u00f5li - Tilk!","isPartOf":{"@id":"https:\/\/tilk.bio\/et\/#website"},"primaryImageOfPage":{"@id":"https:\/\/tilk.bio\/et\/pood\/porgandioli\/#primaryimage"},"image":{"@id":"https:\/\/tilk.bio\/et\/pood\/porgandioli\/#primaryimage"},"thumbnailUrl":"https:\/\/tilk.bio\/wp-content\/uploads\/2025\/10\/E4R0982-ruut.jpg","datePublished":"2025-10-21T18:12:29+00:00","dateModified":"2026-03-12T09:00:06+00:00","description":"Porgandi\u00f5li toidab ja elustab nahka, andes sellele terve ja loomuliku jume. Rikkalik beetakaroteeni, A-, C- ja E-vitamiini sisaldus","breadcrumb":{"@id":"https:\/\/tilk.bio\/et\/pood\/porgandioli\/#breadcrumb"},"inLanguage":"et","potentialAction":[{"@type":"ReadAction","target":["https:\/\/tilk.bio\/et\/pood\/porgandioli\/"]}]},{"@type":"ImageObject","inLanguage":"et","@id":"https:\/\/tilk.bio\/et\/pood\/porgandioli\/#primaryimage","url":"https:\/\/tilk.bio\/wp-content\/uploads\/2025\/10\/E4R0982-ruut.jpg","contentUrl":"https:\/\/tilk.bio\/wp-content\/uploads\/2025\/10\/E4R0982-ruut.jpg","width":2048,"height":2048,"caption":"porgandio\u0303li"},{"@type":"BreadcrumbList","@id":"https:\/\/tilk.bio\/et\/pood\/porgandioli\/#breadcrumb","itemListElement":[{"@type":"ListItem","position":1,"name":"Home","item":"https:\/\/tilk.bio\/et\/"},{"@type":"ListItem","position":2,"name":"Pood","item":"https:\/\/tilk.bio\/et\/pood\/"},{"@type":"ListItem","position":3,"name":"Porgandi\u00f5li"}]},{"@type":"WebSite","@id":"https:\/\/tilk.bio\/et\/#website","url":"https:\/\/tilk.bio\/et\/","name":"Tilk!","description":"Keskkonnas\u00f5bralik ja j\u00e4tkusuutlik looduskosmeetika Saaremaalt.","potentialAction":[{"@type":"SearchAction","target":{"@type":"EntryPoint","urlTemplate":"https:\/\/tilk.bio\/et\/?s={search_term_string}"},"query-input":{"@type":"PropertyValueSpecification","valueRequired":true,"valueName":"search_term_string"}}],"inLanguage":"et"}]}},"_links":{"self":[{"href":"https:\/\/tilk.bio\/et\/wp-json\/wp\/v2\/product\/76372","targetHints":{"allow":["GET"]}}],"collection":[{"href":"https:\/\/tilk.bio\/et\/wp-json\/wp\/v2\/product"}],"about":[{"href":"https:\/\/tilk.bio\/et\/wp-json\/wp\/v2\/types\/product"}],"replies":[{"embeddable":true,"href":"https:\/\/tilk.bio\/et\/wp-json\/wp\/v2\/comments?post=76372"}],"wp:featuredmedia":[{"embeddable":true,"href":"https:\/\/tilk.bio\/et\/wp-json\/wp\/v2\/media\/76913"}],"wp:attachment":[{"href":"https:\/\/tilk.bio\/et\/wp-json\/wp\/v2\/media?parent=76372"}],"wp:term":[{"taxonomy":"product_brand","embeddable":true,"href":"https:\/\/tilk.bio\/et\/wp-json\/wp\/v2\/product_brand?post=76372"},{"taxonomy":"product_cat","embeddable":true,"href":"https:\/\/tilk.bio\/et\/wp-json\/wp\/v2\/product_cat?post=76372"},{"taxonomy":"product_tag","embeddable":true,"href":"https:\/\/tilk.bio\/et\/wp-json\/wp\/v2\/product_tag?post=76372"}],"curies":[{"name":"wp","href":"https:\/\/api.w.org\/{rel}","templated":true}]}}