{"id":76682,"date":"2025-12-11T12:46:19","date_gmt":"2025-12-11T10:46:19","guid":{"rendered":"https:\/\/tilk.bio\/shop\/tootuba\/"},"modified":"2026-01-18T02:41:33","modified_gmt":"2026-01-18T00:41:33","slug":"tootuba","status":"publish","type":"product","link":"https:\/\/tilk.bio\/et\/pood\/tootuba\/","title":{"rendered":"tilk! n\u00e4oseerumi t\u00f6\u00f6tuba"},"content":{"rendered":"<section class=\"l-section wpb_row height_medium\"><div class=\"l-section-h i-cf\"><div class=\"g-cols vc_row via_flex valign_top type_default stacking_default\"><div class=\"vc_col-sm-12 wpb_column vc_column_container\"><div class=\"vc_column-inner\"><div class=\"wpb_wrapper\"><div class=\"wpb_text_column\"><div class=\"wpb_wrapper\"><\/div><\/div><\/div><\/div><\/div><\/div><\/div><\/section>\n","protected":false},"excerpt":{"rendered":"<p><strong>tilk! t\u00f6\u00f6tuba:<\/strong><span>\u00a0<\/span>tule ja loo ise oma toitev ja noorendav n\u00e4oseerum, mis aitab taastada ja hellitada keskkonna poolt koormatud nahka!<\/p>\n<p>Nahk vajab pidevat niisutust ja hoolt, ning meie t\u00f6\u00f6tuba \u00f5petab, kuidas oma nahka selleks ette valmistada.<\/p>\n<p><strong>Mida t\u00f6\u00f6toas teeme:<\/strong><\/p>\n<p><strong>Nahahoolduse p\u00f5hit\u00f5ed:<\/strong><span>\u00a0<\/span>\u00d5pid tundma naha struktuuri ja funktsioone, et m\u00f5ista, kuidas erinevad koostisosad nahka m\u00f5jutavad.<br \/>\n<strong>Sinu nahahooldusrutiin:<\/strong><span>\u00a0<\/span>Avastad, millist nahahooldusrutiini j\u00e4rgida, et hoida nahk terve ja s\u00e4ravana.<br \/>\n<strong>Personaalne n\u00e4oseerum:<\/strong><span>\u00a0<\/span>Valmistad iseenda \u00f5lip\u00f5hise n\u00e4oseerumi, kasutades looduslikke taime- ja eeterlikke \u00f5lisid, sealhulgas Saaremaa loodusest k\u00e4sitsi korjatud taimi. Seerum kohandatakse vastavalt sinu nahat\u00fc\u00fcbile ja vajadustele.<br \/>\n<strong>Looduslik nahahooldus:<\/strong><span>\u00a0<\/span>Saad kasulikke n\u00e4pun\u00e4iteid, kuidas luua t\u00f5hus ja looduslik igap\u00e4evane nahahooldusrutiin.<br \/>\n<strong>\u00d5lide omadused:<\/strong><span>\u00a0<\/span>Tutvud erinevate taime- ja eeterlike \u00f5lide omadustega ning nende m\u00f5juga eri nahat\u00fc\u00fcpidele.<\/p>\n<p>Iga osaleja lahkub t\u00f6\u00f6toast enda valmistatud n\u00e4oseerumiga!<\/p>\n<p><strong>T\u00f6\u00f6toa toimumiskoht:<\/strong>\u00a0tilk! ilupesa, P\u00e4rnu maantee 142, Tallinn<\/p>\n<p><strong>Aeg:<\/strong> Lepime osalejatega kokku<\/p>\n<p><strong>Juhendaja:<\/strong><span>\u00a0<\/span>Pille Lengi, looduskosmeetika br\u00e4ndi tilk.bio asutaja, kellel on rikkalik kogemus nahahoolduses ja looduskosmeetikas.<\/p>\n<p>Liitu meie t\u00f6\u00f6toaga ja hoolitse oma naha eest looduslikul ning t\u00f5husal viisil!<\/p>\n<p>Loe rohkem: <a href=\"https:\/\/tilk.bio\/et\/tootoad\/\">https:\/\/tilk.bio\/et\/tootoad\/<\/a><\/p>\n<p class=\"p1\"><span class=\"s1\"><strong>Kinkekaardi saadame Sulle e-mailile, kust saad selle vajadusel mugavalt v\u00e4lja printida.\u00a0<\/strong><\/span><\/p>\n<p>Kinkekaart saadetakse e-maili peale \u00fche t\u00f6\u00f6p\u00e4eva jooksul.<\/p>\n","protected":false},"featured_media":76681,"comment_status":"open","ping_status":"closed","template":"","meta":{"_acf_changed":false},"product_brand":[],"product_cat":[389],"product_tag":[],"class_list":{"0":"post-76682","1":"product","2":"type-product","3":"status-publish","4":"has-post-thumbnail","6":"product_cat-koik-tooted","8":"first","9":"instock","10":"virtual","11":"taxable","12":"purchasable","13":"product-type-simple"},"acf":[],"yoast_head":"<!-- This site is optimized with the Yoast SEO plugin v27.4 - https:\/\/yoast.com\/product\/yoast-seo-wordpress\/ -->\n<title>tilk! n\u00e4oseerumi t\u00f6\u00f6tuba - Tilk!<\/title>\n<meta name=\"description\" content=\"tilk! t\u00f6\u00f6tuba: tule ja loo ise oma toitev ja noorendav n\u00e4oseerum, mis aitab taastada ja hellitada keskkonna poolt koormatud nahka!\" \/>\n<meta name=\"robots\" content=\"index, follow, max-snippet:-1, max-image-preview:large, max-video-preview:-1\" \/>\n<link rel=\"canonical\" href=\"https:\/\/tilk.bio\/pood\/workshop\/\" \/>\n<meta property=\"og:locale\" content=\"et_EE\" \/>\n<meta property=\"og:type\" content=\"article\" \/>\n<meta property=\"og:title\" content=\"tilk! n\u00e4oseerumi t\u00f6\u00f6tuba - Tilk!\" \/>\n<meta property=\"og:description\" content=\"tilk! t\u00f6\u00f6tuba: tule ja loo ise oma toitev ja noorendav n\u00e4oseerum, mis aitab taastada ja hellitada keskkonna poolt koormatud nahka!\" \/>\n<meta property=\"og:url\" content=\"https:\/\/tilk.bio\/pood\/workshop\/\" \/>\n<meta property=\"og:site_name\" content=\"Tilk!\" \/>\n<meta property=\"article:publisher\" content=\"https:\/\/www.facebook.com\/tilk.bio\/\" \/>\n<meta property=\"article:modified_time\" content=\"2026-01-18T00:41:33+00:00\" \/>\n<meta property=\"og:image\" content=\"https:\/\/tilk.bio\/wp-content\/uploads\/2025\/12\/Untitled-design.jpg\" \/>\n\t<meta property=\"og:image:width\" content=\"1200\" \/>\n\t<meta property=\"og:image:height\" content=\"1200\" \/>\n\t<meta property=\"og:image:type\" content=\"image\/jpeg\" \/>\n<meta name=\"twitter:card\" content=\"summary_large_image\" \/>\n<meta name=\"twitter:label1\" content=\"Est. reading time\" \/>\n\t<meta name=\"twitter:data1\" content=\"1 minut\" \/>\n<script type=\"application\/ld+json\" class=\"yoast-schema-graph\">{\"@context\":\"https:\\\/\\\/schema.org\",\"@graph\":[{\"@type\":\"WebPage\",\"@id\":\"https:\\\/\\\/tilk.bio\\\/pood\\\/workshop\\\/\",\"url\":\"https:\\\/\\\/tilk.bio\\\/pood\\\/workshop\\\/\",\"name\":\"tilk! n\u00e4oseerumi t\u00f6\u00f6tuba - Tilk!\",\"isPartOf\":{\"@id\":\"https:\\\/\\\/tilk.bio\\\/et\\\/#website\"},\"primaryImageOfPage\":{\"@id\":\"https:\\\/\\\/tilk.bio\\\/pood\\\/workshop\\\/#primaryimage\"},\"image\":{\"@id\":\"https:\\\/\\\/tilk.bio\\\/pood\\\/workshop\\\/#primaryimage\"},\"thumbnailUrl\":\"https:\\\/\\\/tilk.bio\\\/wp-content\\\/uploads\\\/2025\\\/12\\\/Untitled-design.jpg\",\"datePublished\":\"2025-12-11T10:46:19+00:00\",\"dateModified\":\"2026-01-18T00:41:33+00:00\",\"description\":\"tilk! t\u00f6\u00f6tuba: tule ja loo ise oma toitev ja noorendav n\u00e4oseerum, mis aitab taastada ja hellitada keskkonna poolt koormatud nahka!\",\"breadcrumb\":{\"@id\":\"https:\\\/\\\/tilk.bio\\\/pood\\\/workshop\\\/#breadcrumb\"},\"inLanguage\":\"et\",\"potentialAction\":[{\"@type\":\"ReadAction\",\"target\":[\"https:\\\/\\\/tilk.bio\\\/pood\\\/workshop\\\/\"]}]},{\"@type\":\"ImageObject\",\"inLanguage\":\"et\",\"@id\":\"https:\\\/\\\/tilk.bio\\\/pood\\\/workshop\\\/#primaryimage\",\"url\":\"https:\\\/\\\/tilk.bio\\\/wp-content\\\/uploads\\\/2025\\\/12\\\/Untitled-design.jpg\",\"contentUrl\":\"https:\\\/\\\/tilk.bio\\\/wp-content\\\/uploads\\\/2025\\\/12\\\/Untitled-design.jpg\",\"width\":1200,\"height\":1200,\"caption\":\"workshop\"},{\"@type\":\"BreadcrumbList\",\"@id\":\"https:\\\/\\\/tilk.bio\\\/pood\\\/workshop\\\/#breadcrumb\",\"itemListElement\":[{\"@type\":\"ListItem\",\"position\":1,\"name\":\"Home\",\"item\":\"https:\\\/\\\/tilk.bio\\\/et\\\/\"},{\"@type\":\"ListItem\",\"position\":2,\"name\":\"Pood\",\"item\":\"https:\\\/\\\/tilk.bio\\\/et\\\/pood\\\/\"},{\"@type\":\"ListItem\",\"position\":3,\"name\":\"tilk! n\u00e4oseerumi t\u00f6\u00f6tuba\"}]},{\"@type\":\"WebSite\",\"@id\":\"https:\\\/\\\/tilk.bio\\\/et\\\/#website\",\"url\":\"https:\\\/\\\/tilk.bio\\\/et\\\/\",\"name\":\"Tilk!\",\"description\":\"Keskkonnas\u00f5bralik ja j\u00e4tkusuutlik looduskosmeetika Saaremaalt.\",\"potentialAction\":[{\"@type\":\"SearchAction\",\"target\":{\"@type\":\"EntryPoint\",\"urlTemplate\":\"https:\\\/\\\/tilk.bio\\\/et\\\/?s={search_term_string}\"},\"query-input\":{\"@type\":\"PropertyValueSpecification\",\"valueRequired\":true,\"valueName\":\"search_term_string\"}}],\"inLanguage\":\"et\"}]}<\/script>\n<!-- \/ Yoast SEO plugin. -->","yoast_head_json":{"title":"tilk! n\u00e4oseerumi t\u00f6\u00f6tuba - Tilk!","description":"tilk! t\u00f6\u00f6tuba: tule ja loo ise oma toitev ja noorendav n\u00e4oseerum, mis aitab taastada ja hellitada keskkonna poolt koormatud nahka!","robots":{"index":"index","follow":"follow","max-snippet":"max-snippet:-1","max-image-preview":"max-image-preview:large","max-video-preview":"max-video-preview:-1"},"canonical":"https:\/\/tilk.bio\/pood\/workshop\/","og_locale":"et_EE","og_type":"article","og_title":"tilk! n\u00e4oseerumi t\u00f6\u00f6tuba - Tilk!","og_description":"tilk! t\u00f6\u00f6tuba: tule ja loo ise oma toitev ja noorendav n\u00e4oseerum, mis aitab taastada ja hellitada keskkonna poolt koormatud nahka!","og_url":"https:\/\/tilk.bio\/pood\/workshop\/","og_site_name":"Tilk!","article_publisher":"https:\/\/www.facebook.com\/tilk.bio\/","article_modified_time":"2026-01-18T00:41:33+00:00","og_image":[{"width":1200,"height":1200,"url":"https:\/\/tilk.bio\/wp-content\/uploads\/2025\/12\/Untitled-design.jpg","type":"image\/jpeg"}],"twitter_card":"summary_large_image","twitter_misc":{"Est. reading time":"1 minut"},"schema":{"@context":"https:\/\/schema.org","@graph":[{"@type":"WebPage","@id":"https:\/\/tilk.bio\/pood\/workshop\/","url":"https:\/\/tilk.bio\/pood\/workshop\/","name":"tilk! n\u00e4oseerumi t\u00f6\u00f6tuba - Tilk!","isPartOf":{"@id":"https:\/\/tilk.bio\/et\/#website"},"primaryImageOfPage":{"@id":"https:\/\/tilk.bio\/pood\/workshop\/#primaryimage"},"image":{"@id":"https:\/\/tilk.bio\/pood\/workshop\/#primaryimage"},"thumbnailUrl":"https:\/\/tilk.bio\/wp-content\/uploads\/2025\/12\/Untitled-design.jpg","datePublished":"2025-12-11T10:46:19+00:00","dateModified":"2026-01-18T00:41:33+00:00","description":"tilk! t\u00f6\u00f6tuba: tule ja loo ise oma toitev ja noorendav n\u00e4oseerum, mis aitab taastada ja hellitada keskkonna poolt koormatud nahka!","breadcrumb":{"@id":"https:\/\/tilk.bio\/pood\/workshop\/#breadcrumb"},"inLanguage":"et","potentialAction":[{"@type":"ReadAction","target":["https:\/\/tilk.bio\/pood\/workshop\/"]}]},{"@type":"ImageObject","inLanguage":"et","@id":"https:\/\/tilk.bio\/pood\/workshop\/#primaryimage","url":"https:\/\/tilk.bio\/wp-content\/uploads\/2025\/12\/Untitled-design.jpg","contentUrl":"https:\/\/tilk.bio\/wp-content\/uploads\/2025\/12\/Untitled-design.jpg","width":1200,"height":1200,"caption":"workshop"},{"@type":"BreadcrumbList","@id":"https:\/\/tilk.bio\/pood\/workshop\/#breadcrumb","itemListElement":[{"@type":"ListItem","position":1,"name":"Home","item":"https:\/\/tilk.bio\/et\/"},{"@type":"ListItem","position":2,"name":"Pood","item":"https:\/\/tilk.bio\/et\/pood\/"},{"@type":"ListItem","position":3,"name":"tilk! n\u00e4oseerumi t\u00f6\u00f6tuba"}]},{"@type":"WebSite","@id":"https:\/\/tilk.bio\/et\/#website","url":"https:\/\/tilk.bio\/et\/","name":"Tilk!","description":"Keskkonnas\u00f5bralik ja j\u00e4tkusuutlik looduskosmeetika Saaremaalt.","potentialAction":[{"@type":"SearchAction","target":{"@type":"EntryPoint","urlTemplate":"https:\/\/tilk.bio\/et\/?s={search_term_string}"},"query-input":{"@type":"PropertyValueSpecification","valueRequired":true,"valueName":"search_term_string"}}],"inLanguage":"et"}]}},"_links":{"self":[{"href":"https:\/\/tilk.bio\/et\/wp-json\/wp\/v2\/product\/76682","targetHints":{"allow":["GET"]}}],"collection":[{"href":"https:\/\/tilk.bio\/et\/wp-json\/wp\/v2\/product"}],"about":[{"href":"https:\/\/tilk.bio\/et\/wp-json\/wp\/v2\/types\/product"}],"replies":[{"embeddable":true,"href":"https:\/\/tilk.bio\/et\/wp-json\/wp\/v2\/comments?post=76682"}],"wp:featuredmedia":[{"embeddable":true,"href":"https:\/\/tilk.bio\/et\/wp-json\/wp\/v2\/media\/76681"}],"wp:attachment":[{"href":"https:\/\/tilk.bio\/et\/wp-json\/wp\/v2\/media?parent=76682"}],"wp:term":[{"taxonomy":"product_brand","embeddable":true,"href":"https:\/\/tilk.bio\/et\/wp-json\/wp\/v2\/product_brand?post=76682"},{"taxonomy":"product_cat","embeddable":true,"href":"https:\/\/tilk.bio\/et\/wp-json\/wp\/v2\/product_cat?post=76682"},{"taxonomy":"product_tag","embeddable":true,"href":"https:\/\/tilk.bio\/et\/wp-json\/wp\/v2\/product_tag?post=76682"}],"curies":[{"name":"wp","href":"https:\/\/api.w.org\/{rel}","templated":true}]}}