{"id":77231,"date":"2026-01-13T19:19:44","date_gmt":"2026-01-13T17:19:44","guid":{"rendered":"https:\/\/tilk.bio\/shop\/waba-valgusteraapia-toode-naole-ja-kehale\/"},"modified":"2026-04-12T01:00:09","modified_gmt":"2026-04-11T22:00:09","slug":"waba-valgusteraapia-toode-naole-ja-kehale","status":"publish","type":"product","link":"https:\/\/tilk.bio\/et\/pood\/waba-valgusteraapia-toode-naole-ja-kehale\/","title":{"rendered":"WABA \u2013 valgusteraapia toode n\u00e4ole ja kehale"},"content":{"rendered":"<h3><span>\u00a0<strong>Miks valida WABA?<\/strong><\/span><\/h3>\n<ul>\n<li>Aitab kortsude, pigmentatsiooni, punetuse, armide ja akne puhul<\/li>\n<li>Kolm vahetatavat valgusotsikut \u2013 k\u00f5ik vajadused on kaetud<\/li>\n<li>Valutu ja sobib k\u00f5ikidele nahat\u00fc\u00fcpidele<\/li>\n<li>Juhtmevaba ja mugav ka reisil<\/li>\n<li>Nahkvutlar, mikrofiiber puhastuslapp ning laadimiskaabel lisatud<\/li>\n<li>10+ aastat eluiga, 3-aastane garantii<\/li>\n<li>Eestis arendatud ja toodetud<\/li>\n<li>Hea t\u00e4iendus Sinu tavap\u00e4rasele nahahooldusrutiinile<\/li>\n<\/ul>\n<h3><strong>Kui tahad oma nahahoolduses teha midagi enamat<\/strong><\/h3>\n<p>WABA on hea valik siis, kui soovid oma nahahooldust teadlikumalt ja j\u00e4rjepidevamalt toetada. Lihtne ja mugav kasutada ning sobib neile, kes hindavad toimivaid ja l\u00e4bim\u00f5eldud lahendusi.<\/p>\n<p><strong>Kasutamine:<\/strong>\u00a0Soovitatav on kasutada kasutada puhastatud nahal koos <a href=\"https:\/\/tilk.bio\/et\/tootekategooria\/naohooldus\/naoseerumid\/\">veep\u00f5hise seerumiga<\/a>, et toode paremini libiseks. Seansi pikkus on 3-10 minutit, esialgu on soovitatav kasutada 2-3 n\u00e4dalas ning hiljem harvem, vastavalt vajadusele.<\/p>\n<p>Loe rohkem <a href=\"https:\/\/heyzine.com\/flip-book\/442e9c385b.html\">siit.<\/a><\/p>\n<p><a ref=\"magnificPopup\" href=\"https:\/\/tilk.bio\/wp-content\/uploads\/2026\/01\/Group-72-300x129.jpg\"><img loading=\"lazy\" decoding=\"async\" class=\"alignnone size-medium wp-image-77364\" src=\"https:\/\/tilk.bio\/wp-content\/uploads\/2026\/01\/Group-72-300x129.jpg\" alt=\"\" width=\"300\" height=\"129\" srcset=\"https:\/\/tilk.bio\/wp-content\/uploads\/2026\/01\/Group-72-300x129.jpg 300w, https:\/\/tilk.bio\/wp-content\/uploads\/2026\/01\/Group-72-1024x440.jpg 1024w, https:\/\/tilk.bio\/wp-content\/uploads\/2026\/01\/Group-72-1000x430.jpg 1000w\" sizes=\"auto, (max-width: 300px) 100vw, 300px\" \/><\/a> <a ref=\"magnificPopup\" href=\"https:\/\/tilk.bio\/wp-content\/uploads\/2026\/01\/Group-74-300x130.jpg\"><img loading=\"lazy\" decoding=\"async\" class=\"alignnone size-medium wp-image-77363\" src=\"https:\/\/tilk.bio\/wp-content\/uploads\/2026\/01\/Group-74-300x130.jpg\" alt=\"\" width=\"300\" height=\"130\" srcset=\"https:\/\/tilk.bio\/wp-content\/uploads\/2026\/01\/Group-74-300x130.jpg 300w, https:\/\/tilk.bio\/wp-content\/uploads\/2026\/01\/Group-74-1024x442.jpg 1024w, https:\/\/tilk.bio\/wp-content\/uploads\/2026\/01\/Group-74-1000x432.jpg 1000w\" sizes=\"auto, (max-width: 300px) 100vw, 300px\" \/><\/a><\/p>\n","protected":false},"excerpt":{"rendered":"<p>Eestlaste arendatud ja toodetud nutikas nahahooldustoode koduseks kasutamiseks.<\/p>\n<p>WABA on k\u00f5rge kvaliteediga valgusteraapia toode, millel on\u00a0kolm erinevat vahetatavat otsikut, et saaksid valida hoolduseks just selle valguse, mida su nahk parasjagu vajab. Seade sobib kasutamiseks nii n\u00e4ol, kaelal kui ka kehal ning on lihtsasti lisatav olemasolevasse nahahooldusrutiini.<\/p>\n<h3><strong>Kolm valgusotsikut \u2013 kolm erinevat toimet<\/strong><\/h3>\n<ul>\n<li>Sinine valgus (415nm)<br \/>\nV\u00e4hendab efektiivselt aknet p\u00f5hjustavaid baktereid ilma kemikaalideta ning ei p\u00f5hjusta punetust ega tundlikkust.<\/li>\n<li>Punane valgus + infrapunane valgus (633nm\u00a0ja 810nm)<br \/>\nStimuleerib kollageeni ja elastiini\u00a0tootmist, v\u00e4hendades m\u00e4rgatavalt ka punetuse, kortsude ja tumedate laikude ilminguid. Toetab naha \u00fchtlasemat ja s\u00e4ravamat v\u00e4ljan\u00e4gemist, ning annab nahale v\u00e4rskema ilme.<\/li>\n<li>Infrapunane valgus (810nm)<br \/>\nToimib s\u00fcgavamates nahakihtides, toetades naha loomulikku taastumist ja \u00fcldist tasakaalu.<\/li>\n<\/ul>\n<p><a href=\"https:\/\/tilk.bio\/wp-content\/uploads\/2026\/01\/Group-75-300x129.jpg\"><img loading=\"lazy\" decoding=\"async\" class=\"alignnone size-medium wp-image-77365\" src=\"https:\/\/tilk.bio\/wp-content\/uploads\/2026\/01\/Group-75-300x129.jpg\" alt=\"\" width=\"300\" height=\"129\" srcset=\"https:\/\/tilk.bio\/wp-content\/uploads\/2026\/01\/Group-75-300x129.jpg 300w, https:\/\/tilk.bio\/wp-content\/uploads\/2026\/01\/Group-75-1024x440.jpg 1024w, https:\/\/tilk.bio\/wp-content\/uploads\/2026\/01\/Group-75-1000x430.jpg 1000w\" sizes=\"auto, (max-width: 300px) 100vw, 300px\" \/><\/a> <a href=\"https:\/\/tilk.bio\/wp-content\/uploads\/2026\/01\/Group-73-300x129.jpg\"><img loading=\"lazy\" decoding=\"async\" class=\"alignnone size-medium wp-image-77366\" src=\"https:\/\/tilk.bio\/wp-content\/uploads\/2026\/01\/Group-73-300x129.jpg\" alt=\"\" width=\"300\" height=\"129\" srcset=\"https:\/\/tilk.bio\/wp-content\/uploads\/2026\/01\/Group-73-300x129.jpg 300w, https:\/\/tilk.bio\/wp-content\/uploads\/2026\/01\/Group-73-1024x440.jpg 1024w, https:\/\/tilk.bio\/wp-content\/uploads\/2026\/01\/Group-73-1000x430.jpg 1000w\" sizes=\"auto, (max-width: 300px) 100vw, 300px\" \/><\/a><\/p>\n","protected":false},"featured_media":77250,"comment_status":"open","ping_status":"closed","template":"","meta":{"_acf_changed":false},"product_brand":[],"product_cat":[687,389,689,511,692,690,688],"product_tag":[],"class_list":{"0":"post-77231","1":"product","2":"type-product","3":"status-publish","4":"has-post-thumbnail","6":"product_cat-akne-ja-rasune-nahk","7":"product_cat-koik-tooted","8":"product_cat-kuiv-nahk","9":"product_cat-naohooldus","10":"product_cat-normaalne-ja-kombineeritud-nahk","11":"product_cat-tundlik-nahk","12":"product_cat-vananemisilmingutega-nahk","14":"first","15":"instock","16":"taxable","17":"shipping-taxable","18":"purchasable","19":"product-type-simple"},"acf":[],"yoast_head":"<!-- This site is optimized with the Yoast SEO plugin v27.4 - https:\/\/yoast.com\/product\/yoast-seo-wordpress\/ -->\n<title>WABA \u2013 valgusteraapia toode n\u00e4ole ja kehale - Tilk!<\/title>\n<meta name=\"robots\" content=\"index, follow, max-snippet:-1, max-image-preview:large, max-video-preview:-1\" \/>\n<link rel=\"canonical\" href=\"https:\/\/tilk.bio\/et\/pood\/waba-valgusteraapia-toode-naole-ja-kehale\/\" \/>\n<meta property=\"og:locale\" content=\"et_EE\" \/>\n<meta property=\"og:type\" content=\"article\" \/>\n<meta property=\"og:title\" content=\"WABA \u2013 valgusteraapia toode n\u00e4ole ja kehale - Tilk!\" \/>\n<meta property=\"og:description\" content=\"Eestlaste arendatud ja toodetud nutikas nahahooldustoode koduseks kasutamiseks.  WABA on k\u00f5rge kvaliteediga valgusteraapia toode, millel on\u00a0kolm erinevat vahetatavat otsikut, et saaksid valida hoolduseks just selle valguse, mida su nahk parasjagu vajab. Seade sobib kasutamiseks nii n\u00e4ol, kaelal kui ka kehal ning on lihtsasti lisatav olemasolevasse nahahooldusrutiini. Kolm valgusotsikut \u2013 kolm erinevat toimet   Sinine valgus (415nm) V\u00e4hendab efektiivselt aknet p\u00f5hjustavaid baktereid ilma kemikaalideta ning ei p\u00f5hjusta punetust ega tundlikkust.  Punane valgus + infrapunane valgus (633nm\u00a0ja 810nm) Stimuleerib kollageeni ja elastiini\u00a0tootmist, v\u00e4hendades m\u00e4rgatavalt ka punetuse, kortsude ja tumedate laikude ilminguid. Toetab naha \u00fchtlasemat ja s\u00e4ravamat v\u00e4ljan\u00e4gemist, ning annab nahale v\u00e4rskema ilme.  Infrapunane valgus (810nm) Toimib s\u00fcgavamates nahakihtides, toetades naha loomulikku taastumist ja \u00fcldist tasakaalu.\" \/>\n<meta property=\"og:url\" content=\"https:\/\/tilk.bio\/et\/pood\/waba-valgusteraapia-toode-naole-ja-kehale\/\" \/>\n<meta property=\"og:site_name\" content=\"Tilk!\" \/>\n<meta property=\"article:publisher\" content=\"https:\/\/www.facebook.com\/tilk.bio\/\" \/>\n<meta property=\"article:modified_time\" content=\"2026-04-11T22:00:09+00:00\" \/>\n<meta property=\"og:image\" content=\"https:\/\/tilk.bio\/wp-content\/uploads\/2026\/01\/350A7100.jpg\" \/>\n\t<meta property=\"og:image:width\" content=\"1080\" \/>\n\t<meta property=\"og:image:height\" content=\"1080\" \/>\n\t<meta property=\"og:image:type\" content=\"image\/jpeg\" \/>\n<meta name=\"twitter:card\" content=\"summary_large_image\" \/>\n<meta name=\"twitter:label1\" content=\"Est. reading time\" \/>\n\t<meta name=\"twitter:data1\" content=\"1 minut\" \/>\n<script type=\"application\/ld+json\" class=\"yoast-schema-graph\">{\"@context\":\"https:\\\/\\\/schema.org\",\"@graph\":[{\"@type\":\"WebPage\",\"@id\":\"https:\\\/\\\/tilk.bio\\\/et\\\/pood\\\/waba-valgusteraapia-toode-naole-ja-kehale\\\/\",\"url\":\"https:\\\/\\\/tilk.bio\\\/et\\\/pood\\\/waba-valgusteraapia-toode-naole-ja-kehale\\\/\",\"name\":\"WABA \u2013 valgusteraapia toode n\u00e4ole ja kehale - Tilk!\",\"isPartOf\":{\"@id\":\"https:\\\/\\\/tilk.bio\\\/et\\\/#website\"},\"primaryImageOfPage\":{\"@id\":\"https:\\\/\\\/tilk.bio\\\/et\\\/pood\\\/waba-valgusteraapia-toode-naole-ja-kehale\\\/#primaryimage\"},\"image\":{\"@id\":\"https:\\\/\\\/tilk.bio\\\/et\\\/pood\\\/waba-valgusteraapia-toode-naole-ja-kehale\\\/#primaryimage\"},\"thumbnailUrl\":\"https:\\\/\\\/tilk.bio\\\/wp-content\\\/uploads\\\/2026\\\/01\\\/350A7100.jpg\",\"datePublished\":\"2026-01-13T17:19:44+00:00\",\"dateModified\":\"2026-04-11T22:00:09+00:00\",\"breadcrumb\":{\"@id\":\"https:\\\/\\\/tilk.bio\\\/et\\\/pood\\\/waba-valgusteraapia-toode-naole-ja-kehale\\\/#breadcrumb\"},\"inLanguage\":\"et\",\"potentialAction\":[{\"@type\":\"ReadAction\",\"target\":[\"https:\\\/\\\/tilk.bio\\\/et\\\/pood\\\/waba-valgusteraapia-toode-naole-ja-kehale\\\/\"]}]},{\"@type\":\"ImageObject\",\"inLanguage\":\"et\",\"@id\":\"https:\\\/\\\/tilk.bio\\\/et\\\/pood\\\/waba-valgusteraapia-toode-naole-ja-kehale\\\/#primaryimage\",\"url\":\"https:\\\/\\\/tilk.bio\\\/wp-content\\\/uploads\\\/2026\\\/01\\\/350A7100.jpg\",\"contentUrl\":\"https:\\\/\\\/tilk.bio\\\/wp-content\\\/uploads\\\/2026\\\/01\\\/350A7100.jpg\",\"width\":1080,\"height\":1080},{\"@type\":\"BreadcrumbList\",\"@id\":\"https:\\\/\\\/tilk.bio\\\/et\\\/pood\\\/waba-valgusteraapia-toode-naole-ja-kehale\\\/#breadcrumb\",\"itemListElement\":[{\"@type\":\"ListItem\",\"position\":1,\"name\":\"Home\",\"item\":\"https:\\\/\\\/tilk.bio\\\/et\\\/\"},{\"@type\":\"ListItem\",\"position\":2,\"name\":\"Pood\",\"item\":\"https:\\\/\\\/tilk.bio\\\/et\\\/pood\\\/\"},{\"@type\":\"ListItem\",\"position\":3,\"name\":\"WABA \u2013 valgusteraapia toode n\u00e4ole ja kehale\"}]},{\"@type\":\"WebSite\",\"@id\":\"https:\\\/\\\/tilk.bio\\\/et\\\/#website\",\"url\":\"https:\\\/\\\/tilk.bio\\\/et\\\/\",\"name\":\"Tilk!\",\"description\":\"Keskkonnas\u00f5bralik ja j\u00e4tkusuutlik looduskosmeetika Saaremaalt.\",\"potentialAction\":[{\"@type\":\"SearchAction\",\"target\":{\"@type\":\"EntryPoint\",\"urlTemplate\":\"https:\\\/\\\/tilk.bio\\\/et\\\/?s={search_term_string}\"},\"query-input\":{\"@type\":\"PropertyValueSpecification\",\"valueRequired\":true,\"valueName\":\"search_term_string\"}}],\"inLanguage\":\"et\"}]}<\/script>\n<!-- \/ Yoast SEO plugin. -->","yoast_head_json":{"title":"WABA \u2013 valgusteraapia toode n\u00e4ole ja kehale - Tilk!","robots":{"index":"index","follow":"follow","max-snippet":"max-snippet:-1","max-image-preview":"max-image-preview:large","max-video-preview":"max-video-preview:-1"},"canonical":"https:\/\/tilk.bio\/et\/pood\/waba-valgusteraapia-toode-naole-ja-kehale\/","og_locale":"et_EE","og_type":"article","og_title":"WABA \u2013 valgusteraapia toode n\u00e4ole ja kehale - Tilk!","og_description":"Eestlaste arendatud ja toodetud nutikas nahahooldustoode koduseks kasutamiseks.  WABA on k\u00f5rge kvaliteediga valgusteraapia toode, millel on\u00a0kolm erinevat vahetatavat otsikut, et saaksid valida hoolduseks just selle valguse, mida su nahk parasjagu vajab. Seade sobib kasutamiseks nii n\u00e4ol, kaelal kui ka kehal ning on lihtsasti lisatav olemasolevasse nahahooldusrutiini. Kolm valgusotsikut \u2013 kolm erinevat toimet   Sinine valgus (415nm) V\u00e4hendab efektiivselt aknet p\u00f5hjustavaid baktereid ilma kemikaalideta ning ei p\u00f5hjusta punetust ega tundlikkust.  Punane valgus + infrapunane valgus (633nm\u00a0ja 810nm) Stimuleerib kollageeni ja elastiini\u00a0tootmist, v\u00e4hendades m\u00e4rgatavalt ka punetuse, kortsude ja tumedate laikude ilminguid. Toetab naha \u00fchtlasemat ja s\u00e4ravamat v\u00e4ljan\u00e4gemist, ning annab nahale v\u00e4rskema ilme.  Infrapunane valgus (810nm) Toimib s\u00fcgavamates nahakihtides, toetades naha loomulikku taastumist ja \u00fcldist tasakaalu.","og_url":"https:\/\/tilk.bio\/et\/pood\/waba-valgusteraapia-toode-naole-ja-kehale\/","og_site_name":"Tilk!","article_publisher":"https:\/\/www.facebook.com\/tilk.bio\/","article_modified_time":"2026-04-11T22:00:09+00:00","og_image":[{"width":1080,"height":1080,"url":"https:\/\/tilk.bio\/wp-content\/uploads\/2026\/01\/350A7100.jpg","type":"image\/jpeg"}],"twitter_card":"summary_large_image","twitter_misc":{"Est. reading time":"1 minut"},"schema":{"@context":"https:\/\/schema.org","@graph":[{"@type":"WebPage","@id":"https:\/\/tilk.bio\/et\/pood\/waba-valgusteraapia-toode-naole-ja-kehale\/","url":"https:\/\/tilk.bio\/et\/pood\/waba-valgusteraapia-toode-naole-ja-kehale\/","name":"WABA \u2013 valgusteraapia toode n\u00e4ole ja kehale - Tilk!","isPartOf":{"@id":"https:\/\/tilk.bio\/et\/#website"},"primaryImageOfPage":{"@id":"https:\/\/tilk.bio\/et\/pood\/waba-valgusteraapia-toode-naole-ja-kehale\/#primaryimage"},"image":{"@id":"https:\/\/tilk.bio\/et\/pood\/waba-valgusteraapia-toode-naole-ja-kehale\/#primaryimage"},"thumbnailUrl":"https:\/\/tilk.bio\/wp-content\/uploads\/2026\/01\/350A7100.jpg","datePublished":"2026-01-13T17:19:44+00:00","dateModified":"2026-04-11T22:00:09+00:00","breadcrumb":{"@id":"https:\/\/tilk.bio\/et\/pood\/waba-valgusteraapia-toode-naole-ja-kehale\/#breadcrumb"},"inLanguage":"et","potentialAction":[{"@type":"ReadAction","target":["https:\/\/tilk.bio\/et\/pood\/waba-valgusteraapia-toode-naole-ja-kehale\/"]}]},{"@type":"ImageObject","inLanguage":"et","@id":"https:\/\/tilk.bio\/et\/pood\/waba-valgusteraapia-toode-naole-ja-kehale\/#primaryimage","url":"https:\/\/tilk.bio\/wp-content\/uploads\/2026\/01\/350A7100.jpg","contentUrl":"https:\/\/tilk.bio\/wp-content\/uploads\/2026\/01\/350A7100.jpg","width":1080,"height":1080},{"@type":"BreadcrumbList","@id":"https:\/\/tilk.bio\/et\/pood\/waba-valgusteraapia-toode-naole-ja-kehale\/#breadcrumb","itemListElement":[{"@type":"ListItem","position":1,"name":"Home","item":"https:\/\/tilk.bio\/et\/"},{"@type":"ListItem","position":2,"name":"Pood","item":"https:\/\/tilk.bio\/et\/pood\/"},{"@type":"ListItem","position":3,"name":"WABA \u2013 valgusteraapia toode n\u00e4ole ja kehale"}]},{"@type":"WebSite","@id":"https:\/\/tilk.bio\/et\/#website","url":"https:\/\/tilk.bio\/et\/","name":"Tilk!","description":"Keskkonnas\u00f5bralik ja j\u00e4tkusuutlik looduskosmeetika Saaremaalt.","potentialAction":[{"@type":"SearchAction","target":{"@type":"EntryPoint","urlTemplate":"https:\/\/tilk.bio\/et\/?s={search_term_string}"},"query-input":{"@type":"PropertyValueSpecification","valueRequired":true,"valueName":"search_term_string"}}],"inLanguage":"et"}]}},"_links":{"self":[{"href":"https:\/\/tilk.bio\/et\/wp-json\/wp\/v2\/product\/77231","targetHints":{"allow":["GET"]}}],"collection":[{"href":"https:\/\/tilk.bio\/et\/wp-json\/wp\/v2\/product"}],"about":[{"href":"https:\/\/tilk.bio\/et\/wp-json\/wp\/v2\/types\/product"}],"replies":[{"embeddable":true,"href":"https:\/\/tilk.bio\/et\/wp-json\/wp\/v2\/comments?post=77231"}],"wp:featuredmedia":[{"embeddable":true,"href":"https:\/\/tilk.bio\/et\/wp-json\/wp\/v2\/media\/77250"}],"wp:attachment":[{"href":"https:\/\/tilk.bio\/et\/wp-json\/wp\/v2\/media?parent=77231"}],"wp:term":[{"taxonomy":"product_brand","embeddable":true,"href":"https:\/\/tilk.bio\/et\/wp-json\/wp\/v2\/product_brand?post=77231"},{"taxonomy":"product_cat","embeddable":true,"href":"https:\/\/tilk.bio\/et\/wp-json\/wp\/v2\/product_cat?post=77231"},{"taxonomy":"product_tag","embeddable":true,"href":"https:\/\/tilk.bio\/et\/wp-json\/wp\/v2\/product_tag?post=77231"}],"curies":[{"name":"wp","href":"https:\/\/api.w.org\/{rel}","templated":true}]}}