{"id":77884,"date":"2026-03-15T22:27:11","date_gmt":"2026-03-15T20:27:11","guid":{"rendered":"https:\/\/tilk.bio\/shop\/pulkdeodorant-hold-me-alumiiniumivaba-patsuli-lavendliga\/"},"modified":"2026-04-10T14:00:11","modified_gmt":"2026-04-10T11:00:11","slug":"pulkdeodorant-hold-me-alumiiniumivaba-patsuli-lavendliga","status":"publish","type":"product","link":"https:\/\/tilk.bio\/et\/pood\/pulkdeodorant-hold-me-alumiiniumivaba-patsuli-lavendliga\/","title":{"rendered":"Pulkdeodorant Hold Me alumiiniumivaba pat\u0161uli &#038; lavendliga"},"content":{"rendered":"<section class=\"l-section wpb_row height_medium\"><div class=\"l-section-h i-cf\"><div class=\"g-cols vc_row via_flex valign_top type_default stacking_default\"><div class=\"vc_col-sm-12 wpb_column vc_column_container\"><div class=\"vc_column-inner\"><div class=\"wpb_wrapper\"><div class=\"wpb_text_column\"><div class=\"wpb_wrapper\"><p>Pulkdeodorant Hold Me on alumiiniumivaba naturaalne<span>\u00a0<\/span><a href=\"https:\/\/tilk.bio\/et\/tootekategooria\/deodorandid\/\">deodorant<\/a>, mis on sobilik liigse higistamise tasakaalustamiseks ning ebameeldiva l\u00f5hna neutraliseerimiseks. T\u00e4iesti looduslikest komponentidest valmistatud deodorant annab v\u00e4rske tunde terveks p\u00e4evaks.<\/p>\n<p>Ebameeldivate l\u00f5hnade neutraliseerimise ning j\u00e4\u00e4kainete eemaldamise jaoks on deodorandis t\u00e4htis koht soodal. See h\u00e4vitab baktereid ja imab niiskust. Nahka niisutavad sheav\u00f5i ja kookos\u00f5li, mis aitavad oma antibakteriaalsete toimeainetega ka h\u00e4vitada kahjulikke mikroobe ja baktereid. Nooljuure jahu \u00f5rn koostis tagab liigse niiskuse imamise. Saialille, kortslehe ja p\u00f5ldosja bioaktiivsed toimeained puhastavad nahka ning m\u00f5juvad p\u00f5letikuvastaselt. Pat\u0161uli eeterlik \u00f5li aitab kehal higistamist tasakaalustada, andes koos lavendliga ka deodorandile selle l\u00f5hna.<\/p>\n<p><b>Kasutamine:<\/b><span>\u00a0<\/span>Kanna v\u00e4ike kogus naturaalset deodoranti kaenla alla ja masseeri \u00f5rnalt naha sisse. Hold Me on looduslik deodorant, mis tagab v\u00e4rske tunde terveks p\u00e4evaks.<\/p>\n<p>Deodorandi koostisosad on looduslikku p\u00e4ritolu. Deodorandi loomisel on kasutatud Saaremaalt k\u00e4sitsi korjatud taimede \u00f5lisid.<\/p>\n<p>Hoiustamine: Soovitame hoida deodoranti kaitstuna otsese p\u00e4ikesevalguse eest ja temperatuuril alla +25 kraadi.<\/p>\n<p>Kogus: 50ml<\/p>\n<\/div><\/div><\/div><\/div><\/div><\/div><\/div><\/section>\n","protected":false},"excerpt":{"rendered":"Pulkdeodorant Hold Me on alumiiniumivaba naturaalne\u00a0deodorant, mis on sobilik liigse higistamise tasakaalustamiseks ning ebameeldiva l\u00f5hna neutraliseerimiseks. T\u00e4iesti looduslikest komponentidest valmistatud deodorant annab v\u00e4rske tunde terveks p\u00e4evaks. Ebameeldivate l\u00f5hnade neutraliseerimise ning j\u00e4\u00e4kainete eemaldamise jaoks on deodorandis t\u00e4htis koht soodal. See h\u00e4vitab baktereid ja imab niiskust. Nahka niisutavad sheav\u00f5i ja kookos\u00f5li, mis aitavad oma antibakteriaalsete toimeainetega ka...","protected":false},"featured_media":76900,"comment_status":"open","ping_status":"closed","template":"","meta":{"_acf_changed":false},"product_brand":[],"product_cat":[607,495,389,912,533,713],"product_tag":[],"class_list":{"0":"post-77884","1":"product","2":"type-product","3":"status-publish","4":"has-post-thumbnail","6":"product_cat-deodorandid","7":"product_cat-kehale","8":"product_cat-koik-tooted","9":"product_cat-sheavoi","10":"product_cat-spaatli-voimalus","11":"product_cat-tilk-herbal-et","13":"first","14":"instock","15":"taxable","16":"shipping-taxable","17":"purchasable","18":"product-type-simple"},"acf":[],"yoast_head":"<!-- This site is optimized with the Yoast SEO plugin v27.3 - https:\/\/yoast.com\/product\/yoast-seo-wordpress\/ -->\n<title>Pulkdeodorant Hold Me alumiiniumivaba pat\u0161uli &amp; lavendliga - Tilk!<\/title>\n<meta name=\"robots\" content=\"index, follow, max-snippet:-1, max-image-preview:large, max-video-preview:-1\" \/>\n<link rel=\"canonical\" href=\"https:\/\/tilk.bio\/pood\/aluminium-free-deodorant\/\" \/>\n<meta property=\"og:locale\" content=\"et_EE\" \/>\n<meta property=\"og:type\" content=\"article\" \/>\n<meta property=\"og:title\" content=\"Pulkdeodorant Hold Me alumiiniumivaba pat\u0161uli &amp; lavendliga - Tilk!\" \/>\n<meta property=\"og:url\" content=\"https:\/\/tilk.bio\/pood\/aluminium-free-deodorant\/\" \/>\n<meta property=\"og:site_name\" content=\"Tilk!\" \/>\n<meta property=\"article:publisher\" content=\"https:\/\/www.facebook.com\/tilk.bio\/\" \/>\n<meta property=\"article:modified_time\" content=\"2026-04-10T11:00:11+00:00\" \/>\n<meta property=\"og:image\" content=\"https:\/\/tilk.bio\/wp-content\/uploads\/2025\/12\/E4R0969-ruut-300x300.jpg\" \/>\n<meta name=\"twitter:card\" content=\"summary_large_image\" \/>\n<meta name=\"twitter:label1\" content=\"Est. reading time\" \/>\n\t<meta name=\"twitter:data1\" content=\"1 minut\" \/>\n<script type=\"application\/ld+json\" class=\"yoast-schema-graph\">{\"@context\":\"https:\\\/\\\/schema.org\",\"@graph\":[{\"@type\":\"WebPage\",\"@id\":\"https:\\\/\\\/tilk.bio\\\/pood\\\/aluminium-free-deodorant\\\/\",\"url\":\"https:\\\/\\\/tilk.bio\\\/pood\\\/aluminium-free-deodorant\\\/\",\"name\":\"Pulkdeodorant Hold Me alumiiniumivaba pat\u0161uli & lavendliga - Tilk!\",\"isPartOf\":{\"@id\":\"https:\\\/\\\/tilk.bio\\\/et\\\/#website\"},\"primaryImageOfPage\":{\"@id\":\"https:\\\/\\\/tilk.bio\\\/pood\\\/aluminium-free-deodorant\\\/#primaryimage\"},\"image\":{\"@id\":\"https:\\\/\\\/tilk.bio\\\/pood\\\/aluminium-free-deodorant\\\/#primaryimage\"},\"thumbnailUrl\":\"https:\\\/\\\/tilk.bio\\\/wp-content\\\/uploads\\\/2025\\\/12\\\/E4R0969-ruut.jpg\",\"datePublished\":\"2026-03-15T20:27:11+00:00\",\"dateModified\":\"2026-04-10T11:00:11+00:00\",\"breadcrumb\":{\"@id\":\"https:\\\/\\\/tilk.bio\\\/pood\\\/aluminium-free-deodorant\\\/#breadcrumb\"},\"inLanguage\":\"et\",\"potentialAction\":[{\"@type\":\"ReadAction\",\"target\":[\"https:\\\/\\\/tilk.bio\\\/pood\\\/aluminium-free-deodorant\\\/\"]}]},{\"@type\":\"ImageObject\",\"inLanguage\":\"et\",\"@id\":\"https:\\\/\\\/tilk.bio\\\/pood\\\/aluminium-free-deodorant\\\/#primaryimage\",\"url\":\"https:\\\/\\\/tilk.bio\\\/wp-content\\\/uploads\\\/2025\\\/12\\\/E4R0969-ruut.jpg\",\"contentUrl\":\"https:\\\/\\\/tilk.bio\\\/wp-content\\\/uploads\\\/2025\\\/12\\\/E4R0969-ruut.jpg\",\"width\":2048,\"height\":2048},{\"@type\":\"BreadcrumbList\",\"@id\":\"https:\\\/\\\/tilk.bio\\\/pood\\\/aluminium-free-deodorant\\\/#breadcrumb\",\"itemListElement\":[{\"@type\":\"ListItem\",\"position\":1,\"name\":\"Home\",\"item\":\"https:\\\/\\\/tilk.bio\\\/et\\\/\"},{\"@type\":\"ListItem\",\"position\":2,\"name\":\"Pood\",\"item\":\"https:\\\/\\\/tilk.bio\\\/et\\\/pood\\\/\"},{\"@type\":\"ListItem\",\"position\":3,\"name\":\"Pulkdeodorant Hold Me alumiiniumivaba pat\u0161uli &#038; lavendliga\"}]},{\"@type\":\"WebSite\",\"@id\":\"https:\\\/\\\/tilk.bio\\\/et\\\/#website\",\"url\":\"https:\\\/\\\/tilk.bio\\\/et\\\/\",\"name\":\"Tilk!\",\"description\":\"Keskkonnas\u00f5bralik ja j\u00e4tkusuutlik looduskosmeetika Saaremaalt.\",\"potentialAction\":[{\"@type\":\"SearchAction\",\"target\":{\"@type\":\"EntryPoint\",\"urlTemplate\":\"https:\\\/\\\/tilk.bio\\\/et\\\/?s={search_term_string}\"},\"query-input\":{\"@type\":\"PropertyValueSpecification\",\"valueRequired\":true,\"valueName\":\"search_term_string\"}}],\"inLanguage\":\"et\"}]}<\/script>\n<!-- \/ Yoast SEO plugin. -->","yoast_head_json":{"title":"Pulkdeodorant Hold Me alumiiniumivaba pat\u0161uli & lavendliga - Tilk!","robots":{"index":"index","follow":"follow","max-snippet":"max-snippet:-1","max-image-preview":"max-image-preview:large","max-video-preview":"max-video-preview:-1"},"canonical":"https:\/\/tilk.bio\/pood\/aluminium-free-deodorant\/","og_locale":"et_EE","og_type":"article","og_title":"Pulkdeodorant Hold Me alumiiniumivaba pat\u0161uli & lavendliga - Tilk!","og_url":"https:\/\/tilk.bio\/pood\/aluminium-free-deodorant\/","og_site_name":"Tilk!","article_publisher":"https:\/\/www.facebook.com\/tilk.bio\/","article_modified_time":"2026-04-10T11:00:11+00:00","og_image":[{"url":"https:\/\/tilk.bio\/wp-content\/uploads\/2025\/12\/E4R0969-ruut-300x300.jpg","type":"","width":"","height":""}],"twitter_card":"summary_large_image","twitter_misc":{"Est. reading time":"1 minut"},"schema":{"@context":"https:\/\/schema.org","@graph":[{"@type":"WebPage","@id":"https:\/\/tilk.bio\/pood\/aluminium-free-deodorant\/","url":"https:\/\/tilk.bio\/pood\/aluminium-free-deodorant\/","name":"Pulkdeodorant Hold Me alumiiniumivaba pat\u0161uli & lavendliga - Tilk!","isPartOf":{"@id":"https:\/\/tilk.bio\/et\/#website"},"primaryImageOfPage":{"@id":"https:\/\/tilk.bio\/pood\/aluminium-free-deodorant\/#primaryimage"},"image":{"@id":"https:\/\/tilk.bio\/pood\/aluminium-free-deodorant\/#primaryimage"},"thumbnailUrl":"https:\/\/tilk.bio\/wp-content\/uploads\/2025\/12\/E4R0969-ruut.jpg","datePublished":"2026-03-15T20:27:11+00:00","dateModified":"2026-04-10T11:00:11+00:00","breadcrumb":{"@id":"https:\/\/tilk.bio\/pood\/aluminium-free-deodorant\/#breadcrumb"},"inLanguage":"et","potentialAction":[{"@type":"ReadAction","target":["https:\/\/tilk.bio\/pood\/aluminium-free-deodorant\/"]}]},{"@type":"ImageObject","inLanguage":"et","@id":"https:\/\/tilk.bio\/pood\/aluminium-free-deodorant\/#primaryimage","url":"https:\/\/tilk.bio\/wp-content\/uploads\/2025\/12\/E4R0969-ruut.jpg","contentUrl":"https:\/\/tilk.bio\/wp-content\/uploads\/2025\/12\/E4R0969-ruut.jpg","width":2048,"height":2048},{"@type":"BreadcrumbList","@id":"https:\/\/tilk.bio\/pood\/aluminium-free-deodorant\/#breadcrumb","itemListElement":[{"@type":"ListItem","position":1,"name":"Home","item":"https:\/\/tilk.bio\/et\/"},{"@type":"ListItem","position":2,"name":"Pood","item":"https:\/\/tilk.bio\/et\/pood\/"},{"@type":"ListItem","position":3,"name":"Pulkdeodorant Hold Me alumiiniumivaba pat\u0161uli &#038; lavendliga"}]},{"@type":"WebSite","@id":"https:\/\/tilk.bio\/et\/#website","url":"https:\/\/tilk.bio\/et\/","name":"Tilk!","description":"Keskkonnas\u00f5bralik ja j\u00e4tkusuutlik looduskosmeetika Saaremaalt.","potentialAction":[{"@type":"SearchAction","target":{"@type":"EntryPoint","urlTemplate":"https:\/\/tilk.bio\/et\/?s={search_term_string}"},"query-input":{"@type":"PropertyValueSpecification","valueRequired":true,"valueName":"search_term_string"}}],"inLanguage":"et"}]}},"_links":{"self":[{"href":"https:\/\/tilk.bio\/et\/wp-json\/wp\/v2\/product\/77884","targetHints":{"allow":["GET"]}}],"collection":[{"href":"https:\/\/tilk.bio\/et\/wp-json\/wp\/v2\/product"}],"about":[{"href":"https:\/\/tilk.bio\/et\/wp-json\/wp\/v2\/types\/product"}],"replies":[{"embeddable":true,"href":"https:\/\/tilk.bio\/et\/wp-json\/wp\/v2\/comments?post=77884"}],"wp:featuredmedia":[{"embeddable":true,"href":"https:\/\/tilk.bio\/et\/wp-json\/wp\/v2\/media\/76900"}],"wp:attachment":[{"href":"https:\/\/tilk.bio\/et\/wp-json\/wp\/v2\/media?parent=77884"}],"wp:term":[{"taxonomy":"product_brand","embeddable":true,"href":"https:\/\/tilk.bio\/et\/wp-json\/wp\/v2\/product_brand?post=77884"},{"taxonomy":"product_cat","embeddable":true,"href":"https:\/\/tilk.bio\/et\/wp-json\/wp\/v2\/product_cat?post=77884"},{"taxonomy":"product_tag","embeddable":true,"href":"https:\/\/tilk.bio\/et\/wp-json\/wp\/v2\/product_tag?post=77884"}],"curies":[{"name":"wp","href":"https:\/\/api.w.org\/{rel}","templated":true}]}}