{"id":78002,"date":"2026-03-30T22:53:31","date_gmt":"2026-03-30T19:53:31","guid":{"rendered":"https:\/\/tilk.bio\/shop\/skin-booster-bio-fermented-seerum-aio-redoili-hualuroonhappe-punavetika-ja-mustsostraseemneoliga\/"},"modified":"2026-04-20T12:40:15","modified_gmt":"2026-04-20T09:40:15","slug":"skin-booster-bio-fermented-seerum-aio-redoil","status":"publish","type":"product","link":"https:\/\/tilk.bio\/et\/pood\/skin-booster-bio-fermented-seerum-aio-redoil\/","title":{"rendered":"Skin Booster Bio-fermented seerum \u00c4IO RedOil\u2019i, h\u00fcaluroonhappe, punavetika ja  musts\u00f5straseemne\u00f5liga"},"content":{"rendered":"<h3><b>Peamised eelised<\/b><\/h3>\n<ul>\n<li style=\"font-weight: 400;\" aria-level=\"1\"><span style=\"font-weight: 400;\">S\u00fcgav ja mitmetasandiline niisutus<\/span><\/li>\n<li style=\"font-weight: 400;\" aria-level=\"1\"><span style=\"font-weight: 400;\">Toetab naha kaitsebarj\u00e4\u00e4ri ja elastsust<\/span><\/li>\n<li style=\"font-weight: 400;\" aria-level=\"1\"><span style=\"font-weight: 400;\">Aitab v\u00e4hendada punetust ja \u00fchtlustada nahatooni<\/span><\/li>\n<li style=\"font-weight: 400;\" aria-level=\"1\"><span style=\"font-weight: 400;\">Pakub antioks\u00fcdantset kaitset keskkonnam\u00f5jude vastu<\/span><\/li>\n<li style=\"font-weight: 400;\" aria-level=\"1\"><span style=\"font-weight: 400;\">Sobib tundlikule, aknele kalduvale ja k\u00fcpsele nahale<\/span><\/li>\n<\/ul>\n<h3><b>Kasutamine<\/b><\/h3>\n<p><span style=\"font-weight: 400;\">Kanna 1\u20132 pumpa seerumit puhtale nahale enne kreemi, nii hommikul kui \u00f5htul.<\/span><span style=\"font-weight: 400;\"><br \/>\n<\/span><b>Nipp:<\/b><span style=\"font-weight: 400;\"> kasuta kergelt niiskel nahal, et suurendada niisutavat toimet.<\/span><\/p>\n<p>Kogus: 50ml<\/p>\n<p data-start=\"0\" data-end=\"143\">\u00c4IO v\u00e4\u00e4rindab p\u00f5llumajanduse ja orgaanilisi k\u00f5rvalsaadusi k\u00f5rge lisandv\u00e4\u00e4rtusega koostisosadeks kosmeetika-, toidu- ja teistele t\u00f6\u00f6stusharudele.<\/p>\n<p data-start=\"145\" data-end=\"422\" data-is-last-node=\"\" data-is-only-node=\"\">Kasutades oma ainulaadset p\u00e4rmip\u00f5hist fermentatsioonitehnoloogiat, toodab \u00c4IO \u00f5lisid, mis sisaldavad funktsionaalseid lipiide, antioks\u00fcdante ja bioaktiivseid \u00fchendeid. See protsess v\u00e4hendab maakasutust kuni 97% ja veetarbimist kuni 90% v\u00f5rreldes tavap\u00e4raste tootmismeetoditega.<\/p>\n","protected":false},"excerpt":{"rendered":"<p><strong>Esmakordselt maailmas! Skin Booster seerum on esimene toode maailmas, mis on valmistatud \u00c4IO RedOil\u2019ist. \u00c4IO RedOil on v\u00e4\u00e4rindatud (upcycled) koostisosa \u2013 see on fermenteeritud \u00f5li, mis on saadud orgaanilisest k\u00f5rvalsaadusest.<\/strong><\/p>\n<p><span style=\"font-weight: 400;\">Siidine ja kiiresti imenduv n\u00e4oseerum, mis \u00fchendab mere ja metsa v\u00e4e. L\u00e4\u00e4nemere punavetikate ja mereliste aktiivainete s\u00fcnergias loodud koostis aitab taastada naha elastsust, pakkudes samal ajal s\u00fcgavniisutust, rahustavat hooldust ja igap\u00e4evast kaitset. Tulemuseks on pehme, tasakaalus ja n\u00e4htavalt tervem nahk.<\/span><\/p>\n<p><span style=\"font-weight: 400;\">Valemi keskmes on <a href=\"https:\/\/aio.bio\/\">\u00c4IO RedOil<\/a> &#8211; innovaatiline koostisosa, mis saadakse metsanduse k\u00f5rvalsaaduste v\u00e4\u00e4rindamisel fermentatsiooni teel. Looduse k\u00f5ige t\u00f5husamatest protsessidest inspireeritud RedOil on \u00f5rn ja mitte\u00e4rritav alternatiiv retinoolile, pakkudes tugevaid nahka uuendavaid omadusi ning toetades naha loomulikku kaitsebarj\u00e4\u00e4ri. Antioks\u00fcdantiderikas koostis aitab v\u00e4hendada punetust ja kaitsta nahka keskkonnam\u00f5jude eest.<\/span><\/p>\n<p><span style=\"font-weight: 400;\">K\u00fclmpressitud <strong>musts\u00f5straseemne\u00f5li <\/strong>t\u00e4iendab koostist v\u00e4\u00e4rtuslike rasvhapetega, sealhulgas gamma-linoleenhappega, aidates leevendada p\u00f5letikku, toetada naha uuenemist ja tugevdada naha loomulikku kaitsebarj\u00e4\u00e4ri. Sobib suurep\u00e4raselt nii tundlikule kui ka aknele kalduvale nahale.<\/span><\/p>\n<p><span style=\"font-weight: 400;\">Madala molekulmassiga <strong>h\u00fcaluroonhape<\/strong> tagab mitmetasandilise niisutuse, j\u00e4ttes naha pringiks, siledaks ja s\u00fcgavniisutatuks. Looduslike <strong>niisutavate faktorite (NMF) kompleks<\/strong> \u2013 sh naatrium PCA, uurea ja aminohapped \u2013 aitab hoida naha niiskustaset ja tasakaalu pikema aja jooksul.<\/span><\/p>\n<p><span style=\"font-weight: 400;\"><strong>Niatsiinamiid (vitamiin B3)<\/strong> t\u00e4iustab koostist, aidates \u00fchtlustada nahatooni, v\u00e4hendada punetust ning muuta jume kirkamaks ja \u00fchtlasemaks.<\/span><\/p>\n","protected":false},"featured_media":78011,"comment_status":"open","ping_status":"closed","template":"","meta":{"_acf_changed":false},"product_brand":[],"product_cat":[977,389,891],"product_tag":[],"class_list":{"0":"post-78002","1":"product","2":"type-product","3":"status-publish","4":"has-post-thumbnail","6":"product_cat-naoseerumid","7":"product_cat-koik-tooted","8":"product_cat-tilk-biotic-et","10":"first","11":"instock","12":"taxable","13":"shipping-taxable","14":"purchasable","15":"product-type-simple"},"acf":[],"yoast_head":"<!-- This site is optimized with the Yoast SEO plugin v27.4 - https:\/\/yoast.com\/product\/yoast-seo-wordpress\/ -->\n<title>Skin Booster Bio-fermented seerum \u00c4IO RedOil\u2019i, h\u00fcaluroonhappe, punavetika ja musts\u00f5straseemne\u00f5liga - Tilk!<\/title>\n<meta name=\"robots\" content=\"index, follow, max-snippet:-1, max-image-preview:large, max-video-preview:-1\" \/>\n<link rel=\"canonical\" href=\"https:\/\/tilk.bio\/et\/pood\/skin-booster-bio-fermented-seerum-aio-redoil\/\" \/>\n<meta property=\"og:locale\" content=\"et_EE\" \/>\n<meta property=\"og:type\" content=\"article\" \/>\n<meta property=\"og:title\" content=\"Skin Booster Bio-fermented seerum \u00c4IO RedOil\u2019i, h\u00fcaluroonhappe, punavetika ja musts\u00f5straseemne\u00f5liga - Tilk!\" \/>\n<meta property=\"og:description\" content=\"Esmakordselt maailmas! Skin Booster seerum on esimene toode maailmas, mis on valmistatud \u00c4IO RedOil\u2019ist. \u00c4IO RedOil on v\u00e4\u00e4rindatud (upcycled) koostisosa \u2013 see on fermenteeritud \u00f5li, mis on saadud orgaanilisest k\u00f5rvalsaadusest.  Siidine ja kiiresti imenduv n\u00e4oseerum, mis \u00fchendab mere ja metsa v\u00e4e. L\u00e4\u00e4nemere punavetikate ja mereliste aktiivainete s\u00fcnergias loodud koostis aitab taastada naha elastsust, pakkudes samal ajal s\u00fcgavniisutust, rahustavat hooldust ja igap\u00e4evast kaitset. Tulemuseks on pehme, tasakaalus ja n\u00e4htavalt tervem nahk.  Valemi keskmes on \u00c4IO RedOil - innovaatiline koostisosa, mis saadakse metsanduse k\u00f5rvalsaaduste v\u00e4\u00e4rindamisel fermentatsiooni teel. Looduse k\u00f5ige t\u00f5husamatest protsessidest inspireeritud RedOil on \u00f5rn ja mitte\u00e4rritav alternatiiv retinoolile, pakkudes tugevaid nahka uuendavaid omadusi ning toetades naha loomulikku kaitsebarj\u00e4\u00e4ri. Antioks\u00fcdantiderikas koostis aitab v\u00e4hendada punetust ja kaitsta nahka keskkonnam\u00f5jude eest.  K\u00fclmpressitud musts\u00f5straseemne\u00f5li t\u00e4iendab koostist v\u00e4\u00e4rtuslike rasvhapetega, sealhulgas gamma-linoleenhappega, aidates leevendada p\u00f5letikku, toetada naha uuenemist ja tugevdada naha loomulikku kaitsebarj\u00e4\u00e4ri. Sobib suurep\u00e4raselt nii tundlikule kui ka aknele kalduvale nahale.  Madala molekulmassiga h\u00fcaluroonhape tagab mitmetasandilise niisutuse, j\u00e4ttes naha pringiks, siledaks ja s\u00fcgavniisutatuks. Looduslike niisutavate faktorite (NMF) kompleks \u2013 sh naatrium PCA, uurea ja aminohapped \u2013 aitab hoida naha niiskustaset ja tasakaalu pikema aja jooksul.  Niatsiinamiid (vitamiin B3) t\u00e4iustab koostist, aidates \u00fchtlustada nahatooni, v\u00e4hendada punetust ning muuta jume kirkamaks ja \u00fchtlasemaks.\" \/>\n<meta property=\"og:url\" content=\"https:\/\/tilk.bio\/et\/pood\/skin-booster-bio-fermented-seerum-aio-redoil\/\" \/>\n<meta property=\"og:site_name\" content=\"Tilk!\" \/>\n<meta property=\"article:publisher\" content=\"https:\/\/www.facebook.com\/tilk.bio\/\" \/>\n<meta property=\"article:modified_time\" content=\"2026-04-20T09:40:15+00:00\" \/>\n<meta property=\"og:image\" content=\"https:\/\/tilk.bio\/wp-content\/uploads\/2026\/03\/E4R5121-ruut.jpg\" \/>\n\t<meta property=\"og:image:width\" content=\"2048\" \/>\n\t<meta property=\"og:image:height\" content=\"2048\" \/>\n\t<meta property=\"og:image:type\" content=\"image\/jpeg\" \/>\n<meta name=\"twitter:card\" content=\"summary_large_image\" \/>\n<meta name=\"twitter:label1\" content=\"Est. reading time\" \/>\n\t<meta name=\"twitter:data1\" content=\"1 minut\" \/>\n<script type=\"application\/ld+json\" class=\"yoast-schema-graph\">{\"@context\":\"https:\\\/\\\/schema.org\",\"@graph\":[{\"@type\":\"WebPage\",\"@id\":\"https:\\\/\\\/tilk.bio\\\/et\\\/pood\\\/skin-booster-bio-fermented-seerum-aio-redoil\\\/\",\"url\":\"https:\\\/\\\/tilk.bio\\\/et\\\/pood\\\/skin-booster-bio-fermented-seerum-aio-redoil\\\/\",\"name\":\"Skin Booster Bio-fermented seerum \u00c4IO RedOil\u2019i, h\u00fcaluroonhappe, punavetika ja musts\u00f5straseemne\u00f5liga - Tilk!\",\"isPartOf\":{\"@id\":\"https:\\\/\\\/tilk.bio\\\/et\\\/#website\"},\"primaryImageOfPage\":{\"@id\":\"https:\\\/\\\/tilk.bio\\\/et\\\/pood\\\/skin-booster-bio-fermented-seerum-aio-redoil\\\/#primaryimage\"},\"image\":{\"@id\":\"https:\\\/\\\/tilk.bio\\\/et\\\/pood\\\/skin-booster-bio-fermented-seerum-aio-redoil\\\/#primaryimage\"},\"thumbnailUrl\":\"https:\\\/\\\/tilk.bio\\\/wp-content\\\/uploads\\\/2026\\\/03\\\/E4R5121-ruut.jpg\",\"datePublished\":\"2026-03-30T19:53:31+00:00\",\"dateModified\":\"2026-04-20T09:40:15+00:00\",\"breadcrumb\":{\"@id\":\"https:\\\/\\\/tilk.bio\\\/et\\\/pood\\\/skin-booster-bio-fermented-seerum-aio-redoil\\\/#breadcrumb\"},\"inLanguage\":\"et\",\"potentialAction\":[{\"@type\":\"ReadAction\",\"target\":[\"https:\\\/\\\/tilk.bio\\\/et\\\/pood\\\/skin-booster-bio-fermented-seerum-aio-redoil\\\/\"]}]},{\"@type\":\"ImageObject\",\"inLanguage\":\"et\",\"@id\":\"https:\\\/\\\/tilk.bio\\\/et\\\/pood\\\/skin-booster-bio-fermented-seerum-aio-redoil\\\/#primaryimage\",\"url\":\"https:\\\/\\\/tilk.bio\\\/wp-content\\\/uploads\\\/2026\\\/03\\\/E4R5121-ruut.jpg\",\"contentUrl\":\"https:\\\/\\\/tilk.bio\\\/wp-content\\\/uploads\\\/2026\\\/03\\\/E4R5121-ruut.jpg\",\"width\":2048,\"height\":2048},{\"@type\":\"BreadcrumbList\",\"@id\":\"https:\\\/\\\/tilk.bio\\\/et\\\/pood\\\/skin-booster-bio-fermented-seerum-aio-redoil\\\/#breadcrumb\",\"itemListElement\":[{\"@type\":\"ListItem\",\"position\":1,\"name\":\"Home\",\"item\":\"https:\\\/\\\/tilk.bio\\\/et\\\/\"},{\"@type\":\"ListItem\",\"position\":2,\"name\":\"Pood\",\"item\":\"https:\\\/\\\/tilk.bio\\\/et\\\/pood\\\/\"},{\"@type\":\"ListItem\",\"position\":3,\"name\":\"Skin Booster Bio-fermented seerum \u00c4IO RedOil\u2019i, h\u00fcaluroonhappe, punavetika ja musts\u00f5straseemne\u00f5liga\"}]},{\"@type\":\"WebSite\",\"@id\":\"https:\\\/\\\/tilk.bio\\\/et\\\/#website\",\"url\":\"https:\\\/\\\/tilk.bio\\\/et\\\/\",\"name\":\"Tilk!\",\"description\":\"Keskkonnas\u00f5bralik ja j\u00e4tkusuutlik looduskosmeetika Saaremaalt.\",\"potentialAction\":[{\"@type\":\"SearchAction\",\"target\":{\"@type\":\"EntryPoint\",\"urlTemplate\":\"https:\\\/\\\/tilk.bio\\\/et\\\/?s={search_term_string}\"},\"query-input\":{\"@type\":\"PropertyValueSpecification\",\"valueRequired\":true,\"valueName\":\"search_term_string\"}}],\"inLanguage\":\"et\"}]}<\/script>\n<!-- \/ Yoast SEO plugin. -->","yoast_head_json":{"title":"Skin Booster Bio-fermented seerum \u00c4IO RedOil\u2019i, h\u00fcaluroonhappe, punavetika ja musts\u00f5straseemne\u00f5liga - Tilk!","robots":{"index":"index","follow":"follow","max-snippet":"max-snippet:-1","max-image-preview":"max-image-preview:large","max-video-preview":"max-video-preview:-1"},"canonical":"https:\/\/tilk.bio\/et\/pood\/skin-booster-bio-fermented-seerum-aio-redoil\/","og_locale":"et_EE","og_type":"article","og_title":"Skin Booster Bio-fermented seerum \u00c4IO RedOil\u2019i, h\u00fcaluroonhappe, punavetika ja musts\u00f5straseemne\u00f5liga - Tilk!","og_description":"Esmakordselt maailmas! Skin Booster seerum on esimene toode maailmas, mis on valmistatud \u00c4IO RedOil\u2019ist. \u00c4IO RedOil on v\u00e4\u00e4rindatud (upcycled) koostisosa \u2013 see on fermenteeritud \u00f5li, mis on saadud orgaanilisest k\u00f5rvalsaadusest.  Siidine ja kiiresti imenduv n\u00e4oseerum, mis \u00fchendab mere ja metsa v\u00e4e. L\u00e4\u00e4nemere punavetikate ja mereliste aktiivainete s\u00fcnergias loodud koostis aitab taastada naha elastsust, pakkudes samal ajal s\u00fcgavniisutust, rahustavat hooldust ja igap\u00e4evast kaitset. Tulemuseks on pehme, tasakaalus ja n\u00e4htavalt tervem nahk.  Valemi keskmes on \u00c4IO RedOil - innovaatiline koostisosa, mis saadakse metsanduse k\u00f5rvalsaaduste v\u00e4\u00e4rindamisel fermentatsiooni teel. Looduse k\u00f5ige t\u00f5husamatest protsessidest inspireeritud RedOil on \u00f5rn ja mitte\u00e4rritav alternatiiv retinoolile, pakkudes tugevaid nahka uuendavaid omadusi ning toetades naha loomulikku kaitsebarj\u00e4\u00e4ri. Antioks\u00fcdantiderikas koostis aitab v\u00e4hendada punetust ja kaitsta nahka keskkonnam\u00f5jude eest.  K\u00fclmpressitud musts\u00f5straseemne\u00f5li t\u00e4iendab koostist v\u00e4\u00e4rtuslike rasvhapetega, sealhulgas gamma-linoleenhappega, aidates leevendada p\u00f5letikku, toetada naha uuenemist ja tugevdada naha loomulikku kaitsebarj\u00e4\u00e4ri. Sobib suurep\u00e4raselt nii tundlikule kui ka aknele kalduvale nahale.  Madala molekulmassiga h\u00fcaluroonhape tagab mitmetasandilise niisutuse, j\u00e4ttes naha pringiks, siledaks ja s\u00fcgavniisutatuks. Looduslike niisutavate faktorite (NMF) kompleks \u2013 sh naatrium PCA, uurea ja aminohapped \u2013 aitab hoida naha niiskustaset ja tasakaalu pikema aja jooksul.  Niatsiinamiid (vitamiin B3) t\u00e4iustab koostist, aidates \u00fchtlustada nahatooni, v\u00e4hendada punetust ning muuta jume kirkamaks ja \u00fchtlasemaks.","og_url":"https:\/\/tilk.bio\/et\/pood\/skin-booster-bio-fermented-seerum-aio-redoil\/","og_site_name":"Tilk!","article_publisher":"https:\/\/www.facebook.com\/tilk.bio\/","article_modified_time":"2026-04-20T09:40:15+00:00","og_image":[{"width":2048,"height":2048,"url":"https:\/\/tilk.bio\/wp-content\/uploads\/2026\/03\/E4R5121-ruut.jpg","type":"image\/jpeg"}],"twitter_card":"summary_large_image","twitter_misc":{"Est. reading time":"1 minut"},"schema":{"@context":"https:\/\/schema.org","@graph":[{"@type":"WebPage","@id":"https:\/\/tilk.bio\/et\/pood\/skin-booster-bio-fermented-seerum-aio-redoil\/","url":"https:\/\/tilk.bio\/et\/pood\/skin-booster-bio-fermented-seerum-aio-redoil\/","name":"Skin Booster Bio-fermented seerum \u00c4IO RedOil\u2019i, h\u00fcaluroonhappe, punavetika ja musts\u00f5straseemne\u00f5liga - Tilk!","isPartOf":{"@id":"https:\/\/tilk.bio\/et\/#website"},"primaryImageOfPage":{"@id":"https:\/\/tilk.bio\/et\/pood\/skin-booster-bio-fermented-seerum-aio-redoil\/#primaryimage"},"image":{"@id":"https:\/\/tilk.bio\/et\/pood\/skin-booster-bio-fermented-seerum-aio-redoil\/#primaryimage"},"thumbnailUrl":"https:\/\/tilk.bio\/wp-content\/uploads\/2026\/03\/E4R5121-ruut.jpg","datePublished":"2026-03-30T19:53:31+00:00","dateModified":"2026-04-20T09:40:15+00:00","breadcrumb":{"@id":"https:\/\/tilk.bio\/et\/pood\/skin-booster-bio-fermented-seerum-aio-redoil\/#breadcrumb"},"inLanguage":"et","potentialAction":[{"@type":"ReadAction","target":["https:\/\/tilk.bio\/et\/pood\/skin-booster-bio-fermented-seerum-aio-redoil\/"]}]},{"@type":"ImageObject","inLanguage":"et","@id":"https:\/\/tilk.bio\/et\/pood\/skin-booster-bio-fermented-seerum-aio-redoil\/#primaryimage","url":"https:\/\/tilk.bio\/wp-content\/uploads\/2026\/03\/E4R5121-ruut.jpg","contentUrl":"https:\/\/tilk.bio\/wp-content\/uploads\/2026\/03\/E4R5121-ruut.jpg","width":2048,"height":2048},{"@type":"BreadcrumbList","@id":"https:\/\/tilk.bio\/et\/pood\/skin-booster-bio-fermented-seerum-aio-redoil\/#breadcrumb","itemListElement":[{"@type":"ListItem","position":1,"name":"Home","item":"https:\/\/tilk.bio\/et\/"},{"@type":"ListItem","position":2,"name":"Pood","item":"https:\/\/tilk.bio\/et\/pood\/"},{"@type":"ListItem","position":3,"name":"Skin Booster Bio-fermented seerum \u00c4IO RedOil\u2019i, h\u00fcaluroonhappe, punavetika ja musts\u00f5straseemne\u00f5liga"}]},{"@type":"WebSite","@id":"https:\/\/tilk.bio\/et\/#website","url":"https:\/\/tilk.bio\/et\/","name":"Tilk!","description":"Keskkonnas\u00f5bralik ja j\u00e4tkusuutlik looduskosmeetika Saaremaalt.","potentialAction":[{"@type":"SearchAction","target":{"@type":"EntryPoint","urlTemplate":"https:\/\/tilk.bio\/et\/?s={search_term_string}"},"query-input":{"@type":"PropertyValueSpecification","valueRequired":true,"valueName":"search_term_string"}}],"inLanguage":"et"}]}},"_links":{"self":[{"href":"https:\/\/tilk.bio\/et\/wp-json\/wp\/v2\/product\/78002","targetHints":{"allow":["GET"]}}],"collection":[{"href":"https:\/\/tilk.bio\/et\/wp-json\/wp\/v2\/product"}],"about":[{"href":"https:\/\/tilk.bio\/et\/wp-json\/wp\/v2\/types\/product"}],"replies":[{"embeddable":true,"href":"https:\/\/tilk.bio\/et\/wp-json\/wp\/v2\/comments?post=78002"}],"wp:featuredmedia":[{"embeddable":true,"href":"https:\/\/tilk.bio\/et\/wp-json\/wp\/v2\/media\/78011"}],"wp:attachment":[{"href":"https:\/\/tilk.bio\/et\/wp-json\/wp\/v2\/media?parent=78002"}],"wp:term":[{"taxonomy":"product_brand","embeddable":true,"href":"https:\/\/tilk.bio\/et\/wp-json\/wp\/v2\/product_brand?post=78002"},{"taxonomy":"product_cat","embeddable":true,"href":"https:\/\/tilk.bio\/et\/wp-json\/wp\/v2\/product_cat?post=78002"},{"taxonomy":"product_tag","embeddable":true,"href":"https:\/\/tilk.bio\/et\/wp-json\/wp\/v2\/product_tag?post=78002"}],"curies":[{"name":"wp","href":"https:\/\/api.w.org\/{rel}","templated":true}]}}