{"id":78014,"date":"2026-04-05T23:24:32","date_gmt":"2026-04-05T20:24:32","guid":{"rendered":"https:\/\/tilk.bio\/shop\/naha-kaitsebarjaari-tugevdav-naoessents-ektoiini-musta-kuuslaugu-ja-vaniljega\/"},"modified":"2026-04-05T23:28:07","modified_gmt":"2026-04-05T20:28:07","slug":"naha-kaitsebarjaari-tugevdav-naoessents-ektoiini-musta-kuuslaugu-ja-vaniljega","status":"publish","type":"product","link":"https:\/\/tilk.bio\/et\/pood\/naha-kaitsebarjaari-tugevdav-naoessents-ektoiini-musta-kuuslaugu-ja-vaniljega\/","title":{"rendered":"Naha kaitsebarj\u00e4\u00e4ri tugevdav n\u00e4oessents  ektoiini, musta k\u00fc\u00fcslaugu ja vaniljega"},"content":{"rendered":"","protected":false},"excerpt":{"rendered":"<p><span style=\"font-weight: 400;\">Siidise tekstuuriga n\u00e4oessents \u00fchendab vanilje pehmuse ja musta k\u00fc\u00fcslaugu j\u00f5u, pakkudes nahale s\u00fcgavat niisutust, rahustust ja tugevat kaitset. See aitab v\u00e4hendada punetust, toetab naha uuenemist ning muudab naha vastupidavamaks igap\u00e4evastele keskkonnam\u00f5judele. Regulaarne kasutamine aitab s\u00e4ilitada naha elastsust ja l\u00fckata edasi esimesi vananemisilminguid.<\/span><\/p>\n<p><span style=\"font-weight: 400;\">Essentsi v\u00f5tmekomponendiks on ektoiin (Ectoin) \u2013 looduslik molekul, mis aitab nahal kohaneda saaste, temperatuurik\u00f5ikumiste ja muude stressiteguritega. See niisutab s\u00fcgavuti, silub nahka ning tugevdab naha loomulikku kaitsebarj\u00e4\u00e4ri, aidates ennetada enneaegset vananemist.<\/span><\/p>\n<p><span style=\"font-weight: 400;\">V\u00e4ikese molekulmassiga h\u00fcaluroonhape tagab mitmetasandilise niisutuse, aidates hoida naha pringi, sileda ja t\u00e4idlasena. Essents sisaldab naha loomulikke niiskustasakaalu toetavaid aineid \u2013 sealhulgas Sodium PCA-d, uureat ja aminohappeid \u2013, mis aitavad hoida naha pehme ja tasakaalus.<\/span><\/p>\n<p><span style=\"font-weight: 400;\">Musta k\u00fc\u00fcslaugu ekstrakt, mis on tuntud oma Korea p\u00e4ritolu fermentatsiooniprotsessi poolest, on rikas antioks\u00fcdantide poolest. See aitab kaitsta nahka vabade radikaalide eest, toetab selle eluj\u00f5udu ja aitab s\u00e4ilitada nooruslikku v\u00e4limust.<\/span><\/p>\n<p><span style=\"font-weight: 400;\">Niatsiinamiid (B3-vitamiin) t\u00e4iendab koostist, aidates \u00fchtlustada nahatooni, v\u00e4hendades punetust ja muutes naha visuaalselt siledamaks ja kirkamaks.<\/span><\/p>\n<p><span style=\"font-weight: 400;\">Tootele annavad m\u00f5nusa aroomi viiruki, bergamoti, vanilje ja lavendli eeterlikud \u00f5lid.<\/span><\/p>\n<p><b>Kasutamine<\/b><\/p>\n<p><span style=\"font-weight: 400;\">Kanna essents puhtale nahale enne kreemi, nii hommikul kui \u00f5htul. Pane paar pumpa seerumit peopesale ja patsuta \u00f5rnalt n\u00e4ole ning kaelale kuni imendumiseni.<\/span><\/p>\n<p><b>Nipp:<\/b><span style=\"font-weight: 400;\"> kasuta kergelt niiskel nahal, et suurendada niisutavat toimet.<\/span><\/p>\n<p>Kogus: 50ml<\/p>\n","protected":false},"featured_media":78009,"comment_status":"open","ping_status":"closed","template":"","meta":{"_acf_changed":false},"product_brand":[],"product_cat":[977,389],"product_tag":[],"class_list":{"0":"post-78014","1":"product","2":"type-product","3":"status-publish","4":"has-post-thumbnail","6":"product_cat-naoseerumid","7":"product_cat-koik-tooted","9":"first","10":"instock","11":"taxable","12":"shipping-taxable","13":"purchasable","14":"product-type-simple"},"acf":[],"yoast_head":"<!-- This site is optimized with the Yoast SEO plugin v27.5 - https:\/\/yoast.com\/product\/yoast-seo-wordpress\/ -->\n<title>Naha kaitsebarj\u00e4\u00e4ri tugevdav n\u00e4oessents ektoiini, musta k\u00fc\u00fcslaugu ja vaniljega - Tilk!<\/title>\n<meta name=\"robots\" content=\"index, follow, max-snippet:-1, max-image-preview:large, max-video-preview:-1\" \/>\n<link rel=\"canonical\" href=\"https:\/\/tilk.bio\/et\/pood\/naha-kaitsebarjaari-tugevdav-naoessents-ektoiini-musta-kuuslaugu-ja-vaniljega\/\" \/>\n<meta property=\"og:locale\" content=\"et_EE\" \/>\n<meta property=\"og:type\" content=\"article\" \/>\n<meta property=\"og:title\" content=\"Naha kaitsebarj\u00e4\u00e4ri tugevdav n\u00e4oessents ektoiini, musta k\u00fc\u00fcslaugu ja vaniljega - Tilk!\" \/>\n<meta property=\"og:description\" content=\"Siidise tekstuuriga n\u00e4oessents \u00fchendab vanilje pehmuse ja musta k\u00fc\u00fcslaugu j\u00f5u, pakkudes nahale s\u00fcgavat niisutust, rahustust ja tugevat kaitset. See aitab v\u00e4hendada punetust, toetab naha uuenemist ning muudab naha vastupidavamaks igap\u00e4evastele keskkonnam\u00f5judele. Regulaarne kasutamine aitab s\u00e4ilitada naha elastsust ja l\u00fckata edasi esimesi vananemisilminguid.  Essentsi v\u00f5tmekomponendiks on ektoiin (Ectoin) \u2013 looduslik molekul, mis aitab nahal kohaneda saaste, temperatuurik\u00f5ikumiste ja muude stressiteguritega. See niisutab s\u00fcgavuti, silub nahka ning tugevdab naha loomulikku kaitsebarj\u00e4\u00e4ri, aidates ennetada enneaegset vananemist.  V\u00e4ikese molekulmassiga h\u00fcaluroonhape tagab mitmetasandilise niisutuse, aidates hoida naha pringi, sileda ja t\u00e4idlasena. Essents sisaldab naha loomulikke niiskustasakaalu toetavaid aineid \u2013 sealhulgas Sodium PCA-d, uureat ja aminohappeid \u2013, mis aitavad hoida naha pehme ja tasakaalus.  Musta k\u00fc\u00fcslaugu ekstrakt, mis on tuntud oma Korea p\u00e4ritolu fermentatsiooniprotsessi poolest, on rikas antioks\u00fcdantide poolest. See aitab kaitsta nahka vabade radikaalide eest, toetab selle eluj\u00f5udu ja aitab s\u00e4ilitada nooruslikku v\u00e4limust.  Niatsiinamiid (B3-vitamiin) t\u00e4iendab koostist, aidates \u00fchtlustada nahatooni, v\u00e4hendades punetust ja muutes naha visuaalselt siledamaks ja kirkamaks.  Tootele annavad m\u00f5nusa aroomi viiruki, bergamoti, vanilje ja lavendli eeterlikud \u00f5lid.  Kasutamine  Kanna essents puhtale nahale enne kreemi, nii hommikul kui \u00f5htul. Pane paar pumpa seerumit peopesale ja patsuta \u00f5rnalt n\u00e4ole ning kaelale kuni imendumiseni.  Nipp: kasuta kergelt niiskel nahal, et suurendada niisutavat toimet.  Kogus: 50ml\" \/>\n<meta property=\"og:url\" content=\"https:\/\/tilk.bio\/et\/pood\/naha-kaitsebarjaari-tugevdav-naoessents-ektoiini-musta-kuuslaugu-ja-vaniljega\/\" \/>\n<meta property=\"og:site_name\" content=\"Tilk!\" \/>\n<meta property=\"article:publisher\" content=\"https:\/\/www.facebook.com\/tilk.bio\/\" \/>\n<meta property=\"article:modified_time\" content=\"2026-04-05T20:28:07+00:00\" \/>\n<meta property=\"og:image\" content=\"https:\/\/tilk.bio\/wp-content\/uploads\/2026\/03\/E4R5131-ruut.jpg\" \/>\n\t<meta property=\"og:image:width\" content=\"2048\" \/>\n\t<meta property=\"og:image:height\" content=\"2048\" \/>\n\t<meta property=\"og:image:type\" content=\"image\/jpeg\" \/>\n<meta name=\"twitter:card\" content=\"summary_large_image\" \/>\n<script type=\"application\/ld+json\" class=\"yoast-schema-graph\">{\"@context\":\"https:\\\/\\\/schema.org\",\"@graph\":[{\"@type\":\"WebPage\",\"@id\":\"https:\\\/\\\/tilk.bio\\\/et\\\/pood\\\/naha-kaitsebarjaari-tugevdav-naoessents-ektoiini-musta-kuuslaugu-ja-vaniljega\\\/\",\"url\":\"https:\\\/\\\/tilk.bio\\\/et\\\/pood\\\/naha-kaitsebarjaari-tugevdav-naoessents-ektoiini-musta-kuuslaugu-ja-vaniljega\\\/\",\"name\":\"Naha kaitsebarj\u00e4\u00e4ri tugevdav n\u00e4oessents ektoiini, musta k\u00fc\u00fcslaugu ja vaniljega - Tilk!\",\"isPartOf\":{\"@id\":\"https:\\\/\\\/tilk.bio\\\/et\\\/#website\"},\"primaryImageOfPage\":{\"@id\":\"https:\\\/\\\/tilk.bio\\\/et\\\/pood\\\/naha-kaitsebarjaari-tugevdav-naoessents-ektoiini-musta-kuuslaugu-ja-vaniljega\\\/#primaryimage\"},\"image\":{\"@id\":\"https:\\\/\\\/tilk.bio\\\/et\\\/pood\\\/naha-kaitsebarjaari-tugevdav-naoessents-ektoiini-musta-kuuslaugu-ja-vaniljega\\\/#primaryimage\"},\"thumbnailUrl\":\"https:\\\/\\\/tilk.bio\\\/wp-content\\\/uploads\\\/2026\\\/03\\\/E4R5131-ruut.jpg\",\"datePublished\":\"2026-04-05T20:24:32+00:00\",\"dateModified\":\"2026-04-05T20:28:07+00:00\",\"breadcrumb\":{\"@id\":\"https:\\\/\\\/tilk.bio\\\/et\\\/pood\\\/naha-kaitsebarjaari-tugevdav-naoessents-ektoiini-musta-kuuslaugu-ja-vaniljega\\\/#breadcrumb\"},\"inLanguage\":\"et\",\"potentialAction\":[{\"@type\":\"ReadAction\",\"target\":[\"https:\\\/\\\/tilk.bio\\\/et\\\/pood\\\/naha-kaitsebarjaari-tugevdav-naoessents-ektoiini-musta-kuuslaugu-ja-vaniljega\\\/\"]}]},{\"@type\":\"ImageObject\",\"inLanguage\":\"et\",\"@id\":\"https:\\\/\\\/tilk.bio\\\/et\\\/pood\\\/naha-kaitsebarjaari-tugevdav-naoessents-ektoiini-musta-kuuslaugu-ja-vaniljega\\\/#primaryimage\",\"url\":\"https:\\\/\\\/tilk.bio\\\/wp-content\\\/uploads\\\/2026\\\/03\\\/E4R5131-ruut.jpg\",\"contentUrl\":\"https:\\\/\\\/tilk.bio\\\/wp-content\\\/uploads\\\/2026\\\/03\\\/E4R5131-ruut.jpg\",\"width\":2048,\"height\":2048},{\"@type\":\"BreadcrumbList\",\"@id\":\"https:\\\/\\\/tilk.bio\\\/et\\\/pood\\\/naha-kaitsebarjaari-tugevdav-naoessents-ektoiini-musta-kuuslaugu-ja-vaniljega\\\/#breadcrumb\",\"itemListElement\":[{\"@type\":\"ListItem\",\"position\":1,\"name\":\"Home\",\"item\":\"https:\\\/\\\/tilk.bio\\\/et\\\/\"},{\"@type\":\"ListItem\",\"position\":2,\"name\":\"Pood\",\"item\":\"https:\\\/\\\/tilk.bio\\\/et\\\/pood\\\/\"},{\"@type\":\"ListItem\",\"position\":3,\"name\":\"Naha kaitsebarj\u00e4\u00e4ri tugevdav n\u00e4oessents ektoiini, musta k\u00fc\u00fcslaugu ja vaniljega\"}]},{\"@type\":\"WebSite\",\"@id\":\"https:\\\/\\\/tilk.bio\\\/et\\\/#website\",\"url\":\"https:\\\/\\\/tilk.bio\\\/et\\\/\",\"name\":\"Tilk!\",\"description\":\"Keskkonnas\u00f5bralik ja j\u00e4tkusuutlik looduskosmeetika Saaremaalt.\",\"potentialAction\":[{\"@type\":\"SearchAction\",\"target\":{\"@type\":\"EntryPoint\",\"urlTemplate\":\"https:\\\/\\\/tilk.bio\\\/et\\\/?s={search_term_string}\"},\"query-input\":{\"@type\":\"PropertyValueSpecification\",\"valueRequired\":true,\"valueName\":\"search_term_string\"}}],\"inLanguage\":\"et\"}]}<\/script>\n<!-- \/ Yoast SEO plugin. -->","yoast_head_json":{"title":"Naha kaitsebarj\u00e4\u00e4ri tugevdav n\u00e4oessents ektoiini, musta k\u00fc\u00fcslaugu ja vaniljega - Tilk!","robots":{"index":"index","follow":"follow","max-snippet":"max-snippet:-1","max-image-preview":"max-image-preview:large","max-video-preview":"max-video-preview:-1"},"canonical":"https:\/\/tilk.bio\/et\/pood\/naha-kaitsebarjaari-tugevdav-naoessents-ektoiini-musta-kuuslaugu-ja-vaniljega\/","og_locale":"et_EE","og_type":"article","og_title":"Naha kaitsebarj\u00e4\u00e4ri tugevdav n\u00e4oessents ektoiini, musta k\u00fc\u00fcslaugu ja vaniljega - Tilk!","og_description":"Siidise tekstuuriga n\u00e4oessents \u00fchendab vanilje pehmuse ja musta k\u00fc\u00fcslaugu j\u00f5u, pakkudes nahale s\u00fcgavat niisutust, rahustust ja tugevat kaitset. See aitab v\u00e4hendada punetust, toetab naha uuenemist ning muudab naha vastupidavamaks igap\u00e4evastele keskkonnam\u00f5judele. Regulaarne kasutamine aitab s\u00e4ilitada naha elastsust ja l\u00fckata edasi esimesi vananemisilminguid.  Essentsi v\u00f5tmekomponendiks on ektoiin (Ectoin) \u2013 looduslik molekul, mis aitab nahal kohaneda saaste, temperatuurik\u00f5ikumiste ja muude stressiteguritega. See niisutab s\u00fcgavuti, silub nahka ning tugevdab naha loomulikku kaitsebarj\u00e4\u00e4ri, aidates ennetada enneaegset vananemist.  V\u00e4ikese molekulmassiga h\u00fcaluroonhape tagab mitmetasandilise niisutuse, aidates hoida naha pringi, sileda ja t\u00e4idlasena. Essents sisaldab naha loomulikke niiskustasakaalu toetavaid aineid \u2013 sealhulgas Sodium PCA-d, uureat ja aminohappeid \u2013, mis aitavad hoida naha pehme ja tasakaalus.  Musta k\u00fc\u00fcslaugu ekstrakt, mis on tuntud oma Korea p\u00e4ritolu fermentatsiooniprotsessi poolest, on rikas antioks\u00fcdantide poolest. See aitab kaitsta nahka vabade radikaalide eest, toetab selle eluj\u00f5udu ja aitab s\u00e4ilitada nooruslikku v\u00e4limust.  Niatsiinamiid (B3-vitamiin) t\u00e4iendab koostist, aidates \u00fchtlustada nahatooni, v\u00e4hendades punetust ja muutes naha visuaalselt siledamaks ja kirkamaks.  Tootele annavad m\u00f5nusa aroomi viiruki, bergamoti, vanilje ja lavendli eeterlikud \u00f5lid.  Kasutamine  Kanna essents puhtale nahale enne kreemi, nii hommikul kui \u00f5htul. Pane paar pumpa seerumit peopesale ja patsuta \u00f5rnalt n\u00e4ole ning kaelale kuni imendumiseni.  Nipp: kasuta kergelt niiskel nahal, et suurendada niisutavat toimet.  Kogus: 50ml","og_url":"https:\/\/tilk.bio\/et\/pood\/naha-kaitsebarjaari-tugevdav-naoessents-ektoiini-musta-kuuslaugu-ja-vaniljega\/","og_site_name":"Tilk!","article_publisher":"https:\/\/www.facebook.com\/tilk.bio\/","article_modified_time":"2026-04-05T20:28:07+00:00","og_image":[{"width":2048,"height":2048,"url":"https:\/\/tilk.bio\/wp-content\/uploads\/2026\/03\/E4R5131-ruut.jpg","type":"image\/jpeg"}],"twitter_card":"summary_large_image","schema":{"@context":"https:\/\/schema.org","@graph":[{"@type":"WebPage","@id":"https:\/\/tilk.bio\/et\/pood\/naha-kaitsebarjaari-tugevdav-naoessents-ektoiini-musta-kuuslaugu-ja-vaniljega\/","url":"https:\/\/tilk.bio\/et\/pood\/naha-kaitsebarjaari-tugevdav-naoessents-ektoiini-musta-kuuslaugu-ja-vaniljega\/","name":"Naha kaitsebarj\u00e4\u00e4ri tugevdav n\u00e4oessents ektoiini, musta k\u00fc\u00fcslaugu ja vaniljega - Tilk!","isPartOf":{"@id":"https:\/\/tilk.bio\/et\/#website"},"primaryImageOfPage":{"@id":"https:\/\/tilk.bio\/et\/pood\/naha-kaitsebarjaari-tugevdav-naoessents-ektoiini-musta-kuuslaugu-ja-vaniljega\/#primaryimage"},"image":{"@id":"https:\/\/tilk.bio\/et\/pood\/naha-kaitsebarjaari-tugevdav-naoessents-ektoiini-musta-kuuslaugu-ja-vaniljega\/#primaryimage"},"thumbnailUrl":"https:\/\/tilk.bio\/wp-content\/uploads\/2026\/03\/E4R5131-ruut.jpg","datePublished":"2026-04-05T20:24:32+00:00","dateModified":"2026-04-05T20:28:07+00:00","breadcrumb":{"@id":"https:\/\/tilk.bio\/et\/pood\/naha-kaitsebarjaari-tugevdav-naoessents-ektoiini-musta-kuuslaugu-ja-vaniljega\/#breadcrumb"},"inLanguage":"et","potentialAction":[{"@type":"ReadAction","target":["https:\/\/tilk.bio\/et\/pood\/naha-kaitsebarjaari-tugevdav-naoessents-ektoiini-musta-kuuslaugu-ja-vaniljega\/"]}]},{"@type":"ImageObject","inLanguage":"et","@id":"https:\/\/tilk.bio\/et\/pood\/naha-kaitsebarjaari-tugevdav-naoessents-ektoiini-musta-kuuslaugu-ja-vaniljega\/#primaryimage","url":"https:\/\/tilk.bio\/wp-content\/uploads\/2026\/03\/E4R5131-ruut.jpg","contentUrl":"https:\/\/tilk.bio\/wp-content\/uploads\/2026\/03\/E4R5131-ruut.jpg","width":2048,"height":2048},{"@type":"BreadcrumbList","@id":"https:\/\/tilk.bio\/et\/pood\/naha-kaitsebarjaari-tugevdav-naoessents-ektoiini-musta-kuuslaugu-ja-vaniljega\/#breadcrumb","itemListElement":[{"@type":"ListItem","position":1,"name":"Home","item":"https:\/\/tilk.bio\/et\/"},{"@type":"ListItem","position":2,"name":"Pood","item":"https:\/\/tilk.bio\/et\/pood\/"},{"@type":"ListItem","position":3,"name":"Naha kaitsebarj\u00e4\u00e4ri tugevdav n\u00e4oessents ektoiini, musta k\u00fc\u00fcslaugu ja vaniljega"}]},{"@type":"WebSite","@id":"https:\/\/tilk.bio\/et\/#website","url":"https:\/\/tilk.bio\/et\/","name":"Tilk!","description":"Keskkonnas\u00f5bralik ja j\u00e4tkusuutlik looduskosmeetika Saaremaalt.","potentialAction":[{"@type":"SearchAction","target":{"@type":"EntryPoint","urlTemplate":"https:\/\/tilk.bio\/et\/?s={search_term_string}"},"query-input":{"@type":"PropertyValueSpecification","valueRequired":true,"valueName":"search_term_string"}}],"inLanguage":"et"}]}},"_links":{"self":[{"href":"https:\/\/tilk.bio\/et\/wp-json\/wp\/v2\/product\/78014","targetHints":{"allow":["GET"]}}],"collection":[{"href":"https:\/\/tilk.bio\/et\/wp-json\/wp\/v2\/product"}],"about":[{"href":"https:\/\/tilk.bio\/et\/wp-json\/wp\/v2\/types\/product"}],"replies":[{"embeddable":true,"href":"https:\/\/tilk.bio\/et\/wp-json\/wp\/v2\/comments?post=78014"}],"wp:featuredmedia":[{"embeddable":true,"href":"https:\/\/tilk.bio\/et\/wp-json\/wp\/v2\/media\/78009"}],"wp:attachment":[{"href":"https:\/\/tilk.bio\/et\/wp-json\/wp\/v2\/media?parent=78014"}],"wp:term":[{"taxonomy":"product_brand","embeddable":true,"href":"https:\/\/tilk.bio\/et\/wp-json\/wp\/v2\/product_brand?post=78014"},{"taxonomy":"product_cat","embeddable":true,"href":"https:\/\/tilk.bio\/et\/wp-json\/wp\/v2\/product_cat?post=78014"},{"taxonomy":"product_tag","embeddable":true,"href":"https:\/\/tilk.bio\/et\/wp-json\/wp\/v2\/product_tag?post=78014"}],"curies":[{"name":"wp","href":"https:\/\/api.w.org\/{rel}","templated":true}]}}