{"id":22515,"date":"2018-07-31T19:37:25","date_gmt":"2018-07-31T19:37:25","guid":{"rendered":"https:\/\/tilk.bio\/cart\/"},"modified":"2023-02-28T14:47:03","modified_gmt":"2023-02-28T12:47:03","slug":"ostoskori","status":"publish","type":"page","link":"https:\/\/tilk.bio\/fi\/ostoskori\/","title":{"rendered":"Ostoskori"},"content":{"rendered":"<section class=\"l-section wpb_row cart-data-section height_medium\"><div class=\"l-section-h i-cf\"><div class=\"g-cols vc_row via_flex valign_top type_default stacking_default\"><div class=\"vc_col-sm-12 wpb_column vc_column_container\"><div class=\"vc_column-inner\"><div class=\"wpb_wrapper\"><\/div><\/div><\/div><\/div><\/div><\/section><section class=\"l-section wpb_row cart-upsells height_medium\"><div class=\"l-section-h i-cf\"><div class=\"g-cols vc_row via_flex valign_top type_default stacking_default\"><div class=\"vc_col-sm-12 wpb_column vc_column_container\"><div class=\"vc_column-inner\"><div class=\"wpb_wrapper\"><div class=\"wpb_text_column\"><div class=\"wpb_wrapper\"><h2>My\u00f6s muut asiakkaat tilasivat<\/h2>\n<\/div><\/div><div class=\"w-grid type_grid layout_55323 cols_4\" id=\"us_grid_1\" style=\"--columns:4;--gap:0.75rem;\"><style>@media (max-width:1280px){#us_grid_1{--columns:3!important}}@media (max-width:1024px){#us_grid_1{--columns:2!important}}@media (max-width:600px){#us_grid_1{--columns:2!important}}.layout_55323 .w-grid-item-h{}.layout_55323 .usg_product_field_1{color:#ffffff!important;font-weight:500!important;font-size:13px!important;line-height:18px!important;letter-spacing:0.33px!important;border-radius:4px!important;position:absolute!important;left:10px!important;top:10px!important;background:var(--color-content-primary)!important;padding:5px 10px 5px 10px!important}.layout_55323 .usg_post_title_1{font-size:1rem!important;margin-top:0.8rem!important;margin-bottom:14px!important}<\/style><div class=\"w-grid-list\">\t<article class=\"w-grid-item size_1x1 post-47478 product type-product status-publish has-post-thumbnail product_cat-akne-ja-rasvainen-iho product_cat-epatasainen-iho product_cat-herkka-iho product_cat-kaikki-tuotteet product_cat-kasvohoito product_cat-kasvnaamio product_cat-kuiva-iho product_cat-myydyimmat product_cat-normaali-ja-sekaiho product_cat-pure-luxury-fi product_cat-spaattelin-mahdollisuus first instock taxable shipping-taxable purchasable product-type-variable\" data-id=\"47478\">\r\n\t\t<div class=\"w-grid-item-h\">\r\n\t\t\t\t\t\t<div class=\"w-post-elm post_image usg_post_image_1 product-grid-img stretched\"><a href=\"https:\/\/tilk.bio\/fi\/verkkokauppa\/puhdistava-ja-kosteuttava-kasvonaamio-detox-me\/\" aria-label=\"Detox Me \u2013 syv\u00e4puhdistava ja kosteuttava turvenaamio kasvoille\"><img loading=\"lazy\" decoding=\"async\" width=\"1200\" height=\"1200\" src=\"https:\/\/tilk.bio\/wp-content\/uploads\/2020\/11\/detoxme2.jpg\" class=\"attachment-shop_catalog size-shop_catalog wp-post-image\" alt=\"akne ravi\" srcset=\"https:\/\/tilk.bio\/wp-content\/uploads\/2020\/11\/detoxme2.jpg 1200w, https:\/\/tilk.bio\/wp-content\/uploads\/2020\/11\/detoxme2-150x150.jpg 150w, https:\/\/tilk.bio\/wp-content\/uploads\/2020\/11\/detoxme2-1000x1000.jpg 1000w, https:\/\/tilk.bio\/wp-content\/uploads\/2020\/11\/detoxme2-300x300.jpg 300w, https:\/\/tilk.bio\/wp-content\/uploads\/2020\/11\/detoxme2-1024x1024.jpg 1024w\" sizes=\"auto, (max-width: 1200px) 100vw, 1200px\" \/><\/a><\/div><h2 class=\"w-post-elm post_title usg_post_title_1 woocommerce-loop-product__title color_link_inherit\"><a href=\"https:\/\/tilk.bio\/fi\/verkkokauppa\/puhdistava-ja-kosteuttava-kasvonaamio-detox-me\/\">Detox Me \u2013 syv\u00e4puhdistava ja kosteuttava turvenaamio kasvoille<\/a><\/h2><div class=\"w-hwrapper usg_hwrapper_1 shop-grid-footer align_justify valign_middle wrap\"><div class=\"w-btn-wrapper woocommerce usg_add_to_cart_1 no_view_cart_link\"><a href=\"https:\/\/tilk.bio\/fi\/verkkokauppa\/puhdistava-ja-kosteuttava-kasvonaamio-detox-me\/\" aria-describedby=\"woocommerce_loop_add_to_cart_link_describedby_47478\" data-quantity=\"1\" class=\"button product_type_variable add_to_cart_button\" data-product_id=\"47478\" data-product_sku=\"\" aria-label=\"Valitse valinnat &ldquo;Detox Me \u2013 syv\u00e4puhdistava ja kosteuttava turvenaamio kasvoille&rdquo;\" rel=\"nofollow\"><i class=\"g-preloader type_1\"><\/i><span class=\"w-btn-label\">Valitse vaihtoehdoista<\/span><\/a>\t<span id=\"woocommerce_loop_add_to_cart_link_describedby_47478\" class=\"screen-reader-text\">\n\t\tT\u00e4ll\u00e4 tuotteella on useampi muunnelma. Voit tehd\u00e4 valinnat tuotteen sivulla.\t<\/span>\n<\/div><p class=\"w-post-elm product_field price usg_product_field_3\"><span class=\"wcpbc-price wcpbc-price-47478\" data-product-id=\"47478\"><span class=\"woocommerce-Price-amount amount\"><bdi>22.90<span class=\"woocommerce-Price-currencySymbol\">&euro;<\/span><\/bdi><\/span><\/span><\/p><\/div><\/a><span class=\"gtm4wp_productdata\" style=\"display:none; visibility:hidden;\" data-gtm4wp_product_data=\"{&quot;internal_id&quot;:47478,&quot;item_id&quot;:47478,&quot;item_name&quot;:&quot;Detox Me \\u2013 syv\\u00e4puhdistava ja kosteuttava turvenaamio kasvoille&quot;,&quot;sku&quot;:47478,&quot;price&quot;:22.9,&quot;stocklevel&quot;:5,&quot;stockstatus&quot;:&quot;instock&quot;,&quot;google_business_vertical&quot;:&quot;custom&quot;,&quot;item_category&quot;:&quot;Pure Luxury&quot;,&quot;id&quot;:47478,&quot;productlink&quot;:&quot;https:\\\/\\\/tilk.bio\\\/fi\\\/verkkokauppa\\\/puhdistava-ja-kosteuttava-kasvonaamio-detox-me\\\/&quot;,&quot;item_list_name&quot;:&quot;General Product List&quot;,&quot;index&quot;:1,&quot;product_type&quot;:&quot;variable&quot;,&quot;item_brand&quot;:&quot;&quot;}\"><\/span>\t\t<\/div>\r\n\t\t\t<\/article>\r\n\t<article class=\"w-grid-item size_1x1 post-57161 product type-product status-publish has-post-thumbnail product_cat-epatasainen-iho product_cat-herkka-iho product_cat-ikaantyva-iho product_cat-kaikki-tuotteet product_cat-kasvohoito product_cat-kasvovoiteet product_cat-kuiva-iho product_cat-myydyimmat product_cat-normaali-ja-sekaiho product_cat-tilk-herbal-fi product_tag-elainkokeeton product_tag-kestava product_tag-palmuoljyton product_tag-vegaaninen  instock taxable shipping-taxable purchasable product-type-variable\" data-id=\"57161\">\r\n\t\t<div class=\"w-grid-item-h\">\r\n\t\t\t\t\t\t<div class=\"w-post-elm post_image usg_post_image_1 product-grid-img stretched\"><a href=\"https:\/\/tilk.bio\/fi\/verkkokauppa\/blossom-me-poimulehtea-ja-hyaluronihappoa-sisaltava-nuorentava-paivavoide\/\" aria-label=\"Blossom Me \u2013 poimulehte\u00e4 ja hyaluronihappoa sis\u00e4lt\u00e4v\u00e4 nuorentava p\u00e4iv\u00e4voide\"><img loading=\"lazy\" decoding=\"async\" width=\"1200\" height=\"1200\" src=\"https:\/\/tilk.bio\/wp-content\/uploads\/2020\/06\/Untitled-design-58.jpg\" class=\"attachment-shop_catalog size-shop_catalog wp-post-image\" alt=\"Blossom Me anti-stress face cream with hyaluronic acid\" srcset=\"https:\/\/tilk.bio\/wp-content\/uploads\/2020\/06\/Untitled-design-58.jpg 1200w, https:\/\/tilk.bio\/wp-content\/uploads\/2020\/06\/Untitled-design-58-150x150.jpg 150w, https:\/\/tilk.bio\/wp-content\/uploads\/2020\/06\/Untitled-design-58-1000x1000.jpg 1000w, https:\/\/tilk.bio\/wp-content\/uploads\/2020\/06\/Untitled-design-58-300x300.jpg 300w, https:\/\/tilk.bio\/wp-content\/uploads\/2020\/06\/Untitled-design-58-1024x1024.jpg 1024w\" sizes=\"auto, (max-width: 1200px) 100vw, 1200px\" \/><\/a><\/div><h2 class=\"w-post-elm post_title usg_post_title_1 woocommerce-loop-product__title color_link_inherit\"><a href=\"https:\/\/tilk.bio\/fi\/verkkokauppa\/blossom-me-poimulehtea-ja-hyaluronihappoa-sisaltava-nuorentava-paivavoide\/\">Blossom Me \u2013 poimulehte\u00e4 ja hyaluronihappoa sis\u00e4lt\u00e4v\u00e4 nuorentava p\u00e4iv\u00e4voide<\/a><\/h2><div class=\"w-hwrapper usg_hwrapper_1 shop-grid-footer align_justify valign_middle wrap\"><div class=\"w-btn-wrapper woocommerce usg_add_to_cart_1 no_view_cart_link\"><a href=\"https:\/\/tilk.bio\/fi\/verkkokauppa\/blossom-me-poimulehtea-ja-hyaluronihappoa-sisaltava-nuorentava-paivavoide\/\" aria-describedby=\"woocommerce_loop_add_to_cart_link_describedby_57161\" data-quantity=\"1\" class=\"button product_type_variable add_to_cart_button\" data-product_id=\"57161\" data-product_sku=\"16349\" aria-label=\"Valitse valinnat &ldquo;Blossom Me \u2013 poimulehte\u00e4 ja hyaluronihappoa sis\u00e4lt\u00e4v\u00e4 nuorentava p\u00e4iv\u00e4voide&rdquo;\" rel=\"nofollow\"><i class=\"g-preloader type_1\"><\/i><span class=\"w-btn-label\">Valitse vaihtoehdoista<\/span><\/a>\t<span id=\"woocommerce_loop_add_to_cart_link_describedby_57161\" class=\"screen-reader-text\">\n\t\tT\u00e4ll\u00e4 tuotteella on useampi muunnelma. Voit tehd\u00e4 valinnat tuotteen sivulla.\t<\/span>\n<\/div><p class=\"w-post-elm product_field price usg_product_field_3\"><span class=\"wcpbc-price wcpbc-price-57161\" data-product-id=\"57161\"><span class=\"woocommerce-Price-amount amount\" aria-hidden=\"true\"><bdi>9.90<span class=\"woocommerce-Price-currencySymbol\">&euro;<\/span><\/bdi><\/span> <span aria-hidden=\"true\">&ndash;<\/span> <span class=\"woocommerce-Price-amount amount\" aria-hidden=\"true\"><bdi>35.90<span class=\"woocommerce-Price-currencySymbol\">&euro;<\/span><\/bdi><\/span><span class=\"screen-reader-text\">Hintaluokka: 9.90&euro; - 35.90&euro;<\/span><\/span><\/p><\/div><\/a><span class=\"gtm4wp_productdata\" style=\"display:none; visibility:hidden;\" data-gtm4wp_product_data=\"{&quot;internal_id&quot;:57161,&quot;item_id&quot;:57161,&quot;item_name&quot;:&quot;Blossom Me \\u2013 poimulehte\\u00e4 ja hyaluronihappoa sis\\u00e4lt\\u00e4v\\u00e4 nuorentava p\\u00e4iv\\u00e4voide&quot;,&quot;sku&quot;:&quot;16349&quot;,&quot;price&quot;:9.9,&quot;stocklevel&quot;:14,&quot;stockstatus&quot;:&quot;instock&quot;,&quot;google_business_vertical&quot;:&quot;custom&quot;,&quot;item_category&quot;:&quot;tilk! Herbal&quot;,&quot;id&quot;:57161,&quot;productlink&quot;:&quot;https:\\\/\\\/tilk.bio\\\/fi\\\/verkkokauppa\\\/blossom-me-poimulehtea-ja-hyaluronihappoa-sisaltava-nuorentava-paivavoide\\\/&quot;,&quot;item_list_name&quot;:&quot;General Product List&quot;,&quot;index&quot;:2,&quot;product_type&quot;:&quot;variable&quot;,&quot;item_brand&quot;:&quot;&quot;}\"><\/span>\t\t<\/div>\r\n\t\t\t<\/article>\r\n\t<article class=\"w-grid-item size_1x1 post-26371 product type-product status-publish has-post-thumbnail product_cat-deodorantit product_cat-kaikki-tuotteet product_cat-myydyimmat product_cat-shea-butter product_cat-spaattelin-mahdollisuus product_cat-tilk-herbal-fi product_cat-vartalo product_tag-deodorantti product_tag-ekologinen-kosmetiikka product_tag-ekologinen-kosmetiikka-fi  instock sale taxable shipping-taxable purchasable product-type-variable\" data-id=\"26371\">\r\n\t\t<div class=\"w-grid-item-h\">\r\n\t\t\t\t\t\t<div class=\"w-post-elm post_image usg_post_image_1 product-grid-img stretched\"><a href=\"https:\/\/tilk.bio\/fi\/verkkokauppa\/hold-me-luonnollinen-deodorantti\/\" aria-label=\"Hold Me \u2013 patsulia ja laventelia sis\u00e4lt\u00e4v\u00e4 alumiiniton deodorantti\"><img loading=\"lazy\" decoding=\"async\" width=\"1200\" height=\"1200\" src=\"https:\/\/tilk.bio\/wp-content\/uploads\/2022\/12\/Untitled-design-13.jpg\" class=\"attachment-shop_catalog size-shop_catalog wp-post-image\" alt=\"\" srcset=\"https:\/\/tilk.bio\/wp-content\/uploads\/2022\/12\/Untitled-design-13.jpg 1200w, https:\/\/tilk.bio\/wp-content\/uploads\/2022\/12\/Untitled-design-13-150x150.jpg 150w, https:\/\/tilk.bio\/wp-content\/uploads\/2022\/12\/Untitled-design-13-1000x1000.jpg 1000w, https:\/\/tilk.bio\/wp-content\/uploads\/2022\/12\/Untitled-design-13-300x300.jpg 300w, https:\/\/tilk.bio\/wp-content\/uploads\/2022\/12\/Untitled-design-13-1024x1024.jpg 1024w\" sizes=\"auto, (max-width: 1200px) 100vw, 1200px\" \/><\/a><\/div><div class=\"w-post-elm product_field sale_badge usg_product_field_1 has_text_color onsale\">Ale<\/div><h2 class=\"w-post-elm post_title usg_post_title_1 woocommerce-loop-product__title color_link_inherit\"><a href=\"https:\/\/tilk.bio\/fi\/verkkokauppa\/hold-me-luonnollinen-deodorantti\/\">Hold Me \u2013 patsulia ja laventelia sis\u00e4lt\u00e4v\u00e4 alumiiniton deodorantti<\/a><\/h2><div class=\"w-hwrapper usg_hwrapper_1 shop-grid-footer align_justify valign_middle wrap\"><div class=\"w-btn-wrapper woocommerce usg_add_to_cart_1 no_view_cart_link\"><a href=\"https:\/\/tilk.bio\/fi\/verkkokauppa\/hold-me-luonnollinen-deodorantti\/\" aria-describedby=\"woocommerce_loop_add_to_cart_link_describedby_26371\" data-quantity=\"1\" class=\"button product_type_variable add_to_cart_button\" data-product_id=\"26371\" data-product_sku=\"\" aria-label=\"Valitse valinnat &ldquo;Hold Me \u2013 patsulia ja laventelia sis\u00e4lt\u00e4v\u00e4 alumiiniton deodorantti&rdquo;\" rel=\"nofollow\"><i class=\"g-preloader type_1\"><\/i><span class=\"w-btn-label\">Valitse vaihtoehdoista<\/span><\/a>\t<span id=\"woocommerce_loop_add_to_cart_link_describedby_26371\" class=\"screen-reader-text\">\n\t\tT\u00e4ll\u00e4 tuotteella on useampi muunnelma. Voit tehd\u00e4 valinnat tuotteen sivulla.\t<\/span>\n<\/div><p class=\"w-post-elm product_field price usg_product_field_3\"><span class=\"wcpbc-price wcpbc-price-26371\" data-product-id=\"26371\"><span class=\"woocommerce-Price-amount amount\" aria-hidden=\"true\"><bdi>14.90<span class=\"woocommerce-Price-currencySymbol\">&euro;<\/span><\/bdi><\/span> <span aria-hidden=\"true\">&ndash;<\/span> <span class=\"woocommerce-Price-amount amount\" aria-hidden=\"true\"><bdi>49.00<span class=\"woocommerce-Price-currencySymbol\">&euro;<\/span><\/bdi><\/span><span class=\"screen-reader-text\">Hintaluokka: 14.90&euro; - 49.00&euro;<\/span><\/span><\/p><\/div><\/a><span class=\"gtm4wp_productdata\" style=\"display:none; visibility:hidden;\" data-gtm4wp_product_data=\"{&quot;internal_id&quot;:26371,&quot;item_id&quot;:26371,&quot;item_name&quot;:&quot;Hold Me \\u2013 patsulia ja laventelia sis\\u00e4lt\\u00e4v\\u00e4 alumiiniton deodorantti&quot;,&quot;sku&quot;:26371,&quot;price&quot;:14.9,&quot;stocklevel&quot;:228,&quot;stockstatus&quot;:&quot;instock&quot;,&quot;google_business_vertical&quot;:&quot;custom&quot;,&quot;item_category&quot;:&quot;tilk! Herbal&quot;,&quot;id&quot;:26371,&quot;productlink&quot;:&quot;https:\\\/\\\/tilk.bio\\\/fi\\\/verkkokauppa\\\/hold-me-luonnollinen-deodorantti\\\/&quot;,&quot;item_list_name&quot;:&quot;General Product List&quot;,&quot;index&quot;:3,&quot;product_type&quot;:&quot;variable&quot;,&quot;item_brand&quot;:&quot;&quot;}\"><\/span>\t\t<\/div>\r\n\t\t\t<\/article>\r\n\t<article class=\"w-grid-item size_1x1 post-57282 product type-product status-publish has-post-thumbnail product_cat-epatasainen-iho product_cat-herkka-iho product_cat-ikaantyva-iho product_cat-kaikki-tuotteet product_cat-kasvohoito product_cat-kasvovoiteet product_cat-kuiva-iho product_cat-myydyimmat product_cat-shea-butter product_cat-tilk-lab-fi last instock taxable shipping-taxable purchasable product-type-variable\" data-id=\"57282\">\r\n\t\t<div class=\"w-grid-item-h\">\r\n\t\t\t\t\t\t<div class=\"w-post-elm post_image usg_post_image_1 product-grid-img stretched\"><a href=\"https:\/\/tilk.bio\/fi\/verkkokauppa\/mustaa-valkosipulia-ja-c-vitamiinia-sisaltava-ravitseva-anti-age-kasvovoide\/\" aria-label=\"Mustaa valkosipulia ja C-vitamiinia sis\u00e4lt\u00e4v\u00e4 ravitseva anti-age -kasvovoide\"><img loading=\"lazy\" decoding=\"async\" width=\"1200\" height=\"1200\" src=\"https:\/\/tilk.bio\/wp-content\/uploads\/2022\/09\/1-1.jpg\" class=\"attachment-shop_catalog size-shop_catalog wp-post-image\" alt=\"c vitamiin n\u00e4okreem\" srcset=\"https:\/\/tilk.bio\/wp-content\/uploads\/2022\/09\/1-1.jpg 1200w, https:\/\/tilk.bio\/wp-content\/uploads\/2022\/09\/1-1-300x300.jpg 300w, https:\/\/tilk.bio\/wp-content\/uploads\/2022\/09\/1-1-1024x1024.jpg 1024w, https:\/\/tilk.bio\/wp-content\/uploads\/2022\/09\/1-1-150x150.jpg 150w, https:\/\/tilk.bio\/wp-content\/uploads\/2022\/09\/1-1-1000x1000.jpg 1000w\" sizes=\"auto, (max-width: 1200px) 100vw, 1200px\" \/><\/a><\/div><h2 class=\"w-post-elm post_title usg_post_title_1 woocommerce-loop-product__title color_link_inherit\"><a href=\"https:\/\/tilk.bio\/fi\/verkkokauppa\/mustaa-valkosipulia-ja-c-vitamiinia-sisaltava-ravitseva-anti-age-kasvovoide\/\">Mustaa valkosipulia ja C-vitamiinia sis\u00e4lt\u00e4v\u00e4 ravitseva anti-age -kasvovoide<\/a><\/h2><div class=\"w-hwrapper usg_hwrapper_1 shop-grid-footer align_justify valign_middle wrap\"><div class=\"w-btn-wrapper woocommerce usg_add_to_cart_1 no_view_cart_link\"><a href=\"https:\/\/tilk.bio\/fi\/verkkokauppa\/mustaa-valkosipulia-ja-c-vitamiinia-sisaltava-ravitseva-anti-age-kasvovoide\/\" aria-describedby=\"woocommerce_loop_add_to_cart_link_describedby_57282\" data-quantity=\"1\" class=\"button product_type_variable add_to_cart_button\" data-product_id=\"57282\" data-product_sku=\"\" aria-label=\"Valitse valinnat &ldquo;Mustaa valkosipulia ja C-vitamiinia sis\u00e4lt\u00e4v\u00e4 ravitseva anti-age -kasvovoide&rdquo;\" rel=\"nofollow\"><i class=\"g-preloader type_1\"><\/i><span class=\"w-btn-label\">Valitse vaihtoehdoista<\/span><\/a>\t<span id=\"woocommerce_loop_add_to_cart_link_describedby_57282\" class=\"screen-reader-text\">\n\t\tT\u00e4ll\u00e4 tuotteella on useampi muunnelma. Voit tehd\u00e4 valinnat tuotteen sivulla.\t<\/span>\n<\/div><p class=\"w-post-elm product_field price usg_product_field_3\"><span class=\"wcpbc-price wcpbc-price-57282\" data-product-id=\"57282\"><span class=\"woocommerce-Price-amount amount\" aria-hidden=\"true\"><bdi>9.90<span class=\"woocommerce-Price-currencySymbol\">&euro;<\/span><\/bdi><\/span> <span aria-hidden=\"true\">&ndash;<\/span> <span class=\"woocommerce-Price-amount amount\" aria-hidden=\"true\"><bdi>45.90<span class=\"woocommerce-Price-currencySymbol\">&euro;<\/span><\/bdi><\/span><span class=\"screen-reader-text\">Hintaluokka: 9.90&euro; - 45.90&euro;<\/span><\/span><\/p><\/div><\/a><span class=\"gtm4wp_productdata\" style=\"display:none; visibility:hidden;\" data-gtm4wp_product_data=\"{&quot;internal_id&quot;:57282,&quot;item_id&quot;:57282,&quot;item_name&quot;:&quot;Mustaa valkosipulia ja C-vitamiinia sis\\u00e4lt\\u00e4v\\u00e4 ravitseva anti-age -kasvovoide&quot;,&quot;sku&quot;:57282,&quot;price&quot;:9.9,&quot;stocklevel&quot;:5,&quot;stockstatus&quot;:&quot;instock&quot;,&quot;google_business_vertical&quot;:&quot;custom&quot;,&quot;item_category&quot;:&quot;tilk! Lab&quot;,&quot;id&quot;:57282,&quot;productlink&quot;:&quot;https:\\\/\\\/tilk.bio\\\/fi\\\/verkkokauppa\\\/mustaa-valkosipulia-ja-c-vitamiinia-sisaltava-ravitseva-anti-age-kasvovoide\\\/&quot;,&quot;item_list_name&quot;:&quot;General Product List&quot;,&quot;index&quot;:4,&quot;product_type&quot;:&quot;variable&quot;,&quot;item_brand&quot;:&quot;&quot;}\"><\/span>\t\t<\/div>\r\n\t\t\t<\/article>\r\n<\/div><div class=\"w-grid-preloader\">\t<div class=\"g-preloader type_1\">\r\n\t\t<div><\/div>\r\n\t<\/div>\r\n\t<\/div>\t<div class=\"w-grid-json hidden\" onclick='return {&quot;action&quot;:&quot;us_ajax_grid&quot;,&quot;infinite_scroll&quot;:0,&quot;max_num_pages&quot;:1,&quot;pagination&quot;:&quot;none&quot;,&quot;template_vars&quot;:{&quot;columns&quot;:&quot;4&quot;,&quot;exclude_items&quot;:&quot;none&quot;,&quot;img_size&quot;:&quot;default&quot;,&quot;ignore_items_size&quot;:0,&quot;items_layout&quot;:&quot;55323&quot;,&quot;items_offset&quot;:&quot;1&quot;,&quot;load_animation&quot;:&quot;none&quot;,&quot;overriding_link&quot;:&quot;{\\&quot;url\\&quot;:\\&quot;\\&quot;}&quot;,&quot;post_id&quot;:0,&quot;query_args&quot;:{&quot;ignore_sticky_posts&quot;:1,&quot;post_type&quot;:&quot;any&quot;,&quot;post__in&quot;:[&quot;37798&quot;,&quot;51503&quot;,&quot;25608&quot;,&quot;56732&quot;],&quot;tax_query&quot;:[{&quot;taxonomy&quot;:&quot;product_visibility&quot;,&quot;field&quot;:&quot;slug&quot;,&quot;terms&quot;:[&quot;exclude-from-catalog&quot;],&quot;operator&quot;:&quot;NOT IN&quot;}],&quot;posts_per_page&quot;:&quot;4&quot;},&quot;orderby_query_args&quot;:{&quot;orderby&quot;:{&quot;post__in&quot;:&quot;ASC&quot;},&quot;order&quot;:&quot;ASC&quot;},&quot;type&quot;:&quot;grid&quot;,&quot;us_grid_post_type&quot;:&quot;ids&quot;,&quot;us_grid_ajax_index&quot;:1,&quot;us_grid_filter_query_string&quot;:null,&quot;us_grid_index&quot;:1,&quot;page_args&quot;:[],&quot;lang&quot;:&quot;fi&quot;}}'><\/div>\r\n\t<\/div><\/div><\/div><\/div><\/div><\/div><\/section>\n","protected":false},"excerpt":{"rendered":"PALKITUSTI PARAS Kasvovoiteen t\u00e4rkein ainesosa, musta valkosipuli, on perinteisen korealaisen valmistustapansa ansiosta t\u00e4ynn\u00e4 antioksidantteja, jotka suojaavat ihoa vapailta radikaaleilta ja ik\u00e4\u00e4ntymisen merkeilt\u00e4. C-vitamiini suojaa ihoa ulkoisilta rasituksilta, kuten liialliselta auringolta ja saasteilta. Lis\u00e4ksi se tasoittaa ja kirkastaa ihon s\u00e4vy\u00e4 sek\u00e4 edist\u00e4\u00e4 kollageenin tuotantoa. Paljon vitamiineja, mineraaleja ja antioksidantteja sis\u00e4lt\u00e4v\u00e4 tyrni\u00f6ljy tukee edell\u00e4 mainittujen ainesosien vaikutusta:...","protected":false},"author":1192,"featured_media":0,"parent":0,"menu_order":0,"comment_status":"closed","ping_status":"closed","template":"","meta":{"_acf_changed":false,"footnotes":""},"class_list":["post-22515","page","type-page","status-publish","hentry"],"acf":[],"yoast_head":"<!-- This site is optimized with the Yoast SEO plugin v27.4 - https:\/\/yoast.com\/product\/yoast-seo-wordpress\/ -->\n<title>Tilk! skincare cart - Tilk! bioactive skincare products<\/title>\n<meta name=\"description\" content=\"Check whats in your Tilk! skincare cart! Shop for the bioactive skincare products that suit your lifestyle and skin type.\" \/>\n<meta name=\"robots\" content=\"index, follow, max-snippet:-1, max-image-preview:large, max-video-preview:-1\" \/>\n<link rel=\"canonical\" href=\"https:\/\/tilk.bio\/cart\/\" \/>\n<meta property=\"og:locale\" content=\"fi_FI\" \/>\n<meta property=\"og:type\" content=\"article\" \/>\n<meta property=\"og:title\" content=\"Tilk! skincare cart - Tilk! bioactive skincare products\" \/>\n<meta property=\"og:description\" content=\"Check whats in your Tilk! skincare cart! Shop for the bioactive skincare products that suit your lifestyle and skin type.\" \/>\n<meta property=\"og:url\" content=\"https:\/\/tilk.bio\/cart\/\" \/>\n<meta property=\"og:site_name\" content=\"Tilk!\" \/>\n<meta property=\"article:publisher\" content=\"https:\/\/www.facebook.com\/tilk.bio\/\" \/>\n<meta property=\"article:modified_time\" content=\"2023-02-28T12:47:03+00:00\" \/>\n<meta name=\"twitter:card\" content=\"summary_large_image\" \/>\n<script type=\"application\/ld+json\" class=\"yoast-schema-graph\">{\"@context\":\"https:\\\/\\\/schema.org\",\"@graph\":[{\"@type\":\"WebPage\",\"@id\":\"https:\\\/\\\/tilk.bio\\\/cart\\\/\",\"url\":\"https:\\\/\\\/tilk.bio\\\/cart\\\/\",\"name\":\"Tilk! skincare cart - Tilk! bioactive skincare products\",\"isPartOf\":{\"@id\":\"https:\\\/\\\/tilk.bio\\\/et\\\/#website\"},\"datePublished\":\"2018-07-31T19:37:25+00:00\",\"dateModified\":\"2023-02-28T12:47:03+00:00\",\"description\":\"Check whats in your Tilk! skincare cart! Shop for the bioactive skincare products that suit your lifestyle and skin type.\",\"breadcrumb\":{\"@id\":\"https:\\\/\\\/tilk.bio\\\/cart\\\/#breadcrumb\"},\"inLanguage\":\"fi\",\"potentialAction\":[{\"@type\":\"ReadAction\",\"target\":[\"https:\\\/\\\/tilk.bio\\\/cart\\\/\"]}]},{\"@type\":\"BreadcrumbList\",\"@id\":\"https:\\\/\\\/tilk.bio\\\/cart\\\/#breadcrumb\",\"itemListElement\":[{\"@type\":\"ListItem\",\"position\":1,\"name\":\"Home\",\"item\":\"https:\\\/\\\/tilk.bio\\\/fi\\\/\"},{\"@type\":\"ListItem\",\"position\":2,\"name\":\"Ostoskori\"}]},{\"@type\":\"WebSite\",\"@id\":\"https:\\\/\\\/tilk.bio\\\/et\\\/#website\",\"url\":\"https:\\\/\\\/tilk.bio\\\/et\\\/\",\"name\":\"Tilk!\",\"description\":\"Natural and sustainable skincare!\",\"potentialAction\":[{\"@type\":\"SearchAction\",\"target\":{\"@type\":\"EntryPoint\",\"urlTemplate\":\"https:\\\/\\\/tilk.bio\\\/et\\\/?s={search_term_string}\"},\"query-input\":{\"@type\":\"PropertyValueSpecification\",\"valueRequired\":true,\"valueName\":\"search_term_string\"}}],\"inLanguage\":\"fi\"}]}<\/script>\n<!-- \/ Yoast SEO plugin. -->","yoast_head_json":{"title":"Tilk! skincare cart - Tilk! bioactive skincare products","description":"Check whats in your Tilk! skincare cart! Shop for the bioactive skincare products that suit your lifestyle and skin type.","robots":{"index":"index","follow":"follow","max-snippet":"max-snippet:-1","max-image-preview":"max-image-preview:large","max-video-preview":"max-video-preview:-1"},"canonical":"https:\/\/tilk.bio\/cart\/","og_locale":"fi_FI","og_type":"article","og_title":"Tilk! skincare cart - Tilk! bioactive skincare products","og_description":"Check whats in your Tilk! skincare cart! Shop for the bioactive skincare products that suit your lifestyle and skin type.","og_url":"https:\/\/tilk.bio\/cart\/","og_site_name":"Tilk!","article_publisher":"https:\/\/www.facebook.com\/tilk.bio\/","article_modified_time":"2023-02-28T12:47:03+00:00","twitter_card":"summary_large_image","schema":{"@context":"https:\/\/schema.org","@graph":[{"@type":"WebPage","@id":"https:\/\/tilk.bio\/cart\/","url":"https:\/\/tilk.bio\/cart\/","name":"Tilk! skincare cart - Tilk! bioactive skincare products","isPartOf":{"@id":"https:\/\/tilk.bio\/et\/#website"},"datePublished":"2018-07-31T19:37:25+00:00","dateModified":"2023-02-28T12:47:03+00:00","description":"Check whats in your Tilk! skincare cart! Shop for the bioactive skincare products that suit your lifestyle and skin type.","breadcrumb":{"@id":"https:\/\/tilk.bio\/cart\/#breadcrumb"},"inLanguage":"fi","potentialAction":[{"@type":"ReadAction","target":["https:\/\/tilk.bio\/cart\/"]}]},{"@type":"BreadcrumbList","@id":"https:\/\/tilk.bio\/cart\/#breadcrumb","itemListElement":[{"@type":"ListItem","position":1,"name":"Home","item":"https:\/\/tilk.bio\/fi\/"},{"@type":"ListItem","position":2,"name":"Ostoskori"}]},{"@type":"WebSite","@id":"https:\/\/tilk.bio\/et\/#website","url":"https:\/\/tilk.bio\/et\/","name":"Tilk!","description":"Natural and sustainable skincare!","potentialAction":[{"@type":"SearchAction","target":{"@type":"EntryPoint","urlTemplate":"https:\/\/tilk.bio\/et\/?s={search_term_string}"},"query-input":{"@type":"PropertyValueSpecification","valueRequired":true,"valueName":"search_term_string"}}],"inLanguage":"fi"}]}},"_links":{"self":[{"href":"https:\/\/tilk.bio\/fi\/wp-json\/wp\/v2\/pages\/22515","targetHints":{"allow":["GET"]}}],"collection":[{"href":"https:\/\/tilk.bio\/fi\/wp-json\/wp\/v2\/pages"}],"about":[{"href":"https:\/\/tilk.bio\/fi\/wp-json\/wp\/v2\/types\/page"}],"author":[{"embeddable":true,"href":"https:\/\/tilk.bio\/fi\/wp-json\/wp\/v2\/users\/1192"}],"replies":[{"embeddable":true,"href":"https:\/\/tilk.bio\/fi\/wp-json\/wp\/v2\/comments?post=22515"}],"version-history":[{"count":0,"href":"https:\/\/tilk.bio\/fi\/wp-json\/wp\/v2\/pages\/22515\/revisions"}],"wp:attachment":[{"href":"https:\/\/tilk.bio\/fi\/wp-json\/wp\/v2\/media?parent=22515"}],"curies":[{"name":"wp","href":"https:\/\/api.w.org\/{rel}","templated":true}]}}