{"id":22892,"date":"2018-08-13T17:04:31","date_gmt":"2018-08-13T17:04:31","guid":{"rendered":"https:\/\/tilk.bio\/?page_id=22892"},"modified":"2023-11-17T21:40:15","modified_gmt":"2023-11-17T19:40:15","slug":"ukk","status":"publish","type":"page","link":"https:\/\/tilk.bio\/fi\/ukk\/","title":{"rendered":"UKK"},"content":{"rendered":"<section class=\"l-section wpb_row height_medium\"><div class=\"l-section-h i-cf\"><div class=\"g-cols vc_row via_flex valign_top type_default stacking_default\"><div class=\"vc_col-sm-12 wpb_column vc_column_container\"><div class=\"vc_column-inner\"><div class=\"wpb_wrapper\"><div class=\"w-tabs layout_ver navwidth_auto navpos_left style_default switch_click has_scrolling\" style=\"--sections-title-size:1em\"><div class=\"w-tabs-list items_4 align_none\"><div class=\"w-tabs-list-h\"><button class=\"w-tabs-item active\" aria-controls=\"content-dcbe\" aria-expanded=\"false\"><span class=\"w-tabs-item-title\">Toimitus<\/span><\/button><button class=\"w-tabs-item\" aria-controls=\"content-mdb3\" aria-expanded=\"false\"><span class=\"w-tabs-item-title\">Maksut<\/span><\/button><button class=\"w-tabs-item\" aria-controls=\"content-qe77\" aria-expanded=\"false\"><span class=\"w-tabs-item-title\">Palautukset<\/span><\/button><button class=\"w-tabs-item\" aria-controls=\"content-mfa6\" aria-expanded=\"false\"><span class=\"w-tabs-item-title\">Tietosuojak\u00e4yt\u00e4nt\u00f6<\/span><\/button><\/div><\/div><div class=\"w-tabs-sections titles-align_none icon_chevron cpos_right\"><div class=\"w-tabs-section active\" id=\"dcbe\"><button class=\"w-tabs-section-header active\" aria-controls=\"content-dcbe\" aria-expanded=\"true\"><div class=\"w-tabs-section-title\">Toimitus<\/div><div class=\"w-tabs-section-control\"><\/div><\/button><div  class=\"w-tabs-section-content\" id=\"content-dcbe\"><div class=\"w-tabs-section-content-h i-cf\"><div class=\"wpb_text_column\"><div class=\"wpb_wrapper\"><p>L\u00e4het\u00e4mme tuotteet seuraavana ty\u00f6p\u00e4iv\u00e4n\u00e4 tilauksen esitt\u00e4misest\u00e4. L\u00e4hetysten toimitusaika riippuu sijainnistasi.<\/p>\n<p>Euroopassa toimitus kest\u00e4\u00e4 5-10 ty\u00f6p\u00e4iv\u00e4\u00e4, muualla maailmassa toimitusaika on 5-20 ty\u00f6p\u00e4iv\u00e4\u00e4. Teemme parhaamme toimittaaksemme tuotteesi mahdollisimman nopeasti. Hyv\u00e4\u00e4 kannattaa odottaa, t\u00e4m\u00e4 lause sopii t\u00e4ydellisesti Tilk! luonnonkosmetiikkaan!<\/p>\n<p><strong>Tarjoamme ilmaisen toimituksen<\/strong>, kun ostat \u20ac70 tai enemm\u00e4n. Toimituskulut v\u00e4hennet\u00e4\u00e4n automaattisesti, kun ostoskorisi arvo ylitt\u00e4\u00e4 \u20ac70. Alle 70 \u20ac arvoisen toimituksen hinta on 9 \u20ac pakettia kohtaan.<\/p>\n<\/div><\/div><\/div><\/div><\/div><div class=\"w-tabs-section\" id=\"mdb3\"><button class=\"w-tabs-section-header\" aria-controls=\"content-mdb3\" aria-expanded=\"false\"><div class=\"w-tabs-section-title\">Maksut<\/div><div class=\"w-tabs-section-control\"><\/div><\/button><div  class=\"w-tabs-section-content\" id=\"content-mdb3\"><div class=\"w-tabs-section-content-h i-cf\"><div class=\"wpb_text_column\"><div class=\"wpb_wrapper\"><p>Haluamme ostamisen Tilk! Bion nettisivuilla olevan sinulle vaivatonta!<\/p>\n<p>Siksi tarjoamme valittavaksi useita maksutapoja:<\/p>\n<ul>\n<li>Mastercard tai Visa luottokortti;<\/li>\n<li>PayPal;<\/li>\n<\/ul>\n<p>Muistathan, ett\u00e4 luottokortti maksun suorittamiseksi sinun ei tarvitse luoda PayPal k\u00e4ytt\u00e4j\u00e4\u00e4.<\/p>\n<\/div><\/div><\/div><\/div><\/div><div class=\"w-tabs-section\" id=\"qe77\"><button class=\"w-tabs-section-header\" aria-controls=\"content-qe77\" aria-expanded=\"false\"><div class=\"w-tabs-section-title\">Palautukset<\/div><div class=\"w-tabs-section-control\"><\/div><\/button><div  class=\"w-tabs-section-content\" id=\"content-qe77\"><div class=\"w-tabs-section-content-h i-cf\"><div class=\"wpb_text_column\"><div class=\"wpb_wrapper\"><p>Tilasitko vahingossa v\u00e4\u00e4r\u00e4n tuotteen? \u00c4l\u00e4 huoli- asiakastyytyv\u00e4isyys on meille t\u00e4rke\u00e4\u00e4 ja toivomme ett\u00e4 pid\u00e4t tuotteestasi. T\u00e4m\u00e4n takia my\u00f6nn\u00e4mme tuotteelle vaihto- ja palautusoikeuden. Palautettavat tuotteet tulee l\u00e4hett\u00e4\u00e4 meille 14 p\u00e4iv\u00e4ss\u00e4 paketin vastaanottamisesta. Palautettavien tuotteiden t\u00e4ytyy olla k\u00e4ytt\u00e4m\u00e4tt\u00f6mi\u00e4 sek\u00e4 alkuper\u00e4isess\u00e4 ja avaamattomassa paketissa. Asiakas sitoutuu maksamaan toimituskulut palautettavista tuotteista.<\/p>\n<p>Jos p\u00e4\u00e4t\u00e4t palauttaa tuotteita, ota meihin yhteytt\u00e4 osoitteessa fresh@tilk.bio ja autamme sinua mielell\u00e4mme.<\/p>\n<p>Huomioithan, ett\u00e4 emme l\u00e4het\u00e4 sinulle linkki\u00e4 paketin toimituksen seuraamiseksi verkossa, joten jos odotat tilauksesi saapumista 10 p\u00e4iv\u00e4\u00e4 tilauksen esitt\u00e4misen j\u00e4lkeen Euroopassa tai 20 p\u00e4iv\u00e4\u00e4 tilauksen esitt\u00e4misen j\u00e4lkeen maailmanlaajuisesti, ota meihin yhteytt\u00e4 osoitteessa fresh@tilk.bio<\/p>\n<\/div><\/div><\/div><\/div><\/div><div class=\"w-tabs-section\" id=\"mfa6\"><button class=\"w-tabs-section-header\" aria-controls=\"content-mfa6\" aria-expanded=\"false\"><div class=\"w-tabs-section-title\">Tietosuojak\u00e4yt\u00e4nt\u00f6<\/div><div class=\"w-tabs-section-control\"><\/div><\/button><div  class=\"w-tabs-section-content\" id=\"content-mfa6\"><div class=\"w-tabs-section-content-h i-cf\"><div class=\"wpb_text_column\"><div class=\"wpb_wrapper\"><h2>Mihin k\u00e4yt\u00e4mme tietojasi?<\/h2>\n<p>Kun k\u00e4yt\u00e4t verkkokauppaamme ker\u00e4\u00e4mme asiakkaistamme henkil\u00f6tietoja oston suorittamiseksi. Ker\u00e4\u00e4mme tietoja kuten nimi, osoite ja s\u00e4hk\u00f6postiosoite. Emme myy, vuokraa tai muutoin luovuta henkil\u00f6tietojasi. L\u00e4het\u00e4mme suoramarkkinointia s\u00e4hk\u00f6postin kautta vain asiakkaan hyv\u00e4ksym\u00e4n\u00e4.<\/p>\n<h2>Lupa tietojen k\u00e4ytt\u00f6\u00f6n<\/h2>\n<p>Kun annat meille tietosi oston suorittamisen yhteydess\u00e4 annat meille luvan k\u00e4ytt\u00e4\u00e4 tietojasi tilausten ja ostosten hallintaan. Henkil\u00f6tietojen k\u00e4sittely t\u00e4h\u00e4n tarkoitukseen sis\u00e4lt\u00e4\u00e4 asiakkaan tunnistamisen, tilausvahvistuksen l\u00e4hett\u00e4misen, tilattujen tuotteiden maksun k\u00e4sittelyn, tilausten toimittamisen sek\u00e4 ostettuja tuotteita koskevien reklamaatioden ratkaisuun. Tietojen ker\u00e4\u00e4minen tilausten ja ostosten k\u00e4sittely\u00e4 varten on tarpeen, jotta me pystymme t\u00e4ytt\u00e4m\u00e4\u00e4n velvoitteet.<\/p>\n<h2>Suostumuksen peruminen<\/h2>\n<p>Sen j\u00e4lkeen kun olet antanut meille suostumuksen k\u00e4sitell\u00e4 tietojasi sinulla on oikeus milloin tahansa perua suostumuksesi. Sinulla on my\u00f6s oikeus est\u00e4\u00e4 tietynlainen k\u00e4sittely kuten suoramarkkinoinnin kohteet, uutiskirjeiden vastaanottaminen, yhteyden ottaminen ja sinun tietojen k\u00e4sittely. Voit ottaa meihin yhteytt\u00e4 osoitteessa fresh@tilk.bio suostumuksen perumiseksi.<\/p>\n<p>Huomioithan, ett\u00e4 t\u00e4m\u00e4 ei ole kuitenkaan mahdollista, jos meid\u00e4n esimerkiksi tulee lain mukaan luovuttaa tietosi tai rikot k\u00e4ytt\u00f6ehtoja.<\/p>\n<h2>Tietojen luovuttaminen<\/h2>\n<p>Noudatamme henkil\u00f6tietojen luovutuksissa voimassa olevaa tietosuojalains\u00e4\u00e4d\u00e4nt\u00f6\u00e4. Emme myy, vuokraa tai muutoin luovuta henkil\u00f6tietojasi.<\/p>\n<h2>Kolmansien osapuolten palvelut<\/h2>\n<p>Yleisesti kolmannet osapuolet jota k\u00e4yt\u00e4mme ker\u00e4\u00e4v\u00e4t, k\u00e4ytt\u00e4v\u00e4t ja luovuttavat tietojasi vain laajuudella, joka takaa ett\u00e4 he voivat tarjota meille palvelujaan. Kuitenkin, tietyill\u00e4 kolmansilla osapuolilla, kuten esimerkiksi pankeilla ja maksunv\u00e4lityspalveluilla, on omat tietosuojak\u00e4yt\u00e4nn\u00f6t, joiden mukaan luovutamme tietoja sinun ostoksen suorittamiseen. Kolmannet osapuolet voivat my\u00f6s sijaita eri toimivalta alueilla kuin sin\u00e4 ja me. Huomioithan ett\u00e4 osapuolten on noudatettava heid\u00e4n toimivalta alueen tietosuojak\u00e4yt\u00e4nt\u00f6\u00e4. Esimerkiksi, jos olet Euroopassa mutta k\u00e4yt\u00e4t USA:ssa asuvaa maksunv\u00e4lityspalvelua.<\/p>\n<p>Kun l\u00e4hdet Tilk! nettisivuilta tai sinut siirret\u00e4\u00e4n kolmansien osapuolien nettisivuille, t\u00e4ll\u00e4 sivulla esiintuodut tietosuojak\u00e4yt\u00e4nn\u00f6t ja myyntiehdot eiv\u00e4t ole en\u00e4\u00e4 voimassa. Emme vastaa muiden nettisivujen tietosuojak\u00e4yt\u00e4nn\u00f6ist\u00e4 ja suosittelemme, ett\u00e4 tutustutte huolellisesti k\u00e4yt\u00e4nt\u00f6ihin.<\/p>\n<h2>Miten me suojaamme henkil\u00f6tietoja?<\/h2>\n<p>Haluamme, ett\u00e4 asiakkaamme voivat luovuttaa henkil\u00f6tietonsa luottavaisin mielin. Teemme kaikkemme henkil\u00f6tietojen suojaamiseksi ep\u00e4sopivalta tai tahattomalta luovuttamiselta, k\u00e4yt\u00f6lt\u00e4, poistamiselta, muuttamiselta, varkaudelta tai vahingoittumiselta.<\/p>\n<h2>Suostumuksen ik\u00e4<\/h2>\n<p>K\u00e4ytt\u00e4ess\u00e4si Tilk! nettisivuja ja suorittaessasi oston Tilk! verkkokaupasta vahvistat ett\u00e4 olet riitt\u00e4v\u00e4n vanha antamaan oman suostumuksen palveluiden k\u00e4ytt\u00e4miseksi ja ostoksen tekemiseksi. Tietosuojalains\u00e4\u00e4d\u00e4nn\u00f6n mukaan lapsi tarvitsee yleens\u00e4 huoltajan tai muun vanhempainvastuunkantajan suostumuksen tai valtuutuksen palveluiden k\u00e4ytt\u00f6\u00f6n. Suomessa ik\u00e4rajaksi on ehdotettu 13 vuotta.<\/p>\n<h2>Tietosuojak\u00e4yt\u00e4nn\u00f6n soveltaminen ja muutokset<\/h2>\n<p>Tilk!in tietosuojak\u00e4yt\u00e4nn\u00f6n viimeisin versio on aina luettavissa Tilk!in verkkosivustolla. Tietosuojak\u00e4yt\u00e4nt\u00f6 on voimassa kulloisellakin hetkell\u00e4 verkkosivustolla julkaistussa muodossa ja julkaistulla sis\u00e4ll\u00f6ll\u00e4. Tilk!ill\u00e4 on oikeus p\u00e4ivitt\u00e4\u00e4 tietosuojak\u00e4yt\u00e4nt\u00f6\u00e4 milloin tahansa. Jos tietosuojak\u00e4yt\u00e4nt\u00f6\u00e4 muutetaan, p\u00e4ivitetty k\u00e4yt\u00e4nt\u00f6 julkaistaan Tilk!in verkkosivustolla. Suosittelemme sinua toisinaan tarkistamaan tietosuojak\u00e4yt\u00e4nn\u00f6n.<\/p>\n<h2>Kysymykset ja yhteystiedot<\/h2>\n<p>\u00c4l\u00e4 ep\u00e4r\u00f6i ottaa meihin yhteytt\u00e4, jos sinulla on kysytt\u00e4v\u00e4\u00e4 t\u00e4st\u00e4 tietosuojak\u00e4yt\u00e4nn\u00f6st\u00e4, haluat oikaista virheellisen tiedon tai poistaa henkil\u00f6tietosi. L\u00e4het\u00e4 meille viesti osoitteessa fresh@tilk.bio<\/p>\n<\/div><\/div><\/div><\/div><\/div><\/div><\/div><\/div><\/div><\/div><\/div><\/div><\/section>\n","protected":false},"excerpt":{"rendered":"ToimitusMaksutPalautuksetTietosuojak\u00e4yt\u00e4nt\u00f6ToimitusL\u00e4het\u00e4mme tuotteet seuraavana ty\u00f6p\u00e4iv\u00e4n\u00e4 tilauksen esitt\u00e4misest\u00e4. L\u00e4hetysten toimitusaika riippuu sijainnistasi. Euroopassa toimitus kest\u00e4\u00e4 5-10 ty\u00f6p\u00e4iv\u00e4\u00e4, muualla maailmassa toimitusaika on 5-20 ty\u00f6p\u00e4iv\u00e4\u00e4. Teemme parhaamme toimittaaksemme tuotteesi mahdollisimman nopeasti. Hyv\u00e4\u00e4 kannattaa odottaa, t\u00e4m\u00e4 lause sopii t\u00e4ydellisesti Tilk! luonnonkosmetiikkaan! Tarjoamme ilmaisen toimituksen, kun ostat \u20ac70 tai enemm\u00e4n. Toimituskulut v\u00e4hennet\u00e4\u00e4n automaattisesti, kun ostoskorisi arvo ylitt\u00e4\u00e4 \u20ac70. Alle 70 \u20ac...","protected":false},"author":1192,"featured_media":0,"parent":0,"menu_order":0,"comment_status":"closed","ping_status":"closed","template":"","meta":{"_acf_changed":false,"footnotes":""},"class_list":["post-22892","page","type-page","status-publish","hentry"],"acf":[],"yoast_head":"<!-- This site is optimized with the Yoast SEO plugin v27.4 - https:\/\/yoast.com\/product\/yoast-seo-wordpress\/ -->\n<title>UKK - Tilk!<\/title>\n<meta name=\"robots\" content=\"index, follow, max-snippet:-1, max-image-preview:large, max-video-preview:-1\" \/>\n<link rel=\"canonical\" href=\"https:\/\/tilk.bio\/fi\/ukk\/\" \/>\n<meta property=\"og:locale\" content=\"fi_FI\" \/>\n<meta property=\"og:type\" content=\"article\" \/>\n<meta property=\"og:title\" content=\"UKK - Tilk!\" \/>\n<meta property=\"og:url\" content=\"https:\/\/tilk.bio\/fi\/ukk\/\" \/>\n<meta property=\"og:site_name\" content=\"Tilk!\" \/>\n<meta property=\"article:publisher\" content=\"https:\/\/www.facebook.com\/tilk.bio\/\" \/>\n<meta property=\"article:modified_time\" content=\"2023-11-17T19:40:15+00:00\" \/>\n<meta name=\"twitter:card\" content=\"summary_large_image\" \/>\n<meta name=\"twitter:label1\" content=\"Arvioitu lukuaika\" \/>\n\t<meta name=\"twitter:data1\" content=\"3 minuuttia\" \/>\n<script type=\"application\/ld+json\" class=\"yoast-schema-graph\">{\"@context\":\"https:\\\/\\\/schema.org\",\"@graph\":[{\"@type\":\"WebPage\",\"@id\":\"https:\\\/\\\/tilk.bio\\\/fi\\\/ukk\\\/\",\"url\":\"https:\\\/\\\/tilk.bio\\\/fi\\\/ukk\\\/\",\"name\":\"UKK - Tilk!\",\"isPartOf\":{\"@id\":\"https:\\\/\\\/tilk.bio\\\/et\\\/#website\"},\"datePublished\":\"2018-08-13T17:04:31+00:00\",\"dateModified\":\"2023-11-17T19:40:15+00:00\",\"breadcrumb\":{\"@id\":\"https:\\\/\\\/tilk.bio\\\/fi\\\/ukk\\\/#breadcrumb\"},\"inLanguage\":\"fi\",\"potentialAction\":[{\"@type\":\"ReadAction\",\"target\":[\"https:\\\/\\\/tilk.bio\\\/fi\\\/ukk\\\/\"]}]},{\"@type\":\"BreadcrumbList\",\"@id\":\"https:\\\/\\\/tilk.bio\\\/fi\\\/ukk\\\/#breadcrumb\",\"itemListElement\":[{\"@type\":\"ListItem\",\"position\":1,\"name\":\"Home\",\"item\":\"https:\\\/\\\/tilk.bio\\\/fi\\\/\"},{\"@type\":\"ListItem\",\"position\":2,\"name\":\"UKK\"}]},{\"@type\":\"WebSite\",\"@id\":\"https:\\\/\\\/tilk.bio\\\/et\\\/#website\",\"url\":\"https:\\\/\\\/tilk.bio\\\/et\\\/\",\"name\":\"Tilk!\",\"description\":\"Natural and sustainable skincare!\",\"potentialAction\":[{\"@type\":\"SearchAction\",\"target\":{\"@type\":\"EntryPoint\",\"urlTemplate\":\"https:\\\/\\\/tilk.bio\\\/et\\\/?s={search_term_string}\"},\"query-input\":{\"@type\":\"PropertyValueSpecification\",\"valueRequired\":true,\"valueName\":\"search_term_string\"}}],\"inLanguage\":\"fi\"}]}<\/script>\n<!-- \/ Yoast SEO plugin. -->","yoast_head_json":{"title":"UKK - Tilk!","robots":{"index":"index","follow":"follow","max-snippet":"max-snippet:-1","max-image-preview":"max-image-preview:large","max-video-preview":"max-video-preview:-1"},"canonical":"https:\/\/tilk.bio\/fi\/ukk\/","og_locale":"fi_FI","og_type":"article","og_title":"UKK - Tilk!","og_url":"https:\/\/tilk.bio\/fi\/ukk\/","og_site_name":"Tilk!","article_publisher":"https:\/\/www.facebook.com\/tilk.bio\/","article_modified_time":"2023-11-17T19:40:15+00:00","twitter_card":"summary_large_image","twitter_misc":{"Arvioitu lukuaika":"3 minuuttia"},"schema":{"@context":"https:\/\/schema.org","@graph":[{"@type":"WebPage","@id":"https:\/\/tilk.bio\/fi\/ukk\/","url":"https:\/\/tilk.bio\/fi\/ukk\/","name":"UKK - Tilk!","isPartOf":{"@id":"https:\/\/tilk.bio\/et\/#website"},"datePublished":"2018-08-13T17:04:31+00:00","dateModified":"2023-11-17T19:40:15+00:00","breadcrumb":{"@id":"https:\/\/tilk.bio\/fi\/ukk\/#breadcrumb"},"inLanguage":"fi","potentialAction":[{"@type":"ReadAction","target":["https:\/\/tilk.bio\/fi\/ukk\/"]}]},{"@type":"BreadcrumbList","@id":"https:\/\/tilk.bio\/fi\/ukk\/#breadcrumb","itemListElement":[{"@type":"ListItem","position":1,"name":"Home","item":"https:\/\/tilk.bio\/fi\/"},{"@type":"ListItem","position":2,"name":"UKK"}]},{"@type":"WebSite","@id":"https:\/\/tilk.bio\/et\/#website","url":"https:\/\/tilk.bio\/et\/","name":"Tilk!","description":"Natural and sustainable skincare!","potentialAction":[{"@type":"SearchAction","target":{"@type":"EntryPoint","urlTemplate":"https:\/\/tilk.bio\/et\/?s={search_term_string}"},"query-input":{"@type":"PropertyValueSpecification","valueRequired":true,"valueName":"search_term_string"}}],"inLanguage":"fi"}]}},"_links":{"self":[{"href":"https:\/\/tilk.bio\/fi\/wp-json\/wp\/v2\/pages\/22892","targetHints":{"allow":["GET"]}}],"collection":[{"href":"https:\/\/tilk.bio\/fi\/wp-json\/wp\/v2\/pages"}],"about":[{"href":"https:\/\/tilk.bio\/fi\/wp-json\/wp\/v2\/types\/page"}],"author":[{"embeddable":true,"href":"https:\/\/tilk.bio\/fi\/wp-json\/wp\/v2\/users\/1192"}],"replies":[{"embeddable":true,"href":"https:\/\/tilk.bio\/fi\/wp-json\/wp\/v2\/comments?post=22892"}],"version-history":[{"count":0,"href":"https:\/\/tilk.bio\/fi\/wp-json\/wp\/v2\/pages\/22892\/revisions"}],"wp:attachment":[{"href":"https:\/\/tilk.bio\/fi\/wp-json\/wp\/v2\/media?parent=22892"}],"curies":[{"name":"wp","href":"https:\/\/api.w.org\/{rel}","templated":true}]}}