{"id":22898,"date":"2018-08-13T17:10:09","date_gmt":"2018-08-13T17:10:09","guid":{"rendered":"https:\/\/tilk.bio\/?page_id=22898"},"modified":"2021-11-29T12:26:39","modified_gmt":"2021-11-29T10:26:39","slug":"sinun-ihotyyppisi","status":"publish","type":"page","link":"https:\/\/tilk.bio\/fi\/sinun-ihotyyppisi\/","title":{"rendered":"Mik\u00e4 on ihotyyppisi"},"content":{"rendered":"<section class=\"l-section wpb_row skin-types-header height_medium\"><div class=\"l-section-overlay\" style=\"background:#FFEEEE\"><\/div><div class=\"l-section-h i-cf\"><div class=\"g-cols vc_row via_flex valign_top type_default stacking_default\"><div class=\"vc_col-sm-8 wpb_column vc_column_container\"><div class=\"vc_column-inner\"><div class=\"wpb_wrapper\"><div class=\"wpb_text_column\"><div class=\"wpb_wrapper\"><h1>Valitse ihotyypillesi sopiva Tilk! -voide<\/h1>\n<p>Mik\u00e4 on ihotyyppisi? Onko ihosi normaali, kuiva vai rasvainen? Onko sinulla sekaiho vai onko ihosi kovin herkk\u00e4? Omalle ihotyypille sopivalla voiteella saavutat parhaat hoitotulokset. Voidereseptej\u00e4 laatiessamme ja niiden bioaktiivisia ainesosia valitessamme olemme huomioineet eri ihotyyppien tarpeet. Suosittelemme selvitt\u00e4m\u00e4\u00e4n oman ihotyyppisi, jotta osaat valita sopivimman Tilk! -voiteen ja nauttia sen aikaansaamasta lopputuloksesta!<\/p>\n<\/div><\/div><\/div><\/div><\/div><div class=\"vc_col-sm-4 wpb_column vc_column_container\"><div class=\"vc_column-inner\"><div class=\"wpb_wrapper\"><div class=\"w-image align_none\"><div class=\"w-image-h\"><img decoding=\"async\" width=\"994\" height=\"1152\" src=\"https:\/\/tilk.bio\/wp-content\/uploads\/2021\/09\/skin-types.jpg\" class=\"attachment-full size-full\" alt=\"\" loading=\"lazy\" srcset=\"https:\/\/tilk.bio\/wp-content\/uploads\/2021\/09\/skin-types.jpg 994w, https:\/\/tilk.bio\/wp-content\/uploads\/2021\/09\/skin-types-259x300.jpg 259w, https:\/\/tilk.bio\/wp-content\/uploads\/2021\/09\/skin-types-884x1024.jpg 884w\" sizes=\"auto, (max-width: 994px) 100vw, 994px\" \/><\/div><\/div><\/div><\/div><\/div><\/div><\/div><\/section><section class=\"l-section wpb_row skin-types-grid height_medium\"><div class=\"l-section-h i-cf\"><div class=\"g-cols vc_row via_flex valign_top type_default stacking_default\"><div class=\"vc_col-sm-12 wpb_column vc_column_container\"><div class=\"vc_column-inner\"><div class=\"wpb_wrapper\"><div class=\"g-cols wpb_row us_custom_2dbf7b3f via_flex valign_top type_default stacking_default\"><div class=\"vc_col-sm-3 wpb_column vc_column_container\"><div class=\"vc_column-inner\"><div class=\"wpb_wrapper\"><div class=\"w-image align_none\"><a title=\"Ik\u00e4\u00e4ntyv\u00e4 iho\" href=\"https:\/\/tilk.bio\/fi\/sinun-ihotyyppisi\/ikaantyva-iho\/\" aria-label=\"ageing-skin\" class=\"w-image-h\"><img decoding=\"async\" width=\"536\" height=\"532\" src=\"https:\/\/tilk.bio\/wp-content\/uploads\/2021\/09\/ageing-skin.png\" class=\"attachment-full size-full\" alt=\"\" loading=\"lazy\" srcset=\"https:\/\/tilk.bio\/wp-content\/uploads\/2021\/09\/ageing-skin.png 536w, https:\/\/tilk.bio\/wp-content\/uploads\/2021\/09\/ageing-skin-150x150.png 150w, https:\/\/tilk.bio\/wp-content\/uploads\/2021\/09\/ageing-skin-300x298.png 300w\" sizes=\"auto, (max-width: 536px) 100vw, 536px\" \/><\/a><\/div>[vc_custom_heading text=&#8221;Ik\u00e4\u00e4ntyv\u00e4 iho&#8221; font_container=&#8221;tag:h2|text_align:center&#8221; use_theme_fonts=&#8221;yes&#8221; link=&#8221;url:https%3A%2F%2Ftilk.bio%2Ffi%2Fsinun-ihotyyppisi%2Fikaantyva-iho%2F|title:Ik%C3%A4%C3%A4ntyv%C3%A4%20iho|&#8221;]<\/div><\/div><\/div><div class=\"vc_col-sm-3 wpb_column vc_column_container\"><div class=\"vc_column-inner\"><div class=\"wpb_wrapper\"><div class=\"w-image align_none\"><a title=\"Normaali ja sekaiho\" href=\"https:\/\/tilk.bio\/fi\/sinun-ihotyyppisi\/normaali-ja-sekaiho\/\" aria-label=\"normaali-iho\" class=\"w-image-h\"><img decoding=\"async\" width=\"536\" height=\"532\" src=\"https:\/\/tilk.bio\/wp-content\/uploads\/2021\/09\/normal-skin.jpg\" class=\"attachment-full size-full\" alt=\"\" loading=\"lazy\" srcset=\"https:\/\/tilk.bio\/wp-content\/uploads\/2021\/09\/normal-skin.jpg 536w, https:\/\/tilk.bio\/wp-content\/uploads\/2021\/09\/normal-skin-150x150.jpg 150w, https:\/\/tilk.bio\/wp-content\/uploads\/2021\/09\/normal-skin-300x298.jpg 300w\" sizes=\"auto, (max-width: 536px) 100vw, 536px\" \/><\/a><\/div>[vc_custom_heading text=&#8221;Normaali ja sekaiho&#8221; font_container=&#8221;tag:h2|text_align:center&#8221; use_theme_fonts=&#8221;yes&#8221; link=&#8221;url:https%3A%2F%2Ftilk.bio%2Ffi%2Fsinun-ihotyyppisi%2Fnormaali-ja-sekaiho%2F|title:Normaali%20ja%20sekaiho|&#8221;]<\/div><\/div><\/div><div class=\"vc_col-sm-3 wpb_column vc_column_container\"><div class=\"vc_column-inner\"><div class=\"wpb_wrapper\"><div class=\"w-image align_none\"><a title=\"Herkk\u00e4 iho\" href=\"https:\/\/tilk.bio\/fi\/sinun-ihotyyppisi\/herkka-iho\/\" aria-label=\"sensitive-skin\" class=\"w-image-h\"><img decoding=\"async\" width=\"536\" height=\"532\" src=\"https:\/\/tilk.bio\/wp-content\/uploads\/2021\/09\/sensitive-skin.jpg\" class=\"attachment-full size-full\" alt=\"\" loading=\"lazy\" srcset=\"https:\/\/tilk.bio\/wp-content\/uploads\/2021\/09\/sensitive-skin.jpg 536w, https:\/\/tilk.bio\/wp-content\/uploads\/2021\/09\/sensitive-skin-150x150.jpg 150w, https:\/\/tilk.bio\/wp-content\/uploads\/2021\/09\/sensitive-skin-300x298.jpg 300w\" sizes=\"auto, (max-width: 536px) 100vw, 536px\" \/><\/a><\/div>[vc_custom_heading text=&#8221;Herkk\u00e4 iho&#8221; font_container=&#8221;tag:h2|text_align:center&#8221; use_theme_fonts=&#8221;yes&#8221; link=&#8221;url:https%3A%2F%2Ftilk.bio%2Ffi%2Fsinun-ihotyyppisi%2Fherkka-iho%2F|title:Herkk%C3%A4%20iho|&#8221;]<\/div><\/div><\/div><div class=\"vc_col-sm-3 wpb_column vc_column_container\"><div class=\"vc_column-inner\"><div class=\"wpb_wrapper\"><div class=\"w-image align_none\"><a title=\"Rasvainen ja akneiho\" href=\"https:\/\/tilk.bio\/fi\/sinun-ihotyyppisi\/rasvainen-iho\/\" aria-label=\"acne-oily-skin\" class=\"w-image-h\"><img decoding=\"async\" width=\"536\" height=\"532\" src=\"https:\/\/tilk.bio\/wp-content\/uploads\/2021\/09\/acne-oily-skin.jpg\" class=\"attachment-full size-full\" alt=\"\" loading=\"lazy\" srcset=\"https:\/\/tilk.bio\/wp-content\/uploads\/2021\/09\/acne-oily-skin.jpg 536w, https:\/\/tilk.bio\/wp-content\/uploads\/2021\/09\/acne-oily-skin-150x150.jpg 150w, https:\/\/tilk.bio\/wp-content\/uploads\/2021\/09\/acne-oily-skin-300x298.jpg 300w\" sizes=\"auto, (max-width: 536px) 100vw, 536px\" \/><\/a><\/div>[vc_custom_heading text=&#8221;Rasvainen ja akneiho&#8221; font_container=&#8221;tag:h2|text_align:center&#8221; use_theme_fonts=&#8221;yes&#8221; link=&#8221;url:https%3A%2F%2Ftilk.bio%2Ffi%2Fsinun-ihotyyppisi%2Frasvainen-iho%2F|title:Rasvainen%20ja%20akneiho|&#8221;]<\/div><\/div><\/div><\/div><div class=\"g-cols wpb_row via_flex valign_top type_default stacking_default\"><div class=\"vc_col-sm-3 wpb_column vc_column_container\"><div class=\"vc_column-inner\"><div class=\"wpb_wrapper\"><div class=\"w-image align_none\"><a title=\"Miehille\" href=\"https:\/\/tilk.bio\/fi\/sinun-ihotyyppisi\/miehelle\/\" aria-label=\"men-skin\" class=\"w-image-h\"><img decoding=\"async\" width=\"536\" height=\"532\" src=\"https:\/\/tilk.bio\/wp-content\/uploads\/2021\/09\/men-skin.jpg\" class=\"attachment-full size-full\" alt=\"\" loading=\"lazy\" srcset=\"https:\/\/tilk.bio\/wp-content\/uploads\/2021\/09\/men-skin.jpg 536w, https:\/\/tilk.bio\/wp-content\/uploads\/2021\/09\/men-skin-150x150.jpg 150w, https:\/\/tilk.bio\/wp-content\/uploads\/2021\/09\/men-skin-300x298.jpg 300w\" sizes=\"auto, (max-width: 536px) 100vw, 536px\" \/><\/a><\/div>[vc_custom_heading text=&#8221;Miehille&#8221; font_container=&#8221;tag:h2|text_align:center&#8221; use_theme_fonts=&#8221;yes&#8221; link=&#8221;url:https%3A%2F%2Ftilk.bio%2Ffi%2Fsinun-ihotyyppisi%2Fmiehelle%2F|title:Miehille|&#8221;]<\/div><\/div><\/div><div class=\"vc_col-sm-3 wpb_column vc_column_container\"><div class=\"vc_column-inner\"><div class=\"wpb_wrapper\"><div class=\"w-image align_none\"><a title=\"Vartalonhoito\" href=\"https:\/\/tilk.bio\/fi\/sinun-ihotyyppisi\/katesi\/\" aria-label=\"body-hands\" class=\"w-image-h\"><img decoding=\"async\" width=\"536\" height=\"532\" src=\"https:\/\/tilk.bio\/wp-content\/uploads\/2021\/09\/body-hands.jpg\" class=\"attachment-full size-full\" alt=\"\" loading=\"lazy\" srcset=\"https:\/\/tilk.bio\/wp-content\/uploads\/2021\/09\/body-hands.jpg 536w, https:\/\/tilk.bio\/wp-content\/uploads\/2021\/09\/body-hands-150x150.jpg 150w, https:\/\/tilk.bio\/wp-content\/uploads\/2021\/09\/body-hands-300x298.jpg 300w\" sizes=\"auto, (max-width: 536px) 100vw, 536px\" \/><\/a><\/div>[vc_custom_heading text=&#8221;Vartalonhoito&#8221; font_container=&#8221;tag:h2|text_align:center&#8221; use_theme_fonts=&#8221;yes&#8221; link=&#8221;url:https%3A%2F%2Ftilk.bio%2Ffi%2Fsinun-ihotyyppisi%2Fkatesi%2F|title:Vartalonhoito|&#8221;]<\/div><\/div><\/div><div class=\"vc_col-sm-3 wpb_column vc_column_container\"><div class=\"vc_column-inner\"><div class=\"wpb_wrapper\"><div class=\"w-image align_none\"><a title=\"Kuiva iho\" href=\"https:\/\/tilk.bio\/fi\/sinun-ihotyyppisi\/kuiva-iho\/\" aria-label=\"dry-dehydrated-sking\" class=\"w-image-h\"><img decoding=\"async\" width=\"536\" height=\"534\" src=\"https:\/\/tilk.bio\/wp-content\/uploads\/2021\/09\/dry-dehydrated-sking.jpg\" class=\"attachment-full size-full\" alt=\"\" loading=\"lazy\" srcset=\"https:\/\/tilk.bio\/wp-content\/uploads\/2021\/09\/dry-dehydrated-sking.jpg 536w, https:\/\/tilk.bio\/wp-content\/uploads\/2021\/09\/dry-dehydrated-sking-150x150.jpg 150w, https:\/\/tilk.bio\/wp-content\/uploads\/2021\/09\/dry-dehydrated-sking-300x300.jpg 300w\" sizes=\"auto, (max-width: 536px) 100vw, 536px\" \/><\/a><\/div>[vc_custom_heading text=&#8221;Kuiva iho&#8221; font_container=&#8221;tag:h2|text_align:center&#8221; use_theme_fonts=&#8221;yes&#8221; link=&#8221;url:https%3A%2F%2Ftilk.bio%2Ffi%2Fsinun-ihotyyppisi%2Fkuiva-iho%2F|title:Kuiva%20iho|&#8221;]<\/div><\/div><\/div><div class=\"vc_col-sm-3 wpb_column vc_column_container\"><div class=\"vc_column-inner\"><div class=\"wpb_wrapper\"><\/div><\/div><\/div><\/div><\/div><\/div><\/div><\/div><\/div><\/section>\n","protected":false},"excerpt":{"rendered":"Valitse ihotyypillesi sopiva Tilk! -voide Mik\u00e4 on ihotyyppisi? Onko ihosi normaali, kuiva vai rasvainen? Onko sinulla sekaiho vai onko ihosi kovin herkk\u00e4? Omalle ihotyypille sopivalla voiteella saavutat parhaat hoitotulokset. Voidereseptej\u00e4 laatiessamme ja niiden bioaktiivisia ainesosia valitessamme olemme huomioineet eri ihotyyppien tarpeet. Suosittelemme selvitt\u00e4m\u00e4\u00e4n oman ihotyyppisi, jotta osaat valita sopivimman Tilk! -voiteen ja nauttia sen aikaansaamasta...","protected":false},"author":47,"featured_media":57330,"parent":0,"menu_order":0,"comment_status":"closed","ping_status":"closed","template":"","meta":{"_acf_changed":false,"footnotes":""},"class_list":["post-22898","page","type-page","status-publish","has-post-thumbnail","hentry"],"acf":[],"yoast_head":"<!-- This site is optimized with the Yoast SEO plugin v27.3 - https:\/\/yoast.com\/product\/yoast-seo-wordpress\/ -->\n<title>Mik\u00e4 on ihotyyppisi - Tilk! bioactive skincare<\/title>\n<meta name=\"description\" content=\"Onko ihosi normaali, kuiva vai rasvainen? Onko sinulla sekaiho vai onko ihosi kovin herkk\u00e4? Valitse ihotyypillesi sopiva Tilk! -voide.\" \/>\n<meta name=\"robots\" content=\"index, follow, max-snippet:-1, max-image-preview:large, max-video-preview:-1\" \/>\n<link rel=\"canonical\" href=\"https:\/\/tilk.bio\/find-your-skin-type\/\" \/>\n<meta property=\"og:locale\" content=\"fi_FI\" \/>\n<meta property=\"og:type\" content=\"article\" \/>\n<meta property=\"og:title\" content=\"Mik\u00e4 on ihotyyppisi - Tilk! bioactive skincare\" \/>\n<meta property=\"og:description\" content=\"Mik\u00e4 on ihotyyppisi? Onko ihosi normaali, kuiva vai rasvainen? Onko sinulla sekaiho vai onko ihosi kovin herkk\u00e4? Omalle ihotyypille sopivalla voiteella saavutat parhaat hoitotulokset. Suosittelemme selvitt\u00e4m\u00e4\u00e4n oman ihotyyppisi, jotta osaat valita sopivimman Tilk! -voiteen ja nauttia sen aikaansaamasta lopputuloksesta!\" \/>\n<meta property=\"og:url\" content=\"https:\/\/tilk.bio\/find-your-skin-type\/\" \/>\n<meta property=\"og:site_name\" content=\"Tilk!\" \/>\n<meta property=\"article:publisher\" content=\"https:\/\/www.facebook.com\/tilk.bio\/\" \/>\n<meta property=\"article:modified_time\" content=\"2021-11-29T10:26:39+00:00\" \/>\n<meta property=\"og:image\" content=\"https:\/\/tilk.bio\/wp-content\/uploads\/2014\/11\/tilk-natural-skincare_5.jpg\" \/>\n<meta name=\"twitter:card\" content=\"summary_large_image\" \/>\n<meta name=\"twitter:description\" content=\"Mik\u00e4 on ihotyyppisi? Onko ihosi normaali, kuiva vai rasvainen? Onko sinulla sekaiho vai onko ihosi kovin herkk\u00e4? Omalle ihotyypille sopivalla voiteella saavutat parhaat hoitotulokset. Suosittelemme selvitt\u00e4m\u00e4\u00e4n oman ihotyyppisi, jotta osaat valita sopivimman Tilk! -voiteen ja nauttia sen aikaansaamasta lopputuloksesta!\" \/>\n<meta name=\"twitter:image\" content=\"https:\/\/tilk.bio\/wp-content\/uploads\/2014\/11\/tilk-natural-skincare_5.jpg\" \/>\n<meta name=\"twitter:label1\" content=\"Arvioitu lukuaika\" \/>\n\t<meta name=\"twitter:data1\" content=\"3 minuuttia\" \/>\n<script type=\"application\/ld+json\" class=\"yoast-schema-graph\">{\"@context\":\"https:\\\/\\\/schema.org\",\"@graph\":[{\"@type\":\"WebPage\",\"@id\":\"https:\\\/\\\/tilk.bio\\\/find-your-skin-type\\\/\",\"url\":\"https:\\\/\\\/tilk.bio\\\/find-your-skin-type\\\/\",\"name\":\"Mik\u00e4 on ihotyyppisi - Tilk! bioactive skincare\",\"isPartOf\":{\"@id\":\"https:\\\/\\\/tilk.bio\\\/et\\\/#website\"},\"primaryImageOfPage\":{\"@id\":\"https:\\\/\\\/tilk.bio\\\/find-your-skin-type\\\/#primaryimage\"},\"image\":{\"@id\":\"https:\\\/\\\/tilk.bio\\\/find-your-skin-type\\\/#primaryimage\"},\"thumbnailUrl\":\"https:\\\/\\\/tilk.bio\\\/wp-content\\\/uploads\\\/2021\\\/09\\\/normal-skin.jpg\",\"datePublished\":\"2018-08-13T17:10:09+00:00\",\"dateModified\":\"2021-11-29T10:26:39+00:00\",\"description\":\"Onko ihosi normaali, kuiva vai rasvainen? Onko sinulla sekaiho vai onko ihosi kovin herkk\u00e4? Valitse ihotyypillesi sopiva Tilk! -voide.\",\"breadcrumb\":{\"@id\":\"https:\\\/\\\/tilk.bio\\\/find-your-skin-type\\\/#breadcrumb\"},\"inLanguage\":\"fi\",\"potentialAction\":[{\"@type\":\"ReadAction\",\"target\":[\"https:\\\/\\\/tilk.bio\\\/find-your-skin-type\\\/\"]}]},{\"@type\":\"ImageObject\",\"inLanguage\":\"fi\",\"@id\":\"https:\\\/\\\/tilk.bio\\\/find-your-skin-type\\\/#primaryimage\",\"url\":\"https:\\\/\\\/tilk.bio\\\/wp-content\\\/uploads\\\/2021\\\/09\\\/normal-skin.jpg\",\"contentUrl\":\"https:\\\/\\\/tilk.bio\\\/wp-content\\\/uploads\\\/2021\\\/09\\\/normal-skin.jpg\",\"width\":536,\"height\":532},{\"@type\":\"BreadcrumbList\",\"@id\":\"https:\\\/\\\/tilk.bio\\\/find-your-skin-type\\\/#breadcrumb\",\"itemListElement\":[{\"@type\":\"ListItem\",\"position\":1,\"name\":\"Home\",\"item\":\"https:\\\/\\\/tilk.bio\\\/fi\\\/\"},{\"@type\":\"ListItem\",\"position\":2,\"name\":\"Mik\u00e4 on ihotyyppisi\"}]},{\"@type\":\"WebSite\",\"@id\":\"https:\\\/\\\/tilk.bio\\\/et\\\/#website\",\"url\":\"https:\\\/\\\/tilk.bio\\\/et\\\/\",\"name\":\"Tilk!\",\"description\":\"Natural and sustainable skincare!\",\"potentialAction\":[{\"@type\":\"SearchAction\",\"target\":{\"@type\":\"EntryPoint\",\"urlTemplate\":\"https:\\\/\\\/tilk.bio\\\/et\\\/?s={search_term_string}\"},\"query-input\":{\"@type\":\"PropertyValueSpecification\",\"valueRequired\":true,\"valueName\":\"search_term_string\"}}],\"inLanguage\":\"fi\"}]}<\/script>\n<!-- \/ Yoast SEO plugin. -->","yoast_head_json":{"title":"Mik\u00e4 on ihotyyppisi - Tilk! bioactive skincare","description":"Onko ihosi normaali, kuiva vai rasvainen? Onko sinulla sekaiho vai onko ihosi kovin herkk\u00e4? Valitse ihotyypillesi sopiva Tilk! -voide.","robots":{"index":"index","follow":"follow","max-snippet":"max-snippet:-1","max-image-preview":"max-image-preview:large","max-video-preview":"max-video-preview:-1"},"canonical":"https:\/\/tilk.bio\/find-your-skin-type\/","og_locale":"fi_FI","og_type":"article","og_title":"Mik\u00e4 on ihotyyppisi - Tilk! bioactive skincare","og_description":"Mik\u00e4 on ihotyyppisi? Onko ihosi normaali, kuiva vai rasvainen? Onko sinulla sekaiho vai onko ihosi kovin herkk\u00e4? Omalle ihotyypille sopivalla voiteella saavutat parhaat hoitotulokset. Suosittelemme selvitt\u00e4m\u00e4\u00e4n oman ihotyyppisi, jotta osaat valita sopivimman Tilk! -voiteen ja nauttia sen aikaansaamasta lopputuloksesta!","og_url":"https:\/\/tilk.bio\/find-your-skin-type\/","og_site_name":"Tilk!","article_publisher":"https:\/\/www.facebook.com\/tilk.bio\/","article_modified_time":"2021-11-29T10:26:39+00:00","og_image":[{"url":"https:\/\/tilk.bio\/wp-content\/uploads\/2014\/11\/tilk-natural-skincare_5.jpg","type":"","width":"","height":""}],"twitter_card":"summary_large_image","twitter_description":"Mik\u00e4 on ihotyyppisi? Onko ihosi normaali, kuiva vai rasvainen? Onko sinulla sekaiho vai onko ihosi kovin herkk\u00e4? Omalle ihotyypille sopivalla voiteella saavutat parhaat hoitotulokset. Suosittelemme selvitt\u00e4m\u00e4\u00e4n oman ihotyyppisi, jotta osaat valita sopivimman Tilk! -voiteen ja nauttia sen aikaansaamasta lopputuloksesta!","twitter_image":"https:\/\/tilk.bio\/wp-content\/uploads\/2014\/11\/tilk-natural-skincare_5.jpg","twitter_misc":{"Arvioitu lukuaika":"3 minuuttia"},"schema":{"@context":"https:\/\/schema.org","@graph":[{"@type":"WebPage","@id":"https:\/\/tilk.bio\/find-your-skin-type\/","url":"https:\/\/tilk.bio\/find-your-skin-type\/","name":"Mik\u00e4 on ihotyyppisi - Tilk! bioactive skincare","isPartOf":{"@id":"https:\/\/tilk.bio\/et\/#website"},"primaryImageOfPage":{"@id":"https:\/\/tilk.bio\/find-your-skin-type\/#primaryimage"},"image":{"@id":"https:\/\/tilk.bio\/find-your-skin-type\/#primaryimage"},"thumbnailUrl":"https:\/\/tilk.bio\/wp-content\/uploads\/2021\/09\/normal-skin.jpg","datePublished":"2018-08-13T17:10:09+00:00","dateModified":"2021-11-29T10:26:39+00:00","description":"Onko ihosi normaali, kuiva vai rasvainen? Onko sinulla sekaiho vai onko ihosi kovin herkk\u00e4? Valitse ihotyypillesi sopiva Tilk! -voide.","breadcrumb":{"@id":"https:\/\/tilk.bio\/find-your-skin-type\/#breadcrumb"},"inLanguage":"fi","potentialAction":[{"@type":"ReadAction","target":["https:\/\/tilk.bio\/find-your-skin-type\/"]}]},{"@type":"ImageObject","inLanguage":"fi","@id":"https:\/\/tilk.bio\/find-your-skin-type\/#primaryimage","url":"https:\/\/tilk.bio\/wp-content\/uploads\/2021\/09\/normal-skin.jpg","contentUrl":"https:\/\/tilk.bio\/wp-content\/uploads\/2021\/09\/normal-skin.jpg","width":536,"height":532},{"@type":"BreadcrumbList","@id":"https:\/\/tilk.bio\/find-your-skin-type\/#breadcrumb","itemListElement":[{"@type":"ListItem","position":1,"name":"Home","item":"https:\/\/tilk.bio\/fi\/"},{"@type":"ListItem","position":2,"name":"Mik\u00e4 on ihotyyppisi"}]},{"@type":"WebSite","@id":"https:\/\/tilk.bio\/et\/#website","url":"https:\/\/tilk.bio\/et\/","name":"Tilk!","description":"Natural and sustainable skincare!","potentialAction":[{"@type":"SearchAction","target":{"@type":"EntryPoint","urlTemplate":"https:\/\/tilk.bio\/et\/?s={search_term_string}"},"query-input":{"@type":"PropertyValueSpecification","valueRequired":true,"valueName":"search_term_string"}}],"inLanguage":"fi"}]}},"_links":{"self":[{"href":"https:\/\/tilk.bio\/fi\/wp-json\/wp\/v2\/pages\/22898","targetHints":{"allow":["GET"]}}],"collection":[{"href":"https:\/\/tilk.bio\/fi\/wp-json\/wp\/v2\/pages"}],"about":[{"href":"https:\/\/tilk.bio\/fi\/wp-json\/wp\/v2\/types\/page"}],"author":[{"embeddable":true,"href":"https:\/\/tilk.bio\/fi\/wp-json\/wp\/v2\/users\/47"}],"replies":[{"embeddable":true,"href":"https:\/\/tilk.bio\/fi\/wp-json\/wp\/v2\/comments?post=22898"}],"version-history":[{"count":0,"href":"https:\/\/tilk.bio\/fi\/wp-json\/wp\/v2\/pages\/22898\/revisions"}],"wp:featuredmedia":[{"embeddable":true,"href":"https:\/\/tilk.bio\/fi\/wp-json\/wp\/v2\/media\/57330"}],"wp:attachment":[{"href":"https:\/\/tilk.bio\/fi\/wp-json\/wp\/v2\/media?parent=22898"}],"curies":[{"name":"wp","href":"https:\/\/api.w.org\/{rel}","templated":true}]}}