{"id":22981,"date":"2018-08-14T21:17:18","date_gmt":"2018-08-14T21:17:18","guid":{"rendered":"https:\/\/tilk.bio\/?page_id=22981"},"modified":"2021-06-20T18:20:03","modified_gmt":"2021-06-20T18:20:03","slug":"pille-lengi-tilk-brandin-luoja","status":"publish","type":"page","link":"https:\/\/tilk.bio\/fi\/pille-lengi-tilk-brandin-luoja\/","title":{"rendered":"Minun tarinani"},"content":{"rendered":"<section class=\"l-section wpb_row us_custom_19737bc8 text-content height_medium\"><div class=\"l-section-h i-cf\"><div class=\"g-cols vc_row via_flex valign_top type_default stacking_default\"><div class=\"vc_col-sm-12 wpb_column vc_column_container\"><div class=\"vc_column-inner\"><div class=\"wpb_wrapper\"><div class=\"wpb_text_column\"><div class=\"wpb_wrapper\"><h1>Minun tarinani<\/h1>\n<p><a ref=\"magnificPopup\" href=\"https:\/\/tilk.bio\/wp-content\/uploads\/2019\/09\/DSC05935-e1568845427442.jpg\"><img loading=\"lazy\" decoding=\"async\" class=\"alignright wp-image-32550 size-medium\" src=\"https:\/\/tilk.bio\/wp-content\/uploads\/2019\/09\/DSC05935-300x200.jpg\" alt=\"\" width=\"300\" height=\"200\" \/><\/a><\/p>\n<p>Tilk! syntyi rakkaudesta matkustamiseen. Olen monipuolinen maailmanmatkaaja, ja rakastan niin rannalla makoilua, vaeltamista kuin suurkaupunkienkin tutkimista. Huomasin reissatessani, ett\u00e4 matkustellessa ihoni ja kehoni meniv\u00e4t usein huonoon kuntoon runsaasta lent\u00e4misest\u00e4, auringosta ja ilmansaasteista.<\/p>\n<p>Vuosina 2011-2013 Pekingiss\u00e4 asuessani opin todella paljon kiinalaisesta l\u00e4\u00e4ketieteest\u00e4 ja luonnollisista \u00f6ljyist\u00e4. Uuden tietotaitoni avulla ja omista matkoistani inspiroituneena loin Tilk!:in, uuden luonnollisen kosmetiikkabr\u00e4ndin, jotta tuntisin itseni kauniiksi jokaisella matkalla. Nyt minun ei tarvitse huolehtia ihoni kunnosta riippumatta siit\u00e4, mihin tieni ja matkani johtavat, koska minulla on jokaiseen ilmastoon sopivat luonnolliset ihonhoitotuotteet. Eik\u00e4 siit\u00e4k\u00e4\u00e4n ole haittaa, ett\u00e4 tuotteet tulevat kauniissa pakkauksissa jotka mahtuvat aina mukaan &#8211; my\u00f6s k\u00e4simatkatavaroihin!<\/p>\n<p>Moussemaiset ja raikkaat voiteemme sis\u00e4lt\u00e4v\u00e4t vain parhaita, luonnollisia ainesosia sek\u00e4 maailmalta ett\u00e4 Viron Saarenmaalta. Poimimme tuotteidemme ainesosia k\u00e4sin perheeni kanssa Saarenmaalta kev\u00e4isin ja kes\u00e4isin. Kaikki ihonhoitotuotteemme on valmistettu sataprosenttisesti luonnollisista ainesosista, eiv\u00e4tk\u00e4 ne sis\u00e4ll\u00e4 mineraali\u00f6ljyj\u00e4 tai parabeeneja. Tuotteitamme ei testata el\u00e4imill\u00e4.<\/p>\n<p>Tilk! on minun tapani v\u00e4litt\u00e4\u00e4 Eestin puhtaan luonnon antimia maailmalle.<\/p>\n<p>rakkaudella,<\/p>\n<p>Pille Lengi<br \/>\nTilk! -br\u00e4ndin luoja<\/p>\n<\/div><\/div><\/div><\/div><\/div><\/div><\/div><\/section><section class=\"l-section wpb_row height_medium\"><div class=\"l-section-h i-cf\"><div class=\"g-cols vc_row via_flex valign_top type_default stacking_default\"><div class=\"vc_col-sm-12 wpb_column vc_column_container\"><div class=\"vc_column-inner\"><div class=\"wpb_wrapper\"><div class=\"g-cols wpb_row via_flex valign_top type_default stacking_default\"><div class=\"vc_col-sm-6 wpb_column vc_column_container\"><div class=\"vc_column-inner\"><div class=\"wpb_wrapper\"><div class=\"w-image align_none\"><div class=\"w-image-h\"><img decoding=\"async\" width=\"768\" height=\"432\" src=\"https:\/\/tilk.bio\/wp-content\/uploads\/2017\/03\/about-us.jpg\" class=\"attachment-full size-full\" alt=\"Pille Lengi\" loading=\"lazy\" \/><\/div><\/div><\/div><\/div><\/div><div class=\"vc_col-sm-6 wpb_column vc_column_container\"><div class=\"vc_column-inner\"><div class=\"wpb_wrapper\"><div class=\"w-image align_none\"><div class=\"w-image-h\"><img decoding=\"async\" width=\"960\" height=\"540\" src=\"https:\/\/tilk.bio\/wp-content\/uploads\/2017\/03\/234.jpg\" class=\"attachment-full size-full\" alt=\"Pille Lengi\" loading=\"lazy\" srcset=\"https:\/\/tilk.bio\/wp-content\/uploads\/2017\/03\/234.jpg 960w, https:\/\/tilk.bio\/wp-content\/uploads\/2017\/03\/234-300x169.jpg 300w, https:\/\/tilk.bio\/wp-content\/uploads\/2017\/03\/234-768x432.jpg 768w, https:\/\/tilk.bio\/wp-content\/uploads\/2017\/03\/234-740x416.jpg 740w\" sizes=\"auto, (max-width: 960px) 100vw, 960px\" \/><\/div><\/div><\/div><\/div><\/div><\/div><\/div><\/div><\/div><\/div><\/div><\/section>\n","protected":false},"excerpt":{"rendered":"Minun tarinani Tilk! syntyi rakkaudesta matkustamiseen. Olen monipuolinen maailmanmatkaaja, ja rakastan niin rannalla makoilua, vaeltamista kuin suurkaupunkienkin tutkimista. Huomasin reissatessani, ett\u00e4 matkustellessa ihoni ja kehoni meniv\u00e4t usein huonoon kuntoon runsaasta lent\u00e4misest\u00e4, auringosta ja ilmansaasteista. Vuosina 2011-2013 Pekingiss\u00e4 asuessani opin todella paljon kiinalaisesta l\u00e4\u00e4ketieteest\u00e4 ja luonnollisista \u00f6ljyist\u00e4. Uuden tietotaitoni avulla ja omista matkoistani inspiroituneena loin Tilk!:in,...","protected":false},"author":2,"featured_media":0,"parent":0,"menu_order":0,"comment_status":"closed","ping_status":"closed","template":"","meta":{"_acf_changed":false,"footnotes":""},"class_list":["post-22981","page","type-page","status-publish","hentry"],"acf":[],"yoast_head":"<!-- This site is optimized with the Yoast SEO plugin v27.3 - https:\/\/yoast.com\/product\/yoast-seo-wordpress\/ -->\n<title>Pille Lengi and the brand of Tilk! - Tilk! skincare products<\/title>\n<meta name=\"description\" content=\"Pille Lengi is a world-loving wanderer. So it is no surprise that the idea and brand of Tilk! was created while travelling around the world. Tilk! and ...\" \/>\n<meta name=\"robots\" content=\"index, follow, max-snippet:-1, max-image-preview:large, max-video-preview:-1\" \/>\n<link rel=\"canonical\" href=\"https:\/\/tilk.bio\/fi\/pille-lengi-tilk-brandin-luoja\/\" \/>\n<meta property=\"og:locale\" content=\"fi_FI\" \/>\n<meta property=\"og:type\" content=\"article\" \/>\n<meta property=\"og:title\" content=\"Tilk! brand was born from travelling.\" \/>\n<meta property=\"og:description\" content=\"Tilk! brand was born from travelling. I am a world-loving wanderluster who loves hiking in mountains, spend time at beaches and explore metropolises. Over the time I started to notice that fast pace lifestyle in big cities, polluted air, rapid climate changes, time difference and airplanes\u2019 overconditioned air affect my skin and body horribly.\" \/>\n<meta property=\"og:url\" content=\"https:\/\/tilk.bio\/fi\/pille-lengi-tilk-brandin-luoja\/\" \/>\n<meta property=\"og:site_name\" content=\"Tilk!\" \/>\n<meta property=\"article:publisher\" content=\"https:\/\/www.facebook.com\/tilk.bio\/\" \/>\n<meta property=\"article:modified_time\" content=\"2021-06-20T18:20:03+00:00\" \/>\n<meta property=\"og:image\" content=\"https:\/\/tilk.bio\/wp-content\/uploads\/2017\/03\/6109663t1h973e.jpg\" \/>\n<meta name=\"twitter:card\" content=\"summary_large_image\" \/>\n<meta name=\"twitter:label1\" content=\"Arvioitu lukuaika\" \/>\n\t<meta name=\"twitter:data1\" content=\"1 minuutti\" \/>\n<script type=\"application\/ld+json\" class=\"yoast-schema-graph\">{\"@context\":\"https:\\\/\\\/schema.org\",\"@graph\":[{\"@type\":\"WebPage\",\"@id\":\"https:\\\/\\\/tilk.bio\\\/fi\\\/pille-lengi-tilk-brandin-luoja\\\/\",\"url\":\"https:\\\/\\\/tilk.bio\\\/fi\\\/pille-lengi-tilk-brandin-luoja\\\/\",\"name\":\"Pille Lengi and the brand of Tilk! - Tilk! skincare products\",\"isPartOf\":{\"@id\":\"https:\\\/\\\/tilk.bio\\\/et\\\/#website\"},\"primaryImageOfPage\":{\"@id\":\"https:\\\/\\\/tilk.bio\\\/fi\\\/pille-lengi-tilk-brandin-luoja\\\/#primaryimage\"},\"image\":{\"@id\":\"https:\\\/\\\/tilk.bio\\\/fi\\\/pille-lengi-tilk-brandin-luoja\\\/#primaryimage\"},\"thumbnailUrl\":\"https:\\\/\\\/tilk.bio\\\/wp-content\\\/uploads\\\/2019\\\/09\\\/DSC05935-300x200.jpg\",\"datePublished\":\"2018-08-14T21:17:18+00:00\",\"dateModified\":\"2021-06-20T18:20:03+00:00\",\"description\":\"Pille Lengi is a world-loving wanderer. So it is no surprise that the idea and brand of Tilk! was created while travelling around the world. Tilk! and ...\",\"breadcrumb\":{\"@id\":\"https:\\\/\\\/tilk.bio\\\/fi\\\/pille-lengi-tilk-brandin-luoja\\\/#breadcrumb\"},\"inLanguage\":\"fi\",\"potentialAction\":[{\"@type\":\"ReadAction\",\"target\":[\"https:\\\/\\\/tilk.bio\\\/fi\\\/pille-lengi-tilk-brandin-luoja\\\/\"]}]},{\"@type\":\"ImageObject\",\"inLanguage\":\"fi\",\"@id\":\"https:\\\/\\\/tilk.bio\\\/fi\\\/pille-lengi-tilk-brandin-luoja\\\/#primaryimage\",\"url\":\"https:\\\/\\\/tilk.bio\\\/wp-content\\\/uploads\\\/2019\\\/09\\\/DSC05935-300x200.jpg\",\"contentUrl\":\"https:\\\/\\\/tilk.bio\\\/wp-content\\\/uploads\\\/2019\\\/09\\\/DSC05935-300x200.jpg\"},{\"@type\":\"BreadcrumbList\",\"@id\":\"https:\\\/\\\/tilk.bio\\\/fi\\\/pille-lengi-tilk-brandin-luoja\\\/#breadcrumb\",\"itemListElement\":[{\"@type\":\"ListItem\",\"position\":1,\"name\":\"Home\",\"item\":\"https:\\\/\\\/tilk.bio\\\/fi\\\/\"},{\"@type\":\"ListItem\",\"position\":2,\"name\":\"Minun tarinani\"}]},{\"@type\":\"WebSite\",\"@id\":\"https:\\\/\\\/tilk.bio\\\/et\\\/#website\",\"url\":\"https:\\\/\\\/tilk.bio\\\/et\\\/\",\"name\":\"Tilk!\",\"description\":\"Natural and sustainable skincare!\",\"potentialAction\":[{\"@type\":\"SearchAction\",\"target\":{\"@type\":\"EntryPoint\",\"urlTemplate\":\"https:\\\/\\\/tilk.bio\\\/et\\\/?s={search_term_string}\"},\"query-input\":{\"@type\":\"PropertyValueSpecification\",\"valueRequired\":true,\"valueName\":\"search_term_string\"}}],\"inLanguage\":\"fi\"}]}<\/script>\n<!-- \/ Yoast SEO plugin. -->","yoast_head_json":{"title":"Pille Lengi and the brand of Tilk! - Tilk! skincare products","description":"Pille Lengi is a world-loving wanderer. So it is no surprise that the idea and brand of Tilk! was created while travelling around the world. Tilk! and ...","robots":{"index":"index","follow":"follow","max-snippet":"max-snippet:-1","max-image-preview":"max-image-preview:large","max-video-preview":"max-video-preview:-1"},"canonical":"https:\/\/tilk.bio\/fi\/pille-lengi-tilk-brandin-luoja\/","og_locale":"fi_FI","og_type":"article","og_title":"Tilk! brand was born from travelling.","og_description":"Tilk! brand was born from travelling. I am a world-loving wanderluster who loves hiking in mountains, spend time at beaches and explore metropolises. Over the time I started to notice that fast pace lifestyle in big cities, polluted air, rapid climate changes, time difference and airplanes\u2019 overconditioned air affect my skin and body horribly.","og_url":"https:\/\/tilk.bio\/fi\/pille-lengi-tilk-brandin-luoja\/","og_site_name":"Tilk!","article_publisher":"https:\/\/www.facebook.com\/tilk.bio\/","article_modified_time":"2021-06-20T18:20:03+00:00","og_image":[{"url":"https:\/\/tilk.bio\/wp-content\/uploads\/2017\/03\/6109663t1h973e.jpg","type":"","width":"","height":""}],"twitter_card":"summary_large_image","twitter_misc":{"Arvioitu lukuaika":"1 minuutti"},"schema":{"@context":"https:\/\/schema.org","@graph":[{"@type":"WebPage","@id":"https:\/\/tilk.bio\/fi\/pille-lengi-tilk-brandin-luoja\/","url":"https:\/\/tilk.bio\/fi\/pille-lengi-tilk-brandin-luoja\/","name":"Pille Lengi and the brand of Tilk! - Tilk! skincare products","isPartOf":{"@id":"https:\/\/tilk.bio\/et\/#website"},"primaryImageOfPage":{"@id":"https:\/\/tilk.bio\/fi\/pille-lengi-tilk-brandin-luoja\/#primaryimage"},"image":{"@id":"https:\/\/tilk.bio\/fi\/pille-lengi-tilk-brandin-luoja\/#primaryimage"},"thumbnailUrl":"https:\/\/tilk.bio\/wp-content\/uploads\/2019\/09\/DSC05935-300x200.jpg","datePublished":"2018-08-14T21:17:18+00:00","dateModified":"2021-06-20T18:20:03+00:00","description":"Pille Lengi is a world-loving wanderer. So it is no surprise that the idea and brand of Tilk! was created while travelling around the world. Tilk! and ...","breadcrumb":{"@id":"https:\/\/tilk.bio\/fi\/pille-lengi-tilk-brandin-luoja\/#breadcrumb"},"inLanguage":"fi","potentialAction":[{"@type":"ReadAction","target":["https:\/\/tilk.bio\/fi\/pille-lengi-tilk-brandin-luoja\/"]}]},{"@type":"ImageObject","inLanguage":"fi","@id":"https:\/\/tilk.bio\/fi\/pille-lengi-tilk-brandin-luoja\/#primaryimage","url":"https:\/\/tilk.bio\/wp-content\/uploads\/2019\/09\/DSC05935-300x200.jpg","contentUrl":"https:\/\/tilk.bio\/wp-content\/uploads\/2019\/09\/DSC05935-300x200.jpg"},{"@type":"BreadcrumbList","@id":"https:\/\/tilk.bio\/fi\/pille-lengi-tilk-brandin-luoja\/#breadcrumb","itemListElement":[{"@type":"ListItem","position":1,"name":"Home","item":"https:\/\/tilk.bio\/fi\/"},{"@type":"ListItem","position":2,"name":"Minun tarinani"}]},{"@type":"WebSite","@id":"https:\/\/tilk.bio\/et\/#website","url":"https:\/\/tilk.bio\/et\/","name":"Tilk!","description":"Natural and sustainable skincare!","potentialAction":[{"@type":"SearchAction","target":{"@type":"EntryPoint","urlTemplate":"https:\/\/tilk.bio\/et\/?s={search_term_string}"},"query-input":{"@type":"PropertyValueSpecification","valueRequired":true,"valueName":"search_term_string"}}],"inLanguage":"fi"}]}},"_links":{"self":[{"href":"https:\/\/tilk.bio\/fi\/wp-json\/wp\/v2\/pages\/22981","targetHints":{"allow":["GET"]}}],"collection":[{"href":"https:\/\/tilk.bio\/fi\/wp-json\/wp\/v2\/pages"}],"about":[{"href":"https:\/\/tilk.bio\/fi\/wp-json\/wp\/v2\/types\/page"}],"author":[{"embeddable":true,"href":"https:\/\/tilk.bio\/fi\/wp-json\/wp\/v2\/users\/2"}],"replies":[{"embeddable":true,"href":"https:\/\/tilk.bio\/fi\/wp-json\/wp\/v2\/comments?post=22981"}],"version-history":[{"count":0,"href":"https:\/\/tilk.bio\/fi\/wp-json\/wp\/v2\/pages\/22981\/revisions"}],"wp:attachment":[{"href":"https:\/\/tilk.bio\/fi\/wp-json\/wp\/v2\/media?parent=22981"}],"curies":[{"name":"wp","href":"https:\/\/api.w.org\/{rel}","templated":true}]}}