{"id":23049,"date":"2018-08-17T21:20:29","date_gmt":"2018-08-17T21:20:29","guid":{"rendered":"https:\/\/tilk.bio\/?page_id=23049"},"modified":"2024-02-13T14:41:57","modified_gmt":"2024-02-13T12:41:57","slug":"contact","status":"publish","type":"page","link":"https:\/\/tilk.bio\/fi\/contact\/","title":{"rendered":"Ota yhteytt\u00e4"},"content":{"rendered":"<section class=\"l-section wpb_row text-center height_medium\"><div class=\"l-section-h i-cf\"><div class=\"g-cols vc_row via_flex valign_top type_default stacking_default\"><div class=\"vc_col-sm-6 wpb_column vc_column_container\"><div class=\"vc_column-inner\"><div class=\"wpb_wrapper\"><div class=\"wpb_text_column\"><div class=\"wpb_wrapper\"><h2>Autamme sinua mielell\u00e4mme l\u00f6yt\u00e4m\u00e4\u00e4n uuden lempi ihonhoitosarjan.<\/h2>\n<p>Green Valley Ventures O\u00dc<\/p>\n<p>Reg. code: 12431290<\/p>\n<p>VAT: EE101723008<\/p>\n<p>A. Kitzbergi 10, 93814,<\/p>\n<p>Kuressaare, Viro<\/p>\n<p>E-mail: fresh(at)tilk.bio<\/p>\n<p>Tel: +372 52 559 27<\/p>\n<\/div><\/div><\/div><\/div><\/div><div class=\"vc_col-sm-6 wpb_column vc_column_container\"><div class=\"vc_column-inner\"><div class=\"wpb_wrapper\"><div class=\"wpb_text_column\"><div class=\"wpb_wrapper\"><h2>Kirjoittakaa meille<\/h2>\n<\/div><\/div><div class=\"wpb_text_column\"><div class=\"wpb_wrapper\">\n<div class=\"wpcf7 no-js\" id=\"wpcf7-f55789-o1\" lang=\"fi\" dir=\"ltr\" data-wpcf7-id=\"55789\">\n<div class=\"screen-reader-response\"><p role=\"status\" aria-live=\"polite\" aria-atomic=\"true\"><\/p> <ul><\/ul><\/div>\n<form action=\"\/fi\/wp-json\/wp\/v2\/pages\/23049#wpcf7-f55789-o1\" method=\"post\" class=\"wpcf7-form init\" aria-label=\"Yhteydenottolomake\" novalidate=\"novalidate\" data-status=\"init\">\n<fieldset class=\"hidden-fields-container\"><input type=\"hidden\" name=\"_wpcf7\" value=\"55789\" \/><input type=\"hidden\" name=\"_wpcf7_version\" value=\"6.1.5\" \/><input type=\"hidden\" name=\"_wpcf7_locale\" value=\"fi\" \/><input type=\"hidden\" name=\"_wpcf7_unit_tag\" value=\"wpcf7-f55789-o1\" \/><input type=\"hidden\" name=\"_wpcf7_container_post\" value=\"0\" \/><input type=\"hidden\" name=\"_wpcf7_posted_data_hash\" value=\"\" \/>\n<\/fieldset>\n<p><label>Nimi*<br \/>\n<span class=\"wpcf7-form-control-wrap\" data-name=\"your-name\"><input size=\"40\" maxlength=\"400\" class=\"wpcf7-form-control wpcf7-text wpcf7-validates-as-required\" aria-required=\"true\" aria-invalid=\"false\" value=\"\" type=\"text\" name=\"your-name\" \/><\/span> <\/label>\n<\/p>\n<p><label>S\u00e4hk\u00f6postiosoite*<br \/>\n<span class=\"wpcf7-form-control-wrap\" data-name=\"your-email\"><input size=\"40\" maxlength=\"400\" class=\"wpcf7-form-control wpcf7-email wpcf7-validates-as-required wpcf7-text wpcf7-validates-as-email\" aria-required=\"true\" aria-invalid=\"false\" value=\"\" type=\"email\" name=\"your-email\" \/><\/span> <\/label>\n<\/p>\n<p><label>Viesti*<br \/>\n<span class=\"wpcf7-form-control-wrap\" data-name=\"your-message\"><textarea cols=\"40\" rows=\"10\" maxlength=\"2000\" class=\"wpcf7-form-control wpcf7-textarea wpcf7-validates-as-required\" aria-required=\"true\" aria-invalid=\"false\" name=\"your-message\"><\/textarea><\/span> <\/label><br \/>\n<div class=\"cf7-cf-turnstile\" style=\"margin-top: 0px; margin-bottom: -15px;\"> <div id=\"cf-turnstile-cf7-363413260\" class=\"cf-turnstile\" data-sitekey=\"0x4AAAAAACOcPnZ4v81xvfRo\" data-theme=\"light\" data-language=\"auto\" data-size=\"normal\" data-retry=\"auto\" data-retry-interval=\"1000\" data-refresh-expired=\"auto\" data-action=\"contact-form-7\" data-appearance=\"always\"><\/div> <script>document.addEventListener(\"DOMContentLoaded\", function() { setTimeout(function(){ var e=document.getElementById(\"cf-turnstile-cf7-363413260\"); e&&!e.innerHTML.trim()&&(turnstile.remove(\"#cf-turnstile-cf7-363413260\"), turnstile.render(\"#cf-turnstile-cf7-363413260\", {sitekey:\"0x4AAAAAACOcPnZ4v81xvfRo\"})); }, 100); });<\/script> <br class=\"cf-turnstile-br cf-turnstile-br-cf7-363413260\"> <style>#cf-turnstile-cf7-363413260 { margin-left: -15px; }<\/style> <script>document.addEventListener(\"DOMContentLoaded\",function(){document.querySelectorAll('.wpcf7-form').forEach(function(e){e.addEventListener('submit',function(){if(document.getElementById('cf-turnstile-cf7-363413260')){setTimeout(function(){turnstile.reset('#cf-turnstile-cf7-363413260');},1000)}})})});<\/script> <\/div><br \/>\n<input class=\"wpcf7-form-control wpcf7-submit has-spinner\" type=\"submit\" value=\"L\u00e4het\u00e4\" \/>\n<\/p><div class=\"wpcf7-response-output\" aria-hidden=\"true\"><\/div>\n<\/form>\n<\/div>\n\n<\/div><\/div><\/div><\/div><\/div><\/div><\/div><\/section>\n","protected":false},"excerpt":{"rendered":"Autamme sinua mielell\u00e4mme l\u00f6yt\u00e4m\u00e4\u00e4n uuden lempi ihonhoitosarjan. Green Valley Ventures O\u00dc Reg. code: 12431290 VAT: EE101723008 A. Kitzbergi 10, 93814, Kuressaare, Viro E-mail: fresh(at)tilk.bio Tel: +372 52 559 27 Kirjoittakaa meille Nimi* S\u00e4hk\u00f6postiosoite* Viesti*","protected":false},"author":1192,"featured_media":0,"parent":0,"menu_order":0,"comment_status":"closed","ping_status":"closed","template":"","meta":{"_acf_changed":false,"footnotes":""},"class_list":["post-23049","page","type-page","status-publish","hentry"],"acf":[],"yoast_head":"<!-- This site is optimized with the Yoast SEO plugin v27.3 - https:\/\/yoast.com\/product\/yoast-seo-wordpress\/ -->\n<title>Ota yhteytt\u00e4 us for questions and inquiries - Tilk! bioactive skincare<\/title>\n<meta name=\"description\" content=\"We are here to provide you with the best skincare products that you need. If you have any questions or inquiries about our products, you can find our..\" \/>\n<meta name=\"robots\" content=\"index, follow, max-snippet:-1, max-image-preview:large, max-video-preview:-1\" \/>\n<link rel=\"canonical\" href=\"https:\/\/tilk.bio\/contact-us\/\" \/>\n<meta property=\"og:locale\" content=\"fi_FI\" \/>\n<meta property=\"og:type\" content=\"article\" \/>\n<meta property=\"og:title\" content=\"Ota yhteytt\u00e4 us for questions and inquiries - Tilk! bioactive skincare\" \/>\n<meta property=\"og:description\" content=\"Tilk! origins from the edge of the world. From a place where the sun goes to rest \u2013 from which all the living derives its energy. The legends confirm that this magical place on the edge of the world \u2013 Ultima Thule \u2013 is Saaremaa island. This is also the birthplace of our natural and fresh skincare.\" \/>\n<meta property=\"og:url\" content=\"https:\/\/tilk.bio\/contact-us\/\" \/>\n<meta property=\"og:site_name\" content=\"Tilk!\" \/>\n<meta property=\"article:publisher\" content=\"https:\/\/www.facebook.com\/tilk.bio\/\" \/>\n<meta property=\"article:modified_time\" content=\"2024-02-13T12:41:57+00:00\" \/>\n<meta name=\"twitter:card\" content=\"summary_large_image\" \/>\n<meta name=\"twitter:description\" content=\"Tilk! origins from the edge of the world. From a place where the sun goes to rest \u2013 from which all the living derives its energy. The legends confirm that this magical place on the edge of the world \u2013 Ultima Thule \u2013 is Saaremaa island. This is also the birthplace of our natural and fresh skincare.\" \/>\n<script type=\"application\/ld+json\" class=\"yoast-schema-graph\">{\"@context\":\"https:\\\/\\\/schema.org\",\"@graph\":[{\"@type\":\"WebPage\",\"@id\":\"https:\\\/\\\/tilk.bio\\\/contact-us\\\/\",\"url\":\"https:\\\/\\\/tilk.bio\\\/contact-us\\\/\",\"name\":\"Ota yhteytt\u00e4 us for questions and inquiries - Tilk! bioactive skincare\",\"isPartOf\":{\"@id\":\"https:\\\/\\\/tilk.bio\\\/et\\\/#website\"},\"datePublished\":\"2018-08-17T21:20:29+00:00\",\"dateModified\":\"2024-02-13T12:41:57+00:00\",\"description\":\"We are here to provide you with the best skincare products that you need. If you have any questions or inquiries about our products, you can find our..\",\"breadcrumb\":{\"@id\":\"https:\\\/\\\/tilk.bio\\\/contact-us\\\/#breadcrumb\"},\"inLanguage\":\"fi\",\"potentialAction\":[{\"@type\":\"ReadAction\",\"target\":[\"https:\\\/\\\/tilk.bio\\\/contact-us\\\/\"]}]},{\"@type\":\"BreadcrumbList\",\"@id\":\"https:\\\/\\\/tilk.bio\\\/contact-us\\\/#breadcrumb\",\"itemListElement\":[{\"@type\":\"ListItem\",\"position\":1,\"name\":\"Home\",\"item\":\"https:\\\/\\\/tilk.bio\\\/fi\\\/\"},{\"@type\":\"ListItem\",\"position\":2,\"name\":\"Ota yhteytt\u00e4\"}]},{\"@type\":\"WebSite\",\"@id\":\"https:\\\/\\\/tilk.bio\\\/et\\\/#website\",\"url\":\"https:\\\/\\\/tilk.bio\\\/et\\\/\",\"name\":\"Tilk!\",\"description\":\"Natural and sustainable skincare!\",\"potentialAction\":[{\"@type\":\"SearchAction\",\"target\":{\"@type\":\"EntryPoint\",\"urlTemplate\":\"https:\\\/\\\/tilk.bio\\\/et\\\/?s={search_term_string}\"},\"query-input\":{\"@type\":\"PropertyValueSpecification\",\"valueRequired\":true,\"valueName\":\"search_term_string\"}}],\"inLanguage\":\"fi\"}]}<\/script>\n<!-- \/ Yoast SEO plugin. -->","yoast_head_json":{"title":"Ota yhteytt\u00e4 us for questions and inquiries - Tilk! bioactive skincare","description":"We are here to provide you with the best skincare products that you need. If you have any questions or inquiries about our products, you can find our..","robots":{"index":"index","follow":"follow","max-snippet":"max-snippet:-1","max-image-preview":"max-image-preview:large","max-video-preview":"max-video-preview:-1"},"canonical":"https:\/\/tilk.bio\/contact-us\/","og_locale":"fi_FI","og_type":"article","og_title":"Ota yhteytt\u00e4 us for questions and inquiries - Tilk! bioactive skincare","og_description":"Tilk! origins from the edge of the world. From a place where the sun goes to rest \u2013 from which all the living derives its energy. The legends confirm that this magical place on the edge of the world \u2013 Ultima Thule \u2013 is Saaremaa island. This is also the birthplace of our natural and fresh skincare.","og_url":"https:\/\/tilk.bio\/contact-us\/","og_site_name":"Tilk!","article_publisher":"https:\/\/www.facebook.com\/tilk.bio\/","article_modified_time":"2024-02-13T12:41:57+00:00","twitter_card":"summary_large_image","twitter_description":"Tilk! origins from the edge of the world. From a place where the sun goes to rest \u2013 from which all the living derives its energy. The legends confirm that this magical place on the edge of the world \u2013 Ultima Thule \u2013 is Saaremaa island. This is also the birthplace of our natural and fresh skincare.","schema":{"@context":"https:\/\/schema.org","@graph":[{"@type":"WebPage","@id":"https:\/\/tilk.bio\/contact-us\/","url":"https:\/\/tilk.bio\/contact-us\/","name":"Ota yhteytt\u00e4 us for questions and inquiries - Tilk! bioactive skincare","isPartOf":{"@id":"https:\/\/tilk.bio\/et\/#website"},"datePublished":"2018-08-17T21:20:29+00:00","dateModified":"2024-02-13T12:41:57+00:00","description":"We are here to provide you with the best skincare products that you need. If you have any questions or inquiries about our products, you can find our..","breadcrumb":{"@id":"https:\/\/tilk.bio\/contact-us\/#breadcrumb"},"inLanguage":"fi","potentialAction":[{"@type":"ReadAction","target":["https:\/\/tilk.bio\/contact-us\/"]}]},{"@type":"BreadcrumbList","@id":"https:\/\/tilk.bio\/contact-us\/#breadcrumb","itemListElement":[{"@type":"ListItem","position":1,"name":"Home","item":"https:\/\/tilk.bio\/fi\/"},{"@type":"ListItem","position":2,"name":"Ota yhteytt\u00e4"}]},{"@type":"WebSite","@id":"https:\/\/tilk.bio\/et\/#website","url":"https:\/\/tilk.bio\/et\/","name":"Tilk!","description":"Natural and sustainable skincare!","potentialAction":[{"@type":"SearchAction","target":{"@type":"EntryPoint","urlTemplate":"https:\/\/tilk.bio\/et\/?s={search_term_string}"},"query-input":{"@type":"PropertyValueSpecification","valueRequired":true,"valueName":"search_term_string"}}],"inLanguage":"fi"}]}},"_links":{"self":[{"href":"https:\/\/tilk.bio\/fi\/wp-json\/wp\/v2\/pages\/23049","targetHints":{"allow":["GET"]}}],"collection":[{"href":"https:\/\/tilk.bio\/fi\/wp-json\/wp\/v2\/pages"}],"about":[{"href":"https:\/\/tilk.bio\/fi\/wp-json\/wp\/v2\/types\/page"}],"author":[{"embeddable":true,"href":"https:\/\/tilk.bio\/fi\/wp-json\/wp\/v2\/users\/1192"}],"replies":[{"embeddable":true,"href":"https:\/\/tilk.bio\/fi\/wp-json\/wp\/v2\/comments?post=23049"}],"version-history":[{"count":0,"href":"https:\/\/tilk.bio\/fi\/wp-json\/wp\/v2\/pages\/23049\/revisions"}],"wp:attachment":[{"href":"https:\/\/tilk.bio\/fi\/wp-json\/wp\/v2\/media?parent=23049"}],"curies":[{"name":"wp","href":"https:\/\/api.w.org\/{rel}","templated":true}]}}