{"id":29325,"date":"2020-02-09T14:18:35","date_gmt":"2020-02-09T14:18:35","guid":{"rendered":"https:\/\/tilk.bio\/?page_id=29325"},"modified":"2021-06-14T14:40:32","modified_gmt":"2021-06-14T14:40:32","slug":"jalleenmyyjat-2","status":"publish","type":"page","link":"https:\/\/tilk.bio\/fi\/jalleenmyyjat-2\/","title":{"rendered":"J\u00e4lleenmyyj\u00e4t"},"content":{"rendered":"<section class=\"l-section wpb_row us_custom_b19512da text-center height_medium\"><div class=\"l-section-h i-cf\"><div class=\"g-cols vc_row via_flex valign_top type_default stacking_default\"><div class=\"vc_col-sm-12 wpb_column vc_column_container\"><div class=\"vc_column-inner us_custom_f5e7b1a1\"><div class=\"wpb_wrapper\"><div class=\"wpb_text_column us_custom_1fbf4479\"><div class=\"wpb_wrapper\"><h1 style=\"text-align: center;\">J\u00e4lleenmyy\u00e4t<\/h1>\n<\/div><\/div><div class=\"g-cols wpb_row us_custom_4f24afa8 via_flex valign_top type_default stacking_default\"><div class=\"vc_col-sm-3 wpb_column vc_column_container\"><div class=\"vc_column-inner\"><div class=\"wpb_wrapper\"><div class=\"wpb_text_column\"><div class=\"wpb_wrapper\"><p><strong><a href=\"https:\/\/eliksiir.ee\/\" target=\"_blank\" rel=\"noopener noreferrer\">ELIKSIIR &#8211; \u00f6koapteek<\/a><\/strong><\/p>\n<p>J\u00e4rve Keskus<\/p>\n<\/div><\/div><\/div><\/div><\/div><div class=\"vc_col-sm-3 wpb_column vc_column_container\"><div class=\"vc_column-inner\"><div class=\"wpb_wrapper\"><div class=\"wpb_text_column\"><div class=\"wpb_wrapper\"><p><strong>Levi Disainipood<\/strong><\/p>\n<p>Solaris keskus<br \/>\nEstonia pst. 9<br \/>\nTallinn<\/p>\n<\/div><\/div><\/div><\/div><\/div><div class=\"vc_col-sm-3 wpb_column vc_column_container\"><div class=\"vc_column-inner\"><div class=\"wpb_wrapper\"><div class=\"wpb_text_column\"><div class=\"wpb_wrapper\"><p><strong>Tallinna Kaubamaja<\/strong><\/p>\n<p>Gonsiori 2<\/p>\n<\/div><\/div><\/div><\/div><\/div><div class=\"vc_col-sm-3 wpb_column vc_column_container\"><div class=\"vc_column-inner\"><div class=\"wpb_wrapper\"><div class=\"wpb_text_column\"><div class=\"wpb_wrapper\"><p><a href=\"https:\/\/www.facebook.com\/saaremaakaubamaja\/\"><strong>SAAREMAA KAUBAMAJA<\/strong><\/a><\/p>\n<p>Raekoja 1<br \/>\nKuressaare<\/p>\n<\/div><\/div><\/div><\/div><\/div><\/div><div class=\"g-cols wpb_row us_custom_4f24afa8 via_flex valign_top type_default stacking_default\"><div class=\"vc_col-sm-3 wpb_column vc_column_container\"><div class=\"vc_column-inner\"><div class=\"wpb_wrapper\"><div class=\"wpb_text_column\"><div class=\"wpb_wrapper\"><p><b>Pure Cosmetics<\/b><\/p>\n<p>Kohila 2a<\/p>\n<p>Tallinn<\/p>\n<\/div><\/div><\/div><\/div><\/div><div class=\"vc_col-sm-3 wpb_column vc_column_container\"><div class=\"vc_column-inner\"><div class=\"wpb_wrapper\"><div class=\"wpb_text_column\"><div class=\"wpb_wrapper\"><p><strong>VeganShop<\/strong><\/p>\n<p>Kadaka tee 145<\/p>\n<p>Tallinn<\/p>\n<\/div><\/div><\/div><\/div><\/div><div class=\"vc_col-sm-3 wpb_column vc_column_container\"><div class=\"vc_column-inner\"><div class=\"wpb_wrapper\"><div class=\"wpb_text_column\"><div class=\"wpb_wrapper\"><p><strong><a href=\"https:\/\/www.facebook.com\/sinulooduskosmeetika\/\">Sinu Looduskosmeetika<\/a><\/strong><\/p>\n<p>Balti Jaama turg, II korrus<\/p>\n<\/div><\/div><\/div><\/div><\/div><div class=\"vc_col-sm-3 wpb_column vc_column_container\"><div class=\"vc_column-inner\"><div class=\"wpb_wrapper\"><div class=\"wpb_text_column\"><div class=\"wpb_wrapper\"><p><strong>Raeapteek<\/strong><\/p>\n<p>Raekoja plats 11<\/p>\n<p>Tallinn<\/p>\n<\/div><\/div><\/div><\/div><\/div><\/div><div class=\"g-cols wpb_row us_custom_70facfb4 via_flex valign_top type_default stacking_default\"><div class=\"vc_col-sm-3 wpb_column vc_column_container\"><div class=\"vc_column-inner\"><div class=\"wpb_wrapper\"><div class=\"wpb_text_column\"><div class=\"wpb_wrapper\"><p style=\"text-align: left;\"><b>Tradehouse<\/b><\/p>\n<p style=\"text-align: left;\">Nautica, Tartu Kvartal,<\/p>\n<p style=\"text-align: left;\">Peterburi tee.<\/p>\n<\/div><\/div><\/div><\/div><\/div><div class=\"vc_col-sm-3 wpb_column vc_column_container\"><div class=\"vc_column-inner\"><div class=\"wpb_wrapper\"><\/div><\/div><\/div><div class=\"vc_col-sm-3 wpb_column vc_column_container\"><div class=\"vc_column-inner\"><div class=\"wpb_wrapper\"><\/div><\/div><\/div><div class=\"vc_col-sm-3 wpb_column vc_column_container\"><div class=\"vc_column-inner\"><div class=\"wpb_wrapper\"><\/div><\/div><\/div><\/div><\/div><\/div><\/div><\/div><\/div><\/section>\n","protected":false},"excerpt":{"rendered":"J\u00e4lleenmyy\u00e4t ELIKSIIR &#8211; \u00f6koapteek J\u00e4rve Keskus Levi Disainipood Solaris keskus Estonia pst. 9 Tallinn Tallinna Kaubamaja Gonsiori 2 SAAREMAA KAUBAMAJA Raekoja 1 Kuressaare Pure Cosmetics Kohila 2a Tallinn VeganShop Kadaka tee 145 Tallinn Sinu Looduskosmeetika Balti Jaama turg, II korrus Raeapteek Raekoja plats 11 Tallinn Tradehouse Nautica, Tartu Kvartal, Peterburi tee.","protected":false},"author":2,"featured_media":0,"parent":0,"menu_order":0,"comment_status":"closed","ping_status":"closed","template":"","meta":{"_acf_changed":false,"footnotes":""},"class_list":["post-29325","page","type-page","status-publish","hentry"],"acf":[],"yoast_head":"<!-- This site is optimized with the Yoast SEO plugin v27.3 - https:\/\/yoast.com\/product\/yoast-seo-wordpress\/ -->\n<title>J\u00e4lleenmyyj\u00e4t all across Estonia - Tilk! bioactive skincare<\/title>\n<meta name=\"description\" content=\"Where to purchase Tilk! bioactive skincare products? Find our full-range of products all across Estonia and the nearest retailers.\" \/>\n<meta name=\"robots\" content=\"index, follow, max-snippet:-1, max-image-preview:large, max-video-preview:-1\" \/>\n<link rel=\"canonical\" href=\"https:\/\/tilk.bio\/fi\/jalleenmyyjat-2\/\" \/>\n<meta property=\"og:locale\" content=\"fi_FI\" \/>\n<meta property=\"og:type\" content=\"article\" \/>\n<meta property=\"og:title\" content=\"J\u00e4lleenmyyj\u00e4t all across Estonia - Tilk! bioactive skincare\" \/>\n<meta property=\"og:description\" content=\"Where to purchase Tilk! bioactive skincare products? Find our full-range of products all across Estonia and the nearest retailers.\" \/>\n<meta property=\"og:url\" content=\"https:\/\/tilk.bio\/fi\/jalleenmyyjat-2\/\" \/>\n<meta property=\"og:site_name\" content=\"Tilk!\" \/>\n<meta property=\"article:publisher\" content=\"https:\/\/www.facebook.com\/tilk.bio\/\" \/>\n<meta property=\"article:modified_time\" content=\"2021-06-14T14:40:32+00:00\" \/>\n<meta name=\"twitter:card\" content=\"summary_large_image\" \/>\n<meta name=\"twitter:label1\" content=\"Arvioitu lukuaika\" \/>\n\t<meta name=\"twitter:data1\" content=\"2 minuuttia\" \/>\n<script type=\"application\/ld+json\" class=\"yoast-schema-graph\">{\"@context\":\"https:\\\/\\\/schema.org\",\"@graph\":[{\"@type\":\"WebPage\",\"@id\":\"https:\\\/\\\/tilk.bio\\\/fi\\\/jalleenmyyjat-2\\\/\",\"url\":\"https:\\\/\\\/tilk.bio\\\/fi\\\/jalleenmyyjat-2\\\/\",\"name\":\"J\u00e4lleenmyyj\u00e4t all across Estonia - Tilk! bioactive skincare\",\"isPartOf\":{\"@id\":\"https:\\\/\\\/tilk.bio\\\/et\\\/#website\"},\"datePublished\":\"2020-02-09T14:18:35+00:00\",\"dateModified\":\"2021-06-14T14:40:32+00:00\",\"description\":\"Where to purchase Tilk! bioactive skincare products? Find our full-range of products all across Estonia and the nearest retailers.\",\"breadcrumb\":{\"@id\":\"https:\\\/\\\/tilk.bio\\\/fi\\\/jalleenmyyjat-2\\\/#breadcrumb\"},\"inLanguage\":\"fi\",\"potentialAction\":[{\"@type\":\"ReadAction\",\"target\":[\"https:\\\/\\\/tilk.bio\\\/fi\\\/jalleenmyyjat-2\\\/\"]}]},{\"@type\":\"BreadcrumbList\",\"@id\":\"https:\\\/\\\/tilk.bio\\\/fi\\\/jalleenmyyjat-2\\\/#breadcrumb\",\"itemListElement\":[{\"@type\":\"ListItem\",\"position\":1,\"name\":\"Home\",\"item\":\"https:\\\/\\\/tilk.bio\\\/fi\\\/\"},{\"@type\":\"ListItem\",\"position\":2,\"name\":\"J\u00e4lleenmyyj\u00e4t\"}]},{\"@type\":\"WebSite\",\"@id\":\"https:\\\/\\\/tilk.bio\\\/et\\\/#website\",\"url\":\"https:\\\/\\\/tilk.bio\\\/et\\\/\",\"name\":\"Tilk!\",\"description\":\"Natural and sustainable skincare!\",\"potentialAction\":[{\"@type\":\"SearchAction\",\"target\":{\"@type\":\"EntryPoint\",\"urlTemplate\":\"https:\\\/\\\/tilk.bio\\\/et\\\/?s={search_term_string}\"},\"query-input\":{\"@type\":\"PropertyValueSpecification\",\"valueRequired\":true,\"valueName\":\"search_term_string\"}}],\"inLanguage\":\"fi\"}]}<\/script>\n<!-- \/ Yoast SEO plugin. -->","yoast_head_json":{"title":"J\u00e4lleenmyyj\u00e4t all across Estonia - Tilk! bioactive skincare","description":"Where to purchase Tilk! bioactive skincare products? Find our full-range of products all across Estonia and the nearest retailers.","robots":{"index":"index","follow":"follow","max-snippet":"max-snippet:-1","max-image-preview":"max-image-preview:large","max-video-preview":"max-video-preview:-1"},"canonical":"https:\/\/tilk.bio\/fi\/jalleenmyyjat-2\/","og_locale":"fi_FI","og_type":"article","og_title":"J\u00e4lleenmyyj\u00e4t all across Estonia - Tilk! bioactive skincare","og_description":"Where to purchase Tilk! bioactive skincare products? Find our full-range of products all across Estonia and the nearest retailers.","og_url":"https:\/\/tilk.bio\/fi\/jalleenmyyjat-2\/","og_site_name":"Tilk!","article_publisher":"https:\/\/www.facebook.com\/tilk.bio\/","article_modified_time":"2021-06-14T14:40:32+00:00","twitter_card":"summary_large_image","twitter_misc":{"Arvioitu lukuaika":"2 minuuttia"},"schema":{"@context":"https:\/\/schema.org","@graph":[{"@type":"WebPage","@id":"https:\/\/tilk.bio\/fi\/jalleenmyyjat-2\/","url":"https:\/\/tilk.bio\/fi\/jalleenmyyjat-2\/","name":"J\u00e4lleenmyyj\u00e4t all across Estonia - Tilk! bioactive skincare","isPartOf":{"@id":"https:\/\/tilk.bio\/et\/#website"},"datePublished":"2020-02-09T14:18:35+00:00","dateModified":"2021-06-14T14:40:32+00:00","description":"Where to purchase Tilk! bioactive skincare products? Find our full-range of products all across Estonia and the nearest retailers.","breadcrumb":{"@id":"https:\/\/tilk.bio\/fi\/jalleenmyyjat-2\/#breadcrumb"},"inLanguage":"fi","potentialAction":[{"@type":"ReadAction","target":["https:\/\/tilk.bio\/fi\/jalleenmyyjat-2\/"]}]},{"@type":"BreadcrumbList","@id":"https:\/\/tilk.bio\/fi\/jalleenmyyjat-2\/#breadcrumb","itemListElement":[{"@type":"ListItem","position":1,"name":"Home","item":"https:\/\/tilk.bio\/fi\/"},{"@type":"ListItem","position":2,"name":"J\u00e4lleenmyyj\u00e4t"}]},{"@type":"WebSite","@id":"https:\/\/tilk.bio\/et\/#website","url":"https:\/\/tilk.bio\/et\/","name":"Tilk!","description":"Natural and sustainable skincare!","potentialAction":[{"@type":"SearchAction","target":{"@type":"EntryPoint","urlTemplate":"https:\/\/tilk.bio\/et\/?s={search_term_string}"},"query-input":{"@type":"PropertyValueSpecification","valueRequired":true,"valueName":"search_term_string"}}],"inLanguage":"fi"}]}},"_links":{"self":[{"href":"https:\/\/tilk.bio\/fi\/wp-json\/wp\/v2\/pages\/29325","targetHints":{"allow":["GET"]}}],"collection":[{"href":"https:\/\/tilk.bio\/fi\/wp-json\/wp\/v2\/pages"}],"about":[{"href":"https:\/\/tilk.bio\/fi\/wp-json\/wp\/v2\/types\/page"}],"author":[{"embeddable":true,"href":"https:\/\/tilk.bio\/fi\/wp-json\/wp\/v2\/users\/2"}],"replies":[{"embeddable":true,"href":"https:\/\/tilk.bio\/fi\/wp-json\/wp\/v2\/comments?post=29325"}],"version-history":[{"count":0,"href":"https:\/\/tilk.bio\/fi\/wp-json\/wp\/v2\/pages\/29325\/revisions"}],"wp:attachment":[{"href":"https:\/\/tilk.bio\/fi\/wp-json\/wp\/v2\/media?parent=29325"}],"curies":[{"name":"wp","href":"https:\/\/api.w.org\/{rel}","templated":true}]}}