{"id":22628,"date":"2020-05-06T23:29:15","date_gmt":"2020-05-06T20:29:15","guid":{"rendered":"https:\/\/tilk.bio\/shop\/scrub-me-kasvokuorinta-kaikille-ihotyypeille\/"},"modified":"2026-04-13T23:00:11","modified_gmt":"2026-04-13T20:00:11","slug":"scrub-me-kasvokuorinta-kaikille-ihotyypeille","status":"publish","type":"product","link":"https:\/\/tilk.bio\/fi\/verkkokauppa\/scrub-me-kasvokuorinta-kaikille-ihotyypeille\/","title":{"rendered":"Scrub Me &#8211; mandariinia sis\u00e4lt\u00e4v\u00e4 kosteuttava ja ravitseva kasvokuorinta kaikille ihotyypeille"},"content":{"rendered":"<p>PALKITUSTI PARAS<\/p>\n<p>Scrub Me on hell\u00e4varainen kasvokuorinta, joka syv\u00e4kosteuttaa ihoa ja auttaa soluja uusiutumaan. Kuorinta auttaa ehk\u00e4isem\u00e4\u00e4n ihon tukkeutumista ja puhdistamaan jo tukkeutuneita huokosia. Kaikille ihotyypeille sopiva kuorinta virkist\u00e4\u00e4, kosteuttaa ja poistaa kuolleen ihosolukon.<\/p>\n<p>Keh\u00e4kukka ja risiini\u00f6ljy takaavat terveen ja pehme\u00e4n ihon ja lievitt\u00e4v\u00e4t sen mahdollista \u00e4rsytyst\u00e4. Aprikoosinkivijauhe ja peltokorteuute vilkastavat verenkiertoa ja auttavat poistamaan kuollutta ihosolukkoa. Peltokortteen bioaktiiviset ainesosat puhdistavat ihoa kuona-aineista ja huokosiin kertyneest\u00e4 liasta. Kookos- ja risiini\u00f6ljyt auttavat yll\u00e4pit\u00e4m\u00e4\u00e4n ihon kosteustasapainoa. Kasvokuorinnassa on raikas mandariinin tuoksu.<\/p>\n<p>K\u00e4ytt\u00f6: Kasvokuorinnan luontaiset ainesosat ovat hell\u00e4varaisia, joten tuotetta voi k\u00e4ytt\u00e4\u00e4 tarpeen mukaan my\u00f6s useamman kerran viikossa. Levit\u00e4 kuorinta kosteille kasvoille, hiero kevyesti py\u00f6rivin liikkein ja huuhdo haalealla vedell\u00e4. Kuorinnan j\u00e4lkeen voit helli\u00e4 ihoa kosteuttavalla naamiolla \u2013 kokeile esimerkiksi <a href=\"https:\/\/tilk.bio\/fi\/verkkokauppa\/puhdistava-ja-kosteuttava-kasvonaamio-detox-me\/\">Detox Me<\/a> -kasvonaamiota.<\/p>\n<p>Tuotteen kaikki ainesosat ovat luontaista ja vegaanista alkuper\u00e4\u00e4. Tuotteessa on k\u00e4ytetty Saarenmaalta k\u00e4sin poimituista kasveista saatuja \u00f6ljyj\u00e4.<\/p>\n<p>S\u00e4ilytys huoneenl\u00e4mm\u00f6ss\u00e4.<\/p>\n<p>Koko: 10ml\/50ml<\/p>\n<p><a ref=\"magnificPopup\" href=\"https:\/\/tilk.bio\/wp-content\/uploads\/2016\/01\/Vegan_sign-07-150x150.png\"><img loading=\"lazy\" decoding=\"async\" class=\"alignnone wp-image-22658\" src=\"https:\/\/tilk.bio\/wp-content\/uploads\/2016\/01\/Vegan_sign-07-150x150.png\" width=\"86\" height=\"86\" srcset=\"https:\/\/tilk.bio\/wp-content\/uploads\/2016\/01\/Vegan_sign-07-150x150.png 150w, https:\/\/tilk.bio\/wp-content\/uploads\/2016\/01\/Vegan_sign-07.png 165w\" sizes=\"auto, (max-width: 86px) 100vw, 86px\" \/><\/a><a ref=\"magnificPopup\" href=\"https:\/\/tilk.bio\/wp-content\/uploads\/2018\/08\/package_anim_FIN.gif\"><img loading=\"lazy\" decoding=\"async\" class=\"alignnone size-full wp-image-23966\" src=\"https:\/\/tilk.bio\/wp-content\/uploads\/2018\/08\/package_anim_FIN.gif\" alt=\"\" width=\"125\" height=\"100\" \/><\/a><\/p>\n","protected":false},"excerpt":{"rendered":"<p>PALKITUSTI PARAS Scrub Me on hell\u00e4varainen kasvokuorinta, joka syv\u00e4kosteuttaa ihoa ja auttaa soluja uusiutumaan. Kuorinta auttaa ehk\u00e4isem\u00e4\u00e4n ihon tukkeutumista ja puhdistamaan jo tukkeutuneita huokosia. Kaikille ihotyypeille sopiva kuorinta virkist\u00e4\u00e4, kosteuttaa ja poistaa kuolleen ihosolukon. Keh\u00e4kukka ja risiini\u00f6ljy takaavat terveen ja pehme\u00e4n ihon ja lievitt\u00e4v\u00e4t sen mahdollista \u00e4rsytyst\u00e4. Aprikoosinkivijauhe ja peltokorteuute vilkastavat verenkiertoa ja auttavat poistamaan&#8230;<\/p>\n","protected":false},"featured_media":67354,"comment_status":"open","ping_status":"closed","template":"","meta":{"_acf_changed":false},"product_brand":[],"product_cat":[741,729,501,512,633,737,742,671,730],"product_tag":[415,414,413],"class_list":{"0":"post-22628","1":"product","2":"type-product","3":"status-publish","4":"has-post-thumbnail","6":"product_cat-epatasainen-iho","7":"product_cat-herkka-iho","8":"product_cat-kaikki-tuotteet","9":"product_cat-kasvohoito","10":"product_cat-kasvokuorinta","11":"product_cat-kuiva-iho","12":"product_cat-normaali-ja-sekaiho","13":"product_cat-spaattelin-mahdollisuus","14":"product_cat-tilk-herbal-fi","15":"product_tag-kaikki-ihotyypit","16":"product_tag-sekaiho-fi","17":"product_tag-normaali-iho","19":"first","20":"instock","21":"taxable","22":"shipping-taxable","23":"purchasable","24":"product-type-variable"},"acf":[],"yoast_head":"<!-- This site is optimized with the Yoast SEO plugin v27.3 - https:\/\/yoast.com\/product\/yoast-seo-wordpress\/ -->\n<title>Scrub Me - mandariinia sis\u00e4lt\u00e4v\u00e4 kosteuttava ja ravitseva kasvokuorinta kaikille ihotyypeille - Tilk! bioactive skincare products<\/title>\n<meta name=\"description\" content=\"Scrub Me kasvokuorinta kaikille ihotyypeille\" \/>\n<meta name=\"robots\" content=\"index, follow, max-snippet:-1, max-image-preview:large, max-video-preview:-1\" \/>\n<link rel=\"canonical\" href=\"https:\/\/tilk.bio\/fi\/verkkokauppa\/scrub-me-kasvokuorinta-kaikille-ihotyypeille\/\" \/>\n<meta property=\"og:locale\" content=\"fi_FI\" \/>\n<meta property=\"og:type\" content=\"article\" \/>\n<meta property=\"og:title\" content=\"Scrub Me kasvokuorinta\" \/>\n<meta property=\"og:description\" content=\"kasvokuorinta kaikille ihotyypeillekasvokuorinta kaikille ihotyypeille\" \/>\n<meta property=\"og:url\" content=\"https:\/\/tilk.bio\/fi\/verkkokauppa\/scrub-me-kasvokuorinta-kaikille-ihotyypeille\/\" \/>\n<meta property=\"og:site_name\" content=\"Tilk!\" \/>\n<meta property=\"article:publisher\" content=\"https:\/\/www.facebook.com\/tilk.bio\/\" \/>\n<meta property=\"article:modified_time\" content=\"2026-04-13T20:00:11+00:00\" \/>\n<meta property=\"og:image\" content=\"https:\/\/tilk.bio\/wp-content\/uploads\/2020\/05\/1.jpg\" \/>\n\t<meta property=\"og:image:width\" content=\"1200\" \/>\n\t<meta property=\"og:image:height\" content=\"1200\" \/>\n\t<meta property=\"og:image:type\" content=\"image\/jpeg\" \/>\n<meta name=\"twitter:card\" content=\"summary_large_image\" \/>\n<meta name=\"twitter:label1\" content=\"Arvioitu lukuaika\" \/>\n\t<meta name=\"twitter:data1\" content=\"1 minuutti\" \/>\n<script type=\"application\/ld+json\" class=\"yoast-schema-graph\">{\"@context\":\"https:\\\/\\\/schema.org\",\"@graph\":[{\"@type\":\"WebPage\",\"@id\":\"https:\\\/\\\/tilk.bio\\\/fi\\\/verkkokauppa\\\/scrub-me-kasvokuorinta-kaikille-ihotyypeille\\\/\",\"url\":\"https:\\\/\\\/tilk.bio\\\/fi\\\/verkkokauppa\\\/scrub-me-kasvokuorinta-kaikille-ihotyypeille\\\/\",\"name\":\"Scrub Me - mandariinia sis\u00e4lt\u00e4v\u00e4 kosteuttava ja ravitseva kasvokuorinta kaikille ihotyypeille - Tilk! bioactive skincare products\",\"isPartOf\":{\"@id\":\"https:\\\/\\\/tilk.bio\\\/et\\\/#website\"},\"primaryImageOfPage\":{\"@id\":\"https:\\\/\\\/tilk.bio\\\/fi\\\/verkkokauppa\\\/scrub-me-kasvokuorinta-kaikille-ihotyypeille\\\/#primaryimage\"},\"image\":{\"@id\":\"https:\\\/\\\/tilk.bio\\\/fi\\\/verkkokauppa\\\/scrub-me-kasvokuorinta-kaikille-ihotyypeille\\\/#primaryimage\"},\"thumbnailUrl\":\"https:\\\/\\\/tilk.bio\\\/wp-content\\\/uploads\\\/2020\\\/05\\\/1.jpg\",\"datePublished\":\"2020-05-06T20:29:15+00:00\",\"dateModified\":\"2026-04-13T20:00:11+00:00\",\"description\":\"Scrub Me kasvokuorinta kaikille ihotyypeille\",\"breadcrumb\":{\"@id\":\"https:\\\/\\\/tilk.bio\\\/fi\\\/verkkokauppa\\\/scrub-me-kasvokuorinta-kaikille-ihotyypeille\\\/#breadcrumb\"},\"inLanguage\":\"fi\",\"potentialAction\":[{\"@type\":\"ReadAction\",\"target\":[\"https:\\\/\\\/tilk.bio\\\/fi\\\/verkkokauppa\\\/scrub-me-kasvokuorinta-kaikille-ihotyypeille\\\/\"]}]},{\"@type\":\"ImageObject\",\"inLanguage\":\"fi\",\"@id\":\"https:\\\/\\\/tilk.bio\\\/fi\\\/verkkokauppa\\\/scrub-me-kasvokuorinta-kaikille-ihotyypeille\\\/#primaryimage\",\"url\":\"https:\\\/\\\/tilk.bio\\\/wp-content\\\/uploads\\\/2020\\\/05\\\/1.jpg\",\"contentUrl\":\"https:\\\/\\\/tilk.bio\\\/wp-content\\\/uploads\\\/2020\\\/05\\\/1.jpg\",\"width\":1200,\"height\":1200},{\"@type\":\"BreadcrumbList\",\"@id\":\"https:\\\/\\\/tilk.bio\\\/fi\\\/verkkokauppa\\\/scrub-me-kasvokuorinta-kaikille-ihotyypeille\\\/#breadcrumb\",\"itemListElement\":[{\"@type\":\"ListItem\",\"position\":1,\"name\":\"Home\",\"item\":\"https:\\\/\\\/tilk.bio\\\/fi\\\/\"},{\"@type\":\"ListItem\",\"position\":2,\"name\":\"Verkkokauppa\",\"item\":\"https:\\\/\\\/tilk.bio\\\/fi\\\/verkkokauppa\\\/\"},{\"@type\":\"ListItem\",\"position\":3,\"name\":\"Scrub Me &#8211; mandariinia sis\u00e4lt\u00e4v\u00e4 kosteuttava ja ravitseva kasvokuorinta kaikille ihotyypeille\"}]},{\"@type\":\"WebSite\",\"@id\":\"https:\\\/\\\/tilk.bio\\\/et\\\/#website\",\"url\":\"https:\\\/\\\/tilk.bio\\\/et\\\/\",\"name\":\"Tilk!\",\"description\":\"Natural and sustainable skincare!\",\"potentialAction\":[{\"@type\":\"SearchAction\",\"target\":{\"@type\":\"EntryPoint\",\"urlTemplate\":\"https:\\\/\\\/tilk.bio\\\/et\\\/?s={search_term_string}\"},\"query-input\":{\"@type\":\"PropertyValueSpecification\",\"valueRequired\":true,\"valueName\":\"search_term_string\"}}],\"inLanguage\":\"fi\"}]}<\/script>\n<!-- \/ Yoast SEO plugin. -->","yoast_head_json":{"title":"Scrub Me - mandariinia sis\u00e4lt\u00e4v\u00e4 kosteuttava ja ravitseva kasvokuorinta kaikille ihotyypeille - Tilk! bioactive skincare products","description":"Scrub Me kasvokuorinta kaikille ihotyypeille","robots":{"index":"index","follow":"follow","max-snippet":"max-snippet:-1","max-image-preview":"max-image-preview:large","max-video-preview":"max-video-preview:-1"},"canonical":"https:\/\/tilk.bio\/fi\/verkkokauppa\/scrub-me-kasvokuorinta-kaikille-ihotyypeille\/","og_locale":"fi_FI","og_type":"article","og_title":"Scrub Me kasvokuorinta","og_description":"kasvokuorinta kaikille ihotyypeillekasvokuorinta kaikille ihotyypeille","og_url":"https:\/\/tilk.bio\/fi\/verkkokauppa\/scrub-me-kasvokuorinta-kaikille-ihotyypeille\/","og_site_name":"Tilk!","article_publisher":"https:\/\/www.facebook.com\/tilk.bio\/","article_modified_time":"2026-04-13T20:00:11+00:00","og_image":[{"width":1200,"height":1200,"url":"https:\/\/tilk.bio\/wp-content\/uploads\/2020\/05\/1.jpg","type":"image\/jpeg"}],"twitter_card":"summary_large_image","twitter_misc":{"Arvioitu lukuaika":"1 minuutti"},"schema":{"@context":"https:\/\/schema.org","@graph":[{"@type":"WebPage","@id":"https:\/\/tilk.bio\/fi\/verkkokauppa\/scrub-me-kasvokuorinta-kaikille-ihotyypeille\/","url":"https:\/\/tilk.bio\/fi\/verkkokauppa\/scrub-me-kasvokuorinta-kaikille-ihotyypeille\/","name":"Scrub Me - mandariinia sis\u00e4lt\u00e4v\u00e4 kosteuttava ja ravitseva kasvokuorinta kaikille ihotyypeille - Tilk! bioactive skincare products","isPartOf":{"@id":"https:\/\/tilk.bio\/et\/#website"},"primaryImageOfPage":{"@id":"https:\/\/tilk.bio\/fi\/verkkokauppa\/scrub-me-kasvokuorinta-kaikille-ihotyypeille\/#primaryimage"},"image":{"@id":"https:\/\/tilk.bio\/fi\/verkkokauppa\/scrub-me-kasvokuorinta-kaikille-ihotyypeille\/#primaryimage"},"thumbnailUrl":"https:\/\/tilk.bio\/wp-content\/uploads\/2020\/05\/1.jpg","datePublished":"2020-05-06T20:29:15+00:00","dateModified":"2026-04-13T20:00:11+00:00","description":"Scrub Me kasvokuorinta kaikille ihotyypeille","breadcrumb":{"@id":"https:\/\/tilk.bio\/fi\/verkkokauppa\/scrub-me-kasvokuorinta-kaikille-ihotyypeille\/#breadcrumb"},"inLanguage":"fi","potentialAction":[{"@type":"ReadAction","target":["https:\/\/tilk.bio\/fi\/verkkokauppa\/scrub-me-kasvokuorinta-kaikille-ihotyypeille\/"]}]},{"@type":"ImageObject","inLanguage":"fi","@id":"https:\/\/tilk.bio\/fi\/verkkokauppa\/scrub-me-kasvokuorinta-kaikille-ihotyypeille\/#primaryimage","url":"https:\/\/tilk.bio\/wp-content\/uploads\/2020\/05\/1.jpg","contentUrl":"https:\/\/tilk.bio\/wp-content\/uploads\/2020\/05\/1.jpg","width":1200,"height":1200},{"@type":"BreadcrumbList","@id":"https:\/\/tilk.bio\/fi\/verkkokauppa\/scrub-me-kasvokuorinta-kaikille-ihotyypeille\/#breadcrumb","itemListElement":[{"@type":"ListItem","position":1,"name":"Home","item":"https:\/\/tilk.bio\/fi\/"},{"@type":"ListItem","position":2,"name":"Verkkokauppa","item":"https:\/\/tilk.bio\/fi\/verkkokauppa\/"},{"@type":"ListItem","position":3,"name":"Scrub Me &#8211; mandariinia sis\u00e4lt\u00e4v\u00e4 kosteuttava ja ravitseva kasvokuorinta kaikille ihotyypeille"}]},{"@type":"WebSite","@id":"https:\/\/tilk.bio\/et\/#website","url":"https:\/\/tilk.bio\/et\/","name":"Tilk!","description":"Natural and sustainable skincare!","potentialAction":[{"@type":"SearchAction","target":{"@type":"EntryPoint","urlTemplate":"https:\/\/tilk.bio\/et\/?s={search_term_string}"},"query-input":{"@type":"PropertyValueSpecification","valueRequired":true,"valueName":"search_term_string"}}],"inLanguage":"fi"}]}},"_links":{"self":[{"href":"https:\/\/tilk.bio\/fi\/wp-json\/wp\/v2\/product\/22628","targetHints":{"allow":["GET"]}}],"collection":[{"href":"https:\/\/tilk.bio\/fi\/wp-json\/wp\/v2\/product"}],"about":[{"href":"https:\/\/tilk.bio\/fi\/wp-json\/wp\/v2\/types\/product"}],"replies":[{"embeddable":true,"href":"https:\/\/tilk.bio\/fi\/wp-json\/wp\/v2\/comments?post=22628"}],"wp:featuredmedia":[{"embeddable":true,"href":"https:\/\/tilk.bio\/fi\/wp-json\/wp\/v2\/media\/67354"}],"wp:attachment":[{"href":"https:\/\/tilk.bio\/fi\/wp-json\/wp\/v2\/media?parent=22628"}],"wp:term":[{"taxonomy":"product_brand","embeddable":true,"href":"https:\/\/tilk.bio\/fi\/wp-json\/wp\/v2\/product_brand?post=22628"},{"taxonomy":"product_cat","embeddable":true,"href":"https:\/\/tilk.bio\/fi\/wp-json\/wp\/v2\/product_cat?post=22628"},{"taxonomy":"product_tag","embeddable":true,"href":"https:\/\/tilk.bio\/fi\/wp-json\/wp\/v2\/product_tag?post=22628"}],"curies":[{"name":"wp","href":"https:\/\/api.w.org\/{rel}","templated":true}]}}