{"id":22642,"date":"2017-03-17T06:23:00","date_gmt":"2017-03-17T04:23:00","guid":{"rendered":"https:\/\/tilk.bio\/shop\/spoon-me-ravitseva-yovoide\/"},"modified":"2026-04-12T22:30:06","modified_gmt":"2026-04-12T19:30:06","slug":"spoon-me-ravitseva-yovoide","status":"publish","type":"product","link":"https:\/\/tilk.bio\/fi\/verkkokauppa\/spoon-me-ravitseva-yovoide\/","title":{"rendered":"Spoon Me &#8211; avokado\u00f6ljy\u00e4 sis\u00e4lt\u00e4v\u00e4 anti-age -y\u00f6voide"},"content":{"rendered":"<p>Spoon Me on koostumukseltaan runsas, ravitseva y\u00f6voide, joka antaa iholle voimaa ja kosteutta. Soveltuu my\u00f6s kyps\u00e4n ja eritt\u00e4in kuivan ihon p\u00e4iv\u00e4voiteeksi. Suosittelemme y\u00f6voiteita yli 35-vuotiaille sek\u00e4 kuivasta ja elottomasta ihosta k\u00e4rsiville.<\/p>\n<p>Kurpitsansiemen\u00f6ljyn antioksidantit ja vitamiinit auttavat tasoittamaan hienoja juonteita ja taistelemaan ihon ik\u00e4\u00e4ntymist\u00e4 vastaan. Ruusunsiemen-, vehn\u00e4nalkio- ja avokado\u00f6ljyjen bioaktiiviset ainesosat kosteuttavat, elvytt\u00e4v\u00e4t, vahvistavat, uudistavat ja pehment\u00e4v\u00e4t ihoa. Avokado\u00f6ljy kiihdytt\u00e4\u00e4 kollageenin tuotantoa ja antaa iholle erinomaisen suojan. Ruusunsiemen\u00f6ljyn korvaamattomat rasvahapot ja A-vitamiini ovat t\u00e4rkeit\u00e4 ihon rakenteen ja s\u00e4vyn parantajia sek\u00e4 ihosolujen uudistajia. Mehil\u00e4isvaha ja kookos\u00f6ljy ravitsevat ja suojaavat ihoa. Vaahtomaisen voiteen tuoksussa yhdistyv\u00e4t laventeli, frankinsensi ja appelsiini.<\/p>\n<p>K\u00e4ytt\u00f6: Levit\u00e4 puhdistetuille kasvoille ennen nukkumaan menoa. Hyvin kuivaihoisille soveltuu my\u00f6s p\u00e4iv\u00e4voiteeksi. Y\u00f6voiteena yhdistett\u00e4viss\u00e4 kaikkiin kasvovoiteisiimme.<\/p>\n<p>Tuotteen kaikki ainesosat ovat luontaista alkuper\u00e4\u00e4. Tuotteessa on k\u00e4ytetty Saarenmaalta k\u00e4sin poimituista kasveista saatuja \u00f6ljyj\u00e4.<\/p>\n<p>S\u00e4ilytys huoneenl\u00e4mm\u00f6ss\u00e4.<\/p>\n<p>Koko: 10ml\/50ml<\/p>\n<p><a ref=\"magnificPopup\" href=\"https:\/\/tilk.bio\/wp-content\/uploads\/2015\/11\/sisaltaa_puisen_lastan_anim.gif\"><img loading=\"lazy\" decoding=\"async\" class=\"alignnone size-full wp-image-23764\" src=\"https:\/\/tilk.bio\/wp-content\/uploads\/2015\/11\/sisaltaa_puisen_lastan_anim.gif\" alt=\"\" width=\"115\" height=\"100\" \/><\/a><a ref=\"magnificPopup\" href=\"https:\/\/tilk.bio\/wp-content\/uploads\/2018\/08\/package_anim_FIN.gif\"><img loading=\"lazy\" decoding=\"async\" class=\"alignnone size-full wp-image-23966\" src=\"https:\/\/tilk.bio\/wp-content\/uploads\/2018\/08\/package_anim_FIN.gif\" alt=\"\" width=\"125\" height=\"100\" \/><\/a><\/p>\n","protected":false},"excerpt":{"rendered":"<p>Spoon Me on koostumukseltaan runsas, ravitseva y\u00f6voide, joka antaa iholle voimaa ja kosteutta. Soveltuu my\u00f6s kyps\u00e4n ja eritt\u00e4in kuivan ihon p\u00e4iv\u00e4voiteeksi. Suosittelemme y\u00f6voiteita yli 35-vuotiaille sek\u00e4 kuivasta ja elottomasta ihosta k\u00e4rsiville. Kurpitsansiemen\u00f6ljyn antioksidantit ja vitamiinit auttavat tasoittamaan hienoja juonteita ja taistelemaan ihon ik\u00e4\u00e4ntymist\u00e4 vastaan. Ruusunsiemen-, vehn\u00e4nalkio- ja avokado\u00f6ljyjen bioaktiiviset ainesosat kosteuttavat, elvytt\u00e4v\u00e4t, vahvistavat, uudistavat ja&#8230;<\/p>\n","protected":false},"featured_media":64996,"comment_status":"open","ping_status":"closed","template":"","meta":{"_acf_changed":false},"product_brand":[],"product_cat":[741,729,740,501,512,630,737,979,671,730],"product_tag":[739,738],"class_list":{"0":"post-22642","1":"product","2":"type-product","3":"status-publish","4":"has-post-thumbnail","6":"product_cat-epatasainen-iho","7":"product_cat-herkka-iho","8":"product_cat-ikaantyva-iho","9":"product_cat-kaikki-tuotteet","10":"product_cat-kasvohoito","11":"product_cat-kasvovoiteet","12":"product_cat-kuiva-iho","13":"product_cat-shea-butter","14":"product_cat-spaattelin-mahdollisuus","15":"product_cat-tilk-herbal-fi","16":"product_tag-elainkokeeton","17":"product_tag-yovoide","19":"first","20":"instock","21":"taxable","22":"shipping-taxable","23":"purchasable","24":"product-type-variable"},"acf":[],"yoast_head":"<!-- This site is optimized with the Yoast SEO plugin v27.3 - https:\/\/yoast.com\/product\/yoast-seo-wordpress\/ -->\n<title>Spoon Me - avokado\u00f6ljy\u00e4 sis\u00e4lt\u00e4v\u00e4 anti-age -y\u00f6voide - Tilk!<\/title>\n<meta name=\"description\" content=\"Spoon Me on ravitseva y\u00f6voide, jolla on t\u00e4ytel\u00e4inen koostumus.\" \/>\n<meta name=\"robots\" content=\"index, follow, max-snippet:-1, max-image-preview:large, max-video-preview:-1\" \/>\n<link rel=\"canonical\" href=\"https:\/\/tilk.bio\/fi\/verkkokauppa\/spoon-me-ravitseva-yovoide\/\" \/>\n<meta property=\"og:locale\" content=\"fi_FI\" \/>\n<meta property=\"og:type\" content=\"article\" \/>\n<meta property=\"og:title\" content=\"Spoon Me - avokado\u00f6ljy\u00e4 sis\u00e4lt\u00e4v\u00e4 anti-age -y\u00f6voide - Tilk!\" \/>\n<meta property=\"og:description\" content=\"Spoon Me on ravitseva y\u00f6voide, jolla on t\u00e4ytel\u00e4inen koostumus.\" \/>\n<meta property=\"og:url\" content=\"https:\/\/tilk.bio\/fi\/verkkokauppa\/spoon-me-ravitseva-yovoide\/\" \/>\n<meta property=\"og:site_name\" content=\"Tilk!\" \/>\n<meta property=\"article:publisher\" content=\"https:\/\/www.facebook.com\/tilk.bio\/\" \/>\n<meta property=\"article:modified_time\" content=\"2026-04-12T19:30:06+00:00\" \/>\n<meta property=\"og:image\" content=\"https:\/\/tilk.bio\/wp-content\/uploads\/2017\/03\/spoonmekarp.jpg\" \/>\n\t<meta property=\"og:image:width\" content=\"1200\" \/>\n\t<meta property=\"og:image:height\" content=\"1200\" \/>\n\t<meta property=\"og:image:type\" content=\"image\/jpeg\" \/>\n<meta name=\"twitter:card\" content=\"summary_large_image\" \/>\n<meta name=\"twitter:description\" content=\"Spoon Me on ravitseva y\u00f6voide, jolla on t\u00e4ytel\u00e4inen koostumus.\" \/>\n<meta name=\"twitter:label1\" content=\"Arvioitu lukuaika\" \/>\n\t<meta name=\"twitter:data1\" content=\"1 minuutti\" \/>\n<script type=\"application\/ld+json\" class=\"yoast-schema-graph\">{\"@context\":\"https:\\\/\\\/schema.org\",\"@graph\":[{\"@type\":\"WebPage\",\"@id\":\"https:\\\/\\\/tilk.bio\\\/fi\\\/verkkokauppa\\\/spoon-me-ravitseva-yovoide\\\/\",\"url\":\"https:\\\/\\\/tilk.bio\\\/fi\\\/verkkokauppa\\\/spoon-me-ravitseva-yovoide\\\/\",\"name\":\"Spoon Me - avokado\u00f6ljy\u00e4 sis\u00e4lt\u00e4v\u00e4 anti-age -y\u00f6voide - Tilk!\",\"isPartOf\":{\"@id\":\"https:\\\/\\\/tilk.bio\\\/et\\\/#website\"},\"primaryImageOfPage\":{\"@id\":\"https:\\\/\\\/tilk.bio\\\/fi\\\/verkkokauppa\\\/spoon-me-ravitseva-yovoide\\\/#primaryimage\"},\"image\":{\"@id\":\"https:\\\/\\\/tilk.bio\\\/fi\\\/verkkokauppa\\\/spoon-me-ravitseva-yovoide\\\/#primaryimage\"},\"thumbnailUrl\":\"https:\\\/\\\/tilk.bio\\\/wp-content\\\/uploads\\\/2017\\\/03\\\/spoonmekarp.jpg\",\"datePublished\":\"2017-03-17T04:23:00+00:00\",\"dateModified\":\"2026-04-12T19:30:06+00:00\",\"description\":\"Spoon Me on ravitseva y\u00f6voide, jolla on t\u00e4ytel\u00e4inen koostumus.\",\"breadcrumb\":{\"@id\":\"https:\\\/\\\/tilk.bio\\\/fi\\\/verkkokauppa\\\/spoon-me-ravitseva-yovoide\\\/#breadcrumb\"},\"inLanguage\":\"fi\",\"potentialAction\":[{\"@type\":\"ReadAction\",\"target\":[\"https:\\\/\\\/tilk.bio\\\/fi\\\/verkkokauppa\\\/spoon-me-ravitseva-yovoide\\\/\"]}]},{\"@type\":\"ImageObject\",\"inLanguage\":\"fi\",\"@id\":\"https:\\\/\\\/tilk.bio\\\/fi\\\/verkkokauppa\\\/spoon-me-ravitseva-yovoide\\\/#primaryimage\",\"url\":\"https:\\\/\\\/tilk.bio\\\/wp-content\\\/uploads\\\/2017\\\/03\\\/spoonmekarp.jpg\",\"contentUrl\":\"https:\\\/\\\/tilk.bio\\\/wp-content\\\/uploads\\\/2017\\\/03\\\/spoonmekarp.jpg\",\"width\":1200,\"height\":1200,\"caption\":\"tilk night cream spoon me\"},{\"@type\":\"BreadcrumbList\",\"@id\":\"https:\\\/\\\/tilk.bio\\\/fi\\\/verkkokauppa\\\/spoon-me-ravitseva-yovoide\\\/#breadcrumb\",\"itemListElement\":[{\"@type\":\"ListItem\",\"position\":1,\"name\":\"Home\",\"item\":\"https:\\\/\\\/tilk.bio\\\/fi\\\/\"},{\"@type\":\"ListItem\",\"position\":2,\"name\":\"Verkkokauppa\",\"item\":\"https:\\\/\\\/tilk.bio\\\/fi\\\/verkkokauppa\\\/\"},{\"@type\":\"ListItem\",\"position\":3,\"name\":\"Spoon Me &#8211; avokado\u00f6ljy\u00e4 sis\u00e4lt\u00e4v\u00e4 anti-age -y\u00f6voide\"}]},{\"@type\":\"WebSite\",\"@id\":\"https:\\\/\\\/tilk.bio\\\/et\\\/#website\",\"url\":\"https:\\\/\\\/tilk.bio\\\/et\\\/\",\"name\":\"Tilk!\",\"description\":\"Natural and sustainable skincare!\",\"potentialAction\":[{\"@type\":\"SearchAction\",\"target\":{\"@type\":\"EntryPoint\",\"urlTemplate\":\"https:\\\/\\\/tilk.bio\\\/et\\\/?s={search_term_string}\"},\"query-input\":{\"@type\":\"PropertyValueSpecification\",\"valueRequired\":true,\"valueName\":\"search_term_string\"}}],\"inLanguage\":\"fi\"}]}<\/script>\n<!-- \/ Yoast SEO plugin. -->","yoast_head_json":{"title":"Spoon Me - avokado\u00f6ljy\u00e4 sis\u00e4lt\u00e4v\u00e4 anti-age -y\u00f6voide - Tilk!","description":"Spoon Me on ravitseva y\u00f6voide, jolla on t\u00e4ytel\u00e4inen koostumus.","robots":{"index":"index","follow":"follow","max-snippet":"max-snippet:-1","max-image-preview":"max-image-preview:large","max-video-preview":"max-video-preview:-1"},"canonical":"https:\/\/tilk.bio\/fi\/verkkokauppa\/spoon-me-ravitseva-yovoide\/","og_locale":"fi_FI","og_type":"article","og_title":"Spoon Me - avokado\u00f6ljy\u00e4 sis\u00e4lt\u00e4v\u00e4 anti-age -y\u00f6voide - Tilk!","og_description":"Spoon Me on ravitseva y\u00f6voide, jolla on t\u00e4ytel\u00e4inen koostumus.","og_url":"https:\/\/tilk.bio\/fi\/verkkokauppa\/spoon-me-ravitseva-yovoide\/","og_site_name":"Tilk!","article_publisher":"https:\/\/www.facebook.com\/tilk.bio\/","article_modified_time":"2026-04-12T19:30:06+00:00","og_image":[{"width":1200,"height":1200,"url":"https:\/\/tilk.bio\/wp-content\/uploads\/2017\/03\/spoonmekarp.jpg","type":"image\/jpeg"}],"twitter_card":"summary_large_image","twitter_description":"Spoon Me on ravitseva y\u00f6voide, jolla on t\u00e4ytel\u00e4inen koostumus.","twitter_misc":{"Arvioitu lukuaika":"1 minuutti"},"schema":{"@context":"https:\/\/schema.org","@graph":[{"@type":"WebPage","@id":"https:\/\/tilk.bio\/fi\/verkkokauppa\/spoon-me-ravitseva-yovoide\/","url":"https:\/\/tilk.bio\/fi\/verkkokauppa\/spoon-me-ravitseva-yovoide\/","name":"Spoon Me - avokado\u00f6ljy\u00e4 sis\u00e4lt\u00e4v\u00e4 anti-age -y\u00f6voide - Tilk!","isPartOf":{"@id":"https:\/\/tilk.bio\/et\/#website"},"primaryImageOfPage":{"@id":"https:\/\/tilk.bio\/fi\/verkkokauppa\/spoon-me-ravitseva-yovoide\/#primaryimage"},"image":{"@id":"https:\/\/tilk.bio\/fi\/verkkokauppa\/spoon-me-ravitseva-yovoide\/#primaryimage"},"thumbnailUrl":"https:\/\/tilk.bio\/wp-content\/uploads\/2017\/03\/spoonmekarp.jpg","datePublished":"2017-03-17T04:23:00+00:00","dateModified":"2026-04-12T19:30:06+00:00","description":"Spoon Me on ravitseva y\u00f6voide, jolla on t\u00e4ytel\u00e4inen koostumus.","breadcrumb":{"@id":"https:\/\/tilk.bio\/fi\/verkkokauppa\/spoon-me-ravitseva-yovoide\/#breadcrumb"},"inLanguage":"fi","potentialAction":[{"@type":"ReadAction","target":["https:\/\/tilk.bio\/fi\/verkkokauppa\/spoon-me-ravitseva-yovoide\/"]}]},{"@type":"ImageObject","inLanguage":"fi","@id":"https:\/\/tilk.bio\/fi\/verkkokauppa\/spoon-me-ravitseva-yovoide\/#primaryimage","url":"https:\/\/tilk.bio\/wp-content\/uploads\/2017\/03\/spoonmekarp.jpg","contentUrl":"https:\/\/tilk.bio\/wp-content\/uploads\/2017\/03\/spoonmekarp.jpg","width":1200,"height":1200,"caption":"tilk night cream spoon me"},{"@type":"BreadcrumbList","@id":"https:\/\/tilk.bio\/fi\/verkkokauppa\/spoon-me-ravitseva-yovoide\/#breadcrumb","itemListElement":[{"@type":"ListItem","position":1,"name":"Home","item":"https:\/\/tilk.bio\/fi\/"},{"@type":"ListItem","position":2,"name":"Verkkokauppa","item":"https:\/\/tilk.bio\/fi\/verkkokauppa\/"},{"@type":"ListItem","position":3,"name":"Spoon Me &#8211; avokado\u00f6ljy\u00e4 sis\u00e4lt\u00e4v\u00e4 anti-age -y\u00f6voide"}]},{"@type":"WebSite","@id":"https:\/\/tilk.bio\/et\/#website","url":"https:\/\/tilk.bio\/et\/","name":"Tilk!","description":"Natural and sustainable skincare!","potentialAction":[{"@type":"SearchAction","target":{"@type":"EntryPoint","urlTemplate":"https:\/\/tilk.bio\/et\/?s={search_term_string}"},"query-input":{"@type":"PropertyValueSpecification","valueRequired":true,"valueName":"search_term_string"}}],"inLanguage":"fi"}]}},"_links":{"self":[{"href":"https:\/\/tilk.bio\/fi\/wp-json\/wp\/v2\/product\/22642","targetHints":{"allow":["GET"]}}],"collection":[{"href":"https:\/\/tilk.bio\/fi\/wp-json\/wp\/v2\/product"}],"about":[{"href":"https:\/\/tilk.bio\/fi\/wp-json\/wp\/v2\/types\/product"}],"replies":[{"embeddable":true,"href":"https:\/\/tilk.bio\/fi\/wp-json\/wp\/v2\/comments?post=22642"}],"wp:featuredmedia":[{"embeddable":true,"href":"https:\/\/tilk.bio\/fi\/wp-json\/wp\/v2\/media\/64996"}],"wp:attachment":[{"href":"https:\/\/tilk.bio\/fi\/wp-json\/wp\/v2\/media?parent=22642"}],"wp:term":[{"taxonomy":"product_brand","embeddable":true,"href":"https:\/\/tilk.bio\/fi\/wp-json\/wp\/v2\/product_brand?post=22642"},{"taxonomy":"product_cat","embeddable":true,"href":"https:\/\/tilk.bio\/fi\/wp-json\/wp\/v2\/product_cat?post=22642"},{"taxonomy":"product_tag","embeddable":true,"href":"https:\/\/tilk.bio\/fi\/wp-json\/wp\/v2\/product_tag?post=22642"}],"curies":[{"name":"wp","href":"https:\/\/api.w.org\/{rel}","templated":true}]}}