{"id":22652,"date":"2017-01-27T17:00:47","date_gmt":"2017-01-27T17:00:47","guid":{"rendered":"https:\/\/tilk.bio\/shop\/love-me-kasivoide\/"},"modified":"2026-04-06T01:45:03","modified_gmt":"2026-04-05T22:45:03","slug":"love-me-kasivoide","status":"publish","type":"product","link":"https:\/\/tilk.bio\/fi\/verkkokauppa\/love-me-kasivoide\/","title":{"rendered":"Love Me &#8211; mangoa ja sitruunaruohoa sis\u00e4lt\u00e4v\u00e4 kosteuttava k\u00e4sivoide"},"content":{"rendered":"<p>PALKITUSTI PARAS<\/p>\n<p>Love Me on vitamiinipitoinen k\u00e4sivoide, joka kosteuttaa kuivaa ihoa ja tekee k\u00e4sist\u00e4 silkinpehme\u00e4t. Kasvojen lis\u00e4ksi my\u00f6s k\u00e4det kertovat i\u00e4st\u00e4mme \u2013 k\u00e4sivoiteen s\u00e4\u00e4nn\u00f6llinen k\u00e4ytt\u00f6 hoitaa k\u00e4sien herkk\u00e4\u00e4 ihoa ja ehk\u00e4isee ryppyjen muodostumista.<\/p>\n<p>Tyrni\u00f6ljyn sis\u00e4lt\u00e4m\u00e4t C-, E-, K- ja P-vitamiinit pehment\u00e4v\u00e4t k\u00e4sien ihoa, lis\u00e4ksi tyrni\u00f6ljy nopeuttaa mikrohaavojen parantumista. Nokkosuutteen sis\u00e4lt\u00e4m\u00e4t A- ja C-vitamiinit vilkastavat k\u00e4sien verenkiertoa, lis\u00e4ksi nokkonen vahvistaa ihon rakennetta ja hoitaa \u00e4rtynytt\u00e4 ihoa. Antioksidanttipitoinen mangovoi syv\u00e4kosteuttaa ja lis\u00e4\u00e4 ihon luonnollista vastustuskyky\u00e4, peltokortteen bioaktiiviset ainesosat taas uudistavat ihon hydrolipidikalvoa ja hoitavat pintajuonteita tehden ihosta napakan ja kimmoisan. Kuivia k\u00e4si\u00e4 helliv\u00e4ss\u00e4 voiteessa on miellytt\u00e4v\u00e4 sitruksinen tuoksu.<\/p>\n<p>Tuotteen kaikki ainesosat ovat luontaista ja vegaanista alkuper\u00e4\u00e4. Tuotteessa on k\u00e4ytetty Saarenmaalta k\u00e4sin poimituista kasveista saatuja \u00f6ljyj\u00e4.<\/p>\n<p>S\u00e4ilytys huoneenl\u00e4mm\u00f6ss\u00e4.<\/p>\n<p>Koko: 10ml\/50ml<\/p>\n<p><a ref=\"magnificPopup\" href=\"https:\/\/tilk.bio\/wp-content\/uploads\/2016\/01\/Vegan_sign-07.png\"><img loading=\"lazy\" decoding=\"async\" class=\"alignnone wp-image-22658\" src=\"https:\/\/tilk.bio\/wp-content\/uploads\/2016\/01\/Vegan_sign-07.png\" alt=\"\" width=\"97\" height=\"97\" srcset=\"https:\/\/tilk.bio\/wp-content\/uploads\/2016\/01\/Vegan_sign-07.png 165w, https:\/\/tilk.bio\/wp-content\/uploads\/2016\/01\/Vegan_sign-07-150x150.png 150w\" sizes=\"auto, (max-width: 97px) 100vw, 97px\" \/><\/a><a ref=\"magnificPopup\" href=\"https:\/\/tilk.bio\/wp-content\/uploads\/2018\/08\/package_anim_FIN.gif\"><img loading=\"lazy\" decoding=\"async\" class=\"alignnone size-full wp-image-23966\" src=\"https:\/\/tilk.bio\/wp-content\/uploads\/2018\/08\/package_anim_FIN.gif\" alt=\"\" width=\"125\" height=\"100\" \/><\/a><\/p>\n","protected":false},"excerpt":{"rendered":"<p>PALKITUSTI PARAS Love Me on vitamiinipitoinen k\u00e4sivoide, joka kosteuttaa kuivaa ihoa ja tekee k\u00e4sist\u00e4 silkinpehme\u00e4t. Kasvojen lis\u00e4ksi my\u00f6s k\u00e4det kertovat i\u00e4st\u00e4mme \u2013 k\u00e4sivoiteen s\u00e4\u00e4nn\u00f6llinen k\u00e4ytt\u00f6 hoitaa k\u00e4sien herkk\u00e4\u00e4 ihoa ja ehk\u00e4isee ryppyjen muodostumista. Tyrni\u00f6ljyn sis\u00e4lt\u00e4m\u00e4t C-, E-, K- ja P-vitamiinit pehment\u00e4v\u00e4t k\u00e4sien ihoa, lis\u00e4ksi tyrni\u00f6ljy nopeuttaa mikrohaavojen parantumista. Nokkosuutteen sis\u00e4lt\u00e4m\u00e4t A- ja C-vitamiinit vilkastavat k\u00e4sien&#8230;<\/p>\n","protected":false},"featured_media":67420,"comment_status":"open","ping_status":"closed","template":"","meta":{"_acf_changed":false},"product_brand":[],"product_cat":[505,501,737,502,730,503],"product_tag":[417],"class_list":{"0":"post-22652","1":"product","2":"type-product","3":"status-publish","4":"has-post-thumbnail","6":"product_cat-kadet","7":"product_cat-kaikki-tuotteet","8":"product_cat-kuiva-iho","9":"product_cat-myydyimmat","10":"product_cat-tilk-herbal-fi","11":"product_cat-vartalo","12":"product_tag-kasivoide","14":"first","15":"instock","16":"taxable","17":"shipping-taxable","18":"purchasable","19":"product-type-variable"},"acf":[],"yoast_head":"<!-- This site is optimized with the Yoast SEO plugin v27.4 - https:\/\/yoast.com\/product\/yoast-seo-wordpress\/ -->\n<title>Love Me - mangoa ja sitruunaruohoa sis\u00e4lt\u00e4v\u00e4 kosteuttava k\u00e4sivoide - Tilk!<\/title>\n<meta name=\"robots\" content=\"index, follow, max-snippet:-1, max-image-preview:large, max-video-preview:-1\" \/>\n<link rel=\"canonical\" href=\"https:\/\/tilk.bio\/fi\/verkkokauppa\/love-me-kasivoide\/\" \/>\n<meta property=\"og:locale\" content=\"fi_FI\" \/>\n<meta property=\"og:type\" content=\"article\" \/>\n<meta property=\"og:title\" content=\"Love Me - mangoa ja sitruunaruohoa sis\u00e4lt\u00e4v\u00e4 kosteuttava k\u00e4sivoide - Tilk!\" \/>\n<meta property=\"og:description\" content=\"PALKITUSTI PARAS Love Me on vitamiinipitoinen k\u00e4sivoide, joka kosteuttaa kuivaa ihoa ja tekee k\u00e4sist\u00e4 silkinpehme\u00e4t. Kasvojen lis\u00e4ksi my\u00f6s k\u00e4det kertovat i\u00e4st\u00e4mme \u2013 k\u00e4sivoiteen s\u00e4\u00e4nn\u00f6llinen k\u00e4ytt\u00f6 hoitaa k\u00e4sien herkk\u00e4\u00e4 ihoa ja ehk\u00e4isee ryppyjen muodostumista. Tyrni\u00f6ljyn sis\u00e4lt\u00e4m\u00e4t C-, E-, K- ja P-vitamiinit pehment\u00e4v\u00e4t k\u00e4sien ihoa, lis\u00e4ksi tyrni\u00f6ljy nopeuttaa mikrohaavojen parantumista. Nokkosuutteen sis\u00e4lt\u00e4m\u00e4t A- ja C-vitamiinit vilkastavat k\u00e4sien...\" \/>\n<meta property=\"og:url\" content=\"https:\/\/tilk.bio\/fi\/verkkokauppa\/love-me-kasivoide\/\" \/>\n<meta property=\"og:site_name\" content=\"Tilk!\" \/>\n<meta property=\"article:publisher\" content=\"https:\/\/www.facebook.com\/tilk.bio\/\" \/>\n<meta property=\"article:modified_time\" content=\"2026-04-05T22:45:03+00:00\" \/>\n<meta property=\"og:image\" content=\"https:\/\/tilk.bio\/wp-content\/uploads\/2018\/08\/2.jpg\" \/>\n\t<meta property=\"og:image:width\" content=\"1200\" \/>\n\t<meta property=\"og:image:height\" content=\"1200\" \/>\n\t<meta property=\"og:image:type\" content=\"image\/jpeg\" \/>\n<meta name=\"twitter:card\" content=\"summary_large_image\" \/>\n<meta name=\"twitter:image\" content=\"https:\/\/tilk.bio\/wp-content\/uploads\/2016\/01\/naturaln-hand-cream-love-me.jpg\" \/>\n<meta name=\"twitter:label1\" content=\"Arvioitu lukuaika\" \/>\n\t<meta name=\"twitter:data1\" content=\"1 minuutti\" \/>\n<script type=\"application\/ld+json\" class=\"yoast-schema-graph\">{\"@context\":\"https:\\\/\\\/schema.org\",\"@graph\":[{\"@type\":\"WebPage\",\"@id\":\"https:\\\/\\\/tilk.bio\\\/fi\\\/verkkokauppa\\\/love-me-kasivoide\\\/\",\"url\":\"https:\\\/\\\/tilk.bio\\\/fi\\\/verkkokauppa\\\/love-me-kasivoide\\\/\",\"name\":\"Love Me - mangoa ja sitruunaruohoa sis\u00e4lt\u00e4v\u00e4 kosteuttava k\u00e4sivoide - Tilk!\",\"isPartOf\":{\"@id\":\"https:\\\/\\\/tilk.bio\\\/et\\\/#website\"},\"primaryImageOfPage\":{\"@id\":\"https:\\\/\\\/tilk.bio\\\/fi\\\/verkkokauppa\\\/love-me-kasivoide\\\/#primaryimage\"},\"image\":{\"@id\":\"https:\\\/\\\/tilk.bio\\\/fi\\\/verkkokauppa\\\/love-me-kasivoide\\\/#primaryimage\"},\"thumbnailUrl\":\"https:\\\/\\\/tilk.bio\\\/wp-content\\\/uploads\\\/2018\\\/08\\\/2.jpg\",\"datePublished\":\"2017-01-27T17:00:47+00:00\",\"dateModified\":\"2026-04-05T22:45:03+00:00\",\"breadcrumb\":{\"@id\":\"https:\\\/\\\/tilk.bio\\\/fi\\\/verkkokauppa\\\/love-me-kasivoide\\\/#breadcrumb\"},\"inLanguage\":\"fi\",\"potentialAction\":[{\"@type\":\"ReadAction\",\"target\":[\"https:\\\/\\\/tilk.bio\\\/fi\\\/verkkokauppa\\\/love-me-kasivoide\\\/\"]}]},{\"@type\":\"ImageObject\",\"inLanguage\":\"fi\",\"@id\":\"https:\\\/\\\/tilk.bio\\\/fi\\\/verkkokauppa\\\/love-me-kasivoide\\\/#primaryimage\",\"url\":\"https:\\\/\\\/tilk.bio\\\/wp-content\\\/uploads\\\/2018\\\/08\\\/2.jpg\",\"contentUrl\":\"https:\\\/\\\/tilk.bio\\\/wp-content\\\/uploads\\\/2018\\\/08\\\/2.jpg\",\"width\":1200,\"height\":1200},{\"@type\":\"BreadcrumbList\",\"@id\":\"https:\\\/\\\/tilk.bio\\\/fi\\\/verkkokauppa\\\/love-me-kasivoide\\\/#breadcrumb\",\"itemListElement\":[{\"@type\":\"ListItem\",\"position\":1,\"name\":\"Home\",\"item\":\"https:\\\/\\\/tilk.bio\\\/fi\\\/\"},{\"@type\":\"ListItem\",\"position\":2,\"name\":\"Verkkokauppa\",\"item\":\"https:\\\/\\\/tilk.bio\\\/fi\\\/verkkokauppa\\\/\"},{\"@type\":\"ListItem\",\"position\":3,\"name\":\"Love Me &#8211; mangoa ja sitruunaruohoa sis\u00e4lt\u00e4v\u00e4 kosteuttava k\u00e4sivoide\"}]},{\"@type\":\"WebSite\",\"@id\":\"https:\\\/\\\/tilk.bio\\\/et\\\/#website\",\"url\":\"https:\\\/\\\/tilk.bio\\\/et\\\/\",\"name\":\"Tilk!\",\"description\":\"Natural and sustainable skincare!\",\"potentialAction\":[{\"@type\":\"SearchAction\",\"target\":{\"@type\":\"EntryPoint\",\"urlTemplate\":\"https:\\\/\\\/tilk.bio\\\/et\\\/?s={search_term_string}\"},\"query-input\":{\"@type\":\"PropertyValueSpecification\",\"valueRequired\":true,\"valueName\":\"search_term_string\"}}],\"inLanguage\":\"fi\"}]}<\/script>\n<!-- \/ Yoast SEO plugin. -->","yoast_head_json":{"title":"Love Me - mangoa ja sitruunaruohoa sis\u00e4lt\u00e4v\u00e4 kosteuttava k\u00e4sivoide - Tilk!","robots":{"index":"index","follow":"follow","max-snippet":"max-snippet:-1","max-image-preview":"max-image-preview:large","max-video-preview":"max-video-preview:-1"},"canonical":"https:\/\/tilk.bio\/fi\/verkkokauppa\/love-me-kasivoide\/","og_locale":"fi_FI","og_type":"article","og_title":"Love Me - mangoa ja sitruunaruohoa sis\u00e4lt\u00e4v\u00e4 kosteuttava k\u00e4sivoide - Tilk!","og_description":"PALKITUSTI PARAS Love Me on vitamiinipitoinen k\u00e4sivoide, joka kosteuttaa kuivaa ihoa ja tekee k\u00e4sist\u00e4 silkinpehme\u00e4t. Kasvojen lis\u00e4ksi my\u00f6s k\u00e4det kertovat i\u00e4st\u00e4mme \u2013 k\u00e4sivoiteen s\u00e4\u00e4nn\u00f6llinen k\u00e4ytt\u00f6 hoitaa k\u00e4sien herkk\u00e4\u00e4 ihoa ja ehk\u00e4isee ryppyjen muodostumista. Tyrni\u00f6ljyn sis\u00e4lt\u00e4m\u00e4t C-, E-, K- ja P-vitamiinit pehment\u00e4v\u00e4t k\u00e4sien ihoa, lis\u00e4ksi tyrni\u00f6ljy nopeuttaa mikrohaavojen parantumista. Nokkosuutteen sis\u00e4lt\u00e4m\u00e4t A- ja C-vitamiinit vilkastavat k\u00e4sien...","og_url":"https:\/\/tilk.bio\/fi\/verkkokauppa\/love-me-kasivoide\/","og_site_name":"Tilk!","article_publisher":"https:\/\/www.facebook.com\/tilk.bio\/","article_modified_time":"2026-04-05T22:45:03+00:00","og_image":[{"width":1200,"height":1200,"url":"https:\/\/tilk.bio\/wp-content\/uploads\/2018\/08\/2.jpg","type":"image\/jpeg"}],"twitter_card":"summary_large_image","twitter_image":"https:\/\/tilk.bio\/wp-content\/uploads\/2016\/01\/naturaln-hand-cream-love-me.jpg","twitter_misc":{"Arvioitu lukuaika":"1 minuutti"},"schema":{"@context":"https:\/\/schema.org","@graph":[{"@type":"WebPage","@id":"https:\/\/tilk.bio\/fi\/verkkokauppa\/love-me-kasivoide\/","url":"https:\/\/tilk.bio\/fi\/verkkokauppa\/love-me-kasivoide\/","name":"Love Me - mangoa ja sitruunaruohoa sis\u00e4lt\u00e4v\u00e4 kosteuttava k\u00e4sivoide - Tilk!","isPartOf":{"@id":"https:\/\/tilk.bio\/et\/#website"},"primaryImageOfPage":{"@id":"https:\/\/tilk.bio\/fi\/verkkokauppa\/love-me-kasivoide\/#primaryimage"},"image":{"@id":"https:\/\/tilk.bio\/fi\/verkkokauppa\/love-me-kasivoide\/#primaryimage"},"thumbnailUrl":"https:\/\/tilk.bio\/wp-content\/uploads\/2018\/08\/2.jpg","datePublished":"2017-01-27T17:00:47+00:00","dateModified":"2026-04-05T22:45:03+00:00","breadcrumb":{"@id":"https:\/\/tilk.bio\/fi\/verkkokauppa\/love-me-kasivoide\/#breadcrumb"},"inLanguage":"fi","potentialAction":[{"@type":"ReadAction","target":["https:\/\/tilk.bio\/fi\/verkkokauppa\/love-me-kasivoide\/"]}]},{"@type":"ImageObject","inLanguage":"fi","@id":"https:\/\/tilk.bio\/fi\/verkkokauppa\/love-me-kasivoide\/#primaryimage","url":"https:\/\/tilk.bio\/wp-content\/uploads\/2018\/08\/2.jpg","contentUrl":"https:\/\/tilk.bio\/wp-content\/uploads\/2018\/08\/2.jpg","width":1200,"height":1200},{"@type":"BreadcrumbList","@id":"https:\/\/tilk.bio\/fi\/verkkokauppa\/love-me-kasivoide\/#breadcrumb","itemListElement":[{"@type":"ListItem","position":1,"name":"Home","item":"https:\/\/tilk.bio\/fi\/"},{"@type":"ListItem","position":2,"name":"Verkkokauppa","item":"https:\/\/tilk.bio\/fi\/verkkokauppa\/"},{"@type":"ListItem","position":3,"name":"Love Me &#8211; mangoa ja sitruunaruohoa sis\u00e4lt\u00e4v\u00e4 kosteuttava k\u00e4sivoide"}]},{"@type":"WebSite","@id":"https:\/\/tilk.bio\/et\/#website","url":"https:\/\/tilk.bio\/et\/","name":"Tilk!","description":"Natural and sustainable skincare!","potentialAction":[{"@type":"SearchAction","target":{"@type":"EntryPoint","urlTemplate":"https:\/\/tilk.bio\/et\/?s={search_term_string}"},"query-input":{"@type":"PropertyValueSpecification","valueRequired":true,"valueName":"search_term_string"}}],"inLanguage":"fi"}]}},"_links":{"self":[{"href":"https:\/\/tilk.bio\/fi\/wp-json\/wp\/v2\/product\/22652","targetHints":{"allow":["GET"]}}],"collection":[{"href":"https:\/\/tilk.bio\/fi\/wp-json\/wp\/v2\/product"}],"about":[{"href":"https:\/\/tilk.bio\/fi\/wp-json\/wp\/v2\/types\/product"}],"replies":[{"embeddable":true,"href":"https:\/\/tilk.bio\/fi\/wp-json\/wp\/v2\/comments?post=22652"}],"wp:featuredmedia":[{"embeddable":true,"href":"https:\/\/tilk.bio\/fi\/wp-json\/wp\/v2\/media\/67420"}],"wp:attachment":[{"href":"https:\/\/tilk.bio\/fi\/wp-json\/wp\/v2\/media?parent=22652"}],"wp:term":[{"taxonomy":"product_brand","embeddable":true,"href":"https:\/\/tilk.bio\/fi\/wp-json\/wp\/v2\/product_brand?post=22652"},{"taxonomy":"product_cat","embeddable":true,"href":"https:\/\/tilk.bio\/fi\/wp-json\/wp\/v2\/product_cat?post=22652"},{"taxonomy":"product_tag","embeddable":true,"href":"https:\/\/tilk.bio\/fi\/wp-json\/wp\/v2\/product_tag?post=22652"}],"curies":[{"name":"wp","href":"https:\/\/api.w.org\/{rel}","templated":true}]}}