{"id":22665,"date":"2017-01-27T16:49:10","date_gmt":"2017-01-27T14:49:10","guid":{"rendered":"https:\/\/tilk.bio\/shop\/yrttinen-huulivoide-kiss-me\/"},"modified":"2026-05-10T13:45:03","modified_gmt":"2026-05-10T10:45:03","slug":"yrttinen-huulivoide-kiss-me","status":"publish","type":"product","link":"https:\/\/tilk.bio\/fi\/verkkokauppa\/yrttinen-huulivoide-kiss-me\/","title":{"rendered":"Kiss Me \u2013 keh\u00e4kukkaa ja kaakaovoita sis\u00e4lt\u00e4v\u00e4 kosteuttava huulivoide"},"content":{"rendered":"<p>Kiss Me -huulivoide kosteuttaa huulia ja antaa niille kevyen kiillon. Huulivoide on hyv\u00e4 kumppani ymp\u00e4ri vuoden, mutta erityisesti sit\u00e4 kannattaa k\u00e4ytt\u00e4\u00e4 kylm\u00e4\u00e4n vuodenaikaan, jolloin se suojaa tuulelta ja pakkaselta sek\u00e4 hoitaa vaurioitunutta ihoa.<\/p>\n<p>Hunajan ja keh\u00e4kukan bioaktiiviset ainesosat tekev\u00e4t huulista ihanan pehme\u00e4t. Hunaja tasoittaa, pehment\u00e4\u00e4, hoitaa ja vahvistaa ihoa, keh\u00e4kukalla on puolestaan tulehduksia est\u00e4vi\u00e4 ja antibakteerisia ominaisuuksia. My\u00f6s mehil\u00e4isvaha est\u00e4\u00e4 tulehduksia, mink\u00e4 lis\u00e4ksi sill\u00e4 on ihoa rauhoittava vaikutus. Sheavoi syv\u00e4ravitsee huulia, suojaa niit\u00e4 kuivuudelta ja tekee ihosta kimmoisan. My\u00f6s kosteuttava kaakaovoi est\u00e4\u00e4 herkk\u00e4\u00e4 ihoa kuivumasta.<\/p>\n<p>Tuotteen kaikki ainesosat ovat luontaista alkuper\u00e4\u00e4. Tuotteessa on k\u00e4ytetty Saarenmaalta k\u00e4sin poimituista kasveista saatuja \u00f6ljyj\u00e4.<\/p>\n<p>S\u00e4ilytys suoralta p\u00e4iv\u00e4nvalolta suojattuna alle 25 asteessa.<\/p>\n<p>Koko: 4,8ml<\/p>\n","protected":false},"excerpt":{"rendered":"<p>Kiss Me -huulivoide kosteuttaa huulia ja antaa niille kevyen kiillon. Huulivoide on hyv\u00e4 kumppani ymp\u00e4ri vuoden, mutta erityisesti sit\u00e4 kannattaa k\u00e4ytt\u00e4\u00e4 kylm\u00e4\u00e4n vuodenaikaan, jolloin se suojaa tuulelta ja pakkaselta sek\u00e4 hoitaa vaurioitunutta ihoa. Hunajan ja keh\u00e4kukan bioaktiiviset ainesosat tekev\u00e4t huulista ihanan pehme\u00e4t. Hunaja tasoittaa, pehment\u00e4\u00e4, hoitaa ja vahvistaa ihoa, keh\u00e4kukalla on puolestaan tulehduksia est\u00e4vi\u00e4 ja&#8230;<\/p>\n","protected":false},"featured_media":67416,"comment_status":"open","ping_status":"closed","template":"","meta":{"_acf_changed":false},"product_brand":[],"product_cat":[507,501,737,979,730],"product_tag":[419,420,418],"class_list":{"0":"post-22665","1":"product","2":"type-product","3":"status-publish","4":"has-post-thumbnail","6":"product_cat-huulille","7":"product_cat-kaikki-tuotteet","8":"product_cat-kuiva-iho","9":"product_cat-shea-butter","10":"product_cat-tilk-herbal-fi","11":"product_tag-yrttinen-huulivoide-fi","12":"product_tag-yrttinen-huulivoide-fi-2","13":"product_tag-yrttinen-huulivoide","15":"first","16":"instock","17":"taxable","18":"shipping-taxable","19":"purchasable","20":"product-type-simple"},"acf":[],"yoast_head":"<!-- This site is optimized with the Yoast SEO plugin v27.5 - https:\/\/yoast.com\/product\/yoast-seo-wordpress\/ -->\n<title>Kiss Me \u2013 keh\u00e4kukkaa ja kaakaovoita sis\u00e4lt\u00e4v\u00e4 kosteuttava huulivoide - Tilk!<\/title>\n<meta name=\"description\" content=\"Yrttinen huulivoide Kiss Me kosteuttaa huulia ja antaa kevyen kiillon. Hunaja ja bioaktiiviset aineet keh\u00e4kukasta tekev\u00e4t huulista ihanan pehme\u00e4t ja makeat.\" \/>\n<meta name=\"robots\" content=\"index, follow, max-snippet:-1, max-image-preview:large, max-video-preview:-1\" \/>\n<link rel=\"canonical\" href=\"https:\/\/tilk.bio\/fi\/verkkokauppa\/yrttinen-huulivoide-kiss-me\/\" \/>\n<meta property=\"og:locale\" content=\"fi_FI\" \/>\n<meta property=\"og:type\" content=\"article\" \/>\n<meta property=\"og:title\" content=\"Kiss Me \u2013 keh\u00e4kukkaa ja kaakaovoita sis\u00e4lt\u00e4v\u00e4 kosteuttava huulivoide - Tilk!\" \/>\n<meta property=\"og:description\" content=\"Yrttinen huulivoide Kiss Me kosteuttaa huulia ja antaa kevyen kiillon. Hunaja ja bioaktiiviset aineet keh\u00e4kukasta tekev\u00e4t huulista ihanan pehme\u00e4t ja makeat.\" \/>\n<meta property=\"og:url\" content=\"https:\/\/tilk.bio\/fi\/verkkokauppa\/yrttinen-huulivoide-kiss-me\/\" \/>\n<meta property=\"og:site_name\" content=\"Tilk!\" \/>\n<meta property=\"article:publisher\" content=\"https:\/\/www.facebook.com\/tilk.bio\/\" \/>\n<meta property=\"article:modified_time\" content=\"2026-05-10T10:45:03+00:00\" \/>\n<meta property=\"og:image\" content=\"https:\/\/tilk.bio\/wp-content\/uploads\/2016\/01\/natural-lip-balm.jpg\" \/>\n\t<meta property=\"og:image:width\" content=\"1000\" \/>\n\t<meta property=\"og:image:height\" content=\"1000\" \/>\n\t<meta property=\"og:image:type\" content=\"image\/jpeg\" \/>\n<meta name=\"twitter:card\" content=\"summary_large_image\" \/>\n<meta name=\"twitter:description\" content=\"Yrttinen huulivoide Kiss Me kosteuttaa huulia ja antaa kevyen kiillon. Hunaja ja bioaktiiviset aineet keh\u00e4kukasta tekev\u00e4t huulista ihanan pehme\u00e4t ja makeat.\" \/>\n<meta name=\"twitter:image\" content=\"https:\/\/tilk.bio\/wp-content\/uploads\/2016\/01\/natural-lip-balm.jpg\" \/>\n<meta name=\"twitter:label1\" content=\"Arvioitu lukuaika\" \/>\n\t<meta name=\"twitter:data1\" content=\"1 minuutti\" \/>\n<script type=\"application\/ld+json\" class=\"yoast-schema-graph\">{\"@context\":\"https:\\\/\\\/schema.org\",\"@graph\":[{\"@type\":\"WebPage\",\"@id\":\"https:\\\/\\\/tilk.bio\\\/fi\\\/verkkokauppa\\\/yrttinen-huulivoide-kiss-me\\\/\",\"url\":\"https:\\\/\\\/tilk.bio\\\/fi\\\/verkkokauppa\\\/yrttinen-huulivoide-kiss-me\\\/\",\"name\":\"Kiss Me \u2013 keh\u00e4kukkaa ja kaakaovoita sis\u00e4lt\u00e4v\u00e4 kosteuttava huulivoide - Tilk!\",\"isPartOf\":{\"@id\":\"https:\\\/\\\/tilk.bio\\\/et\\\/#website\"},\"primaryImageOfPage\":{\"@id\":\"https:\\\/\\\/tilk.bio\\\/fi\\\/verkkokauppa\\\/yrttinen-huulivoide-kiss-me\\\/#primaryimage\"},\"image\":{\"@id\":\"https:\\\/\\\/tilk.bio\\\/fi\\\/verkkokauppa\\\/yrttinen-huulivoide-kiss-me\\\/#primaryimage\"},\"thumbnailUrl\":\"https:\\\/\\\/tilk.bio\\\/wp-content\\\/uploads\\\/2018\\\/08\\\/1.jpg\",\"datePublished\":\"2017-01-27T14:49:10+00:00\",\"dateModified\":\"2026-05-10T10:45:03+00:00\",\"description\":\"Yrttinen huulivoide Kiss Me kosteuttaa huulia ja antaa kevyen kiillon. Hunaja ja bioaktiiviset aineet keh\u00e4kukasta tekev\u00e4t huulista ihanan pehme\u00e4t ja makeat.\",\"breadcrumb\":{\"@id\":\"https:\\\/\\\/tilk.bio\\\/fi\\\/verkkokauppa\\\/yrttinen-huulivoide-kiss-me\\\/#breadcrumb\"},\"inLanguage\":\"fi\",\"potentialAction\":[{\"@type\":\"ReadAction\",\"target\":[\"https:\\\/\\\/tilk.bio\\\/fi\\\/verkkokauppa\\\/yrttinen-huulivoide-kiss-me\\\/\"]}]},{\"@type\":\"ImageObject\",\"inLanguage\":\"fi\",\"@id\":\"https:\\\/\\\/tilk.bio\\\/fi\\\/verkkokauppa\\\/yrttinen-huulivoide-kiss-me\\\/#primaryimage\",\"url\":\"https:\\\/\\\/tilk.bio\\\/wp-content\\\/uploads\\\/2018\\\/08\\\/1.jpg\",\"contentUrl\":\"https:\\\/\\\/tilk.bio\\\/wp-content\\\/uploads\\\/2018\\\/08\\\/1.jpg\",\"width\":1200,\"height\":1200},{\"@type\":\"BreadcrumbList\",\"@id\":\"https:\\\/\\\/tilk.bio\\\/fi\\\/verkkokauppa\\\/yrttinen-huulivoide-kiss-me\\\/#breadcrumb\",\"itemListElement\":[{\"@type\":\"ListItem\",\"position\":1,\"name\":\"Home\",\"item\":\"https:\\\/\\\/tilk.bio\\\/fi\\\/\"},{\"@type\":\"ListItem\",\"position\":2,\"name\":\"Verkkokauppa\",\"item\":\"https:\\\/\\\/tilk.bio\\\/fi\\\/verkkokauppa\\\/\"},{\"@type\":\"ListItem\",\"position\":3,\"name\":\"Kiss Me \u2013 keh\u00e4kukkaa ja kaakaovoita sis\u00e4lt\u00e4v\u00e4 kosteuttava huulivoide\"}]},{\"@type\":\"WebSite\",\"@id\":\"https:\\\/\\\/tilk.bio\\\/et\\\/#website\",\"url\":\"https:\\\/\\\/tilk.bio\\\/et\\\/\",\"name\":\"Tilk!\",\"description\":\"Natural and sustainable skincare!\",\"potentialAction\":[{\"@type\":\"SearchAction\",\"target\":{\"@type\":\"EntryPoint\",\"urlTemplate\":\"https:\\\/\\\/tilk.bio\\\/et\\\/?s={search_term_string}\"},\"query-input\":{\"@type\":\"PropertyValueSpecification\",\"valueRequired\":true,\"valueName\":\"search_term_string\"}}],\"inLanguage\":\"fi\"}]}<\/script>\n<!-- \/ Yoast SEO plugin. -->","yoast_head_json":{"title":"Kiss Me \u2013 keh\u00e4kukkaa ja kaakaovoita sis\u00e4lt\u00e4v\u00e4 kosteuttava huulivoide - Tilk!","description":"Yrttinen huulivoide Kiss Me kosteuttaa huulia ja antaa kevyen kiillon. Hunaja ja bioaktiiviset aineet keh\u00e4kukasta tekev\u00e4t huulista ihanan pehme\u00e4t ja makeat.","robots":{"index":"index","follow":"follow","max-snippet":"max-snippet:-1","max-image-preview":"max-image-preview:large","max-video-preview":"max-video-preview:-1"},"canonical":"https:\/\/tilk.bio\/fi\/verkkokauppa\/yrttinen-huulivoide-kiss-me\/","og_locale":"fi_FI","og_type":"article","og_title":"Kiss Me \u2013 keh\u00e4kukkaa ja kaakaovoita sis\u00e4lt\u00e4v\u00e4 kosteuttava huulivoide - Tilk!","og_description":"Yrttinen huulivoide Kiss Me kosteuttaa huulia ja antaa kevyen kiillon. Hunaja ja bioaktiiviset aineet keh\u00e4kukasta tekev\u00e4t huulista ihanan pehme\u00e4t ja makeat.","og_url":"https:\/\/tilk.bio\/fi\/verkkokauppa\/yrttinen-huulivoide-kiss-me\/","og_site_name":"Tilk!","article_publisher":"https:\/\/www.facebook.com\/tilk.bio\/","article_modified_time":"2026-05-10T10:45:03+00:00","og_image":[{"width":1000,"height":1000,"url":"https:\/\/tilk.bio\/wp-content\/uploads\/2016\/01\/natural-lip-balm.jpg","type":"image\/jpeg"}],"twitter_card":"summary_large_image","twitter_description":"Yrttinen huulivoide Kiss Me kosteuttaa huulia ja antaa kevyen kiillon. Hunaja ja bioaktiiviset aineet keh\u00e4kukasta tekev\u00e4t huulista ihanan pehme\u00e4t ja makeat.","twitter_image":"https:\/\/tilk.bio\/wp-content\/uploads\/2016\/01\/natural-lip-balm.jpg","twitter_misc":{"Arvioitu lukuaika":"1 minuutti"},"schema":{"@context":"https:\/\/schema.org","@graph":[{"@type":"WebPage","@id":"https:\/\/tilk.bio\/fi\/verkkokauppa\/yrttinen-huulivoide-kiss-me\/","url":"https:\/\/tilk.bio\/fi\/verkkokauppa\/yrttinen-huulivoide-kiss-me\/","name":"Kiss Me \u2013 keh\u00e4kukkaa ja kaakaovoita sis\u00e4lt\u00e4v\u00e4 kosteuttava huulivoide - Tilk!","isPartOf":{"@id":"https:\/\/tilk.bio\/et\/#website"},"primaryImageOfPage":{"@id":"https:\/\/tilk.bio\/fi\/verkkokauppa\/yrttinen-huulivoide-kiss-me\/#primaryimage"},"image":{"@id":"https:\/\/tilk.bio\/fi\/verkkokauppa\/yrttinen-huulivoide-kiss-me\/#primaryimage"},"thumbnailUrl":"https:\/\/tilk.bio\/wp-content\/uploads\/2018\/08\/1.jpg","datePublished":"2017-01-27T14:49:10+00:00","dateModified":"2026-05-10T10:45:03+00:00","description":"Yrttinen huulivoide Kiss Me kosteuttaa huulia ja antaa kevyen kiillon. Hunaja ja bioaktiiviset aineet keh\u00e4kukasta tekev\u00e4t huulista ihanan pehme\u00e4t ja makeat.","breadcrumb":{"@id":"https:\/\/tilk.bio\/fi\/verkkokauppa\/yrttinen-huulivoide-kiss-me\/#breadcrumb"},"inLanguage":"fi","potentialAction":[{"@type":"ReadAction","target":["https:\/\/tilk.bio\/fi\/verkkokauppa\/yrttinen-huulivoide-kiss-me\/"]}]},{"@type":"ImageObject","inLanguage":"fi","@id":"https:\/\/tilk.bio\/fi\/verkkokauppa\/yrttinen-huulivoide-kiss-me\/#primaryimage","url":"https:\/\/tilk.bio\/wp-content\/uploads\/2018\/08\/1.jpg","contentUrl":"https:\/\/tilk.bio\/wp-content\/uploads\/2018\/08\/1.jpg","width":1200,"height":1200},{"@type":"BreadcrumbList","@id":"https:\/\/tilk.bio\/fi\/verkkokauppa\/yrttinen-huulivoide-kiss-me\/#breadcrumb","itemListElement":[{"@type":"ListItem","position":1,"name":"Home","item":"https:\/\/tilk.bio\/fi\/"},{"@type":"ListItem","position":2,"name":"Verkkokauppa","item":"https:\/\/tilk.bio\/fi\/verkkokauppa\/"},{"@type":"ListItem","position":3,"name":"Kiss Me \u2013 keh\u00e4kukkaa ja kaakaovoita sis\u00e4lt\u00e4v\u00e4 kosteuttava huulivoide"}]},{"@type":"WebSite","@id":"https:\/\/tilk.bio\/et\/#website","url":"https:\/\/tilk.bio\/et\/","name":"Tilk!","description":"Natural and sustainable skincare!","potentialAction":[{"@type":"SearchAction","target":{"@type":"EntryPoint","urlTemplate":"https:\/\/tilk.bio\/et\/?s={search_term_string}"},"query-input":{"@type":"PropertyValueSpecification","valueRequired":true,"valueName":"search_term_string"}}],"inLanguage":"fi"}]}},"_links":{"self":[{"href":"https:\/\/tilk.bio\/fi\/wp-json\/wp\/v2\/product\/22665","targetHints":{"allow":["GET"]}}],"collection":[{"href":"https:\/\/tilk.bio\/fi\/wp-json\/wp\/v2\/product"}],"about":[{"href":"https:\/\/tilk.bio\/fi\/wp-json\/wp\/v2\/types\/product"}],"replies":[{"embeddable":true,"href":"https:\/\/tilk.bio\/fi\/wp-json\/wp\/v2\/comments?post=22665"}],"wp:featuredmedia":[{"embeddable":true,"href":"https:\/\/tilk.bio\/fi\/wp-json\/wp\/v2\/media\/67416"}],"wp:attachment":[{"href":"https:\/\/tilk.bio\/fi\/wp-json\/wp\/v2\/media?parent=22665"}],"wp:term":[{"taxonomy":"product_brand","embeddable":true,"href":"https:\/\/tilk.bio\/fi\/wp-json\/wp\/v2\/product_brand?post=22665"},{"taxonomy":"product_cat","embeddable":true,"href":"https:\/\/tilk.bio\/fi\/wp-json\/wp\/v2\/product_cat?post=22665"},{"taxonomy":"product_tag","embeddable":true,"href":"https:\/\/tilk.bio\/fi\/wp-json\/wp\/v2\/product_tag?post=22665"}],"curies":[{"name":"wp","href":"https:\/\/api.w.org\/{rel}","templated":true}]}}