{"id":22671,"date":"2017-12-15T16:31:07","date_gmt":"2017-12-15T14:31:07","guid":{"rendered":"https:\/\/tilk.bio\/shop\/regenerate-me-kasvovoide-sekaiholle\/"},"modified":"2026-04-19T10:45:08","modified_gmt":"2026-04-19T07:45:08","slug":"regenerate-me-kasvovoide-sekaiholle","status":"publish","type":"product","link":"https:\/\/tilk.bio\/fi\/verkkokauppa\/regenerate-me-kasvovoide-sekaiholle\/","title":{"rendered":"Regenerate Me &#8211; porkkana\u00f6ljy\u00e4 sis\u00e4lt\u00e4v\u00e4 kasvovoide normaalille ja sekaiholle"},"content":{"rendered":"<p>PALKITUSTI PARAS<\/p>\n<p>Regenerate Me -kasvovoide kosteuttaa, uudistaa, ravitsee ja pehment\u00e4\u00e4 normaalia ja sekaihoa. Tasapainoinen, luontaisista ainesosista koostuva voide imeytyy helposti, eik\u00e4 j\u00e4t\u00e4 ihoa rasvaiseksi tai raskaan tuntuiseksi.<\/p>\n<p>Porkkana- ja manteli\u00f6ljyt ravitsevat ja pehment\u00e4v\u00e4t ihoa sek\u00e4 suojaavat sit\u00e4 ulkoisilta rasituksilta, kuten \u00e4\u00e4ril\u00e4mp\u00f6tiloilta, ilmansaasteilta ja UV-s\u00e4teilt\u00e4. Sheavoi kosteuttaa ja suojaa ihoa sek\u00e4 parantaa sen elastisuutta. Ruusunsiemen\u00f6ljy sis\u00e4lt\u00e4\u00e4 runsaasti A-vitamiinia ja antioksidantteja, jotka tukevat ihon uudistumista ja parantavat sen s\u00e4vy\u00e4. Voide tuoksuu raikkaalta laventelilta.<\/p>\n<p>K\u00e4ytt\u00f6: Soveltuu kasvojen p\u00e4ivitt\u00e4iseen hoitoon ja kosteutukseen. K\u00e4yt\u00e4 kasvojen puhdistuksen j\u00e4lkeen.<\/p>\n<p>Tuotteen kaikki ainesosat ovat luontaista ja vegaanista alkuper\u00e4\u00e4. Tuotteessa on k\u00e4ytetty Saarenmaalta k\u00e4sin poimituista kasveista saatuja \u00f6ljyj\u00e4.<\/p>\n<p>S\u00e4ilytys huoneenl\u00e4mm\u00f6ss\u00e4.<\/p>\n<p>Koko: 10ml\/50ml<\/p>\n<p><a ref=\"magnificPopup\" href=\"https:\/\/tilk.bio\/wp-content\/uploads\/2016\/01\/Vegan_sign-07.png\"><img loading=\"lazy\" decoding=\"async\" class=\"alignnone wp-image-22658\" src=\"https:\/\/tilk.bio\/wp-content\/uploads\/2016\/01\/Vegan_sign-07.png\" alt=\"\" width=\"106\" height=\"106\" srcset=\"https:\/\/tilk.bio\/wp-content\/uploads\/2016\/01\/Vegan_sign-07.png 165w, https:\/\/tilk.bio\/wp-content\/uploads\/2016\/01\/Vegan_sign-07-150x150.png 150w\" sizes=\"auto, (max-width: 106px) 100vw, 106px\" \/>\u00a0\u00a0<\/a><a ref=\"magnificPopup\" href=\"https:\/\/tilk.bio\/wp-content\/uploads\/2015\/11\/sisaltaa_puisen_lastan_anim.gif\"><img loading=\"lazy\" decoding=\"async\" class=\"alignnone size-full wp-image-23764\" src=\"https:\/\/tilk.bio\/wp-content\/uploads\/2015\/11\/sisaltaa_puisen_lastan_anim.gif\" alt=\"\" width=\"115\" height=\"100\" \/><\/a><a ref=\"magnificPopup\" href=\"https:\/\/tilk.bio\/wp-content\/uploads\/2018\/08\/package_anim_FIN.gif\"><img loading=\"lazy\" decoding=\"async\" class=\"alignnone size-full wp-image-23966 alignleft\" src=\"https:\/\/tilk.bio\/wp-content\/uploads\/2018\/08\/package_anim_FIN.gif\" alt=\"\" width=\"125\" height=\"100\" \/><\/a><\/p>\n","protected":false},"excerpt":{"rendered":"<p>PALKITUSTI PARAS Regenerate Me -kasvovoide kosteuttaa, uudistaa, ravitsee ja pehment\u00e4\u00e4 normaalia ja sekaihoa. Tasapainoinen, luontaisista ainesosista koostuva voide imeytyy helposti, eik\u00e4 j\u00e4t\u00e4 ihoa rasvaiseksi tai raskaan tuntuiseksi. Porkkana- ja manteli\u00f6ljyt ravitsevat ja pehment\u00e4v\u00e4t ihoa sek\u00e4 suojaavat sit\u00e4 ulkoisilta rasituksilta, kuten \u00e4\u00e4ril\u00e4mp\u00f6tiloilta, ilmansaasteilta ja UV-s\u00e4teilt\u00e4. Sheavoi kosteuttaa ja suojaa ihoa sek\u00e4 parantaa sen elastisuutta. Ruusunsiemen\u00f6ljy sis\u00e4lt\u00e4\u00e4&#8230;<\/p>\n","protected":false},"featured_media":67440,"comment_status":"open","ping_status":"closed","template":"","meta":{"_acf_changed":false},"product_brand":[],"product_cat":[741,729,501,512,630,502,742,979,671,730],"product_tag":[414,413],"class_list":{"0":"post-22671","1":"product","2":"type-product","3":"status-publish","4":"has-post-thumbnail","6":"product_cat-epatasainen-iho","7":"product_cat-herkka-iho","8":"product_cat-kaikki-tuotteet","9":"product_cat-kasvohoito","10":"product_cat-kasvovoiteet","11":"product_cat-myydyimmat","12":"product_cat-normaali-ja-sekaiho","13":"product_cat-shea-butter","14":"product_cat-spaattelin-mahdollisuus","15":"product_cat-tilk-herbal-fi","16":"product_tag-sekaiho-fi","17":"product_tag-normaali-iho","19":"first","20":"instock","21":"taxable","22":"shipping-taxable","23":"purchasable","24":"product-type-variable"},"acf":[],"yoast_head":"<!-- This site is optimized with the Yoast SEO plugin v27.4 - https:\/\/yoast.com\/product\/yoast-seo-wordpress\/ -->\n<title>Regenerate Me - porkkana\u00f6ljy\u00e4 sis\u00e4lt\u00e4v\u00e4 kasvovoide normaalille ja sekaiholle - Tilk!<\/title>\n<meta name=\"description\" content=\"Regenerate Me facial cream is great for combination skin. Ingredients like carrot and almond oil relax and nourish your skin.\" \/>\n<meta name=\"robots\" content=\"index, follow, max-snippet:-1, max-image-preview:large, max-video-preview:-1\" \/>\n<link rel=\"canonical\" href=\"https:\/\/tilk.bio\/fi\/verkkokauppa\/regenerate-me-kasvovoide-sekaiholle\/\" \/>\n<meta property=\"og:locale\" content=\"fi_FI\" \/>\n<meta property=\"og:type\" content=\"article\" \/>\n<meta property=\"og:title\" content=\"Regenerate Me - porkkana\u00f6ljy\u00e4 sis\u00e4lt\u00e4v\u00e4 kasvovoide normaalille ja sekaiholle - Tilk!\" \/>\n<meta property=\"og:description\" content=\"Regenerate Me facial cream is great for combination skin. Ingredients like carrot and almond oil relax and nourish your skin.\" \/>\n<meta property=\"og:url\" content=\"https:\/\/tilk.bio\/fi\/verkkokauppa\/regenerate-me-kasvovoide-sekaiholle\/\" \/>\n<meta property=\"og:site_name\" content=\"Tilk!\" \/>\n<meta property=\"article:publisher\" content=\"https:\/\/www.facebook.com\/tilk.bio\/\" \/>\n<meta property=\"article:modified_time\" content=\"2026-04-19T07:45:08+00:00\" \/>\n<meta name=\"twitter:card\" content=\"summary_large_image\" \/>\n<meta name=\"twitter:image\" content=\"https:\/\/tilk.bio\/wp-content\/uploads\/2018\/08\/7.jpg\" \/>\n<meta name=\"twitter:label1\" content=\"Arvioitu lukuaika\" \/>\n\t<meta name=\"twitter:data1\" content=\"1 minuutti\" \/>\n<script type=\"application\/ld+json\" class=\"yoast-schema-graph\">{\"@context\":\"https:\\\/\\\/schema.org\",\"@graph\":[{\"@type\":\"WebPage\",\"@id\":\"https:\\\/\\\/tilk.bio\\\/fi\\\/verkkokauppa\\\/regenerate-me-kasvovoide-sekaiholle\\\/\",\"url\":\"https:\\\/\\\/tilk.bio\\\/fi\\\/verkkokauppa\\\/regenerate-me-kasvovoide-sekaiholle\\\/\",\"name\":\"Regenerate Me - porkkana\u00f6ljy\u00e4 sis\u00e4lt\u00e4v\u00e4 kasvovoide normaalille ja sekaiholle - Tilk!\",\"isPartOf\":{\"@id\":\"https:\\\/\\\/tilk.bio\\\/et\\\/#website\"},\"primaryImageOfPage\":{\"@id\":\"https:\\\/\\\/tilk.bio\\\/fi\\\/verkkokauppa\\\/regenerate-me-kasvovoide-sekaiholle\\\/#primaryimage\"},\"image\":{\"@id\":\"https:\\\/\\\/tilk.bio\\\/fi\\\/verkkokauppa\\\/regenerate-me-kasvovoide-sekaiholle\\\/#primaryimage\"},\"thumbnailUrl\":\"https:\\\/\\\/tilk.bio\\\/wp-content\\\/uploads\\\/2018\\\/08\\\/7.jpg\",\"datePublished\":\"2017-12-15T14:31:07+00:00\",\"dateModified\":\"2026-04-19T07:45:08+00:00\",\"description\":\"Regenerate Me facial cream is great for combination skin. Ingredients like carrot and almond oil relax and nourish your skin.\",\"breadcrumb\":{\"@id\":\"https:\\\/\\\/tilk.bio\\\/fi\\\/verkkokauppa\\\/regenerate-me-kasvovoide-sekaiholle\\\/#breadcrumb\"},\"inLanguage\":\"fi\",\"potentialAction\":[{\"@type\":\"ReadAction\",\"target\":[\"https:\\\/\\\/tilk.bio\\\/fi\\\/verkkokauppa\\\/regenerate-me-kasvovoide-sekaiholle\\\/\"]}]},{\"@type\":\"ImageObject\",\"inLanguage\":\"fi\",\"@id\":\"https:\\\/\\\/tilk.bio\\\/fi\\\/verkkokauppa\\\/regenerate-me-kasvovoide-sekaiholle\\\/#primaryimage\",\"url\":\"https:\\\/\\\/tilk.bio\\\/wp-content\\\/uploads\\\/2018\\\/08\\\/7.jpg\",\"contentUrl\":\"https:\\\/\\\/tilk.bio\\\/wp-content\\\/uploads\\\/2018\\\/08\\\/7.jpg\",\"width\":1200,\"height\":1200},{\"@type\":\"BreadcrumbList\",\"@id\":\"https:\\\/\\\/tilk.bio\\\/fi\\\/verkkokauppa\\\/regenerate-me-kasvovoide-sekaiholle\\\/#breadcrumb\",\"itemListElement\":[{\"@type\":\"ListItem\",\"position\":1,\"name\":\"Home\",\"item\":\"https:\\\/\\\/tilk.bio\\\/fi\\\/\"},{\"@type\":\"ListItem\",\"position\":2,\"name\":\"Verkkokauppa\",\"item\":\"https:\\\/\\\/tilk.bio\\\/fi\\\/verkkokauppa\\\/\"},{\"@type\":\"ListItem\",\"position\":3,\"name\":\"Regenerate Me &#8211; porkkana\u00f6ljy\u00e4 sis\u00e4lt\u00e4v\u00e4 kasvovoide normaalille ja sekaiholle\"}]},{\"@type\":\"WebSite\",\"@id\":\"https:\\\/\\\/tilk.bio\\\/et\\\/#website\",\"url\":\"https:\\\/\\\/tilk.bio\\\/et\\\/\",\"name\":\"Tilk!\",\"description\":\"Natural and sustainable skincare!\",\"potentialAction\":[{\"@type\":\"SearchAction\",\"target\":{\"@type\":\"EntryPoint\",\"urlTemplate\":\"https:\\\/\\\/tilk.bio\\\/et\\\/?s={search_term_string}\"},\"query-input\":{\"@type\":\"PropertyValueSpecification\",\"valueRequired\":true,\"valueName\":\"search_term_string\"}}],\"inLanguage\":\"fi\"}]}<\/script>\n<!-- \/ Yoast SEO plugin. -->","yoast_head_json":{"title":"Regenerate Me - porkkana\u00f6ljy\u00e4 sis\u00e4lt\u00e4v\u00e4 kasvovoide normaalille ja sekaiholle - Tilk!","description":"Regenerate Me facial cream is great for combination skin. Ingredients like carrot and almond oil relax and nourish your skin.","robots":{"index":"index","follow":"follow","max-snippet":"max-snippet:-1","max-image-preview":"max-image-preview:large","max-video-preview":"max-video-preview:-1"},"canonical":"https:\/\/tilk.bio\/fi\/verkkokauppa\/regenerate-me-kasvovoide-sekaiholle\/","og_locale":"fi_FI","og_type":"article","og_title":"Regenerate Me - porkkana\u00f6ljy\u00e4 sis\u00e4lt\u00e4v\u00e4 kasvovoide normaalille ja sekaiholle - Tilk!","og_description":"Regenerate Me facial cream is great for combination skin. Ingredients like carrot and almond oil relax and nourish your skin.","og_url":"https:\/\/tilk.bio\/fi\/verkkokauppa\/regenerate-me-kasvovoide-sekaiholle\/","og_site_name":"Tilk!","article_publisher":"https:\/\/www.facebook.com\/tilk.bio\/","article_modified_time":"2026-04-19T07:45:08+00:00","twitter_card":"summary_large_image","twitter_image":"https:\/\/tilk.bio\/wp-content\/uploads\/2018\/08\/7.jpg","twitter_misc":{"Arvioitu lukuaika":"1 minuutti"},"schema":{"@context":"https:\/\/schema.org","@graph":[{"@type":"WebPage","@id":"https:\/\/tilk.bio\/fi\/verkkokauppa\/regenerate-me-kasvovoide-sekaiholle\/","url":"https:\/\/tilk.bio\/fi\/verkkokauppa\/regenerate-me-kasvovoide-sekaiholle\/","name":"Regenerate Me - porkkana\u00f6ljy\u00e4 sis\u00e4lt\u00e4v\u00e4 kasvovoide normaalille ja sekaiholle - Tilk!","isPartOf":{"@id":"https:\/\/tilk.bio\/et\/#website"},"primaryImageOfPage":{"@id":"https:\/\/tilk.bio\/fi\/verkkokauppa\/regenerate-me-kasvovoide-sekaiholle\/#primaryimage"},"image":{"@id":"https:\/\/tilk.bio\/fi\/verkkokauppa\/regenerate-me-kasvovoide-sekaiholle\/#primaryimage"},"thumbnailUrl":"https:\/\/tilk.bio\/wp-content\/uploads\/2018\/08\/7.jpg","datePublished":"2017-12-15T14:31:07+00:00","dateModified":"2026-04-19T07:45:08+00:00","description":"Regenerate Me facial cream is great for combination skin. Ingredients like carrot and almond oil relax and nourish your skin.","breadcrumb":{"@id":"https:\/\/tilk.bio\/fi\/verkkokauppa\/regenerate-me-kasvovoide-sekaiholle\/#breadcrumb"},"inLanguage":"fi","potentialAction":[{"@type":"ReadAction","target":["https:\/\/tilk.bio\/fi\/verkkokauppa\/regenerate-me-kasvovoide-sekaiholle\/"]}]},{"@type":"ImageObject","inLanguage":"fi","@id":"https:\/\/tilk.bio\/fi\/verkkokauppa\/regenerate-me-kasvovoide-sekaiholle\/#primaryimage","url":"https:\/\/tilk.bio\/wp-content\/uploads\/2018\/08\/7.jpg","contentUrl":"https:\/\/tilk.bio\/wp-content\/uploads\/2018\/08\/7.jpg","width":1200,"height":1200},{"@type":"BreadcrumbList","@id":"https:\/\/tilk.bio\/fi\/verkkokauppa\/regenerate-me-kasvovoide-sekaiholle\/#breadcrumb","itemListElement":[{"@type":"ListItem","position":1,"name":"Home","item":"https:\/\/tilk.bio\/fi\/"},{"@type":"ListItem","position":2,"name":"Verkkokauppa","item":"https:\/\/tilk.bio\/fi\/verkkokauppa\/"},{"@type":"ListItem","position":3,"name":"Regenerate Me &#8211; porkkana\u00f6ljy\u00e4 sis\u00e4lt\u00e4v\u00e4 kasvovoide normaalille ja sekaiholle"}]},{"@type":"WebSite","@id":"https:\/\/tilk.bio\/et\/#website","url":"https:\/\/tilk.bio\/et\/","name":"Tilk!","description":"Natural and sustainable skincare!","potentialAction":[{"@type":"SearchAction","target":{"@type":"EntryPoint","urlTemplate":"https:\/\/tilk.bio\/et\/?s={search_term_string}"},"query-input":{"@type":"PropertyValueSpecification","valueRequired":true,"valueName":"search_term_string"}}],"inLanguage":"fi"}]}},"_links":{"self":[{"href":"https:\/\/tilk.bio\/fi\/wp-json\/wp\/v2\/product\/22671","targetHints":{"allow":["GET"]}}],"collection":[{"href":"https:\/\/tilk.bio\/fi\/wp-json\/wp\/v2\/product"}],"about":[{"href":"https:\/\/tilk.bio\/fi\/wp-json\/wp\/v2\/types\/product"}],"replies":[{"embeddable":true,"href":"https:\/\/tilk.bio\/fi\/wp-json\/wp\/v2\/comments?post=22671"}],"wp:featuredmedia":[{"embeddable":true,"href":"https:\/\/tilk.bio\/fi\/wp-json\/wp\/v2\/media\/67440"}],"wp:attachment":[{"href":"https:\/\/tilk.bio\/fi\/wp-json\/wp\/v2\/media?parent=22671"}],"wp:term":[{"taxonomy":"product_brand","embeddable":true,"href":"https:\/\/tilk.bio\/fi\/wp-json\/wp\/v2\/product_brand?post=22671"},{"taxonomy":"product_cat","embeddable":true,"href":"https:\/\/tilk.bio\/fi\/wp-json\/wp\/v2\/product_cat?post=22671"},{"taxonomy":"product_tag","embeddable":true,"href":"https:\/\/tilk.bio\/fi\/wp-json\/wp\/v2\/product_tag?post=22671"}],"curies":[{"name":"wp","href":"https:\/\/api.w.org\/{rel}","templated":true}]}}