{"id":22687,"date":"2019-02-05T15:28:06","date_gmt":"2018-07-13T15:28:06","guid":{"rendered":"https:\/\/tilk.bio\/shop\/matkakokoiset-tuotteet\/"},"modified":"2026-04-14T16:45:25","modified_gmt":"2026-04-14T13:45:25","slug":"matkakokoiset-tuotteet","status":"publish","type":"product","link":"https:\/\/tilk.bio\/fi\/verkkokauppa\/matkakokoiset-tuotteet\/","title":{"rendered":"Matkakokoiset Tilk!-tuotteet"},"content":{"rendered":"","protected":false},"excerpt":{"rendered":"<p class=\"p1\" style=\"text-align: left\"><span class=\"s1\">Ota suosikkituotteesi mukaan matkalle! Ei en\u00e4\u00e4 liian isoja pakkauksia tai tuotteiden vaivalloista jakamista pieniin purkkeihin. Oli edess\u00e4si viikonloppumatka tai pidempi loma, nyt voit nauttia siit\u00e4 entist\u00e4 huolettomammin. Ihanteellisia my\u00f6s uusien tuotteiden testaamiseen!<br \/>\n<\/span><\/p>\n<p class=\"p1\" style=\"text-align: left\"><span class=\"s1\">Koko: 10 ml<\/span><\/p>\n","protected":false},"featured_media":67681,"comment_status":"open","ping_status":"closed","template":"","meta":{"_acf_changed":false},"product_brand":[],"product_cat":[747,741,729,740,505,501,512,630,737,508,502,742,627,730,503],"product_tag":[427,424,425,402,422,414,423,413,428,426],"class_list":{"0":"post-22687","1":"product","2":"type-product","3":"status-publish","4":"has-post-thumbnail","6":"product_cat-akne-ja-rasvainen-iho","7":"product_cat-epatasainen-iho","8":"product_cat-herkka-iho","9":"product_cat-ikaantyva-iho","10":"product_cat-kadet","11":"product_cat-kaikki-tuotteet","12":"product_cat-kasvohoito","13":"product_cat-kasvovoiteet","14":"product_cat-kuiva-iho","15":"product_cat-matkalle-mukaan","16":"product_cat-myydyimmat","17":"product_cat-normaali-ja-sekaiho","18":"product_cat-pure-luxury-fi","19":"product_cat-tilk-herbal-fi","20":"product_cat-vartalo","21":"product_tag-ekologinen-kosmetiikka","22":"product_tag-herkka-iho","23":"product_tag-kasvovoide-fi","24":"product_tag-kuiva-iho","25":"product_tag-moisturise-me","26":"product_tag-sekaiho-fi","27":"product_tag-rasvainen-iho","28":"product_tag-normaali-iho","29":"product_tag-tuotesarja","30":"product_tag-voide-fi","32":"first","33":"instock","34":"taxable","35":"shipping-taxable","36":"purchasable","37":"product-type-variable"},"acf":[],"yoast_head":"<!-- This site is optimized with the Yoast SEO plugin v27.3 - https:\/\/yoast.com\/product\/yoast-seo-wordpress\/ -->\n<title>Matkakokoiset Tilk!-tuotteet - Tilk!<\/title>\n<meta name=\"description\" content=\"Kasvokuorinta\" \/>\n<meta name=\"robots\" content=\"index, follow, max-snippet:-1, max-image-preview:large, max-video-preview:-1\" \/>\n<link rel=\"canonical\" href=\"https:\/\/tilk.bio\/fi\/verkkokauppa\/matkakokoiset-tuotteet\/\" \/>\n<meta property=\"og:locale\" content=\"fi_FI\" \/>\n<meta property=\"og:type\" content=\"article\" \/>\n<meta property=\"og:title\" content=\"Matkakokoiset Tilk!-tuotteet - Tilk!\" \/>\n<meta property=\"og:description\" content=\"luonnonkosmetiikka\" \/>\n<meta property=\"og:url\" content=\"https:\/\/tilk.bio\/fi\/verkkokauppa\/matkakokoiset-tuotteet\/\" \/>\n<meta property=\"og:site_name\" content=\"Tilk!\" \/>\n<meta property=\"article:publisher\" content=\"https:\/\/www.facebook.com\/tilk.bio\/\" \/>\n<meta property=\"article:modified_time\" content=\"2026-04-14T13:45:25+00:00\" \/>\n<meta property=\"og:image\" content=\"https:\/\/tilk.bio\/wp-content\/uploads\/2019\/02\/Untitled-design-80.jpg\" \/>\n\t<meta property=\"og:image:width\" content=\"1200\" \/>\n\t<meta property=\"og:image:height\" content=\"1200\" \/>\n\t<meta property=\"og:image:type\" content=\"image\/jpeg\" \/>\n<meta name=\"twitter:card\" content=\"summary_large_image\" \/>\n<meta name=\"twitter:description\" content=\"luonnonkosmetiikka\" \/>\n<meta name=\"twitter:image\" content=\"https:\/\/tilk.bio\/wp-content\/uploads\/2016\/01\/naturaln-hand-cream-love-me.jpg\" \/>\n<script type=\"application\/ld+json\" class=\"yoast-schema-graph\">{\"@context\":\"https:\\\/\\\/schema.org\",\"@graph\":[{\"@type\":\"WebPage\",\"@id\":\"https:\\\/\\\/tilk.bio\\\/fi\\\/verkkokauppa\\\/matkakokoiset-tuotteet\\\/\",\"url\":\"https:\\\/\\\/tilk.bio\\\/fi\\\/verkkokauppa\\\/matkakokoiset-tuotteet\\\/\",\"name\":\"Matkakokoiset Tilk!-tuotteet - Tilk!\",\"isPartOf\":{\"@id\":\"https:\\\/\\\/tilk.bio\\\/et\\\/#website\"},\"primaryImageOfPage\":{\"@id\":\"https:\\\/\\\/tilk.bio\\\/fi\\\/verkkokauppa\\\/matkakokoiset-tuotteet\\\/#primaryimage\"},\"image\":{\"@id\":\"https:\\\/\\\/tilk.bio\\\/fi\\\/verkkokauppa\\\/matkakokoiset-tuotteet\\\/#primaryimage\"},\"thumbnailUrl\":\"https:\\\/\\\/tilk.bio\\\/wp-content\\\/uploads\\\/2019\\\/02\\\/Untitled-design-80.jpg\",\"datePublished\":\"2018-07-13T15:28:06+00:00\",\"dateModified\":\"2026-04-14T13:45:25+00:00\",\"description\":\"Kasvokuorinta\",\"breadcrumb\":{\"@id\":\"https:\\\/\\\/tilk.bio\\\/fi\\\/verkkokauppa\\\/matkakokoiset-tuotteet\\\/#breadcrumb\"},\"inLanguage\":\"fi\",\"potentialAction\":[{\"@type\":\"ReadAction\",\"target\":[\"https:\\\/\\\/tilk.bio\\\/fi\\\/verkkokauppa\\\/matkakokoiset-tuotteet\\\/\"]}]},{\"@type\":\"ImageObject\",\"inLanguage\":\"fi\",\"@id\":\"https:\\\/\\\/tilk.bio\\\/fi\\\/verkkokauppa\\\/matkakokoiset-tuotteet\\\/#primaryimage\",\"url\":\"https:\\\/\\\/tilk.bio\\\/wp-content\\\/uploads\\\/2019\\\/02\\\/Untitled-design-80.jpg\",\"contentUrl\":\"https:\\\/\\\/tilk.bio\\\/wp-content\\\/uploads\\\/2019\\\/02\\\/Untitled-design-80.jpg\",\"width\":1200,\"height\":1200,\"caption\":\"Travel-size products\"},{\"@type\":\"BreadcrumbList\",\"@id\":\"https:\\\/\\\/tilk.bio\\\/fi\\\/verkkokauppa\\\/matkakokoiset-tuotteet\\\/#breadcrumb\",\"itemListElement\":[{\"@type\":\"ListItem\",\"position\":1,\"name\":\"Home\",\"item\":\"https:\\\/\\\/tilk.bio\\\/fi\\\/\"},{\"@type\":\"ListItem\",\"position\":2,\"name\":\"Verkkokauppa\",\"item\":\"https:\\\/\\\/tilk.bio\\\/fi\\\/verkkokauppa\\\/\"},{\"@type\":\"ListItem\",\"position\":3,\"name\":\"Matkakokoiset Tilk!-tuotteet\"}]},{\"@type\":\"WebSite\",\"@id\":\"https:\\\/\\\/tilk.bio\\\/et\\\/#website\",\"url\":\"https:\\\/\\\/tilk.bio\\\/et\\\/\",\"name\":\"Tilk!\",\"description\":\"Natural and sustainable skincare!\",\"potentialAction\":[{\"@type\":\"SearchAction\",\"target\":{\"@type\":\"EntryPoint\",\"urlTemplate\":\"https:\\\/\\\/tilk.bio\\\/et\\\/?s={search_term_string}\"},\"query-input\":{\"@type\":\"PropertyValueSpecification\",\"valueRequired\":true,\"valueName\":\"search_term_string\"}}],\"inLanguage\":\"fi\"}]}<\/script>\n<!-- \/ Yoast SEO plugin. -->","yoast_head_json":{"title":"Matkakokoiset Tilk!-tuotteet - Tilk!","description":"Kasvokuorinta","robots":{"index":"index","follow":"follow","max-snippet":"max-snippet:-1","max-image-preview":"max-image-preview:large","max-video-preview":"max-video-preview:-1"},"canonical":"https:\/\/tilk.bio\/fi\/verkkokauppa\/matkakokoiset-tuotteet\/","og_locale":"fi_FI","og_type":"article","og_title":"Matkakokoiset Tilk!-tuotteet - Tilk!","og_description":"luonnonkosmetiikka","og_url":"https:\/\/tilk.bio\/fi\/verkkokauppa\/matkakokoiset-tuotteet\/","og_site_name":"Tilk!","article_publisher":"https:\/\/www.facebook.com\/tilk.bio\/","article_modified_time":"2026-04-14T13:45:25+00:00","og_image":[{"width":1200,"height":1200,"url":"https:\/\/tilk.bio\/wp-content\/uploads\/2019\/02\/Untitled-design-80.jpg","type":"image\/jpeg"}],"twitter_card":"summary_large_image","twitter_description":"luonnonkosmetiikka","twitter_image":"https:\/\/tilk.bio\/wp-content\/uploads\/2016\/01\/naturaln-hand-cream-love-me.jpg","schema":{"@context":"https:\/\/schema.org","@graph":[{"@type":"WebPage","@id":"https:\/\/tilk.bio\/fi\/verkkokauppa\/matkakokoiset-tuotteet\/","url":"https:\/\/tilk.bio\/fi\/verkkokauppa\/matkakokoiset-tuotteet\/","name":"Matkakokoiset Tilk!-tuotteet - Tilk!","isPartOf":{"@id":"https:\/\/tilk.bio\/et\/#website"},"primaryImageOfPage":{"@id":"https:\/\/tilk.bio\/fi\/verkkokauppa\/matkakokoiset-tuotteet\/#primaryimage"},"image":{"@id":"https:\/\/tilk.bio\/fi\/verkkokauppa\/matkakokoiset-tuotteet\/#primaryimage"},"thumbnailUrl":"https:\/\/tilk.bio\/wp-content\/uploads\/2019\/02\/Untitled-design-80.jpg","datePublished":"2018-07-13T15:28:06+00:00","dateModified":"2026-04-14T13:45:25+00:00","description":"Kasvokuorinta","breadcrumb":{"@id":"https:\/\/tilk.bio\/fi\/verkkokauppa\/matkakokoiset-tuotteet\/#breadcrumb"},"inLanguage":"fi","potentialAction":[{"@type":"ReadAction","target":["https:\/\/tilk.bio\/fi\/verkkokauppa\/matkakokoiset-tuotteet\/"]}]},{"@type":"ImageObject","inLanguage":"fi","@id":"https:\/\/tilk.bio\/fi\/verkkokauppa\/matkakokoiset-tuotteet\/#primaryimage","url":"https:\/\/tilk.bio\/wp-content\/uploads\/2019\/02\/Untitled-design-80.jpg","contentUrl":"https:\/\/tilk.bio\/wp-content\/uploads\/2019\/02\/Untitled-design-80.jpg","width":1200,"height":1200,"caption":"Travel-size products"},{"@type":"BreadcrumbList","@id":"https:\/\/tilk.bio\/fi\/verkkokauppa\/matkakokoiset-tuotteet\/#breadcrumb","itemListElement":[{"@type":"ListItem","position":1,"name":"Home","item":"https:\/\/tilk.bio\/fi\/"},{"@type":"ListItem","position":2,"name":"Verkkokauppa","item":"https:\/\/tilk.bio\/fi\/verkkokauppa\/"},{"@type":"ListItem","position":3,"name":"Matkakokoiset Tilk!-tuotteet"}]},{"@type":"WebSite","@id":"https:\/\/tilk.bio\/et\/#website","url":"https:\/\/tilk.bio\/et\/","name":"Tilk!","description":"Natural and sustainable skincare!","potentialAction":[{"@type":"SearchAction","target":{"@type":"EntryPoint","urlTemplate":"https:\/\/tilk.bio\/et\/?s={search_term_string}"},"query-input":{"@type":"PropertyValueSpecification","valueRequired":true,"valueName":"search_term_string"}}],"inLanguage":"fi"}]}},"_links":{"self":[{"href":"https:\/\/tilk.bio\/fi\/wp-json\/wp\/v2\/product\/22687","targetHints":{"allow":["GET"]}}],"collection":[{"href":"https:\/\/tilk.bio\/fi\/wp-json\/wp\/v2\/product"}],"about":[{"href":"https:\/\/tilk.bio\/fi\/wp-json\/wp\/v2\/types\/product"}],"replies":[{"embeddable":true,"href":"https:\/\/tilk.bio\/fi\/wp-json\/wp\/v2\/comments?post=22687"}],"wp:featuredmedia":[{"embeddable":true,"href":"https:\/\/tilk.bio\/fi\/wp-json\/wp\/v2\/media\/67681"}],"wp:attachment":[{"href":"https:\/\/tilk.bio\/fi\/wp-json\/wp\/v2\/media?parent=22687"}],"wp:term":[{"taxonomy":"product_brand","embeddable":true,"href":"https:\/\/tilk.bio\/fi\/wp-json\/wp\/v2\/product_brand?post=22687"},{"taxonomy":"product_cat","embeddable":true,"href":"https:\/\/tilk.bio\/fi\/wp-json\/wp\/v2\/product_cat?post=22687"},{"taxonomy":"product_tag","embeddable":true,"href":"https:\/\/tilk.bio\/fi\/wp-json\/wp\/v2\/product_tag?post=22687"}],"curies":[{"name":"wp","href":"https:\/\/api.w.org\/{rel}","templated":true}]}}