{"id":22704,"date":"2019-09-12T00:00:21","date_gmt":"2019-09-12T00:00:21","guid":{"rendered":"https:\/\/tilk.bio\/shop\/smooth-me-kasvooljy-katajanmarjauuteella\/"},"modified":"2026-04-10T14:00:19","modified_gmt":"2026-04-10T11:00:19","slug":"smooth-me-kasvooljy-katajanmarjauuteella","status":"publish","type":"product","link":"https:\/\/tilk.bio\/fi\/verkkokauppa\/smooth-me-kasvooljy-katajanmarjauuteella\/","title":{"rendered":"Smooth Me  \u2013 katajanmarjauutetta sis\u00e4lt\u00e4v\u00e4 kasvo\u00f6ljy"},"content":{"rendered":"<p>PALKITUSTI PARAS<\/p>\n<p>Smooth me on koostumukseltaan kevyt kasvo\u00f6ljy, joka tekee ihosta pehme\u00e4n ja hehkuvan. Sopii sek\u00e4 naisille ett\u00e4 miehille, normaalille ja ongelmaiholle. Hoitava \u00f6ljy ei tuki ihohuokosia.<\/p>\n<p>Katajanmarja vilkastuttaa verenkiertoa, poistaa toksiineja ja est\u00e4\u00e4 tulehduksia. Jojoba- ja kookos\u00f6ljyjen sis\u00e4lt\u00e4m\u00e4 E-vitamiini vaikuttaa nuorentavasti tasoittaen ihoa, lis\u00e4ten sen kimmoisuutta ja tuoden esiin sen luonnollisen s\u00e4vyn. \u00d6ljyt palauttavat ihon rasvatasapainon huokosia tukkimatta, suojaavat ihoa tulehduksilta sek\u00e4 v\u00e4hent\u00e4v\u00e4t \u00e4rsytyst\u00e4, punoitusta ja arpien synty\u00e4. Kookos\u00f6ljyn sis\u00e4lt\u00e4m\u00e4t triglyseridit kosteuttavat tehokkaasti ja pehment\u00e4v\u00e4t ihoa.<\/p>\n<p>Tuote tuoksuu katajalta.<\/p>\n<p>K\u00e4ytt\u00f6: K\u00e4yt\u00e4 kasvojen puhdistuksen j\u00e4lkeen yhdess\u00e4 kasvovoiteen kanssa. Sopii my\u00f6s kasvohierontaan ja kuivakuppaukseen.<\/p>\n<p>Tuotteen kaikki ainesosat ovat luontaista ja vegaanista alkuper\u00e4\u00e4. Tuotteessa on k\u00e4ytetty Saarenmaalta k\u00e4sin poimituista kasveista saatuja \u00f6ljyj\u00e4.<\/p>\n<p>S\u00e4ilytys suoralta p\u00e4iv\u00e4nvalolta suojattuna.<\/p>\n<p>Koko: 5ml\/30ml<\/p>\n<p><a ref=\"magnificPopup\" href=\"https:\/\/tilk.bio\/wp-content\/uploads\/2016\/01\/Vegan_sign-07.png\"><img loading=\"lazy\" decoding=\"async\" class=\"alignnone wp-image-22658\" src=\"https:\/\/tilk.bio\/wp-content\/uploads\/2016\/01\/Vegan_sign-07.png\" alt=\"\" width=\"84\" height=\"84\" srcset=\"https:\/\/tilk.bio\/wp-content\/uploads\/2016\/01\/Vegan_sign-07.png 165w, https:\/\/tilk.bio\/wp-content\/uploads\/2016\/01\/Vegan_sign-07-150x150.png 150w\" sizes=\"auto, (max-width: 84px) 100vw, 84px\" \/><\/a><a ref=\"magnificPopup\" href=\"https:\/\/tilk.bio\/wp-content\/uploads\/2017\/09\/AnneStiil_2017_Transparent.png\"><img loading=\"lazy\" decoding=\"async\" class=\"alignnone wp-image-22707\" src=\"https:\/\/tilk.bio\/wp-content\/uploads\/2017\/09\/AnneStiil_2017_Transparent.png\" alt=\"\" width=\"78\" height=\"78\" srcset=\"https:\/\/tilk.bio\/wp-content\/uploads\/2017\/09\/AnneStiil_2017_Transparent.png 165w, https:\/\/tilk.bio\/wp-content\/uploads\/2017\/09\/AnneStiil_2017_Transparent-150x150.png 150w\" sizes=\"auto, (max-width: 78px) 100vw, 78px\" \/><\/a><a ref=\"magnificPopup\" href=\"https:\/\/tilk.bio\/wp-content\/uploads\/2017\/10\/Catwalk_kleeps_14x145_ymmargune_2.jpg\"><img loading=\"lazy\" decoding=\"async\" class=\"alignnone wp-image-19994\" src=\"https:\/\/tilk.bio\/wp-content\/uploads\/2017\/10\/Catwalk_kleeps_14x145_ymmargune_2.jpg\" alt=\"\" width=\"74\" height=\"74\" \/><\/a><\/p>\n","protected":false},"excerpt":{"rendered":"<p>PALKITUSTI PARAS Smooth me on koostumukseltaan kevyt kasvo\u00f6ljy, joka tekee ihosta pehme\u00e4n ja hehkuvan. Sopii sek\u00e4 naisille ett\u00e4 miehille, normaalille ja ongelmaiholle. Hoitava \u00f6ljy ei tuki ihohuokosia. Katajanmarja vilkastuttaa verenkiertoa, poistaa toksiineja ja est\u00e4\u00e4 tulehduksia. Jojoba- ja kookos\u00f6ljyjen sis\u00e4lt\u00e4m\u00e4 E-vitamiini vaikuttaa nuorentavasti tasoittaen ihoa, lis\u00e4ten sen kimmoisuutta ja tuoden esiin sen luonnollisen s\u00e4vyn. \u00d6ljyt palauttavat&#8230;<\/p>\n","protected":false},"featured_media":70904,"comment_status":"open","ping_status":"closed","template":"","meta":{"_acf_changed":false},"product_brand":[],"product_cat":[747,741,501,512,632,634,502,742,730],"product_tag":[415,430],"class_list":{"0":"post-22704","1":"product","2":"type-product","3":"status-publish","4":"has-post-thumbnail","6":"product_cat-akne-ja-rasvainen-iho","7":"product_cat-epatasainen-iho","8":"product_cat-kaikki-tuotteet","9":"product_cat-kasvohoito","10":"product_cat-kasvooljyt-seerumit","11":"product_cat-miehille","12":"product_cat-myydyimmat","13":"product_cat-normaali-ja-sekaiho","14":"product_cat-tilk-herbal-fi","15":"product_tag-kaikki-ihotyypit","16":"product_tag-unisex-fi","18":"first","19":"instock","20":"taxable","21":"shipping-taxable","22":"purchasable","23":"product-type-variable"},"acf":[],"yoast_head":"<!-- This site is optimized with the Yoast SEO plugin v27.3 - https:\/\/yoast.com\/product\/yoast-seo-wordpress\/ -->\n<title>Smooth Me \u2013 katajanmarjauutetta sis\u00e4lt\u00e4v\u00e4 kasvo\u00f6ljy - Tilk!<\/title>\n<meta name=\"description\" content=\"kasvo\u00f6ljy\" \/>\n<meta name=\"robots\" content=\"index, follow, max-snippet:-1, max-image-preview:large, max-video-preview:-1\" \/>\n<link rel=\"canonical\" href=\"https:\/\/tilk.bio\/fi\/verkkokauppa\/smooth-me-kasvooljy-katajanmarjauuteella\/\" \/>\n<meta property=\"og:locale\" content=\"fi_FI\" \/>\n<meta property=\"og:type\" content=\"article\" \/>\n<meta property=\"og:title\" content=\"Smooth Me unisex kasvo\u00f6ljy\" \/>\n<meta property=\"og:description\" content=\"Smooth Me on kevyt unisex kasvo\u00f6ljy, joka auttaa sinua saavuttamaan silkkisen sile\u00e4n ihon ja luonnollisen kauniin hehkun.\" \/>\n<meta property=\"og:url\" content=\"https:\/\/tilk.bio\/fi\/verkkokauppa\/smooth-me-kasvooljy-katajanmarjauuteella\/\" \/>\n<meta property=\"og:site_name\" content=\"Tilk!\" \/>\n<meta property=\"article:publisher\" content=\"https:\/\/www.facebook.com\/tilk.bio\/\" \/>\n<meta property=\"article:modified_time\" content=\"2026-04-10T11:00:19+00:00\" \/>\n<meta property=\"og:image\" content=\"https:\/\/tilk.bio\/wp-content\/uploads\/2017\/09\/Smooth-Me-face-oil-e1506459293756.jpg\" \/>\n\t<meta property=\"og:image:width\" content=\"1200\" \/>\n\t<meta property=\"og:image:height\" content=\"1200\" \/>\n\t<meta property=\"og:image:type\" content=\"image\/jpeg\" \/>\n<meta name=\"twitter:card\" content=\"summary_large_image\" \/>\n<meta name=\"twitter:title\" content=\"Smooth Me on kevyt unisex kasvo\u00f6ljy, joka auttaa sinua saavuttamaan silkkisen sile\u00e4n ihon ja luonnollisen kauniin hehkun.\" \/>\n<meta name=\"twitter:description\" content=\"Smooth Me on kevyt unisex kasvo\u00f6ljy, joka auttaa sinua saavuttamaan silkkisen sile\u00e4n ihon ja luonnollisen kauniin hehkun.\" \/>\n<meta name=\"twitter:label1\" content=\"Arvioitu lukuaika\" \/>\n\t<meta name=\"twitter:data1\" content=\"1 minuutti\" \/>\n<script type=\"application\/ld+json\" class=\"yoast-schema-graph\">{\"@context\":\"https:\\\/\\\/schema.org\",\"@graph\":[{\"@type\":\"WebPage\",\"@id\":\"https:\\\/\\\/tilk.bio\\\/fi\\\/verkkokauppa\\\/smooth-me-kasvooljy-katajanmarjauuteella\\\/\",\"url\":\"https:\\\/\\\/tilk.bio\\\/fi\\\/verkkokauppa\\\/smooth-me-kasvooljy-katajanmarjauuteella\\\/\",\"name\":\"Smooth Me \u2013 katajanmarjauutetta sis\u00e4lt\u00e4v\u00e4 kasvo\u00f6ljy - Tilk!\",\"isPartOf\":{\"@id\":\"https:\\\/\\\/tilk.bio\\\/et\\\/#website\"},\"primaryImageOfPage\":{\"@id\":\"https:\\\/\\\/tilk.bio\\\/fi\\\/verkkokauppa\\\/smooth-me-kasvooljy-katajanmarjauuteella\\\/#primaryimage\"},\"image\":{\"@id\":\"https:\\\/\\\/tilk.bio\\\/fi\\\/verkkokauppa\\\/smooth-me-kasvooljy-katajanmarjauuteella\\\/#primaryimage\"},\"thumbnailUrl\":\"https:\\\/\\\/tilk.bio\\\/wp-content\\\/uploads\\\/2019\\\/09\\\/Untitled-design-41.jpg\",\"datePublished\":\"2019-09-12T00:00:21+00:00\",\"dateModified\":\"2026-04-10T11:00:19+00:00\",\"description\":\"kasvo\u00f6ljy\",\"breadcrumb\":{\"@id\":\"https:\\\/\\\/tilk.bio\\\/fi\\\/verkkokauppa\\\/smooth-me-kasvooljy-katajanmarjauuteella\\\/#breadcrumb\"},\"inLanguage\":\"fi\",\"potentialAction\":[{\"@type\":\"ReadAction\",\"target\":[\"https:\\\/\\\/tilk.bio\\\/fi\\\/verkkokauppa\\\/smooth-me-kasvooljy-katajanmarjauuteella\\\/\"]}]},{\"@type\":\"ImageObject\",\"inLanguage\":\"fi\",\"@id\":\"https:\\\/\\\/tilk.bio\\\/fi\\\/verkkokauppa\\\/smooth-me-kasvooljy-katajanmarjauuteella\\\/#primaryimage\",\"url\":\"https:\\\/\\\/tilk.bio\\\/wp-content\\\/uploads\\\/2019\\\/09\\\/Untitled-design-41.jpg\",\"contentUrl\":\"https:\\\/\\\/tilk.bio\\\/wp-content\\\/uploads\\\/2019\\\/09\\\/Untitled-design-41.jpg\",\"width\":1200,\"height\":1200,\"caption\":\"smooth-me-naooli\"},{\"@type\":\"BreadcrumbList\",\"@id\":\"https:\\\/\\\/tilk.bio\\\/fi\\\/verkkokauppa\\\/smooth-me-kasvooljy-katajanmarjauuteella\\\/#breadcrumb\",\"itemListElement\":[{\"@type\":\"ListItem\",\"position\":1,\"name\":\"Home\",\"item\":\"https:\\\/\\\/tilk.bio\\\/fi\\\/\"},{\"@type\":\"ListItem\",\"position\":2,\"name\":\"Verkkokauppa\",\"item\":\"https:\\\/\\\/tilk.bio\\\/fi\\\/verkkokauppa\\\/\"},{\"@type\":\"ListItem\",\"position\":3,\"name\":\"Smooth Me \u2013 katajanmarjauutetta sis\u00e4lt\u00e4v\u00e4 kasvo\u00f6ljy\"}]},{\"@type\":\"WebSite\",\"@id\":\"https:\\\/\\\/tilk.bio\\\/et\\\/#website\",\"url\":\"https:\\\/\\\/tilk.bio\\\/et\\\/\",\"name\":\"Tilk!\",\"description\":\"Natural and sustainable skincare!\",\"potentialAction\":[{\"@type\":\"SearchAction\",\"target\":{\"@type\":\"EntryPoint\",\"urlTemplate\":\"https:\\\/\\\/tilk.bio\\\/et\\\/?s={search_term_string}\"},\"query-input\":{\"@type\":\"PropertyValueSpecification\",\"valueRequired\":true,\"valueName\":\"search_term_string\"}}],\"inLanguage\":\"fi\"}]}<\/script>\n<!-- \/ Yoast SEO plugin. -->","yoast_head_json":{"title":"Smooth Me \u2013 katajanmarjauutetta sis\u00e4lt\u00e4v\u00e4 kasvo\u00f6ljy - Tilk!","description":"kasvo\u00f6ljy","robots":{"index":"index","follow":"follow","max-snippet":"max-snippet:-1","max-image-preview":"max-image-preview:large","max-video-preview":"max-video-preview:-1"},"canonical":"https:\/\/tilk.bio\/fi\/verkkokauppa\/smooth-me-kasvooljy-katajanmarjauuteella\/","og_locale":"fi_FI","og_type":"article","og_title":"Smooth Me unisex kasvo\u00f6ljy","og_description":"Smooth Me on kevyt unisex kasvo\u00f6ljy, joka auttaa sinua saavuttamaan silkkisen sile\u00e4n ihon ja luonnollisen kauniin hehkun.","og_url":"https:\/\/tilk.bio\/fi\/verkkokauppa\/smooth-me-kasvooljy-katajanmarjauuteella\/","og_site_name":"Tilk!","article_publisher":"https:\/\/www.facebook.com\/tilk.bio\/","article_modified_time":"2026-04-10T11:00:19+00:00","og_image":[{"width":1200,"height":1200,"url":"https:\/\/tilk.bio\/wp-content\/uploads\/2017\/09\/Smooth-Me-face-oil-e1506459293756.jpg","type":"image\/jpeg"}],"twitter_card":"summary_large_image","twitter_title":"Smooth Me on kevyt unisex kasvo\u00f6ljy, joka auttaa sinua saavuttamaan silkkisen sile\u00e4n ihon ja luonnollisen kauniin hehkun.","twitter_description":"Smooth Me on kevyt unisex kasvo\u00f6ljy, joka auttaa sinua saavuttamaan silkkisen sile\u00e4n ihon ja luonnollisen kauniin hehkun.","twitter_misc":{"Arvioitu lukuaika":"1 minuutti"},"schema":{"@context":"https:\/\/schema.org","@graph":[{"@type":"WebPage","@id":"https:\/\/tilk.bio\/fi\/verkkokauppa\/smooth-me-kasvooljy-katajanmarjauuteella\/","url":"https:\/\/tilk.bio\/fi\/verkkokauppa\/smooth-me-kasvooljy-katajanmarjauuteella\/","name":"Smooth Me \u2013 katajanmarjauutetta sis\u00e4lt\u00e4v\u00e4 kasvo\u00f6ljy - Tilk!","isPartOf":{"@id":"https:\/\/tilk.bio\/et\/#website"},"primaryImageOfPage":{"@id":"https:\/\/tilk.bio\/fi\/verkkokauppa\/smooth-me-kasvooljy-katajanmarjauuteella\/#primaryimage"},"image":{"@id":"https:\/\/tilk.bio\/fi\/verkkokauppa\/smooth-me-kasvooljy-katajanmarjauuteella\/#primaryimage"},"thumbnailUrl":"https:\/\/tilk.bio\/wp-content\/uploads\/2019\/09\/Untitled-design-41.jpg","datePublished":"2019-09-12T00:00:21+00:00","dateModified":"2026-04-10T11:00:19+00:00","description":"kasvo\u00f6ljy","breadcrumb":{"@id":"https:\/\/tilk.bio\/fi\/verkkokauppa\/smooth-me-kasvooljy-katajanmarjauuteella\/#breadcrumb"},"inLanguage":"fi","potentialAction":[{"@type":"ReadAction","target":["https:\/\/tilk.bio\/fi\/verkkokauppa\/smooth-me-kasvooljy-katajanmarjauuteella\/"]}]},{"@type":"ImageObject","inLanguage":"fi","@id":"https:\/\/tilk.bio\/fi\/verkkokauppa\/smooth-me-kasvooljy-katajanmarjauuteella\/#primaryimage","url":"https:\/\/tilk.bio\/wp-content\/uploads\/2019\/09\/Untitled-design-41.jpg","contentUrl":"https:\/\/tilk.bio\/wp-content\/uploads\/2019\/09\/Untitled-design-41.jpg","width":1200,"height":1200,"caption":"smooth-me-naooli"},{"@type":"BreadcrumbList","@id":"https:\/\/tilk.bio\/fi\/verkkokauppa\/smooth-me-kasvooljy-katajanmarjauuteella\/#breadcrumb","itemListElement":[{"@type":"ListItem","position":1,"name":"Home","item":"https:\/\/tilk.bio\/fi\/"},{"@type":"ListItem","position":2,"name":"Verkkokauppa","item":"https:\/\/tilk.bio\/fi\/verkkokauppa\/"},{"@type":"ListItem","position":3,"name":"Smooth Me \u2013 katajanmarjauutetta sis\u00e4lt\u00e4v\u00e4 kasvo\u00f6ljy"}]},{"@type":"WebSite","@id":"https:\/\/tilk.bio\/et\/#website","url":"https:\/\/tilk.bio\/et\/","name":"Tilk!","description":"Natural and sustainable skincare!","potentialAction":[{"@type":"SearchAction","target":{"@type":"EntryPoint","urlTemplate":"https:\/\/tilk.bio\/et\/?s={search_term_string}"},"query-input":{"@type":"PropertyValueSpecification","valueRequired":true,"valueName":"search_term_string"}}],"inLanguage":"fi"}]}},"_links":{"self":[{"href":"https:\/\/tilk.bio\/fi\/wp-json\/wp\/v2\/product\/22704","targetHints":{"allow":["GET"]}}],"collection":[{"href":"https:\/\/tilk.bio\/fi\/wp-json\/wp\/v2\/product"}],"about":[{"href":"https:\/\/tilk.bio\/fi\/wp-json\/wp\/v2\/types\/product"}],"replies":[{"embeddable":true,"href":"https:\/\/tilk.bio\/fi\/wp-json\/wp\/v2\/comments?post=22704"}],"wp:featuredmedia":[{"embeddable":true,"href":"https:\/\/tilk.bio\/fi\/wp-json\/wp\/v2\/media\/70904"}],"wp:attachment":[{"href":"https:\/\/tilk.bio\/fi\/wp-json\/wp\/v2\/media?parent=22704"}],"wp:term":[{"taxonomy":"product_brand","embeddable":true,"href":"https:\/\/tilk.bio\/fi\/wp-json\/wp\/v2\/product_brand?post=22704"},{"taxonomy":"product_cat","embeddable":true,"href":"https:\/\/tilk.bio\/fi\/wp-json\/wp\/v2\/product_cat?post=22704"},{"taxonomy":"product_tag","embeddable":true,"href":"https:\/\/tilk.bio\/fi\/wp-json\/wp\/v2\/product_tag?post=22704"}],"curies":[{"name":"wp","href":"https:\/\/api.w.org\/{rel}","templated":true}]}}