{"id":22710,"date":"2021-11-07T18:56:18","date_gmt":"2015-11-07T18:56:18","guid":{"rendered":"https:\/\/tilk.bio\/shop\/cleanse-me-kasvovoide-rasvaiselle-iholle\/"},"modified":"2026-03-27T14:15:07","modified_gmt":"2026-03-27T12:15:07","slug":"cleanse-me-kasvovoide-rasvaiselle-iholle","status":"publish","type":"product","link":"https:\/\/tilk.bio\/fi\/verkkokauppa\/cleanse-me-kasvovoide-rasvaiselle-iholle\/","title":{"rendered":"Cleanse Me \u2013 piparminttua sis\u00e4lt\u00e4v\u00e4 kasvovoide rasvaiselle ja ongelmaiholle"},"content":{"rendered":"<p>Cleanse Me -kasvovoide hoitaa ja rauhoittaa rasvaista ja ongelmaihoa, tasoittaa sen s\u00e4vy\u00e4 ja v\u00e4hent\u00e4\u00e4 punoitusta. Tasapainottava voide sis\u00e4lt\u00e4\u00e4 runsaasti vitamiineja ja mineraaleja, muttei koostumukseltaan kevyen\u00e4 tuki ihohuokosia.<\/p>\n<p>Oreganon ja hampunsiemen\u00f6ljyn bioaktiiviset ainesosat hoitavat tulehtunutta ihoa ja lis\u00e4\u00e4v\u00e4t sen vastustuskyky\u00e4. Aprikoosi- ja porkkanansiemen\u00f6ljy rauhoittavat, pehment\u00e4v\u00e4t ja kosteuttavat ihoa sek\u00e4 nopeuttavat sen uudistumista. Voide vilkastaa mikroverenkiertoa ja auttaa ihoa puhdistumaan. Lis\u00e4ksi siank\u00e4rs\u00e4m\u00f6n kukkien sis\u00e4lt\u00e4m\u00e4 kamatsuleeni supistaa ihohuokosia. Voiteen tuoksussa yhdistyv\u00e4t pirist\u00e4v\u00e4 piparminttu ja trooppinen mandariini.<\/p>\n<p>K\u00e4ytt\u00f6: Levit\u00e4 puhdistetuille kasvoille aamuin ja illoin. Suosittelemme ihonhoitorutiiniin my\u00f6s <a href=\"https:\/\/tilk.bio\/fi\/verkkokauppa\/puhdistava-ja-kosteuttava-kasvonaamio-detox-me\/\">Detox Me -kasvonaamiota<\/a>, teepuu\u00f6ljy\u00e4 sis\u00e4lt\u00e4v\u00e4\u00e4 <a href=\"https:\/\/tilk.bio\/fi\/verkkokauppa\/scrub-me-kasvokuorinta-kaikille-ihotyypeille\/\">Scrub Me -kasvokuorintaa<\/a> sek\u00e4 katajanmarjauutetta sis\u00e4lt\u00e4v\u00e4\u00e4 <a href=\"https:\/\/tilk.bio\/fi\/verkkokauppa\/smooth-me-kasvooljy-katajanmarjauuteella\/\">Smooth Me -kasvo\u00f6ljy\u00e4<\/a>.<\/p>\n<p>Tuotteen kaikki ainesosat ovat luontaista ja vegaanista alkuper\u00e4\u00e4. Tuotteessa on k\u00e4ytetty Saarenmaalta k\u00e4sin poimituista kasveista saatuja \u00f6ljyj\u00e4.<\/p>\n<p>S\u00e4ilytys huoneenl\u00e4mm\u00f6ss\u00e4.<\/p>\n<p>Koko: 10ml\/50ml<\/p>\n","protected":false},"excerpt":{"rendered":"<p>Cleanse Me -kasvovoide hoitaa ja rauhoittaa rasvaista ja ongelmaihoa, tasoittaa sen s\u00e4vy\u00e4 ja v\u00e4hent\u00e4\u00e4 punoitusta. Tasapainottava voide sis\u00e4lt\u00e4\u00e4 runsaasti vitamiineja ja mineraaleja, muttei koostumukseltaan kevyen\u00e4 tuki ihohuokosia. Oreganon ja hampunsiemen\u00f6ljyn bioaktiiviset ainesosat hoitavat tulehtunutta ihoa ja lis\u00e4\u00e4v\u00e4t sen vastustuskyky\u00e4. Aprikoosi- ja porkkanansiemen\u00f6ljy rauhoittavat, pehment\u00e4v\u00e4t ja kosteuttavat ihoa sek\u00e4 nopeuttavat sen uudistumista. Voide vilkastaa mikroverenkiertoa ja&#8230;<\/p>\n","protected":false},"featured_media":65041,"comment_status":"open","ping_status":"closed","template":"","meta":{"_acf_changed":false},"product_brand":[],"product_cat":[747,741,501,512,630,671,730],"product_tag":[431,425,423],"class_list":{"0":"post-22710","1":"product","2":"type-product","3":"status-publish","4":"has-post-thumbnail","6":"product_cat-akne-ja-rasvainen-iho","7":"product_cat-epatasainen-iho","8":"product_cat-kaikki-tuotteet","9":"product_cat-kasvohoito","10":"product_cat-kasvovoiteet","11":"product_cat-spaattelin-mahdollisuus","12":"product_cat-tilk-herbal-fi","13":"product_tag-kasvot","14":"product_tag-kasvovoide-fi","15":"product_tag-rasvainen-iho","17":"first","18":"instock","19":"taxable","20":"shipping-taxable","21":"purchasable","22":"product-type-variable"},"acf":[],"yoast_head":"<!-- This site is optimized with the Yoast SEO plugin v27.3 - https:\/\/yoast.com\/product\/yoast-seo-wordpress\/ -->\n<title>Cleanse Me \u2013 piparminttua sis\u00e4lt\u00e4v\u00e4 kasvovoide rasvaiselle ja ongelmaiholle - Tilk!<\/title>\n<meta name=\"description\" content=\"Cleanse Me on antibakteerinen kosteuttaja, joka ravitsee ja rauhoittaa rasvaista ja ongelmallista ihoa.\" \/>\n<meta name=\"robots\" content=\"index, follow, max-snippet:-1, max-image-preview:large, max-video-preview:-1\" \/>\n<link rel=\"canonical\" href=\"https:\/\/tilk.bio\/fi\/verkkokauppa\/cleanse-me-kasvovoide-rasvaiselle-iholle\/\" \/>\n<meta property=\"og:locale\" content=\"fi_FI\" \/>\n<meta property=\"og:type\" content=\"article\" \/>\n<meta property=\"og:title\" content=\"Cleanse Me kasvovoide rasvaiselle iholle\" \/>\n<meta property=\"og:description\" content=\"Cleanse Me on antibakteerinen kosteuttaja, joka ravitsee ja rauhoittaa rasvaista ja ongelmallista ihoa.\" \/>\n<meta property=\"og:url\" content=\"https:\/\/tilk.bio\/fi\/verkkokauppa\/cleanse-me-kasvovoide-rasvaiselle-iholle\/\" \/>\n<meta property=\"og:site_name\" content=\"Tilk!\" \/>\n<meta property=\"article:publisher\" content=\"https:\/\/www.facebook.com\/tilk.bio\/\" \/>\n<meta property=\"article:modified_time\" content=\"2026-03-27T12:15:07+00:00\" \/>\n<meta property=\"og:image\" content=\"https:\/\/tilk.bio\/wp-content\/uploads\/2015\/11\/TILK_5.jpg\" \/>\n\t<meta property=\"og:image:width\" content=\"1000\" \/>\n\t<meta property=\"og:image:height\" content=\"667\" \/>\n\t<meta property=\"og:image:type\" content=\"image\/jpeg\" \/>\n<meta name=\"twitter:card\" content=\"summary_large_image\" \/>\n<meta name=\"twitter:description\" content=\"Cleanse Me on antibakteerinen kosteuttaja, joka ravitsee ja rauhoittaa rasvaista ja ongelmallista ihoa.\" \/>\n<meta name=\"twitter:label1\" content=\"Arvioitu lukuaika\" \/>\n\t<meta name=\"twitter:data1\" content=\"1 minuutti\" \/>\n<script type=\"application\/ld+json\" class=\"yoast-schema-graph\">{\"@context\":\"https:\\\/\\\/schema.org\",\"@graph\":[{\"@type\":\"WebPage\",\"@id\":\"https:\\\/\\\/tilk.bio\\\/fi\\\/verkkokauppa\\\/cleanse-me-kasvovoide-rasvaiselle-iholle\\\/\",\"url\":\"https:\\\/\\\/tilk.bio\\\/fi\\\/verkkokauppa\\\/cleanse-me-kasvovoide-rasvaiselle-iholle\\\/\",\"name\":\"Cleanse Me \u2013 piparminttua sis\u00e4lt\u00e4v\u00e4 kasvovoide rasvaiselle ja ongelmaiholle - Tilk!\",\"isPartOf\":{\"@id\":\"https:\\\/\\\/tilk.bio\\\/et\\\/#website\"},\"primaryImageOfPage\":{\"@id\":\"https:\\\/\\\/tilk.bio\\\/fi\\\/verkkokauppa\\\/cleanse-me-kasvovoide-rasvaiselle-iholle\\\/#primaryimage\"},\"image\":{\"@id\":\"https:\\\/\\\/tilk.bio\\\/fi\\\/verkkokauppa\\\/cleanse-me-kasvovoide-rasvaiselle-iholle\\\/#primaryimage\"},\"thumbnailUrl\":\"https:\\\/\\\/tilk.bio\\\/wp-content\\\/uploads\\\/2017\\\/11\\\/cleansemekarp.jpg\",\"datePublished\":\"2015-11-07T18:56:18+00:00\",\"dateModified\":\"2026-03-27T12:15:07+00:00\",\"description\":\"Cleanse Me on antibakteerinen kosteuttaja, joka ravitsee ja rauhoittaa rasvaista ja ongelmallista ihoa.\",\"breadcrumb\":{\"@id\":\"https:\\\/\\\/tilk.bio\\\/fi\\\/verkkokauppa\\\/cleanse-me-kasvovoide-rasvaiselle-iholle\\\/#breadcrumb\"},\"inLanguage\":\"fi\",\"potentialAction\":[{\"@type\":\"ReadAction\",\"target\":[\"https:\\\/\\\/tilk.bio\\\/fi\\\/verkkokauppa\\\/cleanse-me-kasvovoide-rasvaiselle-iholle\\\/\"]}]},{\"@type\":\"ImageObject\",\"inLanguage\":\"fi\",\"@id\":\"https:\\\/\\\/tilk.bio\\\/fi\\\/verkkokauppa\\\/cleanse-me-kasvovoide-rasvaiselle-iholle\\\/#primaryimage\",\"url\":\"https:\\\/\\\/tilk.bio\\\/wp-content\\\/uploads\\\/2017\\\/11\\\/cleansemekarp.jpg\",\"contentUrl\":\"https:\\\/\\\/tilk.bio\\\/wp-content\\\/uploads\\\/2017\\\/11\\\/cleansemekarp.jpg\",\"width\":1200,\"height\":1200,\"caption\":\"tilk! cleanse me pimples\"},{\"@type\":\"BreadcrumbList\",\"@id\":\"https:\\\/\\\/tilk.bio\\\/fi\\\/verkkokauppa\\\/cleanse-me-kasvovoide-rasvaiselle-iholle\\\/#breadcrumb\",\"itemListElement\":[{\"@type\":\"ListItem\",\"position\":1,\"name\":\"Home\",\"item\":\"https:\\\/\\\/tilk.bio\\\/fi\\\/\"},{\"@type\":\"ListItem\",\"position\":2,\"name\":\"Verkkokauppa\",\"item\":\"https:\\\/\\\/tilk.bio\\\/fi\\\/verkkokauppa\\\/\"},{\"@type\":\"ListItem\",\"position\":3,\"name\":\"Cleanse Me \u2013 piparminttua sis\u00e4lt\u00e4v\u00e4 kasvovoide rasvaiselle ja ongelmaiholle\"}]},{\"@type\":\"WebSite\",\"@id\":\"https:\\\/\\\/tilk.bio\\\/et\\\/#website\",\"url\":\"https:\\\/\\\/tilk.bio\\\/et\\\/\",\"name\":\"Tilk!\",\"description\":\"Natural and sustainable skincare!\",\"potentialAction\":[{\"@type\":\"SearchAction\",\"target\":{\"@type\":\"EntryPoint\",\"urlTemplate\":\"https:\\\/\\\/tilk.bio\\\/et\\\/?s={search_term_string}\"},\"query-input\":{\"@type\":\"PropertyValueSpecification\",\"valueRequired\":true,\"valueName\":\"search_term_string\"}}],\"inLanguage\":\"fi\"}]}<\/script>\n<!-- \/ Yoast SEO plugin. -->","yoast_head_json":{"title":"Cleanse Me \u2013 piparminttua sis\u00e4lt\u00e4v\u00e4 kasvovoide rasvaiselle ja ongelmaiholle - Tilk!","description":"Cleanse Me on antibakteerinen kosteuttaja, joka ravitsee ja rauhoittaa rasvaista ja ongelmallista ihoa.","robots":{"index":"index","follow":"follow","max-snippet":"max-snippet:-1","max-image-preview":"max-image-preview:large","max-video-preview":"max-video-preview:-1"},"canonical":"https:\/\/tilk.bio\/fi\/verkkokauppa\/cleanse-me-kasvovoide-rasvaiselle-iholle\/","og_locale":"fi_FI","og_type":"article","og_title":"Cleanse Me kasvovoide rasvaiselle iholle","og_description":"Cleanse Me on antibakteerinen kosteuttaja, joka ravitsee ja rauhoittaa rasvaista ja ongelmallista ihoa.","og_url":"https:\/\/tilk.bio\/fi\/verkkokauppa\/cleanse-me-kasvovoide-rasvaiselle-iholle\/","og_site_name":"Tilk!","article_publisher":"https:\/\/www.facebook.com\/tilk.bio\/","article_modified_time":"2026-03-27T12:15:07+00:00","og_image":[{"width":1000,"height":667,"url":"https:\/\/tilk.bio\/wp-content\/uploads\/2015\/11\/TILK_5.jpg","type":"image\/jpeg"}],"twitter_card":"summary_large_image","twitter_description":"Cleanse Me on antibakteerinen kosteuttaja, joka ravitsee ja rauhoittaa rasvaista ja ongelmallista ihoa.","twitter_misc":{"Arvioitu lukuaika":"1 minuutti"},"schema":{"@context":"https:\/\/schema.org","@graph":[{"@type":"WebPage","@id":"https:\/\/tilk.bio\/fi\/verkkokauppa\/cleanse-me-kasvovoide-rasvaiselle-iholle\/","url":"https:\/\/tilk.bio\/fi\/verkkokauppa\/cleanse-me-kasvovoide-rasvaiselle-iholle\/","name":"Cleanse Me \u2013 piparminttua sis\u00e4lt\u00e4v\u00e4 kasvovoide rasvaiselle ja ongelmaiholle - Tilk!","isPartOf":{"@id":"https:\/\/tilk.bio\/et\/#website"},"primaryImageOfPage":{"@id":"https:\/\/tilk.bio\/fi\/verkkokauppa\/cleanse-me-kasvovoide-rasvaiselle-iholle\/#primaryimage"},"image":{"@id":"https:\/\/tilk.bio\/fi\/verkkokauppa\/cleanse-me-kasvovoide-rasvaiselle-iholle\/#primaryimage"},"thumbnailUrl":"https:\/\/tilk.bio\/wp-content\/uploads\/2017\/11\/cleansemekarp.jpg","datePublished":"2015-11-07T18:56:18+00:00","dateModified":"2026-03-27T12:15:07+00:00","description":"Cleanse Me on antibakteerinen kosteuttaja, joka ravitsee ja rauhoittaa rasvaista ja ongelmallista ihoa.","breadcrumb":{"@id":"https:\/\/tilk.bio\/fi\/verkkokauppa\/cleanse-me-kasvovoide-rasvaiselle-iholle\/#breadcrumb"},"inLanguage":"fi","potentialAction":[{"@type":"ReadAction","target":["https:\/\/tilk.bio\/fi\/verkkokauppa\/cleanse-me-kasvovoide-rasvaiselle-iholle\/"]}]},{"@type":"ImageObject","inLanguage":"fi","@id":"https:\/\/tilk.bio\/fi\/verkkokauppa\/cleanse-me-kasvovoide-rasvaiselle-iholle\/#primaryimage","url":"https:\/\/tilk.bio\/wp-content\/uploads\/2017\/11\/cleansemekarp.jpg","contentUrl":"https:\/\/tilk.bio\/wp-content\/uploads\/2017\/11\/cleansemekarp.jpg","width":1200,"height":1200,"caption":"tilk! cleanse me pimples"},{"@type":"BreadcrumbList","@id":"https:\/\/tilk.bio\/fi\/verkkokauppa\/cleanse-me-kasvovoide-rasvaiselle-iholle\/#breadcrumb","itemListElement":[{"@type":"ListItem","position":1,"name":"Home","item":"https:\/\/tilk.bio\/fi\/"},{"@type":"ListItem","position":2,"name":"Verkkokauppa","item":"https:\/\/tilk.bio\/fi\/verkkokauppa\/"},{"@type":"ListItem","position":3,"name":"Cleanse Me \u2013 piparminttua sis\u00e4lt\u00e4v\u00e4 kasvovoide rasvaiselle ja ongelmaiholle"}]},{"@type":"WebSite","@id":"https:\/\/tilk.bio\/et\/#website","url":"https:\/\/tilk.bio\/et\/","name":"Tilk!","description":"Natural and sustainable skincare!","potentialAction":[{"@type":"SearchAction","target":{"@type":"EntryPoint","urlTemplate":"https:\/\/tilk.bio\/et\/?s={search_term_string}"},"query-input":{"@type":"PropertyValueSpecification","valueRequired":true,"valueName":"search_term_string"}}],"inLanguage":"fi"}]}},"_links":{"self":[{"href":"https:\/\/tilk.bio\/fi\/wp-json\/wp\/v2\/product\/22710","targetHints":{"allow":["GET"]}}],"collection":[{"href":"https:\/\/tilk.bio\/fi\/wp-json\/wp\/v2\/product"}],"about":[{"href":"https:\/\/tilk.bio\/fi\/wp-json\/wp\/v2\/types\/product"}],"replies":[{"embeddable":true,"href":"https:\/\/tilk.bio\/fi\/wp-json\/wp\/v2\/comments?post=22710"}],"wp:featuredmedia":[{"embeddable":true,"href":"https:\/\/tilk.bio\/fi\/wp-json\/wp\/v2\/media\/65041"}],"wp:attachment":[{"href":"https:\/\/tilk.bio\/fi\/wp-json\/wp\/v2\/media?parent=22710"}],"wp:term":[{"taxonomy":"product_brand","embeddable":true,"href":"https:\/\/tilk.bio\/fi\/wp-json\/wp\/v2\/product_brand?post=22710"},{"taxonomy":"product_cat","embeddable":true,"href":"https:\/\/tilk.bio\/fi\/wp-json\/wp\/v2\/product_cat?post=22710"},{"taxonomy":"product_tag","embeddable":true,"href":"https:\/\/tilk.bio\/fi\/wp-json\/wp\/v2\/product_tag?post=22710"}],"curies":[{"name":"wp","href":"https:\/\/api.w.org\/{rel}","templated":true}]}}