{"id":22720,"date":"2017-11-10T18:00:12","date_gmt":"2017-11-10T18:00:12","guid":{"rendered":"https:\/\/tilk.bio\/shop\/protect-me-kasvovoide\/"},"modified":"2026-04-12T22:30:06","modified_gmt":"2026-04-12T19:30:06","slug":"protect-me-kasvovoide","status":"publish","type":"product","link":"https:\/\/tilk.bio\/fi\/verkkokauppa\/protect-me-kasvovoide\/","title":{"rendered":"Protect Me &#8211; keh\u00e4kukkaa sis\u00e4lt\u00e4v\u00e4 kasvovoide herk\u00e4lle iholle"},"content":{"rendered":"<p>Protect Me -kasvovoide rauhoittaa ja suojaa herkk\u00e4\u00e4 ja kuivaa ihoa sek\u00e4 v\u00e4hent\u00e4\u00e4 sen punoitusta.<\/p>\n<p>Keh\u00e4kukka, kamomilla, kev\u00e4tesikko ja aloe vera tasapainottavat \u00e4rtynytt\u00e4 ja punoittavaa ihoa. Aloe vera suojaa sit\u00e4 lis\u00e4ksi auringon haitallisilta vaikutuksilta. Kev\u00e4tesikko edist\u00e4\u00e4 kollageenin tuotantoa ja pigmenttil\u00e4iskien vaalenemista sek\u00e4 taistelee yhdess\u00e4 E-vitamiinin kanssa solujen ik\u00e4\u00e4ntymist\u00e4 vastaan. Manteli\u00f6ljyn sis\u00e4lt\u00e4m\u00e4 E-vitamiini uudistaa, ravitsee, pehment\u00e4\u00e4 ja tasoittaa ihoa, kookos\u00f6ljy ja mehil\u00e4isvaha suojaavat sit\u00e4 ulkoiselta \u00e4rsytykselt\u00e4. Tuotteeseen ei ole lis\u00e4tty eteerisi\u00e4 \u00f6ljyj\u00e4 \u2013 mieto tuoksu on per\u00e4isin luonnollisista ainesosista.<\/p>\n<p>K\u00e4ytt\u00f6: Soveltuu kasvojen p\u00e4ivitt\u00e4iseen hoitoon ja kosteutukseen. K\u00e4yt\u00e4 kasvojen puhdistuksen j\u00e4lkeen. Ihanteellinen herk\u00e4lle ja kuivalle iholle.<\/p>\n<p>Tuotteen kaikki ainesosat ovat luontaista alkuper\u00e4\u00e4. Tuotteessa on k\u00e4ytetty Saarenmaalta k\u00e4sin poimituista kasveista saatuja \u00f6ljyj\u00e4.<\/p>\n<p>S\u00e4ilytys huoneenl\u00e4mm\u00f6ss\u00e4.<\/p>\n<p>Koko: 10ml\/50ml<\/p>\n<p><a ref=\"magnificPopup\" href=\"https:\/\/tilk.bio\/wp-content\/uploads\/2015\/11\/sisaltaa_puisen_lastan_anim.gif\"><img loading=\"lazy\" decoding=\"async\" class=\"alignnone size-full wp-image-23764\" src=\"https:\/\/tilk.bio\/wp-content\/uploads\/2015\/11\/sisaltaa_puisen_lastan_anim.gif\" alt=\"\" width=\"115\" height=\"100\" \/><\/a><a ref=\"magnificPopup\" href=\"https:\/\/tilk.bio\/wp-content\/uploads\/2018\/08\/package_anim_FIN.gif\"><img loading=\"lazy\" decoding=\"async\" class=\"alignnone size-full wp-image-23966\" src=\"https:\/\/tilk.bio\/wp-content\/uploads\/2018\/08\/package_anim_FIN.gif\" alt=\"\" width=\"125\" height=\"100\" \/><\/a><\/p>\n","protected":false},"excerpt":{"rendered":"<p>Protect Me -kasvovoide rauhoittaa ja suojaa herkk\u00e4\u00e4 ja kuivaa ihoa sek\u00e4 v\u00e4hent\u00e4\u00e4 sen punoitusta. Keh\u00e4kukka, kamomilla, kev\u00e4tesikko ja aloe vera tasapainottavat \u00e4rtynytt\u00e4 ja punoittavaa ihoa. Aloe vera suojaa sit\u00e4 lis\u00e4ksi auringon haitallisilta vaikutuksilta. Kev\u00e4tesikko edist\u00e4\u00e4 kollageenin tuotantoa ja pigmenttil\u00e4iskien vaalenemista sek\u00e4 taistelee yhdess\u00e4 E-vitamiinin kanssa solujen ik\u00e4\u00e4ntymist\u00e4 vastaan. Manteli\u00f6ljyn sis\u00e4lt\u00e4m\u00e4 E-vitamiini uudistaa, ravitsee, pehment\u00e4\u00e4 ja&#8230;<\/p>\n","protected":false},"featured_media":67428,"comment_status":"open","ping_status":"closed","template":"","meta":{"_acf_changed":false},"product_brand":[],"product_cat":[729,501,512,630,671,730],"product_tag":[427,424,432,431],"class_list":{"0":"post-22720","1":"product","2":"type-product","3":"status-publish","4":"has-post-thumbnail","6":"product_cat-herkka-iho","7":"product_cat-kaikki-tuotteet","8":"product_cat-kasvohoito","9":"product_cat-kasvovoiteet","10":"product_cat-spaattelin-mahdollisuus","11":"product_cat-tilk-herbal-fi","12":"product_tag-ekologinen-kosmetiikka","13":"product_tag-herkka-iho","14":"product_tag-ihonhoito","15":"product_tag-kasvot","17":"first","18":"instock","19":"taxable","20":"shipping-taxable","21":"purchasable","22":"product-type-variable"},"acf":[],"yoast_head":"<!-- This site is optimized with the Yoast SEO plugin v27.4 - https:\/\/yoast.com\/product\/yoast-seo-wordpress\/ -->\n<title>Protect Me - keh\u00e4kukkaa sis\u00e4lt\u00e4v\u00e4 kasvovoide herk\u00e4lle iholle - Tilk!<\/title>\n<meta name=\"robots\" content=\"index, follow, max-snippet:-1, max-image-preview:large, max-video-preview:-1\" \/>\n<link rel=\"canonical\" href=\"https:\/\/tilk.bio\/fi\/verkkokauppa\/protect-me-kasvovoide\/\" \/>\n<meta property=\"og:locale\" content=\"fi_FI\" \/>\n<meta property=\"og:type\" content=\"article\" \/>\n<meta property=\"og:title\" content=\"Protect Me- kasvovoide rauhoittaa ja suojaa herkk\u00e4\u00e4 ihoa.\" \/>\n<meta property=\"og:description\" content=\"Protect Me- kasvovoide rauhoittaa ja suojaa herkk\u00e4\u00e4 ihoa. Aloe Veran ja keh\u00e4kukan bioaktiivisilla ainesosilla on rauhoittava vaikutus iholle, mehil\u00e4isvaha puolestaan luo iholle suojaavan kerroksen, joka rauhoittaa ihoa ulkoisista vaikutteista huolimatta.\" \/>\n<meta property=\"og:url\" content=\"https:\/\/tilk.bio\/fi\/verkkokauppa\/protect-me-kasvovoide\/\" \/>\n<meta property=\"og:site_name\" content=\"Tilk!\" \/>\n<meta property=\"article:publisher\" content=\"https:\/\/www.facebook.com\/tilk.bio\/\" \/>\n<meta property=\"article:modified_time\" content=\"2026-04-12T19:30:06+00:00\" \/>\n<meta property=\"og:image\" content=\"https:\/\/tilk.bio\/wp-content\/uploads\/2015\/11\/tilk_1.jpg\" \/>\n\t<meta property=\"og:image:width\" content=\"1000\" \/>\n\t<meta property=\"og:image:height\" content=\"1000\" \/>\n\t<meta property=\"og:image:type\" content=\"image\/jpeg\" \/>\n<meta name=\"twitter:card\" content=\"summary_large_image\" \/>\n<meta name=\"twitter:description\" content=\"Protect Me- kasvovoide rauhoittaa ja suojaa herkk\u00e4\u00e4 ihoa. Aloe Veran ja keh\u00e4kukan bioaktiivisilla ainesosilla on rauhoittava vaikutus iholle, mehil\u00e4isvaha puolestaan luo iholle suojaavan kerroksen, joka rauhoittaa ihoa ulkoisista vaikutteista huolimatta.\" \/>\n<meta name=\"twitter:label1\" content=\"Arvioitu lukuaika\" \/>\n\t<meta name=\"twitter:data1\" content=\"1 minuutti\" \/>\n<script type=\"application\/ld+json\" class=\"yoast-schema-graph\">{\"@context\":\"https:\\\/\\\/schema.org\",\"@graph\":[{\"@type\":\"WebPage\",\"@id\":\"https:\\\/\\\/tilk.bio\\\/fi\\\/verkkokauppa\\\/protect-me-kasvovoide\\\/\",\"url\":\"https:\\\/\\\/tilk.bio\\\/fi\\\/verkkokauppa\\\/protect-me-kasvovoide\\\/\",\"name\":\"Protect Me - keh\u00e4kukkaa sis\u00e4lt\u00e4v\u00e4 kasvovoide herk\u00e4lle iholle - Tilk!\",\"isPartOf\":{\"@id\":\"https:\\\/\\\/tilk.bio\\\/et\\\/#website\"},\"primaryImageOfPage\":{\"@id\":\"https:\\\/\\\/tilk.bio\\\/fi\\\/verkkokauppa\\\/protect-me-kasvovoide\\\/#primaryimage\"},\"image\":{\"@id\":\"https:\\\/\\\/tilk.bio\\\/fi\\\/verkkokauppa\\\/protect-me-kasvovoide\\\/#primaryimage\"},\"thumbnailUrl\":\"https:\\\/\\\/tilk.bio\\\/wp-content\\\/uploads\\\/2018\\\/08\\\/4.jpg\",\"datePublished\":\"2017-11-10T18:00:12+00:00\",\"dateModified\":\"2026-04-12T19:30:06+00:00\",\"breadcrumb\":{\"@id\":\"https:\\\/\\\/tilk.bio\\\/fi\\\/verkkokauppa\\\/protect-me-kasvovoide\\\/#breadcrumb\"},\"inLanguage\":\"fi\",\"potentialAction\":[{\"@type\":\"ReadAction\",\"target\":[\"https:\\\/\\\/tilk.bio\\\/fi\\\/verkkokauppa\\\/protect-me-kasvovoide\\\/\"]}]},{\"@type\":\"ImageObject\",\"inLanguage\":\"fi\",\"@id\":\"https:\\\/\\\/tilk.bio\\\/fi\\\/verkkokauppa\\\/protect-me-kasvovoide\\\/#primaryimage\",\"url\":\"https:\\\/\\\/tilk.bio\\\/wp-content\\\/uploads\\\/2018\\\/08\\\/4.jpg\",\"contentUrl\":\"https:\\\/\\\/tilk.bio\\\/wp-content\\\/uploads\\\/2018\\\/08\\\/4.jpg\",\"width\":1200,\"height\":1200},{\"@type\":\"BreadcrumbList\",\"@id\":\"https:\\\/\\\/tilk.bio\\\/fi\\\/verkkokauppa\\\/protect-me-kasvovoide\\\/#breadcrumb\",\"itemListElement\":[{\"@type\":\"ListItem\",\"position\":1,\"name\":\"Home\",\"item\":\"https:\\\/\\\/tilk.bio\\\/fi\\\/\"},{\"@type\":\"ListItem\",\"position\":2,\"name\":\"Verkkokauppa\",\"item\":\"https:\\\/\\\/tilk.bio\\\/fi\\\/verkkokauppa\\\/\"},{\"@type\":\"ListItem\",\"position\":3,\"name\":\"Protect Me &#8211; keh\u00e4kukkaa sis\u00e4lt\u00e4v\u00e4 kasvovoide herk\u00e4lle iholle\"}]},{\"@type\":\"WebSite\",\"@id\":\"https:\\\/\\\/tilk.bio\\\/et\\\/#website\",\"url\":\"https:\\\/\\\/tilk.bio\\\/et\\\/\",\"name\":\"Tilk!\",\"description\":\"Natural and sustainable skincare!\",\"potentialAction\":[{\"@type\":\"SearchAction\",\"target\":{\"@type\":\"EntryPoint\",\"urlTemplate\":\"https:\\\/\\\/tilk.bio\\\/et\\\/?s={search_term_string}\"},\"query-input\":{\"@type\":\"PropertyValueSpecification\",\"valueRequired\":true,\"valueName\":\"search_term_string\"}}],\"inLanguage\":\"fi\"}]}<\/script>\n<!-- \/ Yoast SEO plugin. -->","yoast_head_json":{"title":"Protect Me - keh\u00e4kukkaa sis\u00e4lt\u00e4v\u00e4 kasvovoide herk\u00e4lle iholle - Tilk!","robots":{"index":"index","follow":"follow","max-snippet":"max-snippet:-1","max-image-preview":"max-image-preview:large","max-video-preview":"max-video-preview:-1"},"canonical":"https:\/\/tilk.bio\/fi\/verkkokauppa\/protect-me-kasvovoide\/","og_locale":"fi_FI","og_type":"article","og_title":"Protect Me- kasvovoide rauhoittaa ja suojaa herkk\u00e4\u00e4 ihoa.","og_description":"Protect Me- kasvovoide rauhoittaa ja suojaa herkk\u00e4\u00e4 ihoa. Aloe Veran ja keh\u00e4kukan bioaktiivisilla ainesosilla on rauhoittava vaikutus iholle, mehil\u00e4isvaha puolestaan luo iholle suojaavan kerroksen, joka rauhoittaa ihoa ulkoisista vaikutteista huolimatta.","og_url":"https:\/\/tilk.bio\/fi\/verkkokauppa\/protect-me-kasvovoide\/","og_site_name":"Tilk!","article_publisher":"https:\/\/www.facebook.com\/tilk.bio\/","article_modified_time":"2026-04-12T19:30:06+00:00","og_image":[{"width":1000,"height":1000,"url":"https:\/\/tilk.bio\/wp-content\/uploads\/2015\/11\/tilk_1.jpg","type":"image\/jpeg"}],"twitter_card":"summary_large_image","twitter_description":"Protect Me- kasvovoide rauhoittaa ja suojaa herkk\u00e4\u00e4 ihoa. Aloe Veran ja keh\u00e4kukan bioaktiivisilla ainesosilla on rauhoittava vaikutus iholle, mehil\u00e4isvaha puolestaan luo iholle suojaavan kerroksen, joka rauhoittaa ihoa ulkoisista vaikutteista huolimatta.","twitter_misc":{"Arvioitu lukuaika":"1 minuutti"},"schema":{"@context":"https:\/\/schema.org","@graph":[{"@type":"WebPage","@id":"https:\/\/tilk.bio\/fi\/verkkokauppa\/protect-me-kasvovoide\/","url":"https:\/\/tilk.bio\/fi\/verkkokauppa\/protect-me-kasvovoide\/","name":"Protect Me - keh\u00e4kukkaa sis\u00e4lt\u00e4v\u00e4 kasvovoide herk\u00e4lle iholle - Tilk!","isPartOf":{"@id":"https:\/\/tilk.bio\/et\/#website"},"primaryImageOfPage":{"@id":"https:\/\/tilk.bio\/fi\/verkkokauppa\/protect-me-kasvovoide\/#primaryimage"},"image":{"@id":"https:\/\/tilk.bio\/fi\/verkkokauppa\/protect-me-kasvovoide\/#primaryimage"},"thumbnailUrl":"https:\/\/tilk.bio\/wp-content\/uploads\/2018\/08\/4.jpg","datePublished":"2017-11-10T18:00:12+00:00","dateModified":"2026-04-12T19:30:06+00:00","breadcrumb":{"@id":"https:\/\/tilk.bio\/fi\/verkkokauppa\/protect-me-kasvovoide\/#breadcrumb"},"inLanguage":"fi","potentialAction":[{"@type":"ReadAction","target":["https:\/\/tilk.bio\/fi\/verkkokauppa\/protect-me-kasvovoide\/"]}]},{"@type":"ImageObject","inLanguage":"fi","@id":"https:\/\/tilk.bio\/fi\/verkkokauppa\/protect-me-kasvovoide\/#primaryimage","url":"https:\/\/tilk.bio\/wp-content\/uploads\/2018\/08\/4.jpg","contentUrl":"https:\/\/tilk.bio\/wp-content\/uploads\/2018\/08\/4.jpg","width":1200,"height":1200},{"@type":"BreadcrumbList","@id":"https:\/\/tilk.bio\/fi\/verkkokauppa\/protect-me-kasvovoide\/#breadcrumb","itemListElement":[{"@type":"ListItem","position":1,"name":"Home","item":"https:\/\/tilk.bio\/fi\/"},{"@type":"ListItem","position":2,"name":"Verkkokauppa","item":"https:\/\/tilk.bio\/fi\/verkkokauppa\/"},{"@type":"ListItem","position":3,"name":"Protect Me &#8211; keh\u00e4kukkaa sis\u00e4lt\u00e4v\u00e4 kasvovoide herk\u00e4lle iholle"}]},{"@type":"WebSite","@id":"https:\/\/tilk.bio\/et\/#website","url":"https:\/\/tilk.bio\/et\/","name":"Tilk!","description":"Natural and sustainable skincare!","potentialAction":[{"@type":"SearchAction","target":{"@type":"EntryPoint","urlTemplate":"https:\/\/tilk.bio\/et\/?s={search_term_string}"},"query-input":{"@type":"PropertyValueSpecification","valueRequired":true,"valueName":"search_term_string"}}],"inLanguage":"fi"}]}},"_links":{"self":[{"href":"https:\/\/tilk.bio\/fi\/wp-json\/wp\/v2\/product\/22720","targetHints":{"allow":["GET"]}}],"collection":[{"href":"https:\/\/tilk.bio\/fi\/wp-json\/wp\/v2\/product"}],"about":[{"href":"https:\/\/tilk.bio\/fi\/wp-json\/wp\/v2\/types\/product"}],"replies":[{"embeddable":true,"href":"https:\/\/tilk.bio\/fi\/wp-json\/wp\/v2\/comments?post=22720"}],"wp:featuredmedia":[{"embeddable":true,"href":"https:\/\/tilk.bio\/fi\/wp-json\/wp\/v2\/media\/67428"}],"wp:attachment":[{"href":"https:\/\/tilk.bio\/fi\/wp-json\/wp\/v2\/media?parent=22720"}],"wp:term":[{"taxonomy":"product_brand","embeddable":true,"href":"https:\/\/tilk.bio\/fi\/wp-json\/wp\/v2\/product_brand?post=22720"},{"taxonomy":"product_cat","embeddable":true,"href":"https:\/\/tilk.bio\/fi\/wp-json\/wp\/v2\/product_cat?post=22720"},{"taxonomy":"product_tag","embeddable":true,"href":"https:\/\/tilk.bio\/fi\/wp-json\/wp\/v2\/product_tag?post=22720"}],"curies":[{"name":"wp","href":"https:\/\/api.w.org\/{rel}","templated":true}]}}