{"id":22731,"date":"2011-12-14T22:32:29","date_gmt":"2011-12-14T20:32:29","guid":{"rendered":"https:\/\/tilk.bio\/shop\/tilk-lahjakortti\/"},"modified":"2022-02-18T17:21:19","modified_gmt":"2022-02-18T15:21:19","slug":"tilk-lahjakortti","status":"publish","type":"product","link":"https:\/\/tilk.bio\/fi\/verkkokauppa\/tilk-lahjakortti\/","title":{"rendered":"Tilk! Lahjakortti"},"content":{"rendered":"","protected":false},"excerpt":{"rendered":"<p class=\"p1\"><span class=\"s1\">Teimme lahjan valitsemisen viel\u00e4kin helpommaksi! Osta lahjakortti ja sinun ei tarvitse en\u00e4\u00e4 p\u00e4hk\u00e4ill\u00e4 ja etsi\u00e4 sopivaa lahjaa, lahjakortin saaja valitsee itse ihotyypilleen sopivan luonnollisen ihonhoitotuotteen. Lahjakortti on ratkaisu viimeisen hetken paniikki ostoksiin ja se sopii t\u00e4ydellisesti \u00e4idille, yst\u00e4v\u00e4lle tai vaimolle. <\/span><\/p>\n<p class=\"p1\"><span class=\"s1\"><strong>L\u00e4het\u00e4mme lahjakortin s\u00e4hk\u00f6postiin, joten voit tulostaa sen k\u00e4tev\u00e4sti, vaikka heti<\/strong> <\/span><span class=\"s2\">\ud83d\ude09<\/span><\/p>\n","protected":false},"featured_media":44427,"comment_status":"closed","ping_status":"closed","template":"","meta":{"_acf_changed":false},"product_brand":[],"product_cat":[501,434,730],"product_tag":[],"class_list":{"0":"post-22731","1":"product","2":"type-product","3":"status-publish","4":"has-post-thumbnail","6":"product_cat-kaikki-tuotteet","7":"product_cat-lahjakortti","8":"product_cat-tilk-herbal-fi","10":"first","11":"instock","12":"taxable","13":"shipping-taxable","14":"purchasable","15":"product-type-variable","16":"has-default-attributes"},"acf":[],"yoast_head":"<!-- This site is optimized with the Yoast SEO plugin v27.4 - https:\/\/yoast.com\/product\/yoast-seo-wordpress\/ -->\n<title>Tilk! Lahjakortti - Tilk!<\/title>\n<meta name=\"robots\" content=\"index, follow, max-snippet:-1, max-image-preview:large, max-video-preview:-1\" \/>\n<link rel=\"canonical\" href=\"https:\/\/tilk.bio\/verkkokauppa\/gift-card-someone-special\/\" \/>\n<meta property=\"og:locale\" content=\"fi_FI\" \/>\n<meta property=\"og:type\" content=\"article\" \/>\n<meta property=\"og:title\" content=\"Tilk! Lahjakortti - Tilk!\" \/>\n<meta property=\"og:description\" content=\"Tilk! Lahjakortti\" \/>\n<meta property=\"og:url\" content=\"https:\/\/tilk.bio\/verkkokauppa\/gift-card-someone-special\/\" \/>\n<meta property=\"og:site_name\" content=\"Tilk!\" \/>\n<meta property=\"article:publisher\" content=\"https:\/\/www.facebook.com\/tilk.bio\/\" \/>\n<meta property=\"article:modified_time\" content=\"2022-02-18T15:21:19+00:00\" \/>\n<meta property=\"og:image\" content=\"https:\/\/tilk.bio\/wp-content\/uploads\/2017\/12\/Tilk_lahjakortti.jpg\" \/>\n\t<meta property=\"og:image:width\" content=\"1753\" \/>\n\t<meta property=\"og:image:height\" content=\"1240\" \/>\n\t<meta property=\"og:image:type\" content=\"image\/jpeg\" \/>\n<meta name=\"twitter:card\" content=\"summary_large_image\" \/>\n<script type=\"application\/ld+json\" class=\"yoast-schema-graph\">{\"@context\":\"https:\\\/\\\/schema.org\",\"@graph\":[{\"@type\":\"WebPage\",\"@id\":\"https:\\\/\\\/tilk.bio\\\/verkkokauppa\\\/gift-card-someone-special\\\/\",\"url\":\"https:\\\/\\\/tilk.bio\\\/verkkokauppa\\\/gift-card-someone-special\\\/\",\"name\":\"Tilk! Lahjakortti - Tilk!\",\"isPartOf\":{\"@id\":\"https:\\\/\\\/tilk.bio\\\/et\\\/#website\"},\"primaryImageOfPage\":{\"@id\":\"https:\\\/\\\/tilk.bio\\\/verkkokauppa\\\/gift-card-someone-special\\\/#primaryimage\"},\"image\":{\"@id\":\"https:\\\/\\\/tilk.bio\\\/verkkokauppa\\\/gift-card-someone-special\\\/#primaryimage\"},\"thumbnailUrl\":\"https:\\\/\\\/tilk.bio\\\/wp-content\\\/uploads\\\/2017\\\/12\\\/Tilk_lahjakortti.jpg\",\"datePublished\":\"2011-12-14T20:32:29+00:00\",\"dateModified\":\"2022-02-18T15:21:19+00:00\",\"breadcrumb\":{\"@id\":\"https:\\\/\\\/tilk.bio\\\/verkkokauppa\\\/gift-card-someone-special\\\/#breadcrumb\"},\"inLanguage\":\"fi\",\"potentialAction\":[{\"@type\":\"ReadAction\",\"target\":[\"https:\\\/\\\/tilk.bio\\\/verkkokauppa\\\/gift-card-someone-special\\\/\"]}]},{\"@type\":\"ImageObject\",\"inLanguage\":\"fi\",\"@id\":\"https:\\\/\\\/tilk.bio\\\/verkkokauppa\\\/gift-card-someone-special\\\/#primaryimage\",\"url\":\"https:\\\/\\\/tilk.bio\\\/wp-content\\\/uploads\\\/2017\\\/12\\\/Tilk_lahjakortti.jpg\",\"contentUrl\":\"https:\\\/\\\/tilk.bio\\\/wp-content\\\/uploads\\\/2017\\\/12\\\/Tilk_lahjakortti.jpg\",\"width\":1753,\"height\":1240},{\"@type\":\"BreadcrumbList\",\"@id\":\"https:\\\/\\\/tilk.bio\\\/verkkokauppa\\\/gift-card-someone-special\\\/#breadcrumb\",\"itemListElement\":[{\"@type\":\"ListItem\",\"position\":1,\"name\":\"Home\",\"item\":\"https:\\\/\\\/tilk.bio\\\/fi\\\/\"},{\"@type\":\"ListItem\",\"position\":2,\"name\":\"Verkkokauppa\",\"item\":\"https:\\\/\\\/tilk.bio\\\/fi\\\/verkkokauppa\\\/\"},{\"@type\":\"ListItem\",\"position\":3,\"name\":\"Tilk! Lahjakortti\"}]},{\"@type\":\"WebSite\",\"@id\":\"https:\\\/\\\/tilk.bio\\\/et\\\/#website\",\"url\":\"https:\\\/\\\/tilk.bio\\\/et\\\/\",\"name\":\"Tilk!\",\"description\":\"Natural and sustainable skincare!\",\"potentialAction\":[{\"@type\":\"SearchAction\",\"target\":{\"@type\":\"EntryPoint\",\"urlTemplate\":\"https:\\\/\\\/tilk.bio\\\/et\\\/?s={search_term_string}\"},\"query-input\":{\"@type\":\"PropertyValueSpecification\",\"valueRequired\":true,\"valueName\":\"search_term_string\"}}],\"inLanguage\":\"fi\"}]}<\/script>\n<!-- \/ Yoast SEO plugin. -->","yoast_head_json":{"title":"Tilk! Lahjakortti - Tilk!","robots":{"index":"index","follow":"follow","max-snippet":"max-snippet:-1","max-image-preview":"max-image-preview:large","max-video-preview":"max-video-preview:-1"},"canonical":"https:\/\/tilk.bio\/verkkokauppa\/gift-card-someone-special\/","og_locale":"fi_FI","og_type":"article","og_title":"Tilk! Lahjakortti - Tilk!","og_description":"Tilk! Lahjakortti","og_url":"https:\/\/tilk.bio\/verkkokauppa\/gift-card-someone-special\/","og_site_name":"Tilk!","article_publisher":"https:\/\/www.facebook.com\/tilk.bio\/","article_modified_time":"2022-02-18T15:21:19+00:00","og_image":[{"width":1753,"height":1240,"url":"https:\/\/tilk.bio\/wp-content\/uploads\/2017\/12\/Tilk_lahjakortti.jpg","type":"image\/jpeg"}],"twitter_card":"summary_large_image","schema":{"@context":"https:\/\/schema.org","@graph":[{"@type":"WebPage","@id":"https:\/\/tilk.bio\/verkkokauppa\/gift-card-someone-special\/","url":"https:\/\/tilk.bio\/verkkokauppa\/gift-card-someone-special\/","name":"Tilk! Lahjakortti - Tilk!","isPartOf":{"@id":"https:\/\/tilk.bio\/et\/#website"},"primaryImageOfPage":{"@id":"https:\/\/tilk.bio\/verkkokauppa\/gift-card-someone-special\/#primaryimage"},"image":{"@id":"https:\/\/tilk.bio\/verkkokauppa\/gift-card-someone-special\/#primaryimage"},"thumbnailUrl":"https:\/\/tilk.bio\/wp-content\/uploads\/2017\/12\/Tilk_lahjakortti.jpg","datePublished":"2011-12-14T20:32:29+00:00","dateModified":"2022-02-18T15:21:19+00:00","breadcrumb":{"@id":"https:\/\/tilk.bio\/verkkokauppa\/gift-card-someone-special\/#breadcrumb"},"inLanguage":"fi","potentialAction":[{"@type":"ReadAction","target":["https:\/\/tilk.bio\/verkkokauppa\/gift-card-someone-special\/"]}]},{"@type":"ImageObject","inLanguage":"fi","@id":"https:\/\/tilk.bio\/verkkokauppa\/gift-card-someone-special\/#primaryimage","url":"https:\/\/tilk.bio\/wp-content\/uploads\/2017\/12\/Tilk_lahjakortti.jpg","contentUrl":"https:\/\/tilk.bio\/wp-content\/uploads\/2017\/12\/Tilk_lahjakortti.jpg","width":1753,"height":1240},{"@type":"BreadcrumbList","@id":"https:\/\/tilk.bio\/verkkokauppa\/gift-card-someone-special\/#breadcrumb","itemListElement":[{"@type":"ListItem","position":1,"name":"Home","item":"https:\/\/tilk.bio\/fi\/"},{"@type":"ListItem","position":2,"name":"Verkkokauppa","item":"https:\/\/tilk.bio\/fi\/verkkokauppa\/"},{"@type":"ListItem","position":3,"name":"Tilk! Lahjakortti"}]},{"@type":"WebSite","@id":"https:\/\/tilk.bio\/et\/#website","url":"https:\/\/tilk.bio\/et\/","name":"Tilk!","description":"Natural and sustainable skincare!","potentialAction":[{"@type":"SearchAction","target":{"@type":"EntryPoint","urlTemplate":"https:\/\/tilk.bio\/et\/?s={search_term_string}"},"query-input":{"@type":"PropertyValueSpecification","valueRequired":true,"valueName":"search_term_string"}}],"inLanguage":"fi"}]}},"_links":{"self":[{"href":"https:\/\/tilk.bio\/fi\/wp-json\/wp\/v2\/product\/22731","targetHints":{"allow":["GET"]}}],"collection":[{"href":"https:\/\/tilk.bio\/fi\/wp-json\/wp\/v2\/product"}],"about":[{"href":"https:\/\/tilk.bio\/fi\/wp-json\/wp\/v2\/types\/product"}],"replies":[{"embeddable":true,"href":"https:\/\/tilk.bio\/fi\/wp-json\/wp\/v2\/comments?post=22731"}],"wp:featuredmedia":[{"embeddable":true,"href":"https:\/\/tilk.bio\/fi\/wp-json\/wp\/v2\/media\/44427"}],"wp:attachment":[{"href":"https:\/\/tilk.bio\/fi\/wp-json\/wp\/v2\/media?parent=22731"}],"wp:term":[{"taxonomy":"product_brand","embeddable":true,"href":"https:\/\/tilk.bio\/fi\/wp-json\/wp\/v2\/product_brand?post=22731"},{"taxonomy":"product_cat","embeddable":true,"href":"https:\/\/tilk.bio\/fi\/wp-json\/wp\/v2\/product_cat?post=22731"},{"taxonomy":"product_tag","embeddable":true,"href":"https:\/\/tilk.bio\/fi\/wp-json\/wp\/v2\/product_tag?post=22731"}],"curies":[{"name":"wp","href":"https:\/\/api.w.org\/{rel}","templated":true}]}}