{"id":22744,"date":"2017-11-21T18:52:29","date_gmt":"2017-11-21T16:52:29","guid":{"rendered":"https:\/\/tilk.bio\/shop\/moisturise-me-kasvovoide-kuivalle-iholle\/"},"modified":"2026-04-19T21:15:11","modified_gmt":"2026-04-19T18:15:11","slug":"moisturise-me-kasvovoide-kuivalle-iholle","status":"publish","type":"product","link":"https:\/\/tilk.bio\/fi\/verkkokauppa\/moisturise-me-kasvovoide-kuivalle-iholle\/","title":{"rendered":"Moisturise Me &#8211; sheavoita sis\u00e4lt\u00e4v\u00e4 kasvovoide kuivalle iholle"},"content":{"rendered":"<p>Moisturise Me -kasvovoiteen kookos\u00f6ljy ja sheavoi kosteuttavat kuivaa ja herkk\u00e4\u00e4 ihoa, lis\u00e4\u00e4v\u00e4t sen kimmoisuutta sek\u00e4 suojaavat sit\u00e4 \u00e4rsytykselt\u00e4 ja tulehduksilta.<\/p>\n<p>Kamomillan sis\u00e4lt\u00e4m\u00e4 kamatsuleeni rauhoittaa kuivaa, hilseilev\u00e4\u00e4 ja \u00e4rtynytt\u00e4 ihoa sek\u00e4 uudistaa kudoksia. Lis\u00e4ksi kamomillan bioaktiiviset ainesosat palauttavat ihon luonnollisen hehkun ja tasapainon. Jojoba\u00f6ljy antaa iholle sen tarvitsemia vitamiineja ja mineraaleja sek\u00e4 taistelee vapaita radikaaleja vastaan. Kaakaovoi huolehtii lis\u00e4kosteutuksesta muuttaen ihon silkkisen pehme\u00e4ksi. Voiteen tuoksu on raikas sekoitus laventelia ja kamomillaa.<\/p>\n<p>K\u00e4ytt\u00f6: Soveltuu kasvojen p\u00e4ivitt\u00e4iseen hoitoon ja kosteutukseen. K\u00e4yt\u00e4 kasvojen puhdistuksen j\u00e4lkeen. Ihanteellinen kuivalle ja herk\u00e4lle iholle.<\/p>\n<p>Tuotteen kaikki ainesosat ovat luontaista ja vegaanista alkuper\u00e4\u00e4. Tuotteessa on k\u00e4ytetty Saarenmaalta k\u00e4sin poimituista kasveista saatuja \u00f6ljyj\u00e4.<\/p>\n<p>S\u00e4ilytys huoneenl\u00e4mm\u00f6ss\u00e4.<\/p>\n<p>Koko: 10ml\/50ml<\/p>\n<p>&nbsp;<\/p>\n<p><a ref=\"magnificPopup\" href=\"https:\/\/tilk.bio\/wp-content\/uploads\/2016\/01\/Vegan_sign-07.png\"><img loading=\"lazy\" decoding=\"async\" class=\"alignnone wp-image-22658\" src=\"https:\/\/tilk.bio\/wp-content\/uploads\/2016\/01\/Vegan_sign-07.png\" alt=\"\" width=\"65\" height=\"65\" srcset=\"https:\/\/tilk.bio\/wp-content\/uploads\/2016\/01\/Vegan_sign-07.png 165w, https:\/\/tilk.bio\/wp-content\/uploads\/2016\/01\/Vegan_sign-07-150x150.png 150w\" sizes=\"auto, (max-width: 65px) 100vw, 65px\" \/>\u00a0\u00a0<\/a><a ref=\"magnificPopup\" href=\"https:\/\/tilk.bio\/wp-content\/uploads\/2015\/11\/sisaltaa_puisen_lastan_anim.gif\"><img loading=\"lazy\" decoding=\"async\" class=\"alignnone wp-image-23764\" src=\"https:\/\/tilk.bio\/wp-content\/uploads\/2015\/11\/sisaltaa_puisen_lastan_anim.gif\" alt=\"\" width=\"95\" height=\"83\" \/><\/a><a ref=\"magnificPopup\" href=\"https:\/\/tilk.bio\/wp-content\/uploads\/2018\/08\/package_anim_FIN.gif\"><img loading=\"lazy\" decoding=\"async\" class=\"alignnone wp-image-23966\" src=\"https:\/\/tilk.bio\/wp-content\/uploads\/2018\/08\/package_anim_FIN.gif\" alt=\"\" width=\"113\" height=\"90\" \/><\/a><\/p>\n","protected":false},"excerpt":{"rendered":"<p>Moisturise Me -kasvovoiteen kookos\u00f6ljy ja sheavoi kosteuttavat kuivaa ja herkk\u00e4\u00e4 ihoa, lis\u00e4\u00e4v\u00e4t sen kimmoisuutta sek\u00e4 suojaavat sit\u00e4 \u00e4rsytykselt\u00e4 ja tulehduksilta. Kamomillan sis\u00e4lt\u00e4m\u00e4 kamatsuleeni rauhoittaa kuivaa, hilseilev\u00e4\u00e4 ja \u00e4rtynytt\u00e4 ihoa sek\u00e4 uudistaa kudoksia. Lis\u00e4ksi kamomillan bioaktiiviset ainesosat palauttavat ihon luonnollisen hehkun ja tasapainon. Jojoba\u00f6ljy antaa iholle sen tarvitsemia vitamiineja ja mineraaleja sek\u00e4 taistelee vapaita radikaaleja vastaan&#8230;.<\/p>\n","protected":false},"featured_media":67436,"comment_status":"open","ping_status":"closed","template":"","meta":{"_acf_changed":false},"product_brand":[],"product_cat":[501,512,630,737,979,671],"product_tag":[],"class_list":{"0":"post-22744","1":"product","2":"type-product","3":"status-publish","4":"has-post-thumbnail","6":"product_cat-kaikki-tuotteet","7":"product_cat-kasvohoito","8":"product_cat-kasvovoiteet","9":"product_cat-kuiva-iho","10":"product_cat-shea-butter","11":"product_cat-spaattelin-mahdollisuus","13":"first","14":"instock","15":"taxable","16":"shipping-taxable","17":"purchasable","18":"product-type-variable"},"acf":[],"yoast_head":"<!-- This site is optimized with the Yoast SEO plugin v27.4 - https:\/\/yoast.com\/product\/yoast-seo-wordpress\/ -->\n<title>Moisturise Me - sheavoita sis\u00e4lt\u00e4v\u00e4 kasvovoide kuivalle iholle - Tilk!<\/title>\n<meta name=\"description\" content=\"Kasvovoide kosteuttaa ja suojaa kuivaa ihoa. Kamomillan bioaktiiviset ainesosat auttavat palauttamaan ihon luonnollisen kosteus tasapainon ja hehkun.\" \/>\n<meta name=\"robots\" content=\"index, follow, max-snippet:-1, max-image-preview:large, max-video-preview:-1\" \/>\n<link rel=\"canonical\" href=\"https:\/\/tilk.bio\/fi\/verkkokauppa\/moisturise-me-kasvovoide-kuivalle-iholle\/\" \/>\n<meta property=\"og:locale\" content=\"fi_FI\" \/>\n<meta property=\"og:type\" content=\"article\" \/>\n<meta property=\"og:title\" content=\"Moisturise Me - kasvovoide kosteuttaa ja suojaa kuivaa ihoa.\" \/>\n<meta property=\"og:description\" content=\"Moisturise Me - kasvovoide kosteuttaa ja suojaa kuivaa ihoa. Kamomillan bioaktiiviset ainesosat auttavat palauttamaan ihon luonnollisen kosteus tasapainon ja hehkun.\" \/>\n<meta property=\"og:url\" content=\"https:\/\/tilk.bio\/fi\/verkkokauppa\/moisturise-me-kasvovoide-kuivalle-iholle\/\" \/>\n<meta property=\"og:site_name\" content=\"Tilk!\" \/>\n<meta property=\"article:publisher\" content=\"https:\/\/www.facebook.com\/tilk.bio\/\" \/>\n<meta property=\"article:modified_time\" content=\"2026-04-19T18:15:11+00:00\" \/>\n<meta property=\"og:image\" content=\"https:\/\/tilk.bio\/wp-content\/uploads\/2015\/11\/Tilk-Organic-Skincare-sd32.jpg\" \/>\n\t<meta property=\"og:image:width\" content=\"1000\" \/>\n\t<meta property=\"og:image:height\" content=\"667\" \/>\n\t<meta property=\"og:image:type\" content=\"image\/jpeg\" \/>\n<meta name=\"twitter:card\" content=\"summary_large_image\" \/>\n<meta name=\"twitter:description\" content=\"Moisturise Me - kasvovoide kosteuttaa ja suojaa kuivaa ihoa. Kamomillan bioaktiiviset ainesosat auttavat palauttamaan ihon luonnollisen kosteus tasapainon ja hehkun.\" \/>\n<meta name=\"twitter:label1\" content=\"Arvioitu lukuaika\" \/>\n\t<meta name=\"twitter:data1\" content=\"2 minuuttia\" \/>\n<script type=\"application\/ld+json\" class=\"yoast-schema-graph\">{\"@context\":\"https:\\\/\\\/schema.org\",\"@graph\":[{\"@type\":\"WebPage\",\"@id\":\"https:\\\/\\\/tilk.bio\\\/fi\\\/verkkokauppa\\\/moisturise-me-kasvovoide-kuivalle-iholle\\\/\",\"url\":\"https:\\\/\\\/tilk.bio\\\/fi\\\/verkkokauppa\\\/moisturise-me-kasvovoide-kuivalle-iholle\\\/\",\"name\":\"Moisturise Me - sheavoita sis\u00e4lt\u00e4v\u00e4 kasvovoide kuivalle iholle - Tilk!\",\"isPartOf\":{\"@id\":\"https:\\\/\\\/tilk.bio\\\/et\\\/#website\"},\"primaryImageOfPage\":{\"@id\":\"https:\\\/\\\/tilk.bio\\\/fi\\\/verkkokauppa\\\/moisturise-me-kasvovoide-kuivalle-iholle\\\/#primaryimage\"},\"image\":{\"@id\":\"https:\\\/\\\/tilk.bio\\\/fi\\\/verkkokauppa\\\/moisturise-me-kasvovoide-kuivalle-iholle\\\/#primaryimage\"},\"thumbnailUrl\":\"https:\\\/\\\/tilk.bio\\\/wp-content\\\/uploads\\\/2018\\\/08\\\/6.jpg\",\"datePublished\":\"2017-11-21T16:52:29+00:00\",\"dateModified\":\"2026-04-19T18:15:11+00:00\",\"description\":\"Kasvovoide kosteuttaa ja suojaa kuivaa ihoa. Kamomillan bioaktiiviset ainesosat auttavat palauttamaan ihon luonnollisen kosteus tasapainon ja hehkun.\",\"breadcrumb\":{\"@id\":\"https:\\\/\\\/tilk.bio\\\/fi\\\/verkkokauppa\\\/moisturise-me-kasvovoide-kuivalle-iholle\\\/#breadcrumb\"},\"inLanguage\":\"fi\",\"potentialAction\":[{\"@type\":\"ReadAction\",\"target\":[\"https:\\\/\\\/tilk.bio\\\/fi\\\/verkkokauppa\\\/moisturise-me-kasvovoide-kuivalle-iholle\\\/\"]}]},{\"@type\":\"ImageObject\",\"inLanguage\":\"fi\",\"@id\":\"https:\\\/\\\/tilk.bio\\\/fi\\\/verkkokauppa\\\/moisturise-me-kasvovoide-kuivalle-iholle\\\/#primaryimage\",\"url\":\"https:\\\/\\\/tilk.bio\\\/wp-content\\\/uploads\\\/2018\\\/08\\\/6.jpg\",\"contentUrl\":\"https:\\\/\\\/tilk.bio\\\/wp-content\\\/uploads\\\/2018\\\/08\\\/6.jpg\",\"width\":1200,\"height\":1200},{\"@type\":\"BreadcrumbList\",\"@id\":\"https:\\\/\\\/tilk.bio\\\/fi\\\/verkkokauppa\\\/moisturise-me-kasvovoide-kuivalle-iholle\\\/#breadcrumb\",\"itemListElement\":[{\"@type\":\"ListItem\",\"position\":1,\"name\":\"Home\",\"item\":\"https:\\\/\\\/tilk.bio\\\/fi\\\/\"},{\"@type\":\"ListItem\",\"position\":2,\"name\":\"Verkkokauppa\",\"item\":\"https:\\\/\\\/tilk.bio\\\/fi\\\/verkkokauppa\\\/\"},{\"@type\":\"ListItem\",\"position\":3,\"name\":\"Moisturise Me &#8211; sheavoita sis\u00e4lt\u00e4v\u00e4 kasvovoide kuivalle iholle\"}]},{\"@type\":\"WebSite\",\"@id\":\"https:\\\/\\\/tilk.bio\\\/et\\\/#website\",\"url\":\"https:\\\/\\\/tilk.bio\\\/et\\\/\",\"name\":\"Tilk!\",\"description\":\"Natural and sustainable skincare!\",\"potentialAction\":[{\"@type\":\"SearchAction\",\"target\":{\"@type\":\"EntryPoint\",\"urlTemplate\":\"https:\\\/\\\/tilk.bio\\\/et\\\/?s={search_term_string}\"},\"query-input\":{\"@type\":\"PropertyValueSpecification\",\"valueRequired\":true,\"valueName\":\"search_term_string\"}}],\"inLanguage\":\"fi\"}]}<\/script>\n<!-- \/ Yoast SEO plugin. -->","yoast_head_json":{"title":"Moisturise Me - sheavoita sis\u00e4lt\u00e4v\u00e4 kasvovoide kuivalle iholle - Tilk!","description":"Kasvovoide kosteuttaa ja suojaa kuivaa ihoa. Kamomillan bioaktiiviset ainesosat auttavat palauttamaan ihon luonnollisen kosteus tasapainon ja hehkun.","robots":{"index":"index","follow":"follow","max-snippet":"max-snippet:-1","max-image-preview":"max-image-preview:large","max-video-preview":"max-video-preview:-1"},"canonical":"https:\/\/tilk.bio\/fi\/verkkokauppa\/moisturise-me-kasvovoide-kuivalle-iholle\/","og_locale":"fi_FI","og_type":"article","og_title":"Moisturise Me - kasvovoide kosteuttaa ja suojaa kuivaa ihoa.","og_description":"Moisturise Me - kasvovoide kosteuttaa ja suojaa kuivaa ihoa. Kamomillan bioaktiiviset ainesosat auttavat palauttamaan ihon luonnollisen kosteus tasapainon ja hehkun.","og_url":"https:\/\/tilk.bio\/fi\/verkkokauppa\/moisturise-me-kasvovoide-kuivalle-iholle\/","og_site_name":"Tilk!","article_publisher":"https:\/\/www.facebook.com\/tilk.bio\/","article_modified_time":"2026-04-19T18:15:11+00:00","og_image":[{"width":1000,"height":667,"url":"https:\/\/tilk.bio\/wp-content\/uploads\/2015\/11\/Tilk-Organic-Skincare-sd32.jpg","type":"image\/jpeg"}],"twitter_card":"summary_large_image","twitter_description":"Moisturise Me - kasvovoide kosteuttaa ja suojaa kuivaa ihoa. Kamomillan bioaktiiviset ainesosat auttavat palauttamaan ihon luonnollisen kosteus tasapainon ja hehkun.","twitter_misc":{"Arvioitu lukuaika":"2 minuuttia"},"schema":{"@context":"https:\/\/schema.org","@graph":[{"@type":"WebPage","@id":"https:\/\/tilk.bio\/fi\/verkkokauppa\/moisturise-me-kasvovoide-kuivalle-iholle\/","url":"https:\/\/tilk.bio\/fi\/verkkokauppa\/moisturise-me-kasvovoide-kuivalle-iholle\/","name":"Moisturise Me - sheavoita sis\u00e4lt\u00e4v\u00e4 kasvovoide kuivalle iholle - Tilk!","isPartOf":{"@id":"https:\/\/tilk.bio\/et\/#website"},"primaryImageOfPage":{"@id":"https:\/\/tilk.bio\/fi\/verkkokauppa\/moisturise-me-kasvovoide-kuivalle-iholle\/#primaryimage"},"image":{"@id":"https:\/\/tilk.bio\/fi\/verkkokauppa\/moisturise-me-kasvovoide-kuivalle-iholle\/#primaryimage"},"thumbnailUrl":"https:\/\/tilk.bio\/wp-content\/uploads\/2018\/08\/6.jpg","datePublished":"2017-11-21T16:52:29+00:00","dateModified":"2026-04-19T18:15:11+00:00","description":"Kasvovoide kosteuttaa ja suojaa kuivaa ihoa. Kamomillan bioaktiiviset ainesosat auttavat palauttamaan ihon luonnollisen kosteus tasapainon ja hehkun.","breadcrumb":{"@id":"https:\/\/tilk.bio\/fi\/verkkokauppa\/moisturise-me-kasvovoide-kuivalle-iholle\/#breadcrumb"},"inLanguage":"fi","potentialAction":[{"@type":"ReadAction","target":["https:\/\/tilk.bio\/fi\/verkkokauppa\/moisturise-me-kasvovoide-kuivalle-iholle\/"]}]},{"@type":"ImageObject","inLanguage":"fi","@id":"https:\/\/tilk.bio\/fi\/verkkokauppa\/moisturise-me-kasvovoide-kuivalle-iholle\/#primaryimage","url":"https:\/\/tilk.bio\/wp-content\/uploads\/2018\/08\/6.jpg","contentUrl":"https:\/\/tilk.bio\/wp-content\/uploads\/2018\/08\/6.jpg","width":1200,"height":1200},{"@type":"BreadcrumbList","@id":"https:\/\/tilk.bio\/fi\/verkkokauppa\/moisturise-me-kasvovoide-kuivalle-iholle\/#breadcrumb","itemListElement":[{"@type":"ListItem","position":1,"name":"Home","item":"https:\/\/tilk.bio\/fi\/"},{"@type":"ListItem","position":2,"name":"Verkkokauppa","item":"https:\/\/tilk.bio\/fi\/verkkokauppa\/"},{"@type":"ListItem","position":3,"name":"Moisturise Me &#8211; sheavoita sis\u00e4lt\u00e4v\u00e4 kasvovoide kuivalle iholle"}]},{"@type":"WebSite","@id":"https:\/\/tilk.bio\/et\/#website","url":"https:\/\/tilk.bio\/et\/","name":"Tilk!","description":"Natural and sustainable skincare!","potentialAction":[{"@type":"SearchAction","target":{"@type":"EntryPoint","urlTemplate":"https:\/\/tilk.bio\/et\/?s={search_term_string}"},"query-input":{"@type":"PropertyValueSpecification","valueRequired":true,"valueName":"search_term_string"}}],"inLanguage":"fi"}]}},"_links":{"self":[{"href":"https:\/\/tilk.bio\/fi\/wp-json\/wp\/v2\/product\/22744","targetHints":{"allow":["GET"]}}],"collection":[{"href":"https:\/\/tilk.bio\/fi\/wp-json\/wp\/v2\/product"}],"about":[{"href":"https:\/\/tilk.bio\/fi\/wp-json\/wp\/v2\/types\/product"}],"replies":[{"embeddable":true,"href":"https:\/\/tilk.bio\/fi\/wp-json\/wp\/v2\/comments?post=22744"}],"wp:featuredmedia":[{"embeddable":true,"href":"https:\/\/tilk.bio\/fi\/wp-json\/wp\/v2\/media\/67436"}],"wp:attachment":[{"href":"https:\/\/tilk.bio\/fi\/wp-json\/wp\/v2\/media?parent=22744"}],"wp:term":[{"taxonomy":"product_brand","embeddable":true,"href":"https:\/\/tilk.bio\/fi\/wp-json\/wp\/v2\/product_brand?post=22744"},{"taxonomy":"product_cat","embeddable":true,"href":"https:\/\/tilk.bio\/fi\/wp-json\/wp\/v2\/product_cat?post=22744"},{"taxonomy":"product_tag","embeddable":true,"href":"https:\/\/tilk.bio\/fi\/wp-json\/wp\/v2\/product_tag?post=22744"}],"curies":[{"name":"wp","href":"https:\/\/api.w.org\/{rel}","templated":true}]}}