{"id":22768,"date":"2017-12-06T17:46:22","date_gmt":"2017-12-06T17:46:22","guid":{"rendered":"https:\/\/tilk.bio\/shop\/5-kasivoiteen-paketti-matkakokoinen-tuote\/"},"modified":"2026-02-08T10:15:05","modified_gmt":"2026-02-08T08:15:05","slug":"5-kasivoiteen-paketti-matkakokoinen-tuote","status":"publish","type":"product","link":"https:\/\/tilk.bio\/fi\/verkkokauppa\/5-kasivoiteen-paketti-matkakokoinen-tuote\/","title":{"rendered":"Love me \u2013 kosteuttava k\u00e4sivoide 5-pack (matkakoko)"},"content":{"rendered":"<p>PALKITUSTI PARAS<\/p>\n<p>Useasti palkittu asiakkaidemme suosikki, kosteuttava Love Me -k\u00e4sivoide on saatavilla my\u00f6s matkakokoisessa 5 kappaleen pakkauksessa. Yhdell\u00e4 pakkauksella kuivat k\u00e4tens\u00e4 hoitaa koko yst\u00e4v\u00e4joukko \u2013 t\u00e4st\u00e4 k\u00e4sivoiteesta pit\u00e4v\u00e4t kaikki!<\/p>\n<p>Love Me on vitamiinipitoinen k\u00e4sivoide, joka kosteuttaa kuivaa ihoa ja tekee k\u00e4sist\u00e4 silkinpehme\u00e4t. Kasvojen lis\u00e4ksi my\u00f6s k\u00e4det kertovat i\u00e4st\u00e4mme \u2013 k\u00e4sivoiteen s\u00e4\u00e4nn\u00f6llinen k\u00e4ytt\u00f6 hoitaa k\u00e4sien herkk\u00e4\u00e4 ihoa ja ehk\u00e4isee ryppyjen muodostumista.<\/p>\n<p>Tyrni\u00f6ljyn sis\u00e4lt\u00e4m\u00e4t C-, E-, K- ja P-vitamiinit pehment\u00e4v\u00e4t k\u00e4sien ihoa, lis\u00e4ksi tyrni\u00f6ljy nopeuttaa mikrohaavojen parantumista. Nokkosuutteen sis\u00e4lt\u00e4m\u00e4t A- ja C-vitamiinit vilkastavat k\u00e4sien verenkiertoa, lis\u00e4ksi nokkonen vahvistaa ihon rakennetta ja hoitaa \u00e4rtynytt\u00e4 ihoa. Antioksidanttipitoinen mangovoi syv\u00e4kosteuttaa ja lis\u00e4\u00e4 ihon luonnollista vastustuskyky\u00e4, peltokortteen bioaktiiviset ainesosat taas uudistavat ihon hydrolipidikalvoa ja hoitavat pintajuonteita tehden ihosta napakan ja kimmoisan. Kuivia k\u00e4si\u00e4 helliv\u00e4ss\u00e4 voiteessa on miellytt\u00e4v\u00e4 sitruksinen tuoksu.<\/p>\n<p>Tuotteen kaikki ainesosat ovat luontaista ja vegaanista alkuper\u00e4\u00e4. Tuotteessa on k\u00e4ytetty Saarenmaalta k\u00e4sin poimituista kasveista saatuja \u00f6ljyj\u00e4.<\/p>\n<p>S\u00e4ilytys huoneenl\u00e4mm\u00f6ss\u00e4.<\/p>\n<p>Koko: 5 x 10ml<\/p>\n","protected":false},"excerpt":{"rendered":"<p>PALKITUSTI PARAS Useasti palkittu asiakkaidemme suosikki, kosteuttava Love Me -k\u00e4sivoide on saatavilla my\u00f6s matkakokoisessa 5 kappaleen pakkauksessa. Yhdell\u00e4 pakkauksella kuivat k\u00e4tens\u00e4 hoitaa koko yst\u00e4v\u00e4joukko \u2013 t\u00e4st\u00e4 k\u00e4sivoiteesta pit\u00e4v\u00e4t kaikki! Love Me on vitamiinipitoinen k\u00e4sivoide, joka kosteuttaa kuivaa ihoa ja tekee k\u00e4sist\u00e4 silkinpehme\u00e4t. Kasvojen lis\u00e4ksi my\u00f6s k\u00e4det kertovat i\u00e4st\u00e4mme \u2013 k\u00e4sivoiteen s\u00e4\u00e4nn\u00f6llinen k\u00e4ytt\u00f6 hoitaa k\u00e4sien herkk\u00e4\u00e4&#8230;<\/p>\n","protected":false},"featured_media":67432,"comment_status":"open","ping_status":"closed","template":"","meta":{"_acf_changed":false},"product_brand":[],"product_cat":[505,501,737,506,508,730,503],"product_tag":[417],"class_list":{"0":"post-22768","1":"product","2":"type-product","3":"status-publish","4":"has-post-thumbnail","6":"product_cat-kadet","7":"product_cat-kaikki-tuotteet","8":"product_cat-kuiva-iho","9":"product_cat-lahjasetit","10":"product_cat-matkalle-mukaan","11":"product_cat-tilk-herbal-fi","12":"product_cat-vartalo","13":"product_tag-kasivoide","15":"first","16":"onbackorder","17":"sale","18":"taxable","19":"shipping-taxable","20":"purchasable","21":"product-type-simple"},"acf":[],"yoast_head":"<!-- This site is optimized with the Yoast SEO plugin v27.4 - https:\/\/yoast.com\/product\/yoast-seo-wordpress\/ -->\n<title>Love me \u2013 kosteuttava k\u00e4sivoide 5-pack (matkakoko) - Tilk! Moisturizing hand cream<\/title>\n<meta name=\"description\" content=\"T\u00e4m\u00e4 asiakkaidemme suosikki ja palkitusti paras tuotesarja on ratkaisu lahjaideaan viidelle yst\u00e4v\u00e4lle\" \/>\n<meta name=\"robots\" content=\"index, follow, max-snippet:-1, max-image-preview:large, max-video-preview:-1\" \/>\n<link rel=\"canonical\" href=\"https:\/\/tilk.bio\/verkkokauppa\/love-me-hand-cream-5-pack-travel-size\/\" \/>\n<meta property=\"og:locale\" content=\"fi_FI\" \/>\n<meta property=\"og:type\" content=\"article\" \/>\n<meta property=\"og:title\" content=\"matkakokoinen Love me \u2013 kosteuttava k\u00e4sivoide 5-pack\" \/>\n<meta property=\"og:description\" content=\"T\u00e4m\u00e4 asiakkaidemme suosikki ja palkitusti paras tuotesarja on ratkaisu lahjaideaan viidelle yst\u00e4v\u00e4lle\" \/>\n<meta property=\"og:url\" content=\"https:\/\/tilk.bio\/verkkokauppa\/love-me-hand-cream-5-pack-travel-size\/\" \/>\n<meta property=\"og:site_name\" content=\"Tilk!\" \/>\n<meta property=\"article:publisher\" content=\"https:\/\/www.facebook.com\/tilk.bio\/\" \/>\n<meta property=\"article:modified_time\" content=\"2026-02-08T08:15:05+00:00\" \/>\n<meta property=\"og:image\" content=\"https:\/\/tilk.bio\/wp-content\/uploads\/2015\/11\/loveme_1-1.png\" \/>\n\t<meta property=\"og:image:width\" content=\"640\" \/>\n\t<meta property=\"og:image:height\" content=\"481\" \/>\n\t<meta property=\"og:image:type\" content=\"image\/png\" \/>\n<meta name=\"twitter:card\" content=\"summary_large_image\" \/>\n<meta name=\"twitter:description\" content=\"T\u00e4m\u00e4 asiakkaidemme suosikki ja palkitusti paras tuotesarja on ratkaisu lahjaideaan viidelle yst\u00e4v\u00e4lle\" \/>\n<meta name=\"twitter:image\" content=\"https:\/\/tilk.bio\/wp-content\/uploads\/2016\/01\/naturaln-hand-cream-love-me.jpg\" \/>\n<meta name=\"twitter:label1\" content=\"Arvioitu lukuaika\" \/>\n\t<meta name=\"twitter:data1\" content=\"1 minuutti\" \/>\n<script type=\"application\/ld+json\" class=\"yoast-schema-graph\">{\"@context\":\"https:\\\/\\\/schema.org\",\"@graph\":[{\"@type\":\"WebPage\",\"@id\":\"https:\\\/\\\/tilk.bio\\\/verkkokauppa\\\/love-me-hand-cream-5-pack-travel-size\\\/\",\"url\":\"https:\\\/\\\/tilk.bio\\\/verkkokauppa\\\/love-me-hand-cream-5-pack-travel-size\\\/\",\"name\":\"Love me \u2013 kosteuttava k\u00e4sivoide 5-pack (matkakoko) - Tilk! Moisturizing hand cream\",\"isPartOf\":{\"@id\":\"https:\\\/\\\/tilk.bio\\\/et\\\/#website\"},\"primaryImageOfPage\":{\"@id\":\"https:\\\/\\\/tilk.bio\\\/verkkokauppa\\\/love-me-hand-cream-5-pack-travel-size\\\/#primaryimage\"},\"image\":{\"@id\":\"https:\\\/\\\/tilk.bio\\\/verkkokauppa\\\/love-me-hand-cream-5-pack-travel-size\\\/#primaryimage\"},\"thumbnailUrl\":\"https:\\\/\\\/tilk.bio\\\/wp-content\\\/uploads\\\/2018\\\/08\\\/5.jpg\",\"datePublished\":\"2017-12-06T17:46:22+00:00\",\"dateModified\":\"2026-02-08T08:15:05+00:00\",\"description\":\"T\u00e4m\u00e4 asiakkaidemme suosikki ja palkitusti paras tuotesarja on ratkaisu lahjaideaan viidelle yst\u00e4v\u00e4lle\",\"breadcrumb\":{\"@id\":\"https:\\\/\\\/tilk.bio\\\/verkkokauppa\\\/love-me-hand-cream-5-pack-travel-size\\\/#breadcrumb\"},\"inLanguage\":\"fi\",\"potentialAction\":[{\"@type\":\"ReadAction\",\"target\":[\"https:\\\/\\\/tilk.bio\\\/verkkokauppa\\\/love-me-hand-cream-5-pack-travel-size\\\/\"]}]},{\"@type\":\"ImageObject\",\"inLanguage\":\"fi\",\"@id\":\"https:\\\/\\\/tilk.bio\\\/verkkokauppa\\\/love-me-hand-cream-5-pack-travel-size\\\/#primaryimage\",\"url\":\"https:\\\/\\\/tilk.bio\\\/wp-content\\\/uploads\\\/2018\\\/08\\\/5.jpg\",\"contentUrl\":\"https:\\\/\\\/tilk.bio\\\/wp-content\\\/uploads\\\/2018\\\/08\\\/5.jpg\",\"width\":1200,\"height\":1200},{\"@type\":\"BreadcrumbList\",\"@id\":\"https:\\\/\\\/tilk.bio\\\/verkkokauppa\\\/love-me-hand-cream-5-pack-travel-size\\\/#breadcrumb\",\"itemListElement\":[{\"@type\":\"ListItem\",\"position\":1,\"name\":\"Home\",\"item\":\"https:\\\/\\\/tilk.bio\\\/fi\\\/\"},{\"@type\":\"ListItem\",\"position\":2,\"name\":\"Verkkokauppa\",\"item\":\"https:\\\/\\\/tilk.bio\\\/fi\\\/verkkokauppa\\\/\"},{\"@type\":\"ListItem\",\"position\":3,\"name\":\"Love me \u2013 kosteuttava k\u00e4sivoide 5-pack (matkakoko)\"}]},{\"@type\":\"WebSite\",\"@id\":\"https:\\\/\\\/tilk.bio\\\/et\\\/#website\",\"url\":\"https:\\\/\\\/tilk.bio\\\/et\\\/\",\"name\":\"Tilk!\",\"description\":\"Natural and sustainable skincare!\",\"potentialAction\":[{\"@type\":\"SearchAction\",\"target\":{\"@type\":\"EntryPoint\",\"urlTemplate\":\"https:\\\/\\\/tilk.bio\\\/et\\\/?s={search_term_string}\"},\"query-input\":{\"@type\":\"PropertyValueSpecification\",\"valueRequired\":true,\"valueName\":\"search_term_string\"}}],\"inLanguage\":\"fi\"}]}<\/script>\n<!-- \/ Yoast SEO plugin. -->","yoast_head_json":{"title":"Love me \u2013 kosteuttava k\u00e4sivoide 5-pack (matkakoko) - Tilk! Moisturizing hand cream","description":"T\u00e4m\u00e4 asiakkaidemme suosikki ja palkitusti paras tuotesarja on ratkaisu lahjaideaan viidelle yst\u00e4v\u00e4lle","robots":{"index":"index","follow":"follow","max-snippet":"max-snippet:-1","max-image-preview":"max-image-preview:large","max-video-preview":"max-video-preview:-1"},"canonical":"https:\/\/tilk.bio\/verkkokauppa\/love-me-hand-cream-5-pack-travel-size\/","og_locale":"fi_FI","og_type":"article","og_title":"matkakokoinen Love me \u2013 kosteuttava k\u00e4sivoide 5-pack","og_description":"T\u00e4m\u00e4 asiakkaidemme suosikki ja palkitusti paras tuotesarja on ratkaisu lahjaideaan viidelle yst\u00e4v\u00e4lle","og_url":"https:\/\/tilk.bio\/verkkokauppa\/love-me-hand-cream-5-pack-travel-size\/","og_site_name":"Tilk!","article_publisher":"https:\/\/www.facebook.com\/tilk.bio\/","article_modified_time":"2026-02-08T08:15:05+00:00","og_image":[{"width":640,"height":481,"url":"https:\/\/tilk.bio\/wp-content\/uploads\/2015\/11\/loveme_1-1.png","type":"image\/png"}],"twitter_card":"summary_large_image","twitter_description":"T\u00e4m\u00e4 asiakkaidemme suosikki ja palkitusti paras tuotesarja on ratkaisu lahjaideaan viidelle yst\u00e4v\u00e4lle","twitter_image":"https:\/\/tilk.bio\/wp-content\/uploads\/2016\/01\/naturaln-hand-cream-love-me.jpg","twitter_misc":{"Arvioitu lukuaika":"1 minuutti"},"schema":{"@context":"https:\/\/schema.org","@graph":[{"@type":"WebPage","@id":"https:\/\/tilk.bio\/verkkokauppa\/love-me-hand-cream-5-pack-travel-size\/","url":"https:\/\/tilk.bio\/verkkokauppa\/love-me-hand-cream-5-pack-travel-size\/","name":"Love me \u2013 kosteuttava k\u00e4sivoide 5-pack (matkakoko) - Tilk! Moisturizing hand cream","isPartOf":{"@id":"https:\/\/tilk.bio\/et\/#website"},"primaryImageOfPage":{"@id":"https:\/\/tilk.bio\/verkkokauppa\/love-me-hand-cream-5-pack-travel-size\/#primaryimage"},"image":{"@id":"https:\/\/tilk.bio\/verkkokauppa\/love-me-hand-cream-5-pack-travel-size\/#primaryimage"},"thumbnailUrl":"https:\/\/tilk.bio\/wp-content\/uploads\/2018\/08\/5.jpg","datePublished":"2017-12-06T17:46:22+00:00","dateModified":"2026-02-08T08:15:05+00:00","description":"T\u00e4m\u00e4 asiakkaidemme suosikki ja palkitusti paras tuotesarja on ratkaisu lahjaideaan viidelle yst\u00e4v\u00e4lle","breadcrumb":{"@id":"https:\/\/tilk.bio\/verkkokauppa\/love-me-hand-cream-5-pack-travel-size\/#breadcrumb"},"inLanguage":"fi","potentialAction":[{"@type":"ReadAction","target":["https:\/\/tilk.bio\/verkkokauppa\/love-me-hand-cream-5-pack-travel-size\/"]}]},{"@type":"ImageObject","inLanguage":"fi","@id":"https:\/\/tilk.bio\/verkkokauppa\/love-me-hand-cream-5-pack-travel-size\/#primaryimage","url":"https:\/\/tilk.bio\/wp-content\/uploads\/2018\/08\/5.jpg","contentUrl":"https:\/\/tilk.bio\/wp-content\/uploads\/2018\/08\/5.jpg","width":1200,"height":1200},{"@type":"BreadcrumbList","@id":"https:\/\/tilk.bio\/verkkokauppa\/love-me-hand-cream-5-pack-travel-size\/#breadcrumb","itemListElement":[{"@type":"ListItem","position":1,"name":"Home","item":"https:\/\/tilk.bio\/fi\/"},{"@type":"ListItem","position":2,"name":"Verkkokauppa","item":"https:\/\/tilk.bio\/fi\/verkkokauppa\/"},{"@type":"ListItem","position":3,"name":"Love me \u2013 kosteuttava k\u00e4sivoide 5-pack (matkakoko)"}]},{"@type":"WebSite","@id":"https:\/\/tilk.bio\/et\/#website","url":"https:\/\/tilk.bio\/et\/","name":"Tilk!","description":"Natural and sustainable skincare!","potentialAction":[{"@type":"SearchAction","target":{"@type":"EntryPoint","urlTemplate":"https:\/\/tilk.bio\/et\/?s={search_term_string}"},"query-input":{"@type":"PropertyValueSpecification","valueRequired":true,"valueName":"search_term_string"}}],"inLanguage":"fi"}]}},"_links":{"self":[{"href":"https:\/\/tilk.bio\/fi\/wp-json\/wp\/v2\/product\/22768","targetHints":{"allow":["GET"]}}],"collection":[{"href":"https:\/\/tilk.bio\/fi\/wp-json\/wp\/v2\/product"}],"about":[{"href":"https:\/\/tilk.bio\/fi\/wp-json\/wp\/v2\/types\/product"}],"replies":[{"embeddable":true,"href":"https:\/\/tilk.bio\/fi\/wp-json\/wp\/v2\/comments?post=22768"}],"wp:featuredmedia":[{"embeddable":true,"href":"https:\/\/tilk.bio\/fi\/wp-json\/wp\/v2\/media\/67432"}],"wp:attachment":[{"href":"https:\/\/tilk.bio\/fi\/wp-json\/wp\/v2\/media?parent=22768"}],"wp:term":[{"taxonomy":"product_brand","embeddable":true,"href":"https:\/\/tilk.bio\/fi\/wp-json\/wp\/v2\/product_brand?post=22768"},{"taxonomy":"product_cat","embeddable":true,"href":"https:\/\/tilk.bio\/fi\/wp-json\/wp\/v2\/product_cat?post=22768"},{"taxonomy":"product_tag","embeddable":true,"href":"https:\/\/tilk.bio\/fi\/wp-json\/wp\/v2\/product_tag?post=22768"}],"curies":[{"name":"wp","href":"https:\/\/api.w.org\/{rel}","templated":true}]}}