{"id":22788,"date":"2010-11-29T01:13:14","date_gmt":"2010-11-28T23:13:14","guid":{"rendered":"https:\/\/tilk.bio\/shop\/tilk-nordica-kit\/"},"modified":"2026-02-04T13:38:15","modified_gmt":"2026-02-04T11:38:15","slug":"tilk-nordica-kit","status":"publish","type":"product","link":"https:\/\/tilk.bio\/fi\/verkkokauppa\/tilk-nordica-kit\/","title":{"rendered":"Tilk! \u201cNordica Kit\u201d"},"content":{"rendered":"","protected":false},"excerpt":{"rendered":"<p class=\"p1\" style=\"text-align: center;\"><span class=\"s1\">Tilk! Nordica Kit on suunniteltu tilausty\u00f6n\u00e4 Nordica lentoyhti\u00f6lle. Tilk! Nordica Kit on uskollinen matkakumppani. Tuotesarjaan kuuluvat matkakokoiset tuotteet. Se on my\u00f6s ihanteellinen tapa kokeilla meid\u00e4n voiteita ja l\u00f6yt\u00e4\u00e4 omat kestosuosikit. Tuotesarjaan sis\u00e4ltyy vapaavalintainen p\u00e4iv\u00e4voide (10ml), yrttinen huulivoide (4,8ml) ja kasvokuorinta (10ml). <\/span><\/p>\n","protected":false},"featured_media":23650,"comment_status":"open","ping_status":"closed","template":"","meta":{"_acf_changed":false},"product_brand":[],"product_cat":[501,512,506,508,730],"product_tag":[427,424,425,402,422,414,423,413,428,426],"class_list":{"0":"post-22788","1":"product","2":"type-product","3":"status-publish","4":"has-post-thumbnail","6":"product_cat-kaikki-tuotteet","7":"product_cat-kasvohoito","8":"product_cat-lahjasetit","9":"product_cat-matkalle-mukaan","10":"product_cat-tilk-herbal-fi","11":"product_tag-ekologinen-kosmetiikka","12":"product_tag-herkka-iho","13":"product_tag-kasvovoide-fi","14":"product_tag-kuiva-iho","15":"product_tag-moisturise-me","16":"product_tag-sekaiho-fi","17":"product_tag-rasvainen-iho","18":"product_tag-normaali-iho","19":"product_tag-tuotesarja","20":"product_tag-voide-fi","22":"first","23":"instock","24":"taxable","25":"shipping-taxable","26":"purchasable","27":"product-type-variable"},"acf":[],"yoast_head":"<!-- This site is optimized with the Yoast SEO plugin v27.4 - https:\/\/yoast.com\/product\/yoast-seo-wordpress\/ -->\n<title>Tilk! \u201cNordica Kit\u201d - Tilk!<\/title>\n<meta name=\"description\" content=\"Tilk! Nordica Kit on suunniteltu tilausty\u00f6n\u00e4 Nordica lentoyhti\u00f6lle. Tilk! Nordica Kit on uskollinen matkakumppani, jonka tuotteisiin kuuluvat matkakokoiset tuotteet. Se on my\u00f6s ihanteellinen tapa kokeilla meid\u00e4n voiteita ja l\u00f6yt\u00e4\u00e4 omat kestosuosikit. Tuotesarjaan sis\u00e4ltyy vapaavalintainen p\u00e4iv\u00e4voide (10ml), yrttinen huulivoide (4,8ml) ja k\u00e4sivoide (10ml).\" \/>\n<meta name=\"robots\" content=\"index, follow, max-snippet:-1, max-image-preview:large, max-video-preview:-1\" \/>\n<link rel=\"canonical\" href=\"https:\/\/tilk.bio\/fi\/verkkokauppa\/tilk-nordica-kit\/\" \/>\n<meta property=\"og:locale\" content=\"fi_FI\" \/>\n<meta property=\"og:type\" content=\"article\" \/>\n<meta property=\"og:title\" content=\"Tilk! \u201cNordica Kit\u201d - Tilk!\" \/>\n<meta property=\"og:description\" content=\"Tilk! Nordica Kit on suunniteltu tilausty\u00f6n\u00e4 Nordica lentoyhti\u00f6lle. Tilk! Nordica Kit on uskollinen matkakumppani, jonka tuotteisiin kuuluvat matkakokoiset tuotteet. Se on my\u00f6s ihanteellinen tapa kokeilla meid\u00e4n voiteita ja l\u00f6yt\u00e4\u00e4 omat kestosuosikit. Tuotesarjaan sis\u00e4ltyy vapaavalintainen p\u00e4iv\u00e4voide (10ml), yrttinen huulivoide (4,8ml) ja k\u00e4sivoide (10ml).\" \/>\n<meta property=\"og:url\" content=\"https:\/\/tilk.bio\/fi\/verkkokauppa\/tilk-nordica-kit\/\" \/>\n<meta property=\"og:site_name\" content=\"Tilk!\" \/>\n<meta property=\"article:publisher\" content=\"https:\/\/www.facebook.com\/tilk.bio\/\" \/>\n<meta property=\"article:modified_time\" content=\"2026-02-04T11:38:15+00:00\" \/>\n<meta property=\"og:image\" content=\"https:\/\/tilk.bio\/wp-content\/uploads\/2010\/12\/1-1.jpg\" \/>\n\t<meta property=\"og:image:width\" content=\"1200\" \/>\n\t<meta property=\"og:image:height\" content=\"1200\" \/>\n\t<meta property=\"og:image:type\" content=\"image\/jpeg\" \/>\n<meta name=\"twitter:card\" content=\"summary_large_image\" \/>\n<meta name=\"twitter:description\" content=\"Tilk! Nordica Kit on suunniteltu tilausty\u00f6n\u00e4 Nordica lentoyhti\u00f6lle. Tilk! Nordica Kit on uskollinen matkakumppani, jonka tuotteisiin kuuluvat matkakokoiset tuotteet. Se on my\u00f6s ihanteellinen tapa kokeilla meid\u00e4n voiteita ja l\u00f6yt\u00e4\u00e4 omat kestosuosikit. Tuotesarjaan sis\u00e4ltyy vapaavalintainen p\u00e4iv\u00e4voide (10ml), yrttinen huulivoide (4,8ml) ja k\u00e4sivoide (10ml).\" \/>\n<meta name=\"twitter:image\" content=\"https:\/\/tilk.bio\/wp-content\/uploads\/2016\/01\/naturaln-hand-cream-love-me.jpg\" \/>\n<script type=\"application\/ld+json\" class=\"yoast-schema-graph\">{\"@context\":\"https:\\\/\\\/schema.org\",\"@graph\":[{\"@type\":\"WebPage\",\"@id\":\"https:\\\/\\\/tilk.bio\\\/fi\\\/verkkokauppa\\\/tilk-nordica-kit\\\/\",\"url\":\"https:\\\/\\\/tilk.bio\\\/fi\\\/verkkokauppa\\\/tilk-nordica-kit\\\/\",\"name\":\"Tilk! \u201cNordica Kit\u201d - Tilk!\",\"isPartOf\":{\"@id\":\"https:\\\/\\\/tilk.bio\\\/et\\\/#website\"},\"primaryImageOfPage\":{\"@id\":\"https:\\\/\\\/tilk.bio\\\/fi\\\/verkkokauppa\\\/tilk-nordica-kit\\\/#primaryimage\"},\"image\":{\"@id\":\"https:\\\/\\\/tilk.bio\\\/fi\\\/verkkokauppa\\\/tilk-nordica-kit\\\/#primaryimage\"},\"thumbnailUrl\":\"https:\\\/\\\/tilk.bio\\\/wp-content\\\/uploads\\\/2018\\\/07\\\/nordica2.png\",\"datePublished\":\"2010-11-28T23:13:14+00:00\",\"dateModified\":\"2026-02-04T11:38:15+00:00\",\"description\":\"Tilk! Nordica Kit on suunniteltu tilausty\u00f6n\u00e4 Nordica lentoyhti\u00f6lle. Tilk! Nordica Kit on uskollinen matkakumppani, jonka tuotteisiin kuuluvat matkakokoiset tuotteet. Se on my\u00f6s ihanteellinen tapa kokeilla meid\u00e4n voiteita ja l\u00f6yt\u00e4\u00e4 omat kestosuosikit. Tuotesarjaan sis\u00e4ltyy vapaavalintainen p\u00e4iv\u00e4voide (10ml), yrttinen huulivoide (4,8ml) ja k\u00e4sivoide (10ml).\",\"breadcrumb\":{\"@id\":\"https:\\\/\\\/tilk.bio\\\/fi\\\/verkkokauppa\\\/tilk-nordica-kit\\\/#breadcrumb\"},\"inLanguage\":\"fi\",\"potentialAction\":[{\"@type\":\"ReadAction\",\"target\":[\"https:\\\/\\\/tilk.bio\\\/fi\\\/verkkokauppa\\\/tilk-nordica-kit\\\/\"]}]},{\"@type\":\"ImageObject\",\"inLanguage\":\"fi\",\"@id\":\"https:\\\/\\\/tilk.bio\\\/fi\\\/verkkokauppa\\\/tilk-nordica-kit\\\/#primaryimage\",\"url\":\"https:\\\/\\\/tilk.bio\\\/wp-content\\\/uploads\\\/2018\\\/07\\\/nordica2.png\",\"contentUrl\":\"https:\\\/\\\/tilk.bio\\\/wp-content\\\/uploads\\\/2018\\\/07\\\/nordica2.png\",\"width\":920,\"height\":1100,\"caption\":\"skincare travel kit\"},{\"@type\":\"BreadcrumbList\",\"@id\":\"https:\\\/\\\/tilk.bio\\\/fi\\\/verkkokauppa\\\/tilk-nordica-kit\\\/#breadcrumb\",\"itemListElement\":[{\"@type\":\"ListItem\",\"position\":1,\"name\":\"Home\",\"item\":\"https:\\\/\\\/tilk.bio\\\/fi\\\/\"},{\"@type\":\"ListItem\",\"position\":2,\"name\":\"Verkkokauppa\",\"item\":\"https:\\\/\\\/tilk.bio\\\/fi\\\/verkkokauppa\\\/\"},{\"@type\":\"ListItem\",\"position\":3,\"name\":\"Tilk! \u201cNordica Kit\u201d\"}]},{\"@type\":\"WebSite\",\"@id\":\"https:\\\/\\\/tilk.bio\\\/et\\\/#website\",\"url\":\"https:\\\/\\\/tilk.bio\\\/et\\\/\",\"name\":\"Tilk!\",\"description\":\"Natural and sustainable skincare!\",\"potentialAction\":[{\"@type\":\"SearchAction\",\"target\":{\"@type\":\"EntryPoint\",\"urlTemplate\":\"https:\\\/\\\/tilk.bio\\\/et\\\/?s={search_term_string}\"},\"query-input\":{\"@type\":\"PropertyValueSpecification\",\"valueRequired\":true,\"valueName\":\"search_term_string\"}}],\"inLanguage\":\"fi\"}]}<\/script>\n<!-- \/ Yoast SEO plugin. -->","yoast_head_json":{"title":"Tilk! \u201cNordica Kit\u201d - Tilk!","description":"Tilk! Nordica Kit on suunniteltu tilausty\u00f6n\u00e4 Nordica lentoyhti\u00f6lle. Tilk! Nordica Kit on uskollinen matkakumppani, jonka tuotteisiin kuuluvat matkakokoiset tuotteet. Se on my\u00f6s ihanteellinen tapa kokeilla meid\u00e4n voiteita ja l\u00f6yt\u00e4\u00e4 omat kestosuosikit. Tuotesarjaan sis\u00e4ltyy vapaavalintainen p\u00e4iv\u00e4voide (10ml), yrttinen huulivoide (4,8ml) ja k\u00e4sivoide (10ml).","robots":{"index":"index","follow":"follow","max-snippet":"max-snippet:-1","max-image-preview":"max-image-preview:large","max-video-preview":"max-video-preview:-1"},"canonical":"https:\/\/tilk.bio\/fi\/verkkokauppa\/tilk-nordica-kit\/","og_locale":"fi_FI","og_type":"article","og_title":"Tilk! \u201cNordica Kit\u201d - Tilk!","og_description":"Tilk! Nordica Kit on suunniteltu tilausty\u00f6n\u00e4 Nordica lentoyhti\u00f6lle. Tilk! Nordica Kit on uskollinen matkakumppani, jonka tuotteisiin kuuluvat matkakokoiset tuotteet. Se on my\u00f6s ihanteellinen tapa kokeilla meid\u00e4n voiteita ja l\u00f6yt\u00e4\u00e4 omat kestosuosikit. Tuotesarjaan sis\u00e4ltyy vapaavalintainen p\u00e4iv\u00e4voide (10ml), yrttinen huulivoide (4,8ml) ja k\u00e4sivoide (10ml).","og_url":"https:\/\/tilk.bio\/fi\/verkkokauppa\/tilk-nordica-kit\/","og_site_name":"Tilk!","article_publisher":"https:\/\/www.facebook.com\/tilk.bio\/","article_modified_time":"2026-02-04T11:38:15+00:00","og_image":[{"width":1200,"height":1200,"url":"https:\/\/tilk.bio\/wp-content\/uploads\/2010\/12\/1-1.jpg","type":"image\/jpeg"}],"twitter_card":"summary_large_image","twitter_description":"Tilk! Nordica Kit on suunniteltu tilausty\u00f6n\u00e4 Nordica lentoyhti\u00f6lle. Tilk! Nordica Kit on uskollinen matkakumppani, jonka tuotteisiin kuuluvat matkakokoiset tuotteet. Se on my\u00f6s ihanteellinen tapa kokeilla meid\u00e4n voiteita ja l\u00f6yt\u00e4\u00e4 omat kestosuosikit. Tuotesarjaan sis\u00e4ltyy vapaavalintainen p\u00e4iv\u00e4voide (10ml), yrttinen huulivoide (4,8ml) ja k\u00e4sivoide (10ml).","twitter_image":"https:\/\/tilk.bio\/wp-content\/uploads\/2016\/01\/naturaln-hand-cream-love-me.jpg","schema":{"@context":"https:\/\/schema.org","@graph":[{"@type":"WebPage","@id":"https:\/\/tilk.bio\/fi\/verkkokauppa\/tilk-nordica-kit\/","url":"https:\/\/tilk.bio\/fi\/verkkokauppa\/tilk-nordica-kit\/","name":"Tilk! \u201cNordica Kit\u201d - Tilk!","isPartOf":{"@id":"https:\/\/tilk.bio\/et\/#website"},"primaryImageOfPage":{"@id":"https:\/\/tilk.bio\/fi\/verkkokauppa\/tilk-nordica-kit\/#primaryimage"},"image":{"@id":"https:\/\/tilk.bio\/fi\/verkkokauppa\/tilk-nordica-kit\/#primaryimage"},"thumbnailUrl":"https:\/\/tilk.bio\/wp-content\/uploads\/2018\/07\/nordica2.png","datePublished":"2010-11-28T23:13:14+00:00","dateModified":"2026-02-04T11:38:15+00:00","description":"Tilk! Nordica Kit on suunniteltu tilausty\u00f6n\u00e4 Nordica lentoyhti\u00f6lle. Tilk! Nordica Kit on uskollinen matkakumppani, jonka tuotteisiin kuuluvat matkakokoiset tuotteet. Se on my\u00f6s ihanteellinen tapa kokeilla meid\u00e4n voiteita ja l\u00f6yt\u00e4\u00e4 omat kestosuosikit. Tuotesarjaan sis\u00e4ltyy vapaavalintainen p\u00e4iv\u00e4voide (10ml), yrttinen huulivoide (4,8ml) ja k\u00e4sivoide (10ml).","breadcrumb":{"@id":"https:\/\/tilk.bio\/fi\/verkkokauppa\/tilk-nordica-kit\/#breadcrumb"},"inLanguage":"fi","potentialAction":[{"@type":"ReadAction","target":["https:\/\/tilk.bio\/fi\/verkkokauppa\/tilk-nordica-kit\/"]}]},{"@type":"ImageObject","inLanguage":"fi","@id":"https:\/\/tilk.bio\/fi\/verkkokauppa\/tilk-nordica-kit\/#primaryimage","url":"https:\/\/tilk.bio\/wp-content\/uploads\/2018\/07\/nordica2.png","contentUrl":"https:\/\/tilk.bio\/wp-content\/uploads\/2018\/07\/nordica2.png","width":920,"height":1100,"caption":"skincare travel kit"},{"@type":"BreadcrumbList","@id":"https:\/\/tilk.bio\/fi\/verkkokauppa\/tilk-nordica-kit\/#breadcrumb","itemListElement":[{"@type":"ListItem","position":1,"name":"Home","item":"https:\/\/tilk.bio\/fi\/"},{"@type":"ListItem","position":2,"name":"Verkkokauppa","item":"https:\/\/tilk.bio\/fi\/verkkokauppa\/"},{"@type":"ListItem","position":3,"name":"Tilk! \u201cNordica Kit\u201d"}]},{"@type":"WebSite","@id":"https:\/\/tilk.bio\/et\/#website","url":"https:\/\/tilk.bio\/et\/","name":"Tilk!","description":"Natural and sustainable skincare!","potentialAction":[{"@type":"SearchAction","target":{"@type":"EntryPoint","urlTemplate":"https:\/\/tilk.bio\/et\/?s={search_term_string}"},"query-input":{"@type":"PropertyValueSpecification","valueRequired":true,"valueName":"search_term_string"}}],"inLanguage":"fi"}]}},"_links":{"self":[{"href":"https:\/\/tilk.bio\/fi\/wp-json\/wp\/v2\/product\/22788","targetHints":{"allow":["GET"]}}],"collection":[{"href":"https:\/\/tilk.bio\/fi\/wp-json\/wp\/v2\/product"}],"about":[{"href":"https:\/\/tilk.bio\/fi\/wp-json\/wp\/v2\/types\/product"}],"replies":[{"embeddable":true,"href":"https:\/\/tilk.bio\/fi\/wp-json\/wp\/v2\/comments?post=22788"}],"wp:featuredmedia":[{"embeddable":true,"href":"https:\/\/tilk.bio\/fi\/wp-json\/wp\/v2\/media\/23650"}],"wp:attachment":[{"href":"https:\/\/tilk.bio\/fi\/wp-json\/wp\/v2\/media?parent=22788"}],"wp:term":[{"taxonomy":"product_brand","embeddable":true,"href":"https:\/\/tilk.bio\/fi\/wp-json\/wp\/v2\/product_brand?post=22788"},{"taxonomy":"product_cat","embeddable":true,"href":"https:\/\/tilk.bio\/fi\/wp-json\/wp\/v2\/product_cat?post=22788"},{"taxonomy":"product_tag","embeddable":true,"href":"https:\/\/tilk.bio\/fi\/wp-json\/wp\/v2\/product_tag?post=22788"}],"curies":[{"name":"wp","href":"https:\/\/api.w.org\/{rel}","templated":true}]}}