{"id":22813,"date":"2016-09-23T20:29:09","date_gmt":"2016-09-23T20:29:09","guid":{"rendered":"https:\/\/tilk.bio\/shop\/tilk-travel-kit\/"},"modified":"2026-02-04T13:36:01","modified_gmt":"2026-02-04T11:36:01","slug":"tilk-travel-kit","status":"publish","type":"product","link":"https:\/\/tilk.bio\/fi\/verkkokauppa\/tilk-travel-kit\/","title":{"rendered":"Tilk! \u201cTravel Kit\u201d"},"content":{"rendered":"","protected":false},"excerpt":{"rendered":"<p class=\"p1\" style=\"text-align: left;\"><span class=\"s1\">Tilk! Travel Kit on uskollinen matkakumppani. Tuotesarjaan kuuluvat matkakokoiset tuotteet. Se on my\u00f6s ihanteellinen tapa kokeilla meid\u00e4n voiteita ja l\u00f6yt\u00e4\u00e4 omat kestosuosikit. Tuotesarjaan sis\u00e4ltyy vapaavalintainen p\u00e4iv\u00e4voide (10ml), y\u00f6voide (4,8ml) ja k\u00e4sivoide (10ml). <\/span><\/p>\n","protected":false},"featured_media":67656,"comment_status":"open","ping_status":"closed","template":"","meta":{"_acf_changed":false},"product_brand":[],"product_cat":[501,512,506,508,730],"product_tag":[427,424,425,402,422,414,423,413,428,426],"class_list":{"0":"post-22813","1":"product","2":"type-product","3":"status-publish","4":"has-post-thumbnail","6":"product_cat-kaikki-tuotteet","7":"product_cat-kasvohoito","8":"product_cat-lahjasetit","9":"product_cat-matkalle-mukaan","10":"product_cat-tilk-herbal-fi","11":"product_tag-ekologinen-kosmetiikka","12":"product_tag-herkka-iho","13":"product_tag-kasvovoide-fi","14":"product_tag-kuiva-iho","15":"product_tag-moisturise-me","16":"product_tag-sekaiho-fi","17":"product_tag-rasvainen-iho","18":"product_tag-normaali-iho","19":"product_tag-tuotesarja","20":"product_tag-voide-fi","22":"first","23":"instock","24":"sale","25":"taxable","26":"shipping-taxable","27":"purchasable","28":"product-type-variable"},"acf":[],"yoast_head":"<!-- This site is optimized with the Yoast SEO plugin v27.4 - https:\/\/yoast.com\/product\/yoast-seo-wordpress\/ -->\n<title>Tilk! \u201cTravel Kit\u201d - Tilk!<\/title>\n<meta name=\"description\" content=\"Tilk! Travel Kit on uskollinen matkakumppani, jonka tuotteisiin kuuluvat matkakokoiset tuotteet.\" \/>\n<meta name=\"robots\" content=\"index, follow, max-snippet:-1, max-image-preview:large, max-video-preview:-1\" \/>\n<link rel=\"canonical\" href=\"https:\/\/tilk.bio\/fi\/verkkokauppa\/tilk-travel-kit\/\" \/>\n<meta property=\"og:locale\" content=\"fi_FI\" \/>\n<meta property=\"og:type\" content=\"article\" \/>\n<meta property=\"og:title\" content=\"Tilk! \u201cTravel Kit\u201d - Tilk!\" \/>\n<meta property=\"og:description\" content=\"Tilk! Travel Kit on uskollinen matkakumppani, jonka tuotteisiin kuuluvat matkakokoiset tuotteet.\" \/>\n<meta property=\"og:url\" content=\"https:\/\/tilk.bio\/fi\/verkkokauppa\/tilk-travel-kit\/\" \/>\n<meta property=\"og:site_name\" content=\"Tilk!\" \/>\n<meta property=\"article:publisher\" content=\"https:\/\/www.facebook.com\/tilk.bio\/\" \/>\n<meta property=\"article:modified_time\" content=\"2026-02-04T11:36:01+00:00\" \/>\n<meta property=\"og:image\" content=\"https:\/\/tilk.bio\/wp-content\/uploads\/2010\/05\/11.jpg\" \/>\n\t<meta property=\"og:image:width\" content=\"1200\" \/>\n\t<meta property=\"og:image:height\" content=\"1200\" \/>\n\t<meta property=\"og:image:type\" content=\"image\/jpeg\" \/>\n<meta name=\"twitter:card\" content=\"summary_large_image\" \/>\n<meta name=\"twitter:description\" content=\"Tilk! Travel Kit on uskollinen matkakumppani, jonka tuotteisiin kuuluvat matkakokoiset tuotteet.\" \/>\n<meta name=\"twitter:image\" content=\"https:\/\/tilk.bio\/wp-content\/uploads\/2016\/01\/naturaln-hand-cream-love-me.jpg\" \/>\n<script type=\"application\/ld+json\" class=\"yoast-schema-graph\">{\"@context\":\"https:\\\/\\\/schema.org\",\"@graph\":[{\"@type\":\"WebPage\",\"@id\":\"https:\\\/\\\/tilk.bio\\\/fi\\\/verkkokauppa\\\/tilk-travel-kit\\\/\",\"url\":\"https:\\\/\\\/tilk.bio\\\/fi\\\/verkkokauppa\\\/tilk-travel-kit\\\/\",\"name\":\"Tilk! \u201cTravel Kit\u201d - Tilk!\",\"isPartOf\":{\"@id\":\"https:\\\/\\\/tilk.bio\\\/et\\\/#website\"},\"primaryImageOfPage\":{\"@id\":\"https:\\\/\\\/tilk.bio\\\/fi\\\/verkkokauppa\\\/tilk-travel-kit\\\/#primaryimage\"},\"image\":{\"@id\":\"https:\\\/\\\/tilk.bio\\\/fi\\\/verkkokauppa\\\/tilk-travel-kit\\\/#primaryimage\"},\"thumbnailUrl\":\"https:\\\/\\\/tilk.bio\\\/wp-content\\\/uploads\\\/2010\\\/05\\\/11.jpg\",\"datePublished\":\"2016-09-23T20:29:09+00:00\",\"dateModified\":\"2026-02-04T11:36:01+00:00\",\"description\":\"Tilk! Travel Kit on uskollinen matkakumppani, jonka tuotteisiin kuuluvat matkakokoiset tuotteet.\",\"breadcrumb\":{\"@id\":\"https:\\\/\\\/tilk.bio\\\/fi\\\/verkkokauppa\\\/tilk-travel-kit\\\/#breadcrumb\"},\"inLanguage\":\"fi\",\"potentialAction\":[{\"@type\":\"ReadAction\",\"target\":[\"https:\\\/\\\/tilk.bio\\\/fi\\\/verkkokauppa\\\/tilk-travel-kit\\\/\"]}]},{\"@type\":\"ImageObject\",\"inLanguage\":\"fi\",\"@id\":\"https:\\\/\\\/tilk.bio\\\/fi\\\/verkkokauppa\\\/tilk-travel-kit\\\/#primaryimage\",\"url\":\"https:\\\/\\\/tilk.bio\\\/wp-content\\\/uploads\\\/2010\\\/05\\\/11.jpg\",\"contentUrl\":\"https:\\\/\\\/tilk.bio\\\/wp-content\\\/uploads\\\/2010\\\/05\\\/11.jpg\",\"width\":1200,\"height\":1200},{\"@type\":\"BreadcrumbList\",\"@id\":\"https:\\\/\\\/tilk.bio\\\/fi\\\/verkkokauppa\\\/tilk-travel-kit\\\/#breadcrumb\",\"itemListElement\":[{\"@type\":\"ListItem\",\"position\":1,\"name\":\"Home\",\"item\":\"https:\\\/\\\/tilk.bio\\\/fi\\\/\"},{\"@type\":\"ListItem\",\"position\":2,\"name\":\"Verkkokauppa\",\"item\":\"https:\\\/\\\/tilk.bio\\\/fi\\\/verkkokauppa\\\/\"},{\"@type\":\"ListItem\",\"position\":3,\"name\":\"Tilk! \u201cTravel Kit\u201d\"}]},{\"@type\":\"WebSite\",\"@id\":\"https:\\\/\\\/tilk.bio\\\/et\\\/#website\",\"url\":\"https:\\\/\\\/tilk.bio\\\/et\\\/\",\"name\":\"Tilk!\",\"description\":\"Natural and sustainable skincare!\",\"potentialAction\":[{\"@type\":\"SearchAction\",\"target\":{\"@type\":\"EntryPoint\",\"urlTemplate\":\"https:\\\/\\\/tilk.bio\\\/et\\\/?s={search_term_string}\"},\"query-input\":{\"@type\":\"PropertyValueSpecification\",\"valueRequired\":true,\"valueName\":\"search_term_string\"}}],\"inLanguage\":\"fi\"}]}<\/script>\n<!-- \/ Yoast SEO plugin. -->","yoast_head_json":{"title":"Tilk! \u201cTravel Kit\u201d - Tilk!","description":"Tilk! Travel Kit on uskollinen matkakumppani, jonka tuotteisiin kuuluvat matkakokoiset tuotteet.","robots":{"index":"index","follow":"follow","max-snippet":"max-snippet:-1","max-image-preview":"max-image-preview:large","max-video-preview":"max-video-preview:-1"},"canonical":"https:\/\/tilk.bio\/fi\/verkkokauppa\/tilk-travel-kit\/","og_locale":"fi_FI","og_type":"article","og_title":"Tilk! \u201cTravel Kit\u201d - Tilk!","og_description":"Tilk! Travel Kit on uskollinen matkakumppani, jonka tuotteisiin kuuluvat matkakokoiset tuotteet.","og_url":"https:\/\/tilk.bio\/fi\/verkkokauppa\/tilk-travel-kit\/","og_site_name":"Tilk!","article_publisher":"https:\/\/www.facebook.com\/tilk.bio\/","article_modified_time":"2026-02-04T11:36:01+00:00","og_image":[{"width":1200,"height":1200,"url":"https:\/\/tilk.bio\/wp-content\/uploads\/2010\/05\/11.jpg","type":"image\/jpeg"}],"twitter_card":"summary_large_image","twitter_description":"Tilk! Travel Kit on uskollinen matkakumppani, jonka tuotteisiin kuuluvat matkakokoiset tuotteet.","twitter_image":"https:\/\/tilk.bio\/wp-content\/uploads\/2016\/01\/naturaln-hand-cream-love-me.jpg","schema":{"@context":"https:\/\/schema.org","@graph":[{"@type":"WebPage","@id":"https:\/\/tilk.bio\/fi\/verkkokauppa\/tilk-travel-kit\/","url":"https:\/\/tilk.bio\/fi\/verkkokauppa\/tilk-travel-kit\/","name":"Tilk! \u201cTravel Kit\u201d - Tilk!","isPartOf":{"@id":"https:\/\/tilk.bio\/et\/#website"},"primaryImageOfPage":{"@id":"https:\/\/tilk.bio\/fi\/verkkokauppa\/tilk-travel-kit\/#primaryimage"},"image":{"@id":"https:\/\/tilk.bio\/fi\/verkkokauppa\/tilk-travel-kit\/#primaryimage"},"thumbnailUrl":"https:\/\/tilk.bio\/wp-content\/uploads\/2010\/05\/11.jpg","datePublished":"2016-09-23T20:29:09+00:00","dateModified":"2026-02-04T11:36:01+00:00","description":"Tilk! Travel Kit on uskollinen matkakumppani, jonka tuotteisiin kuuluvat matkakokoiset tuotteet.","breadcrumb":{"@id":"https:\/\/tilk.bio\/fi\/verkkokauppa\/tilk-travel-kit\/#breadcrumb"},"inLanguage":"fi","potentialAction":[{"@type":"ReadAction","target":["https:\/\/tilk.bio\/fi\/verkkokauppa\/tilk-travel-kit\/"]}]},{"@type":"ImageObject","inLanguage":"fi","@id":"https:\/\/tilk.bio\/fi\/verkkokauppa\/tilk-travel-kit\/#primaryimage","url":"https:\/\/tilk.bio\/wp-content\/uploads\/2010\/05\/11.jpg","contentUrl":"https:\/\/tilk.bio\/wp-content\/uploads\/2010\/05\/11.jpg","width":1200,"height":1200},{"@type":"BreadcrumbList","@id":"https:\/\/tilk.bio\/fi\/verkkokauppa\/tilk-travel-kit\/#breadcrumb","itemListElement":[{"@type":"ListItem","position":1,"name":"Home","item":"https:\/\/tilk.bio\/fi\/"},{"@type":"ListItem","position":2,"name":"Verkkokauppa","item":"https:\/\/tilk.bio\/fi\/verkkokauppa\/"},{"@type":"ListItem","position":3,"name":"Tilk! \u201cTravel Kit\u201d"}]},{"@type":"WebSite","@id":"https:\/\/tilk.bio\/et\/#website","url":"https:\/\/tilk.bio\/et\/","name":"Tilk!","description":"Natural and sustainable skincare!","potentialAction":[{"@type":"SearchAction","target":{"@type":"EntryPoint","urlTemplate":"https:\/\/tilk.bio\/et\/?s={search_term_string}"},"query-input":{"@type":"PropertyValueSpecification","valueRequired":true,"valueName":"search_term_string"}}],"inLanguage":"fi"}]}},"_links":{"self":[{"href":"https:\/\/tilk.bio\/fi\/wp-json\/wp\/v2\/product\/22813","targetHints":{"allow":["GET"]}}],"collection":[{"href":"https:\/\/tilk.bio\/fi\/wp-json\/wp\/v2\/product"}],"about":[{"href":"https:\/\/tilk.bio\/fi\/wp-json\/wp\/v2\/types\/product"}],"replies":[{"embeddable":true,"href":"https:\/\/tilk.bio\/fi\/wp-json\/wp\/v2\/comments?post=22813"}],"wp:featuredmedia":[{"embeddable":true,"href":"https:\/\/tilk.bio\/fi\/wp-json\/wp\/v2\/media\/67656"}],"wp:attachment":[{"href":"https:\/\/tilk.bio\/fi\/wp-json\/wp\/v2\/media?parent=22813"}],"wp:term":[{"taxonomy":"product_brand","embeddable":true,"href":"https:\/\/tilk.bio\/fi\/wp-json\/wp\/v2\/product_brand?post=22813"},{"taxonomy":"product_cat","embeddable":true,"href":"https:\/\/tilk.bio\/fi\/wp-json\/wp\/v2\/product_cat?post=22813"},{"taxonomy":"product_tag","embeddable":true,"href":"https:\/\/tilk.bio\/fi\/wp-json\/wp\/v2\/product_tag?post=22813"}],"curies":[{"name":"wp","href":"https:\/\/api.w.org\/{rel}","templated":true}]}}